{"id":3362,"date":"2025-04-19T09:55:41","date_gmt":"2025-04-19T09:55:41","guid":{"rendered":"https:\/\/www.kyk.center\/?page_id=3362"},"modified":"2025-05-05T08:47:30","modified_gmt":"2025-05-05T08:47:30","slug":"derz-dolgular","status":"publish","type":"page","link":"https:\/\/www.kyk.com.tr\/?page_id=3362","title":{"rendered":"Derz Dolgular"},"content":{"rendered":"<div class=\"woocommerce columns-4 \"><ul class=\"products columns-4\">\n<li class=\"product type-product post-4502 status-publish first instock product_cat-derz_dolgular has-post-thumbnail shipping-taxable product-type-simple\">\n\t<div class='inner_product main_color wrapped_style noLightbox  av-product-class-'><a href=\"https:\/\/www.kyk.com.tr\/?product=megafuga-sil-d102\" class=\"woocommerce-LoopProduct-link woocommerce-loop-product__link\"><div class=\"wpcbm-wrapper wpcbm-wrapper-archive-image\"><div class=\"thumbnail_container\"><img decoding=\"async\" loading=\"lazy\" width=\"320\" height=\"320\" src=\"https:\/\/www.kyk.com.tr\/wp-content\/uploads\/2025\/05\/d102.png\" class=\"wp-image-4503 avia-img-lazy-loading-4503 attachment-shop_catalog size-shop_catalog wp-post-image\" alt=\"\" srcset=\"https:\/\/www.kyk.com.tr\/wp-content\/uploads\/2025\/05\/d102.png 320w, https:\/\/www.kyk.com.tr\/wp-content\/uploads\/2025\/05\/d102-300x300.png 300w, https:\/\/www.kyk.com.tr\/wp-content\/uploads\/2025\/05\/d102-100x100.png 100w, https:\/\/www.kyk.com.tr\/wp-content\/uploads\/2025\/05\/d102-80x80.png 80w, https:\/\/www.kyk.com.tr\/wp-content\/uploads\/2025\/05\/d102-36x36.png 36w, https:\/\/www.kyk.com.tr\/wp-content\/uploads\/2025\/05\/d102-180x180.png 180w, https:\/\/www.kyk.com.tr\/wp-content\/uploads\/2025\/05\/d102-120x120.png 120w, https:\/\/www.kyk.com.tr\/wp-content\/uploads\/2025\/05\/d102-96x96.png 96w\" sizes=\"auto, (max-width: 320px) 100vw, 320px\" \/><span class=\"cart-loading\"><\/span><\/div><div class='inner_product_header'><div class='avia-arrow'><\/div><div class='inner_product_header_table'><div class='inner_product_header_cell'><\/div><h2 class=\"woocommerce-loop-product__title\">MegaFuga Sil D102<\/h2>\n<\/div><\/div><\/div><\/a><button class=\"woosc-btn woosc-btn-4502  woosc-btn-has-icon woosc-btn-icon-text\" data-text=\"Kar\u015f\u0131la\u015ft\u0131r\" data-text_added=\"Kar\u015f\u0131la\u015ft\u0131r\" data-id=\"4502\" data-product_id=\"4502\" data-product_name=\"MegaFuga Sil D102\" data-product_image=\"https:\/\/www.kyk.com.tr\/wp-content\/uploads\/2025\/05\/d102-80x80.png\"><span class=\"woosc-btn-icon woosc-icon-1\"><\/span><span class=\"woosc-btn-text\">Kar\u015f\u0131la\u015ft\u0131r<\/span><\/button><\/div><\/li>\n<li class=\"product type-product post-4528 status-publish instock product_cat-derz_dolgular has-post-thumbnail shipping-taxable product-type-simple\">\n\t<div class='inner_product main_color wrapped_style noLightbox  av-product-class-'><a href=\"https:\/\/www.kyk.com.tr\/?product=megafuga-flex-d103\" class=\"woocommerce-LoopProduct-link woocommerce-loop-product__link\"><div class=\"wpcbm-wrapper wpcbm-wrapper-archive-image\"><div class=\"thumbnail_container\"><img decoding=\"async\" loading=\"lazy\" width=\"320\" height=\"320\" src=\"https:\/\/www.kyk.com.tr\/wp-content\/uploads\/2025\/05\/d103.png\" class=\"wp-image-4529 avia-img-lazy-loading-4529 attachment-shop_catalog size-shop_catalog wp-post-image\" alt=\"\" srcset=\"https:\/\/www.kyk.com.tr\/wp-content\/uploads\/2025\/05\/d103.png 320w, https:\/\/www.kyk.com.tr\/wp-content\/uploads\/2025\/05\/d103-300x300.png 300w, https:\/\/www.kyk.com.tr\/wp-content\/uploads\/2025\/05\/d103-100x100.png 100w, https:\/\/www.kyk.com.tr\/wp-content\/uploads\/2025\/05\/d103-80x80.png 80w, https:\/\/www.kyk.com.tr\/wp-content\/uploads\/2025\/05\/d103-36x36.png 36w, https:\/\/www.kyk.com.tr\/wp-content\/uploads\/2025\/05\/d103-180x180.png 180w, https:\/\/www.kyk.com.tr\/wp-content\/uploads\/2025\/05\/d103-120x120.png 120w, https:\/\/www.kyk.com.tr\/wp-content\/uploads\/2025\/05\/d103-96x96.png 96w\" sizes=\"auto, (max-width: 320px) 100vw, 320px\" \/><span class=\"cart-loading\"><\/span><\/div><div class='inner_product_header'><div class='avia-arrow'><\/div><div class='inner_product_header_table'><div class='inner_product_header_cell'><\/div><h2 class=\"woocommerce-loop-product__title\">MegaFuga Flex D103<\/h2>\n<\/div><\/div><\/div><\/a><button class=\"woosc-btn woosc-btn-4528  woosc-btn-has-icon woosc-btn-icon-text\" data-text=\"Kar\u015f\u0131la\u015ft\u0131r\" data-text_added=\"Kar\u015f\u0131la\u015ft\u0131r\" data-id=\"4528\" data-product_id=\"4528\" data-product_name=\"MegaFuga Flex D103\" data-product_image=\"https:\/\/www.kyk.com.tr\/wp-content\/uploads\/2025\/05\/d103-80x80.png\"><span class=\"woosc-btn-icon woosc-icon-1\"><\/span><span class=\"woosc-btn-text\">Kar\u015f\u0131la\u015ft\u0131r<\/span><\/button><\/div><\/li>\n<li class=\"product type-product post-4531 status-publish instock product_cat-derz_dolgular has-post-thumbnail shipping-taxable product-type-simple\">\n\t<div class='inner_product main_color wrapped_style noLightbox  av-product-class-'><a href=\"https:\/\/www.kyk.com.tr\/?product=megafuga-pool-d105\" class=\"woocommerce-LoopProduct-link woocommerce-loop-product__link\"><div class=\"wpcbm-wrapper wpcbm-wrapper-archive-image\"><div class=\"thumbnail_container\"><img decoding=\"async\" loading=\"lazy\" width=\"320\" height=\"320\" src=\"https:\/\/www.kyk.com.tr\/wp-content\/uploads\/2025\/05\/d105.png\" class=\"wp-image-4532 avia-img-lazy-loading-4532 attachment-shop_catalog size-shop_catalog wp-post-image\" alt=\"\" srcset=\"https:\/\/www.kyk.com.tr\/wp-content\/uploads\/2025\/05\/d105.png 320w, https:\/\/www.kyk.com.tr\/wp-content\/uploads\/2025\/05\/d105-300x300.png 300w, https:\/\/www.kyk.com.tr\/wp-content\/uploads\/2025\/05\/d105-100x100.png 100w, https:\/\/www.kyk.com.tr\/wp-content\/uploads\/2025\/05\/d105-80x80.png 80w, https:\/\/www.kyk.com.tr\/wp-content\/uploads\/2025\/05\/d105-36x36.png 36w, https:\/\/www.kyk.com.tr\/wp-content\/uploads\/2025\/05\/d105-180x180.png 180w, https:\/\/www.kyk.com.tr\/wp-content\/uploads\/2025\/05\/d105-120x120.png 120w, https:\/\/www.kyk.com.tr\/wp-content\/uploads\/2025\/05\/d105-96x96.png 96w\" sizes=\"auto, (max-width: 320px) 100vw, 320px\" \/><span class=\"cart-loading\"><\/span><\/div><div class='inner_product_header'><div class='avia-arrow'><\/div><div class='inner_product_header_table'><div class='inner_product_header_cell'><\/div><h2 class=\"woocommerce-loop-product__title\">MegaFuga Pool D105<\/h2>\n<\/div><\/div><\/div><\/a><button class=\"woosc-btn woosc-btn-4531  woosc-btn-has-icon woosc-btn-icon-text\" data-text=\"Kar\u015f\u0131la\u015ft\u0131r\" data-text_added=\"Kar\u015f\u0131la\u015ft\u0131r\" data-id=\"4531\" data-product_id=\"4531\" data-product_name=\"MegaFuga Pool D105\" data-product_image=\"https:\/\/www.kyk.com.tr\/wp-content\/uploads\/2025\/05\/d105-80x80.png\"><span class=\"woosc-btn-icon woosc-icon-1\"><\/span><span class=\"woosc-btn-text\">Kar\u015f\u0131la\u015ft\u0131r<\/span><\/button><\/div><\/li>\n<li class=\"product type-product post-4536 status-publish last instock product_cat-derz_dolgular has-post-thumbnail shipping-taxable product-type-simple\">\n\t<div class='inner_product main_color wrapped_style noLightbox  av-product-class-'><a href=\"https:\/\/www.kyk.com.tr\/?product=megafuga-rustik-d106\" class=\"woocommerce-LoopProduct-link woocommerce-loop-product__link\"><div class=\"wpcbm-wrapper wpcbm-wrapper-archive-image\"><div class=\"thumbnail_container\"><img decoding=\"async\" loading=\"lazy\" width=\"320\" height=\"320\" src=\"https:\/\/www.kyk.com.tr\/wp-content\/uploads\/2025\/05\/d106.png\" class=\"wp-image-4537 avia-img-lazy-loading-4537 attachment-shop_catalog size-shop_catalog wp-post-image\" alt=\"\" srcset=\"https:\/\/www.kyk.com.tr\/wp-content\/uploads\/2025\/05\/d106.png 320w, https:\/\/www.kyk.com.tr\/wp-content\/uploads\/2025\/05\/d106-300x300.png 300w, https:\/\/www.kyk.com.tr\/wp-content\/uploads\/2025\/05\/d106-100x100.png 100w, https:\/\/www.kyk.com.tr\/wp-content\/uploads\/2025\/05\/d106-80x80.png 80w, https:\/\/www.kyk.com.tr\/wp-content\/uploads\/2025\/05\/d106-36x36.png 36w, https:\/\/www.kyk.com.tr\/wp-content\/uploads\/2025\/05\/d106-180x180.png 180w, https:\/\/www.kyk.com.tr\/wp-content\/uploads\/2025\/05\/d106-120x120.png 120w, https:\/\/www.kyk.com.tr\/wp-content\/uploads\/2025\/05\/d106-96x96.png 96w\" sizes=\"auto, (max-width: 320px) 100vw, 320px\" \/><span class=\"cart-loading\"><\/span><\/div><div class='inner_product_header'><div class='avia-arrow'><\/div><div class='inner_product_header_table'><div class='inner_product_header_cell'><\/div><h2 class=\"woocommerce-loop-product__title\">MegaFuga Rustik D106<\/h2>\n<\/div><\/div><\/div><\/a><button class=\"woosc-btn woosc-btn-4536  woosc-btn-has-icon woosc-btn-icon-text\" data-text=\"Kar\u015f\u0131la\u015ft\u0131r\" data-text_added=\"Kar\u015f\u0131la\u015ft\u0131r\" data-id=\"4536\" data-product_id=\"4536\" data-product_name=\"MegaFuga Rustik D106\" data-product_image=\"https:\/\/www.kyk.com.tr\/wp-content\/uploads\/2025\/05\/d106-80x80.png\"><span class=\"woosc-btn-icon woosc-icon-1\"><\/span><span class=\"woosc-btn-text\">Kar\u015f\u0131la\u015ft\u0131r<\/span><\/button><\/div><\/li>\n<li class=\"product type-product post-4550 status-publish first instock product_cat-derz_dolgular has-post-thumbnail shipping-taxable product-type-simple\">\n\t<div class='inner_product main_color wrapped_style noLightbox  av-product-class-'><a href=\"https:\/\/www.kyk.com.tr\/?product=megaepoxy-d501\" class=\"woocommerce-LoopProduct-link woocommerce-loop-product__link\"><div class=\"wpcbm-wrapper wpcbm-wrapper-archive-image\"><div class=\"thumbnail_container\"><img decoding=\"async\" loading=\"lazy\" width=\"320\" height=\"320\" src=\"https:\/\/www.kyk.com.tr\/wp-content\/uploads\/2025\/05\/d501-1.png\" class=\"wp-image-4552 avia-img-lazy-loading-4552 attachment-shop_catalog size-shop_catalog wp-post-image\" alt=\"\" srcset=\"https:\/\/www.kyk.com.tr\/wp-content\/uploads\/2025\/05\/d501-1.png 320w, https:\/\/www.kyk.com.tr\/wp-content\/uploads\/2025\/05\/d501-1-300x300.png 300w, https:\/\/www.kyk.com.tr\/wp-content\/uploads\/2025\/05\/d501-1-100x100.png 100w, https:\/\/www.kyk.com.tr\/wp-content\/uploads\/2025\/05\/d501-1-80x80.png 80w, https:\/\/www.kyk.com.tr\/wp-content\/uploads\/2025\/05\/d501-1-36x36.png 36w, https:\/\/www.kyk.com.tr\/wp-content\/uploads\/2025\/05\/d501-1-180x180.png 180w, https:\/\/www.kyk.com.tr\/wp-content\/uploads\/2025\/05\/d501-1-120x120.png 120w, https:\/\/www.kyk.com.tr\/wp-content\/uploads\/2025\/05\/d501-1-96x96.png 96w\" sizes=\"auto, (max-width: 320px) 100vw, 320px\" \/><span class=\"cart-loading\"><\/span><\/div><div class='inner_product_header'><div class='avia-arrow'><\/div><div class='inner_product_header_table'><div class='inner_product_header_cell'><\/div><h2 class=\"woocommerce-loop-product__title\">MegaEpoxy D501<\/h2>\n<\/div><\/div><\/div><\/a><button class=\"woosc-btn woosc-btn-4550  woosc-btn-has-icon woosc-btn-icon-text\" data-text=\"Kar\u015f\u0131la\u015ft\u0131r\" data-text_added=\"Kar\u015f\u0131la\u015ft\u0131r\" data-id=\"4550\" data-product_id=\"4550\" data-product_name=\"MegaEpoxy D501\" data-product_image=\"https:\/\/www.kyk.com.tr\/wp-content\/uploads\/2025\/05\/d501-1-80x80.png\"><span class=\"woosc-btn-icon woosc-icon-1\"><\/span><span class=\"woosc-btn-text\">Kar\u015f\u0131la\u015ft\u0131r<\/span><\/button><\/div><\/li>\n<li class=\"product type-product post-4558 status-publish instock product_cat-derz_dolgular has-post-thumbnail shipping-taxable product-type-simple\">\n\t<div class='inner_product main_color wrapped_style noLightbox  av-product-class-'><a href=\"https:\/\/www.kyk.com.tr\/?product=megafuga-flex-d201\" class=\"woocommerce-LoopProduct-link woocommerce-loop-product__link\"><div class=\"wpcbm-wrapper wpcbm-wrapper-archive-image\"><div class=\"wpcbm-badges wpcbm-badges-top-left wpcbm-badges-archive_image\"><div class=\"wpcbm-badge wpcbm-badge-4303 wpcbm-pid-4558 wpcbm-badge-style-04 wpcbm-badge-group-0 hint--top\" aria-label=\"\"><div class=\"wpcbm-badge-inner\">YEN\u0130<\/div><\/div><\/div><div class=\"thumbnail_container\"><img decoding=\"async\" loading=\"lazy\" width=\"320\" height=\"320\" src=\"https:\/\/www.kyk.com.tr\/wp-content\/uploads\/2025\/05\/d201.png\" class=\"wp-image-4559 avia-img-lazy-loading-4559 attachment-shop_catalog size-shop_catalog wp-post-image\" alt=\"\" srcset=\"https:\/\/www.kyk.com.tr\/wp-content\/uploads\/2025\/05\/d201.png 320w, https:\/\/www.kyk.com.tr\/wp-content\/uploads\/2025\/05\/d201-300x300.png 300w, https:\/\/www.kyk.com.tr\/wp-content\/uploads\/2025\/05\/d201-100x100.png 100w, https:\/\/www.kyk.com.tr\/wp-content\/uploads\/2025\/05\/d201-80x80.png 80w, https:\/\/www.kyk.com.tr\/wp-content\/uploads\/2025\/05\/d201-36x36.png 36w, https:\/\/www.kyk.com.tr\/wp-content\/uploads\/2025\/05\/d201-180x180.png 180w, https:\/\/www.kyk.com.tr\/wp-content\/uploads\/2025\/05\/d201-120x120.png 120w, https:\/\/www.kyk.com.tr\/wp-content\/uploads\/2025\/05\/d201-96x96.png 96w\" sizes=\"auto, (max-width: 320px) 100vw, 320px\" \/><span class=\"cart-loading\"><\/span><\/div><div class='inner_product_header'><div class='avia-arrow'><\/div><div class='inner_product_header_table'><div class='inner_product_header_cell'><\/div><h2 class=\"woocommerce-loop-product__title\">MegaFuga Flex D201<\/h2>\n<\/div><\/div><\/div><\/a><button class=\"woosc-btn woosc-btn-4558  woosc-btn-has-icon woosc-btn-icon-text\" data-text=\"Kar\u015f\u0131la\u015ft\u0131r\" data-text_added=\"Kar\u015f\u0131la\u015ft\u0131r\" data-id=\"4558\" data-product_id=\"4558\" data-product_name=\"MegaFuga Flex D201\" data-product_image=\"https:\/\/www.kyk.com.tr\/wp-content\/uploads\/2025\/05\/d201-80x80.png\"><span class=\"woosc-btn-icon woosc-icon-1\"><\/span><span class=\"woosc-btn-text\">Kar\u015f\u0131la\u015ft\u0131r<\/span><\/button><\/div><\/li>\n<\/ul>\n<\/div>\n","protected":false},"excerpt":{"rendered":"","protected":false},"author":1,"featured_media":0,"parent":0,"menu_order":0,"comment_status":"closed","ping_status":"closed","template":"","meta":{"_acf_changed":false,"footnotes":""},"wf_page_folders":[],"class_list":["post-3362","page","type-page","status-publish","hentry"],"acf":[],"_links":{"self":[{"href":"https:\/\/www.kyk.com.tr\/index.php?rest_route=\/wp\/v2\/pages\/3362","targetHints":{"allow":["GET"]}}],"collection":[{"href":"https:\/\/www.kyk.com.tr\/index.php?rest_route=\/wp\/v2\/pages"}],"about":[{"href":"https:\/\/www.kyk.com.tr\/index.php?rest_route=\/wp\/v2\/types\/page"}],"author":[{"embeddable":true,"href":"https:\/\/www.kyk.com.tr\/index.php?rest_route=\/wp\/v2\/users\/1"}],"replies":[{"embeddable":true,"href":"https:\/\/www.kyk.com.tr\/index.php?rest_route=%2Fwp%2Fv2%2Fcomments&post=3362"}],"version-history":[{"count":3,"href":"https:\/\/www.kyk.com.tr\/index.php?rest_route=\/wp\/v2\/pages\/3362\/revisions"}],"predecessor-version":[{"id":8573,"href":"https:\/\/www.kyk.com.tr\/index.php?rest_route=\/wp\/v2\/pages\/3362\/revisions\/8573"}],"wp:attachment":[{"href":"https:\/\/www.kyk.com.tr\/index.php?rest_route=%2Fwp%2Fv2%2Fmedia&parent=3362"}],"wp:term":[{"taxonomy":"wf_page_folders","embeddable":true,"href":"https:\/\/www.kyk.com.tr\/index.php?rest_route=%2Fwp%2Fv2%2Fwf_page_folders&post=3362"}],"curies":[{"name":"wp","href":"https:\/\/api.w.org\/{rel}","templated":true}]}}