{"id":3371,"date":"2025-04-19T09:57:04","date_gmt":"2025-04-19T09:57:04","guid":{"rendered":"https:\/\/www.kyk.center\/?page_id=3371"},"modified":"2025-05-10T19:53:42","modified_gmt":"2025-05-10T19:53:42","slug":"zemin-malzemeleri","status":"publish","type":"page","link":"https:\/\/www.kyk.com.tr\/?page_id=3371","title":{"rendered":"Zemin Malzemeleri"},"content":{"rendered":"<div class=\"woocommerce columns-4 \"><ul class=\"products columns-4\">\n<li class=\"product type-product post-4885 status-publish first instock product_cat-zemin_malzemeleri has-post-thumbnail shipping-taxable product-type-simple\">\n\t<div class='inner_product main_color wrapped_style noLightbox  av-product-class-'><a href=\"https:\/\/www.kyk.com.tr\/?product=megazemin-z101\" class=\"woocommerce-LoopProduct-link woocommerce-loop-product__link\"><div class=\"wpcbm-wrapper wpcbm-wrapper-archive-image\"><div class=\"thumbnail_container\"><img decoding=\"async\" loading=\"lazy\" width=\"320\" height=\"320\" src=\"https:\/\/www.kyk.com.tr\/wp-content\/uploads\/2025\/05\/z101.png\" class=\"wp-image-4886 avia-img-lazy-loading-4886 attachment-shop_catalog size-shop_catalog wp-post-image\" alt=\"\" srcset=\"https:\/\/www.kyk.com.tr\/wp-content\/uploads\/2025\/05\/z101.png 320w, https:\/\/www.kyk.com.tr\/wp-content\/uploads\/2025\/05\/z101-300x300.png 300w, https:\/\/www.kyk.com.tr\/wp-content\/uploads\/2025\/05\/z101-100x100.png 100w, https:\/\/www.kyk.com.tr\/wp-content\/uploads\/2025\/05\/z101-80x80.png 80w, https:\/\/www.kyk.com.tr\/wp-content\/uploads\/2025\/05\/z101-36x36.png 36w, https:\/\/www.kyk.com.tr\/wp-content\/uploads\/2025\/05\/z101-180x180.png 180w, https:\/\/www.kyk.com.tr\/wp-content\/uploads\/2025\/05\/z101-120x120.png 120w, https:\/\/www.kyk.com.tr\/wp-content\/uploads\/2025\/05\/z101-96x96.png 96w\" sizes=\"auto, (max-width: 320px) 100vw, 320px\" \/><span class=\"cart-loading\"><\/span><\/div><div class='inner_product_header'><div class='avia-arrow'><\/div><div class='inner_product_header_table'><div class='inner_product_header_cell'><\/div><h2 class=\"woocommerce-loop-product__title\">MegaZemin Z101<\/h2>\n<\/div><\/div><\/div><\/a><button class=\"woosc-btn woosc-btn-4885  woosc-btn-has-icon woosc-btn-icon-text\" data-text=\"Kar\u015f\u0131la\u015ft\u0131r\" data-text_added=\"Kar\u015f\u0131la\u015ft\u0131r\" data-id=\"4885\" data-product_id=\"4885\" data-product_name=\"MegaZemin Z101\" data-product_image=\"https:\/\/www.kyk.com.tr\/wp-content\/uploads\/2025\/05\/z101-80x80.png\"><span class=\"woosc-btn-icon woosc-icon-1\"><\/span><span class=\"woosc-btn-text\">Kar\u015f\u0131la\u015ft\u0131r<\/span><\/button><\/div><\/li>\n<li class=\"product type-product post-4892 status-publish instock product_cat-zemin_malzemeleri has-post-thumbnail shipping-taxable product-type-simple\">\n\t<div class='inner_product main_color wrapped_style noLightbox  av-product-class-'><a href=\"https:\/\/www.kyk.com.tr\/?product=megazemin-z102\" class=\"woocommerce-LoopProduct-link woocommerce-loop-product__link\"><div class=\"wpcbm-wrapper wpcbm-wrapper-archive-image\"><div class=\"thumbnail_container\"><img decoding=\"async\" loading=\"lazy\" width=\"320\" height=\"320\" src=\"https:\/\/www.kyk.com.tr\/wp-content\/uploads\/2025\/05\/z102.png\" class=\"wp-image-4893 avia-img-lazy-loading-4893 attachment-shop_catalog size-shop_catalog wp-post-image\" alt=\"\" srcset=\"https:\/\/www.kyk.com.tr\/wp-content\/uploads\/2025\/05\/z102.png 320w, https:\/\/www.kyk.com.tr\/wp-content\/uploads\/2025\/05\/z102-300x300.png 300w, https:\/\/www.kyk.com.tr\/wp-content\/uploads\/2025\/05\/z102-100x100.png 100w, https:\/\/www.kyk.com.tr\/wp-content\/uploads\/2025\/05\/z102-80x80.png 80w, https:\/\/www.kyk.com.tr\/wp-content\/uploads\/2025\/05\/z102-36x36.png 36w, https:\/\/www.kyk.com.tr\/wp-content\/uploads\/2025\/05\/z102-180x180.png 180w, https:\/\/www.kyk.com.tr\/wp-content\/uploads\/2025\/05\/z102-120x120.png 120w, https:\/\/www.kyk.com.tr\/wp-content\/uploads\/2025\/05\/z102-96x96.png 96w\" sizes=\"auto, (max-width: 320px) 100vw, 320px\" \/><span class=\"cart-loading\"><\/span><\/div><div class='inner_product_header'><div class='avia-arrow'><\/div><div class='inner_product_header_table'><div class='inner_product_header_cell'><\/div><h2 class=\"woocommerce-loop-product__title\">MegaZemin Z102<\/h2>\n<\/div><\/div><\/div><\/a><button class=\"woosc-btn woosc-btn-4892  woosc-btn-has-icon woosc-btn-icon-text\" data-text=\"Kar\u015f\u0131la\u015ft\u0131r\" data-text_added=\"Kar\u015f\u0131la\u015ft\u0131r\" data-id=\"4892\" data-product_id=\"4892\" data-product_name=\"MegaZemin Z102\" data-product_image=\"https:\/\/www.kyk.com.tr\/wp-content\/uploads\/2025\/05\/z102-80x80.png\"><span class=\"woosc-btn-icon woosc-icon-1\"><\/span><span class=\"woosc-btn-text\">Kar\u015f\u0131la\u015ft\u0131r<\/span><\/button><\/div><\/li>\n<li class=\"product type-product post-4898 status-publish instock product_cat-zemin_malzemeleri has-post-thumbnail shipping-taxable product-type-simple\">\n\t<div class='inner_product main_color wrapped_style noLightbox  av-product-class-'><a href=\"https:\/\/www.kyk.com.tr\/?product=megazemin-bys-z121\" class=\"woocommerce-LoopProduct-link woocommerce-loop-product__link\"><div class=\"wpcbm-wrapper wpcbm-wrapper-archive-image\"><div class=\"thumbnail_container\"><img decoding=\"async\" loading=\"lazy\" width=\"320\" height=\"320\" src=\"https:\/\/www.kyk.com.tr\/wp-content\/uploads\/2025\/05\/z121.png\" class=\"wp-image-4899 avia-img-lazy-loading-4899 attachment-shop_catalog size-shop_catalog wp-post-image\" alt=\"\" srcset=\"https:\/\/www.kyk.com.tr\/wp-content\/uploads\/2025\/05\/z121.png 320w, https:\/\/www.kyk.com.tr\/wp-content\/uploads\/2025\/05\/z121-300x300.png 300w, https:\/\/www.kyk.com.tr\/wp-content\/uploads\/2025\/05\/z121-100x100.png 100w, https:\/\/www.kyk.com.tr\/wp-content\/uploads\/2025\/05\/z121-80x80.png 80w, https:\/\/www.kyk.com.tr\/wp-content\/uploads\/2025\/05\/z121-36x36.png 36w, https:\/\/www.kyk.com.tr\/wp-content\/uploads\/2025\/05\/z121-180x180.png 180w, https:\/\/www.kyk.com.tr\/wp-content\/uploads\/2025\/05\/z121-120x120.png 120w, https:\/\/www.kyk.com.tr\/wp-content\/uploads\/2025\/05\/z121-96x96.png 96w\" sizes=\"auto, (max-width: 320px) 100vw, 320px\" \/><span class=\"cart-loading\"><\/span><\/div><div class='inner_product_header'><div class='avia-arrow'><\/div><div class='inner_product_header_table'><div class='inner_product_header_cell'><\/div><h2 class=\"woocommerce-loop-product__title\">MegaZemin BYS Z121<\/h2>\n<\/div><\/div><\/div><\/a><button class=\"woosc-btn woosc-btn-4898  woosc-btn-has-icon woosc-btn-icon-text\" data-text=\"Kar\u015f\u0131la\u015ft\u0131r\" data-text_added=\"Kar\u015f\u0131la\u015ft\u0131r\" data-id=\"4898\" data-product_id=\"4898\" data-product_name=\"MegaZemin BYS Z121\" data-product_image=\"https:\/\/www.kyk.com.tr\/wp-content\/uploads\/2025\/05\/z121-80x80.png\"><span class=\"woosc-btn-icon woosc-icon-1\"><\/span><span class=\"woosc-btn-text\">Kar\u015f\u0131la\u015ft\u0131r<\/span><\/button><\/div><\/li>\n<li class=\"product type-product post-4903 status-publish last instock product_cat-zemin_malzemeleri has-post-thumbnail shipping-taxable product-type-simple\">\n\t<div class='inner_product main_color wrapped_style noLightbox  av-product-class-'><a href=\"https:\/\/www.kyk.com.tr\/?product=megazemin-kur-z201\" class=\"woocommerce-LoopProduct-link woocommerce-loop-product__link\"><div class=\"wpcbm-wrapper wpcbm-wrapper-archive-image\"><div class=\"thumbnail_container\"><img decoding=\"async\" loading=\"lazy\" width=\"320\" height=\"320\" src=\"https:\/\/www.kyk.com.tr\/wp-content\/uploads\/2025\/05\/z201.png\" class=\"wp-image-4904 avia-img-lazy-loading-4904 attachment-shop_catalog size-shop_catalog wp-post-image\" alt=\"\" srcset=\"https:\/\/www.kyk.com.tr\/wp-content\/uploads\/2025\/05\/z201.png 320w, https:\/\/www.kyk.com.tr\/wp-content\/uploads\/2025\/05\/z201-300x300.png 300w, https:\/\/www.kyk.com.tr\/wp-content\/uploads\/2025\/05\/z201-100x100.png 100w, https:\/\/www.kyk.com.tr\/wp-content\/uploads\/2025\/05\/z201-80x80.png 80w, https:\/\/www.kyk.com.tr\/wp-content\/uploads\/2025\/05\/z201-36x36.png 36w, https:\/\/www.kyk.com.tr\/wp-content\/uploads\/2025\/05\/z201-180x180.png 180w, https:\/\/www.kyk.com.tr\/wp-content\/uploads\/2025\/05\/z201-120x120.png 120w, https:\/\/www.kyk.com.tr\/wp-content\/uploads\/2025\/05\/z201-96x96.png 96w\" sizes=\"auto, (max-width: 320px) 100vw, 320px\" \/><span class=\"cart-loading\"><\/span><\/div><div class='inner_product_header'><div class='avia-arrow'><\/div><div class='inner_product_header_table'><div class='inner_product_header_cell'><\/div><h2 class=\"woocommerce-loop-product__title\">MegaZemin K\u00fcr Z201<\/h2>\n<\/div><\/div><\/div><\/a><button class=\"woosc-btn woosc-btn-4903  woosc-btn-has-icon woosc-btn-icon-text\" data-text=\"Kar\u015f\u0131la\u015ft\u0131r\" data-text_added=\"Kar\u015f\u0131la\u015ft\u0131r\" data-id=\"4903\" data-product_id=\"4903\" data-product_name=\"MegaZemin K\u00fcr Z201\" data-product_image=\"https:\/\/www.kyk.com.tr\/wp-content\/uploads\/2025\/05\/z201-80x80.png\"><span class=\"woosc-btn-icon woosc-icon-1\"><\/span><span class=\"woosc-btn-text\">Kar\u015f\u0131la\u015ft\u0131r<\/span><\/button><\/div><\/li>\n<li class=\"product type-product post-4908 status-publish first instock product_cat-zemin_malzemeleri has-post-thumbnail shipping-taxable product-type-simple\">\n\t<div class='inner_product main_color wrapped_style noLightbox  av-product-class-'><a href=\"https:\/\/www.kyk.com.tr\/?product=megazemin-z901\" class=\"woocommerce-LoopProduct-link woocommerce-loop-product__link\"><div class=\"wpcbm-wrapper wpcbm-wrapper-archive-image\"><div class=\"thumbnail_container\"><img decoding=\"async\" loading=\"lazy\" width=\"320\" height=\"320\" src=\"https:\/\/www.kyk.com.tr\/wp-content\/uploads\/2025\/05\/z901.png\" class=\"wp-image-4909 avia-img-lazy-loading-4909 attachment-shop_catalog size-shop_catalog wp-post-image\" alt=\"\" srcset=\"https:\/\/www.kyk.com.tr\/wp-content\/uploads\/2025\/05\/z901.png 320w, https:\/\/www.kyk.com.tr\/wp-content\/uploads\/2025\/05\/z901-300x300.png 300w, https:\/\/www.kyk.com.tr\/wp-content\/uploads\/2025\/05\/z901-100x100.png 100w, https:\/\/www.kyk.com.tr\/wp-content\/uploads\/2025\/05\/z901-80x80.png 80w, https:\/\/www.kyk.com.tr\/wp-content\/uploads\/2025\/05\/z901-36x36.png 36w, https:\/\/www.kyk.com.tr\/wp-content\/uploads\/2025\/05\/z901-180x180.png 180w, https:\/\/www.kyk.com.tr\/wp-content\/uploads\/2025\/05\/z901-120x120.png 120w, https:\/\/www.kyk.com.tr\/wp-content\/uploads\/2025\/05\/z901-96x96.png 96w\" sizes=\"auto, (max-width: 320px) 100vw, 320px\" \/><span class=\"cart-loading\"><\/span><\/div><div class='inner_product_header'><div class='avia-arrow'><\/div><div class='inner_product_header_table'><div class='inner_product_header_cell'><\/div><h2 class=\"woocommerce-loop-product__title\">MegaZemin Z901<\/h2>\n<\/div><\/div><\/div><\/a><button class=\"woosc-btn woosc-btn-4908  woosc-btn-has-icon woosc-btn-icon-text\" data-text=\"Kar\u015f\u0131la\u015ft\u0131r\" data-text_added=\"Kar\u015f\u0131la\u015ft\u0131r\" data-id=\"4908\" data-product_id=\"4908\" data-product_name=\"MegaZemin Z901\" data-product_image=\"https:\/\/www.kyk.com.tr\/wp-content\/uploads\/2025\/05\/z901-80x80.png\"><span class=\"woosc-btn-icon woosc-icon-1\"><\/span><span class=\"woosc-btn-text\">Kar\u015f\u0131la\u015ft\u0131r<\/span><\/button><\/div><\/li>\n<li class=\"product type-product post-4918 status-publish instock product_cat-zemin_malzemeleri has-post-thumbnail shipping-taxable product-type-simple\">\n\t<div class='inner_product main_color wrapped_style noLightbox  av-product-class-'><a href=\"https:\/\/www.kyk.com.tr\/?product=megazemin-z902\" class=\"woocommerce-LoopProduct-link woocommerce-loop-product__link\"><div class=\"wpcbm-wrapper wpcbm-wrapper-archive-image\"><div class=\"thumbnail_container\"><img decoding=\"async\" loading=\"lazy\" width=\"320\" height=\"320\" src=\"https:\/\/www.kyk.com.tr\/wp-content\/uploads\/2025\/05\/z902.png\" class=\"wp-image-4919 avia-img-lazy-loading-4919 attachment-shop_catalog size-shop_catalog wp-post-image\" alt=\"\" srcset=\"https:\/\/www.kyk.com.tr\/wp-content\/uploads\/2025\/05\/z902.png 320w, https:\/\/www.kyk.com.tr\/wp-content\/uploads\/2025\/05\/z902-300x300.png 300w, https:\/\/www.kyk.com.tr\/wp-content\/uploads\/2025\/05\/z902-100x100.png 100w, https:\/\/www.kyk.com.tr\/wp-content\/uploads\/2025\/05\/z902-80x80.png 80w, https:\/\/www.kyk.com.tr\/wp-content\/uploads\/2025\/05\/z902-36x36.png 36w, https:\/\/www.kyk.com.tr\/wp-content\/uploads\/2025\/05\/z902-180x180.png 180w, https:\/\/www.kyk.com.tr\/wp-content\/uploads\/2025\/05\/z902-120x120.png 120w, https:\/\/www.kyk.com.tr\/wp-content\/uploads\/2025\/05\/z902-96x96.png 96w\" sizes=\"auto, (max-width: 320px) 100vw, 320px\" \/><span class=\"cart-loading\"><\/span><\/div><div class='inner_product_header'><div class='avia-arrow'><\/div><div class='inner_product_header_table'><div class='inner_product_header_cell'><\/div><h2 class=\"woocommerce-loop-product__title\">MegaZemin Z902<\/h2>\n<\/div><\/div><\/div><\/a><button class=\"woosc-btn woosc-btn-4918  woosc-btn-has-icon woosc-btn-icon-text\" data-text=\"Kar\u015f\u0131la\u015ft\u0131r\" data-text_added=\"Kar\u015f\u0131la\u015ft\u0131r\" data-id=\"4918\" data-product_id=\"4918\" data-product_name=\"MegaZemin Z902\" data-product_image=\"https:\/\/www.kyk.com.tr\/wp-content\/uploads\/2025\/05\/z902-80x80.png\"><span class=\"woosc-btn-icon woosc-icon-1\"><\/span><span class=\"woosc-btn-text\">Kar\u015f\u0131la\u015ft\u0131r<\/span><\/button><\/div><\/li>\n<\/ul>\n<\/div>\n","protected":false},"excerpt":{"rendered":"","protected":false},"author":1,"featured_media":0,"parent":0,"menu_order":0,"comment_status":"closed","ping_status":"closed","template":"","meta":{"_acf_changed":false,"footnotes":""},"wf_page_folders":[],"class_list":["post-3371","page","type-page","status-publish","hentry"],"acf":[],"_links":{"self":[{"href":"https:\/\/www.kyk.com.tr\/index.php?rest_route=\/wp\/v2\/pages\/3371","targetHints":{"allow":["GET"]}}],"collection":[{"href":"https:\/\/www.kyk.com.tr\/index.php?rest_route=\/wp\/v2\/pages"}],"about":[{"href":"https:\/\/www.kyk.com.tr\/index.php?rest_route=\/wp\/v2\/types\/page"}],"author":[{"embeddable":true,"href":"https:\/\/www.kyk.com.tr\/index.php?rest_route=\/wp\/v2\/users\/1"}],"replies":[{"embeddable":true,"href":"https:\/\/www.kyk.com.tr\/index.php?rest_route=%2Fwp%2Fv2%2Fcomments&post=3371"}],"version-history":[{"count":3,"href":"https:\/\/www.kyk.com.tr\/index.php?rest_route=\/wp\/v2\/pages\/3371\/revisions"}],"predecessor-version":[{"id":8579,"href":"https:\/\/www.kyk.com.tr\/index.php?rest_route=\/wp\/v2\/pages\/3371\/revisions\/8579"}],"wp:attachment":[{"href":"https:\/\/www.kyk.com.tr\/index.php?rest_route=%2Fwp%2Fv2%2Fmedia&parent=3371"}],"wp:term":[{"taxonomy":"wf_page_folders","embeddable":true,"href":"https:\/\/www.kyk.com.tr\/index.php?rest_route=%2Fwp%2Fv2%2Fwf_page_folders&post=3371"}],"curies":[{"name":"wp","href":"https:\/\/api.w.org\/{rel}","templated":true}]}}