{"id":3377,"date":"2025-04-19T09:58:09","date_gmt":"2025-04-19T09:58:09","guid":{"rendered":"https:\/\/www.kyk.center\/?page_id=3377"},"modified":"2025-05-11T07:25:02","modified_gmt":"2025-05-11T07:25:02","slug":"astarlar","status":"publish","type":"page","link":"https:\/\/www.kyk.com.tr\/?page_id=3377","title":{"rendered":"Astarlar"},"content":{"rendered":"<div class=\"woocommerce columns-4 \"><ul class=\"products columns-4\">\n<li class=\"product type-product post-5009 status-publish first instock product_cat-astarlar has-post-thumbnail shipping-taxable product-type-simple\">\n\t<div class='inner_product main_color wrapped_style noLightbox  av-product-class-'><a href=\"https:\/\/www.kyk.com.tr\/?product=megafilm-bb-a101\" class=\"woocommerce-LoopProduct-link woocommerce-loop-product__link\"><div class=\"wpcbm-wrapper wpcbm-wrapper-archive-image\"><div class=\"wpcbm-badges wpcbm-badges-top-left wpcbm-badges-archive_image\"><div class=\"wpcbm-badge wpcbm-badge-4303 wpcbm-pid-5009 wpcbm-badge-style-04 wpcbm-badge-group-0 hint--top\" aria-label=\"\"><div class=\"wpcbm-badge-inner\">YEN\u0130<\/div><\/div><\/div><div class=\"thumbnail_container\"><img decoding=\"async\" loading=\"lazy\" width=\"320\" height=\"320\" src=\"https:\/\/www.kyk.com.tr\/wp-content\/uploads\/2025\/05\/a101.png\" class=\"wp-image-5010 avia-img-lazy-loading-5010 attachment-shop_catalog size-shop_catalog wp-post-image\" alt=\"\" srcset=\"https:\/\/www.kyk.com.tr\/wp-content\/uploads\/2025\/05\/a101.png 320w, https:\/\/www.kyk.com.tr\/wp-content\/uploads\/2025\/05\/a101-300x300.png 300w, https:\/\/www.kyk.com.tr\/wp-content\/uploads\/2025\/05\/a101-100x100.png 100w, https:\/\/www.kyk.com.tr\/wp-content\/uploads\/2025\/05\/a101-80x80.png 80w, https:\/\/www.kyk.com.tr\/wp-content\/uploads\/2025\/05\/a101-36x36.png 36w, https:\/\/www.kyk.com.tr\/wp-content\/uploads\/2025\/05\/a101-180x180.png 180w, https:\/\/www.kyk.com.tr\/wp-content\/uploads\/2025\/05\/a101-120x120.png 120w, https:\/\/www.kyk.com.tr\/wp-content\/uploads\/2025\/05\/a101-96x96.png 96w\" sizes=\"auto, (max-width: 320px) 100vw, 320px\" \/><span class=\"cart-loading\"><\/span><\/div><div class='inner_product_header'><div class='avia-arrow'><\/div><div class='inner_product_header_table'><div class='inner_product_header_cell'><\/div><h2 class=\"woocommerce-loop-product__title\">MegaFilm BB A101<\/h2>\n<\/div><\/div><\/div><\/a><button class=\"woosc-btn woosc-btn-5009  woosc-btn-has-icon woosc-btn-icon-text\" data-text=\"Kar\u015f\u0131la\u015ft\u0131r\" data-text_added=\"Kar\u015f\u0131la\u015ft\u0131r\" data-id=\"5009\" data-product_id=\"5009\" data-product_name=\"MegaFilm BB A101\" data-product_image=\"https:\/\/www.kyk.com.tr\/wp-content\/uploads\/2025\/05\/a101-80x80.png\"><span class=\"woosc-btn-icon woosc-icon-1\"><\/span><span class=\"woosc-btn-text\">Kar\u015f\u0131la\u015ft\u0131r<\/span><\/button><\/div><\/li>\n<li class=\"product type-product post-5015 status-publish instock product_cat-astarlar has-post-thumbnail shipping-taxable product-type-simple\">\n\t<div class='inner_product main_color wrapped_style noLightbox  av-product-class-'><a href=\"https:\/\/www.kyk.com.tr\/?product=megafilm-a201\" class=\"woocommerce-LoopProduct-link woocommerce-loop-product__link\"><div class=\"wpcbm-wrapper wpcbm-wrapper-archive-image\"><div class=\"thumbnail_container\"><img decoding=\"async\" loading=\"lazy\" width=\"320\" height=\"320\" src=\"https:\/\/www.kyk.com.tr\/wp-content\/uploads\/2025\/05\/a201.png\" class=\"wp-image-5016 avia-img-lazy-loading-5016 attachment-shop_catalog size-shop_catalog wp-post-image\" alt=\"\" srcset=\"https:\/\/www.kyk.com.tr\/wp-content\/uploads\/2025\/05\/a201.png 320w, https:\/\/www.kyk.com.tr\/wp-content\/uploads\/2025\/05\/a201-300x300.png 300w, https:\/\/www.kyk.com.tr\/wp-content\/uploads\/2025\/05\/a201-100x100.png 100w, https:\/\/www.kyk.com.tr\/wp-content\/uploads\/2025\/05\/a201-80x80.png 80w, https:\/\/www.kyk.com.tr\/wp-content\/uploads\/2025\/05\/a201-36x36.png 36w, https:\/\/www.kyk.com.tr\/wp-content\/uploads\/2025\/05\/a201-180x180.png 180w, https:\/\/www.kyk.com.tr\/wp-content\/uploads\/2025\/05\/a201-120x120.png 120w, https:\/\/www.kyk.com.tr\/wp-content\/uploads\/2025\/05\/a201-96x96.png 96w\" sizes=\"auto, (max-width: 320px) 100vw, 320px\" \/><span class=\"cart-loading\"><\/span><\/div><div class='inner_product_header'><div class='avia-arrow'><\/div><div class='inner_product_header_table'><div class='inner_product_header_cell'><\/div><h2 class=\"woocommerce-loop-product__title\">MegaFilm A201<\/h2>\n<\/div><\/div><\/div><\/a><button class=\"woosc-btn woosc-btn-5015  woosc-btn-has-icon woosc-btn-icon-text\" data-text=\"Kar\u015f\u0131la\u015ft\u0131r\" data-text_added=\"Kar\u015f\u0131la\u015ft\u0131r\" data-id=\"5015\" data-product_id=\"5015\" data-product_name=\"MegaFilm A201\" data-product_image=\"https:\/\/www.kyk.com.tr\/wp-content\/uploads\/2025\/05\/a201-80x80.png\"><span class=\"woosc-btn-icon woosc-icon-1\"><\/span><span class=\"woosc-btn-text\">Kar\u015f\u0131la\u015ft\u0131r<\/span><\/button><\/div><\/li>\n<li class=\"product type-product post-5020 status-publish instock product_cat-astarlar has-post-thumbnail shipping-taxable product-type-simple\">\n\t<div class='inner_product main_color wrapped_style noLightbox  av-product-class-'><a href=\"https:\/\/www.kyk.com.tr\/?product=megafilm-visko-a203\" class=\"woocommerce-LoopProduct-link woocommerce-loop-product__link\"><div class=\"wpcbm-wrapper wpcbm-wrapper-archive-image\"><div class=\"thumbnail_container\"><img decoding=\"async\" loading=\"lazy\" width=\"320\" height=\"320\" src=\"https:\/\/www.kyk.com.tr\/wp-content\/uploads\/2025\/05\/a203.png\" class=\"wp-image-5021 avia-img-lazy-loading-5021 attachment-shop_catalog size-shop_catalog wp-post-image\" alt=\"\" srcset=\"https:\/\/www.kyk.com.tr\/wp-content\/uploads\/2025\/05\/a203.png 320w, https:\/\/www.kyk.com.tr\/wp-content\/uploads\/2025\/05\/a203-300x300.png 300w, https:\/\/www.kyk.com.tr\/wp-content\/uploads\/2025\/05\/a203-100x100.png 100w, https:\/\/www.kyk.com.tr\/wp-content\/uploads\/2025\/05\/a203-80x80.png 80w, https:\/\/www.kyk.com.tr\/wp-content\/uploads\/2025\/05\/a203-36x36.png 36w, https:\/\/www.kyk.com.tr\/wp-content\/uploads\/2025\/05\/a203-180x180.png 180w, https:\/\/www.kyk.com.tr\/wp-content\/uploads\/2025\/05\/a203-120x120.png 120w, https:\/\/www.kyk.com.tr\/wp-content\/uploads\/2025\/05\/a203-96x96.png 96w\" sizes=\"auto, (max-width: 320px) 100vw, 320px\" \/><span class=\"cart-loading\"><\/span><\/div><div class='inner_product_header'><div class='avia-arrow'><\/div><div class='inner_product_header_table'><div class='inner_product_header_cell'><\/div><h2 class=\"woocommerce-loop-product__title\">MegaFilm Visko A203<\/h2>\n<\/div><\/div><\/div><\/a><button class=\"woosc-btn woosc-btn-5020  woosc-btn-has-icon woosc-btn-icon-text\" data-text=\"Kar\u015f\u0131la\u015ft\u0131r\" data-text_added=\"Kar\u015f\u0131la\u015ft\u0131r\" data-id=\"5020\" data-product_id=\"5020\" data-product_name=\"MegaFilm Visko A203\" data-product_image=\"https:\/\/www.kyk.com.tr\/wp-content\/uploads\/2025\/05\/a203-80x80.png\"><span class=\"woosc-btn-icon woosc-icon-1\"><\/span><span class=\"woosc-btn-text\">Kar\u015f\u0131la\u015ft\u0131r<\/span><\/button><\/div><\/li>\n<li class=\"product type-product post-5025 status-publish last instock product_cat-astarlar has-post-thumbnail shipping-taxable product-type-simple\">\n\t<div class='inner_product main_color wrapped_style noLightbox  av-product-class-'><a href=\"https:\/\/www.kyk.com.tr\/?product=megafilm-bb-a204\" class=\"woocommerce-LoopProduct-link woocommerce-loop-product__link\"><div class=\"wpcbm-wrapper wpcbm-wrapper-archive-image\"><div class=\"thumbnail_container\"><img decoding=\"async\" loading=\"lazy\" width=\"320\" height=\"320\" src=\"https:\/\/www.kyk.com.tr\/wp-content\/uploads\/2025\/10\/a204.jpg\" class=\"wp-image-9135 avia-img-lazy-loading-9135 attachment-shop_catalog size-shop_catalog wp-post-image\" alt=\"\" srcset=\"https:\/\/www.kyk.com.tr\/wp-content\/uploads\/2025\/10\/a204.jpg 320w, https:\/\/www.kyk.com.tr\/wp-content\/uploads\/2025\/10\/a204-300x300.jpg 300w, https:\/\/www.kyk.com.tr\/wp-content\/uploads\/2025\/10\/a204-80x80.jpg 80w, https:\/\/www.kyk.com.tr\/wp-content\/uploads\/2025\/10\/a204-36x36.jpg 36w, https:\/\/www.kyk.com.tr\/wp-content\/uploads\/2025\/10\/a204-180x180.jpg 180w, https:\/\/www.kyk.com.tr\/wp-content\/uploads\/2025\/10\/a204-120x120.jpg 120w, https:\/\/www.kyk.com.tr\/wp-content\/uploads\/2025\/10\/a204-100x100.jpg 100w, https:\/\/www.kyk.com.tr\/wp-content\/uploads\/2025\/10\/a204-96x96.jpg 96w\" sizes=\"auto, (max-width: 320px) 100vw, 320px\" \/><span class=\"cart-loading\"><\/span><\/div><div class='inner_product_header'><div class='avia-arrow'><\/div><div class='inner_product_header_table'><div class='inner_product_header_cell'><\/div><h2 class=\"woocommerce-loop-product__title\">MegaFilm BB A204<\/h2>\n<\/div><\/div><\/div><\/a><button class=\"woosc-btn woosc-btn-5025  woosc-btn-has-icon woosc-btn-icon-text\" data-text=\"Kar\u015f\u0131la\u015ft\u0131r\" data-text_added=\"Kar\u015f\u0131la\u015ft\u0131r\" data-id=\"5025\" data-product_id=\"5025\" data-product_name=\"MegaFilm BB A204\" data-product_image=\"https:\/\/www.kyk.com.tr\/wp-content\/uploads\/2025\/10\/a204-80x80.jpg\"><span class=\"woosc-btn-icon woosc-icon-1\"><\/span><span class=\"woosc-btn-text\">Kar\u015f\u0131la\u015ft\u0131r<\/span><\/button><\/div><\/li>\n<li class=\"product type-product post-5032 status-publish first instock product_cat-astarlar has-post-thumbnail shipping-taxable product-type-simple\">\n\t<div class='inner_product main_color wrapped_style noLightbox  av-product-class-'><a href=\"https:\/\/www.kyk.com.tr\/?product=megafilm-izo-a301\" class=\"woocommerce-LoopProduct-link woocommerce-loop-product__link\"><div class=\"wpcbm-wrapper wpcbm-wrapper-archive-image\"><div class=\"thumbnail_container\"><img decoding=\"async\" loading=\"lazy\" width=\"320\" height=\"320\" src=\"https:\/\/www.kyk.com.tr\/wp-content\/uploads\/2025\/05\/a301.png\" class=\"wp-image-5033 avia-img-lazy-loading-5033 attachment-shop_catalog size-shop_catalog wp-post-image\" alt=\"\" srcset=\"https:\/\/www.kyk.com.tr\/wp-content\/uploads\/2025\/05\/a301.png 320w, https:\/\/www.kyk.com.tr\/wp-content\/uploads\/2025\/05\/a301-300x300.png 300w, https:\/\/www.kyk.com.tr\/wp-content\/uploads\/2025\/05\/a301-100x100.png 100w, https:\/\/www.kyk.com.tr\/wp-content\/uploads\/2025\/05\/a301-80x80.png 80w, https:\/\/www.kyk.com.tr\/wp-content\/uploads\/2025\/05\/a301-36x36.png 36w, https:\/\/www.kyk.com.tr\/wp-content\/uploads\/2025\/05\/a301-180x180.png 180w, https:\/\/www.kyk.com.tr\/wp-content\/uploads\/2025\/05\/a301-120x120.png 120w, https:\/\/www.kyk.com.tr\/wp-content\/uploads\/2025\/05\/a301-96x96.png 96w\" sizes=\"auto, (max-width: 320px) 100vw, 320px\" \/><span class=\"cart-loading\"><\/span><\/div><div class='inner_product_header'><div class='avia-arrow'><\/div><div class='inner_product_header_table'><div class='inner_product_header_cell'><\/div><h2 class=\"woocommerce-loop-product__title\">MegaFilm \u0130zo A301<\/h2>\n<\/div><\/div><\/div><\/a><button class=\"woosc-btn woosc-btn-5032  woosc-btn-has-icon woosc-btn-icon-text\" data-text=\"Kar\u015f\u0131la\u015ft\u0131r\" data-text_added=\"Kar\u015f\u0131la\u015ft\u0131r\" data-id=\"5032\" data-product_id=\"5032\" data-product_name=\"MegaFilm \u0130zo A301\" data-product_image=\"https:\/\/www.kyk.com.tr\/wp-content\/uploads\/2025\/05\/a301-80x80.png\"><span class=\"woosc-btn-icon woosc-icon-1\"><\/span><span class=\"woosc-btn-text\">Kar\u015f\u0131la\u015ft\u0131r<\/span><\/button><\/div><\/li>\n<li class=\"product type-product post-5037 status-publish instock product_cat-astarlar has-post-thumbnail shipping-taxable product-type-simple\">\n\t<div class='inner_product main_color wrapped_style noLightbox  av-product-class-'><a href=\"https:\/\/www.kyk.com.tr\/?product=megafilm-a205\" class=\"woocommerce-LoopProduct-link woocommerce-loop-product__link\"><div class=\"wpcbm-wrapper wpcbm-wrapper-archive-image\"><div class=\"thumbnail_container\"><img decoding=\"async\" loading=\"lazy\" width=\"320\" height=\"320\" src=\"https:\/\/www.kyk.com.tr\/wp-content\/uploads\/2025\/05\/a205.png\" class=\"wp-image-5038 avia-img-lazy-loading-5038 attachment-shop_catalog size-shop_catalog wp-post-image\" alt=\"\" srcset=\"https:\/\/www.kyk.com.tr\/wp-content\/uploads\/2025\/05\/a205.png 320w, https:\/\/www.kyk.com.tr\/wp-content\/uploads\/2025\/05\/a205-300x300.png 300w, https:\/\/www.kyk.com.tr\/wp-content\/uploads\/2025\/05\/a205-100x100.png 100w, https:\/\/www.kyk.com.tr\/wp-content\/uploads\/2025\/05\/a205-80x80.png 80w, https:\/\/www.kyk.com.tr\/wp-content\/uploads\/2025\/05\/a205-36x36.png 36w, https:\/\/www.kyk.com.tr\/wp-content\/uploads\/2025\/05\/a205-180x180.png 180w, https:\/\/www.kyk.com.tr\/wp-content\/uploads\/2025\/05\/a205-120x120.png 120w, https:\/\/www.kyk.com.tr\/wp-content\/uploads\/2025\/05\/a205-96x96.png 96w\" sizes=\"auto, (max-width: 320px) 100vw, 320px\" \/><span class=\"cart-loading\"><\/span><\/div><div class='inner_product_header'><div class='avia-arrow'><\/div><div class='inner_product_header_table'><div class='inner_product_header_cell'><\/div><h2 class=\"woocommerce-loop-product__title\">MegaFilm A205<\/h2>\n<\/div><\/div><\/div><\/a><button class=\"woosc-btn woosc-btn-5037  woosc-btn-has-icon woosc-btn-icon-text\" data-text=\"Kar\u015f\u0131la\u015ft\u0131r\" data-text_added=\"Kar\u015f\u0131la\u015ft\u0131r\" data-id=\"5037\" data-product_id=\"5037\" data-product_name=\"MegaFilm A205\" data-product_image=\"https:\/\/www.kyk.com.tr\/wp-content\/uploads\/2025\/05\/a205-80x80.png\"><span class=\"woosc-btn-icon woosc-icon-1\"><\/span><span class=\"woosc-btn-text\">Kar\u015f\u0131la\u015ft\u0131r<\/span><\/button><\/div><\/li>\n<li class=\"product type-product post-5042 status-publish instock product_cat-astarlar has-post-thumbnail shipping-taxable product-type-simple\">\n\t<div class='inner_product main_color wrapped_style noLightbox  av-product-class-'><a href=\"https:\/\/www.kyk.com.tr\/?product=megafilm-izo-pu-a401\" class=\"woocommerce-LoopProduct-link woocommerce-loop-product__link\"><div class=\"wpcbm-wrapper wpcbm-wrapper-archive-image\"><div class=\"thumbnail_container\"><img decoding=\"async\" loading=\"lazy\" width=\"320\" height=\"320\" src=\"https:\/\/www.kyk.com.tr\/wp-content\/uploads\/2025\/05\/a401.png\" class=\"wp-image-5043 avia-img-lazy-loading-5043 attachment-shop_catalog size-shop_catalog wp-post-image\" alt=\"\" srcset=\"https:\/\/www.kyk.com.tr\/wp-content\/uploads\/2025\/05\/a401.png 320w, https:\/\/www.kyk.com.tr\/wp-content\/uploads\/2025\/05\/a401-300x300.png 300w, https:\/\/www.kyk.com.tr\/wp-content\/uploads\/2025\/05\/a401-100x100.png 100w, https:\/\/www.kyk.com.tr\/wp-content\/uploads\/2025\/05\/a401-80x80.png 80w, https:\/\/www.kyk.com.tr\/wp-content\/uploads\/2025\/05\/a401-36x36.png 36w, https:\/\/www.kyk.com.tr\/wp-content\/uploads\/2025\/05\/a401-180x180.png 180w, https:\/\/www.kyk.com.tr\/wp-content\/uploads\/2025\/05\/a401-120x120.png 120w, https:\/\/www.kyk.com.tr\/wp-content\/uploads\/2025\/05\/a401-96x96.png 96w\" sizes=\"auto, (max-width: 320px) 100vw, 320px\" \/><span class=\"cart-loading\"><\/span><\/div><div class='inner_product_header'><div class='avia-arrow'><\/div><div class='inner_product_header_table'><div class='inner_product_header_cell'><\/div><h2 class=\"woocommerce-loop-product__title\">MegaFilm \u0130zo PU A401<\/h2>\n<\/div><\/div><\/div><\/a><button class=\"woosc-btn woosc-btn-5042  woosc-btn-has-icon woosc-btn-icon-text\" data-text=\"Kar\u015f\u0131la\u015ft\u0131r\" data-text_added=\"Kar\u015f\u0131la\u015ft\u0131r\" data-id=\"5042\" data-product_id=\"5042\" data-product_name=\"MegaFilm \u0130zo PU A401\" data-product_image=\"https:\/\/www.kyk.com.tr\/wp-content\/uploads\/2025\/05\/a401-80x80.png\"><span class=\"woosc-btn-icon woosc-icon-1\"><\/span><span class=\"woosc-btn-text\">Kar\u015f\u0131la\u015ft\u0131r<\/span><\/button><\/div><\/li>\n<li class=\"product type-product post-5047 status-publish last instock product_cat-astarlar has-post-thumbnail shipping-taxable product-type-simple\">\n\t<div class='inner_product main_color wrapped_style noLightbox  av-product-class-'><a href=\"https:\/\/www.kyk.com.tr\/?product=megafilm-izo-epo-a501\" class=\"woocommerce-LoopProduct-link woocommerce-loop-product__link\"><div class=\"wpcbm-wrapper wpcbm-wrapper-archive-image\"><div class=\"thumbnail_container\"><img decoding=\"async\" loading=\"lazy\" width=\"320\" height=\"320\" src=\"https:\/\/www.kyk.com.tr\/wp-content\/uploads\/2025\/05\/a501.png\" class=\"wp-image-5048 avia-img-lazy-loading-5048 attachment-shop_catalog size-shop_catalog wp-post-image\" alt=\"\" srcset=\"https:\/\/www.kyk.com.tr\/wp-content\/uploads\/2025\/05\/a501.png 320w, https:\/\/www.kyk.com.tr\/wp-content\/uploads\/2025\/05\/a501-300x300.png 300w, https:\/\/www.kyk.com.tr\/wp-content\/uploads\/2025\/05\/a501-100x100.png 100w, https:\/\/www.kyk.com.tr\/wp-content\/uploads\/2025\/05\/a501-80x80.png 80w, https:\/\/www.kyk.com.tr\/wp-content\/uploads\/2025\/05\/a501-36x36.png 36w, https:\/\/www.kyk.com.tr\/wp-content\/uploads\/2025\/05\/a501-180x180.png 180w, https:\/\/www.kyk.com.tr\/wp-content\/uploads\/2025\/05\/a501-120x120.png 120w, https:\/\/www.kyk.com.tr\/wp-content\/uploads\/2025\/05\/a501-96x96.png 96w\" sizes=\"auto, (max-width: 320px) 100vw, 320px\" \/><span class=\"cart-loading\"><\/span><\/div><div class='inner_product_header'><div class='avia-arrow'><\/div><div class='inner_product_header_table'><div class='inner_product_header_cell'><\/div><h2 class=\"woocommerce-loop-product__title\">MegaFilm \u0130zo Epo A501<\/h2>\n<\/div><\/div><\/div><\/a><button class=\"woosc-btn woosc-btn-5047  woosc-btn-has-icon woosc-btn-icon-text\" data-text=\"Kar\u015f\u0131la\u015ft\u0131r\" data-text_added=\"Kar\u015f\u0131la\u015ft\u0131r\" data-id=\"5047\" data-product_id=\"5047\" data-product_name=\"MegaFilm \u0130zo Epo A501\" data-product_image=\"https:\/\/www.kyk.com.tr\/wp-content\/uploads\/2025\/05\/a501-80x80.png\"><span class=\"woosc-btn-icon woosc-icon-1\"><\/span><span class=\"woosc-btn-text\">Kar\u015f\u0131la\u015ft\u0131r<\/span><\/button><\/div><\/li>\n<li class=\"product type-product post-5052 status-publish first instock product_cat-astarlar has-post-thumbnail shipping-taxable product-type-simple\">\n\t<div class='inner_product main_color wrapped_style noLightbox  av-product-class-'><a href=\"https:\/\/www.kyk.com.tr\/?product=megafilm-a502\" class=\"woocommerce-LoopProduct-link woocommerce-loop-product__link\"><div class=\"wpcbm-wrapper wpcbm-wrapper-archive-image\"><div class=\"thumbnail_container\"><img decoding=\"async\" loading=\"lazy\" width=\"320\" height=\"320\" src=\"https:\/\/www.kyk.com.tr\/wp-content\/uploads\/2025\/05\/a502.png\" class=\"wp-image-5053 avia-img-lazy-loading-5053 attachment-shop_catalog size-shop_catalog wp-post-image\" alt=\"\" srcset=\"https:\/\/www.kyk.com.tr\/wp-content\/uploads\/2025\/05\/a502.png 320w, https:\/\/www.kyk.com.tr\/wp-content\/uploads\/2025\/05\/a502-300x300.png 300w, https:\/\/www.kyk.com.tr\/wp-content\/uploads\/2025\/05\/a502-100x100.png 100w, https:\/\/www.kyk.com.tr\/wp-content\/uploads\/2025\/05\/a502-80x80.png 80w, https:\/\/www.kyk.com.tr\/wp-content\/uploads\/2025\/05\/a502-36x36.png 36w, https:\/\/www.kyk.com.tr\/wp-content\/uploads\/2025\/05\/a502-180x180.png 180w, https:\/\/www.kyk.com.tr\/wp-content\/uploads\/2025\/05\/a502-120x120.png 120w, https:\/\/www.kyk.com.tr\/wp-content\/uploads\/2025\/05\/a502-96x96.png 96w\" sizes=\"auto, (max-width: 320px) 100vw, 320px\" \/><span class=\"cart-loading\"><\/span><\/div><div class='inner_product_header'><div class='avia-arrow'><\/div><div class='inner_product_header_table'><div class='inner_product_header_cell'><\/div><h2 class=\"woocommerce-loop-product__title\">MegaFilm A502<\/h2>\n<\/div><\/div><\/div><\/a><button class=\"woosc-btn woosc-btn-5052  woosc-btn-has-icon woosc-btn-icon-text\" data-text=\"Kar\u015f\u0131la\u015ft\u0131r\" data-text_added=\"Kar\u015f\u0131la\u015ft\u0131r\" data-id=\"5052\" data-product_id=\"5052\" data-product_name=\"MegaFilm A502\" data-product_image=\"https:\/\/www.kyk.com.tr\/wp-content\/uploads\/2025\/05\/a502-80x80.png\"><span class=\"woosc-btn-icon woosc-icon-1\"><\/span><span class=\"woosc-btn-text\">Kar\u015f\u0131la\u015ft\u0131r<\/span><\/button><\/div><\/li>\n<li class=\"product type-product post-5057 status-publish instock product_cat-astarlar has-post-thumbnail shipping-taxable product-type-simple\">\n\t<div class='inner_product main_color wrapped_style noLightbox  av-product-class-'><a href=\"https:\/\/www.kyk.com.tr\/?product=megafilm-a901\" class=\"woocommerce-LoopProduct-link woocommerce-loop-product__link\"><div class=\"wpcbm-wrapper wpcbm-wrapper-archive-image\"><div class=\"wpcbm-badges wpcbm-badges-top-left wpcbm-badges-archive_image\"><div class=\"wpcbm-badge wpcbm-badge-4303 wpcbm-pid-5057 wpcbm-badge-style-04 wpcbm-badge-group-0 hint--top\" aria-label=\"\"><div class=\"wpcbm-badge-inner\">YEN\u0130<\/div><\/div><\/div><div class=\"thumbnail_container\"><img decoding=\"async\" loading=\"lazy\" width=\"320\" height=\"320\" src=\"https:\/\/www.kyk.com.tr\/wp-content\/uploads\/2025\/05\/a901.png\" class=\"wp-image-5058 avia-img-lazy-loading-5058 attachment-shop_catalog size-shop_catalog wp-post-image\" alt=\"\" srcset=\"https:\/\/www.kyk.com.tr\/wp-content\/uploads\/2025\/05\/a901.png 320w, https:\/\/www.kyk.com.tr\/wp-content\/uploads\/2025\/05\/a901-300x300.png 300w, https:\/\/www.kyk.com.tr\/wp-content\/uploads\/2025\/05\/a901-100x100.png 100w, https:\/\/www.kyk.com.tr\/wp-content\/uploads\/2025\/05\/a901-80x80.png 80w, https:\/\/www.kyk.com.tr\/wp-content\/uploads\/2025\/05\/a901-36x36.png 36w, https:\/\/www.kyk.com.tr\/wp-content\/uploads\/2025\/05\/a901-180x180.png 180w, https:\/\/www.kyk.com.tr\/wp-content\/uploads\/2025\/05\/a901-120x120.png 120w, https:\/\/www.kyk.com.tr\/wp-content\/uploads\/2025\/05\/a901-96x96.png 96w\" sizes=\"auto, (max-width: 320px) 100vw, 320px\" \/><span class=\"cart-loading\"><\/span><\/div><div class='inner_product_header'><div class='avia-arrow'><\/div><div class='inner_product_header_table'><div class='inner_product_header_cell'><\/div><h2 class=\"woocommerce-loop-product__title\">MegaFilm A901<\/h2>\n<\/div><\/div><\/div><\/a><button class=\"woosc-btn woosc-btn-5057  woosc-btn-has-icon woosc-btn-icon-text\" data-text=\"Kar\u015f\u0131la\u015ft\u0131r\" data-text_added=\"Kar\u015f\u0131la\u015ft\u0131r\" data-id=\"5057\" data-product_id=\"5057\" data-product_name=\"MegaFilm A901\" data-product_image=\"https:\/\/www.kyk.com.tr\/wp-content\/uploads\/2025\/05\/a901-80x80.png\"><span class=\"woosc-btn-icon woosc-icon-1\"><\/span><span class=\"woosc-btn-text\">Kar\u015f\u0131la\u015ft\u0131r<\/span><\/button><\/div><\/li>\n<li class=\"product type-product post-5063 status-publish instock product_cat-astarlar has-post-thumbnail shipping-taxable product-type-simple\">\n\t<div class='inner_product main_color wrapped_style noLightbox  av-product-class-'><a href=\"https:\/\/www.kyk.com.tr\/?product=mantotherm-astar-a206\" class=\"woocommerce-LoopProduct-link woocommerce-loop-product__link\"><div class=\"wpcbm-wrapper wpcbm-wrapper-archive-image\"><div class=\"thumbnail_container\"><img decoding=\"async\" loading=\"lazy\" width=\"320\" height=\"320\" src=\"https:\/\/www.kyk.com.tr\/wp-content\/uploads\/2025\/05\/a206.png\" class=\"wp-image-5064 avia-img-lazy-loading-5064 attachment-shop_catalog size-shop_catalog wp-post-image\" alt=\"\" srcset=\"https:\/\/www.kyk.com.tr\/wp-content\/uploads\/2025\/05\/a206.png 320w, https:\/\/www.kyk.com.tr\/wp-content\/uploads\/2025\/05\/a206-300x300.png 300w, https:\/\/www.kyk.com.tr\/wp-content\/uploads\/2025\/05\/a206-100x100.png 100w, https:\/\/www.kyk.com.tr\/wp-content\/uploads\/2025\/05\/a206-80x80.png 80w, https:\/\/www.kyk.com.tr\/wp-content\/uploads\/2025\/05\/a206-36x36.png 36w, https:\/\/www.kyk.com.tr\/wp-content\/uploads\/2025\/05\/a206-180x180.png 180w, https:\/\/www.kyk.com.tr\/wp-content\/uploads\/2025\/05\/a206-120x120.png 120w, https:\/\/www.kyk.com.tr\/wp-content\/uploads\/2025\/05\/a206-96x96.png 96w\" sizes=\"auto, (max-width: 320px) 100vw, 320px\" \/><span class=\"cart-loading\"><\/span><\/div><div class='inner_product_header'><div class='avia-arrow'><\/div><div class='inner_product_header_table'><div class='inner_product_header_cell'><\/div><h2 class=\"woocommerce-loop-product__title\">Mantotherm Astar A206<\/h2>\n<\/div><\/div><\/div><\/a><button class=\"woosc-btn woosc-btn-5063  woosc-btn-has-icon woosc-btn-icon-text\" data-text=\"Kar\u015f\u0131la\u015ft\u0131r\" data-text_added=\"Kar\u015f\u0131la\u015ft\u0131r\" data-id=\"5063\" data-product_id=\"5063\" data-product_name=\"Mantotherm Astar A206\" data-product_image=\"https:\/\/www.kyk.com.tr\/wp-content\/uploads\/2025\/05\/a206-80x80.png\"><span class=\"woosc-btn-icon woosc-icon-1\"><\/span><span class=\"woosc-btn-text\">Kar\u015f\u0131la\u015ft\u0131r<\/span><\/button><\/div><\/li>\n<\/ul>\n<\/div>\n","protected":false},"excerpt":{"rendered":"","protected":false},"author":1,"featured_media":0,"parent":0,"menu_order":0,"comment_status":"closed","ping_status":"closed","template":"","meta":{"_acf_changed":false,"footnotes":""},"wf_page_folders":[],"class_list":["post-3377","page","type-page","status-publish","hentry"],"acf":[],"_links":{"self":[{"href":"https:\/\/www.kyk.com.tr\/index.php?rest_route=\/wp\/v2\/pages\/3377","targetHints":{"allow":["GET"]}}],"collection":[{"href":"https:\/\/www.kyk.com.tr\/index.php?rest_route=\/wp\/v2\/pages"}],"about":[{"href":"https:\/\/www.kyk.com.tr\/index.php?rest_route=\/wp\/v2\/types\/page"}],"author":[{"embeddable":true,"href":"https:\/\/www.kyk.com.tr\/index.php?rest_route=\/wp\/v2\/users\/1"}],"replies":[{"embeddable":true,"href":"https:\/\/www.kyk.com.tr\/index.php?rest_route=%2Fwp%2Fv2%2Fcomments&post=3377"}],"version-history":[{"count":3,"href":"https:\/\/www.kyk.com.tr\/index.php?rest_route=\/wp\/v2\/pages\/3377\/revisions"}],"predecessor-version":[{"id":8583,"href":"https:\/\/www.kyk.com.tr\/index.php?rest_route=\/wp\/v2\/pages\/3377\/revisions\/8583"}],"wp:attachment":[{"href":"https:\/\/www.kyk.com.tr\/index.php?rest_route=%2Fwp%2Fv2%2Fmedia&parent=3377"}],"wp:term":[{"taxonomy":"wf_page_folders","embeddable":true,"href":"https:\/\/www.kyk.com.tr\/index.php?rest_route=%2Fwp%2Fv2%2Fwf_page_folders&post=3377"}],"curies":[{"name":"wp","href":"https:\/\/api.w.org\/{rel}","templated":true}]}}