{"id":3408,"date":"2025-04-19T10:03:26","date_gmt":"2025-04-19T10:03:26","guid":{"rendered":"https:\/\/www.kyk.center\/?page_id=3408"},"modified":"2025-09-09T10:18:48","modified_gmt":"2025-09-09T10:18:48","slug":"oneri-ve-sikayet-formu","status":"publish","type":"page","link":"https:\/\/www.kyk.com.tr\/?page_id=3408","title":{"rendered":"\u00d6neri ve \u015eikayet Formu"},"content":{"rendered":"<div class=\"frm_forms  with_frm_style frm_style_formidable-style\" id=\"frm_form_8_container\" data-token=\"546aee76a9a2d14d771858e7190cec3f\">\n<form enctype=\"multipart\/form-data\" method=\"post\" class=\"frm-show-form  frm_pro_form \" id=\"form_oneri-sikayet\" data-token=\"546aee76a9a2d14d771858e7190cec3f\">\n<div class=\"frm_form_fields \">\n<fieldset>\n<legend class=\"frm_screen_reader\">\u00d6neri ve \u015eikayet Formu<\/legend>\r\n<h3 class=\"frm_form_title\">\u00d6neri ve \u015eikayet Formu<\/h3>\r\n<div class=\"frm_fields_container\">\n<input type=\"hidden\" name=\"frm_action\" value=\"create\" \/>\n<input type=\"hidden\" name=\"form_id\" value=\"8\" \/>\n<input type=\"hidden\" name=\"frm_hide_fields_8\" id=\"frm_hide_fields_8\" value=\"\" \/>\n<input type=\"hidden\" name=\"form_key\" value=\"oneri-sikayet\" \/>\n<input type=\"hidden\" name=\"item_meta[0]\" value=\"\" \/>\n<input type=\"hidden\" id=\"frm_submit_entry_8\" name=\"frm_submit_entry_8\" value=\"3f762a4245\" \/><input type=\"hidden\" name=\"_wp_http_referer\" value=\"\/index.php?rest_route=%2Fwp%2Fv2%2Fpages%2F3408\" \/><div id=\"frm_field_144_container\" class=\"frm_form_field form-field  frm_required_field frm_top_container\">\r\n\t<label for=\"field_7gnby32\" id=\"field_7gnby32_label\" class=\"frm_primary_label\">Ad\u0131n\u0131z \/ Soyad\u0131n\u0131z\r\n\t\t<span class=\"frm_required\" aria-hidden=\"true\">*<\/span>\r\n\t<\/label>\r\n\t<input  type=\"text\" id=\"field_7gnby32\" name=\"item_meta[144]\" value=\"\"  data-reqmsg=\"Ad\u0131n\u0131z \/ Soyad\u0131n\u0131z cannot be blank.\" aria-required=\"true\" data-invmsg=\"Ad\u0131n\u0131z \/ Soyad\u0131n\u0131z is invalid\" aria-invalid=\"false\"   \/>\r\n\t\r\n\t\r\n<\/div>\n<div id=\"frm_field_148_container\" class=\"frm_form_field form-field  frm_required_field frm_top_container\">\r\n\t<label for=\"field_bnpab32\" id=\"field_bnpab32_label\" class=\"frm_primary_label\">Cep Telefonunuz\r\n\t\t<span class=\"frm_required\" aria-hidden=\"true\">*<\/span>\r\n\t<\/label>\r\n\t<input type=\"tel\" id=\"field_bnpab32\" name=\"item_meta[148]\" value=\"\"  data-reqmsg=\"Cep Telefonunuz cannot be blank.\" aria-required=\"true\" data-invmsg=\"Cep Telefonunuz is invalid\" aria-invalid=\"false\" pattern=\"((\\+\\d{1,3}(-|.| )?\\(?\\d\\)?(-| |.)?\\d{1,5})|(\\(?\\d{2,6}\\)?))(-|.| )?(\\d{3,4})(-|.| )?(\\d{4})(( x| ext)\\d{1,5}){0,1}$\"  \/>\r\n\t\r\n\t\r\n<\/div>\n<div id=\"frm_field_149_container\" class=\"frm_form_field form-field  frm_required_field frm_top_container\">\r\n\t<label for=\"field_1jc73\" id=\"field_1jc73_label\" class=\"frm_primary_label\">E-Posta Adresiniz\r\n\t\t<span class=\"frm_required\" aria-hidden=\"true\">*<\/span>\r\n\t<\/label>\r\n\t<input type=\"email\" id=\"field_1jc73\" name=\"item_meta[149]\" value=\"\"  autocomplete=\"email\"  data-reqmsg=\"E-Posta Adresiniz cannot be blank.\" aria-required=\"true\" data-invmsg=\"E-Posta Adresiniz is invalid\" aria-invalid=\"false\"  \/>\r\n\t\r\n\t\r\n<\/div>\n<div id=\"frm_field_151_container\" class=\"frm_form_field form-field  frm_required_field frm_top_container\">\r\n\t<label for=\"field_n80fm3\" id=\"field_n80fm3_label\" class=\"frm_primary_label\">Konu Ba\u015fl\u0131\u011f\u0131\r\n\t\t<span class=\"frm_required\" aria-hidden=\"true\">*<\/span>\r\n\t<\/label>\r\n\t\t\t<select name=\"item_meta[151]\" id=\"field_n80fm3\"  data-frmval=\"Genel \u00dcr\u00fcn Kalitesi\" data-reqmsg=\"Konu Ba\u015fl\u0131\u011f\u0131 cannot be blank.\" aria-required=\"true\" data-invmsg=\"Konu Ba\u015fl\u0131\u011f\u0131 is invalid\" aria-invalid=\"false\"  >\n\t\t<option  value=\"Genel \u00dcr\u00fcn Kalitesi\" selected='selected'>Genel \u00dcr\u00fcn Kalitesi<\/option><option  value=\"Genel Hizmet Kalitesi\">Genel Hizmet Kalitesi<\/option><option  value=\"Kusurlu \/ Ay\u0131pl\u0131 \u00dcr\u00fcn \u0130nceleme Talebi\">Kusurlu \/ Ay\u0131pl\u0131 \u00dcr\u00fcn \u0130nceleme Talebi<\/option><option  value=\"Personel Nezaketi\">Personel Nezaketi<\/option><option  value=\"Personel Sorun \u00c7\u00f6zme\">Personel Sorun \u00c7\u00f6zme<\/option><option  value=\"Ge\u00e7 \/ Eksik Teslimat\">Ge\u00e7 \/ Eksik Teslimat<\/option><option  value=\"\u00c7a\u011fr\u0131 Merkezi Eri\u015fim \/ \u0130\u015flem\">\u00c7a\u011fr\u0131 Merkezi Eri\u015fim \/ \u0130\u015flem<\/option>\t<\/select>\n\t\r\n\t\r\n\t\r\n<\/div>\n<div id=\"frm_field_152_container\" class=\"frm_form_field form-field  frm_required_field frm_top_container\">\r\n\t<label for=\"field_jlqk92\" id=\"field_jlqk92_label\" class=\"frm_primary_label\">Mesaj\u0131n\u0131z\r\n\t\t<span class=\"frm_required\" aria-hidden=\"true\">*<\/span>\r\n\t<\/label>\r\n\t<textarea name=\"item_meta[152]\" id=\"field_jlqk92\" rows=\"5\"  data-reqmsg=\"Mesaj\u0131n\u0131z cannot be blank.\" aria-required=\"true\" data-invmsg=\"Mesaj\u0131n\u0131z is invalid\" aria-invalid=\"false\"  ><\/textarea>\r\n\t\r\n\t\r\n<\/div>\n<div id=\"frm_field_159_container\" class=\"frm_form_field  frm12 frm_first frm_html_container form-field\">\n<p><span style=\"color: #003366;\"><strong>L\u00fctfen Kullan\u0131m \u015eartlar\u0131n\u0131 Onaylay\u0131n:<\/strong><\/span><\/p>\n<p><strong>Ki\u015fisel Verilerin Kullan\u0131m\u0131<\/strong><\/p>\n<p>KYK Yap\u0131 Kimyasallar\u0131 A.\u015e (\"\u015eirket\") ile payla\u015ft\u0131\u011f\u0131m ki\u015fisel bilgilerimin, 6698 Ki\u015fisel Verilerin Korunmas\u0131 Kanunu'na (\"KVKK\") uygun olarak haz\u0131rlanan <a href=\"https:\/\/www.kyk.com.tr\/?page_id=3352\" target=\"_blank\" rel=\"noopener\">Ki\u015fisel Verilerin Korunmas\u0131 Kanunu Ayd\u0131nlatma Beyan\u0131<\/a> ve <a href=\"https:\/\/www.kyk.com.tr\/wp-content\/uploads\/2025\/06\/gizli.pdf\" target=\"_blank\" rel=\"noopener\">Gizlilik Politikas\u0131<\/a>'nda belirtilen \u015fartlar dahilinde m\u00fc\u015fteri ili\u015fkileri, insan kaynaklar\u0131 ve bilgi teknolojileri y\u00f6netiminin yap\u0131labilmesi, g\u00f6nderilen formlar\u0131n ve verilerin takibi, \"\u015eirket\" taraf\u0131ndan sunulan \u00fcr\u00fcn ve hizmetlerden faydalanabilmek i\u00e7in gerekli \u00e7al\u0131\u015fmalar\u0131n ilgili i\u015f birimleri taraf\u0131ndan yap\u0131labilmesi amac\u0131 ve kapsam\u0131 ile s\u0131n\u0131rl\u0131 kalmak \u00fczere kullan\u0131lmas\u0131na ve sadece \"\u015eirket\" taraf\u0131ndan eri\u015filebilir olmak kayd\u0131yla yurt i\u00e7i ya da yurt d\u0131\u015f\u0131ndaki sunuculara aktar\u0131lmas\u0131na a\u00e7\u0131k bir \u015fekilde r\u0131za verdi\u011fimi kabul ve beyan ederim. KVKK'n\u0131n 11.maddesi uyar\u0131nca sahip oldu\u011fum haklara ve bu haklarla ilgili ba\u015fvuru y\u00f6ntemlerine ili\u015fkin olarak Ayd\u0131nlatma Beyan\u0131 kapsam\u0131nda bilgilendirilmi\u015f oldu\u011fumu kabul ederim.<\/p>\n<\/div>\n<div id=\"frm_field_160_container\" class=\"frm_form_field form-field  frm_required_field frm_inline_container vertical_radio\">\r\n\t<div  id=\"field_shkqb32_label\" class=\"frm_primary_label\">\r\n\t\t<span class=\"frm_required\" aria-hidden=\"true\">*<\/span>\r\n\t<\/div>\r\n\t<div class=\"frm_opt_container\" aria-labelledby=\"field_shkqb32_label\" role=\"radiogroup\" aria-required=\"true\">\t\t<div class=\"frm_radio\" id=\"frm_radio_160-0\">\t\t\t<label  for=\"field_shkqb32-0\">\n\t\t\t\t\t<input type=\"radio\" name=\"item_meta[160]\" id=\"field_shkqb32-0\" value=\"\u015eartlar\u0131 okudum ve onayl\u0131yorum\"\n\t\t data-reqmsg=\"This field cannot be blank.\" data-invmsg=\"This field is invalid\"   \/> \u015eartlar\u0131 okudum ve onayl\u0131yorum<\/label><\/div>\n<\/div>\r\n\t\r\n\t\r\n<\/div>\n<div id=\"frm_field_161_container\" class=\"frm_form_field form-field  frm_none_container\">\r\n\t<label for=\"g-recaptcha-response\" id=\"field_so25p32_label\" class=\"frm_primary_label\">Captcha\r\n\t\t<span class=\"frm_required\" aria-hidden=\"true\"><\/span>\r\n\t<\/label>\r\n\t<div  id=\"field_so25p32\" class=\"frm-g-recaptcha\" data-sitekey=\"6LfMeN0rAAAAABk8nK_atfPuII21DcnuBsqXdj6a\" data-size=\"normal\" data-theme=\"light\"><\/div>\r\n\t\r\n\t\r\n<\/div>\n<div id=\"frm_field_162_container\" class=\"frm_form_field form-field  frm12 frm_first\">\r\n\t<div class=\"frm_submit frm_flex\">\r\n<button class=\"frm_button_submit frm_final_submit\" type=\"submit\"   formnovalidate=\"formnovalidate\">G\u00f6nder<\/button>\r\n\r\n\r\n\r\n<\/div>\r\n<\/div>\n\t<input type=\"hidden\" name=\"item_key\" value=\"\" \/>\n\t\t\t<div id=\"frm_field_275_container\">\n\t\t\t<label for=\"field_196fq\" >\n\t\t\t\tIf you are human, leave this field blank.\t\t\t<\/label>\n\t\t\t<input  id=\"field_196fq\" type=\"text\" class=\"frm_form_field form-field frm_verify\" name=\"item_meta[275]\" value=\"\"  \/>\n\t\t<\/div>\n\t\t<input name=\"frm_state\" type=\"hidden\" value=\"6aIWcWNh8cJOSxO6+veOAJWsWLNkSb1GaxIgnsrEHqmnjyDKMk9\/Hpdcv6NazuH1\" \/><\/div>\n<\/fieldset>\n<\/div>\n\n<\/form>\n<\/div>\n\n","protected":false},"excerpt":{"rendered":"","protected":false},"author":1,"featured_media":0,"parent":0,"menu_order":0,"comment_status":"closed","ping_status":"closed","template":"","meta":{"_acf_changed":false,"footnotes":""},"wf_page_folders":[],"class_list":["post-3408","page","type-page","status-publish","hentry"],"acf":[],"_links":{"self":[{"href":"https:\/\/www.kyk.com.tr\/index.php?rest_route=\/wp\/v2\/pages\/3408","targetHints":{"allow":["GET"]}}],"collection":[{"href":"https:\/\/www.kyk.com.tr\/index.php?rest_route=\/wp\/v2\/pages"}],"about":[{"href":"https:\/\/www.kyk.com.tr\/index.php?rest_route=\/wp\/v2\/types\/page"}],"author":[{"embeddable":true,"href":"https:\/\/www.kyk.com.tr\/index.php?rest_route=\/wp\/v2\/users\/1"}],"replies":[{"embeddable":true,"href":"https:\/\/www.kyk.com.tr\/index.php?rest_route=%2Fwp%2Fv2%2Fcomments&post=3408"}],"version-history":[{"count":4,"href":"https:\/\/www.kyk.com.tr\/index.php?rest_route=\/wp\/v2\/pages\/3408\/revisions"}],"predecessor-version":[{"id":7036,"href":"https:\/\/www.kyk.com.tr\/index.php?rest_route=\/wp\/v2\/pages\/3408\/revisions\/7036"}],"wp:attachment":[{"href":"https:\/\/www.kyk.com.tr\/index.php?rest_route=%2Fwp%2Fv2%2Fmedia&parent=3408"}],"wp:term":[{"taxonomy":"wf_page_folders","embeddable":true,"href":"https:\/\/www.kyk.com.tr\/index.php?rest_route=%2Fwp%2Fv2%2Fwf_page_folders&post=3408"}],"curies":[{"name":"wp","href":"https:\/\/api.w.org\/{rel}","templated":true}]}}