{"id":3462,"date":"2025-04-19T15:48:16","date_gmt":"2025-04-19T15:48:16","guid":{"rendered":"https:\/\/www.kyk.center\/?page_id=3462"},"modified":"2025-09-01T12:34:08","modified_gmt":"2025-09-01T12:34:08","slug":"usta-kulubu-basvurusu","status":"publish","type":"page","link":"https:\/\/www.kyk.com.tr\/?page_id=3462","title":{"rendered":"Usta Kul\u00fcb\u00fc Ba\u015fvurusu"},"content":{"rendered":"<div class=\"frm_forms  with_frm_style frm_style_formidable-style\" id=\"frm_form_2_container\" data-token=\"546aee76a9a2d14d771858e7190cec3f\">\n<form enctype=\"multipart\/form-data\" method=\"post\" class=\"frm-show-form  frm_pro_form \" id=\"form_usta-kulubu-basvurusu\" data-token=\"546aee76a9a2d14d771858e7190cec3f\">\n<div class=\"frm_form_fields \">\n<fieldset>\n<legend class=\"frm_screen_reader\">Usta Kul\u00fcb\u00fc Ba\u015fvurusu<\/legend>\r\n<h3 class=\"frm_form_title\">Usta Kul\u00fcb\u00fc Ba\u015fvurusu<\/h3>\r\n<div class=\"frm_fields_container\">\n<input type=\"hidden\" name=\"frm_action\" value=\"create\" \/>\n<input type=\"hidden\" name=\"form_id\" value=\"2\" \/>\n<input type=\"hidden\" name=\"frm_hide_fields_2\" id=\"frm_hide_fields_2\" value=\"\" \/>\n<input type=\"hidden\" name=\"form_key\" value=\"usta-kulubu-basvurusu\" \/>\n<input type=\"hidden\" name=\"item_meta[0]\" value=\"\" \/>\n<input type=\"hidden\" id=\"frm_submit_entry_2\" name=\"frm_submit_entry_2\" value=\"a7e08c29d4\" \/><input type=\"hidden\" name=\"_wp_http_referer\" value=\"\/index.php?rest_route=%2Fwp%2Fv2%2Fpages%2F3462\" \/><div id=\"frm_field_20_container\" class=\"frm_form_field frm_section_heading form-field  frm12 frm_first\">\r\n<h3 class=\"frm_pos_top frm_section_spacing\">K\u0130\u015e\u0130SEL B\u0130LG\u0130LER<\/h3>\r\n\r\n\r\n<div id=\"frm_field_14_container\" class=\"frm_form_field form-field  frm_required_field frm_top_container frm12 frm_first\">\r\n\t<label for=\"field_uno1j\" id=\"field_uno1j_label\" class=\"frm_primary_label\">Ad\u0131n\u0131z \/ Soyad\u0131n\u0131z\r\n\t\t<span class=\"frm_required\" aria-hidden=\"true\">*<\/span>\r\n\t<\/label>\r\n\t<input  type=\"text\" id=\"field_uno1j\" name=\"item_meta[14]\" value=\"\"  data-sectionid=\"20\"  data-reqmsg=\"Ad\u0131n\u0131z \/ Soyad\u0131n\u0131z cannot be blank.\" aria-required=\"true\" data-invmsg=\"Ad\u0131n\u0131z \/ Soyad\u0131n\u0131z is invalid\" aria-invalid=\"false\"   \/>\r\n\t\r\n\t\r\n<\/div>\n<div id=\"frm_field_9_container\" class=\"frm_form_field form-field  frm_required_field frm_top_container frm12 frm_first\">\r\n\t<label for=\"field_g0872\" id=\"field_g0872_label\" class=\"frm_primary_label\">TC Kimlik No.\r\n\t\t<span class=\"frm_required\" aria-hidden=\"true\">*<\/span>\r\n\t<\/label>\r\n\t<input type=\"number\" id=\"field_g0872\" name=\"item_meta[9]\" value=\"\" data-sectionid=\"20\"  data-reqmsg=\"TC Kimlik No. cannot be blank.\" aria-required=\"true\" data-invmsg=\"TC Kimlik No. is invalid\" aria-invalid=\"false\"   min=\"0\" max=\"99999999999\" step=\"any\" \/>\r\n\t\r\n\t\r\n<\/div>\n<div id=\"frm_field_225_container\" class=\"frm_form_field form-field  frm_required_field frm_top_container\">\n\t<label for=\"field_28klc\" id=\"field_28klc_label\" class=\"frm_primary_label\">\u0130liniz\n\t\t<span class=\"frm_required\" aria-hidden=\"true\">*<\/span>\n\t<\/label>\n\t<input  type=\"text\" id=\"field_28klc\" name=\"item_meta[225]\" value=\"\"  data-sectionid=\"20\"  data-reqmsg=\"\u0130liniz cannot be blank.\" aria-required=\"true\" data-invmsg=\"\u0130liniz is invalid\" aria-invalid=\"false\"   \/>\n\t\n\t\n<\/div>\n<div id=\"frm_field_226_container\" class=\"frm_form_field form-field  frm_required_field frm_top_container\">\n\t<label for=\"field_b6m16\" id=\"field_b6m16_label\" class=\"frm_primary_label\">\u0130l\u00e7eniz\n\t\t<span class=\"frm_required\" aria-hidden=\"true\">*<\/span>\n\t<\/label>\n\t<input  type=\"text\" id=\"field_b6m16\" name=\"item_meta[226]\" value=\"\"  data-sectionid=\"20\"  data-reqmsg=\"\u0130l\u00e7eniz cannot be blank.\" aria-required=\"true\" data-invmsg=\"\u0130l\u00e7eniz is invalid\" aria-invalid=\"false\"   \/>\n\t\n\t\n<\/div>\n<div id=\"frm_field_10_container\" class=\"frm_form_field form-field  frm_top_container\">\r\n\t<label for=\"field_nxxjr\" id=\"field_nxxjr_label\" class=\"frm_primary_label\">Adresiniz\r\n\t\t<span class=\"frm_required\" aria-hidden=\"true\"><\/span>\r\n\t<\/label>\r\n\t<textarea name=\"item_meta[10]\" id=\"field_nxxjr\" rows=\"5\"  data-sectionid=\"20\"  data-invmsg=\"Adresiniz is invalid\" aria-invalid=\"false\"  ><\/textarea>\r\n\t\r\n\t\r\n<\/div>\n<div id=\"frm_field_15_container\" class=\"frm_form_field form-field  frm_top_container\">\r\n\t<label for=\"field_ws2ik\" id=\"field_ws2ik_label\" class=\"frm_primary_label\">Do\u011fum Tarihiniz\r\n\t\t<span class=\"frm_required\" aria-hidden=\"true\"><\/span>\r\n\t<\/label>\r\n\t<input type=\"text\" id=\"field_ws2ik\" name=\"item_meta[15]\" value=\"\"  data-sectionid=\"20\"  maxlength=\"10\" data-invmsg=\"Do\u011fum Tarihiniz is invalid\" class=\"frm_date\" aria-invalid=\"false\"  \/>\r\n\t\r\n\t\r\n<\/div>\n<div id=\"frm_field_16_container\" class=\"frm_form_field form-field  frm_required_field frm_top_container\">\r\n\t<label for=\"field_6vtlv\" id=\"field_6vtlv_label\" class=\"frm_primary_label\">Cep Telefonunuz\r\n\t\t<span class=\"frm_required\" aria-hidden=\"true\">*<\/span>\r\n\t<\/label>\r\n\t<input type=\"tel\" id=\"field_6vtlv\" name=\"item_meta[16]\" value=\"\"  data-sectionid=\"20\"  data-reqmsg=\"Cep Telefonunuz cannot be blank.\" aria-required=\"true\" data-invmsg=\"Cep Telefonunuz is invalid\" aria-invalid=\"false\" pattern=\"((\\+\\d{1,3}(-|.| )?\\(?\\d\\)?(-| |.)?\\d{1,5})|(\\(?\\d{2,6}\\)?))(-|.| )?(\\d{3,4})(-|.| )?(\\d{4})(( x| ext)\\d{1,5}){0,1}$\"  \/>\r\n\t\r\n\t\r\n<\/div>\n<div id=\"frm_field_17_container\" class=\"frm_form_field form-field  frm_required_field frm_top_container\">\r\n\t<label for=\"field_3mgsy\" id=\"field_3mgsy_label\" class=\"frm_primary_label\">E-Posta\r\n\t\t<span class=\"frm_required\" aria-hidden=\"true\">*<\/span>\r\n\t<\/label>\r\n\t<input type=\"email\" id=\"field_3mgsy\" name=\"item_meta[17]\" value=\"\"  data-sectionid=\"20\"  autocomplete=\"email\"  data-reqmsg=\"E-Posta cannot be blank.\" aria-required=\"true\" data-invmsg=\"E-Posta is invalid\" aria-invalid=\"false\"  \/>\r\n\t\r\n\t\r\n<\/div>\n<div id=\"frm_field_18_container\" class=\"frm_form_field form-field  frm_top_container\">\r\n\t<label for=\"field_w5m97\" id=\"field_w5m97_label\" class=\"frm_primary_label\">Foto\u011fraf\u0131n\u0131z\r\n\t\t<span class=\"frm_required\" aria-hidden=\"true\"><\/span>\r\n\t<\/label>\r\n\t<input type=\"hidden\"  data-sectionid=\"20\"  data-invmsg=\"Foto\u011fraf\u0131n\u0131z is invalid\" class=\"auto_width\" aria-invalid=\"false\"   name=\"item_meta[18]\"  value=\"\" data-frmfile=\"18\" \/>\n\n<div class=\"frm_dropzone frm_single_upload frm_clearfix\" id=\"file18_dropzone\" role=\"group\" >\n\t<div class=\"fallback\">\n\t\t<input type=\"file\" name=\"file18\" id=\"field_w5m97\"\n\t\t\t data-sectionid=\"20\"  data-invmsg=\"Foto\u011fraf\u0131n\u0131z is invalid\" class=\"auto_width\" aria-invalid=\"false\"  \t\t\t\/>\n\t\t\t\t<div class=\"frm_clearfix \"><\/div>\n\t<\/div>\n\t<div class=\"dz-message needsclick\">\n\t\t\t\t<svg  viewBox=\"0 0 18 18\" class=\"frmsvg frm-svg-icon\">\n\t<path viewBox=\"0 0 18 18\" fill-rule=\"evenodd\" clip-rule=\"evenodd\" d=\"M8.2 4v8a.8.8 0 001.5 0V4l2.1 2.2A.7.7 0 1013 5L9.5 1.7a.7.7 0 00-1.1 0L5.1 5.2a.8.8 0 001 1l2.1-2zm7.6 4.3c.4 0 .7.3.7.7v6.8c0 .4-.3.7-.8.7H2.3a.8.8 0 01-.8-.8V9A.8.8 0 013 9v6h12V9c0-.4.3-.8.8-.8z\"><\/path>\n<\/svg>\t\t<span class=\"frm_upload_text\"><button type=\"button\" aria-label=\"Foto\u011fraf\u0131n\u0131z. Y\u00fcklemek i\u00e7in t\u0131klay\u0131n veya dosyay\u0131 bu alana s\u00fcr\u00fckleyin. Maximum file size: 5MB\">Y\u00fcklemek i\u00e7in t\u0131klay\u0131n veya dosyay\u0131 bu alana s\u00fcr\u00fckleyin<\/button><\/span>\n\t\t<span class=\"frm_compact_text\"><button type=\"button\" aria-label=\"Foto\u011fraf\u0131n\u0131z. . Maximum file size: 5MB\"><\/button><\/span>\n\t\t<div class=\"frm_small_text\">\n\t\t\t<p>Maximum file size: 5MB<\/p>\n\t\t<\/div>\n\t<\/div>\n<\/div>\n\t\r\n\t\r\n\t\r\n<\/div>\n<div id=\"frm_field_19_container\" class=\"frm_form_field form-field  frm_top_container\">\r\n\t<label for=\"field_4gakt\" id=\"field_4gakt_label\" class=\"frm_primary_label\">Medeni Durumunuz\r\n\t\t<span class=\"frm_required\" aria-hidden=\"true\"><\/span>\r\n\t<\/label>\r\n\t\t\t<select name=\"item_meta[19]\" id=\"field_4gakt\"  data-sectionid=\"20\"  data-frmval=\"Evli\" data-invmsg=\"Medeni Durumunuz is invalid\" aria-invalid=\"false\"  >\n\t\t<option  value=\"Evli\" selected='selected'>Evli<\/option><option  value=\"Bekar\">Bekar<\/option>\t<\/select>\n\t\r\n\t\r\n\t\r\n<\/div>\n<\/div>\n<div id=\"frm_field_23_container\" class=\"frm_form_field frm_section_heading form-field \">\r\n<h3 class=\"frm_pos_top frm_section_spacing\">MESLEK\u0130 B\u0130LG\u0130LER<\/h3>\r\n\r\n\r\n<div id=\"frm_field_25_container\" class=\"frm_form_field form-field  frm_top_container\">\r\n\t<label for=\"field_uv647\" id=\"field_uv647_label\" class=\"frm_primary_label\">Seramik Ustas\u0131y\u0131m\r\n\t\t<span class=\"frm_required\" aria-hidden=\"true\"><\/span>\r\n\t<\/label>\r\n\t\t\t<select name=\"item_meta[25]\" id=\"field_uv647\"  data-sectionid=\"23\"  data-frmval=\"Evet\" data-invmsg=\"Seramik Ustas\u0131y\u0131m is invalid\" aria-invalid=\"false\"  >\n\t\t<option  value=\"Evet\" selected='selected'>Evet<\/option><option  value=\"Hay\u0131r\">Hay\u0131r<\/option>\t<\/select>\n\t\r\n\t\r\n\t\r\n<\/div>\n<div id=\"frm_field_26_container\" class=\"frm_form_field form-field  frm_top_container\">\r\n\t<label for=\"field_en2xc\" id=\"field_en2xc_label\" class=\"frm_primary_label\">S\u0131va Ustas\u0131y\u0131m\r\n\t\t<span class=\"frm_required\" aria-hidden=\"true\"><\/span>\r\n\t<\/label>\r\n\t\t\t<select name=\"item_meta[26]\" id=\"field_en2xc\"  data-sectionid=\"23\"  data-frmval=\"Evet\" data-invmsg=\"S\u0131va Ustas\u0131y\u0131m is invalid\" aria-invalid=\"false\"  >\n\t\t<option  value=\"Evet\" selected='selected'>Evet<\/option><option  value=\"Hay\u0131r\">Hay\u0131r<\/option>\t<\/select>\n\t\r\n\t\r\n\t\r\n<\/div>\n<div id=\"frm_field_27_container\" class=\"frm_form_field form-field  frm_top_container\">\r\n\t<label for=\"field_sj3ef\" id=\"field_sj3ef_label\" class=\"frm_primary_label\">Mantolama Ustas\u0131y\u0131m\r\n\t\t<span class=\"frm_required\" aria-hidden=\"true\"><\/span>\r\n\t<\/label>\r\n\t\t\t<select name=\"item_meta[27]\" id=\"field_sj3ef\"  data-sectionid=\"23\"  data-frmval=\"Evet\" data-invmsg=\"Mantolama Ustas\u0131y\u0131m is invalid\" aria-invalid=\"false\"  >\n\t\t<option  value=\"Evet\" selected='selected'>Evet<\/option><option  value=\"Hay\u0131r\">Hay\u0131r<\/option>\t<\/select>\n\t\r\n\t\r\n\t\r\n<\/div>\n<div id=\"frm_field_29_container\" class=\"frm_form_field form-field  frm_top_container\">\r\n\t<label for=\"field_c0l0p\" id=\"field_c0l0p_label\" class=\"frm_primary_label\">Su Yal\u0131t\u0131m Ustas\u0131y\u0131m\r\n\t\t<span class=\"frm_required\" aria-hidden=\"true\"><\/span>\r\n\t<\/label>\r\n\t\t\t<select name=\"item_meta[29]\" id=\"field_c0l0p\"  data-sectionid=\"23\"  data-frmval=\"Evet\" data-invmsg=\"Su Yal\u0131t\u0131m Ustas\u0131y\u0131m is invalid\" aria-invalid=\"false\"  >\n\t\t<option  value=\"Evet\" selected='selected'>Evet<\/option><option  value=\"Hay\u0131r\">Hay\u0131r<\/option>\t<\/select>\n\t\r\n\t\r\n\t\r\n<\/div>\n<div id=\"frm_field_31_container\" class=\"frm_form_field form-field  frm_top_container\">\r\n\t<label for=\"field_qe16x\" id=\"field_qe16x_label\" class=\"frm_primary_label\">Tercih Edilen Meslek Grubu\r\n\t\t<span class=\"frm_required\" aria-hidden=\"true\"><\/span>\r\n\t<\/label>\r\n\t\t\t<select name=\"item_meta[31]\" id=\"field_qe16x\"  data-sectionid=\"23\"  data-frmval=\"Mantolama Ustas\u0131\" data-invmsg=\"Tercih Edilen Meslek Grubu is invalid\" aria-invalid=\"false\"  >\n\t\t<option  value=\"Mantolama Ustas\u0131\" selected='selected'>Mantolama Ustas\u0131<\/option><option  value=\"Seramik Ustas\u0131\">Seramik Ustas\u0131<\/option><option  value=\"S\u0131va Ustas\u0131\">S\u0131va Ustas\u0131<\/option><option  value=\"Su Yal\u0131t\u0131m Ustas\u0131\">Su Yal\u0131t\u0131m Ustas\u0131<\/option><option  value=\"End\u00fcstriyel Zemin Kaplama Ustas\u0131\">End\u00fcstriyel Zemin Kaplama Ustas\u0131<\/option>\t<\/select>\n\t\r\n\t\r\n\t\r\n<\/div>\n<div id=\"frm_field_32_container\" class=\"frm_form_field form-field  frm_top_container\">\r\n\t<label for=\"field_y8kw7\" id=\"field_y8kw7_label\" class=\"frm_primary_label\">Mesle\u011fe Ba\u015flad\u0131\u011f\u0131n\u0131z Y\u0131l\r\n\t\t<span class=\"frm_required\" aria-hidden=\"true\"><\/span>\r\n\t<\/label>\r\n\t<input type=\"number\" id=\"field_y8kw7\" name=\"item_meta[32]\" value=\"\" data-sectionid=\"23\"  data-invmsg=\"Mesle\u011fe Ba\u015flad\u0131\u011f\u0131n\u0131z Y\u0131l is invalid\" aria-invalid=\"false\"   min=\"0\" max=\"9999999\" step=\"any\" \/>\r\n\t\r\n\t\r\n<\/div>\n<div id=\"frm_field_33_container\" class=\"frm_form_field form-field  frm_top_container\">\r\n\t<label for=\"field_h8wgd\" id=\"field_h8wgd_label\" class=\"frm_primary_label\">MYK Belgeniz Var m\u0131?\r\n\t\t<span class=\"frm_required\" aria-hidden=\"true\"><\/span>\r\n\t<\/label>\r\n\t\t\t<select name=\"item_meta[33]\" id=\"field_h8wgd\"  data-sectionid=\"23\"  data-frmval=\"Evet\" data-invmsg=\"MYK Belgeniz Var m\u0131? is invalid\" aria-invalid=\"false\"  >\n\t\t<option  value=\"Evet\" selected='selected'>Evet<\/option><option  value=\"Hay\u0131r\">Hay\u0131r<\/option>\t<\/select>\n\t\r\n\t\r\n\t\r\n<\/div>\n<div id=\"frm_field_34_container\" class=\"frm_form_field form-field  frm_top_container\">\r\n\t<label for=\"field_e290d\" id=\"field_e290d_label\" class=\"frm_primary_label\">KYK Usta Seminerlerine Kat\u0131l\u0131yor musunuz?\r\n\t\t<span class=\"frm_required\" aria-hidden=\"true\"><\/span>\r\n\t<\/label>\r\n\t\t\t<select name=\"item_meta[34]\" id=\"field_e290d\"  data-sectionid=\"23\"  data-frmval=\"Evet\" data-invmsg=\"KYK Usta Seminerlerine Kat\u0131l\u0131yor musunuz? is invalid\" aria-invalid=\"false\"  >\n\t\t<option  value=\"Evet\" selected='selected'>Evet<\/option><option  value=\"Hay\u0131r\">Hay\u0131r<\/option><option  value=\"Bazen\">Bazen<\/option>\t<\/select>\n\t\r\n\t\r\n\t\r\n<\/div>\n<div id=\"frm_field_35_container\" class=\"frm_form_field form-field  frm_top_container\">\r\n\t<label for=\"field_fj4va\" id=\"field_fj4va_label\" class=\"frm_primary_label\">Kendi Ekibiniz Var m\u0131?\r\n\t\t<span class=\"frm_required\" aria-hidden=\"true\"><\/span>\r\n\t<\/label>\r\n\t\t\t<select name=\"item_meta[35]\" id=\"field_fj4va\"  data-sectionid=\"23\"  data-frmval=\"Evet\" data-invmsg=\"Kendi Ekibiniz Var m\u0131? is invalid\" aria-invalid=\"false\"  >\n\t\t<option  value=\"Evet\" selected='selected'>Evet<\/option><option  value=\"Hay\u0131r\">Hay\u0131r<\/option>\t<\/select>\n\t\r\n\t\r\n\t\r\n<\/div>\n<div id=\"frm_field_36_container\" class=\"frm_form_field form-field  frm_top_container\">\r\n\t<label for=\"field_9m8nl\" id=\"field_9m8nl_label\" class=\"frm_primary_label\">Hangi KYK Bayileri ile \u00c7al\u0131\u015f\u0131yorsunuz?\r\n\t\t<span class=\"frm_required\" aria-hidden=\"true\"><\/span>\r\n\t<\/label>\r\n\t<textarea name=\"item_meta[36]\" id=\"field_9m8nl\" rows=\"5\"  data-sectionid=\"23\"  data-invmsg=\"Hangi KYK Bayileri ile \u00c7al\u0131\u015f\u0131yorsunuz? is invalid\" aria-invalid=\"false\"  ><\/textarea>\r\n\t\r\n\t\r\n<\/div>\n<div id=\"frm_field_38_container\" class=\"frm_form_field form-field  frm_top_container\">\r\n\t<label for=\"field_v8gk5\" id=\"field_v8gk5_label\" class=\"frm_primary_label\">KYK \u00dcr\u00fcnlerini Ka\u00e7 Y\u0131ld\u0131r Kullan\u0131yorsunuz?\r\n\t\t<span class=\"frm_required\" aria-hidden=\"true\"><\/span>\r\n\t<\/label>\r\n\t<input type=\"number\" id=\"field_v8gk5\" name=\"item_meta[38]\" value=\"\" data-sectionid=\"23\"  data-invmsg=\"KYK \u00dcr\u00fcnlerini Ka\u00e7 Y\u0131ld\u0131r Kullan\u0131yorsunuz? is invalid\" aria-invalid=\"false\"   min=\"0\" max=\"9999999\" step=\"any\" \/>\r\n\t\r\n\t\r\n<\/div>\n<div id=\"frm_field_39_container\" class=\"frm_form_field form-field  frm_top_container\">\r\n\t<label for=\"field_cxgwd\" id=\"field_cxgwd_label\" class=\"frm_primary_label\">KYK \u00dcr\u00fcnlerini Neden Tercih Ediyorsunuz?\r\n\t\t<span class=\"frm_required\" aria-hidden=\"true\"><\/span>\r\n\t<\/label>\r\n\t<textarea name=\"item_meta[39]\" id=\"field_cxgwd\" rows=\"5\"  data-sectionid=\"23\"  data-invmsg=\"KYK \u00dcr\u00fcnlerini Neden Tercih Ediyorsunuz? is invalid\" aria-invalid=\"false\"  ><\/textarea>\r\n\t\r\n\t\r\n<\/div>\n<div id=\"frm_field_40_container\" class=\"frm_form_field form-field  frm_top_container\">\r\n\t<label for=\"field_d8en2\" id=\"field_d8en2_label\" class=\"frm_primary_label\">KYK \u00dcr\u00fcnleri Hakk\u0131ndaki D\u00fc\u015f\u00fcnceleriniz ve \u00d6nerileriniz\r\n\t\t<span class=\"frm_required\" aria-hidden=\"true\"><\/span>\r\n\t<\/label>\r\n\t<textarea name=\"item_meta[40]\" id=\"field_d8en2\" rows=\"5\"  data-sectionid=\"23\"  data-invmsg=\"KYK \u00dcr\u00fcnleri Hakk\u0131ndaki D\u00fc\u015f\u00fcnceleriniz ve \u00d6nerileriniz is invalid\" aria-invalid=\"false\"  ><\/textarea>\r\n\t\r\n\t\r\n<\/div>\n<div id=\"frm_field_41_container\" class=\"frm_form_field form-field  frm_top_container\">\r\n\t<label for=\"field_bbrht\" id=\"field_bbrht_label\" class=\"frm_primary_label\">Usta Kul\u00fcb\u00fcnden Beklentileriniz Nedir?\r\n\t\t<span class=\"frm_required\" aria-hidden=\"true\"><\/span>\r\n\t<\/label>\r\n\t<textarea name=\"item_meta[41]\" id=\"field_bbrht\" rows=\"5\"  data-sectionid=\"23\"  data-invmsg=\"Usta Kul\u00fcb\u00fcnden Beklentileriniz Nedir? is invalid\" aria-invalid=\"false\"  ><\/textarea>\r\n\t\r\n\t\r\n<\/div>\n<\/div>\n<div id=\"frm_field_42_container\" class=\"frm_form_field form-field  frm_required_field frm_inline_container vertical_radio\">\r\n\t<div  id=\"field_l6u8f_label\" class=\"frm_primary_label\">\r\n\t\t<span class=\"frm_required\" aria-hidden=\"true\">*<\/span>\r\n\t<\/div>\r\n\t<div class=\"frm_opt_container\" aria-labelledby=\"field_l6u8f_label\" role=\"radiogroup\" aria-required=\"true\">\t\t<div class=\"frm_radio\" id=\"frm_radio_42-0\">\t\t\t<label  for=\"field_l6u8f-0\">\n\t\t\t\t\t<input type=\"radio\" name=\"item_meta[42]\" id=\"field_l6u8f-0\" value=\"KYK Usta Kul\u00fcb\u00fc ferdi kaza sigorta poli\u00e7esini onayl\u0131yorum.\"\n\t\t data-reqmsg=\"This field cannot be blank.\" data-invmsg=\"This field is invalid\"   \/> KYK Usta Kul\u00fcb\u00fc ferdi kaza sigorta poli\u00e7esini onayl\u0131yorum.<\/label><\/div>\n<\/div>\r\n\t\r\n\t\r\n<\/div>\n<div id=\"frm_field_44_container\" class=\"frm_form_field  frm_html_container form-field\">\n<p><a href=\"https:\/\/www.kyk.com.tr\/wp-content\/uploads\/2025\/10\/FerdiKazaSigortasi.pdf\" target=\"_blank\" rel=\"noopener\"><strong>Poli\u00e7e bilgilendirme metnini okumak i\u00e7in t\u0131klay\u0131n\u0131z....<\/strong><\/a><\/p>\n<\/div>\n<div id=\"frm_field_45_container\" class=\"frm_form_field  frm_html_container form-field\">KYK Yap\u0131 Kimyasallar\u0131 A.\u015e ile payla\u015ft\u0131\u011f\u0131m ki\u015fisel bilgilerimin, 6698 Ki\u015fisel Verilerin Korunmas\u0131 Kanunu'na (\"KVKK\") uygun olarak haz\u0131rlanan a\u015fa\u011f\u0131daki beyanlar kapsam\u0131nda kullan\u0131laca\u011f\u0131 hakk\u0131nda bilgilendirildi\u011fimi ve a\u00e7\u0131k r\u0131za g\u00f6sterdi\u011fimi kabul ederim.<\/div>\n<div id=\"frm_field_46_container\" class=\"frm_form_field  frm_html_container form-field\"><strong><a href=\"https:\/\/www.kyk.com.tr\/wp-content\/uploads\/2025\/06\/usta_aydinlatma_beyan.pdf\" target=\"_blank\" rel=\"noopener\">USTA KUL\u00dcB\u00dc AYDINLATMA BEYANI G\u00d6R\u00dcNT\u00dcLE<\/a>\u00a0 \u00a0 \u00a0|\u00a0 \u00a0 \u00a0<a href=\"https:\/\/www.kyk.com.tr\/wp-content\/uploads\/2025\/06\/acik_riza_beyan.pdf\" target=\"_blank\" rel=\"noopener\">USTA KUL\u00dcB\u00dc A\u00c7IK RIZA METN\u0130 G\u00d6R\u00dcNT\u00dcLE<\/a><\/strong><\/div>\n<div id=\"frm_field_48_container\" class=\"frm_form_field form-field  frm_required_field frm_top_container frm6 frm_first\">\r\n\t<label for=\"field_bd7he\" id=\"field_bd7he_label\" class=\"frm_primary_label\">USTA AYDINLATMA BEYANINI OKUDUM\r\n\t\t<span class=\"frm_required\" aria-hidden=\"true\">*<\/span>\r\n\t<\/label>\r\n\t\t\t<select name=\"item_meta[48]\" id=\"field_bd7he\"  data-frmval=\"Evet\" data-reqmsg=\"USTA AYDINLATMA BEYANINI OKUDUM cannot be blank.\" aria-required=\"true\" data-invmsg=\"USTA AYDINLATMA BEYANINI OKUDUM is invalid\" aria-invalid=\"false\"  >\n\t\t<option  value=\"Evet\" selected='selected'>Evet<\/option><option  value=\"Hay\u0131r\">Hay\u0131r<\/option>\t<\/select>\n\t\r\n\t\r\n\t\r\n<\/div>\n<div id=\"frm_field_50_container\" class=\"frm_form_field form-field  frm_required_field frm_top_container frm6\">\r\n\t<label for=\"field_1d2df\" id=\"field_1d2df_label\" class=\"frm_primary_label\">USTA AYDINLATMA BEYANINI ONAYLIYORUM\r\n\t\t<span class=\"frm_required\" aria-hidden=\"true\">*<\/span>\r\n\t<\/label>\r\n\t\t\t<select name=\"item_meta[50]\" id=\"field_1d2df\"  data-frmval=\"Evet\" data-reqmsg=\"USTA AYDINLATMA BEYANINI ONAYLIYORUM cannot be blank.\" aria-required=\"true\" data-invmsg=\"USTA AYDINLATMA BEYANINI ONAYLIYORUM is invalid\" aria-invalid=\"false\"  >\n\t\t<option  value=\"Evet\" selected='selected'>Evet<\/option><option  value=\"Hay\u0131r\">Hay\u0131r<\/option>\t<\/select>\n\t\r\n\t\r\n\t\r\n<\/div>\n<div id=\"frm_field_51_container\" class=\"frm_form_field form-field  frm_none_container\">\r\n\t<label for=\"g-recaptcha-response\" id=\"field_sas7_label\" class=\"frm_primary_label\">\r\n\t\t<span class=\"frm_required\" aria-hidden=\"true\"><\/span>\r\n\t<\/label>\r\n\t<div  id=\"field_sas7\" class=\"frm-g-recaptcha\" data-sitekey=\"6LfMeN0rAAAAABk8nK_atfPuII21DcnuBsqXdj6a\" data-size=\"normal\" data-theme=\"light\"><\/div>\r\n\t\r\n\t\r\n<\/div>\n<div id=\"frm_field_6_container\" class=\"frm_form_field form-field  frm12 frm_first\">\r\n\t<div class=\"frm_submit frm_flex\">\r\n<button class=\"frm_button_submit frm_final_submit\" type=\"submit\"   formnovalidate=\"formnovalidate\">G\u00f6nder<\/button>\r\n\r\n\r\n\r\n<\/div>\r\n<\/div>\n\t<input type=\"hidden\" name=\"item_key\" value=\"\" \/>\n\t\t\t<div id=\"frm_field_275_container\">\n\t\t\t<label for=\"field_qz0ae\" >\n\t\t\t\tIf you are human, leave this field blank.\t\t\t<\/label>\n\t\t\t<input  id=\"field_qz0ae\" type=\"text\" class=\"frm_form_field form-field frm_verify\" name=\"item_meta[275]\" value=\"\"  \/>\n\t\t<\/div>\n\t\t<input name=\"frm_state\" type=\"hidden\" value=\"6aIWcWNh8cJOSxO6+veOAM\/IlAmbtuO1eirdyCsZYuOnjyDKMk9\/Hpdcv6NazuH1\" \/><\/div>\n<\/fieldset>\n<\/div>\n\n<\/form>\n<\/div>\n\n","protected":false},"excerpt":{"rendered":"","protected":false},"author":1,"featured_media":0,"parent":0,"menu_order":0,"comment_status":"closed","ping_status":"closed","template":"","meta":{"_acf_changed":false,"footnotes":""},"wf_page_folders":[],"class_list":["post-3462","page","type-page","status-publish","hentry"],"acf":[],"_links":{"self":[{"href":"https:\/\/www.kyk.com.tr\/index.php?rest_route=\/wp\/v2\/pages\/3462","targetHints":{"allow":["GET"]}}],"collection":[{"href":"https:\/\/www.kyk.com.tr\/index.php?rest_route=\/wp\/v2\/pages"}],"about":[{"href":"https:\/\/www.kyk.com.tr\/index.php?rest_route=\/wp\/v2\/types\/page"}],"author":[{"embeddable":true,"href":"https:\/\/www.kyk.com.tr\/index.php?rest_route=\/wp\/v2\/users\/1"}],"replies":[{"embeddable":true,"href":"https:\/\/www.kyk.com.tr\/index.php?rest_route=%2Fwp%2Fv2%2Fcomments&post=3462"}],"version-history":[{"count":14,"href":"https:\/\/www.kyk.com.tr\/index.php?rest_route=\/wp\/v2\/pages\/3462\/revisions"}],"predecessor-version":[{"id":8521,"href":"https:\/\/www.kyk.com.tr\/index.php?rest_route=\/wp\/v2\/pages\/3462\/revisions\/8521"}],"wp:attachment":[{"href":"https:\/\/www.kyk.com.tr\/index.php?rest_route=%2Fwp%2Fv2%2Fmedia&parent=3462"}],"wp:term":[{"taxonomy":"wf_page_folders","embeddable":true,"href":"https:\/\/www.kyk.com.tr\/index.php?rest_route=%2Fwp%2Fv2%2Fwf_page_folders&post=3462"}],"curies":[{"name":"wp","href":"https:\/\/api.w.org\/{rel}","templated":true}]}}