{"id":4057,"date":"2025-05-01T08:01:51","date_gmt":"2025-05-01T08:01:51","guid":{"rendered":"https:\/\/www.kyk.center\/?post_type=product&#038;p=4057"},"modified":"2026-04-24T12:46:46","modified_gmt":"2026-04-24T12:46:46","slug":"megagranit-y102","status":"publish","type":"product","link":"https:\/\/www.kyk.com.tr\/?product=megagranit-y102","title":{"rendered":"MegaGranit Y102"},"content":{"rendered":"<div  class='flex_column av-7x9px5-024a037555ad07e2d0b3d43582739b73 av_one_fourth  avia-builder-el-0  el_before_av_one_half  avia-builder-el-first  first flex_column_div  '     ><style type=\"text\/css\" data-created_by=\"avia_inline_auto\" id=\"style-css-av-mgia1mxp-b0fcba5517e7dc93acb9732a803f7f19\">\n.avia-image-container.av-mgia1mxp-b0fcba5517e7dc93acb9732a803f7f19 img.avia_image{\nbox-shadow:none;\n}\n.avia-image-container.av-mgia1mxp-b0fcba5517e7dc93acb9732a803f7f19 .av-image-caption-overlay-center{\ncolor:#ffffff;\n}\n<\/style>\n<div  class='avia-image-container av-mgia1mxp-b0fcba5517e7dc93acb9732a803f7f19 av-styling- avia-align-center  avia-builder-el-1  avia-builder-el-no-sibling '   itemprop=\"image\" itemscope=\"itemscope\" itemtype=\"https:\/\/schema.org\/ImageObject\" ><div class=\"avia-image-container-inner\"><div class=\"avia-image-overlay-wrap\"><img decoding=\"async\" fetchpriority=\"high\" class='wp-image-4058 avia-img-lazy-loading-not-4058 avia_image ' src=\"https:\/\/www.kyk.com.tr\/wp-content\/uploads\/2025\/05\/MEGAGRANIT_Y102.png\" alt='' title='MegaGranit Y102'  height=\"320\" width=\"320\"  itemprop=\"thumbnailUrl\" srcset=\"https:\/\/www.kyk.com.tr\/wp-content\/uploads\/2025\/05\/MEGAGRANIT_Y102.png 320w, https:\/\/www.kyk.com.tr\/wp-content\/uploads\/2025\/05\/MEGAGRANIT_Y102-300x300.png 300w, https:\/\/www.kyk.com.tr\/wp-content\/uploads\/2025\/05\/MEGAGRANIT_Y102-100x100.png 100w, https:\/\/www.kyk.com.tr\/wp-content\/uploads\/2025\/05\/MEGAGRANIT_Y102-80x80.png 80w, https:\/\/www.kyk.com.tr\/wp-content\/uploads\/2025\/05\/MEGAGRANIT_Y102-36x36.png 36w, https:\/\/www.kyk.com.tr\/wp-content\/uploads\/2025\/05\/MEGAGRANIT_Y102-180x180.png 180w, https:\/\/www.kyk.com.tr\/wp-content\/uploads\/2025\/05\/MEGAGRANIT_Y102-120x120.png 120w\" sizes=\"(max-width: 320px) 100vw, 320px\" \/><\/div><\/div><\/div><\/div>\n<div  class='flex_column av-5lhte1-e3112b079f18dcf5077c5f4b70e197aa av_one_half  avia-builder-el-2  el_after_av_one_fourth  el_before_av_two_third  flex_column_div  '     ><section  class='av_textblock_section av-mgia28y0-374c87e90db37c179d985da15f5310c4 '   itemscope=\"itemscope\" itemtype=\"https:\/\/schema.org\/CreativeWork\" ><div class='avia_textblock'  itemprop=\"text\" ><h1>MegaGranit Y102<\/h1>\n<\/div><\/section><br \/>\n\n<style type=\"text\/css\" data-created_by=\"avia_inline_auto\" id=\"style-css-av-mgia3eam-a8926a424d41b246162cb376596397b5\">\n#top .av_textblock_section.av-mgia3eam-a8926a424d41b246162cb376596397b5 .avia_textblock{\nfont-size:14px;\n}\n<\/style>\n<section  class='av_textblock_section av-mgia3eam-a8926a424d41b246162cb376596397b5 '   itemscope=\"itemscope\" itemtype=\"https:\/\/schema.org\/CreativeWork\" ><div class='avia_textblock'  itemprop=\"text\" ><p><strong>\u00c7imento esasl\u0131, tek bile\u015fenli, kayma \u00f6zelli\u011fi azalt\u0131lm\u0131\u015f, y\u00fcksek yap\u0131\u015fma g\u00fcc\u00fcne sahip, elastik karakterli, \u0131s\u0131 de\u011fi\u015fikli\u011fine, suya ve dona dayan\u0131kl\u0131, geli\u015ftirilmi\u015f, seramik, granit seramik, granit, mermer, do\u011fal ta\u015f, porselen gibi b\u00fcy\u00fck ebatl\u0131 kaplama malzemesi <span style=\"color: #ff9900\">C2TE<\/span> s\u0131n\u0131f\u0131 yap\u0131\u015ft\u0131rma harc\u0131d\u0131r.<\/strong><\/p>\n<p><img loading=\"lazy\" decoding=\"async\" class=\"alignnone size-thumbnail wp-image-9565\" src=\"https:\/\/www.kyk.com.tr\/wp-content\/uploads\/2025\/11\/C2TE-80x80.png\" alt=\"\" width=\"80\" height=\"80\" srcset=\"https:\/\/www.kyk.com.tr\/wp-content\/uploads\/2025\/11\/C2TE-80x80.png 80w, https:\/\/www.kyk.com.tr\/wp-content\/uploads\/2025\/11\/C2TE-300x300.png 300w, https:\/\/www.kyk.com.tr\/wp-content\/uploads\/2025\/11\/C2TE-36x36.png 36w, https:\/\/www.kyk.com.tr\/wp-content\/uploads\/2025\/11\/C2TE-180x180.png 180w, https:\/\/www.kyk.com.tr\/wp-content\/uploads\/2025\/11\/C2TE-120x120.png 120w, https:\/\/www.kyk.com.tr\/wp-content\/uploads\/2025\/11\/C2TE-450x450.png 450w, https:\/\/www.kyk.com.tr\/wp-content\/uploads\/2025\/11\/C2TE-100x100.png 100w, https:\/\/www.kyk.com.tr\/wp-content\/uploads\/2025\/11\/C2TE-96x96.png 96w, https:\/\/www.kyk.com.tr\/wp-content\/uploads\/2025\/11\/C2TE.png 500w\" sizes=\"auto, (max-width: 80px) 100vw, 80px\" \/><\/p>\n<\/div><\/section><\/p><\/div>\n<div  class='flex_column av-4qwkbt-d36881129b2dd95fc32f1a4e04284a93 av_two_third  avia-builder-el-5  el_after_av_one_half  el_before_av_one_third  first flex_column_div  column-top-margin'     ><section  class='av_textblock_section av-mgia4hu0-193f90fb6b9668a3afeaedbcc0641672 '   itemscope=\"itemscope\" itemtype=\"https:\/\/schema.org\/CreativeWork\" ><div class='avia_textblock'  itemprop=\"text\" ><h4>\u00a0 \u00a0 \u00dcR\u00dcN AVANTAJLARI<\/h4>\n<\/div><\/section><br \/>\n\n<style type=\"text\/css\" data-created_by=\"avia_inline_auto\" id=\"style-css-av-mgia52ze-37a6dee18d175d3edd970e1f0e0a1f3c\">\n#top .av_textblock_section.av-mgia52ze-37a6dee18d175d3edd970e1f0e0a1f3c .avia_textblock{\nfont-size:14px;\n}\n<\/style>\n<section  class='av_textblock_section av-mgia52ze-37a6dee18d175d3edd970e1f0e0a1f3c '   itemscope=\"itemscope\" itemtype=\"https:\/\/schema.org\/CreativeWork\" ><div class='avia_textblock'  itemprop=\"text\" ><ul>\n<li>B\u00fcy\u00fck ebatl\u0131 kaplamalar\u0131n yap\u0131\u015ft\u0131r\u0131lmas\u0131nda kullan\u0131l\u0131r.<\/li>\n<li>Polimer katk\u0131s\u0131 sayesinde elastikiyet ve y\u00fcksek yap\u0131\u015fma g\u00fcc\u00fc sa\u011flar.<\/li>\n<li>Is\u0131 de\u011fi\u015fikliklerine, suya ve dona kar\u015f\u0131 dayan\u0131kl\u0131d\u0131r.<\/li>\n<li>A\u00e7\u0131k bekletme s\u00fcresi uzat\u0131ld\u0131\u011f\u0131 i\u00e7in \u00e7al\u0131\u015fma s\u00fcresini art\u0131r\u0131r.<\/li>\n<li>Kolay haz\u0131rlan\u0131r ve uygulan\u0131r.<\/li>\n<li>D\u00fc\u015fey uygulamalarda kayma yapmaz.<\/li>\n<\/ul>\n<\/div><\/section><\/p><\/div>\n<div  class='flex_column av-2fag4p-bb783fa74272f671daf502086af17d1b av_one_third  avia-builder-el-8  el_after_av_two_third  el_before_av_toggle_container  flex_column_div  column-top-margin'     ><section  class='av_textblock_section av-mgia5tzg-0b598a06fcd9c8f3c487e81f4dd2c2b4 '   itemscope=\"itemscope\" itemtype=\"https:\/\/schema.org\/CreativeWork\" ><div class='avia_textblock'  itemprop=\"text\" ><h4>TEKN\u0130K BELGELER<\/h4>\n<\/div><\/section><br \/>\n<section  class='av_textblock_section av-mgia6a1m-4699bbf4137dbce33785ef186920b5e5 '   itemscope=\"itemscope\" itemtype=\"https:\/\/schema.org\/CreativeWork\" ><div class='avia_textblock'  itemprop=\"text\" ><p><a href=\"https:\/\/www.kyk.com.tr\/wp-content\/uploads\/2026\/04\/y102_tds.pdf\" target=\"_blank\" rel=\"noopener\"><img loading=\"lazy\" decoding=\"async\" class=\"alignnone wp-image-8657 size-full\" src=\"https:\/\/www.kyk.com.tr\/wp-content\/uploads\/2025\/10\/TDS_1.jpg\" alt=\"\" width=\"410\" height=\"41\" srcset=\"https:\/\/www.kyk.com.tr\/wp-content\/uploads\/2025\/10\/TDS_1.jpg 410w, https:\/\/www.kyk.com.tr\/wp-content\/uploads\/2025\/10\/TDS_1-300x30.jpg 300w\" sizes=\"auto, (max-width: 410px) 100vw, 410px\" \/><\/a><br \/>\n<a href=\"https:\/\/www.kyk.com.tr\/wp-content\/uploads\/2025\/10\/y102_msds.pdf\" target=\"_blank\" rel=\"noopener\"><img loading=\"lazy\" decoding=\"async\" class=\"alignnone size-full wp-image-8656\" src=\"https:\/\/www.kyk.com.tr\/wp-content\/uploads\/2025\/10\/MSDS_1.jpg\" alt=\"\" width=\"410\" height=\"41\" srcset=\"https:\/\/www.kyk.com.tr\/wp-content\/uploads\/2025\/10\/MSDS_1.jpg 410w, https:\/\/www.kyk.com.tr\/wp-content\/uploads\/2025\/10\/MSDS_1-300x30.jpg 300w\" sizes=\"auto, (max-width: 410px) 100vw, 410px\" \/><\/a><br \/>\n<a href=\"https:\/\/www.kyk.com.tr\/?sdm_process_download=1&amp;download_id=9219\" target=\"_blank\" rel=\"noopener\"><img loading=\"lazy\" decoding=\"async\" class=\"alignnone wp-image-8657 size-full\" src=\"https:\/\/www.kyk.com.tr\/wp-content\/uploads\/2025\/10\/TSE.jpg\" alt=\"\" width=\"410\" height=\"41\" \/><\/a><br \/>\n<a href=\"https:\/\/www.kyk.com.tr\/?sdm_process_download=1&amp;download_id=9221\" target=\"_blank\" rel=\"noopener\"><img loading=\"lazy\" decoding=\"async\" class=\"alignnone size-full wp-image-8656\" src=\"https:\/\/www.kyk.com.tr\/wp-content\/uploads\/2025\/10\/CE.jpg\" alt=\"\" width=\"410\" height=\"41\" \/><\/a><\/p>\n<\/div><\/section><br \/>\n<section  class='av_textblock_section av-mh1yz91e-0be4a5a29931deec68314176ca849fb1 '   itemscope=\"itemscope\" itemtype=\"https:\/\/schema.org\/CreativeWork\" ><div class='avia_textblock'  itemprop=\"text\" ><h4>T\u00dcKET\u0130M HESAPLAMA<\/h4>\n<\/div><\/section><br \/>\n<section  class='av_textblock_section av-mh1z04gf-ec67871deeca09d8f8d79904b5e2b53d '   itemscope=\"itemscope\" itemtype=\"https:\/\/schema.org\/CreativeWork\" ><div class='avia_textblock'  itemprop=\"text\" ><p><button class=\"popmake-7969\" style=\"width: 100%;height: 44px;margin-left: 0px;font-weight: bold;color: #003e73\" type=\"button\">MegaGranit Y102 T\u00fcketim Hesaplama<\/button><\/p>\n<\/div><\/section><\/p><\/div>\n<style type=\"text\/css\" data-created_by=\"avia_inline_auto\" id=\"style-css-av-mgia9334-d00d8cf23109e9fc01426f9f95d4eb76\">\n#top .togglecontainer.av-mgia9334-d00d8cf23109e9fc01426f9f95d4eb76 h6.toggler{\nfont-size:17px;\ncolor:#003e73;\n}\n#top .togglecontainer.av-mgia9334-d00d8cf23109e9fc01426f9f95d4eb76 h6.toggler .toggle_icon{\ncolor:#003e73;\nborder-color:#003e73;\n}\n#top .togglecontainer.av-mgia9334-d00d8cf23109e9fc01426f9f95d4eb76 h6.toggler .toggle_icon > span{\ncolor:#003e73;\nborder-color:#003e73;\n}\n#top .togglecontainer.av-mgia9334-d00d8cf23109e9fc01426f9f95d4eb76 .toggle_wrap .toggle_content{\nfont-size:14px;\ncolor:#003e73;\n}\n<\/style>\n<div  class='togglecontainer av-mgia9334-d00d8cf23109e9fc01426f9f95d4eb76 av-minimal-toggle  avia-builder-el-13  el_after_av_one_third  avia-builder-el-last  toggle_close_all' >\n<section class='av_toggle_section av-mgia6www-51cc1789ef237613547b128949301a1c'  itemscope=\"itemscope\" itemtype=\"https:\/\/schema.org\/CreativeWork\" ><div role=\"tablist\" class=\"single_toggle\" data-tags=\"{T\u00fcm\u00fc} \"  ><h6 id='toggle-toggle-id-1' data-fake-id='#toggle-id-1' class='toggler  av-title-above '  itemprop=\"headline\"  role='tab' tabindex='0' aria-controls='toggle-id-1' data-slide-speed=\"200\" data-title=\"KULLANIM ALANLARI\" data-title-open=\"\" data-aria_collapsed=\"Click to expand: KULLANIM ALANLARI\" data-aria_expanded=\"Click to collapse: KULLANIM ALANLARI\">KULLANIM ALANLARI<span class=\"toggle_icon\"><span class=\"vert_icon\"><\/span><span class=\"hor_icon\"><\/span><\/span><\/h6><div id='toggle-id-1' aria-labelledby='toggle-toggle-id-1' role='region' class='toggle_wrap  av-title-above'  ><div class='toggle_content invers-color '  itemprop=\"text\" ><p><strong>MegaGranit Y102<\/strong>; Kaplama malzemelerinin i\u00e7 ve d\u0131\u015f mekanlarda yatay ve d\u00fc\u015fey y\u00fczeylerde, sa\u011flam, tozsuz ve su emmesi d\u00fc\u015f\u00fck \u00e7imento esasl\u0131 s\u0131va, \u015fap, astarl\u0131 beton y\u00fczeyler \u00fczerine yap\u0131\u015ft\u0131r\u0131lmas\u0131nda kullan\u0131l\u0131r. \u0130\u00e7 ve d\u0131\u015f ortamda yo\u011fun yaya trafi\u011fine maruz kalan mekanlarda su emme oran\u0131 d\u00fc\u015f\u00fck granit, mermer, cotto, do\u011fal ta\u015f benzeri kaplamalar\u0131n yatay ve d\u00fc\u015fey y\u00fczeylere yap\u0131\u015ft\u0131r\u0131lmas\u0131nda kullan\u0131l\u0131r.<\/p>\n<\/div><\/div><\/div><\/section>\n<section class='av_toggle_section av-mgia7g55-f13f9d38ca8710d257832b5a55126a3e'  itemscope=\"itemscope\" itemtype=\"https:\/\/schema.org\/CreativeWork\" ><div role=\"tablist\" class=\"single_toggle\" data-tags=\"{T\u00fcm\u00fc} \"  ><h6 id='toggle-toggle-id-2' data-fake-id='#toggle-id-2' class='toggler  av-title-above '  itemprop=\"headline\"  role='tab' tabindex='0' aria-controls='toggle-id-2' data-slide-speed=\"200\" data-title=\"PERFORMANS B\u0130LG\u0130LER\u0130\" data-title-open=\"\" data-aria_collapsed=\"Click to expand: PERFORMANS B\u0130LG\u0130LER\u0130\" data-aria_expanded=\"Click to collapse: PERFORMANS B\u0130LG\u0130LER\u0130\">PERFORMANS B\u0130LG\u0130LER\u0130<span class=\"toggle_icon\"><span class=\"vert_icon\"><\/span><span class=\"hor_icon\"><\/span><\/span><\/h6><div id='toggle-id-2' aria-labelledby='toggle-toggle-id-2' role='region' class='toggle_wrap  av-title-above'  ><div class='toggle_content invers-color '  itemprop=\"text\" ><table width=\"576\">\n<tbody>\n<tr>\n<td width=\"293\"><strong>TEST<\/strong><\/td>\n<td width=\"123\"><strong>DE\u011eER<\/strong><\/td>\n<td width=\"160\"><strong>STANDART<\/strong><\/td>\n<\/tr>\n<tr>\n<td width=\"293\"><strong>Ba\u015flang\u0131\u00e7 \u00e7ekme yap\u0131\u015fma mukavemeti<\/strong><\/td>\n<td width=\"123\"><strong>\u2265 1 N\/mm2<\/strong><\/td>\n<td width=\"160\"><strong>EN 12004\u20132:2017, 8.3<\/strong><\/td>\n<\/tr>\n<tr>\n<td width=\"293\"><strong>Suya dald\u0131r\u0131ld\u0131ktan sonra \u00e7ekme yap\u0131\u015fma mukavemeti<\/strong><\/td>\n<td width=\"123\"><strong>\u2265 1 N\/mm2<\/strong><\/td>\n<td width=\"160\"><strong>EN 12004\u20132:2017, 8.3<\/strong><\/td>\n<\/tr>\n<tr>\n<td width=\"293\"><strong>Is\u0131yla ya\u015fland\u0131r\u0131ld\u0131ktan sonra \u00e7ekme yap\u0131\u015fma mukavemeti<\/strong><\/td>\n<td width=\"123\"><strong>\u2265 1 N\/mm2<\/strong><\/td>\n<td width=\"160\"><strong>EN 12004\u20132:2017, 8.3<\/strong><\/td>\n<\/tr>\n<tr>\n<td width=\"293\"><strong>Donma- \u00e7\u00f6z\u00fcnme \u00e7evriminden sonra \u00e7ekme yap\u0131\u015fma mukavemeti<\/strong><\/td>\n<td width=\"123\"><strong>\u2265 1 N\/mm2<\/strong><\/td>\n<td width=\"160\"><strong>EN 12004\u20132:2017, 8.3<\/strong><\/td>\n<\/tr>\n<tr>\n<td width=\"293\"><strong>A\u00e7\u0131k bekletme s\u00fcresi sonras\u0131 \u00e7ekme yap\u0131\u015fma mukavemeti (30 dk. sonra)<\/strong><\/td>\n<td width=\"123\"><strong>\u2265 0,5 N\/mm2<\/strong><\/td>\n<td width=\"160\"><strong>EN 12004\u20132:2017, 8.1<\/strong><\/td>\n<\/tr>\n<tr>\n<td width=\"293\"><strong>Kayma<\/strong><\/td>\n<td width=\"123\"><strong>\u2264 0,5 mm<\/strong><\/td>\n<td width=\"160\"><strong>EN 12004\u20132:2017, 8.2<\/strong><\/td>\n<\/tr>\n<tr>\n<td width=\"293\"><strong>Yang\u0131na tepki s\u0131n\u0131f\u0131<\/strong><\/td>\n<td width=\"123\"><strong>A1<\/strong><\/td>\n<td width=\"160\"><strong>TS EN 13501- 1<\/strong><\/td>\n<\/tr>\n<\/tbody>\n<\/table>\n<p>Bu de\u011ferler laboratuvar \u015fartlar\u0131nda; 23 \u00b1 2\u00b0C ve %50 \u00b1 5 ba\u011f\u0131l nem ortam\u0131nda yap\u0131lan deneyler sonucunda elde edilmi\u015ftir. Tabloda verilen de\u011ferler y\u00fczey ve ortam ko\u015fullar\u0131na g\u00f6re farkl\u0131l\u0131k g\u00f6sterebilir.<\/p>\n<\/div><\/div><\/div><\/section>\n<section class='av_toggle_section av-mgia82m2-fd659988d5bb5aa66d51caf1d08f602b'  itemscope=\"itemscope\" itemtype=\"https:\/\/schema.org\/CreativeWork\" ><div role=\"tablist\" class=\"single_toggle\" data-tags=\"{T\u00fcm\u00fc} \"  ><h6 id='toggle-toggle-id-3' data-fake-id='#toggle-id-3' class='toggler  av-title-above '  itemprop=\"headline\"  role='tab' tabindex='0' aria-controls='toggle-id-3' data-slide-speed=\"200\" data-title=\"UYGULAMA SINIRLARI\" data-title-open=\"\" data-aria_collapsed=\"Click to expand: UYGULAMA SINIRLARI\" data-aria_expanded=\"Click to collapse: UYGULAMA SINIRLARI\">UYGULAMA SINIRLARI<span class=\"toggle_icon\"><span class=\"vert_icon\"><\/span><span class=\"hor_icon\"><\/span><\/span><\/h6><div id='toggle-id-3' aria-labelledby='toggle-toggle-id-3' role='region' class='toggle_wrap  av-title-above'  ><div class='toggle_content invers-color '  itemprop=\"text\" ><table width=\"558\">\n<tbody>\n<tr>\n<td width=\"359\"><strong>A\u00c7IKLAMA<\/strong><\/td>\n<td width=\"198\"><strong>S\u00dcRE<\/strong><\/td>\n<\/tr>\n<tr>\n<td width=\"359\"><strong>Haz\u0131rlanan harc\u0131n kullan\u0131labilme s\u00fcresi- Kap \u00f6mr\u00fc<\/strong><\/td>\n<td width=\"198\"><strong>Maksimum 3 saat<\/strong><\/td>\n<\/tr>\n<tr>\n<td width=\"359\"><strong>\u00c7al\u0131\u015fabilme s\u00fcresi<\/strong><\/td>\n<td width=\"198\"><strong>Maksimum 30 dk.<\/strong><\/td>\n<\/tr>\n<tr>\n<td width=\"359\"><strong>D\u00fczeltilebilme s\u00fcresi<\/strong><\/td>\n<td width=\"198\"><strong>15 dk.<\/strong><\/td>\n<\/tr>\n<tr>\n<td width=\"359\"><strong>Derz uygulamas\u0131 i\u00e7in gerekli s\u00fcre<\/strong><\/td>\n<td width=\"198\"><strong>24 saat<\/strong><\/td>\n<\/tr>\n<tr>\n<td width=\"359\"><strong>Zeminin trafi\u011fe a\u00e7\u0131lmas\u0131 i\u00e7in gerekli s\u00fcre<\/strong><\/td>\n<td width=\"198\"><strong>24- 48 saat<\/strong><\/td>\n<\/tr>\n<\/tbody>\n<\/table>\n<p>Bu de\u011ferler laboratuvar \u015fartlar\u0131nda; 23 \u00b1 2\u00b0C ve %50 \u00b1 5 ba\u011f\u0131l nem ortam\u0131nda yap\u0131lan deneyler sonucunda elde edilmi\u015ftir. Tabloda verilen de\u011ferler y\u00fczey ve ortam ko\u015fullar\u0131na g\u00f6re farkl\u0131l\u0131k g\u00f6sterebilir.<\/p>\n<\/div><\/div><\/div><\/section>\n<section class='av_toggle_section av-mgia90o2-00b299abd6f9f9cd31289c5ff4aef698'  itemscope=\"itemscope\" itemtype=\"https:\/\/schema.org\/CreativeWork\" ><div role=\"tablist\" class=\"single_toggle\" data-tags=\"{T\u00fcm\u00fc} \"  ><h6 id='toggle-toggle-id-4' data-fake-id='#toggle-id-4' class='toggler  av-title-above '  itemprop=\"headline\"  role='tab' tabindex='0' aria-controls='toggle-id-4' data-slide-speed=\"200\" data-title=\"REFERANS STANDARTLARI\" data-title-open=\"\" data-aria_collapsed=\"Click to expand: REFERANS STANDARTLARI\" data-aria_expanded=\"Click to collapse: REFERANS STANDARTLARI\">REFERANS STANDARTLARI<span class=\"toggle_icon\"><span class=\"vert_icon\"><\/span><span class=\"hor_icon\"><\/span><\/span><\/h6><div id='toggle-id-4' aria-labelledby='toggle-toggle-id-4' role='region' class='toggle_wrap  av-title-above'  ><div class='toggle_content invers-color '  itemprop=\"text\" ><p><strong>Onaylar\/Standartlar:<\/strong><br \/>\nTS EN 12004-1<\/p>\n<p><strong>Bay\u0131nd\u0131rl\u0131k Bak. Poz No.:<\/strong><br \/>\nBay\u0131nd\u0131rl\u0131k Bak. Poz No.: 10.300.2203<\/p>\n<\/div><\/div><\/div><\/section>\n<\/div><\/p>\n","protected":false},"excerpt":{"rendered":"<p>\u00c7imento esasl\u0131, tek bile\u015fenli, kayma \u00f6zelli\u011fi azalt\u0131lm\u0131\u015f, y\u00fcksek yap\u0131\u015fma g\u00fcc\u00fcne sahip, elastik karakterli, \u0131s\u0131 de\u011fi\u015fikli\u011fine, suya ve dona dayan\u0131kl\u0131, geli\u015ftirilmi\u015f, seramik, granit seramik, granit, mermer, do\u011fal ta\u015f, porselen gibi b\u00fcy\u00fck ebatl\u0131 kaplama malzemesi yap\u0131\u015ft\u0131rma harc\u0131d\u0131r<\/p>\n","protected":false},"featured_media":4058,"comment_status":"closed","ping_status":"closed","template":"","meta":{"_acf_changed":false},"product_brand":[],"product_cat":[49],"product_tag":[],"class_list":{"0":"post-4057","1":"product","2":"type-product","3":"status-publish","4":"has-post-thumbnail","6":"product_cat-yapistiricilar","8":"first","9":"instock","10":"shipping-taxable","11":"product-type-simple"},"acf":[],"_links":{"self":[{"href":"https:\/\/www.kyk.com.tr\/index.php?rest_route=\/wp\/v2\/product\/4057","targetHints":{"allow":["GET"]}}],"collection":[{"href":"https:\/\/www.kyk.com.tr\/index.php?rest_route=\/wp\/v2\/product"}],"about":[{"href":"https:\/\/www.kyk.com.tr\/index.php?rest_route=\/wp\/v2\/types\/product"}],"replies":[{"embeddable":true,"href":"https:\/\/www.kyk.com.tr\/index.php?rest_route=%2Fwp%2Fv2%2Fcomments&post=4057"}],"wp:featuredmedia":[{"embeddable":true,"href":"https:\/\/www.kyk.com.tr\/index.php?rest_route=\/wp\/v2\/media\/4058"}],"wp:attachment":[{"href":"https:\/\/www.kyk.com.tr\/index.php?rest_route=%2Fwp%2Fv2%2Fmedia&parent=4057"}],"wp:term":[{"taxonomy":"product_brand","embeddable":true,"href":"https:\/\/www.kyk.com.tr\/index.php?rest_route=%2Fwp%2Fv2%2Fproduct_brand&post=4057"},{"taxonomy":"product_cat","embeddable":true,"href":"https:\/\/www.kyk.com.tr\/index.php?rest_route=%2Fwp%2Fv2%2Fproduct_cat&post=4057"},{"taxonomy":"product_tag","embeddable":true,"href":"https:\/\/www.kyk.com.tr\/index.php?rest_route=%2Fwp%2Fv2%2Fproduct_tag&post=4057"}],"curies":[{"name":"wp","href":"https:\/\/api.w.org\/{rel}","templated":true}]}}