{"id":4063,"date":"2025-05-01T08:06:26","date_gmt":"2025-05-01T08:06:26","guid":{"rendered":"https:\/\/www.kyk.center\/?post_type=product&#038;p=4063"},"modified":"2026-04-27T08:08:03","modified_gmt":"2026-04-27T08:08:03","slug":"megapool-y105","status":"publish","type":"product","link":"https:\/\/www.kyk.com.tr\/?product=megapool-y105","title":{"rendered":"MegaPool Y105"},"content":{"rendered":"<div  class='flex_column av-q6qbj-267523cd7e69d6601bccb7f05512d908 av_one_third  avia-builder-el-0  el_before_av_one_half  avia-builder-el-first  first flex_column_div  '     ><style type=\"text\/css\" data-created_by=\"avia_inline_auto\" id=\"style-css-av-mgib36uh-12c1c7fe51e63afbc9180e91dc31faf4\">\n.avia-image-container.av-mgib36uh-12c1c7fe51e63afbc9180e91dc31faf4 img.avia_image{\nbox-shadow:none;\n}\n.avia-image-container.av-mgib36uh-12c1c7fe51e63afbc9180e91dc31faf4 .av-image-caption-overlay-center{\ncolor:#ffffff;\n}\n<\/style>\n<div  class='avia-image-container av-mgib36uh-12c1c7fe51e63afbc9180e91dc31faf4 av-styling- avia-align-center  avia-builder-el-1  avia-builder-el-no-sibling '   itemprop=\"image\" itemscope=\"itemscope\" itemtype=\"https:\/\/schema.org\/ImageObject\" ><div class=\"avia-image-container-inner\"><div class=\"avia-image-overlay-wrap\"><img decoding=\"async\" fetchpriority=\"high\" class='wp-image-4064 avia-img-lazy-loading-not-4064 avia_image ' src=\"https:\/\/www.kyk.com.tr\/wp-content\/uploads\/2025\/05\/MEGAPOOL_Y105.png\" alt='' title='MegaPool Y105'  height=\"320\" width=\"320\"  itemprop=\"thumbnailUrl\" srcset=\"https:\/\/www.kyk.com.tr\/wp-content\/uploads\/2025\/05\/MEGAPOOL_Y105.png 320w, https:\/\/www.kyk.com.tr\/wp-content\/uploads\/2025\/05\/MEGAPOOL_Y105-300x300.png 300w, https:\/\/www.kyk.com.tr\/wp-content\/uploads\/2025\/05\/MEGAPOOL_Y105-100x100.png 100w, https:\/\/www.kyk.com.tr\/wp-content\/uploads\/2025\/05\/MEGAPOOL_Y105-80x80.png 80w, https:\/\/www.kyk.com.tr\/wp-content\/uploads\/2025\/05\/MEGAPOOL_Y105-36x36.png 36w, https:\/\/www.kyk.com.tr\/wp-content\/uploads\/2025\/05\/MEGAPOOL_Y105-180x180.png 180w, https:\/\/www.kyk.com.tr\/wp-content\/uploads\/2025\/05\/MEGAPOOL_Y105-120x120.png 120w\" sizes=\"(max-width: 320px) 100vw, 320px\" \/><\/div><\/div><\/div><\/div>\n<div  class='flex_column av-5j0nin-271a8d4ad95ea61b48a13bff14debf18 av_one_half  avia-builder-el-2  el_after_av_one_third  el_before_av_two_third  flex_column_div  '     ><section  class='av_textblock_section av-mgib3gbh-9bfc90597a28d00e120e5cf209fc1dd1 '   itemscope=\"itemscope\" itemtype=\"https:\/\/schema.org\/CreativeWork\" ><div class='avia_textblock'  itemprop=\"text\" ><h1>MegaPool Y105<\/h1>\n<\/div><\/section><br \/>\n\n<style type=\"text\/css\" data-created_by=\"avia_inline_auto\" id=\"style-css-av-mgib3wuv-a9bb41893c8ac80cee7b7e7efcd4bc68\">\n#top .av_textblock_section.av-mgib3wuv-a9bb41893c8ac80cee7b7e7efcd4bc68 .avia_textblock{\nfont-size:14px;\n}\n<\/style>\n<section  class='av_textblock_section av-mgib3wuv-a9bb41893c8ac80cee7b7e7efcd4bc68 '   itemscope=\"itemscope\" itemtype=\"https:\/\/schema.org\/CreativeWork\" ><div class='avia_textblock'  itemprop=\"text\" ><p><strong>\u00c7imento esasl\u0131, tek bile\u015fenli, kayma \u00f6zelli\u011fi azalt\u0131lm\u0131\u015f, y\u00fcksek yap\u0131\u015fma g\u00fcc\u00fc ve y\u00fcksek elastikiyet \u00f6zelli\u011fine sahip, \u0131s\u0131 de\u011fi\u015fikli\u011fine, suya ve dona dayan\u0131kl\u0131, geli\u015ftirilmi\u015f, \u00e7al\u0131\u015fma s\u00fcresi uzat\u0131lm\u0131\u015f havuz ve \u0131slak hacimlerde kullan\u0131lan kaplama malzemesi <span style=\"color: #ff9900\">C2TE S1<\/span> s\u0131n\u0131f\u0131 yap\u0131\u015ft\u0131rma harc\u0131d\u0131r.<\/strong><\/p>\n<p><img loading=\"lazy\" decoding=\"async\" class=\"alignnone size-thumbnail wp-image-9566\" src=\"https:\/\/www.kyk.com.tr\/wp-content\/uploads\/2025\/11\/C2TES1-80x80.png\" alt=\"\" width=\"80\" height=\"80\" srcset=\"https:\/\/www.kyk.com.tr\/wp-content\/uploads\/2025\/11\/C2TES1-80x80.png 80w, https:\/\/www.kyk.com.tr\/wp-content\/uploads\/2025\/11\/C2TES1-300x300.png 300w, https:\/\/www.kyk.com.tr\/wp-content\/uploads\/2025\/11\/C2TES1-36x36.png 36w, https:\/\/www.kyk.com.tr\/wp-content\/uploads\/2025\/11\/C2TES1-180x180.png 180w, https:\/\/www.kyk.com.tr\/wp-content\/uploads\/2025\/11\/C2TES1-120x120.png 120w, https:\/\/www.kyk.com.tr\/wp-content\/uploads\/2025\/11\/C2TES1-450x450.png 450w, https:\/\/www.kyk.com.tr\/wp-content\/uploads\/2025\/11\/C2TES1-100x100.png 100w, https:\/\/www.kyk.com.tr\/wp-content\/uploads\/2025\/11\/C2TES1-96x96.png 96w, https:\/\/www.kyk.com.tr\/wp-content\/uploads\/2025\/11\/C2TES1.png 500w\" sizes=\"auto, (max-width: 80px) 100vw, 80px\" \/><\/p>\n<\/div><\/section><\/p><\/div>\n<div  class='flex_column av-3weqq7-f943aad1b766de48c08861d8d428cd2a av_two_third  avia-builder-el-5  el_after_av_one_half  el_before_av_one_third  first flex_column_div  column-top-margin'     ><section  class='av_textblock_section av-mgib4shq-889a61b7840836f3f730d9514b20f880 '   itemscope=\"itemscope\" itemtype=\"https:\/\/schema.org\/CreativeWork\" ><div class='avia_textblock'  itemprop=\"text\" ><h4>\u00a0 \u00a0 \u00dcR\u00dcN AVANTAJLARI<\/h4>\n<\/div><\/section><br \/>\n\n<style type=\"text\/css\" data-created_by=\"avia_inline_auto\" id=\"style-css-av-mgib5ds2-aec74df1e2839a1f9d786273d001c4a6\">\n#top .av_textblock_section.av-mgib5ds2-aec74df1e2839a1f9d786273d001c4a6 .avia_textblock{\nfont-size:14px;\n}\n<\/style>\n<section  class='av_textblock_section av-mgib5ds2-aec74df1e2839a1f9d786273d001c4a6 '   itemscope=\"itemscope\" itemtype=\"https:\/\/schema.org\/CreativeWork\" ><div class='avia_textblock'  itemprop=\"text\" ><ul>\n<li>Antibakteriyel katk\u0131 sayesinde, uygulama sonras\u0131nda, malzeme y\u00fczeyinde bakteri olu\u015fumuna kar\u015f\u0131 diren\u00e7 g\u00f6sterir ve uzun \u00f6m\u00fcrl\u00fc koruma sa\u011flar.<\/li>\n<li>Porselen seramiklere ve cam mozaiklere \u00e7ok iyi yap\u0131\u015f\u0131r.<\/li>\n<li>Su iticidir, havuz gibi s\u00fcrekli su ile temas halinde olan y\u00fczeylerde kullan\u0131ma uygundur.<\/li>\n<li>Klor gibi havuz kimyasallar\u0131na dayan\u0131kl\u0131d\u0131r.<\/li>\n<li>Polimer katk\u0131s\u0131 sayesinde y\u00fcksek elastikiyet ve yap\u0131\u015fma g\u00fcc\u00fc sa\u011flar.<\/li>\n<li>Is\u0131 de\u011fi\u015fikliklerine, suya ve dona kar\u015f\u0131 dayan\u0131kl\u0131d\u0131r.<\/li>\n<li>A\u00e7\u0131k bekletme s\u00fcresi uzat\u0131ld\u0131\u011f\u0131 i\u00e7in \u00e7al\u0131\u015fma s\u00fcresini art\u0131r\u0131r.<\/li>\n<li>Kolay haz\u0131rlan\u0131r ve uygulan\u0131r.<\/li>\n<li>D\u00fc\u015fey uygulamalarda kayma yapmaz.<\/li>\n<\/ul>\n<\/div><\/section><\/p><\/div><div  class='flex_column av-33csen-f41f183d0bfe04e84bcbfb57652df6b5 av_one_third  avia-builder-el-8  el_after_av_two_third  el_before_av_toggle_container  flex_column_div  column-top-margin'     ><section  class='av_textblock_section av-mgib60n2-9a297fbabad4ac9a2196e22191d54c4d '   itemscope=\"itemscope\" itemtype=\"https:\/\/schema.org\/CreativeWork\" ><div class='avia_textblock'  itemprop=\"text\" ><h4>TEKN\u0130K BELGELER<\/h4>\n<\/div><\/section><br \/>\n<section  class='av_textblock_section av-mgib6dhi-4c18d562f72cc9cd2c321a8f9fa80082 '   itemscope=\"itemscope\" itemtype=\"https:\/\/schema.org\/CreativeWork\" ><div class='avia_textblock'  itemprop=\"text\" ><p><a href=\"https:\/\/www.kyk.com.tr\/wp-content\/uploads\/2026\/04\/y105_tds.pdf\" target=\"_blank\" rel=\"noopener\"><img loading=\"lazy\" decoding=\"async\" class=\"alignnone wp-image-8657 size-full\" src=\"https:\/\/www.kyk.com.tr\/wp-content\/uploads\/2025\/10\/TDS_1.jpg\" alt=\"\" width=\"410\" height=\"41\" srcset=\"https:\/\/www.kyk.com.tr\/wp-content\/uploads\/2025\/10\/TDS_1.jpg 410w, https:\/\/www.kyk.com.tr\/wp-content\/uploads\/2025\/10\/TDS_1-300x30.jpg 300w\" sizes=\"auto, (max-width: 410px) 100vw, 410px\" \/><\/a><br \/>\n<a href=\"https:\/\/www.kyk.com.tr\/wp-content\/uploads\/2025\/05\/y105_msds.pdf\" target=\"_blank\" rel=\"noopener\"><img loading=\"lazy\" decoding=\"async\" class=\"alignnone size-full wp-image-8656\" src=\"https:\/\/www.kyk.com.tr\/wp-content\/uploads\/2025\/10\/MSDS_1.jpg\" alt=\"\" width=\"410\" height=\"41\" srcset=\"https:\/\/www.kyk.com.tr\/wp-content\/uploads\/2025\/10\/MSDS_1.jpg 410w, https:\/\/www.kyk.com.tr\/wp-content\/uploads\/2025\/10\/MSDS_1-300x30.jpg 300w\" sizes=\"auto, (max-width: 410px) 100vw, 410px\" \/><\/a><br \/>\n<a href=\"https:\/\/www.kyk.com.tr\/?sdm_process_download=1&amp;download_id=9235\" target=\"_blank\" rel=\"noopener\"><img loading=\"lazy\" decoding=\"async\" class=\"alignnone wp-image-8657 size-full\" src=\"https:\/\/www.kyk.com.tr\/wp-content\/uploads\/2025\/10\/TSE.jpg\" alt=\"\" width=\"410\" height=\"41\" \/><\/a><br \/>\n<a href=\"https:\/\/www.kyk.com.tr\/?sdm_process_download=1&amp;download_id=9237\" target=\"_blank\" rel=\"noopener\"><img loading=\"lazy\" decoding=\"async\" class=\"alignnone size-full wp-image-8656\" src=\"https:\/\/www.kyk.com.tr\/wp-content\/uploads\/2025\/10\/CE.jpg\" alt=\"\" width=\"410\" height=\"41\" \/><\/a><\/p>\n<\/div><\/section><br \/>\n<section  class='av_textblock_section av-mh1z5jgs-4aa80e1dd6f51070dfaf9560c52a1881 '   itemscope=\"itemscope\" itemtype=\"https:\/\/schema.org\/CreativeWork\" ><div class='avia_textblock'  itemprop=\"text\" ><h4>T\u00dcKET\u0130M HESAPLAMA<\/h4>\n<\/div><\/section><br \/>\n<section  class='av_textblock_section av-mh1z646l-4d57650fdc1c046389b52add86e02221 '   itemscope=\"itemscope\" itemtype=\"https:\/\/schema.org\/CreativeWork\" ><div class='avia_textblock'  itemprop=\"text\" ><p><button class=\"popmake-7988\" style=\"width: 100%;height: 44px;margin-left: 0px;font-weight: bold;color: #003e73\" type=\"button\">MegaPool Y105 T\u00fcketim Hesaplama<\/button><\/p>\n<\/div><\/section><\/p><\/div><\/p>\n\n<style type=\"text\/css\" data-created_by=\"avia_inline_auto\" id=\"style-css-av-mgib9dtz-7efe2d0b167d5fc9e70d62bb9cf35572\">\n#top .togglecontainer.av-mgib9dtz-7efe2d0b167d5fc9e70d62bb9cf35572 h6.toggler{\nfont-size:17px;\ncolor:#003e73;\n}\n#top .togglecontainer.av-mgib9dtz-7efe2d0b167d5fc9e70d62bb9cf35572 h6.toggler .toggle_icon{\ncolor:#003e73;\nborder-color:#003e73;\n}\n#top .togglecontainer.av-mgib9dtz-7efe2d0b167d5fc9e70d62bb9cf35572 h6.toggler .toggle_icon > span{\ncolor:#003e73;\nborder-color:#003e73;\n}\n#top .togglecontainer.av-mgib9dtz-7efe2d0b167d5fc9e70d62bb9cf35572 .toggle_wrap .toggle_content{\nfont-size:14px;\ncolor:#003e73;\n}\n<\/style>\n<div  class='togglecontainer av-mgib9dtz-7efe2d0b167d5fc9e70d62bb9cf35572 av-minimal-toggle  avia-builder-el-13  el_after_av_one_third  avia-builder-el-last  toggle_close_all' >\n<section class='av_toggle_section av-mgib6z4r-547b520b6396054c343e6329327dd217'  itemscope=\"itemscope\" itemtype=\"https:\/\/schema.org\/CreativeWork\" ><div role=\"tablist\" class=\"single_toggle\" data-tags=\"{T\u00fcm\u00fc} \"  ><h6 id='toggle-toggle-id-1' data-fake-id='#toggle-id-1' class='toggler  av-title-above '  itemprop=\"headline\"  role='tab' tabindex='0' aria-controls='toggle-id-1' data-slide-speed=\"200\" data-title=\"KULLANIM ALANLARI\" data-title-open=\"\" data-aria_collapsed=\"Click to expand: KULLANIM ALANLARI\" data-aria_expanded=\"Click to collapse: KULLANIM ALANLARI\">KULLANIM ALANLARI<span class=\"toggle_icon\"><span class=\"vert_icon\"><\/span><span class=\"hor_icon\"><\/span><\/span><\/h6><div id='toggle-id-1' aria-labelledby='toggle-toggle-id-1' role='region' class='toggle_wrap  av-title-above'  ><div class='toggle_content invers-color '  itemprop=\"text\" ><p><strong>MegaPool Y105<\/strong>; Kaplama malzemelerinin i\u00e7 ve d\u0131\u015f mekanlarda yatay ve d\u00fc\u015fey y\u00fczeylere sa\u011flam, tozsuz ve su emmesi d\u00fc\u015f\u00fck \u00e7imento esasl\u0131 s\u0131va, \u015fap, astarl\u0131 beton, eski seramik kapl\u0131 y\u00fczeyler ve kuru duvar sistemleri \u00fczerine, yap\u0131\u015ft\u0131r\u0131lmas\u0131nda kullan\u0131l\u0131r. \u0130\u00e7 ve d\u0131\u015f ortamda yo\u011fun yaya trafi\u011fine maruz, \u0131slak hacimler i\u00e7in geli\u015ftirilmi\u015f \u00f6zel form\u00fcl\u00fc sayesinde s\u00fcrekli su ile temas eden y\u00fczme havuzlar\u0131, su depolar\u0131, oto y\u0131kama istasyonlar\u0131 gibi yerlerde, \u0131s\u0131 de\u011fi\u015fimlerinin \u00e7ok fazla oldu\u011fu yerden \u0131s\u0131tmal\u0131 zeminlerde yap\u0131lacak uygulamalarda kullan\u0131l\u0131r.<\/p>\n<\/div><\/div><\/div><\/section>\n<section class='av_toggle_section av-mgib7hik-fa775f2e7f7a5a09b4920b4a540f100d'  itemscope=\"itemscope\" itemtype=\"https:\/\/schema.org\/CreativeWork\" ><div role=\"tablist\" class=\"single_toggle\" data-tags=\"{T\u00fcm\u00fc} \"  ><h6 id='toggle-toggle-id-2' data-fake-id='#toggle-id-2' class='toggler  av-title-above '  itemprop=\"headline\"  role='tab' tabindex='0' aria-controls='toggle-id-2' data-slide-speed=\"200\" data-title=\"PERFORMANS B\u0130LG\u0130LER\u0130\" data-title-open=\"\" data-aria_collapsed=\"Click to expand: PERFORMANS B\u0130LG\u0130LER\u0130\" data-aria_expanded=\"Click to collapse: PERFORMANS B\u0130LG\u0130LER\u0130\">PERFORMANS B\u0130LG\u0130LER\u0130<span class=\"toggle_icon\"><span class=\"vert_icon\"><\/span><span class=\"hor_icon\"><\/span><\/span><\/h6><div id='toggle-id-2' aria-labelledby='toggle-toggle-id-2' role='region' class='toggle_wrap  av-title-above'  ><div class='toggle_content invers-color '  itemprop=\"text\" ><table width=\"576\">\n<tbody>\n<tr>\n<td width=\"293\"><strong>TEST<\/strong><\/td>\n<td width=\"123\"><strong>DE\u011eER<\/strong><\/td>\n<td width=\"160\"><strong>STANDART<\/strong><\/td>\n<\/tr>\n<tr>\n<td width=\"293\"><strong>Ba\u015flang\u0131\u00e7 \u00e7ekme yap\u0131\u015fma mukavemeti<\/strong><\/td>\n<td width=\"123\"><strong>\u2265 1 N\/mm2<\/strong><\/td>\n<td width=\"160\"><strong>EN 12004\u20132:2017, 8.3<\/strong><\/td>\n<\/tr>\n<tr>\n<td width=\"293\"><strong>Suya dald\u0131r\u0131ld\u0131ktan sonra \u00e7ekme yap\u0131\u015fma mukavemeti<\/strong><\/td>\n<td width=\"123\"><strong>\u2265 1 N\/mm2<\/strong><\/td>\n<td width=\"160\"><strong>EN 12004\u20132:2017, 8.3<\/strong><\/td>\n<\/tr>\n<tr>\n<td width=\"293\"><strong>Is\u0131yla ya\u015fland\u0131r\u0131ld\u0131ktan sonra \u00e7ekme yap\u0131\u015fma mukavemeti<\/strong><\/td>\n<td width=\"123\"><strong>\u2265 1 N\/mm2<\/strong><\/td>\n<td width=\"160\"><strong>EN 12004\u20132:2017, 8.3<\/strong><\/td>\n<\/tr>\n<tr>\n<td width=\"293\"><strong>Donma- \u00e7\u00f6z\u00fcnme \u00e7evriminden sonra \u00e7ekme yap\u0131\u015fma mukavemeti<\/strong><\/td>\n<td width=\"123\"><strong>\u2265 1 N\/mm2<\/strong><\/td>\n<td width=\"160\"><strong>EN 12004\u20132:2017, 8.3<\/strong><\/td>\n<\/tr>\n<tr>\n<td width=\"293\"><strong>A\u00e7\u0131k bekletme s\u00fcresi sonras\u0131 \u00e7ekme yap\u0131\u015fma mukavemeti (30 dk. sonra)<\/strong><\/td>\n<td width=\"123\"><strong>\u2265 0,5 N\/mm2<\/strong><\/td>\n<td width=\"160\"><strong>EN 12004\u20132:2017, 8.1<\/strong><\/td>\n<\/tr>\n<tr>\n<td width=\"293\"><strong>Enine \u015fekil de\u011fi\u015ftirme<\/strong><\/td>\n<td width=\"123\"><strong>2,5 mm \u2264 S1 &lt;5 mm<\/strong><\/td>\n<td width=\"160\"><strong>EN 12004\u20132:2017, 8.6<\/strong><\/td>\n<\/tr>\n<tr>\n<td width=\"293\"><strong>Kayma<\/strong><\/td>\n<td width=\"123\"><strong>\u2264 0,5 mm<\/strong><\/td>\n<td width=\"160\"><strong>EN 12004\u20132:2017, 8.2<\/strong><\/td>\n<\/tr>\n<tr>\n<td width=\"293\"><strong>Yang\u0131na tepki s\u0131n\u0131f\u0131<\/strong><\/td>\n<td width=\"123\"><strong>A1<\/strong><\/td>\n<td width=\"160\"><strong>TS EN 13501- 1<\/strong><\/td>\n<\/tr>\n<\/tbody>\n<\/table>\n<p>Bu de\u011ferler laboratuvar \u015fartlar\u0131nda; 23 \u00b1 2\u00b0C ve %50 \u00b1 5 ba\u011f\u0131l nem ortam\u0131nda yap\u0131lan deneyler sonucunda elde edilmi\u015ftir. Tabloda verilen de\u011ferler y\u00fczey ve ortam ko\u015fullar\u0131na g\u00f6re farkl\u0131l\u0131k g\u00f6sterebilir.<\/p>\n<\/div><\/div><\/div><\/section>\n<section class='av_toggle_section av-mgib7mx9-3ebf1773d4e63f9cc6002bb13ef25a84'  itemscope=\"itemscope\" itemtype=\"https:\/\/schema.org\/CreativeWork\" ><div role=\"tablist\" class=\"single_toggle\" data-tags=\"{T\u00fcm\u00fc} \"  ><h6 id='toggle-toggle-id-3' data-fake-id='#toggle-id-3' class='toggler  av-title-above '  itemprop=\"headline\"  role='tab' tabindex='0' aria-controls='toggle-id-3' data-slide-speed=\"200\" data-title=\"UYGULAMA SINIRLARI\" data-title-open=\"\" data-aria_collapsed=\"Click to expand: UYGULAMA SINIRLARI\" data-aria_expanded=\"Click to collapse: UYGULAMA SINIRLARI\">UYGULAMA SINIRLARI<span class=\"toggle_icon\"><span class=\"vert_icon\"><\/span><span class=\"hor_icon\"><\/span><\/span><\/h6><div id='toggle-id-3' aria-labelledby='toggle-toggle-id-3' role='region' class='toggle_wrap  av-title-above'  ><div class='toggle_content invers-color '  itemprop=\"text\" ><table width=\"558\">\n<tbody>\n<tr>\n<td width=\"359\"><strong>A\u00c7IKLAMA<\/strong><\/td>\n<td width=\"198\"><strong>S\u00dcRE<\/strong><\/td>\n<\/tr>\n<tr>\n<td width=\"359\"><strong>Haz\u0131rlanan harc\u0131n kullan\u0131labilme s\u00fcresi- Kap \u00f6mr\u00fc<\/strong><\/td>\n<td width=\"198\"><strong>Maksimum 3 saat<\/strong><\/td>\n<\/tr>\n<tr>\n<td width=\"359\"><strong>\u00c7al\u0131\u015fabilme s\u00fcresi<\/strong><\/td>\n<td width=\"198\"><strong>Maksimum 30 dk.<\/strong><\/td>\n<\/tr>\n<tr>\n<td width=\"359\"><strong>D\u00fczeltilebilme s\u00fcresi<\/strong><\/td>\n<td width=\"198\"><strong>20 dk.<\/strong><\/td>\n<\/tr>\n<tr>\n<td width=\"359\"><strong>Derz uygulamas\u0131 i\u00e7in gerekli s\u00fcre<\/strong><\/td>\n<td width=\"198\"><strong>24 saat<\/strong><\/td>\n<\/tr>\n<tr>\n<td width=\"359\"><strong>Zeminin trafi\u011fe a\u00e7\u0131lmas\u0131 i\u00e7in gerekli s\u00fcre<\/strong><\/td>\n<td width=\"198\"><strong>24- 48 saat<\/strong><\/td>\n<\/tr>\n<\/tbody>\n<\/table>\n<p>Bu de\u011ferler laboratuvar \u015fartlar\u0131nda; 23 \u00b1 2\u00b0C ve %50 \u00b1 5 ba\u011f\u0131l nem ortam\u0131nda yap\u0131lan deneyler sonucunda elde edilmi\u015ftir. Tabloda verilen de\u011ferler y\u00fczey ve ortam ko\u015fullar\u0131na g\u00f6re farkl\u0131l\u0131k g\u00f6sterebilir.<\/p>\n<\/div><\/div><\/div><\/section>\n<section class='av_toggle_section av-mgib8eos-225fa34997c2b4d6f8bdc751964219b9'  itemscope=\"itemscope\" itemtype=\"https:\/\/schema.org\/CreativeWork\" ><div role=\"tablist\" class=\"single_toggle\" data-tags=\"{T\u00fcm\u00fc} \"  ><h6 id='toggle-toggle-id-4' data-fake-id='#toggle-id-4' class='toggler  av-title-above '  itemprop=\"headline\"  role='tab' tabindex='0' aria-controls='toggle-id-4' data-slide-speed=\"200\" data-title=\"REFERANS STANDARTLARI\" data-title-open=\"\" data-aria_collapsed=\"Click to expand: REFERANS STANDARTLARI\" data-aria_expanded=\"Click to collapse: REFERANS STANDARTLARI\">REFERANS STANDARTLARI<span class=\"toggle_icon\"><span class=\"vert_icon\"><\/span><span class=\"hor_icon\"><\/span><\/span><\/h6><div id='toggle-id-4' aria-labelledby='toggle-toggle-id-4' role='region' class='toggle_wrap  av-title-above'  ><div class='toggle_content invers-color '  itemprop=\"text\" ><p><strong>Onaylar\/Standartlar:<\/strong><br \/>\nTS EN 12004<\/p>\n<p><strong>Bay\u0131nd\u0131rl\u0131k Bak. Poz No.:<\/strong><br \/>\nBay\u0131nd\u0131rl\u0131k Bak. Poz No.: 10.300.2204<\/p>\n<\/div><\/div><\/div><\/section>\n<\/div>\n","protected":false},"excerpt":{"rendered":"","protected":false},"featured_media":4064,"comment_status":"closed","ping_status":"closed","template":"","meta":{"_acf_changed":false},"product_brand":[],"product_cat":[49],"product_tag":[],"class_list":{"0":"post-4063","1":"product","2":"type-product","3":"status-publish","4":"has-post-thumbnail","6":"product_cat-yapistiricilar","8":"first","9":"instock","10":"shipping-taxable","11":"product-type-simple"},"acf":[],"_links":{"self":[{"href":"https:\/\/www.kyk.com.tr\/index.php?rest_route=\/wp\/v2\/product\/4063","targetHints":{"allow":["GET"]}}],"collection":[{"href":"https:\/\/www.kyk.com.tr\/index.php?rest_route=\/wp\/v2\/product"}],"about":[{"href":"https:\/\/www.kyk.com.tr\/index.php?rest_route=\/wp\/v2\/types\/product"}],"replies":[{"embeddable":true,"href":"https:\/\/www.kyk.com.tr\/index.php?rest_route=%2Fwp%2Fv2%2Fcomments&post=4063"}],"wp:featuredmedia":[{"embeddable":true,"href":"https:\/\/www.kyk.com.tr\/index.php?rest_route=\/wp\/v2\/media\/4064"}],"wp:attachment":[{"href":"https:\/\/www.kyk.com.tr\/index.php?rest_route=%2Fwp%2Fv2%2Fmedia&parent=4063"}],"wp:term":[{"taxonomy":"product_brand","embeddable":true,"href":"https:\/\/www.kyk.com.tr\/index.php?rest_route=%2Fwp%2Fv2%2Fproduct_brand&post=4063"},{"taxonomy":"product_cat","embeddable":true,"href":"https:\/\/www.kyk.com.tr\/index.php?rest_route=%2Fwp%2Fv2%2Fproduct_cat&post=4063"},{"taxonomy":"product_tag","embeddable":true,"href":"https:\/\/www.kyk.com.tr\/index.php?rest_route=%2Fwp%2Fv2%2Fproduct_tag&post=4063"}],"curies":[{"name":"wp","href":"https:\/\/api.w.org\/{rel}","templated":true}]}}