{"id":4321,"date":"2025-05-04T13:10:41","date_gmt":"2025-05-04T13:10:41","guid":{"rendered":"https:\/\/www.kyk.center\/?post_type=product&#038;p=4321"},"modified":"2026-04-27T07:13:56","modified_gmt":"2026-04-27T07:13:56","slug":"megapro-facade-y111","status":"publish","type":"product","link":"https:\/\/www.kyk.com.tr\/?product=megapro-facade-y111","title":{"rendered":"MegaPro Facade Y111"},"content":{"rendered":"<div  class='flex_column av-6t3lxt-dda3b26ddbe1d564b499a5ffea9cf62d av_one_third  avia-builder-el-0  el_before_av_one_half  avia-builder-el-first  first flex_column_div  '     ><style type=\"text\/css\" data-created_by=\"avia_inline_auto\" id=\"style-css-av-mgibk67h-bb22d6a76c55b49655fb6ee5ed2decb3\">\n.avia-image-container.av-mgibk67h-bb22d6a76c55b49655fb6ee5ed2decb3 img.avia_image{\nbox-shadow:none;\n}\n.avia-image-container.av-mgibk67h-bb22d6a76c55b49655fb6ee5ed2decb3 .av-image-caption-overlay-center{\ncolor:#ffffff;\n}\n<\/style>\n<div  class='avia-image-container av-mgibk67h-bb22d6a76c55b49655fb6ee5ed2decb3 av-styling- avia-align-center  avia-builder-el-1  avia-builder-el-no-sibling '   itemprop=\"image\" itemscope=\"itemscope\" itemtype=\"https:\/\/schema.org\/ImageObject\" ><div class=\"avia-image-container-inner\"><div class=\"avia-image-overlay-wrap\"><img decoding=\"async\" fetchpriority=\"high\" class='wp-image-4322 avia-img-lazy-loading-not-4322 avia_image ' src=\"https:\/\/www.kyk.com.tr\/wp-content\/uploads\/2025\/05\/y111.png\" alt='' title='MegaPro Facade Y111'  height=\"320\" width=\"320\"  itemprop=\"thumbnailUrl\" srcset=\"https:\/\/www.kyk.com.tr\/wp-content\/uploads\/2025\/05\/y111.png 320w, https:\/\/www.kyk.com.tr\/wp-content\/uploads\/2025\/05\/y111-300x300.png 300w, https:\/\/www.kyk.com.tr\/wp-content\/uploads\/2025\/05\/y111-100x100.png 100w, https:\/\/www.kyk.com.tr\/wp-content\/uploads\/2025\/05\/y111-80x80.png 80w, https:\/\/www.kyk.com.tr\/wp-content\/uploads\/2025\/05\/y111-36x36.png 36w, https:\/\/www.kyk.com.tr\/wp-content\/uploads\/2025\/05\/y111-180x180.png 180w, https:\/\/www.kyk.com.tr\/wp-content\/uploads\/2025\/05\/y111-120x120.png 120w, https:\/\/www.kyk.com.tr\/wp-content\/uploads\/2025\/05\/y111-96x96.png 96w\" sizes=\"(max-width: 320px) 100vw, 320px\" \/><\/div><\/div><\/div><\/div>\n<div  class='flex_column av-5k7ycx-ca862081cf0e6da79f627cb4bf8b464e av_one_half  avia-builder-el-2  el_after_av_one_third  el_before_av_two_third  flex_column_div  '     ><section  class='av_textblock_section av-mgibkh2s-05aa1f8d6523cacfa25218179e356d89 '   itemscope=\"itemscope\" itemtype=\"https:\/\/schema.org\/CreativeWork\" ><div class='avia_textblock'  itemprop=\"text\" ><h1>MegaPro Facade Y111<\/h1>\n<\/div><\/section><br \/>\n\n<style type=\"text\/css\" data-created_by=\"avia_inline_auto\" id=\"style-css-av-mgibksij-d851ae546116b1cd777b7f3c0f3b1c0e\">\n#top .av_textblock_section.av-mgibksij-d851ae546116b1cd777b7f3c0f3b1c0e .avia_textblock{\nfont-size:14px;\n}\n<\/style>\n<section  class='av_textblock_section av-mgibksij-d851ae546116b1cd777b7f3c0f3b1c0e '   itemscope=\"itemscope\" itemtype=\"https:\/\/schema.org\/CreativeWork\" ><div class='avia_textblock'  itemprop=\"text\" ><p><strong>\u00c7imento ve polimer em\u00fclsiyon esasl\u0131, \u00e7ift bile\u015fenli, kayma \u00f6zelli\u011fi azalt\u0131lm\u0131\u015f, y\u00fcksek yap\u0131\u015fma g\u00fcc\u00fc ve \u00e7ok y\u00fcksek elastikiyet \u00f6zelli\u011fine sahip, \u0131s\u0131 de\u011fi\u015fikli\u011fine, suya ve dona dayan\u0131kl\u0131, geli\u015ftirilmi\u015f, \u00e7al\u0131\u015fma s\u00fcresi uzat\u0131lm\u0131\u015f, seramik, granit seramik, granit, mermer, do\u011fal ta\u015f, porselen gibi b\u00fcy\u00fck ebatl\u0131 kaplama malzemesi <span style=\"color: #ff9900\">C2TE S2<\/span> s\u0131n\u0131f\u0131 yap\u0131\u015ft\u0131rma harc\u0131d\u0131r.<\/strong><\/p>\n<p><img loading=\"lazy\" decoding=\"async\" class=\"alignnone size-thumbnail wp-image-9567\" src=\"https:\/\/www.kyk.com.tr\/wp-content\/uploads\/2025\/11\/C2TES2-80x80.png\" alt=\"\" width=\"80\" height=\"80\" srcset=\"https:\/\/www.kyk.com.tr\/wp-content\/uploads\/2025\/11\/C2TES2-80x80.png 80w, https:\/\/www.kyk.com.tr\/wp-content\/uploads\/2025\/11\/C2TES2-300x300.png 300w, https:\/\/www.kyk.com.tr\/wp-content\/uploads\/2025\/11\/C2TES2-36x36.png 36w, https:\/\/www.kyk.com.tr\/wp-content\/uploads\/2025\/11\/C2TES2-180x180.png 180w, https:\/\/www.kyk.com.tr\/wp-content\/uploads\/2025\/11\/C2TES2-120x120.png 120w, https:\/\/www.kyk.com.tr\/wp-content\/uploads\/2025\/11\/C2TES2-450x450.png 450w, https:\/\/www.kyk.com.tr\/wp-content\/uploads\/2025\/11\/C2TES2-100x100.png 100w, https:\/\/www.kyk.com.tr\/wp-content\/uploads\/2025\/11\/C2TES2-96x96.png 96w, https:\/\/www.kyk.com.tr\/wp-content\/uploads\/2025\/11\/C2TES2.png 500w\" sizes=\"auto, (max-width: 80px) 100vw, 80px\" \/><\/p>\n<\/div><\/section><\/p><\/div>\n<div  class='flex_column av-3xnjkx-57eaa35d1ba36b7ae6f4260dde1d7a93 av_two_third  avia-builder-el-5  el_after_av_one_half  el_before_av_one_third  first flex_column_div  column-top-margin'     ><section  class='av_textblock_section av-mgiblq4g-4fd9ca4d0abc87e265ea01061dcaf415 '   itemscope=\"itemscope\" itemtype=\"https:\/\/schema.org\/CreativeWork\" ><div class='avia_textblock'  itemprop=\"text\" ><h4>\u00a0 \u00a0 \u00dcR\u00dcN AVANTAJLARI<\/h4>\n<\/div><\/section><br \/>\n\n<style type=\"text\/css\" data-created_by=\"avia_inline_auto\" id=\"style-css-av-mgibm4hh-7215f5123f0445a84727ea432045fe7a\">\n#top .av_textblock_section.av-mgibm4hh-7215f5123f0445a84727ea432045fe7a .avia_textblock{\nfont-size:14px;\n}\n<\/style>\n<section  class='av_textblock_section av-mgibm4hh-7215f5123f0445a84727ea432045fe7a '   itemscope=\"itemscope\" itemtype=\"https:\/\/schema.org\/CreativeWork\" ><div class='avia_textblock'  itemprop=\"text\" ><ul>\n<li>B\u00fcy\u00fck ebatl\u0131 ve kal\u0131n kaplamalar\u0131n yap\u0131\u015ft\u0131r\u0131lmas\u0131nda kullan\u0131l\u0131r.<\/li>\n<li>Polimer katk\u0131s\u0131 sayesinde \u00e7ok y\u00fcksek elastikiyet ve yap\u0131\u015fma g\u00fcc\u00fc sa\u011flar.<\/li>\n<li>Is\u0131 de\u011fi\u015fikliklerine, suya ve dona kar\u015f\u0131 dayan\u0131kl\u0131d\u0131r.<\/li>\n<li>A\u00e7\u0131k bekletme s\u00fcresi uzat\u0131ld\u0131\u011f\u0131 i\u00e7in \u00e7al\u0131\u015fma s\u00fcresini art\u0131r\u0131r.<\/li>\n<li>Kolay haz\u0131rlan\u0131r ve uygulan\u0131r.<\/li>\n<li>D\u00fc\u015fey uygulamalarda kayma yapmaz.<\/li>\n<\/ul>\n<\/div><\/section><\/p><\/div>\n<div  class='flex_column av-38ejtd-c176c7e3da17639a48e87af7e8c04c43 av_one_third  avia-builder-el-8  el_after_av_two_third  el_before_av_toggle_container  flex_column_div  column-top-margin'     ><section  class='av_textblock_section av-mgibmdji-257be7c993826609c9920600490f1eec '   itemscope=\"itemscope\" itemtype=\"https:\/\/schema.org\/CreativeWork\" ><div class='avia_textblock'  itemprop=\"text\" ><h4>TEKN\u0130K BELGELER<\/h4>\n<\/div><\/section><br \/>\n<section  class='av_textblock_section av-mgibmpg3-f3096e6f8f6e868524679ae8afc5be17 '   itemscope=\"itemscope\" itemtype=\"https:\/\/schema.org\/CreativeWork\" ><div class='avia_textblock'  itemprop=\"text\" ><p><a href=\"https:\/\/www.kyk.com.tr\/wp-content\/uploads\/2026\/04\/y111_tds.pdf\" target=\"_blank\" rel=\"noopener\"><img loading=\"lazy\" decoding=\"async\" class=\"alignnone wp-image-8657 size-full\" src=\"https:\/\/www.kyk.com.tr\/wp-content\/uploads\/2025\/10\/TDS_1.jpg\" alt=\"\" width=\"410\" height=\"41\" srcset=\"https:\/\/www.kyk.com.tr\/wp-content\/uploads\/2025\/10\/TDS_1.jpg 410w, https:\/\/www.kyk.com.tr\/wp-content\/uploads\/2025\/10\/TDS_1-300x30.jpg 300w\" sizes=\"auto, (max-width: 410px) 100vw, 410px\" \/><\/a><br \/>\n<a href=\"https:\/\/www.kyk.com.tr\/wp-content\/uploads\/2025\/10\/y111_msds.pdf\" target=\"_blank\" rel=\"noopener\"><img loading=\"lazy\" decoding=\"async\" class=\"alignnone size-full wp-image-8656\" src=\"https:\/\/www.kyk.com.tr\/wp-content\/uploads\/2025\/10\/MSDS_1.jpg\" alt=\"\" width=\"410\" height=\"41\" srcset=\"https:\/\/www.kyk.com.tr\/wp-content\/uploads\/2025\/10\/MSDS_1.jpg 410w, https:\/\/www.kyk.com.tr\/wp-content\/uploads\/2025\/10\/MSDS_1-300x30.jpg 300w\" sizes=\"auto, (max-width: 410px) 100vw, 410px\" \/><\/a><br \/>\n<a href=\"https:\/\/www.kyk.com.tr\/?sdm_process_download=1&amp;download_id=9246\" target=\"_blank\" rel=\"noopener\"><img loading=\"lazy\" decoding=\"async\" class=\"alignnone wp-image-8657 size-full\" src=\"https:\/\/www.kyk.com.tr\/wp-content\/uploads\/2025\/10\/TSE.jpg\" alt=\"\" width=\"410\" height=\"41\" \/><\/a><br \/>\n<a href=\"https:\/\/www.kyk.com.tr\/?sdm_process_download=1&amp;download_id=9248\" target=\"_blank\" rel=\"noopener\"><img loading=\"lazy\" decoding=\"async\" class=\"alignnone size-full wp-image-8656\" src=\"https:\/\/www.kyk.com.tr\/wp-content\/uploads\/2025\/10\/CE.jpg\" alt=\"\" width=\"410\" height=\"41\" \/><\/a><\/p>\n<\/div><\/section><br \/>\n<section  class='av_textblock_section av-mh1z7j1e-f4876d10a89627fec5c7ee5be0b3f69d '   itemscope=\"itemscope\" itemtype=\"https:\/\/schema.org\/CreativeWork\" ><div class='avia_textblock'  itemprop=\"text\" ><h4>T\u00dcKET\u0130M HESAPLAMA<\/h4>\n<\/div><\/section><br \/>\n<section  class='av_textblock_section av-mh1z83ae-210cb362e7e4093649b441be67c4f6eb '   itemscope=\"itemscope\" itemtype=\"https:\/\/schema.org\/CreativeWork\" ><div class='avia_textblock'  itemprop=\"text\" ><p><button class=\"popmake-7995\" style=\"width: 100%;height: 44px;margin-left: 0px;font-weight: bold;color: #003e73\" type=\"button\">MegaPro Facade Y111 T\u00fcketim Hesaplama<\/button><\/p>\n<\/div><\/section><\/p><\/div>\n<style type=\"text\/css\" data-created_by=\"avia_inline_auto\" id=\"style-css-av-mgibply4-f75bb95512333bb0214106aae969932e\">\n#top .togglecontainer.av-mgibply4-f75bb95512333bb0214106aae969932e h6.toggler{\nfont-size:17px;\ncolor:#003e73;\n}\n#top .togglecontainer.av-mgibply4-f75bb95512333bb0214106aae969932e h6.toggler .toggle_icon{\ncolor:#003e73;\nborder-color:#003e73;\n}\n#top .togglecontainer.av-mgibply4-f75bb95512333bb0214106aae969932e h6.toggler .toggle_icon > span{\ncolor:#003e73;\nborder-color:#003e73;\n}\n#top .togglecontainer.av-mgibply4-f75bb95512333bb0214106aae969932e .toggle_wrap .toggle_content{\nfont-size:14px;\ncolor:#003e73;\n}\n<\/style>\n<div  class='togglecontainer av-mgibply4-f75bb95512333bb0214106aae969932e av-minimal-toggle  avia-builder-el-13  el_after_av_one_third  avia-builder-el-last  toggle_close_all' >\n<section class='av_toggle_section av-mgibn6wn-14a9945e67721a4aca75ad13a2d1b135'  itemscope=\"itemscope\" itemtype=\"https:\/\/schema.org\/CreativeWork\" ><div role=\"tablist\" class=\"single_toggle\" data-tags=\"{T\u00fcm\u00fc} \"  ><h6 id='toggle-toggle-id-1' data-fake-id='#toggle-id-1' class='toggler  av-title-above '  itemprop=\"headline\"  role='tab' tabindex='0' aria-controls='toggle-id-1' data-slide-speed=\"200\" data-title=\"KULLANIM ALANLARI\" data-title-open=\"\" data-aria_collapsed=\"Click to expand: KULLANIM ALANLARI\" data-aria_expanded=\"Click to collapse: KULLANIM ALANLARI\">KULLANIM ALANLARI<span class=\"toggle_icon\"><span class=\"vert_icon\"><\/span><span class=\"hor_icon\"><\/span><\/span><\/h6><div id='toggle-id-1' aria-labelledby='toggle-toggle-id-1' role='region' class='toggle_wrap  av-title-above'  ><div class='toggle_content invers-color '  itemprop=\"text\" ><p><strong>MegaPro Facade Y111<\/strong>; Kaplama malzemelerinin i\u00e7 ve d\u0131\u015f mekanlarda yatay ve d\u00fc\u015fey y\u00fczeylerde, sa\u011flam, tozsuz ve su emmesi d\u00fc\u015f\u00fck \u00e7imento esasl\u0131 s\u0131va, \u015fap, astarl\u0131 beton y\u00fczeyler ve kuru duvar sistemleri \u00fczerine, yap\u0131\u015ft\u0131r\u0131lmas\u0131nda kullan\u0131l\u0131r. Yo\u011fun yaya trafi\u011fine maruz hastane, okul, ma\u011faza, market, gibi yerlerde, so\u011fuk hava depolar\u0131, \u015foklama tesisleri, f\u0131r\u0131nlar\u0131n d\u0131\u015f cepheleri, yerden \u0131s\u0131tmal\u0131 sistemler gibi ani \u0131s\u0131 de\u011fi\u015fimlerinin oldu\u011fu mekanlarda kullan\u0131m\u0131 uygundur. Y\u00fcksek elastikiyet ve mukavemet gerektiren ortam ve y\u00fczeylerde \u0131s\u0131 de\u011fi\u015fikliklerini, titre\u015fimli y\u00fczey hareketlerini, genle\u015fme ve b\u00fcz\u00fclme gibi form de\u011fi\u015fiklilerini \u00e7ok esnek \u00f6zelli\u011fi sayesinde i\u00e7erisinde absorbe ederek g\u00fcvenli bir yap\u0131\u015fma sa\u011flar. Titre\u015fime sahip metro, terminal ve oto istasyonlar\u0131n\u0131n zeminlerinde ve duvarlar\u0131nda kullan\u0131l\u0131r. <strong>MegaFilm Visko A203<\/strong> astar uygulanm\u0131\u015f seramik \u00fczeri seramik yap\u0131\u015ft\u0131rma uygulamalar\u0131nda kullan\u0131l\u0131r.<\/p>\n<\/div><\/div><\/div><\/section>\n<section class='av_toggle_section av-mgibnsmz-571eae4e3cfda2d1ed51a5355d0bdd8a'  itemscope=\"itemscope\" itemtype=\"https:\/\/schema.org\/CreativeWork\" ><div role=\"tablist\" class=\"single_toggle\" data-tags=\"{T\u00fcm\u00fc} \"  ><h6 id='toggle-toggle-id-2' data-fake-id='#toggle-id-2' class='toggler  av-title-above '  itemprop=\"headline\"  role='tab' tabindex='0' aria-controls='toggle-id-2' data-slide-speed=\"200\" data-title=\"PERFORMANS B\u0130LG\u0130LER\u0130\" data-title-open=\"\" data-aria_collapsed=\"Click to expand: PERFORMANS B\u0130LG\u0130LER\u0130\" data-aria_expanded=\"Click to collapse: PERFORMANS B\u0130LG\u0130LER\u0130\">PERFORMANS B\u0130LG\u0130LER\u0130<span class=\"toggle_icon\"><span class=\"vert_icon\"><\/span><span class=\"hor_icon\"><\/span><\/span><\/h6><div id='toggle-id-2' aria-labelledby='toggle-toggle-id-2' role='region' class='toggle_wrap  av-title-above'  ><div class='toggle_content invers-color '  itemprop=\"text\" ><table width=\"605\">\n<tbody>\n<tr>\n<td width=\"321\"><strong>TEST<\/strong><\/td>\n<td width=\"95\"><strong>DE\u011eER<\/strong><\/td>\n<td width=\"189\"><strong>STANDART<\/strong><\/td>\n<\/tr>\n<tr>\n<td width=\"321\"><strong>Ba\u015flang\u0131\u00e7 \u00e7ekme yap\u0131\u015fma mukavemeti<\/strong><\/td>\n<td width=\"95\"><strong>\u2265 1 N\/mm2<\/strong><\/td>\n<td width=\"189\"><strong>EN 12004\u20132:2017, 8.3<\/strong><\/td>\n<\/tr>\n<tr>\n<td width=\"321\"><strong>Suya dald\u0131r\u0131ld\u0131ktan sonra \u00e7ekme yap\u0131\u015fma mukavemeti<\/strong><\/td>\n<td width=\"95\"><strong>\u2265 1 N\/mm2<\/strong><\/td>\n<td width=\"189\"><strong>EN 12004\u20132:2017, 8.3<\/strong><\/td>\n<\/tr>\n<tr>\n<td width=\"321\"><strong>Is\u0131yla ya\u015fland\u0131r\u0131ld\u0131ktan sonra \u00e7ekme yap\u0131\u015fma mukavemeti<\/strong><\/td>\n<td width=\"95\"><strong>\u2265 1 N\/mm2<\/strong><\/td>\n<td width=\"189\"><strong>EN 12004\u20132:2017, 8.3<\/strong><\/td>\n<\/tr>\n<tr>\n<td width=\"321\"><strong>Donma- \u00e7\u00f6z\u00fcnme \u00e7evriminden sonra \u00e7ekme yap\u0131\u015fma mukavemeti<\/strong><\/td>\n<td width=\"95\"><strong>\u2265 1 N\/mm2<\/strong><\/td>\n<td width=\"189\"><strong>EN 12004\u20132:2017, 8.3<\/strong><\/td>\n<\/tr>\n<tr>\n<td width=\"321\"><strong>A\u00e7\u0131k bekletme s\u00fcresi sonras\u0131 \u00e7ekme yap\u0131\u015fma mukavemeti (30 dk. sonra)<\/strong><\/td>\n<td width=\"95\"><strong>\u2265 0,5 N\/mm2<\/strong><\/td>\n<td width=\"189\"><strong>EN 12004\u20132:2017, 8.1<\/strong><\/td>\n<\/tr>\n<tr>\n<td width=\"321\"><strong>Enine \u015fekil de\u011fi\u015ftirme<\/strong><\/td>\n<td width=\"95\"><strong>S2 \u2265 5 mm<\/strong><\/td>\n<td width=\"189\"><strong>EN 12004\u20132:2017, 8.6<\/strong><\/td>\n<\/tr>\n<tr>\n<td width=\"321\"><strong>Kayma<\/strong><\/td>\n<td width=\"95\"><strong>\u2264 0,5 mm<\/strong><\/td>\n<td width=\"189\"><strong>EN 12004\u20132:2017, 8.2<\/strong><\/td>\n<\/tr>\n<tr>\n<td width=\"321\"><strong>Yang\u0131na tepki s\u0131n\u0131f\u0131<\/strong><\/td>\n<td width=\"95\"><strong>A1<\/strong><\/td>\n<td width=\"189\"><strong>TS EN 13501- 1<\/strong><\/td>\n<\/tr>\n<\/tbody>\n<\/table>\n<p>Bu de\u011ferler laboratuvar \u015fartlar\u0131nda; 23 \u00b1 2\u00b0C ve %50 \u00b1 5 ba\u011f\u0131l nem ortam\u0131nda yap\u0131lan deneyler sonucunda elde edilmi\u015ftir. Tabloda verilen de\u011ferler y\u00fczey ve ortam ko\u015fullar\u0131na g\u00f6re farkl\u0131l\u0131k g\u00f6sterebilir.<\/p>\n<\/div><\/div><\/div><\/section>\n<section class='av_toggle_section av-mgibnxut-63000542ecce21956213ba8e53a9bb6a'  itemscope=\"itemscope\" itemtype=\"https:\/\/schema.org\/CreativeWork\" ><div role=\"tablist\" class=\"single_toggle\" data-tags=\"{T\u00fcm\u00fc} \"  ><h6 id='toggle-toggle-id-3' data-fake-id='#toggle-id-3' class='toggler  av-title-above '  itemprop=\"headline\"  role='tab' tabindex='0' aria-controls='toggle-id-3' data-slide-speed=\"200\" data-title=\"UYGULAMA SINIRLARI\" data-title-open=\"\" data-aria_collapsed=\"Click to expand: UYGULAMA SINIRLARI\" data-aria_expanded=\"Click to collapse: UYGULAMA SINIRLARI\">UYGULAMA SINIRLARI<span class=\"toggle_icon\"><span class=\"vert_icon\"><\/span><span class=\"hor_icon\"><\/span><\/span><\/h6><div id='toggle-id-3' aria-labelledby='toggle-toggle-id-3' role='region' class='toggle_wrap  av-title-above'  ><div class='toggle_content invers-color '  itemprop=\"text\" ><table width=\"558\">\n<tbody>\n<tr>\n<td width=\"359\"><strong>A\u00c7IKLAMA<\/strong><\/td>\n<td width=\"198\"><strong>S\u00dcRE<\/strong><\/td>\n<\/tr>\n<tr>\n<td width=\"359\"><strong>Haz\u0131rlanan harc\u0131n kullan\u0131labilme s\u00fcresi- Kap \u00f6mr\u00fc<\/strong><\/td>\n<td width=\"198\"><strong>Maksimum 2 saat<\/strong><\/td>\n<\/tr>\n<tr>\n<td width=\"359\"><strong>\u00c7al\u0131\u015fabilme s\u00fcresi<\/strong><\/td>\n<td width=\"198\"><strong>Maksimum 30 dk.<\/strong><\/td>\n<\/tr>\n<tr>\n<td width=\"359\"><strong>D\u00fczeltilebilme s\u00fcresi<\/strong><\/td>\n<td width=\"198\"><strong>20 dk.<\/strong><\/td>\n<\/tr>\n<tr>\n<td width=\"359\"><strong>Derz uygulamas\u0131 i\u00e7in gerekli s\u00fcre<\/strong><\/td>\n<td width=\"198\"><strong>24 saat<\/strong><\/td>\n<\/tr>\n<tr>\n<td width=\"359\"><strong>Zeminin trafi\u011fe a\u00e7\u0131lmas\u0131 i\u00e7in gerekli s\u00fcre<\/strong><\/td>\n<td width=\"198\"><strong>24-48 saat<\/strong><\/td>\n<\/tr>\n<\/tbody>\n<\/table>\n<p>Bu de\u011ferler laboratuvar \u015fartlar\u0131nda; 23 \u00b1 2\u00b0C ve %50 \u00b1 5 ba\u011f\u0131l nem ortam\u0131nda yap\u0131lan deneyler sonucunda elde edilmi\u015ftir. Tabloda verilen de\u011ferler y\u00fczey ve ortam ko\u015fullar\u0131na g\u00f6re farkl\u0131l\u0131k g\u00f6sterebilir.<\/p>\n<\/div><\/div><\/div><\/section>\n<section class='av_toggle_section av-mgibol5v-c20dc4c401a33d7a807d26a8c148db29'  itemscope=\"itemscope\" itemtype=\"https:\/\/schema.org\/CreativeWork\" ><div role=\"tablist\" class=\"single_toggle\" data-tags=\"{T\u00fcm\u00fc} \"  ><h6 id='toggle-toggle-id-4' data-fake-id='#toggle-id-4' class='toggler  av-title-above '  itemprop=\"headline\"  role='tab' tabindex='0' aria-controls='toggle-id-4' data-slide-speed=\"200\" data-title=\"REFERANS STANDARTLARI\" data-title-open=\"\" data-aria_collapsed=\"Click to expand: REFERANS STANDARTLARI\" data-aria_expanded=\"Click to collapse: REFERANS STANDARTLARI\">REFERANS STANDARTLARI<span class=\"toggle_icon\"><span class=\"vert_icon\"><\/span><span class=\"hor_icon\"><\/span><\/span><\/h6><div id='toggle-id-4' aria-labelledby='toggle-toggle-id-4' role='region' class='toggle_wrap  av-title-above'  ><div class='toggle_content invers-color '  itemprop=\"text\" ><p><strong>Onaylar\/Standartlar:<\/strong><br \/>\nTS EN 12004<\/p>\n<p><strong>Bay\u0131nd\u0131rl\u0131k Bak. Poz No.:<\/strong><br \/>\nBay\u0131nd\u0131rl\u0131k Bak. Poz No.: 10.300.2205<\/p>\n<\/div><\/div><\/div><\/section>\n<\/div><\/p>\n","protected":false},"excerpt":{"rendered":"","protected":false},"featured_media":4322,"comment_status":"closed","ping_status":"closed","template":"","meta":{"_acf_changed":false},"product_brand":[],"product_cat":[49],"product_tag":[],"class_list":{"0":"post-4321","1":"product","2":"type-product","3":"status-publish","4":"has-post-thumbnail","6":"product_cat-yapistiricilar","8":"first","9":"instock","10":"shipping-taxable","11":"product-type-simple"},"acf":[],"_links":{"self":[{"href":"https:\/\/www.kyk.com.tr\/index.php?rest_route=\/wp\/v2\/product\/4321","targetHints":{"allow":["GET"]}}],"collection":[{"href":"https:\/\/www.kyk.com.tr\/index.php?rest_route=\/wp\/v2\/product"}],"about":[{"href":"https:\/\/www.kyk.com.tr\/index.php?rest_route=\/wp\/v2\/types\/product"}],"replies":[{"embeddable":true,"href":"https:\/\/www.kyk.com.tr\/index.php?rest_route=%2Fwp%2Fv2%2Fcomments&post=4321"}],"wp:featuredmedia":[{"embeddable":true,"href":"https:\/\/www.kyk.com.tr\/index.php?rest_route=\/wp\/v2\/media\/4322"}],"wp:attachment":[{"href":"https:\/\/www.kyk.com.tr\/index.php?rest_route=%2Fwp%2Fv2%2Fmedia&parent=4321"}],"wp:term":[{"taxonomy":"product_brand","embeddable":true,"href":"https:\/\/www.kyk.com.tr\/index.php?rest_route=%2Fwp%2Fv2%2Fproduct_brand&post=4321"},{"taxonomy":"product_cat","embeddable":true,"href":"https:\/\/www.kyk.com.tr\/index.php?rest_route=%2Fwp%2Fv2%2Fproduct_cat&post=4321"},{"taxonomy":"product_tag","embeddable":true,"href":"https:\/\/www.kyk.com.tr\/index.php?rest_route=%2Fwp%2Fv2%2Fproduct_tag&post=4321"}],"curies":[{"name":"wp","href":"https:\/\/api.w.org\/{rel}","templated":true}]}}