{"id":4326,"date":"2025-05-04T13:14:15","date_gmt":"2025-05-04T13:14:15","guid":{"rendered":"https:\/\/www.kyk.center\/?post_type=product&#038;p=4326"},"modified":"2026-04-27T07:15:47","modified_gmt":"2026-04-27T07:15:47","slug":"megapro-y117","status":"publish","type":"product","link":"https:\/\/www.kyk.com.tr\/?product=megapro-y117","title":{"rendered":"MegaPro Y117"},"content":{"rendered":"<div  class='flex_column av-7s6wc6-ef74792a698628300e371b54bb883228 av_one_third  avia-builder-el-0  el_before_av_one_half  avia-builder-el-first  first flex_column_div  '     ><style type=\"text\/css\" data-created_by=\"avia_inline_auto\" id=\"style-css-av-mgibrxog-2e58e4d06cc0e087e627b164b193c8b8\">\n.avia-image-container.av-mgibrxog-2e58e4d06cc0e087e627b164b193c8b8 img.avia_image{\nbox-shadow:none;\n}\n.avia-image-container.av-mgibrxog-2e58e4d06cc0e087e627b164b193c8b8 .av-image-caption-overlay-center{\ncolor:#ffffff;\n}\n<\/style>\n<div  class='avia-image-container av-mgibrxog-2e58e4d06cc0e087e627b164b193c8b8 av-styling- avia-align-center  avia-builder-el-1  avia-builder-el-no-sibling '   itemprop=\"image\" itemscope=\"itemscope\" itemtype=\"https:\/\/schema.org\/ImageObject\" ><div class=\"avia-image-container-inner\"><div class=\"avia-image-overlay-wrap\"><img decoding=\"async\" fetchpriority=\"high\" class='wp-image-4327 avia-img-lazy-loading-not-4327 avia_image ' src=\"https:\/\/www.kyk.com.tr\/wp-content\/uploads\/2025\/05\/y117.png\" alt='' title='MegaPro Y117'  height=\"320\" width=\"320\"  itemprop=\"thumbnailUrl\" srcset=\"https:\/\/www.kyk.com.tr\/wp-content\/uploads\/2025\/05\/y117.png 320w, https:\/\/www.kyk.com.tr\/wp-content\/uploads\/2025\/05\/y117-300x300.png 300w, https:\/\/www.kyk.com.tr\/wp-content\/uploads\/2025\/05\/y117-100x100.png 100w, https:\/\/www.kyk.com.tr\/wp-content\/uploads\/2025\/05\/y117-80x80.png 80w, https:\/\/www.kyk.com.tr\/wp-content\/uploads\/2025\/05\/y117-36x36.png 36w, https:\/\/www.kyk.com.tr\/wp-content\/uploads\/2025\/05\/y117-180x180.png 180w, https:\/\/www.kyk.com.tr\/wp-content\/uploads\/2025\/05\/y117-120x120.png 120w, https:\/\/www.kyk.com.tr\/wp-content\/uploads\/2025\/05\/y117-96x96.png 96w\" sizes=\"(max-width: 320px) 100vw, 320px\" \/><\/div><\/div><\/div><\/div>\n<div  class='flex_column av-59xsqu-342738a72c621738ff48a43074d0f34e av_one_half  avia-builder-el-2  el_after_av_one_third  el_before_av_two_third  flex_column_div  '     ><section  class='av_textblock_section av-mgibs678-67cea7e69622c7a3ab9e2be3747cb7c2 '   itemscope=\"itemscope\" itemtype=\"https:\/\/schema.org\/CreativeWork\" ><div class='avia_textblock'  itemprop=\"text\" ><h1>MegaPro Y117<\/h1>\n<\/div><\/section><br \/>\n\n<style type=\"text\/css\" data-created_by=\"avia_inline_auto\" id=\"style-css-av-mgibsmkf-d16db2018401345363797bc4ea2295bb\">\n#top .av_textblock_section.av-mgibsmkf-d16db2018401345363797bc4ea2295bb .avia_textblock{\nfont-size:14px;\n}\n<\/style>\n<section  class='av_textblock_section av-mgibsmkf-d16db2018401345363797bc4ea2295bb '   itemscope=\"itemscope\" itemtype=\"https:\/\/schema.org\/CreativeWork\" ><div class='avia_textblock'  itemprop=\"text\" ><p><strong>\u00c7imento ve polimer em\u00fclsiyon esasl\u0131, \u00e7ift bile\u015fenli, kayma \u00f6zelli\u011fi azalt\u0131lm\u0131\u015f, y\u00fcksek yap\u0131\u015fma g\u00fcc\u00fc ve \u00e7ok y\u00fcksek elastikiyet \u00f6zelli\u011fine sahip, \u00e7al\u0131\u015fma s\u00fcresi uzat\u0131lm\u0131\u015f, \u0131s\u0131 de\u011fi\u015fikli\u011fine, suya ve dona dayan\u0131kl\u0131, geli\u015ftirilmi\u015f, h\u0131zl\u0131 donma \u00f6zelli\u011fine sahip, seramik, granit seramik, granit, mermer, do\u011fal ta\u015f, porselen gibi b\u00fcy\u00fck ebatl\u0131 kaplama malzemesi <span style=\"color: #ff9900\">C2FTE S2<\/span> s\u0131n\u0131f\u0131 yap\u0131\u015ft\u0131rma harc\u0131d\u0131r.<\/strong><\/p>\n<p><img loading=\"lazy\" decoding=\"async\" class=\"alignnone size-thumbnail wp-image-9563\" src=\"https:\/\/www.kyk.com.tr\/wp-content\/uploads\/2025\/11\/C2FTES2-80x80.png\" alt=\"\" width=\"80\" height=\"80\" srcset=\"https:\/\/www.kyk.com.tr\/wp-content\/uploads\/2025\/11\/C2FTES2-80x80.png 80w, https:\/\/www.kyk.com.tr\/wp-content\/uploads\/2025\/11\/C2FTES2-300x300.png 300w, https:\/\/www.kyk.com.tr\/wp-content\/uploads\/2025\/11\/C2FTES2-36x36.png 36w, https:\/\/www.kyk.com.tr\/wp-content\/uploads\/2025\/11\/C2FTES2-180x180.png 180w, https:\/\/www.kyk.com.tr\/wp-content\/uploads\/2025\/11\/C2FTES2-120x120.png 120w, https:\/\/www.kyk.com.tr\/wp-content\/uploads\/2025\/11\/C2FTES2-450x450.png 450w, https:\/\/www.kyk.com.tr\/wp-content\/uploads\/2025\/11\/C2FTES2-100x100.png 100w, https:\/\/www.kyk.com.tr\/wp-content\/uploads\/2025\/11\/C2FTES2-96x96.png 96w, https:\/\/www.kyk.com.tr\/wp-content\/uploads\/2025\/11\/C2FTES2.png 500w\" sizes=\"auto, (max-width: 80px) 100vw, 80px\" \/><\/p>\n<\/div><\/section><\/p><\/div>\n<div  class='flex_column av-3z1p52-8160d80abbc5670c1a681e9303a921f6 av_two_third  avia-builder-el-5  el_after_av_one_half  el_before_av_one_third  first flex_column_div  column-top-margin'     ><section  class='av_textblock_section av-mgibthig-5978413d00694a6a6f4499d5990b32a9 '   itemscope=\"itemscope\" itemtype=\"https:\/\/schema.org\/CreativeWork\" ><div class='avia_textblock'  itemprop=\"text\" ><h4>\u00a0 \u00a0 \u00dcR\u00dcN AVANTAJLARI<\/h4>\n<\/div><\/section><br \/>\n\n<style type=\"text\/css\" data-created_by=\"avia_inline_auto\" id=\"style-css-av-mgibu46q-4b5532e8fbe2a65a196d0b74af2a4440\">\n#top .av_textblock_section.av-mgibu46q-4b5532e8fbe2a65a196d0b74af2a4440 .avia_textblock{\nfont-size:14px;\n}\n<\/style>\n<section  class='av_textblock_section av-mgibu46q-4b5532e8fbe2a65a196d0b74af2a4440 '   itemscope=\"itemscope\" itemtype=\"https:\/\/schema.org\/CreativeWork\" ><div class='avia_textblock'  itemprop=\"text\" ><ul>\n<li>H\u0131zl\u0131 priz al\u0131r.<\/li>\n<li>B\u00fcy\u00fck ebatl\u0131 ve kal\u0131n kaplamalar\u0131n yap\u0131\u015ft\u0131r\u0131lmas\u0131nda kullan\u0131l\u0131r.<\/li>\n<li>Polimer katk\u0131s\u0131 sayesinde \u00e7ok y\u00fcksek elastikiyet ve yap\u0131\u015fma g\u00fcc\u00fc sa\u011flar.<\/li>\n<li>Is\u0131 de\u011fi\u015fikliklerine, suya ve dona kar\u015f\u0131 dayan\u0131kl\u0131d\u0131r.<\/li>\n<li>A\u00e7\u0131k bekletme s\u00fcresi uzat\u0131ld\u0131\u011f\u0131 i\u00e7in \u00e7al\u0131\u015fma s\u00fcresini art\u0131r\u0131r.<\/li>\n<li>Kolay haz\u0131rlan\u0131r ve uygulan\u0131r.<\/li>\n<li>D\u00fc\u015fey uygulamalarda kayma yapmaz.<\/li>\n<\/ul>\n<\/div><\/section><\/p><\/div>\n<div  class='flex_column av-2o08mu-4dc131828be6c56d8d5d5d1d0276e547 av_one_third  avia-builder-el-8  el_after_av_two_third  el_before_av_toggle_container  flex_column_div  column-top-margin'     ><section  class='av_textblock_section av-mgibuemq-792868622f4f9402788629f1a93f5d14 '   itemscope=\"itemscope\" itemtype=\"https:\/\/schema.org\/CreativeWork\" ><div class='avia_textblock'  itemprop=\"text\" ><h4>TEKN\u0130K BELGELER<\/h4>\n<\/div><\/section><br \/>\n<section  class='av_textblock_section av-mgibuqqq-00d8afd0dee04f7865661df65347235d '   itemscope=\"itemscope\" itemtype=\"https:\/\/schema.org\/CreativeWork\" ><div class='avia_textblock'  itemprop=\"text\" ><p><a href=\"https:\/\/www.kyk.com.tr\/wp-content\/uploads\/2026\/04\/y117_tds.pdf\" target=\"_blank\" rel=\"noopener\"><img loading=\"lazy\" decoding=\"async\" class=\"alignnone wp-image-8657 size-full\" src=\"https:\/\/www.kyk.com.tr\/wp-content\/uploads\/2025\/10\/TDS_1.jpg\" alt=\"\" width=\"410\" height=\"41\" srcset=\"https:\/\/www.kyk.com.tr\/wp-content\/uploads\/2025\/10\/TDS_1.jpg 410w, https:\/\/www.kyk.com.tr\/wp-content\/uploads\/2025\/10\/TDS_1-300x30.jpg 300w\" sizes=\"auto, (max-width: 410px) 100vw, 410px\" \/><\/a><br \/>\n<a href=\"https:\/\/www.kyk.com.tr\/wp-content\/uploads\/2025\/10\/y117_msds.pdf\" target=\"_blank\" rel=\"noopener\"><img loading=\"lazy\" decoding=\"async\" class=\"alignnone size-full wp-image-8656\" src=\"https:\/\/www.kyk.com.tr\/wp-content\/uploads\/2025\/10\/MSDS_1.jpg\" alt=\"\" width=\"410\" height=\"41\" srcset=\"https:\/\/www.kyk.com.tr\/wp-content\/uploads\/2025\/10\/MSDS_1.jpg 410w, https:\/\/www.kyk.com.tr\/wp-content\/uploads\/2025\/10\/MSDS_1-300x30.jpg 300w\" sizes=\"auto, (max-width: 410px) 100vw, 410px\" \/><\/a><br \/>\n<a href=\"https:\/\/www.kyk.com.tr\/?sdm_process_download=1&amp;download_id=9251\" target=\"_blank\" rel=\"noopener\"><img loading=\"lazy\" decoding=\"async\" class=\"alignnone size-full wp-image-8656\" src=\"https:\/\/www.kyk.com.tr\/wp-content\/uploads\/2025\/10\/CE.jpg\" alt=\"\" width=\"410\" height=\"41\" \/><\/a><\/p>\n<\/div><\/section><br \/>\n<section  class='av_textblock_section av-mh1zde9o-01131dad8e6bcf4f2cfc460134d88358 '   itemscope=\"itemscope\" itemtype=\"https:\/\/schema.org\/CreativeWork\" ><div class='avia_textblock'  itemprop=\"text\" ><h4>T\u00dcKET\u0130M HESAPLAMA<\/h4>\n<\/div><\/section><br \/>\n<section  class='av_textblock_section av-mh1zdxbo-0eeede0e68a26f70a67ee651fc305dcb '   itemscope=\"itemscope\" itemtype=\"https:\/\/schema.org\/CreativeWork\" ><div class='avia_textblock'  itemprop=\"text\" ><p><button class=\"popmake-8013\" style=\"width: 100%;height: 44px;margin-left: 0px;font-weight: bold;color: #003e73\" type=\"button\">MegaPro Y117 T\u00fcketim Hesaplama<\/button><\/p>\n<\/div><\/section><\/p><\/div>\n<style type=\"text\/css\" data-created_by=\"avia_inline_auto\" id=\"style-css-av-mgibxk5f-97132e7228e678bd5845e8c94a0b48d9\">\n#top .togglecontainer.av-mgibxk5f-97132e7228e678bd5845e8c94a0b48d9 h6.toggler{\nfont-size:17px;\ncolor:#003e73;\n}\n#top .togglecontainer.av-mgibxk5f-97132e7228e678bd5845e8c94a0b48d9 h6.toggler .toggle_icon{\ncolor:#003e73;\nborder-color:#003e73;\n}\n#top .togglecontainer.av-mgibxk5f-97132e7228e678bd5845e8c94a0b48d9 h6.toggler .toggle_icon > span{\ncolor:#003e73;\nborder-color:#003e73;\n}\n#top .togglecontainer.av-mgibxk5f-97132e7228e678bd5845e8c94a0b48d9 .toggle_wrap .toggle_content{\nfont-size:14px;\ncolor:#003e73;\n}\n<\/style>\n<div  class='togglecontainer av-mgibxk5f-97132e7228e678bd5845e8c94a0b48d9 av-minimal-toggle  avia-builder-el-13  el_after_av_one_third  avia-builder-el-last  toggle_close_all' >\n<section class='av_toggle_section av-mgibv69s-cb91f61282e5c258c398ae770ee18f86'  itemscope=\"itemscope\" itemtype=\"https:\/\/schema.org\/CreativeWork\" ><div role=\"tablist\" class=\"single_toggle\" data-tags=\"{T\u00fcm\u00fc} \"  ><h6 id='toggle-toggle-id-1' data-fake-id='#toggle-id-1' class='toggler  av-title-above '  itemprop=\"headline\"  role='tab' tabindex='0' aria-controls='toggle-id-1' data-slide-speed=\"200\" data-title=\"KULLANIM ALANLARI\" data-title-open=\"\" data-aria_collapsed=\"Click to expand: KULLANIM ALANLARI\" data-aria_expanded=\"Click to collapse: KULLANIM ALANLARI\">KULLANIM ALANLARI<span class=\"toggle_icon\"><span class=\"vert_icon\"><\/span><span class=\"hor_icon\"><\/span><\/span><\/h6><div id='toggle-id-1' aria-labelledby='toggle-toggle-id-1' role='region' class='toggle_wrap  av-title-above'  ><div class='toggle_content invers-color '  itemprop=\"text\" ><p><strong>MegaPro Y117<\/strong>; Kaplama malzemelerinin i\u00e7 ve d\u0131\u015f mekanlarda yatay ve d\u00fc\u015fey y\u00fczeylerde, sa\u011flam, tozsuz ve su emmesi d\u00fc\u015f\u00fck \u00e7imento esasl\u0131 s\u0131va, \u015fap, astarl\u0131 beton y\u00fczeyler ve kuru duvar sistemleri \u00fczerine, yap\u0131\u015ft\u0131r\u0131lmas\u0131nda kullan\u0131l\u0131r. Yo\u011fun yaya trafi\u011fine maruz, \u00f6zellikle renovasyon ve k\u0131sa s\u00fcrede yaya trafi\u011fine a\u00e7\u0131lmas\u0131 gereken y\u00fczeylerde, zemin uygulamalar\u0131nda tercih edilir. Uygulamadan sonra don olma ihtimali bulunan ortamlarda h\u0131zl\u0131 priz alma \u00f6zelli\u011finden dolay\u0131 tercih edilmelidir. B\u00fcy\u00fck ebatl\u0131 yer ve duvar seramikleri, do\u011fal ta\u015f, granit, porselen seramik gibi kaplama malzemelerinin yap\u0131\u015ft\u0131r\u0131lmas\u0131nda, y\u00fcksek elastikiyet ve mukavemet gerektiren ortam ve y\u00fczeylerde \u0131s\u0131 de\u011fi\u015fikliklerini, titre\u015fimli y\u00fczey hareketlerini, genle\u015fme ve b\u00fcz\u00fclme gibi form de\u011fi\u015fiklilerini \u00e7ok esnek \u00f6zelli\u011fi sayesinde i\u00e7erisinde absorbe ederek g\u00fcvenli bir \u015fekilde kullan\u0131l\u0131r. So\u011fuk hava depolar\u0131, \u015foklama tesisleri, f\u0131r\u0131nlar\u0131n d\u0131\u015f cepheleri, yerden \u0131s\u0131tmal\u0131 sistemler gibi ani \u0131s\u0131 de\u011fi\u015fimlerinin oldu\u011fu mekanlarda kullan\u0131m\u0131 uygundur. Titre\u015fime sahip metro, terminal ve oto istasyonlar\u0131n\u0131n zeminlerinde ve duvarlar\u0131nda kullan\u0131l\u0131r. <strong>MegaFilm Visko A203 <\/strong>astar uygulanm\u0131\u015f seramik \u00fczeri seramik yap\u0131\u015ft\u0131rma uygulamalar\u0131nda kullan\u0131l\u0131r.<\/p>\n<\/div><\/div><\/div><\/section>\n<section class='av_toggle_section av-mgibvpu0-6267d01ec119906010f3580f2ad11999'  itemscope=\"itemscope\" itemtype=\"https:\/\/schema.org\/CreativeWork\" ><div role=\"tablist\" class=\"single_toggle\" data-tags=\"{T\u00fcm\u00fc} \"  ><h6 id='toggle-toggle-id-2' data-fake-id='#toggle-id-2' class='toggler  av-title-above '  itemprop=\"headline\"  role='tab' tabindex='0' aria-controls='toggle-id-2' data-slide-speed=\"200\" data-title=\"PERFORMANS B\u0130LG\u0130LER\u0130\" data-title-open=\"\" data-aria_collapsed=\"Click to expand: PERFORMANS B\u0130LG\u0130LER\u0130\" data-aria_expanded=\"Click to collapse: PERFORMANS B\u0130LG\u0130LER\u0130\">PERFORMANS B\u0130LG\u0130LER\u0130<span class=\"toggle_icon\"><span class=\"vert_icon\"><\/span><span class=\"hor_icon\"><\/span><\/span><\/h6><div id='toggle-id-2' aria-labelledby='toggle-toggle-id-2' role='region' class='toggle_wrap  av-title-above'  ><div class='toggle_content invers-color '  itemprop=\"text\" ><table width=\"576\">\n<tbody>\n<tr>\n<td width=\"293\"><strong>TEST<\/strong><\/td>\n<td width=\"123\"><strong>DE\u011eER<\/strong><\/td>\n<td width=\"160\"><strong>STANDART<\/strong><\/td>\n<\/tr>\n<tr>\n<td width=\"293\"><strong>Erken \u00e7ekme yap\u0131\u015fma mukavemeti<\/strong><\/td>\n<td width=\"123\"><strong>\u2265 0,5 N\/mm<sup>2<\/sup><\/strong><\/td>\n<td width=\"160\"><strong>EN 12004\u20132:2017, 8.3<\/strong><\/td>\n<\/tr>\n<tr>\n<td width=\"293\"><strong>Ba\u015flang\u0131\u00e7 \u00e7ekme yap\u0131\u015fma mukavemeti<\/strong><\/td>\n<td width=\"123\"><strong>\u2265 1 N\/mm2<\/strong><\/td>\n<td width=\"160\"><strong>EN 12004\u20132:2017, 8.3<\/strong><\/td>\n<\/tr>\n<tr>\n<td width=\"293\"><strong>Suya dald\u0131r\u0131ld\u0131ktan sonra \u00e7ekme yap\u0131\u015fma mukavemeti<\/strong><\/td>\n<td width=\"123\"><strong>\u2265 1 N\/mm2<\/strong><\/td>\n<td width=\"160\"><strong>EN 12004\u20132:2017, 8.3<\/strong><\/td>\n<\/tr>\n<tr>\n<td width=\"293\"><strong>Is\u0131yla ya\u015fland\u0131r\u0131ld\u0131ktan sonra \u00e7ekme yap\u0131\u015fma mukavemeti<\/strong><\/td>\n<td width=\"123\"><strong>\u2265 1 N\/mm2<\/strong><\/td>\n<td width=\"160\"><strong>EN 12004\u20132:2017, 8.3<\/strong><\/td>\n<\/tr>\n<tr>\n<td width=\"293\"><strong>Donma- \u00e7\u00f6z\u00fcnme \u00e7evriminden sonra \u00e7ekme yap\u0131\u015fma mukavemeti<\/strong><\/td>\n<td width=\"123\"><strong>\u2265 1 N\/mm2<\/strong><\/td>\n<td width=\"160\"><strong>EN 12004\u20132:2017, 8.3<\/strong><\/td>\n<\/tr>\n<tr>\n<td width=\"293\"><strong>A\u00e7\u0131k bekletme s\u00fcresi sonras\u0131 \u00e7ekme yap\u0131\u015fma mukavemeti (30 dk. sonra)<\/strong><\/td>\n<td width=\"123\"><strong>\u2265 0,5 N\/mm2<\/strong><\/td>\n<td width=\"160\"><strong>EN 12004\u20132:2017, 8.1<\/strong><\/td>\n<\/tr>\n<tr>\n<td width=\"293\"><strong>Enine \u015fekil de\u011fi\u015ftirme<\/strong><\/td>\n<td width=\"123\"><strong>S2 \u2265 5 mm<\/strong><\/td>\n<td width=\"160\"><strong>EN 12004\u20132:2017, 8.6<\/strong><\/td>\n<\/tr>\n<tr>\n<td width=\"293\"><strong>Kayma<\/strong><\/td>\n<td width=\"123\"><strong>\u2264 0,5 mm<\/strong><\/td>\n<td width=\"160\"><strong>EN 12004\u20132:2017, 8.2<\/strong><\/td>\n<\/tr>\n<tr>\n<td width=\"293\"><strong>Yang\u0131na tepki s\u0131n\u0131f\u0131<\/strong><\/td>\n<td width=\"123\"><strong>A2<\/strong><\/td>\n<td width=\"160\"><strong>TS EN 13501- 1<\/strong><\/td>\n<\/tr>\n<\/tbody>\n<\/table>\n<p>Bu de\u011ferler laboratuvar \u015fartlar\u0131nda; 23 \u00b1 2\u00b0C ve %50 \u00b1 5 ba\u011f\u0131l nem ortam\u0131nda yap\u0131lan deneyler sonucunda elde edilmi\u015ftir. Tabloda verilen de\u011ferler y\u00fczey ve ortam ko\u015fullar\u0131na g\u00f6re farkl\u0131l\u0131k g\u00f6sterebilir.<\/p>\n<\/div><\/div><\/div><\/section>\n<section class='av_toggle_section av-mgibvvjz-13a33f81a8d23d32b6f56e532438c727'  itemscope=\"itemscope\" itemtype=\"https:\/\/schema.org\/CreativeWork\" ><div role=\"tablist\" class=\"single_toggle\" data-tags=\"{T\u00fcm\u00fc} \"  ><h6 id='toggle-toggle-id-3' data-fake-id='#toggle-id-3' class='toggler  av-title-above '  itemprop=\"headline\"  role='tab' tabindex='0' aria-controls='toggle-id-3' data-slide-speed=\"200\" data-title=\"UYGULAMA SINIRLARI\" data-title-open=\"\" data-aria_collapsed=\"Click to expand: UYGULAMA SINIRLARI\" data-aria_expanded=\"Click to collapse: UYGULAMA SINIRLARI\">UYGULAMA SINIRLARI<span class=\"toggle_icon\"><span class=\"vert_icon\"><\/span><span class=\"hor_icon\"><\/span><\/span><\/h6><div id='toggle-id-3' aria-labelledby='toggle-toggle-id-3' role='region' class='toggle_wrap  av-title-above'  ><div class='toggle_content invers-color '  itemprop=\"text\" ><table width=\"558\">\n<tbody>\n<tr>\n<td width=\"359\"><strong>A\u00c7IKLAMA<\/strong><\/td>\n<td width=\"198\"><strong>S\u00dcRE<\/strong><\/td>\n<\/tr>\n<tr>\n<td width=\"359\"><strong>Haz\u0131rlanan harc\u0131n kullan\u0131labilme s\u00fcresi- Kap \u00f6mr\u00fc<\/strong><\/td>\n<td width=\"198\"><strong>Maksimum 1 saat<\/strong><\/td>\n<\/tr>\n<tr>\n<td width=\"359\"><strong>\u00c7al\u0131\u015fabilme s\u00fcresi<\/strong><\/td>\n<td width=\"198\"><strong>Maksimum 30 dk.<\/strong><\/td>\n<\/tr>\n<tr>\n<td width=\"359\"><strong>D\u00fczeltilebilme s\u00fcresi<\/strong><\/td>\n<td width=\"198\"><strong>20 dk.<\/strong><\/td>\n<\/tr>\n<tr>\n<td width=\"359\"><strong>Derz uygulamas\u0131 i\u00e7in gerekli s\u00fcre<\/strong><\/td>\n<td width=\"198\"><strong>4-6 saat<\/strong><\/td>\n<\/tr>\n<tr>\n<td width=\"359\"><strong>Zeminin trafi\u011fe a\u00e7\u0131lmas\u0131 i\u00e7in gerekli s\u00fcre<\/strong><\/td>\n<td width=\"198\"><strong>8 saat<\/strong><\/td>\n<\/tr>\n<\/tbody>\n<\/table>\n<p>Bu de\u011ferler laboratuvar \u015fartlar\u0131nda; 23 \u00b1 2\u00b0C ve %50 \u00b1 5 ba\u011f\u0131l nem ortam\u0131nda yap\u0131lan deneyler sonucunda elde edilmi\u015ftir. Tabloda verilen de\u011ferler y\u00fczey ve ortam ko\u015fullar\u0131na g\u00f6re farkl\u0131l\u0131k g\u00f6sterebilir.<\/p>\n<\/div><\/div><\/div><\/section>\n<section class='av_toggle_section av-mgibwixi-9b87f62ae7c387d88668f1157a38134c'  itemscope=\"itemscope\" itemtype=\"https:\/\/schema.org\/CreativeWork\" ><div role=\"tablist\" class=\"single_toggle\" data-tags=\"{T\u00fcm\u00fc} \"  ><h6 id='toggle-toggle-id-4' data-fake-id='#toggle-id-4' class='toggler  av-title-above '  itemprop=\"headline\"  role='tab' tabindex='0' aria-controls='toggle-id-4' data-slide-speed=\"200\" data-title=\"REFERANS STANDARTLARI\" data-title-open=\"\" data-aria_collapsed=\"Click to expand: REFERANS STANDARTLARI\" data-aria_expanded=\"Click to collapse: REFERANS STANDARTLARI\">REFERANS STANDARTLARI<span class=\"toggle_icon\"><span class=\"vert_icon\"><\/span><span class=\"hor_icon\"><\/span><\/span><\/h6><div id='toggle-id-4' aria-labelledby='toggle-toggle-id-4' role='region' class='toggle_wrap  av-title-above'  ><div class='toggle_content invers-color '  itemprop=\"text\" ><p><strong>Onaylar\/Standartlar:<\/strong><br \/>\nTS EN 12004<\/p>\n<p><strong>Bay\u0131nd\u0131rl\u0131k Bak. Poz No.:<\/strong><br \/>\nBay\u0131nd\u0131rl\u0131k Bak. Poz No.: 10.300.2205<\/p>\n<\/div><\/div><\/div><\/section>\n<\/div><\/p>\n","protected":false},"excerpt":{"rendered":"","protected":false},"featured_media":4327,"comment_status":"closed","ping_status":"closed","template":"","meta":{"_acf_changed":false},"product_brand":[],"product_cat":[49],"product_tag":[],"class_list":{"0":"post-4326","1":"product","2":"type-product","3":"status-publish","4":"has-post-thumbnail","6":"product_cat-yapistiricilar","8":"first","9":"instock","10":"shipping-taxable","11":"product-type-simple"},"acf":[],"_links":{"self":[{"href":"https:\/\/www.kyk.com.tr\/index.php?rest_route=\/wp\/v2\/product\/4326","targetHints":{"allow":["GET"]}}],"collection":[{"href":"https:\/\/www.kyk.com.tr\/index.php?rest_route=\/wp\/v2\/product"}],"about":[{"href":"https:\/\/www.kyk.com.tr\/index.php?rest_route=\/wp\/v2\/types\/product"}],"replies":[{"embeddable":true,"href":"https:\/\/www.kyk.com.tr\/index.php?rest_route=%2Fwp%2Fv2%2Fcomments&post=4326"}],"wp:featuredmedia":[{"embeddable":true,"href":"https:\/\/www.kyk.com.tr\/index.php?rest_route=\/wp\/v2\/media\/4327"}],"wp:attachment":[{"href":"https:\/\/www.kyk.com.tr\/index.php?rest_route=%2Fwp%2Fv2%2Fmedia&parent=4326"}],"wp:term":[{"taxonomy":"product_brand","embeddable":true,"href":"https:\/\/www.kyk.com.tr\/index.php?rest_route=%2Fwp%2Fv2%2Fproduct_brand&post=4326"},{"taxonomy":"product_cat","embeddable":true,"href":"https:\/\/www.kyk.com.tr\/index.php?rest_route=%2Fwp%2Fv2%2Fproduct_cat&post=4326"},{"taxonomy":"product_tag","embeddable":true,"href":"https:\/\/www.kyk.com.tr\/index.php?rest_route=%2Fwp%2Fv2%2Fproduct_tag&post=4326"}],"curies":[{"name":"wp","href":"https:\/\/api.w.org\/{rel}","templated":true}]}}