{"id":4342,"date":"2025-05-04T13:26:18","date_gmt":"2025-05-04T13:26:18","guid":{"rendered":"https:\/\/www.kyk.center\/?post_type=product&#038;p=4342"},"modified":"2026-04-27T07:49:48","modified_gmt":"2026-04-27T07:49:48","slug":"megablok-y192","status":"publish","type":"product","link":"https:\/\/www.kyk.com.tr\/?product=megablok-y192","title":{"rendered":"MegaBlok Y192"},"content":{"rendered":"<div  class='flex_column av-8577x2-540e4f5436c38cb492ddfa9a8f78e025 av_one_third  avia-builder-el-0  el_before_av_one_half  avia-builder-el-first  first flex_column_div  '     ><style type=\"text\/css\" data-created_by=\"avia_inline_auto\" id=\"style-css-av-mgicnodk-6d116cecf1bc61aef03c8a7bc0da10da\">\n.avia-image-container.av-mgicnodk-6d116cecf1bc61aef03c8a7bc0da10da img.avia_image{\nbox-shadow:none;\n}\n.avia-image-container.av-mgicnodk-6d116cecf1bc61aef03c8a7bc0da10da .av-image-caption-overlay-center{\ncolor:#ffffff;\n}\n<\/style>\n<div  class='avia-image-container av-mgicnodk-6d116cecf1bc61aef03c8a7bc0da10da av-styling- avia-align-center  avia-builder-el-1  avia-builder-el-no-sibling '   itemprop=\"image\" itemscope=\"itemscope\" itemtype=\"https:\/\/schema.org\/ImageObject\" ><div class=\"avia-image-container-inner\"><div class=\"avia-image-overlay-wrap\"><img decoding=\"async\" fetchpriority=\"high\" class='wp-image-4343 avia-img-lazy-loading-not-4343 avia_image ' src=\"https:\/\/www.kyk.com.tr\/wp-content\/uploads\/2025\/05\/y192.png\" alt='' title='MegaBlok Y192'  height=\"320\" width=\"320\"  itemprop=\"thumbnailUrl\" srcset=\"https:\/\/www.kyk.com.tr\/wp-content\/uploads\/2025\/05\/y192.png 320w, https:\/\/www.kyk.com.tr\/wp-content\/uploads\/2025\/05\/y192-300x300.png 300w, https:\/\/www.kyk.com.tr\/wp-content\/uploads\/2025\/05\/y192-100x100.png 100w, https:\/\/www.kyk.com.tr\/wp-content\/uploads\/2025\/05\/y192-80x80.png 80w, https:\/\/www.kyk.com.tr\/wp-content\/uploads\/2025\/05\/y192-36x36.png 36w, https:\/\/www.kyk.com.tr\/wp-content\/uploads\/2025\/05\/y192-180x180.png 180w, https:\/\/www.kyk.com.tr\/wp-content\/uploads\/2025\/05\/y192-120x120.png 120w, https:\/\/www.kyk.com.tr\/wp-content\/uploads\/2025\/05\/y192-96x96.png 96w\" sizes=\"(max-width: 320px) 100vw, 320px\" \/><\/div><\/div><\/div><\/div>\n<div  class='flex_column av-6iwgd2-9ce5d06bd10356939e44b44fc4035830 av_one_half  avia-builder-el-2  el_after_av_one_third  el_before_av_two_third  flex_column_div  '     ><section  class='av_textblock_section av-mgicnvx9-d6423fc6d2dffe4a9137c78fc006100e '   itemscope=\"itemscope\" itemtype=\"https:\/\/schema.org\/CreativeWork\" ><div class='avia_textblock'  itemprop=\"text\" ><h1>MegaBlok Y192<\/h1>\n<\/div><\/section><br \/>\n\n<style type=\"text\/css\" data-created_by=\"avia_inline_auto\" id=\"style-css-av-mgico6we-08fc425728a3cc943e8af14f3eaa630f\">\n#top .av_textblock_section.av-mgico6we-08fc425728a3cc943e8af14f3eaa630f .avia_textblock{\nfont-size:14px;\n}\n<\/style>\n<section  class='av_textblock_section av-mgico6we-08fc425728a3cc943e8af14f3eaa630f '   itemscope=\"itemscope\" itemtype=\"https:\/\/schema.org\/CreativeWork\" ><div class='avia_textblock'  itemprop=\"text\" ><p><strong>\u00c7imento esasl\u0131, tek bile\u015fenli, \u00fcr\u00fcn i\u015flenebilirli\u011fini art\u0131r\u0131c\u0131 kimyasal katk\u0131lar i\u00e7eren, pratik, el ile uygulanan, <span style=\"color: #ff9900\">T<\/span> s\u0131n\u0131f\u0131 gaz beton \u00f6rg\u00fc harc\u0131d\u0131r.<\/strong><\/p>\n<p><img loading=\"lazy\" decoding=\"async\" class=\"alignnone size-thumbnail wp-image-9580\" src=\"https:\/\/www.kyk.com.tr\/wp-content\/uploads\/2025\/11\/T-80x80.png\" alt=\"\" width=\"80\" height=\"80\" srcset=\"https:\/\/www.kyk.com.tr\/wp-content\/uploads\/2025\/11\/T-80x80.png 80w, https:\/\/www.kyk.com.tr\/wp-content\/uploads\/2025\/11\/T-300x300.png 300w, https:\/\/www.kyk.com.tr\/wp-content\/uploads\/2025\/11\/T-36x36.png 36w, https:\/\/www.kyk.com.tr\/wp-content\/uploads\/2025\/11\/T-180x180.png 180w, https:\/\/www.kyk.com.tr\/wp-content\/uploads\/2025\/11\/T-120x120.png 120w, https:\/\/www.kyk.com.tr\/wp-content\/uploads\/2025\/11\/T-450x450.png 450w, https:\/\/www.kyk.com.tr\/wp-content\/uploads\/2025\/11\/T-100x100.png 100w, https:\/\/www.kyk.com.tr\/wp-content\/uploads\/2025\/11\/T-96x96.png 96w, https:\/\/www.kyk.com.tr\/wp-content\/uploads\/2025\/11\/T.png 500w\" sizes=\"auto, (max-width: 80px) 100vw, 80px\" \/><\/p>\n<\/div><\/section><\/p><\/div>\n<div  class='flex_column av-3zqzna-f6287b9aa2446bf71761d6fe4a488591 av_two_third  avia-builder-el-5  el_after_av_one_half  el_before_av_one_third  first flex_column_div  column-top-margin'     ><section  class='av_textblock_section av-mgicopkb-db4b8bc498be81d177ba7a269a1c41fa '   itemscope=\"itemscope\" itemtype=\"https:\/\/schema.org\/CreativeWork\" ><div class='avia_textblock'  itemprop=\"text\" ><h4>\u00a0 \u00a0 \u00dcR\u00dcN AVANTAJLARI<\/h4>\n<\/div><\/section><br \/>\n\n<style type=\"text\/css\" data-created_by=\"avia_inline_auto\" id=\"style-css-av-mgicp2ug-371e943cd0cb02a69502799805e41596\">\n#top .av_textblock_section.av-mgicp2ug-371e943cd0cb02a69502799805e41596 .avia_textblock{\nfont-size:14px;\n}\n<\/style>\n<section  class='av_textblock_section av-mgicp2ug-371e943cd0cb02a69502799805e41596 '   itemscope=\"itemscope\" itemtype=\"https:\/\/schema.org\/CreativeWork\" ><div class='avia_textblock'  itemprop=\"text\" ><ul>\n<li>Bims, gaz beton bloklar ve tu\u011fla ile duvar \u00f6r\u00fclmesinde kullan\u0131l\u0131r.<\/li>\n<li>Kolay haz\u0131rlan\u0131r ve uygulan\u0131r.<\/li>\n<\/ul>\n<\/div><\/section><\/p><\/div>\n<div  class='flex_column av-33csme-71cc1b61ff792dc4dc392a8eae61adf6 av_one_third  avia-builder-el-8  el_after_av_two_third  el_before_av_toggle_container  flex_column_div  column-top-margin'     ><section  class='av_textblock_section av-mgicpbb8-c0f26d44143a4e2aafd8439cc97d76e6 '   itemscope=\"itemscope\" itemtype=\"https:\/\/schema.org\/CreativeWork\" ><div class='avia_textblock'  itemprop=\"text\" ><h4>TEKN\u0130K BELGELER<\/h4>\n<\/div><\/section><br \/>\n<section  class='av_textblock_section av-mgicpvmb-90fc63c72bba379c2b77b10052f18e48 '   itemscope=\"itemscope\" itemtype=\"https:\/\/schema.org\/CreativeWork\" ><div class='avia_textblock'  itemprop=\"text\" ><p><a href=\"https:\/\/www.kyk.com.tr\/wp-content\/uploads\/2026\/04\/y192_tds.pdf\" target=\"_blank\" rel=\"noopener\"><img loading=\"lazy\" decoding=\"async\" class=\"alignnone wp-image-8657 size-full\" src=\"https:\/\/www.kyk.com.tr\/wp-content\/uploads\/2025\/10\/TDS_1.jpg\" alt=\"\" width=\"410\" height=\"41\" srcset=\"https:\/\/www.kyk.com.tr\/wp-content\/uploads\/2025\/10\/TDS_1.jpg 410w, https:\/\/www.kyk.com.tr\/wp-content\/uploads\/2025\/10\/TDS_1-300x30.jpg 300w\" sizes=\"auto, (max-width: 410px) 100vw, 410px\" \/><\/a><br \/>\n<a href=\"https:\/\/www.kyk.com.tr\/wp-content\/uploads\/2025\/05\/y192_msds.pdf\" target=\"_blank\" rel=\"noopener\"><img loading=\"lazy\" decoding=\"async\" class=\"alignnone size-full wp-image-8656\" src=\"https:\/\/www.kyk.com.tr\/wp-content\/uploads\/2025\/10\/MSDS_1.jpg\" alt=\"\" width=\"410\" height=\"41\" srcset=\"https:\/\/www.kyk.com.tr\/wp-content\/uploads\/2025\/10\/MSDS_1.jpg 410w, https:\/\/www.kyk.com.tr\/wp-content\/uploads\/2025\/10\/MSDS_1-300x30.jpg 300w\" sizes=\"auto, (max-width: 410px) 100vw, 410px\" \/><\/a><br \/>\n<a href=\"https:\/\/www.kyk.com.tr\/?sdm_process_download=1&amp;download_id=9258\" target=\"_blank\" rel=\"noopener\"><img loading=\"lazy\" decoding=\"async\" class=\"alignnone wp-image-8657 size-full\" src=\"https:\/\/www.kyk.com.tr\/wp-content\/uploads\/2025\/10\/TSE.jpg\" alt=\"\" width=\"410\" height=\"41\" \/><\/a><br \/>\n<a href=\"https:\/\/www.kyk.com.tr\/?sdm_process_download=1&amp;download_id=9260\" target=\"_blank\" rel=\"noopener\"><img loading=\"lazy\" decoding=\"async\" class=\"alignnone size-full wp-image-8656\" src=\"https:\/\/www.kyk.com.tr\/wp-content\/uploads\/2025\/10\/CE.jpg\" alt=\"\" width=\"410\" height=\"41\" \/><\/a><\/p>\n<\/div><\/section><\/p><\/div>\n<style type=\"text\/css\" data-created_by=\"avia_inline_auto\" id=\"style-css-av-mgictgad-797a031e7985c4312dc6546411a0de57\">\n#top .togglecontainer.av-mgictgad-797a031e7985c4312dc6546411a0de57 h6.toggler{\nfont-size:17px;\ncolor:#003e73;\n}\n#top .togglecontainer.av-mgictgad-797a031e7985c4312dc6546411a0de57 h6.toggler .toggle_icon{\ncolor:#003e73;\nborder-color:#003e73;\n}\n#top .togglecontainer.av-mgictgad-797a031e7985c4312dc6546411a0de57 h6.toggler .toggle_icon > span{\ncolor:#003e73;\nborder-color:#003e73;\n}\n#top .togglecontainer.av-mgictgad-797a031e7985c4312dc6546411a0de57 .toggle_wrap .toggle_content{\nfont-size:14px;\ncolor:#003e73;\n}\n<\/style>\n<div  class='togglecontainer av-mgictgad-797a031e7985c4312dc6546411a0de57 av-minimal-toggle  avia-builder-el-11  el_after_av_one_third  avia-builder-el-last  toggle_close_all' >\n<section class='av_toggle_section av-mgicqznm-07bb38a5105163b7bbb0ab7c9b5a8a87'  itemscope=\"itemscope\" itemtype=\"https:\/\/schema.org\/CreativeWork\" ><div role=\"tablist\" class=\"single_toggle\" data-tags=\"{T\u00fcm\u00fc} \"  ><h6 id='toggle-toggle-id-1' data-fake-id='#toggle-id-1' class='toggler  av-title-above '  itemprop=\"headline\"  role='tab' tabindex='0' aria-controls='toggle-id-1' data-slide-speed=\"200\" data-title=\"KULLANIM ALANLARI\" data-title-open=\"\" data-aria_collapsed=\"Click to expand: KULLANIM ALANLARI\" data-aria_expanded=\"Click to collapse: KULLANIM ALANLARI\">KULLANIM ALANLARI<span class=\"toggle_icon\"><span class=\"vert_icon\"><\/span><span class=\"hor_icon\"><\/span><\/span><\/h6><div id='toggle-id-1' aria-labelledby='toggle-toggle-id-1' role='region' class='toggle_wrap  av-title-above'  ><div class='toggle_content invers-color '  itemprop=\"text\" ><p><strong>MegaBlok Y192<\/strong>; i\u00e7 ve d\u0131\u015f mekanlarda, bims, gaz beton ve tu\u011fla gibi yap\u0131 elemanlar\u0131n\u0131n d\u00fc\u015fey y\u00fczeylerde \u00f6r\u00fclmesinde kullan\u0131l\u0131r.<\/p>\n<\/div><\/div><\/div><\/section>\n<section class='av_toggle_section av-mgicrhhz-4f164668766e1ff7cad77ddba5875fd1'  itemscope=\"itemscope\" itemtype=\"https:\/\/schema.org\/CreativeWork\" ><div role=\"tablist\" class=\"single_toggle\" data-tags=\"{T\u00fcm\u00fc} \"  ><h6 id='toggle-toggle-id-2' data-fake-id='#toggle-id-2' class='toggler  av-title-above '  itemprop=\"headline\"  role='tab' tabindex='0' aria-controls='toggle-id-2' data-slide-speed=\"200\" data-title=\"PERFORMANS B\u0130LG\u0130LER\u0130\" data-title-open=\"\" data-aria_collapsed=\"Click to expand: PERFORMANS B\u0130LG\u0130LER\u0130\" data-aria_expanded=\"Click to collapse: PERFORMANS B\u0130LG\u0130LER\u0130\">PERFORMANS B\u0130LG\u0130LER\u0130<span class=\"toggle_icon\"><span class=\"vert_icon\"><\/span><span class=\"hor_icon\"><\/span><\/span><\/h6><div id='toggle-id-2' aria-labelledby='toggle-toggle-id-2' role='region' class='toggle_wrap  av-title-above'  ><div class='toggle_content invers-color '  itemprop=\"text\" ><table width=\"576\">\n<tbody>\n<tr>\n<td width=\"203\"><strong>TEST<\/strong><\/td>\n<td width=\"151\"><strong>DE\u011eER<\/strong><\/td>\n<td width=\"222\"><strong>STANDART<\/strong><\/td>\n<\/tr>\n<tr>\n<td width=\"203\"><strong>\u0130\u015flenebilme s\u00fcresi<\/strong><\/td>\n<td width=\"151\"><strong>Minimum 2 saat<\/strong><\/td>\n<td width=\"222\"><strong>TS EN 1015 &#8211; 9<\/strong><\/td>\n<\/tr>\n<tr>\n<td width=\"203\"><strong>Klor\u00fcr i\u00e7eri\u011fi<\/strong><\/td>\n<td width=\"151\"><strong>&lt;% 0,1<\/strong><\/td>\n<td width=\"222\"><strong>TS EN 1015 &#8211; 17<\/strong><\/td>\n<\/tr>\n<tr>\n<td width=\"203\"><strong>Hava i\u00e7eri\u011fi<\/strong><\/td>\n<td width=\"151\"><strong>Maksimum %5<\/strong><\/td>\n<td width=\"222\"><strong>TS EN 1015 &#8211; 7<\/strong><\/td>\n<\/tr>\n<tr>\n<td width=\"203\"><strong>Bas\u0131n\u00e7 dayan\u0131m s\u0131n\u0131rlar\u0131<\/strong><\/td>\n<td width=\"151\"><strong>M10<\/strong><\/td>\n<td width=\"222\"><strong>TS EN 1015 &#8211; 11<\/strong><\/td>\n<\/tr>\n<tr>\n<td width=\"203\"><strong>Ba\u011f dayan\u0131m\u0131<\/strong><\/td>\n<td width=\"151\"><strong>\u2265 0,1 N\/mm<sup>2<\/sup><\/strong><\/td>\n<td width=\"222\"><strong>TS EN 1015 &#8211; 3<\/strong><\/td>\n<\/tr>\n<tr>\n<td width=\"203\"><strong>Su emme<\/strong><\/td>\n<td width=\"151\"><strong>\u2264 0,40 kg\/m<sup>2<\/sup>.dk<sup>0,5<\/sup><\/strong><\/td>\n<td width=\"222\"><strong>TS EN 1015 &#8211; 18<\/strong><\/td>\n<\/tr>\n<tr>\n<td width=\"203\"><strong>Su buhar\u0131 ge\u00e7irgenli\u011fi<\/strong><\/td>\n<td width=\"151\"><strong>5\/15 tablo de\u011feri<\/strong><\/td>\n<td width=\"222\"><strong>TS EN 1745 \u00e7izelge A.12<\/strong><\/td>\n<\/tr>\n<tr>\n<td width=\"203\"><strong>Yo\u011funluk (sertle\u015fmi\u015f harc\u0131n)<\/strong><\/td>\n<td width=\"151\"><strong>1,61 \u00b1 0,1 gr\/cm<sup>3<\/sup><\/strong><\/td>\n<td width=\"222\"><strong>TS EN 1015 &#8211; 10<\/strong><\/td>\n<\/tr>\n<tr>\n<td width=\"203\"><strong>Tane b\u00fcy\u00fckl\u00fc\u011f\u00fc<\/strong><\/td>\n<td width=\"151\"><strong>&lt;2 mm<\/strong><\/td>\n<td width=\"222\"><strong>TS EN 1015 &#8211; 1<\/strong><\/td>\n<\/tr>\n<tr>\n<td width=\"203\"><strong>D\u00fczeltilebilme s\u00fcresi<\/strong><\/td>\n<td width=\"151\"><strong>\u2265 10 dk.<\/strong><\/td>\n<td width=\"222\"><strong>TS EN 1015 &#8211; 9<\/strong><\/td>\n<\/tr>\n<tr>\n<td width=\"203\"><strong>Yang\u0131na tepki<\/strong><\/td>\n<td width=\"151\"><strong>A1<\/strong><\/td>\n<td width=\"222\"><strong>TS EN 13501 &#8211; 1<\/strong><\/td>\n<\/tr>\n<\/tbody>\n<\/table>\n<p>Bu de\u011ferler laboratuvar \u015fartlar\u0131nda; 23 \u00b1 2\u00b0C ve %50 \u00b1 5 ba\u011f\u0131l nem ortam\u0131nda yap\u0131lan deneyler sonucunda elde edilmi\u015ftir. Tabloda verilen de\u011ferler y\u00fczey ve ortam ko\u015fullar\u0131na g\u00f6re farkl\u0131l\u0131k g\u00f6sterebilir.<\/p>\n<\/div><\/div><\/div><\/section>\n<section class='av_toggle_section av-mgicro58-9ef93fcbf65abf61f35c9fd0baf71b63'  itemscope=\"itemscope\" itemtype=\"https:\/\/schema.org\/CreativeWork\" ><div role=\"tablist\" class=\"single_toggle\" data-tags=\"{T\u00fcm\u00fc} \"  ><h6 id='toggle-toggle-id-3' data-fake-id='#toggle-id-3' class='toggler  av-title-above '  itemprop=\"headline\"  role='tab' tabindex='0' aria-controls='toggle-id-3' data-slide-speed=\"200\" data-title=\"UYGULAMA SINIRLARI\" data-title-open=\"\" data-aria_collapsed=\"Click to expand: UYGULAMA SINIRLARI\" data-aria_expanded=\"Click to collapse: UYGULAMA SINIRLARI\">UYGULAMA SINIRLARI<span class=\"toggle_icon\"><span class=\"vert_icon\"><\/span><span class=\"hor_icon\"><\/span><\/span><\/h6><div id='toggle-id-3' aria-labelledby='toggle-toggle-id-3' role='region' class='toggle_wrap  av-title-above'  ><div class='toggle_content invers-color '  itemprop=\"text\" ><table width=\"558\">\n<tbody>\n<tr>\n<td width=\"359\"><strong>A\u00c7IKLAMA<\/strong><\/td>\n<td width=\"198\"><strong>S\u00dcRE<\/strong><\/td>\n<\/tr>\n<tr>\n<td width=\"359\"><strong>Haz\u0131rlanan harc\u0131n kullan\u0131labilme s\u00fcresi- Kap \u00f6mr\u00fc<\/strong><\/td>\n<td width=\"198\"><strong>Maksimum 3 saat<\/strong><\/td>\n<\/tr>\n<tr>\n<td width=\"359\"><strong>D\u00fczeltilebilme s\u00fcresi<\/strong><\/td>\n<td width=\"198\"><strong>10 dk.<\/strong><\/td>\n<\/tr>\n<tr>\n<td width=\"359\"><strong>\u0130\u015flenebilme s\u00fcresi<\/strong><\/td>\n<td width=\"198\"><strong>Maksimum 2 saat<\/strong><\/td>\n<\/tr>\n<\/tbody>\n<\/table>\n<p>Bu de\u011ferler laboratuvar \u015fartlar\u0131nda; 23 \u00b1 2\u00b0C ve %50 \u00b1 5 ba\u011f\u0131l nem ortam\u0131nda yap\u0131lan deneyler sonucunda elde edilmi\u015ftir. Tabloda verilen de\u011ferler y\u00fczey ve ortam ko\u015fullar\u0131na g\u00f6re farkl\u0131l\u0131k g\u00f6sterebilir.<\/p>\n<\/div><\/div><\/div><\/section>\n<section class='av_toggle_section av-mgicsijc-58bee9ef1d800d8134e5a38a1c983847'  itemscope=\"itemscope\" itemtype=\"https:\/\/schema.org\/CreativeWork\" ><div role=\"tablist\" class=\"single_toggle\" data-tags=\"{T\u00fcm\u00fc} \"  ><h6 id='toggle-toggle-id-4' data-fake-id='#toggle-id-4' class='toggler  av-title-above '  itemprop=\"headline\"  role='tab' tabindex='0' aria-controls='toggle-id-4' data-slide-speed=\"200\" data-title=\"REFERANS STANDARTLARI\" data-title-open=\"\" data-aria_collapsed=\"Click to expand: REFERANS STANDARTLARI\" data-aria_expanded=\"Click to collapse: REFERANS STANDARTLARI\">REFERANS STANDARTLARI<span class=\"toggle_icon\"><span class=\"vert_icon\"><\/span><span class=\"hor_icon\"><\/span><\/span><\/h6><div id='toggle-id-4' aria-labelledby='toggle-toggle-id-4' role='region' class='toggle_wrap  av-title-above'  ><div class='toggle_content invers-color '  itemprop=\"text\" ><p><strong>Onaylar\/Standartlar:<\/strong><br \/>\nTS EN 771-4: TS EN 998- 2<\/p>\n<p><strong>Bay\u0131nd\u0131rl\u0131k Bak. Poz No.:<\/strong><br \/>\nBay\u0131nd\u0131rl\u0131k Bak. Poz No.: 10.300.2790<\/p>\n<\/div><\/div><\/div><\/section>\n<\/div><\/p>\n","protected":false},"excerpt":{"rendered":"","protected":false},"featured_media":4343,"comment_status":"closed","ping_status":"closed","template":"","meta":{"_acf_changed":false},"product_brand":[],"product_cat":[49],"product_tag":[],"class_list":{"0":"post-4342","1":"product","2":"type-product","3":"status-publish","4":"has-post-thumbnail","6":"product_cat-yapistiricilar","8":"first","9":"instock","10":"shipping-taxable","11":"product-type-simple"},"acf":[],"_links":{"self":[{"href":"https:\/\/www.kyk.com.tr\/index.php?rest_route=\/wp\/v2\/product\/4342","targetHints":{"allow":["GET"]}}],"collection":[{"href":"https:\/\/www.kyk.com.tr\/index.php?rest_route=\/wp\/v2\/product"}],"about":[{"href":"https:\/\/www.kyk.com.tr\/index.php?rest_route=\/wp\/v2\/types\/product"}],"replies":[{"embeddable":true,"href":"https:\/\/www.kyk.com.tr\/index.php?rest_route=%2Fwp%2Fv2%2Fcomments&post=4342"}],"wp:featuredmedia":[{"embeddable":true,"href":"https:\/\/www.kyk.com.tr\/index.php?rest_route=\/wp\/v2\/media\/4343"}],"wp:attachment":[{"href":"https:\/\/www.kyk.com.tr\/index.php?rest_route=%2Fwp%2Fv2%2Fmedia&parent=4342"}],"wp:term":[{"taxonomy":"product_brand","embeddable":true,"href":"https:\/\/www.kyk.com.tr\/index.php?rest_route=%2Fwp%2Fv2%2Fproduct_brand&post=4342"},{"taxonomy":"product_cat","embeddable":true,"href":"https:\/\/www.kyk.com.tr\/index.php?rest_route=%2Fwp%2Fv2%2Fproduct_cat&post=4342"},{"taxonomy":"product_tag","embeddable":true,"href":"https:\/\/www.kyk.com.tr\/index.php?rest_route=%2Fwp%2Fv2%2Fproduct_tag&post=4342"}],"curies":[{"name":"wp","href":"https:\/\/api.w.org\/{rel}","templated":true}]}}