{"id":4502,"date":"2025-05-05T10:50:47","date_gmt":"2025-05-05T10:50:47","guid":{"rendered":"https:\/\/www.kyk.center\/?post_type=product&#038;p=4502"},"modified":"2026-04-27T08:12:52","modified_gmt":"2026-04-27T08:12:52","slug":"megafuga-sil-d102","status":"publish","type":"product","link":"https:\/\/www.kyk.com.tr\/?product=megafuga-sil-d102","title":{"rendered":"MegaFuga Sil D102"},"content":{"rendered":"<div  class='flex_column av-74rpja-adb2010920a7525463f613f0c18ce0c1 av_one_third  avia-builder-el-0  el_before_av_one_half  avia-builder-el-first  first flex_column_div  '     ><style type=\"text\/css\" data-created_by=\"avia_inline_auto\" id=\"style-css-av-mgizw99h-f1e55aef2197b8e6155d1a914a76f005\">\n.avia-image-container.av-mgizw99h-f1e55aef2197b8e6155d1a914a76f005 img.avia_image{\nbox-shadow:none;\n}\n.avia-image-container.av-mgizw99h-f1e55aef2197b8e6155d1a914a76f005 .av-image-caption-overlay-center{\ncolor:#ffffff;\n}\n<\/style>\n<div  class='avia-image-container av-mgizw99h-f1e55aef2197b8e6155d1a914a76f005 av-styling- avia-align-center  avia-builder-el-1  avia-builder-el-no-sibling '   itemprop=\"image\" itemscope=\"itemscope\" itemtype=\"https:\/\/schema.org\/ImageObject\" ><div class=\"avia-image-container-inner\"><div class=\"avia-image-overlay-wrap\"><img decoding=\"async\" fetchpriority=\"high\" class='wp-image-4503 avia-img-lazy-loading-not-4503 avia_image ' src=\"https:\/\/www.kyk.com.tr\/wp-content\/uploads\/2025\/05\/d102.png\" alt='' title='MegaFuga Sil D102'  height=\"320\" width=\"320\"  itemprop=\"thumbnailUrl\" srcset=\"https:\/\/www.kyk.com.tr\/wp-content\/uploads\/2025\/05\/d102.png 320w, https:\/\/www.kyk.com.tr\/wp-content\/uploads\/2025\/05\/d102-300x300.png 300w, https:\/\/www.kyk.com.tr\/wp-content\/uploads\/2025\/05\/d102-100x100.png 100w, https:\/\/www.kyk.com.tr\/wp-content\/uploads\/2025\/05\/d102-80x80.png 80w, https:\/\/www.kyk.com.tr\/wp-content\/uploads\/2025\/05\/d102-36x36.png 36w, https:\/\/www.kyk.com.tr\/wp-content\/uploads\/2025\/05\/d102-180x180.png 180w, https:\/\/www.kyk.com.tr\/wp-content\/uploads\/2025\/05\/d102-120x120.png 120w, https:\/\/www.kyk.com.tr\/wp-content\/uploads\/2025\/05\/d102-96x96.png 96w\" sizes=\"(max-width: 320px) 100vw, 320px\" \/><\/div><\/div><\/div><\/div>\n<div  class='flex_column av-6kmtuu-16ad249ec48e641d0afa6db900f2cc86 av_one_half  avia-builder-el-2  el_after_av_one_third  el_before_av_two_third  flex_column_div  '     ><section  class='av_textblock_section av-mgizwi3h-c3d95a8ba1898ee284d14117d810502f '   itemscope=\"itemscope\" itemtype=\"https:\/\/schema.org\/CreativeWork\" ><div class='avia_textblock'  itemprop=\"text\" ><h1>MegaFuga Sil D102<\/h1>\n<\/div><\/section><br \/>\n\n<style type=\"text\/css\" data-created_by=\"avia_inline_auto\" id=\"style-css-av-mgizxd34-cd660d82f71dda18380a61b802825349\">\n#top .av_textblock_section.av-mgizxd34-cd660d82f71dda18380a61b802825349 .avia_textblock{\nfont-size:14px;\n}\n<\/style>\n<section  class='av_textblock_section av-mgizxd34-cd660d82f71dda18380a61b802825349 '   itemscope=\"itemscope\" itemtype=\"https:\/\/schema.org\/CreativeWork\" ><div class='avia_textblock'  itemprop=\"text\" ><p><strong>\u00c7imento esasl\u0131, polimer ve silikon katk\u0131l\u0131, tek bile\u015fenli, 2 &#8211; 10 mm derz aralar\u0131na uygulanabilen, elastik, suya ve \u0131s\u0131 de\u011fi\u015fikliklerine dayan\u0131kl\u0131, su itici <span style=\"color: #ff9900\">CG2WA<\/span> s\u0131n\u0131f\u0131 derz dolgu malzemesidir.<\/strong><\/p>\n<p><img loading=\"lazy\" decoding=\"async\" class=\"alignnone size-thumbnail wp-image-9568\" src=\"https:\/\/www.kyk.com.tr\/wp-content\/uploads\/2025\/11\/C62WA-80x80.png\" alt=\"\" width=\"80\" height=\"80\" srcset=\"https:\/\/www.kyk.com.tr\/wp-content\/uploads\/2025\/11\/C62WA-80x80.png 80w, https:\/\/www.kyk.com.tr\/wp-content\/uploads\/2025\/11\/C62WA-300x300.png 300w, https:\/\/www.kyk.com.tr\/wp-content\/uploads\/2025\/11\/C62WA-36x36.png 36w, https:\/\/www.kyk.com.tr\/wp-content\/uploads\/2025\/11\/C62WA-180x180.png 180w, https:\/\/www.kyk.com.tr\/wp-content\/uploads\/2025\/11\/C62WA-120x120.png 120w, https:\/\/www.kyk.com.tr\/wp-content\/uploads\/2025\/11\/C62WA-450x450.png 450w, https:\/\/www.kyk.com.tr\/wp-content\/uploads\/2025\/11\/C62WA-100x100.png 100w, https:\/\/www.kyk.com.tr\/wp-content\/uploads\/2025\/11\/C62WA-96x96.png 96w, https:\/\/www.kyk.com.tr\/wp-content\/uploads\/2025\/11\/C62WA.png 500w\" sizes=\"auto, (max-width: 80px) 100vw, 80px\" \/><\/p>\n<\/div><\/section><\/p><\/div>\n<div  class='flex_column av-4hkhwm-64b6a905650b1a8ee71787f54f0eaa1e av_two_third  avia-builder-el-5  el_after_av_one_half  el_before_av_one_third  first flex_column_div  column-top-margin'     ><section  class='av_textblock_section av-mgizybac-b87ca96e8439a8d4424adcf6fa83cebd '   itemscope=\"itemscope\" itemtype=\"https:\/\/schema.org\/CreativeWork\" ><div class='avia_textblock'  itemprop=\"text\" ><h4>\u00a0 \u00a0 \u00dcR\u00dcN AVANTAJLARI<\/h4>\n<\/div><\/section><br \/>\n\n<style type=\"text\/css\" data-created_by=\"avia_inline_auto\" id=\"style-css-av-mgizyu2x-d1a2d3ebbe603cdd6a0e66e05e029c7b\">\n#top .av_textblock_section.av-mgizyu2x-d1a2d3ebbe603cdd6a0e66e05e029c7b .avia_textblock{\nfont-size:14px;\n}\n<\/style>\n<section  class='av_textblock_section av-mgizyu2x-d1a2d3ebbe603cdd6a0e66e05e029c7b '   itemscope=\"itemscope\" itemtype=\"https:\/\/schema.org\/CreativeWork\" ><div class='avia_textblock'  itemprop=\"text\" ><ul>\n<li>Silikon katk\u0131l\u0131 olu\u015fundan su itici \u00f6zelli\u011fe sahiptir.<\/li>\n<li>Su ile temas halinde olan y\u00fczeylerde kullan\u0131ma uygundur.<\/li>\n<li>\u0130\u00e7erdi\u011fi \u00f6zel katk\u0131lar sayesinde azalt\u0131lm\u0131\u015f su emme ve y\u00fcksek a\u015f\u0131nma dayan\u0131m\u0131 \u00f6zelliklerine sahiptir.<\/li>\n<li>\u00c7atlaks\u0131z ve p\u00fcr\u00fczs\u00fcz bir g\u00f6r\u00fcn\u00fcm verir.<\/li>\n<li>Geni\u015f renk yelpazesine sahiptir.<\/li>\n<li>Suya, dona ve \u0131s\u0131 de\u011fi\u015fimlerine dayan\u0131kl\u0131d\u0131r.<\/li>\n<li>Kolay haz\u0131rlan\u0131r ve uygulan\u0131r.<\/li>\n<\/ul>\n<\/div><\/section><\/p><\/div>\n<div  class='flex_column av-1z9wau-8fed8d3745b616dca2069a3b708d15db av_one_third  avia-builder-el-8  el_after_av_two_third  el_before_av_toggle_container  flex_column_div  column-top-margin'     ><section  class='av_textblock_section av-mgizz3gy-9b61de44f89230538c1f34f3540cbecd '   itemscope=\"itemscope\" itemtype=\"https:\/\/schema.org\/CreativeWork\" ><div class='avia_textblock'  itemprop=\"text\" ><h4>TEKN\u0130K BELGELER<\/h4>\n<\/div><\/section><br \/>\n<section  class='av_textblock_section av-mgizziw3-954e144ceece3fcb3c620f5828b38536 '   itemscope=\"itemscope\" itemtype=\"https:\/\/schema.org\/CreativeWork\" ><div class='avia_textblock'  itemprop=\"text\" ><p><a href=\"https:\/\/www.kyk.com.tr\/wp-content\/uploads\/2026\/04\/d102_tds.pdf\" target=\"_blank\" rel=\"noopener\"><img loading=\"lazy\" decoding=\"async\" class=\"alignnone wp-image-8657 size-full\" src=\"https:\/\/www.kyk.com.tr\/wp-content\/uploads\/2025\/10\/TDS_1.jpg\" alt=\"\" width=\"410\" height=\"41\" srcset=\"https:\/\/www.kyk.com.tr\/wp-content\/uploads\/2025\/10\/TDS_1.jpg 410w, https:\/\/www.kyk.com.tr\/wp-content\/uploads\/2025\/10\/TDS_1-300x30.jpg 300w\" sizes=\"auto, (max-width: 410px) 100vw, 410px\" \/><\/a><br \/>\n<a href=\"https:\/\/www.kyk.com.tr\/wp-content\/uploads\/2025\/05\/d102_msds.pdf\" target=\"_blank\" rel=\"noopener\"><img loading=\"lazy\" decoding=\"async\" class=\"alignnone size-full wp-image-8656\" src=\"https:\/\/www.kyk.com.tr\/wp-content\/uploads\/2025\/10\/MSDS_1.jpg\" alt=\"\" width=\"410\" height=\"41\" srcset=\"https:\/\/www.kyk.com.tr\/wp-content\/uploads\/2025\/10\/MSDS_1.jpg 410w, https:\/\/www.kyk.com.tr\/wp-content\/uploads\/2025\/10\/MSDS_1-300x30.jpg 300w\" sizes=\"auto, (max-width: 410px) 100vw, 410px\" \/><\/a><br \/>\n<a href=\"https:\/\/www.kyk.com.tr\/?sdm_process_download=1&amp;download_id=9277\" target=\"_blank\" rel=\"noopener\"><img loading=\"lazy\" decoding=\"async\" class=\"alignnone wp-image-8657 size-full\" src=\"https:\/\/www.kyk.com.tr\/wp-content\/uploads\/2025\/10\/TSE.jpg\" alt=\"\" width=\"410\" height=\"41\" \/><\/a><br \/>\n<a href=\"https:\/\/www.kyk.com.tr\/?sdm_process_download=1&amp;download_id=9279\" target=\"_blank\" rel=\"noopener\"><img loading=\"lazy\" decoding=\"async\" class=\"alignnone size-full wp-image-8656\" src=\"https:\/\/www.kyk.com.tr\/wp-content\/uploads\/2025\/10\/G-Belgesi.jpg\" alt=\"\" width=\"410\" height=\"41\" \/><\/a><\/p>\n<\/div><\/section><br \/>\n<section  class='av_textblock_section av-mh1zkuth-ccca696cdcd68bd0cafbe02b83c67cae '   itemscope=\"itemscope\" itemtype=\"https:\/\/schema.org\/CreativeWork\" ><div class='avia_textblock'  itemprop=\"text\" ><h4>T\u00dcKET\u0130M HESAPLAMA<\/h4>\n<\/div><\/section><br \/>\n<section  class='av_textblock_section av-mh1zlez1-cdc2b56d499fd2cddd3367cdbf649920 '   itemscope=\"itemscope\" itemtype=\"https:\/\/schema.org\/CreativeWork\" ><div class='avia_textblock'  itemprop=\"text\" ><p><button class=\"popmake-8056\" style=\"width: 100%;height: 44px;margin-left: 0px;font-weight: bold;color: #003e73\" type=\"button\">MegaFuga Sil D102 T\u00fcketim Hesaplama<\/button><\/p>\n<\/div><\/section><\/p><\/div>\n<style type=\"text\/css\" data-created_by=\"avia_inline_auto\" id=\"style-css-av-mgj02ei1-ff0d22c61a0ca832409a7d74bcc9131c\">\n#top .togglecontainer.av-mgj02ei1-ff0d22c61a0ca832409a7d74bcc9131c h6.toggler{\nfont-size:17px;\ncolor:#003e73;\n}\n#top .togglecontainer.av-mgj02ei1-ff0d22c61a0ca832409a7d74bcc9131c h6.toggler .toggle_icon{\ncolor:#003e73;\nborder-color:#003e73;\n}\n#top .togglecontainer.av-mgj02ei1-ff0d22c61a0ca832409a7d74bcc9131c h6.toggler .toggle_icon > span{\ncolor:#003e73;\nborder-color:#003e73;\n}\n#top .togglecontainer.av-mgj02ei1-ff0d22c61a0ca832409a7d74bcc9131c .toggle_wrap .toggle_content{\nfont-size:14px;\ncolor:#003e73;\n}\n<\/style>\n<div  class='togglecontainer av-mgj02ei1-ff0d22c61a0ca832409a7d74bcc9131c av-minimal-toggle  avia-builder-el-13  el_after_av_one_third  avia-builder-el-last  toggle_close_all' >\n<section class='av_toggle_section av-mgj005y9-f5e638af360436b1d80f1447c6021c33'  itemscope=\"itemscope\" itemtype=\"https:\/\/schema.org\/CreativeWork\" ><div role=\"tablist\" class=\"single_toggle\" data-tags=\"{T\u00fcm\u00fc} \"  ><h6 id='toggle-toggle-id-1' data-fake-id='#toggle-id-1' class='toggler  av-title-above '  itemprop=\"headline\"  role='tab' tabindex='0' aria-controls='toggle-id-1' data-slide-speed=\"200\" data-title=\"KULLANIM ALANLARI\" data-title-open=\"\" data-aria_collapsed=\"Click to expand: KULLANIM ALANLARI\" data-aria_expanded=\"Click to collapse: KULLANIM ALANLARI\">KULLANIM ALANLARI<span class=\"toggle_icon\"><span class=\"vert_icon\"><\/span><span class=\"hor_icon\"><\/span><\/span><\/h6><div id='toggle-id-1' aria-labelledby='toggle-toggle-id-1' role='region' class='toggle_wrap  av-title-above'  ><div class='toggle_content invers-color '  itemprop=\"text\" ><p><strong>MegaFuga Sil D102<\/strong>; aralar\u0131nda 2 &#8211; 10 mm derz bo\u015flu\u011fu bulunan, seramik, do\u011fal ta\u015f, granit seramik, mermer gibi kaplama malzemelerinin kullan\u0131ld\u0131\u011f\u0131 zeminlerde, banyo ve teras gibi \u0131slak hacim mekanlar\u0131nda kullan\u0131l\u0131r. \u0130\u00e7 ve d\u0131\u015f mekanlarda yatay ve d\u00fc\u015fey derz bo\u015fluklar\u0131nda kullan\u0131ma uygundur.<\/p>\n<\/div><\/div><\/div><\/section>\n<section class='av_toggle_section av-mgj00m4a-15c75970b30469e3d80bac1b86c11b7c'  itemscope=\"itemscope\" itemtype=\"https:\/\/schema.org\/CreativeWork\" ><div role=\"tablist\" class=\"single_toggle\" data-tags=\"{T\u00fcm\u00fc} \"  ><h6 id='toggle-toggle-id-2' data-fake-id='#toggle-id-2' class='toggler  av-title-above '  itemprop=\"headline\"  role='tab' tabindex='0' aria-controls='toggle-id-2' data-slide-speed=\"200\" data-title=\"PERFORMANS B\u0130LG\u0130LER\u0130\" data-title-open=\"\" data-aria_collapsed=\"Click to expand: PERFORMANS B\u0130LG\u0130LER\u0130\" data-aria_expanded=\"Click to collapse: PERFORMANS B\u0130LG\u0130LER\u0130\">PERFORMANS B\u0130LG\u0130LER\u0130<span class=\"toggle_icon\"><span class=\"vert_icon\"><\/span><span class=\"hor_icon\"><\/span><\/span><\/h6><div id='toggle-id-2' aria-labelledby='toggle-toggle-id-2' role='region' class='toggle_wrap  av-title-above'  ><div class='toggle_content invers-color '  itemprop=\"text\" ><table width=\"576\">\n<tbody>\n<tr>\n<td width=\"321\"><strong>TEST<\/strong><\/td>\n<td width=\"113\"><strong>DE\u011eER<\/strong><\/td>\n<td width=\"142\"><strong>STANDART<\/strong><\/td>\n<\/tr>\n<tr>\n<td width=\"321\"><strong>\u00a0 Y\u00fcksek a\u015f\u0131nma direnci<\/strong><\/td>\n<td width=\"113\"><strong>\u2264 1000 mm<sup>3<\/sup><\/strong><\/td>\n<td width=\"142\"><strong>TS EN 12808- 2<\/strong><\/td>\n<\/tr>\n<tr>\n<td width=\"321\"><strong>Kuru depolama sonras\u0131 e\u011filme mukavemeti<\/strong><\/td>\n<td width=\"113\"><strong>\u2265 2,5 N\/mm<sup>2<\/sup><\/strong><\/td>\n<td width=\"142\"><strong>TS EN 12808- 3<\/strong><\/td>\n<\/tr>\n<tr>\n<td width=\"321\"><strong>Donma- \u00c7\u00f6z\u00fcnme \u00e7evrimlerinden sonra e\u011filme mukavemeti<\/strong><\/td>\n<td width=\"113\"><strong>\u2265 2,5 N\/mm<sup>2<\/sup><\/strong><\/td>\n<td width=\"142\"><strong>TS EN 12808- 3<\/strong><\/td>\n<\/tr>\n<tr>\n<td width=\"321\"><strong>Kuru depolama sonras\u0131 s\u0131k\u0131\u015ft\u0131rma mukavemeti<\/strong><\/td>\n<td width=\"113\"><strong>\u2265 15 N\/mm<sup>2<\/sup><\/strong><\/td>\n<td width=\"142\"><strong>TS EN 12808- 3<\/strong><\/td>\n<\/tr>\n<tr>\n<td width=\"321\"><strong>Donma- \u00c7\u00f6z\u00fcnme \u00e7evriminden sonra s\u0131k\u0131\u015ft\u0131rma mukavemeti<\/strong><\/td>\n<td width=\"113\"><strong>\u2265 15 N\/mm<sup>2<\/sup><\/strong><\/td>\n<td width=\"142\"><strong>TS EN 12808- 3<\/strong><\/td>\n<\/tr>\n<tr>\n<td width=\"321\"><strong>B\u00fcz\u00fclme<\/strong><\/td>\n<td width=\"113\"><strong>\u2264 3 mm\/m<\/strong><\/td>\n<td width=\"142\"><strong>TS EN 12808- 4<\/strong><\/td>\n<\/tr>\n<tr>\n<td width=\"321\"><strong>Azalt\u0131lm\u0131\u015f su emme, 30 dk. sonunda<\/strong><\/td>\n<td width=\"113\"><strong>\u2264 2 gr<\/strong><\/td>\n<td width=\"142\"><strong>TS EN 12808- 5<\/strong><\/td>\n<\/tr>\n<tr>\n<td width=\"321\"><strong>Azalt\u0131lm\u0131\u015f su emme, 240 dk. sonunda<\/strong><\/td>\n<td width=\"113\"><strong>\u2264 5 gr<\/strong><\/td>\n<td width=\"142\"><strong>TS EN 12808- 5<\/strong><\/td>\n<\/tr>\n<\/tbody>\n<\/table>\n<p>Bu de\u011ferler laboratuvar \u015fartlar\u0131nda; 23 \u00b1 2\u00b0C ve %50 \u00b1 5 ba\u011f\u0131l nem ortam\u0131nda yap\u0131lan deneyler sonucunda elde edilmi\u015ftir. Tabloda verilen de\u011ferler y\u00fczey ve ortam ko\u015fullar\u0131na g\u00f6re farkl\u0131l\u0131k g\u00f6sterebilir.<\/p>\n<\/div><\/div><\/div><\/section>\n<section class='av_toggle_section av-mgj00ruv-fb76b188db54194a3f3010ba5781bb95'  itemscope=\"itemscope\" itemtype=\"https:\/\/schema.org\/CreativeWork\" ><div role=\"tablist\" class=\"single_toggle\" data-tags=\"{T\u00fcm\u00fc} \"  ><h6 id='toggle-toggle-id-3' data-fake-id='#toggle-id-3' class='toggler  av-title-above '  itemprop=\"headline\"  role='tab' tabindex='0' aria-controls='toggle-id-3' data-slide-speed=\"200\" data-title=\"UYGULAMA SINIRLARI\" data-title-open=\"\" data-aria_collapsed=\"Click to expand: UYGULAMA SINIRLARI\" data-aria_expanded=\"Click to collapse: UYGULAMA SINIRLARI\">UYGULAMA SINIRLARI<span class=\"toggle_icon\"><span class=\"vert_icon\"><\/span><span class=\"hor_icon\"><\/span><\/span><\/h6><div id='toggle-id-3' aria-labelledby='toggle-toggle-id-3' role='region' class='toggle_wrap  av-title-above'  ><div class='toggle_content invers-color '  itemprop=\"text\" ><table width=\"624\">\n<tbody>\n<tr>\n<td width=\"416\"><strong>A\u00c7IKLAMA<\/strong><\/td>\n<td width=\"208\"><strong>S\u00dcRE<\/strong><\/td>\n<\/tr>\n<tr>\n<td width=\"416\"><strong>Haz\u0131rlanan harc\u0131n kullan\u0131labilme s\u00fcresi- Kap \u00d6mr\u00fc<\/strong><\/td>\n<td width=\"208\"><strong>Maksimum 1,5 saat<\/strong><\/td>\n<\/tr>\n<tr>\n<td width=\"416\"><strong>Kuruma s\u00fcresi<\/strong><\/td>\n<td width=\"208\"><strong>Minimum 12 saat<\/strong><\/td>\n<\/tr>\n<tr>\n<td width=\"416\"><strong>Trafi\u011fe a\u00e7\u0131lma s\u00fcresi<\/strong><\/td>\n<td width=\"208\"><strong>24 &#8211; 48 saat<\/strong><\/td>\n<\/tr>\n<\/tbody>\n<\/table>\n<p>Bu de\u011ferler laboratuvar \u015fartlar\u0131nda; 23 \u00b1 2\u00b0C ve %50 \u00b1 5 ba\u011f\u0131l nem ortam\u0131nda yap\u0131lan deneyler sonucunda elde edilmi\u015ftir. Tabloda verilen de\u011ferler y\u00fczey ve ortam ko\u015fullar\u0131na g\u00f6re farkl\u0131l\u0131k g\u00f6sterebilir.<\/p>\n<\/div><\/div><\/div><\/section>\n<section class='av_toggle_section av-mgj01g00-377389174059d1528cd1e06276092d1e'  itemscope=\"itemscope\" itemtype=\"https:\/\/schema.org\/CreativeWork\" ><div role=\"tablist\" class=\"single_toggle\" data-tags=\"{T\u00fcm\u00fc} \"  ><h6 id='toggle-toggle-id-4' data-fake-id='#toggle-id-4' class='toggler  av-title-above '  itemprop=\"headline\"  role='tab' tabindex='0' aria-controls='toggle-id-4' data-slide-speed=\"200\" data-title=\"REFERANS STANDARTLARI\" data-title-open=\"\" data-aria_collapsed=\"Click to expand: REFERANS STANDARTLARI\" data-aria_expanded=\"Click to collapse: REFERANS STANDARTLARI\">REFERANS STANDARTLARI<span class=\"toggle_icon\"><span class=\"vert_icon\"><\/span><span class=\"hor_icon\"><\/span><\/span><\/h6><div id='toggle-id-4' aria-labelledby='toggle-toggle-id-4' role='region' class='toggle_wrap  av-title-above'  ><div class='toggle_content invers-color '  itemprop=\"text\" ><p><strong>Onaylar\/Standartlar:<\/strong><br \/>\nTS EN 13888- 1<\/p>\n<p><strong>Bay\u0131nd\u0131rl\u0131k Bak. Poz No.:<\/strong><br \/>\nBay\u0131nd\u0131rl\u0131k Poz. No.: 10.300.2232<\/p>\n<\/div><\/div><\/div><\/section>\n<\/div><\/p>\n","protected":false},"excerpt":{"rendered":"","protected":false},"featured_media":4503,"comment_status":"closed","ping_status":"closed","template":"","meta":{"_acf_changed":false},"product_brand":[],"product_cat":[59],"product_tag":[],"class_list":{"0":"post-4502","1":"product","2":"type-product","3":"status-publish","4":"has-post-thumbnail","6":"product_cat-derz_dolgular","8":"first","9":"instock","10":"shipping-taxable","11":"product-type-simple"},"acf":[],"_links":{"self":[{"href":"https:\/\/www.kyk.com.tr\/index.php?rest_route=\/wp\/v2\/product\/4502","targetHints":{"allow":["GET"]}}],"collection":[{"href":"https:\/\/www.kyk.com.tr\/index.php?rest_route=\/wp\/v2\/product"}],"about":[{"href":"https:\/\/www.kyk.com.tr\/index.php?rest_route=\/wp\/v2\/types\/product"}],"replies":[{"embeddable":true,"href":"https:\/\/www.kyk.com.tr\/index.php?rest_route=%2Fwp%2Fv2%2Fcomments&post=4502"}],"wp:featuredmedia":[{"embeddable":true,"href":"https:\/\/www.kyk.com.tr\/index.php?rest_route=\/wp\/v2\/media\/4503"}],"wp:attachment":[{"href":"https:\/\/www.kyk.com.tr\/index.php?rest_route=%2Fwp%2Fv2%2Fmedia&parent=4502"}],"wp:term":[{"taxonomy":"product_brand","embeddable":true,"href":"https:\/\/www.kyk.com.tr\/index.php?rest_route=%2Fwp%2Fv2%2Fproduct_brand&post=4502"},{"taxonomy":"product_cat","embeddable":true,"href":"https:\/\/www.kyk.com.tr\/index.php?rest_route=%2Fwp%2Fv2%2Fproduct_cat&post=4502"},{"taxonomy":"product_tag","embeddable":true,"href":"https:\/\/www.kyk.com.tr\/index.php?rest_route=%2Fwp%2Fv2%2Fproduct_tag&post=4502"}],"curies":[{"name":"wp","href":"https:\/\/api.w.org\/{rel}","templated":true}]}}