{"id":4528,"date":"2025-05-06T19:02:39","date_gmt":"2025-05-06T19:02:39","guid":{"rendered":"https:\/\/www.kyk.center\/?post_type=product&#038;p=4528"},"modified":"2026-04-28T06:46:24","modified_gmt":"2026-04-28T06:46:24","slug":"megafuga-flex-d103","status":"publish","type":"product","link":"https:\/\/www.kyk.com.tr\/?product=megafuga-flex-d103","title":{"rendered":"MegaFuga Flex D103"},"content":{"rendered":"<div  class='flex_column av-7yxqs0-2426f80bdc1b4e27d2beb30a9b8eb6b8 av_one_third  avia-builder-el-0  el_before_av_one_half  avia-builder-el-first  first flex_column_div  '     ><style type=\"text\/css\" data-created_by=\"avia_inline_auto\" id=\"style-css-av-mgj05qid-e332c1992c82321265738a293d0ab364\">\n.avia-image-container.av-mgj05qid-e332c1992c82321265738a293d0ab364 img.avia_image{\nbox-shadow:none;\n}\n.avia-image-container.av-mgj05qid-e332c1992c82321265738a293d0ab364 .av-image-caption-overlay-center{\ncolor:#ffffff;\n}\n<\/style>\n<div  class='avia-image-container av-mgj05qid-e332c1992c82321265738a293d0ab364 av-styling- avia-align-center  avia-builder-el-1  avia-builder-el-no-sibling '   itemprop=\"image\" itemscope=\"itemscope\" itemtype=\"https:\/\/schema.org\/ImageObject\" ><div class=\"avia-image-container-inner\"><div class=\"avia-image-overlay-wrap\"><img decoding=\"async\" fetchpriority=\"high\" class='wp-image-4529 avia-img-lazy-loading-not-4529 avia_image ' src=\"https:\/\/www.kyk.com.tr\/wp-content\/uploads\/2025\/05\/d103.png\" alt='' title='MegaFuga Flex D103'  height=\"320\" width=\"320\"  itemprop=\"thumbnailUrl\" srcset=\"https:\/\/www.kyk.com.tr\/wp-content\/uploads\/2025\/05\/d103.png 320w, https:\/\/www.kyk.com.tr\/wp-content\/uploads\/2025\/05\/d103-300x300.png 300w, https:\/\/www.kyk.com.tr\/wp-content\/uploads\/2025\/05\/d103-100x100.png 100w, https:\/\/www.kyk.com.tr\/wp-content\/uploads\/2025\/05\/d103-80x80.png 80w, https:\/\/www.kyk.com.tr\/wp-content\/uploads\/2025\/05\/d103-36x36.png 36w, https:\/\/www.kyk.com.tr\/wp-content\/uploads\/2025\/05\/d103-180x180.png 180w, https:\/\/www.kyk.com.tr\/wp-content\/uploads\/2025\/05\/d103-120x120.png 120w, https:\/\/www.kyk.com.tr\/wp-content\/uploads\/2025\/05\/d103-96x96.png 96w\" sizes=\"(max-width: 320px) 100vw, 320px\" \/><\/div><\/div><\/div><\/div>\n<div  class='flex_column av-6712pc-6d7a9d0f69b6aa52e8b12fc473a3f47d av_one_half  avia-builder-el-2  el_after_av_one_third  el_before_av_two_third  flex_column_div  '     ><section  class='av_textblock_section av-mgj06051-5ec95364d0e15b60aff22d6e723614ec '   itemscope=\"itemscope\" itemtype=\"https:\/\/schema.org\/CreativeWork\" ><div class='avia_textblock'  itemprop=\"text\" ><h1>MegaFuga Flex D103<\/h1>\n<\/div><\/section><br \/>\n\n<style type=\"text\/css\" data-created_by=\"avia_inline_auto\" id=\"style-css-av-mgj06m2m-955d1d50c14d4871a8b97dd36c1fd80b\">\n#top .av_textblock_section.av-mgj06m2m-955d1d50c14d4871a8b97dd36c1fd80b .avia_textblock{\nfont-size:14px;\n}\n<\/style>\n<section  class='av_textblock_section av-mgj06m2m-955d1d50c14d4871a8b97dd36c1fd80b '   itemscope=\"itemscope\" itemtype=\"https:\/\/schema.org\/CreativeWork\" ><div class='avia_textblock'  itemprop=\"text\" ><p><strong>\u00c7imento esasl\u0131, polimer katk\u0131l\u0131, tek bile\u015fenli 2 &#8211; 10 mm derz aralar\u0131na uygulanabilen elastik, \u0131s\u0131 de\u011fi\u015fikliklerine ve suya dayan\u0131kl\u0131 <span style=\"color: #ff9900\">CG2WA<\/span> s\u0131n\u0131f\u0131 derz dolgu malzemesidir.<\/strong><\/p>\n<p><img loading=\"lazy\" decoding=\"async\" class=\"alignnone size-thumbnail wp-image-9568\" src=\"https:\/\/www.kyk.com.tr\/wp-content\/uploads\/2025\/11\/C62WA-80x80.png\" alt=\"\" width=\"80\" height=\"80\" srcset=\"https:\/\/www.kyk.com.tr\/wp-content\/uploads\/2025\/11\/C62WA-80x80.png 80w, https:\/\/www.kyk.com.tr\/wp-content\/uploads\/2025\/11\/C62WA-300x300.png 300w, https:\/\/www.kyk.com.tr\/wp-content\/uploads\/2025\/11\/C62WA-36x36.png 36w, https:\/\/www.kyk.com.tr\/wp-content\/uploads\/2025\/11\/C62WA-180x180.png 180w, https:\/\/www.kyk.com.tr\/wp-content\/uploads\/2025\/11\/C62WA-120x120.png 120w, https:\/\/www.kyk.com.tr\/wp-content\/uploads\/2025\/11\/C62WA-450x450.png 450w, https:\/\/www.kyk.com.tr\/wp-content\/uploads\/2025\/11\/C62WA-100x100.png 100w, https:\/\/www.kyk.com.tr\/wp-content\/uploads\/2025\/11\/C62WA-96x96.png 96w, https:\/\/www.kyk.com.tr\/wp-content\/uploads\/2025\/11\/C62WA.png 500w\" sizes=\"auto, (max-width: 80px) 100vw, 80px\" \/><\/p>\n<\/div><\/section><\/p><\/div><div  class='flex_column av-e5s9c-788b414ab227d46a73c32e29027f1169 av_two_third  avia-builder-el-5  el_after_av_one_half  el_before_av_one_third  first flex_column_div  column-top-margin'     ><section  class='av_textblock_section av-mgj0790t-47414e1adfffcb8d2f40e134f4e2a64e '   itemscope=\"itemscope\" itemtype=\"https:\/\/schema.org\/CreativeWork\" ><div class='avia_textblock'  itemprop=\"text\" ><h4>\u00a0 \u00a0 \u00dcR\u00dcN AVANTAJLARI<\/h4>\n<\/div><\/section><br \/>\n\n<style type=\"text\/css\" data-created_by=\"avia_inline_auto\" id=\"style-css-av-mgj07nec-e57a7b7c7dd0709fd0d1350651b585f0\">\n#top .av_textblock_section.av-mgj07nec-e57a7b7c7dd0709fd0d1350651b585f0 .avia_textblock{\nfont-size:14px;\n}\n<\/style>\n<section  class='av_textblock_section av-mgj07nec-e57a7b7c7dd0709fd0d1350651b585f0 '   itemscope=\"itemscope\" itemtype=\"https:\/\/schema.org\/CreativeWork\" ><div class='avia_textblock'  itemprop=\"text\" ><ul>\n<li>Antibakteriyel katk\u0131 sayesinde, uygulama sonras\u0131nda, malzeme y\u00fczeyinde bakteri olu\u015fumuna kar\u015f\u0131 diren\u00e7 g\u00f6sterir ve uzun \u00f6m\u00fcrl\u00fc koruma sa\u011flar.<\/li>\n<li>Y\u00fcksek performansl\u0131d\u0131r ve elastik \u00f6zelli\u011fe sahiptir.<\/li>\n<li>\u0130\u00e7erdi\u011fi \u00f6zel katk\u0131lar sayesinde azalt\u0131lm\u0131\u015f su emme ve y\u00fcksek a\u015f\u0131nma dayan\u0131m\u0131 \u00f6zelliklerine sahiptir.<\/li>\n<li>\u00c7atlaks\u0131z ve p\u00fcr\u00fczs\u00fcz bir g\u00f6r\u00fcn\u00fcm verir.<\/li>\n<li>Geni\u015f renk yelpazesine sahiptir.<\/li>\n<li>Suya, dona ve \u0131s\u0131 de\u011fi\u015fimlerine dayan\u0131kl\u0131d\u0131r.<\/li>\n<li>Kolay haz\u0131rlan\u0131r ve uygulan\u0131r.<\/li>\n<\/ul>\n<\/div><\/section><\/p><\/div><div  class='flex_column av-2m55o0-c1e779e7ffd17bda4f0b0904e223237e av_one_third  avia-builder-el-8  el_after_av_two_third  el_before_av_toggle_container  flex_column_div  column-top-margin'     ><section  class='av_textblock_section av-mgj07xmd-75af10614d74a4d87865c49166a34657 '   itemscope=\"itemscope\" itemtype=\"https:\/\/schema.org\/CreativeWork\" ><div class='avia_textblock'  itemprop=\"text\" ><h4>TEKN\u0130K BELGELER<\/h4>\n<\/div><\/section><br \/>\n<section  class='av_textblock_section av-mgj086w8-d47a48fa559fc8dc808d01b6f2b04bfd '   itemscope=\"itemscope\" itemtype=\"https:\/\/schema.org\/CreativeWork\" ><div class='avia_textblock'  itemprop=\"text\" ><p><a href=\"https:\/\/www.kyk.com.tr\/wp-content\/uploads\/2026\/04\/d103_tds.pdf\" target=\"_blank\" rel=\"noopener\"><img loading=\"lazy\" decoding=\"async\" class=\"alignnone wp-image-8657 size-full\" src=\"https:\/\/www.kyk.com.tr\/wp-content\/uploads\/2025\/10\/TDS_1.jpg\" alt=\"\" width=\"410\" height=\"41\" srcset=\"https:\/\/www.kyk.com.tr\/wp-content\/uploads\/2025\/10\/TDS_1.jpg 410w, https:\/\/www.kyk.com.tr\/wp-content\/uploads\/2025\/10\/TDS_1-300x30.jpg 300w\" sizes=\"auto, (max-width: 410px) 100vw, 410px\" \/><\/a><br \/>\n<a href=\"https:\/\/www.kyk.com.tr\/wp-content\/uploads\/2025\/03\/d103_msds.pdf\" target=\"_blank\" rel=\"noopener\"><img loading=\"lazy\" decoding=\"async\" class=\"alignnone size-full wp-image-8656\" src=\"https:\/\/www.kyk.com.tr\/wp-content\/uploads\/2025\/10\/MSDS_1.jpg\" alt=\"\" width=\"410\" height=\"41\" srcset=\"https:\/\/www.kyk.com.tr\/wp-content\/uploads\/2025\/10\/MSDS_1.jpg 410w, https:\/\/www.kyk.com.tr\/wp-content\/uploads\/2025\/10\/MSDS_1-300x30.jpg 300w\" sizes=\"auto, (max-width: 410px) 100vw, 410px\" \/><\/a><br \/>\n<a href=\"https:\/\/www.kyk.com.tr\/?sdm_process_download=1&amp;download_id=9282\" target=\"_blank\" rel=\"noopener\"><img loading=\"lazy\" decoding=\"async\" class=\"alignnone wp-image-8657 size-full\" src=\"https:\/\/www.kyk.com.tr\/wp-content\/uploads\/2025\/10\/TSE.jpg\" alt=\"\" width=\"410\" height=\"41\" \/><\/a><br \/>\n<a href=\"https:\/\/www.kyk.com.tr\/?sdm_process_download=1&amp;download_id=9284\" target=\"_blank\" rel=\"noopener\"><img loading=\"lazy\" decoding=\"async\" class=\"alignnone size-full wp-image-8656\" src=\"https:\/\/www.kyk.com.tr\/wp-content\/uploads\/2025\/10\/G-Belgesi.jpg\" alt=\"\" width=\"410\" height=\"41\" \/><\/a><\/p>\n<\/div><\/section><br \/>\n<section  class='av_textblock_section av-mh1zmu6h-e478c2cda82f1889f0f81a9c9d3a383f '   itemscope=\"itemscope\" itemtype=\"https:\/\/schema.org\/CreativeWork\" ><div class='avia_textblock'  itemprop=\"text\" ><h4>T\u00dcKET\u0130M HESAPLAMA<\/h4>\n<\/div><\/section><br \/>\n<section  class='av_textblock_section av-mh1zndgd-25aa625ec6357e179328198b71fbeb74 '   itemscope=\"itemscope\" itemtype=\"https:\/\/schema.org\/CreativeWork\" ><div class='avia_textblock'  itemprop=\"text\" ><p><button class=\"popmake-8063\" style=\"width: 100%;height: 44px;margin-left: 0px;font-weight: bold;color: #003e73\" type=\"button\">MegaFuga Flex D103 T\u00fcketim Hesaplama<\/button><\/p>\n<\/div><\/section><\/p><\/div><\/p>\n\n<style type=\"text\/css\" data-created_by=\"avia_inline_auto\" id=\"style-css-av-mgj0b0a6-9f1ab289708077b6c775b5695dfdc845\">\n#top .togglecontainer.av-mgj0b0a6-9f1ab289708077b6c775b5695dfdc845 h6.toggler{\nfont-size:17px;\ncolor:#003e73;\n}\n#top .togglecontainer.av-mgj0b0a6-9f1ab289708077b6c775b5695dfdc845 h6.toggler .toggle_icon{\ncolor:#003e73;\nborder-color:#003e73;\n}\n#top .togglecontainer.av-mgj0b0a6-9f1ab289708077b6c775b5695dfdc845 h6.toggler .toggle_icon > span{\ncolor:#003e73;\nborder-color:#003e73;\n}\n#top .togglecontainer.av-mgj0b0a6-9f1ab289708077b6c775b5695dfdc845 .toggle_wrap .toggle_content{\nfont-size:14px;\ncolor:#003e73;\n}\n<\/style>\n<div  class='togglecontainer av-mgj0b0a6-9f1ab289708077b6c775b5695dfdc845 av-minimal-toggle  avia-builder-el-13  el_after_av_one_third  avia-builder-el-last  toggle_close_all' >\n<section class='av_toggle_section av-mgj08qks-0a9a75afc6eb14f4b9348d22426d5c37'  itemscope=\"itemscope\" itemtype=\"https:\/\/schema.org\/CreativeWork\" ><div role=\"tablist\" class=\"single_toggle\" data-tags=\"{T\u00fcm\u00fc} \"  ><h6 id='toggle-toggle-id-1' data-fake-id='#toggle-id-1' class='toggler  av-title-above '  itemprop=\"headline\"  role='tab' tabindex='0' aria-controls='toggle-id-1' data-slide-speed=\"200\" data-title=\"KULLANIM ALANLARI\" data-title-open=\"\" data-aria_collapsed=\"Click to expand: KULLANIM ALANLARI\" data-aria_expanded=\"Click to collapse: KULLANIM ALANLARI\">KULLANIM ALANLARI<span class=\"toggle_icon\"><span class=\"vert_icon\"><\/span><span class=\"hor_icon\"><\/span><\/span><\/h6><div id='toggle-id-1' aria-labelledby='toggle-toggle-id-1' role='region' class='toggle_wrap  av-title-above'  ><div class='toggle_content invers-color '  itemprop=\"text\" ><p><strong>MegaFuga Flex D103<\/strong>; aralar\u0131nda 2- 10 mm derz bo\u015flu\u011fu bulunan t\u00fcm kaplama t\u00fcrlerine, seramik, do\u011fal ta\u015f, granit seramik, mermer gibi kaplama malzemelerinin kullan\u0131ld\u0131\u011f\u0131 zeminlerde, banyo, teras gibi \u0131slak hacimli mekanlarda, \u0131s\u0131 de\u011fi\u015fimlerinin fazla oldu\u011fu yerden \u0131s\u0131tmal\u0131 sistemlerin bulundu\u011fu zeminlerde, yo\u011fun yaya trafi\u011fine maruz kalan zeminlerde, i\u00e7 ve d\u0131\u015f mekanlarda yatay ve d\u00fc\u015fey derz bo\u015fluklar\u0131nda kullan\u0131ma uygundur.<\/p>\n<\/div><\/div><\/div><\/section>\n<section class='av_toggle_section av-mgj096ds-8dfe26fa3555a4a402bc44dc29e78c7f'  itemscope=\"itemscope\" itemtype=\"https:\/\/schema.org\/CreativeWork\" ><div role=\"tablist\" class=\"single_toggle\" data-tags=\"{T\u00fcm\u00fc} \"  ><h6 id='toggle-toggle-id-2' data-fake-id='#toggle-id-2' class='toggler  av-title-above '  itemprop=\"headline\"  role='tab' tabindex='0' aria-controls='toggle-id-2' data-slide-speed=\"200\" data-title=\"PERFORMANS B\u0130LG\u0130LER\u0130\" data-title-open=\"\" data-aria_collapsed=\"Click to expand: PERFORMANS B\u0130LG\u0130LER\u0130\" data-aria_expanded=\"Click to collapse: PERFORMANS B\u0130LG\u0130LER\u0130\">PERFORMANS B\u0130LG\u0130LER\u0130<span class=\"toggle_icon\"><span class=\"vert_icon\"><\/span><span class=\"hor_icon\"><\/span><\/span><\/h6><div id='toggle-id-2' aria-labelledby='toggle-toggle-id-2' role='region' class='toggle_wrap  av-title-above'  ><div class='toggle_content invers-color '  itemprop=\"text\" ><table width=\"558\">\n<tbody>\n<tr>\n<td width=\"302\"><strong>TEST<\/strong><\/td>\n<td width=\"123\"><strong>DE\u011eER<\/strong><\/td>\n<td width=\"132\"><strong>STANDART<\/strong><\/td>\n<\/tr>\n<tr>\n<td width=\"302\"><strong>Y\u00fcksek a\u015f\u0131nma direnci<\/strong><\/td>\n<td width=\"123\"><strong>\u2264 1000 mm<sup>3<\/sup><\/strong><\/td>\n<td width=\"132\"><strong>TS EN 12808- 2<\/strong><\/td>\n<\/tr>\n<tr>\n<td width=\"302\"><strong>Kuru depolama sonras\u0131 e\u011filme mukavemeti<\/strong><\/td>\n<td width=\"123\"><strong>\u2265 2,5 N\/mm<sup>2<\/sup><\/strong><\/td>\n<td width=\"132\"><strong>TS EN 12808- 3<\/strong><\/td>\n<\/tr>\n<tr>\n<td width=\"302\"><strong>Donma- \u00e7\u00f6z\u00fcnme \u00e7evrimlerinden sonra e\u011filme mukavemeti<\/strong><\/td>\n<td width=\"123\"><strong>\u2265 2,5 N\/mm<sup>2<\/sup><\/strong><\/td>\n<td width=\"132\"><strong>TS EN 12808- 3<\/strong><\/td>\n<\/tr>\n<tr>\n<td width=\"302\"><strong>Kuru depolama sonras\u0131 s\u0131k\u0131\u015ft\u0131rma mukavemeti<\/strong><\/td>\n<td width=\"123\"><strong>\u2265 15 N\/mm<sup>2<\/sup><\/strong><\/td>\n<td width=\"132\"><strong>TS EN 12808- 3<\/strong><\/td>\n<\/tr>\n<tr>\n<td width=\"302\"><strong>Donma- \u00e7\u00f6z\u00fcnme \u00e7evriminden sonra s\u0131k\u0131\u015ft\u0131rma mukavemeti<\/strong><\/td>\n<td width=\"123\"><strong>\u2265 15 N\/mm<sup>2<\/sup><\/strong><\/td>\n<td width=\"132\"><strong>TS EN 12808- 3<\/strong><\/td>\n<\/tr>\n<tr>\n<td width=\"302\"><strong>B\u00fcz\u00fclme<\/strong><\/td>\n<td width=\"123\"><strong>\u2264 3 mm\/m<\/strong><\/td>\n<td width=\"132\"><strong>TS EN 12808- 4<\/strong><\/td>\n<\/tr>\n<tr>\n<td width=\"302\"><strong>Azalt\u0131lm\u0131\u015f su emme, 30 dk. sonunda<\/strong><\/td>\n<td width=\"123\"><strong>\u2264 2 gr<\/strong><\/td>\n<td width=\"132\"><strong>TS EN 12808- 5<\/strong><\/td>\n<\/tr>\n<tr>\n<td width=\"302\"><strong>Azalt\u0131lm\u0131\u015f su emme, 240 dk. sonunda<\/strong><\/td>\n<td width=\"123\"><strong>\u2264 5 gr<\/strong><\/td>\n<td width=\"132\"><strong>TS EN 12808- 5<\/strong><\/td>\n<\/tr>\n<\/tbody>\n<\/table>\n<p>Bu de\u011ferler laboratuvar \u015fartlar\u0131nda; 23 \u00b1 2\u00b0C ve %50 \u00b1 5 ba\u011f\u0131l nem ortam\u0131nda yap\u0131lan deneyler sonucunda elde edilmi\u015ftir. Tabloda verilen de\u011ferler y\u00fczey ve ortam ko\u015fullar\u0131na g\u00f6re farkl\u0131l\u0131k g\u00f6sterebilir.<\/p>\n<\/div><\/div><\/div><\/section>\n<section class='av_toggle_section av-mgj09bcm-4bfe3039d0a92359bdb440e6fcda3329'  itemscope=\"itemscope\" itemtype=\"https:\/\/schema.org\/CreativeWork\" ><div role=\"tablist\" class=\"single_toggle\" data-tags=\"{T\u00fcm\u00fc} \"  ><h6 id='toggle-toggle-id-3' data-fake-id='#toggle-id-3' class='toggler  av-title-above '  itemprop=\"headline\"  role='tab' tabindex='0' aria-controls='toggle-id-3' data-slide-speed=\"200\" data-title=\"UYGULAMA SINIRLARI\" data-title-open=\"\" data-aria_collapsed=\"Click to expand: UYGULAMA SINIRLARI\" data-aria_expanded=\"Click to collapse: UYGULAMA SINIRLARI\">UYGULAMA SINIRLARI<span class=\"toggle_icon\"><span class=\"vert_icon\"><\/span><span class=\"hor_icon\"><\/span><\/span><\/h6><div id='toggle-id-3' aria-labelledby='toggle-toggle-id-3' role='region' class='toggle_wrap  av-title-above'  ><div class='toggle_content invers-color '  itemprop=\"text\" ><table width=\"624\">\n<tbody>\n<tr>\n<td width=\"416\"><strong>A\u00c7IKLAMA<\/strong><\/td>\n<td width=\"208\"><strong>S\u00dcRE<\/strong><\/td>\n<\/tr>\n<tr>\n<td width=\"416\"><strong>Haz\u0131rlanan harc\u0131n kullan\u0131labilme s\u00fcresi- Kap \u00d6mr\u00fc<\/strong><\/td>\n<td width=\"208\"><strong>Maksimum 1,5 saat<\/strong><\/td>\n<\/tr>\n<tr>\n<td width=\"416\"><strong>Kuruma s\u00fcresi<\/strong><\/td>\n<td width=\"208\"><strong>Minimum 12 saat<\/strong><\/td>\n<\/tr>\n<tr>\n<td width=\"416\"><strong>Trafi\u011fe a\u00e7\u0131lma s\u00fcresi<\/strong><\/td>\n<td width=\"208\"><strong>24 &#8211; 48 saat<\/strong><\/td>\n<\/tr>\n<\/tbody>\n<\/table>\n<p>Bu de\u011ferler laboratuvar \u015fartlar\u0131nda; 23 \u00b1 2\u00b0C ve %50 \u00b1 5 ba\u011f\u0131l nem ortam\u0131nda yap\u0131lan deneyler sonucunda elde edilmi\u015ftir. Tabloda verilen de\u011ferler y\u00fczey ve ortam ko\u015fullar\u0131na g\u00f6re farkl\u0131l\u0131k g\u00f6sterebilir.<\/p>\n<\/div><\/div><\/div><\/section>\n<section class='av_toggle_section av-mgj0a3wh-81e3fe463236b9e10ca8db3122c38ab9'  itemscope=\"itemscope\" itemtype=\"https:\/\/schema.org\/CreativeWork\" ><div role=\"tablist\" class=\"single_toggle\" data-tags=\"{T\u00fcm\u00fc} \"  ><h6 id='toggle-toggle-id-4' data-fake-id='#toggle-id-4' class='toggler  av-title-above '  itemprop=\"headline\"  role='tab' tabindex='0' aria-controls='toggle-id-4' data-slide-speed=\"200\" data-title=\"REFERANS STANDARTLARI\" data-title-open=\"\" data-aria_collapsed=\"Click to expand: REFERANS STANDARTLARI\" data-aria_expanded=\"Click to collapse: REFERANS STANDARTLARI\">REFERANS STANDARTLARI<span class=\"toggle_icon\"><span class=\"vert_icon\"><\/span><span class=\"hor_icon\"><\/span><\/span><\/h6><div id='toggle-id-4' aria-labelledby='toggle-toggle-id-4' role='region' class='toggle_wrap  av-title-above'  ><div class='toggle_content invers-color '  itemprop=\"text\" ><p><strong>Onaylar\/Standartlar:<\/strong><br \/>\nTS EN 13888- 1<\/p>\n<p><strong>Bay\u0131nd\u0131rl\u0131k Bak. Poz No.:<\/strong><br \/>\nBay\u0131nd\u0131rl\u0131k Poz. No.: 10.300.2232<\/p>\n<\/div><\/div><\/div><\/section>\n<\/div>\n","protected":false},"excerpt":{"rendered":"","protected":false},"featured_media":4529,"comment_status":"closed","ping_status":"closed","template":"","meta":{"_acf_changed":false},"product_brand":[],"product_cat":[59],"product_tag":[],"class_list":{"0":"post-4528","1":"product","2":"type-product","3":"status-publish","4":"has-post-thumbnail","6":"product_cat-derz_dolgular","8":"first","9":"instock","10":"shipping-taxable","11":"product-type-simple"},"acf":[],"_links":{"self":[{"href":"https:\/\/www.kyk.com.tr\/index.php?rest_route=\/wp\/v2\/product\/4528","targetHints":{"allow":["GET"]}}],"collection":[{"href":"https:\/\/www.kyk.com.tr\/index.php?rest_route=\/wp\/v2\/product"}],"about":[{"href":"https:\/\/www.kyk.com.tr\/index.php?rest_route=\/wp\/v2\/types\/product"}],"replies":[{"embeddable":true,"href":"https:\/\/www.kyk.com.tr\/index.php?rest_route=%2Fwp%2Fv2%2Fcomments&post=4528"}],"wp:featuredmedia":[{"embeddable":true,"href":"https:\/\/www.kyk.com.tr\/index.php?rest_route=\/wp\/v2\/media\/4529"}],"wp:attachment":[{"href":"https:\/\/www.kyk.com.tr\/index.php?rest_route=%2Fwp%2Fv2%2Fmedia&parent=4528"}],"wp:term":[{"taxonomy":"product_brand","embeddable":true,"href":"https:\/\/www.kyk.com.tr\/index.php?rest_route=%2Fwp%2Fv2%2Fproduct_brand&post=4528"},{"taxonomy":"product_cat","embeddable":true,"href":"https:\/\/www.kyk.com.tr\/index.php?rest_route=%2Fwp%2Fv2%2Fproduct_cat&post=4528"},{"taxonomy":"product_tag","embeddable":true,"href":"https:\/\/www.kyk.com.tr\/index.php?rest_route=%2Fwp%2Fv2%2Fproduct_tag&post=4528"}],"curies":[{"name":"wp","href":"https:\/\/api.w.org\/{rel}","templated":true}]}}