{"id":4531,"date":"2025-05-06T19:14:43","date_gmt":"2025-05-06T19:14:43","guid":{"rendered":"https:\/\/www.kyk.center\/?post_type=product&#038;p=4531"},"modified":"2026-04-28T06:48:28","modified_gmt":"2026-04-28T06:48:28","slug":"megafuga-pool-d105","status":"publish","type":"product","link":"https:\/\/www.kyk.com.tr\/?product=megafuga-pool-d105","title":{"rendered":"MegaFuga Pool D105"},"content":{"rendered":"<div  class='flex_column av-pfiqr-8fb52baab2b5bf54996fcbc979ba8946 av_one_third  avia-builder-el-0  el_before_av_one_half  avia-builder-el-first  first flex_column_div  '     ><style type=\"text\/css\" data-created_by=\"avia_inline_auto\" id=\"style-css-av-mgj0d1cs-a238269163b4b8ebf03426f053b8449f\">\n.avia-image-container.av-mgj0d1cs-a238269163b4b8ebf03426f053b8449f img.avia_image{\nbox-shadow:none;\n}\n.avia-image-container.av-mgj0d1cs-a238269163b4b8ebf03426f053b8449f .av-image-caption-overlay-center{\ncolor:#ffffff;\n}\n<\/style>\n<div  class='avia-image-container av-mgj0d1cs-a238269163b4b8ebf03426f053b8449f av-styling- avia-align-center  avia-builder-el-1  avia-builder-el-no-sibling '   itemprop=\"image\" itemscope=\"itemscope\" itemtype=\"https:\/\/schema.org\/ImageObject\" ><div class=\"avia-image-container-inner\"><div class=\"avia-image-overlay-wrap\"><img decoding=\"async\" fetchpriority=\"high\" class='wp-image-4532 avia-img-lazy-loading-not-4532 avia_image ' src=\"https:\/\/www.kyk.com.tr\/wp-content\/uploads\/2025\/05\/d105.png\" alt='' title='MegaFuga Pool D105'  height=\"320\" width=\"320\"  itemprop=\"thumbnailUrl\" srcset=\"https:\/\/www.kyk.com.tr\/wp-content\/uploads\/2025\/05\/d105.png 320w, https:\/\/www.kyk.com.tr\/wp-content\/uploads\/2025\/05\/d105-300x300.png 300w, https:\/\/www.kyk.com.tr\/wp-content\/uploads\/2025\/05\/d105-100x100.png 100w, https:\/\/www.kyk.com.tr\/wp-content\/uploads\/2025\/05\/d105-80x80.png 80w, https:\/\/www.kyk.com.tr\/wp-content\/uploads\/2025\/05\/d105-36x36.png 36w, https:\/\/www.kyk.com.tr\/wp-content\/uploads\/2025\/05\/d105-180x180.png 180w, https:\/\/www.kyk.com.tr\/wp-content\/uploads\/2025\/05\/d105-120x120.png 120w, https:\/\/www.kyk.com.tr\/wp-content\/uploads\/2025\/05\/d105-96x96.png 96w\" sizes=\"(max-width: 320px) 100vw, 320px\" \/><\/div><\/div><\/div><\/div>\n<div  class='flex_column av-mx2kj-1ebeff48ef338f1f52faca41b160d8e2 av_one_half  avia-builder-el-2  el_after_av_one_third  el_before_av_two_third  flex_column_div  '     ><section  class='av_textblock_section av-mgj0daia-953114dc133b1a0080a83eeb5def3e91 '   itemscope=\"itemscope\" itemtype=\"https:\/\/schema.org\/CreativeWork\" ><div class='avia_textblock'  itemprop=\"text\" ><h1>MegaFuga Pool D105<\/h1>\n<\/div><\/section><br \/>\n\n<style type=\"text\/css\" data-created_by=\"avia_inline_auto\" id=\"style-css-av-mgj0dr2h-acd465a600050f68d7eef6a1f691005e\">\n#top .av_textblock_section.av-mgj0dr2h-acd465a600050f68d7eef6a1f691005e .avia_textblock{\nfont-size:14px;\n}\n<\/style>\n<section  class='av_textblock_section av-mgj0dr2h-acd465a600050f68d7eef6a1f691005e '   itemscope=\"itemscope\" itemtype=\"https:\/\/schema.org\/CreativeWork\" ><div class='avia_textblock'  itemprop=\"text\" ><p><strong>\u00c7imento esasl\u0131, tek bile\u015fenli havuz kimyasallar\u0131na ve bakterilere kar\u015f\u0131 dayan\u0131kl\u0131, 2 &#8211; 10 mm derz aralar\u0131na uygulanabilen, elastik, suya ve \u0131s\u0131 de\u011fi\u015fikliklerine dayan\u0131kl\u0131, su itici <span style=\"color: #ff9900\">CG2WA<\/span> s\u0131n\u0131f\u0131 derz dolgu malzemesidir.<\/strong><\/p>\n<p><img loading=\"lazy\" decoding=\"async\" class=\"alignnone size-thumbnail wp-image-9568\" src=\"https:\/\/www.kyk.com.tr\/wp-content\/uploads\/2025\/11\/C62WA-80x80.png\" alt=\"\" width=\"80\" height=\"80\" srcset=\"https:\/\/www.kyk.com.tr\/wp-content\/uploads\/2025\/11\/C62WA-80x80.png 80w, https:\/\/www.kyk.com.tr\/wp-content\/uploads\/2025\/11\/C62WA-300x300.png 300w, https:\/\/www.kyk.com.tr\/wp-content\/uploads\/2025\/11\/C62WA-36x36.png 36w, https:\/\/www.kyk.com.tr\/wp-content\/uploads\/2025\/11\/C62WA-180x180.png 180w, https:\/\/www.kyk.com.tr\/wp-content\/uploads\/2025\/11\/C62WA-120x120.png 120w, https:\/\/www.kyk.com.tr\/wp-content\/uploads\/2025\/11\/C62WA-450x450.png 450w, https:\/\/www.kyk.com.tr\/wp-content\/uploads\/2025\/11\/C62WA-100x100.png 100w, https:\/\/www.kyk.com.tr\/wp-content\/uploads\/2025\/11\/C62WA-96x96.png 96w, https:\/\/www.kyk.com.tr\/wp-content\/uploads\/2025\/11\/C62WA.png 500w\" sizes=\"auto, (max-width: 80px) 100vw, 80px\" \/><\/p>\n<\/div><\/section><\/p><\/div>\n<div  class='flex_column av-4498ub-89055c438e18b4103b4070c6f131c17b av_two_third  avia-builder-el-5  el_after_av_one_half  el_before_av_one_third  first flex_column_div  column-top-margin'     ><section  class='av_textblock_section av-mgj0eei8-ba688a9bae2684cc554cd26434ee0aff '   itemscope=\"itemscope\" itemtype=\"https:\/\/schema.org\/CreativeWork\" ><div class='avia_textblock'  itemprop=\"text\" ><h4>\u00a0 \u00a0 \u00dcR\u00dcN AVANTAJLARI<\/h4>\n<\/div><\/section><br \/>\n\n<style type=\"text\/css\" data-created_by=\"avia_inline_auto\" id=\"style-css-av-mgj0epuw-8bdd7dfddcfd38a07d72bae0d4c57a2d\">\n#top .av_textblock_section.av-mgj0epuw-8bdd7dfddcfd38a07d72bae0d4c57a2d .avia_textblock{\nfont-size:14px;\n}\n<\/style>\n<section  class='av_textblock_section av-mgj0epuw-8bdd7dfddcfd38a07d72bae0d4c57a2d '   itemscope=\"itemscope\" itemtype=\"https:\/\/schema.org\/CreativeWork\" ><div class='avia_textblock'  itemprop=\"text\" ><ul>\n<li>Havuz gibi s\u00fcrekli su ile temas halinde olan y\u00fczeylerde kullan\u0131ma uygundur.<\/li>\n<li>Havuz kimyasallar\u0131na dayan\u0131kl\u0131d\u0131r.<\/li>\n<li>Silikon katk\u0131l\u0131 olu\u015fundan su itici \u00f6zelli\u011fe sahiptir.<\/li>\n<li>Antibakteriyel \u00f6zelli\u011fi sayesinde bakteri, k\u00fcf, mantar ve yosun olu\u015fumunu engeller.<\/li>\n<li>Y\u00fcksek performansl\u0131d\u0131r ve elastik \u00f6zelli\u011fe elastikiyete sahiptir.<\/li>\n<li>\u0130\u00e7erdi\u011fi \u00f6zel katk\u0131lar sayesinde azalt\u0131lm\u0131\u015f su emme ve y\u00fcksek a\u015f\u0131nma dayan\u0131m\u0131 \u00f6zelliklerine sahiptir.<\/li>\n<li>\u00c7atlaks\u0131z ve p\u00fcr\u00fczs\u00fcz bir g\u00f6r\u00fcn\u00fcm verir.<\/li>\n<li>UV dayan\u0131ml\u0131d\u0131r, solma yapmaz.<\/li>\n<li>Suya, dona ve \u0131s\u0131 de\u011fi\u015fimlerine dayan\u0131kl\u0131d\u0131r.<\/li>\n<li>Kolay haz\u0131rlan\u0131r ve uygulan\u0131r.<\/li>\n<\/ul>\n<\/div><\/section><\/p><\/div>\n<div  class='flex_column av-2qo9kz-9b22c91d95eff041a5b26c69224a6d66 av_one_third  avia-builder-el-8  el_after_av_two_third  el_before_av_toggle_container  flex_column_div  column-top-margin'     ><section  class='av_textblock_section av-mgj0ez2h-cc5ebd16c2ec7d9580fd171904f13f02 '   itemscope=\"itemscope\" itemtype=\"https:\/\/schema.org\/CreativeWork\" ><div class='avia_textblock'  itemprop=\"text\" ><h4>TEKN\u0130K BELGELER<\/h4>\n<\/div><\/section><br \/>\n<section  class='av_textblock_section av-mgj0f7hf-29735c3465a049df5eb7470318ea1c4c '   itemscope=\"itemscope\" itemtype=\"https:\/\/schema.org\/CreativeWork\" ><div class='avia_textblock'  itemprop=\"text\" ><p><a href=\"https:\/\/www.kyk.com.tr\/wp-content\/uploads\/2026\/04\/d105_tds.pdf\" target=\"_blank\" rel=\"noopener\"><img loading=\"lazy\" decoding=\"async\" class=\"alignnone wp-image-8657 size-full\" src=\"https:\/\/www.kyk.com.tr\/wp-content\/uploads\/2025\/10\/TDS_1.jpg\" alt=\"\" width=\"410\" height=\"41\" srcset=\"https:\/\/www.kyk.com.tr\/wp-content\/uploads\/2025\/10\/TDS_1.jpg 410w, https:\/\/www.kyk.com.tr\/wp-content\/uploads\/2025\/10\/TDS_1-300x30.jpg 300w\" sizes=\"auto, (max-width: 410px) 100vw, 410px\" \/><\/a><br \/>\n<a href=\"https:\/\/www.kyk.com.tr\/wp-content\/uploads\/2025\/03\/d105_msds.pdf\" target=\"_blank\" rel=\"noopener\"><img loading=\"lazy\" decoding=\"async\" class=\"alignnone size-full wp-image-8656\" src=\"https:\/\/www.kyk.com.tr\/wp-content\/uploads\/2025\/10\/MSDS_1.jpg\" alt=\"\" width=\"410\" height=\"41\" srcset=\"https:\/\/www.kyk.com.tr\/wp-content\/uploads\/2025\/10\/MSDS_1.jpg 410w, https:\/\/www.kyk.com.tr\/wp-content\/uploads\/2025\/10\/MSDS_1-300x30.jpg 300w\" sizes=\"auto, (max-width: 410px) 100vw, 410px\" \/><\/a><br \/>\n<a href=\"https:\/\/www.kyk.com.tr\/?sdm_process_download=1&amp;download_id=9287\" target=\"_blank\" rel=\"noopener\"><img loading=\"lazy\" decoding=\"async\" class=\"alignnone wp-image-8657 size-full\" src=\"https:\/\/www.kyk.com.tr\/wp-content\/uploads\/2025\/10\/TSE.jpg\" alt=\"\" width=\"410\" height=\"41\" \/><\/a><br \/>\n<a href=\"https:\/\/www.kyk.com.tr\/?sdm_process_download=1&amp;download_id=9289\" target=\"_blank\" rel=\"noopener\"><img loading=\"lazy\" decoding=\"async\" class=\"alignnone size-full wp-image-8656\" src=\"https:\/\/www.kyk.com.tr\/wp-content\/uploads\/2025\/10\/G-Belgesi.jpg\" alt=\"\" width=\"410\" height=\"41\" \/><\/a><\/p>\n<\/div><\/section><br \/>\n<section  class='av_textblock_section av-mh1zoj27-4b506648ea88cb7ad787192c4f9598cc '   itemscope=\"itemscope\" itemtype=\"https:\/\/schema.org\/CreativeWork\" ><div class='avia_textblock'  itemprop=\"text\" ><h4>T\u00dcKET\u0130M HESAPLAMA<\/h4>\n<\/div><\/section><br \/>\n<section  class='av_textblock_section av-mh1zp3uj-9daeb4263ef665f8ce936ee800953abd '   itemscope=\"itemscope\" itemtype=\"https:\/\/schema.org\/CreativeWork\" ><div class='avia_textblock'  itemprop=\"text\" ><p><button class=\"popmake-8068\" style=\"width: 100%;height: 44px;margin-left: 0px;font-weight: bold;color: #003e73\" type=\"button\">MegaFuga Pool D105 T\u00fcketim Hesaplama<\/button><\/p>\n<\/div><\/section><\/p><\/div>\n<style type=\"text\/css\" data-created_by=\"avia_inline_auto\" id=\"style-css-av-mgj0hiqo-1690e2a6c8ec6e54f816e2513d344fc3\">\n#top .togglecontainer.av-mgj0hiqo-1690e2a6c8ec6e54f816e2513d344fc3 h6.toggler{\nfont-size:17px;\ncolor:#003e73;\n}\n#top .togglecontainer.av-mgj0hiqo-1690e2a6c8ec6e54f816e2513d344fc3 h6.toggler .toggle_icon{\ncolor:#003e73;\nborder-color:#003e73;\n}\n#top .togglecontainer.av-mgj0hiqo-1690e2a6c8ec6e54f816e2513d344fc3 h6.toggler .toggle_icon > span{\ncolor:#003e73;\nborder-color:#003e73;\n}\n#top .togglecontainer.av-mgj0hiqo-1690e2a6c8ec6e54f816e2513d344fc3 .toggle_wrap .toggle_content{\nfont-size:14px;\ncolor:#003e73;\n}\n<\/style>\n<div  class='togglecontainer av-mgj0hiqo-1690e2a6c8ec6e54f816e2513d344fc3 av-minimal-toggle  avia-builder-el-13  el_after_av_one_third  avia-builder-el-last  toggle_close_all' >\n<section class='av_toggle_section av-mgj0flqc-96956b3c067c075f60f86ef21506c93f'  itemscope=\"itemscope\" itemtype=\"https:\/\/schema.org\/CreativeWork\" ><div role=\"tablist\" class=\"single_toggle\" data-tags=\"{T\u00fcm\u00fc} \"  ><h6 id='toggle-toggle-id-1' data-fake-id='#toggle-id-1' class='toggler  av-title-above '  itemprop=\"headline\"  role='tab' tabindex='0' aria-controls='toggle-id-1' data-slide-speed=\"200\" data-title=\"KULLANIM ALANLARI\" data-title-open=\"\" data-aria_collapsed=\"Click to expand: KULLANIM ALANLARI\" data-aria_expanded=\"Click to collapse: KULLANIM ALANLARI\">KULLANIM ALANLARI<span class=\"toggle_icon\"><span class=\"vert_icon\"><\/span><span class=\"hor_icon\"><\/span><\/span><\/h6><div id='toggle-id-1' aria-labelledby='toggle-toggle-id-1' role='region' class='toggle_wrap  av-title-above'  ><div class='toggle_content invers-color '  itemprop=\"text\" ><p><strong>MegaFuga Pool D105<\/strong>; havuzlara uygulanan, aralar\u0131nda 2- 10 mm derz bo\u015flu\u011fu bulunan, seramik, mermer, do\u011fal ta\u015f ve cam mozaik gibi kaplama malzemelerinin kullan\u0131ld\u0131\u011f\u0131 duvar ve zemin derz bo\u015fluklar\u0131nda kullan\u0131ma uygundur.<\/p>\n<\/div><\/div><\/div><\/section>\n<section class='av_toggle_section av-mgj0g37b-31fbe0a4db54d275c00246b1a89ba4fb'  itemscope=\"itemscope\" itemtype=\"https:\/\/schema.org\/CreativeWork\" ><div role=\"tablist\" class=\"single_toggle\" data-tags=\"{T\u00fcm\u00fc} \"  ><h6 id='toggle-toggle-id-2' data-fake-id='#toggle-id-2' class='toggler  av-title-above '  itemprop=\"headline\"  role='tab' tabindex='0' aria-controls='toggle-id-2' data-slide-speed=\"200\" data-title=\"PERFORMANS B\u0130LG\u0130LER\u0130\" data-title-open=\"\" data-aria_collapsed=\"Click to expand: PERFORMANS B\u0130LG\u0130LER\u0130\" data-aria_expanded=\"Click to collapse: PERFORMANS B\u0130LG\u0130LER\u0130\">PERFORMANS B\u0130LG\u0130LER\u0130<span class=\"toggle_icon\"><span class=\"vert_icon\"><\/span><span class=\"hor_icon\"><\/span><\/span><\/h6><div id='toggle-id-2' aria-labelledby='toggle-toggle-id-2' role='region' class='toggle_wrap  av-title-above'  ><div class='toggle_content invers-color '  itemprop=\"text\" ><table width=\"614\">\n<tbody>\n<tr>\n<td width=\"378\"><strong>TEST<\/strong><\/td>\n<td width=\"104\"><strong>DE\u011eER<\/strong><\/td>\n<td width=\"132\"><strong>STANDART<\/strong><\/td>\n<\/tr>\n<tr>\n<td width=\"378\"><strong>Y\u00fcksek a\u015f\u0131nma direnci<\/strong><\/td>\n<td width=\"104\"><strong>\u2264 1000 mm<sup>3<\/sup><\/strong><\/td>\n<td width=\"132\"><strong>TS EN 12808- 2<\/strong><\/td>\n<\/tr>\n<tr>\n<td width=\"378\"><strong>Kuru depolama sonras\u0131 e\u011filme mukavemeti<\/strong><\/td>\n<td width=\"104\"><strong>\u2265 2,5 N\/mm<sup>2<\/sup><\/strong><\/td>\n<td width=\"132\"><strong>TS EN 12808- 3<\/strong><\/td>\n<\/tr>\n<tr>\n<td width=\"378\"><strong>Donma- \u00c7\u00f6z\u00fcnme \u00e7evrimlerinden sonra e\u011filme mukavemeti<\/strong><\/td>\n<td width=\"104\"><strong>\u2265 2,5 N\/mm<sup>2<\/sup><\/strong><\/td>\n<td width=\"132\"><strong>TS EN 12808- 3<\/strong><\/td>\n<\/tr>\n<tr>\n<td width=\"378\"><strong>Kuru depolama sonras\u0131 s\u0131k\u0131\u015ft\u0131rma mukavemeti<\/strong><\/td>\n<td width=\"104\"><strong>\u2265 15 N\/mm<sup>2<\/sup><\/strong><\/td>\n<td width=\"132\"><strong>TS EN 12808- 3<\/strong><\/td>\n<\/tr>\n<tr>\n<td width=\"378\"><strong>Donma- \u00c7\u00f6z\u00fcnme \u00e7evriminden sonra s\u0131k\u0131\u015ft\u0131rma mukavemeti<\/strong><\/td>\n<td width=\"104\"><strong>\u2265 15 N\/mm<sup>2<\/sup><\/strong><\/td>\n<td width=\"132\"><strong>TS EN 12808- 3<\/strong><\/td>\n<\/tr>\n<tr>\n<td width=\"378\"><strong>B\u00fcz\u00fclme<\/strong><\/td>\n<td width=\"104\"><strong>\u2264 3 mm\/m<\/strong><\/td>\n<td width=\"132\"><strong>TS EN 12808- 4<\/strong><\/td>\n<\/tr>\n<tr>\n<td width=\"378\"><strong>Azalt\u0131lm\u0131\u015f su emme, 30 dk. sonunda<\/strong><\/td>\n<td width=\"104\"><strong>\u2264 2 gr<\/strong><\/td>\n<td width=\"132\"><strong>TS EN 12808- 5<\/strong><\/td>\n<\/tr>\n<tr>\n<td width=\"378\"><strong>Azalt\u0131lm\u0131\u015f su emme, 240 dk. sonunda<\/strong><\/td>\n<td width=\"104\"><strong>\u2264 5 gr<\/strong><\/td>\n<td width=\"132\"><strong>TS EN 12808- 5<\/strong><\/td>\n<\/tr>\n<\/tbody>\n<\/table>\n<p>Bu de\u011ferler laboratuvar \u015fartlar\u0131nda; 23 \u00b1 2\u00b0C ve %50 \u00b1 5 ba\u011f\u0131l nem ortam\u0131nda yap\u0131lan deneyler sonucunda elde edilmi\u015ftir. Tabloda verilen de\u011ferler y\u00fczey ve ortam ko\u015fullar\u0131na g\u00f6re farkl\u0131l\u0131k g\u00f6sterebilir.<\/p>\n<\/div><\/div><\/div><\/section>\n<section class='av_toggle_section av-mgj0g8d8-14d8b787b65f1d83614e4ffaf0ecbcfb'  itemscope=\"itemscope\" itemtype=\"https:\/\/schema.org\/CreativeWork\" ><div role=\"tablist\" class=\"single_toggle\" data-tags=\"{T\u00fcm\u00fc} \"  ><h6 id='toggle-toggle-id-3' data-fake-id='#toggle-id-3' class='toggler  av-title-above '  itemprop=\"headline\"  role='tab' tabindex='0' aria-controls='toggle-id-3' data-slide-speed=\"200\" data-title=\"UYGULAMA SINIRLARI\" data-title-open=\"\" data-aria_collapsed=\"Click to expand: UYGULAMA SINIRLARI\" data-aria_expanded=\"Click to collapse: UYGULAMA SINIRLARI\">UYGULAMA SINIRLARI<span class=\"toggle_icon\"><span class=\"vert_icon\"><\/span><span class=\"hor_icon\"><\/span><\/span><\/h6><div id='toggle-id-3' aria-labelledby='toggle-toggle-id-3' role='region' class='toggle_wrap  av-title-above'  ><div class='toggle_content invers-color '  itemprop=\"text\" ><table width=\"624\">\n<tbody>\n<tr>\n<td width=\"416\"><strong>A\u00c7IKLAMA<\/strong><\/td>\n<td width=\"208\"><strong>S\u00dcRE<\/strong><\/td>\n<\/tr>\n<tr>\n<td width=\"416\"><strong>Haz\u0131rlanan harc\u0131n kullan\u0131labilme s\u00fcresi- Kap \u00d6mr\u00fc<\/strong><\/td>\n<td width=\"208\"><strong>Maksimum 1,5 saat<\/strong><\/td>\n<\/tr>\n<tr>\n<td width=\"416\"><strong>Kuruma s\u00fcresi<\/strong><\/td>\n<td width=\"208\"><strong>Minimum 12 saat<\/strong><\/td>\n<\/tr>\n<tr>\n<td width=\"416\"><strong>Trafi\u011fe a\u00e7\u0131lma s\u00fcresi<\/strong><\/td>\n<td width=\"208\"><strong>24 &#8211; 48 saat<\/strong><\/td>\n<\/tr>\n<\/tbody>\n<\/table>\n<p>Bu de\u011ferler laboratuvar \u015fartlar\u0131nda; 23 \u00b1 2\u00b0C ve %50 \u00b1 5 ba\u011f\u0131l nem ortam\u0131nda yap\u0131lan deneyler sonucunda elde edilmi\u015ftir. Tabloda verilen de\u011ferler y\u00fczey ve ortam ko\u015fullar\u0131na g\u00f6re farkl\u0131l\u0131k g\u00f6sterebilir.<\/p>\n<\/div><\/div><\/div><\/section>\n<section class='av_toggle_section av-mgj0gr8d-c5555205a66843fd16d72c134d09f948'  itemscope=\"itemscope\" itemtype=\"https:\/\/schema.org\/CreativeWork\" ><div role=\"tablist\" class=\"single_toggle\" data-tags=\"{T\u00fcm\u00fc} \"  ><h6 id='toggle-toggle-id-4' data-fake-id='#toggle-id-4' class='toggler  av-title-above '  itemprop=\"headline\"  role='tab' tabindex='0' aria-controls='toggle-id-4' data-slide-speed=\"200\" data-title=\"REFERANS STANDARTLARI\" data-title-open=\"\" data-aria_collapsed=\"Click to expand: REFERANS STANDARTLARI\" data-aria_expanded=\"Click to collapse: REFERANS STANDARTLARI\">REFERANS STANDARTLARI<span class=\"toggle_icon\"><span class=\"vert_icon\"><\/span><span class=\"hor_icon\"><\/span><\/span><\/h6><div id='toggle-id-4' aria-labelledby='toggle-toggle-id-4' role='region' class='toggle_wrap  av-title-above'  ><div class='toggle_content invers-color '  itemprop=\"text\" ><p><strong>Onaylar\/Standartlar:<\/strong><br \/>\nTS EN 13888- 1<\/p>\n<p><strong>Bay\u0131nd\u0131rl\u0131k Bak. Poz No.:<\/strong><br \/>\nBay\u0131nd\u0131rl\u0131k Poz. No.: 10.300.2232<\/p>\n<\/div><\/div><\/div><\/section>\n<\/div><\/p>\n","protected":false},"excerpt":{"rendered":"","protected":false},"featured_media":4532,"comment_status":"closed","ping_status":"closed","template":"","meta":{"_acf_changed":false},"product_brand":[],"product_cat":[59],"product_tag":[],"class_list":{"0":"post-4531","1":"product","2":"type-product","3":"status-publish","4":"has-post-thumbnail","6":"product_cat-derz_dolgular","8":"first","9":"instock","10":"shipping-taxable","11":"product-type-simple"},"acf":[],"_links":{"self":[{"href":"https:\/\/www.kyk.com.tr\/index.php?rest_route=\/wp\/v2\/product\/4531","targetHints":{"allow":["GET"]}}],"collection":[{"href":"https:\/\/www.kyk.com.tr\/index.php?rest_route=\/wp\/v2\/product"}],"about":[{"href":"https:\/\/www.kyk.com.tr\/index.php?rest_route=\/wp\/v2\/types\/product"}],"replies":[{"embeddable":true,"href":"https:\/\/www.kyk.com.tr\/index.php?rest_route=%2Fwp%2Fv2%2Fcomments&post=4531"}],"wp:featuredmedia":[{"embeddable":true,"href":"https:\/\/www.kyk.com.tr\/index.php?rest_route=\/wp\/v2\/media\/4532"}],"wp:attachment":[{"href":"https:\/\/www.kyk.com.tr\/index.php?rest_route=%2Fwp%2Fv2%2Fmedia&parent=4531"}],"wp:term":[{"taxonomy":"product_brand","embeddable":true,"href":"https:\/\/www.kyk.com.tr\/index.php?rest_route=%2Fwp%2Fv2%2Fproduct_brand&post=4531"},{"taxonomy":"product_cat","embeddable":true,"href":"https:\/\/www.kyk.com.tr\/index.php?rest_route=%2Fwp%2Fv2%2Fproduct_cat&post=4531"},{"taxonomy":"product_tag","embeddable":true,"href":"https:\/\/www.kyk.com.tr\/index.php?rest_route=%2Fwp%2Fv2%2Fproduct_tag&post=4531"}],"curies":[{"name":"wp","href":"https:\/\/api.w.org\/{rel}","templated":true}]}}