{"id":4536,"date":"2025-05-06T19:22:56","date_gmt":"2025-05-06T19:22:56","guid":{"rendered":"https:\/\/www.kyk.center\/?post_type=product&#038;p=4536"},"modified":"2026-04-28T06:56:35","modified_gmt":"2026-04-28T06:56:35","slug":"megafuga-rustik-d106","status":"publish","type":"product","link":"https:\/\/www.kyk.com.tr\/?product=megafuga-rustik-d106","title":{"rendered":"MegaFuga Rustik D106"},"content":{"rendered":"<div  class='flex_column av-7wp5js-4bf905d8020abc4920423abab8715fa6 av_one_third  avia-builder-el-0  el_before_av_one_half  avia-builder-el-first  first flex_column_div  '     ><style type=\"text\/css\" data-created_by=\"avia_inline_auto\" id=\"style-css-av-mgj0jo5f-593ad0ea7d42f0126254a5014dd057cf\">\n.avia-image-container.av-mgj0jo5f-593ad0ea7d42f0126254a5014dd057cf img.avia_image{\nbox-shadow:none;\n}\n.avia-image-container.av-mgj0jo5f-593ad0ea7d42f0126254a5014dd057cf .av-image-caption-overlay-center{\ncolor:#ffffff;\n}\n<\/style>\n<div  class='avia-image-container av-mgj0jo5f-593ad0ea7d42f0126254a5014dd057cf av-styling- avia-align-center  avia-builder-el-1  avia-builder-el-no-sibling '   itemprop=\"image\" itemscope=\"itemscope\" itemtype=\"https:\/\/schema.org\/ImageObject\" ><div class=\"avia-image-container-inner\"><div class=\"avia-image-overlay-wrap\"><img decoding=\"async\" fetchpriority=\"high\" class='wp-image-4537 avia-img-lazy-loading-not-4537 avia_image ' src=\"https:\/\/www.kyk.com.tr\/wp-content\/uploads\/2025\/05\/d106.png\" alt='' title='MegaFuga Rustik D106'  height=\"320\" width=\"320\"  itemprop=\"thumbnailUrl\" srcset=\"https:\/\/www.kyk.com.tr\/wp-content\/uploads\/2025\/05\/d106.png 320w, https:\/\/www.kyk.com.tr\/wp-content\/uploads\/2025\/05\/d106-300x300.png 300w, https:\/\/www.kyk.com.tr\/wp-content\/uploads\/2025\/05\/d106-100x100.png 100w, https:\/\/www.kyk.com.tr\/wp-content\/uploads\/2025\/05\/d106-80x80.png 80w, https:\/\/www.kyk.com.tr\/wp-content\/uploads\/2025\/05\/d106-36x36.png 36w, https:\/\/www.kyk.com.tr\/wp-content\/uploads\/2025\/05\/d106-180x180.png 180w, https:\/\/www.kyk.com.tr\/wp-content\/uploads\/2025\/05\/d106-120x120.png 120w, https:\/\/www.kyk.com.tr\/wp-content\/uploads\/2025\/05\/d106-96x96.png 96w\" sizes=\"(max-width: 320px) 100vw, 320px\" \/><\/div><\/div><\/div><\/div>\n<div  class='flex_column av-5sryhk-952bf42e69196148ca85aeaee4256892 av_one_half  avia-builder-el-2  el_after_av_one_third  el_before_av_two_third  flex_column_div  '     ><section  class='av_textblock_section av-mgj0jv92-2be075a1703ef6f4c4249f273d08cdf0 '   itemscope=\"itemscope\" itemtype=\"https:\/\/schema.org\/CreativeWork\" ><div class='avia_textblock'  itemprop=\"text\" ><h1>MegaFuga Rustik D106<\/h1>\n<\/div><\/section><br \/>\n\n<style type=\"text\/css\" data-created_by=\"avia_inline_auto\" id=\"style-css-av-mgj0kjem-c2007a49442881bd73510a290fc37a0d\">\n#top .av_textblock_section.av-mgj0kjem-c2007a49442881bd73510a290fc37a0d .avia_textblock{\nfont-size:14px;\n}\n<\/style>\n<section  class='av_textblock_section av-mgj0kjem-c2007a49442881bd73510a290fc37a0d '   itemscope=\"itemscope\" itemtype=\"https:\/\/schema.org\/CreativeWork\" ><div class='avia_textblock'  itemprop=\"text\" ><p><strong>\u00c7imento esasl\u0131, tek bile\u015fenli, seramik, kaplama tu\u011fla veya dekoratif ama\u00e7l\u0131 kaplamalar\u0131n 4 &#8211; 20 mm derz aralar\u0131na uygulanabilen, esnek, \u0131s\u0131 de\u011fi\u015fimlerine dayan\u0131kl\u0131 <span style=\"color: #ff9900\">CG2WA<\/span> s\u0131n\u0131f\u0131 derz dolgu malzemesidir.<\/strong><\/p>\n<p><img loading=\"lazy\" decoding=\"async\" class=\"alignnone size-thumbnail wp-image-9568\" src=\"https:\/\/www.kyk.com.tr\/wp-content\/uploads\/2025\/11\/C62WA-80x80.png\" alt=\"\" width=\"80\" height=\"80\" srcset=\"https:\/\/www.kyk.com.tr\/wp-content\/uploads\/2025\/11\/C62WA-80x80.png 80w, https:\/\/www.kyk.com.tr\/wp-content\/uploads\/2025\/11\/C62WA-300x300.png 300w, https:\/\/www.kyk.com.tr\/wp-content\/uploads\/2025\/11\/C62WA-36x36.png 36w, https:\/\/www.kyk.com.tr\/wp-content\/uploads\/2025\/11\/C62WA-180x180.png 180w, https:\/\/www.kyk.com.tr\/wp-content\/uploads\/2025\/11\/C62WA-120x120.png 120w, https:\/\/www.kyk.com.tr\/wp-content\/uploads\/2025\/11\/C62WA-450x450.png 450w, https:\/\/www.kyk.com.tr\/wp-content\/uploads\/2025\/11\/C62WA-100x100.png 100w, https:\/\/www.kyk.com.tr\/wp-content\/uploads\/2025\/11\/C62WA-96x96.png 96w, https:\/\/www.kyk.com.tr\/wp-content\/uploads\/2025\/11\/C62WA.png 500w\" sizes=\"auto, (max-width: 80px) 100vw, 80px\" \/><\/p>\n<\/div><\/section><\/p><\/div>\n<div  class='flex_column av-41ingo-2a4bfe44dff872b9eafe5bcdd471cb59 av_two_third  avia-builder-el-5  el_after_av_one_half  el_before_av_one_third  first flex_column_div  column-top-margin'     ><section  class='av_textblock_section av-mgj0l5ju-ee7d9c42bede0283720ccf2dda8eb39c '   itemscope=\"itemscope\" itemtype=\"https:\/\/schema.org\/CreativeWork\" ><div class='avia_textblock'  itemprop=\"text\" ><h4>\u00a0 \u00a0 \u00dcR\u00dcN AVANTAJLARI<\/h4>\n<\/div><\/section><br \/>\n\n<style type=\"text\/css\" data-created_by=\"avia_inline_auto\" id=\"style-css-av-mgj0lhgq-3df94a9b4c9b84dfde33f1b1e0b76d31\">\n#top .av_textblock_section.av-mgj0lhgq-3df94a9b4c9b84dfde33f1b1e0b76d31 .avia_textblock{\nfont-size:14px;\n}\n<\/style>\n<section  class='av_textblock_section av-mgj0lhgq-3df94a9b4c9b84dfde33f1b1e0b76d31 '   itemscope=\"itemscope\" itemtype=\"https:\/\/schema.org\/CreativeWork\" ><div class='avia_textblock'  itemprop=\"text\" ><ul>\n<li>Rustik g\u00f6r\u00fcn\u00fcml\u00fcd\u00fcr.<\/li>\n<li>Yap\u0131ya do\u011fal ve dekoratif bir g\u00f6r\u00fcnt\u00fc kazand\u0131r\u0131r.<\/li>\n<li>\u0130\u00e7erdi\u011fi \u00f6zel katk\u0131lar sayesinde azalt\u0131lm\u0131\u015f su emme ve y\u00fcksek a\u015f\u0131nma dayan\u0131m\u0131 \u00f6zelliklerine sahiptir.<\/li>\n<li>Suya, dona ve \u0131s\u0131 de\u011fi\u015fimlerine dayan\u0131kl\u0131d\u0131r.<\/li>\n<\/ul>\n<\/div><\/section><\/p><\/div>\n<div  class='flex_column av-28cbvc-4a7362c5e822c466bf296de09b15f4e0 av_one_third  avia-builder-el-8  el_after_av_two_third  el_before_av_toggle_container  flex_column_div  column-top-margin'     ><section  class='av_textblock_section av-mgj0lryj-c4fd359b8ac4d2dc7ac7266fff3c028e '   itemscope=\"itemscope\" itemtype=\"https:\/\/schema.org\/CreativeWork\" ><div class='avia_textblock'  itemprop=\"text\" ><h4>TEKN\u0130K BELGELER<\/h4>\n<\/div><\/section><br \/>\n<section  class='av_textblock_section av-mgj0lznb-7d6004b3fff919a7471da06628e01553 '   itemscope=\"itemscope\" itemtype=\"https:\/\/schema.org\/CreativeWork\" ><div class='avia_textblock'  itemprop=\"text\" ><p><a href=\"https:\/\/www.kyk.com.tr\/wp-content\/uploads\/2026\/04\/d106_tds.pdf\" target=\"_blank\" rel=\"noopener\"><img loading=\"lazy\" decoding=\"async\" class=\"alignnone wp-image-8657 size-full\" src=\"https:\/\/www.kyk.com.tr\/wp-content\/uploads\/2025\/10\/TDS_1.jpg\" alt=\"\" width=\"410\" height=\"41\" srcset=\"https:\/\/www.kyk.com.tr\/wp-content\/uploads\/2025\/10\/TDS_1.jpg 410w, https:\/\/www.kyk.com.tr\/wp-content\/uploads\/2025\/10\/TDS_1-300x30.jpg 300w\" sizes=\"auto, (max-width: 410px) 100vw, 410px\" \/><\/a><br \/>\n<a href=\"https:\/\/www.kyk.com.tr\/wp-content\/uploads\/2025\/03\/d106_msds.pdf\" target=\"_blank\" rel=\"noopener\"><img loading=\"lazy\" decoding=\"async\" class=\"alignnone size-full wp-image-8656\" src=\"https:\/\/www.kyk.com.tr\/wp-content\/uploads\/2025\/10\/MSDS_1.jpg\" alt=\"\" width=\"410\" height=\"41\" srcset=\"https:\/\/www.kyk.com.tr\/wp-content\/uploads\/2025\/10\/MSDS_1.jpg 410w, https:\/\/www.kyk.com.tr\/wp-content\/uploads\/2025\/10\/MSDS_1-300x30.jpg 300w\" sizes=\"auto, (max-width: 410px) 100vw, 410px\" \/><\/a><\/p>\n<\/div><\/section><br \/>\n<section  class='av_textblock_section av-mh1zr9ea-5f3d3683f4d71b7dc83522a9e30d8652 '   itemscope=\"itemscope\" itemtype=\"https:\/\/schema.org\/CreativeWork\" ><div class='avia_textblock'  itemprop=\"text\" ><h4>T\u00dcKET\u0130M HESAPLAMA<\/h4>\n<\/div><\/section><br \/>\n<section  class='av_textblock_section av-mh1zrt3h-7105da811e362aa87cbbacaf5a441b70 '   itemscope=\"itemscope\" itemtype=\"https:\/\/schema.org\/CreativeWork\" ><div class='avia_textblock'  itemprop=\"text\" ><p><button class=\"popmake-8073\" style=\"width: 100%;height: 44px;margin-left: 0px;font-weight: bold;color: #003e73\" type=\"button\">MegaFuga Rustik D106 T\u00fcketim Hesaplama<\/button><\/p>\n<\/div><\/section><\/p><\/div>\n\n<style type=\"text\/css\" data-created_by=\"avia_inline_auto\" id=\"style-css-av-mgj0ojb6-2f1b67d7e7da335d0624f5a68a6b11e1\">\n#top .togglecontainer.av-mgj0ojb6-2f1b67d7e7da335d0624f5a68a6b11e1 h6.toggler{\nfont-size:17px;\ncolor:#003e73;\n}\n#top .togglecontainer.av-mgj0ojb6-2f1b67d7e7da335d0624f5a68a6b11e1 h6.toggler .toggle_icon{\ncolor:#003e73;\nborder-color:#003e73;\n}\n#top .togglecontainer.av-mgj0ojb6-2f1b67d7e7da335d0624f5a68a6b11e1 h6.toggler .toggle_icon > span{\ncolor:#003e73;\nborder-color:#003e73;\n}\n#top .togglecontainer.av-mgj0ojb6-2f1b67d7e7da335d0624f5a68a6b11e1 .toggle_wrap .toggle_content{\nfont-size:14px;\ncolor:#003e73;\n}\n<\/style>\n<div  class='togglecontainer av-mgj0ojb6-2f1b67d7e7da335d0624f5a68a6b11e1 av-minimal-toggle  avia-builder-el-13  el_after_av_one_third  avia-builder-el-last  toggle_close_all' >\n<section class='av_toggle_section av-mgj0mi4u-5e7a76d3d4959090b752160c316f8223'  itemscope=\"itemscope\" itemtype=\"https:\/\/schema.org\/CreativeWork\" ><div role=\"tablist\" class=\"single_toggle\" data-tags=\"{T\u00fcm\u00fc} \"  ><h6 id='toggle-toggle-id-1' data-fake-id='#toggle-id-1' class='toggler  av-title-above '  itemprop=\"headline\"  role='tab' tabindex='0' aria-controls='toggle-id-1' data-slide-speed=\"200\" data-title=\"KULLANIM ALANLARI\" data-title-open=\"\" data-aria_collapsed=\"Click to expand: KULLANIM ALANLARI\" data-aria_expanded=\"Click to collapse: KULLANIM ALANLARI\">KULLANIM ALANLARI<span class=\"toggle_icon\"><span class=\"vert_icon\"><\/span><span class=\"hor_icon\"><\/span><\/span><\/h6><div id='toggle-id-1' aria-labelledby='toggle-toggle-id-1' role='region' class='toggle_wrap  av-title-above'  ><div class='toggle_content invers-color '  itemprop=\"text\" ><p><strong>MegaFuga Rustik D106<\/strong>; do\u011fal ta\u015flar ve kaplama tu\u011flalar\u0131 aras\u0131ndaki geni\u015f derz bo\u015fluklar\u0131na, dekoratif ama\u00e7l\u0131 olarak, i\u00e7 ve d\u0131\u015f mekanlarda yatay ve d\u00fc\u015fey y\u00fczeylerde kullan\u0131ma uygundur.<\/p>\n<\/div><\/div><\/div><\/section>\n<section class='av_toggle_section av-mgj0mw94-6b9c47d7d8df7c31a6f69fa76fd28529'  itemscope=\"itemscope\" itemtype=\"https:\/\/schema.org\/CreativeWork\" ><div role=\"tablist\" class=\"single_toggle\" data-tags=\"{T\u00fcm\u00fc} \"  ><h6 id='toggle-toggle-id-2' data-fake-id='#toggle-id-2' class='toggler  av-title-above '  itemprop=\"headline\"  role='tab' tabindex='0' aria-controls='toggle-id-2' data-slide-speed=\"200\" data-title=\"PERFORMANS B\u0130LG\u0130LER\u0130\" data-title-open=\"\" data-aria_collapsed=\"Click to expand: PERFORMANS B\u0130LG\u0130LER\u0130\" data-aria_expanded=\"Click to collapse: PERFORMANS B\u0130LG\u0130LER\u0130\">PERFORMANS B\u0130LG\u0130LER\u0130<span class=\"toggle_icon\"><span class=\"vert_icon\"><\/span><span class=\"hor_icon\"><\/span><\/span><\/h6><div id='toggle-id-2' aria-labelledby='toggle-toggle-id-2' role='region' class='toggle_wrap  av-title-above'  ><div class='toggle_content invers-color '  itemprop=\"text\" ><table width=\"595\">\n<tbody>\n<tr>\n<td width=\"326\"><strong>TEST<\/strong><\/td>\n<td width=\"118\"><strong>DE\u011eER<\/strong><\/td>\n<td width=\"151\"><strong>STANDART<\/strong><\/td>\n<\/tr>\n<tr>\n<td width=\"326\"><strong>Y\u00fcksek a\u015f\u0131nma direnci<\/strong><\/td>\n<td width=\"118\"><strong>\u2264 2000 mm<sup>3<\/sup><\/strong><\/td>\n<td width=\"151\"><strong>TS EN 12808- 2<\/strong><\/td>\n<\/tr>\n<tr>\n<td width=\"326\"><strong>Kuru depolama sonras\u0131 e\u011filme mukavemeti<\/strong><\/td>\n<td width=\"118\"><strong>\u2265 2,5 N\/mm<sup>2<\/sup><\/strong><\/td>\n<td width=\"151\"><strong>TS EN 12808- 3<\/strong><\/td>\n<\/tr>\n<tr>\n<td width=\"326\"><strong>Donma- \u00e7\u00f6z\u00fcnme \u00e7evrimlerinden sonra e\u011filme mukavemeti<\/strong><\/td>\n<td width=\"118\"><strong>\u2265 2,5 N\/mm<sup>2<\/sup><\/strong><\/td>\n<td width=\"151\"><strong>TS EN 12808- 3<\/strong><\/td>\n<\/tr>\n<tr>\n<td width=\"326\"><strong>Kuru depolama sonras\u0131 s\u0131k\u0131\u015ft\u0131rma mukavemeti<\/strong><\/td>\n<td width=\"118\"><strong>\u2265 15 N\/mm<sup>2<\/sup><\/strong><\/td>\n<td width=\"151\"><strong>TS EN 12808- 3<\/strong><\/td>\n<\/tr>\n<tr>\n<td width=\"326\"><strong>Donma- \u00e7\u00f6z\u00fcnme \u00e7evriminden sonra s\u0131k\u0131\u015ft\u0131rma mukavemeti<\/strong><\/td>\n<td width=\"118\"><strong>\u2265 15 N\/mm<sup>2<\/sup><\/strong><\/td>\n<td width=\"151\"><strong>TS EN 12808- 3<\/strong><\/td>\n<\/tr>\n<tr>\n<td width=\"326\"><strong>B\u00fcz\u00fclme<\/strong><\/td>\n<td width=\"118\"><strong>\u2264 3 mm\/m<\/strong><\/td>\n<td width=\"151\"><strong>TS EN 12808- 4<\/strong><\/td>\n<\/tr>\n<tr>\n<td width=\"326\"><strong>Azalt\u0131lm\u0131\u015f su emme, 30 dk. sonunda<\/strong><\/td>\n<td width=\"118\"><strong>\u2264 5 gr<\/strong><\/td>\n<td width=\"151\"><strong>TS EN 12808- 5<\/strong><\/td>\n<\/tr>\n<tr>\n<td width=\"326\"><strong>Azalt\u0131lm\u0131\u015f su emme, 240 dk. sonunda<\/strong><\/td>\n<td width=\"118\"><strong>\u2264 10 gr<\/strong><\/td>\n<td width=\"151\"><strong>TS EN 12808- 5<\/strong><\/td>\n<\/tr>\n<\/tbody>\n<\/table>\n<p>Bu de\u011ferler laboratuvar \u015fartlar\u0131nda; 23 \u00b1 2\u00b0C ve %50 \u00b1 5 ba\u011f\u0131l nem ortam\u0131nda yap\u0131lan deneyler sonucunda elde edilmi\u015ftir. Tabloda verilen de\u011ferler y\u00fczey ve ortam ko\u015fullar\u0131na g\u00f6re farkl\u0131l\u0131k g\u00f6sterebilir.<\/p>\n<\/div><\/div><\/div><\/section>\n<section class='av_toggle_section av-mgj0n1eq-60d51bb332f40e3f11af6cf8411e0e7d'  itemscope=\"itemscope\" itemtype=\"https:\/\/schema.org\/CreativeWork\" ><div role=\"tablist\" class=\"single_toggle\" data-tags=\"{T\u00fcm\u00fc} \"  ><h6 id='toggle-toggle-id-3' data-fake-id='#toggle-id-3' class='toggler  av-title-above '  itemprop=\"headline\"  role='tab' tabindex='0' aria-controls='toggle-id-3' data-slide-speed=\"200\" data-title=\"UYGULAMA SINIRLARI\" data-title-open=\"\" data-aria_collapsed=\"Click to expand: UYGULAMA SINIRLARI\" data-aria_expanded=\"Click to collapse: UYGULAMA SINIRLARI\">UYGULAMA SINIRLARI<span class=\"toggle_icon\"><span class=\"vert_icon\"><\/span><span class=\"hor_icon\"><\/span><\/span><\/h6><div id='toggle-id-3' aria-labelledby='toggle-toggle-id-3' role='region' class='toggle_wrap  av-title-above'  ><div class='toggle_content invers-color '  itemprop=\"text\" ><table width=\"624\">\n<tbody>\n<tr>\n<td width=\"416\"><strong>A\u00c7IKLAMA<\/strong><\/td>\n<td width=\"208\"><strong>S\u00dcRE<\/strong><\/td>\n<\/tr>\n<tr>\n<td width=\"416\"><strong>Haz\u0131rlanan harc\u0131n kullan\u0131labilme s\u00fcresi- Kap \u00d6mr\u00fc<\/strong><\/td>\n<td width=\"208\"><strong>Maksimum 1,5 saat<\/strong><\/td>\n<\/tr>\n<tr>\n<td width=\"416\"><strong>Kuruma s\u00fcresi<\/strong><\/td>\n<td width=\"208\"><strong>Minimum 12 saat<\/strong><\/td>\n<\/tr>\n<tr>\n<td width=\"416\"><strong>Trafi\u011fe a\u00e7\u0131lma s\u00fcresi<\/strong><\/td>\n<td width=\"208\"><strong>24 &#8211; 48 saat<\/strong><\/td>\n<\/tr>\n<\/tbody>\n<\/table>\n<p>Bu de\u011ferler laboratuvar \u015fartlar\u0131nda; 23 \u00b1 2\u00b0C ve %50 \u00b1 5 ba\u011f\u0131l nem ortam\u0131nda yap\u0131lan deneyler sonucunda elde edilmi\u015ftir. Tabloda verilen de\u011ferler y\u00fczey ve ortam ko\u015fullar\u0131na g\u00f6re farkl\u0131l\u0131k g\u00f6sterebilir.<\/p>\n<\/div><\/div><\/div><\/section>\n<section class='av_toggle_section av-mgj0nnmm-67ba4f1a494becd9bc2dca746ffb3ba1'  itemscope=\"itemscope\" itemtype=\"https:\/\/schema.org\/CreativeWork\" ><div role=\"tablist\" class=\"single_toggle\" data-tags=\"{T\u00fcm\u00fc} \"  ><h6 id='toggle-toggle-id-4' data-fake-id='#toggle-id-4' class='toggler  av-title-above '  itemprop=\"headline\"  role='tab' tabindex='0' aria-controls='toggle-id-4' data-slide-speed=\"200\" data-title=\"REFERANS STANDARTLARI\" data-title-open=\"\" data-aria_collapsed=\"Click to expand: REFERANS STANDARTLARI\" data-aria_expanded=\"Click to collapse: REFERANS STANDARTLARI\">REFERANS STANDARTLARI<span class=\"toggle_icon\"><span class=\"vert_icon\"><\/span><span class=\"hor_icon\"><\/span><\/span><\/h6><div id='toggle-id-4' aria-labelledby='toggle-toggle-id-4' role='region' class='toggle_wrap  av-title-above'  ><div class='toggle_content invers-color '  itemprop=\"text\" ><p><strong>Onaylar\/Standartlar:<\/strong><br \/>\nTS EN 13888- 1<\/p>\n<p><strong>Bay\u0131nd\u0131rl\u0131k Bak. Poz No.:<\/strong><br \/>\nBay\u0131nd\u0131rl\u0131k Poz. No.: 10.300.2232<\/p>\n<\/div><\/div><\/div><\/section>\n<\/div>\n","protected":false},"excerpt":{"rendered":"","protected":false},"featured_media":4537,"comment_status":"closed","ping_status":"closed","template":"","meta":{"_acf_changed":false},"product_brand":[],"product_cat":[59],"product_tag":[],"class_list":{"0":"post-4536","1":"product","2":"type-product","3":"status-publish","4":"has-post-thumbnail","6":"product_cat-derz_dolgular","8":"first","9":"instock","10":"shipping-taxable","11":"product-type-simple"},"acf":[],"_links":{"self":[{"href":"https:\/\/www.kyk.com.tr\/index.php?rest_route=\/wp\/v2\/product\/4536","targetHints":{"allow":["GET"]}}],"collection":[{"href":"https:\/\/www.kyk.com.tr\/index.php?rest_route=\/wp\/v2\/product"}],"about":[{"href":"https:\/\/www.kyk.com.tr\/index.php?rest_route=\/wp\/v2\/types\/product"}],"replies":[{"embeddable":true,"href":"https:\/\/www.kyk.com.tr\/index.php?rest_route=%2Fwp%2Fv2%2Fcomments&post=4536"}],"wp:featuredmedia":[{"embeddable":true,"href":"https:\/\/www.kyk.com.tr\/index.php?rest_route=\/wp\/v2\/media\/4537"}],"wp:attachment":[{"href":"https:\/\/www.kyk.com.tr\/index.php?rest_route=%2Fwp%2Fv2%2Fmedia&parent=4536"}],"wp:term":[{"taxonomy":"product_brand","embeddable":true,"href":"https:\/\/www.kyk.com.tr\/index.php?rest_route=%2Fwp%2Fv2%2Fproduct_brand&post=4536"},{"taxonomy":"product_cat","embeddable":true,"href":"https:\/\/www.kyk.com.tr\/index.php?rest_route=%2Fwp%2Fv2%2Fproduct_cat&post=4536"},{"taxonomy":"product_tag","embeddable":true,"href":"https:\/\/www.kyk.com.tr\/index.php?rest_route=%2Fwp%2Fv2%2Fproduct_tag&post=4536"}],"curies":[{"name":"wp","href":"https:\/\/api.w.org\/{rel}","templated":true}]}}