{"id":4550,"date":"2025-05-06T19:41:06","date_gmt":"2025-05-06T19:41:06","guid":{"rendered":"https:\/\/www.kyk.center\/?post_type=product&#038;p=4550"},"modified":"2026-05-05T13:25:20","modified_gmt":"2026-05-05T13:25:20","slug":"megaepoxy-d501","status":"publish","type":"product","link":"https:\/\/www.kyk.com.tr\/?product=megaepoxy-d501","title":{"rendered":"MegaEpoxy D501"},"content":{"rendered":"<div  class='flex_column av-7si9gm-bc9174e853c8a113bf1a9aab493f7874 av_one_third  avia-builder-el-0  el_before_av_one_half  avia-builder-el-first  first flex_column_div  '     ><style type=\"text\/css\" data-created_by=\"avia_inline_auto\" id=\"style-css-av-mgj0qoof-c573ccd6ee2ac9c0276958bfae7c1c38\">\n.avia-image-container.av-mgj0qoof-c573ccd6ee2ac9c0276958bfae7c1c38 img.avia_image{\nbox-shadow:none;\n}\n.avia-image-container.av-mgj0qoof-c573ccd6ee2ac9c0276958bfae7c1c38 .av-image-caption-overlay-center{\ncolor:#ffffff;\n}\n<\/style>\n<div  class='avia-image-container av-mgj0qoof-c573ccd6ee2ac9c0276958bfae7c1c38 av-styling- avia-align-center  avia-builder-el-1  avia-builder-el-no-sibling '   itemprop=\"image\" itemscope=\"itemscope\" itemtype=\"https:\/\/schema.org\/ImageObject\" ><div class=\"avia-image-container-inner\"><div class=\"avia-image-overlay-wrap\"><img decoding=\"async\" fetchpriority=\"high\" class='wp-image-4552 avia-img-lazy-loading-not-4552 avia_image ' src=\"https:\/\/www.kyk.com.tr\/wp-content\/uploads\/2025\/05\/d501-1.png\" alt='' title='MegaEpoxy D501'  height=\"320\" width=\"320\"  itemprop=\"thumbnailUrl\" srcset=\"https:\/\/www.kyk.com.tr\/wp-content\/uploads\/2025\/05\/d501-1.png 320w, https:\/\/www.kyk.com.tr\/wp-content\/uploads\/2025\/05\/d501-1-300x300.png 300w, https:\/\/www.kyk.com.tr\/wp-content\/uploads\/2025\/05\/d501-1-100x100.png 100w, https:\/\/www.kyk.com.tr\/wp-content\/uploads\/2025\/05\/d501-1-80x80.png 80w, https:\/\/www.kyk.com.tr\/wp-content\/uploads\/2025\/05\/d501-1-36x36.png 36w, https:\/\/www.kyk.com.tr\/wp-content\/uploads\/2025\/05\/d501-1-180x180.png 180w, https:\/\/www.kyk.com.tr\/wp-content\/uploads\/2025\/05\/d501-1-120x120.png 120w, https:\/\/www.kyk.com.tr\/wp-content\/uploads\/2025\/05\/d501-1-96x96.png 96w\" sizes=\"(max-width: 320px) 100vw, 320px\" \/><\/div><\/div><\/div><\/div>\n<div  class='flex_column av-jxh4m-0a4257903f108cb26f8f71d336c84767 av_one_half  avia-builder-el-2  el_after_av_one_third  el_before_av_two_third  flex_column_div  '     ><section  class='av_textblock_section av-mgj0r067-8b3d25e4825cb62ab7b35278b42566f8 '   itemscope=\"itemscope\" itemtype=\"https:\/\/schema.org\/CreativeWork\" ><div class='avia_textblock'  itemprop=\"text\" ><h1>MegaEpoxy D501<\/h1>\n<\/div><\/section><br \/>\n\n<style type=\"text\/css\" data-created_by=\"avia_inline_auto\" id=\"style-css-av-mgj0rujs-ce68eb53762039e8e32731c533da3bd8\">\n#top .av_textblock_section.av-mgj0rujs-ce68eb53762039e8e32731c533da3bd8 .avia_textblock{\nfont-size:14px;\n}\n<\/style>\n<section  class='av_textblock_section av-mgj0rujs-ce68eb53762039e8e32731c533da3bd8 '   itemscope=\"itemscope\" itemtype=\"https:\/\/schema.org\/CreativeWork\" ><div class='avia_textblock'  itemprop=\"text\" ><p><strong><span data-teams=\"true\">Epoksi re\u00e7ine esasl\u0131, \u00e7ift bile\u015fenli, 3- 15 mm derz aralar\u0131na uygulanabilen, asit ve alkali dayan\u0131ml\u0131, mekanik mukavemeti y\u00fcksek <span style=\"color: #ff9900\">RG<\/span> s\u0131n\u0131f\u0131 seramik yap\u0131\u015ft\u0131r\u0131c\u0131s\u0131 ve derz dolgu malzemesidir.<\/span><\/strong><\/p>\n<p><img loading=\"lazy\" decoding=\"async\" class=\"alignnone size-thumbnail wp-image-9579\" src=\"https:\/\/www.kyk.com.tr\/wp-content\/uploads\/2025\/11\/RG-80x80.png\" alt=\"\" width=\"80\" height=\"80\" srcset=\"https:\/\/www.kyk.com.tr\/wp-content\/uploads\/2025\/11\/RG-80x80.png 80w, https:\/\/www.kyk.com.tr\/wp-content\/uploads\/2025\/11\/RG-300x300.png 300w, https:\/\/www.kyk.com.tr\/wp-content\/uploads\/2025\/11\/RG-36x36.png 36w, https:\/\/www.kyk.com.tr\/wp-content\/uploads\/2025\/11\/RG-180x180.png 180w, https:\/\/www.kyk.com.tr\/wp-content\/uploads\/2025\/11\/RG-120x120.png 120w, https:\/\/www.kyk.com.tr\/wp-content\/uploads\/2025\/11\/RG-450x450.png 450w, https:\/\/www.kyk.com.tr\/wp-content\/uploads\/2025\/11\/RG-100x100.png 100w, https:\/\/www.kyk.com.tr\/wp-content\/uploads\/2025\/11\/RG-96x96.png 96w, https:\/\/www.kyk.com.tr\/wp-content\/uploads\/2025\/11\/RG.png 500w\" sizes=\"auto, (max-width: 80px) 100vw, 80px\" \/><\/p>\n<\/div><\/section><\/p><\/div>\n<div  class='flex_column av-4yfa2u-1b810dc36a0b5e6f8c8ee83aa9ae1ff1 av_two_third  avia-builder-el-5  el_after_av_one_half  el_before_av_one_third  first flex_column_div  column-top-margin'     ><section  class='av_textblock_section av-mgj0sfzi-3d10ee93ec3a98045f005d2e15a52faf '   itemscope=\"itemscope\" itemtype=\"https:\/\/schema.org\/CreativeWork\" ><div class='avia_textblock'  itemprop=\"text\" ><h4>\u00a0 \u00a0 \u00dcR\u00dcN AVANTAJLARI<\/h4>\n<\/div><\/section><br \/>\n\n<style type=\"text\/css\" data-created_by=\"avia_inline_auto\" id=\"style-css-av-mgj0t796-c7d4546335de158a9d9e7ff4be0f31c7\">\n#top .av_textblock_section.av-mgj0t796-c7d4546335de158a9d9e7ff4be0f31c7 .avia_textblock{\nfont-size:14px;\n}\n<\/style>\n<section  class='av_textblock_section av-mgj0t796-c7d4546335de158a9d9e7ff4be0f31c7 '   itemscope=\"itemscope\" itemtype=\"https:\/\/schema.org\/CreativeWork\" ><div class='avia_textblock'  itemprop=\"text\" ><p><strong>Yap\u0131\u015ft\u0131r\u0131c\u0131 olarak kullan\u0131r ise;<\/strong><\/p>\n<ul>\n<li>E\u011filme ve bas\u0131n\u00e7 dayan\u0131m\u0131 y\u00fcksektir.<\/li>\n<li>Uygulama y\u00fczeyine ve kaplamaya m\u00fckemmel yap\u0131\u015f\u0131r.<\/li>\n<li>Uyguland\u0131ktan sonra y\u00fcksek yap\u0131\u015fma ve dayan\u0131m kazan\u0131r. Dinamik y\u00fcklere kar\u015f\u0131 y\u00fcksek mukavemeti vard\u0131r.<\/li>\n<li>D\u00fc\u015fey uygulamalarda kayma yapmaz.<\/li>\n<li>Solvent i\u00e7ermez, \u00e7evre dostudur.<\/li>\n<\/ul>\n<p><strong>Derz dolgu olarak kullan\u0131r ise;<\/strong><\/p>\n<ul>\n<li>Antibakteriyel katk\u0131 sayesinde, uygulama sonras\u0131nda, malzeme y\u00fczeyinde bakteri, k\u00fcf, mantar ve yosun olu\u015fumuna kar\u015f\u0131 diren\u00e7 g\u00f6sterir ve uzun \u00f6m\u00fcrl\u00fc koruma sa\u011flar.<\/li>\n<li>Kimyasallara kar\u015f\u0131 y\u00fcksek dayan\u0131ma sahiptir.<\/li>\n<li>Y\u00fcksek performansl\u0131d\u0131r.<\/li>\n<li>Azalt\u0131lm\u0131\u015f su emme ve y\u00fcksek a\u015f\u0131nma dayan\u0131m\u0131 \u00f6zelliklerine sahiptir.<\/li>\n<li>Suya, dona ve y\u00fcksek \u0131s\u0131ya kar\u015f\u0131 dayan\u0131kl\u0131d\u0131r.<\/li>\n<li>Solvent i\u00e7ermez, \u00e7evre dostudur.<\/li>\n<\/ul>\n<\/div><\/section><\/p><\/div><div  class='flex_column av-2e3t0m-7aa3abe16239deca9d25d29329d7b527 av_one_third  avia-builder-el-8  el_after_av_two_third  el_before_av_toggle_container  flex_column_div  column-top-margin'     ><section  class='av_textblock_section av-mgj100au-d8f0b190f8bfff68408adbd0585fab4a '   itemscope=\"itemscope\" itemtype=\"https:\/\/schema.org\/CreativeWork\" ><div class='avia_textblock'  itemprop=\"text\" ><h4>TEKN\u0130K BELGELER<\/h4>\n<\/div><\/section><br \/>\n<section  class='av_textblock_section av-mgj10gc5-0799679f58c8c122cd3a86ecd276bc1b '   itemscope=\"itemscope\" itemtype=\"https:\/\/schema.org\/CreativeWork\" ><div class='avia_textblock'  itemprop=\"text\" ><p><a href=\"https:\/\/www.kyk.com.tr\/wp-content\/uploads\/2026\/04\/d501_tds.pdf\" target=\"_blank\" rel=\"noopener\"><img loading=\"lazy\" decoding=\"async\" class=\"alignnone wp-image-8657 size-full\" src=\"https:\/\/www.kyk.com.tr\/wp-content\/uploads\/2025\/10\/TDS_1.jpg\" alt=\"\" width=\"410\" height=\"41\" srcset=\"https:\/\/www.kyk.com.tr\/wp-content\/uploads\/2025\/10\/TDS_1.jpg 410w, https:\/\/www.kyk.com.tr\/wp-content\/uploads\/2025\/10\/TDS_1-300x30.jpg 300w\" sizes=\"auto, (max-width: 410px) 100vw, 410px\" \/><\/a><br \/>\n<a href=\"https:\/\/www.kyk.com.tr\/wp-content\/uploads\/2025\/05\/d501_msds.zip\" target=\"_blank\" rel=\"noopener\"><img loading=\"lazy\" decoding=\"async\" class=\"alignnone size-full wp-image-8656\" src=\"https:\/\/www.kyk.com.tr\/wp-content\/uploads\/2025\/10\/MSDS_1.jpg\" alt=\"\" width=\"410\" height=\"41\" srcset=\"https:\/\/www.kyk.com.tr\/wp-content\/uploads\/2025\/10\/MSDS_1.jpg 410w, https:\/\/www.kyk.com.tr\/wp-content\/uploads\/2025\/10\/MSDS_1-300x30.jpg 300w\" sizes=\"auto, (max-width: 410px) 100vw, 410px\" \/><\/a><br \/>\n<a href=\"https:\/\/www.kyk.com.tr\/?sdm_process_download=1&amp;download_id=9292\" target=\"_blank\" rel=\"noopener\"><img loading=\"lazy\" decoding=\"async\" class=\"alignnone wp-image-8657 size-full\" src=\"https:\/\/www.kyk.com.tr\/wp-content\/uploads\/2025\/10\/TSE.jpg\" alt=\"\" width=\"410\" height=\"41\" \/><\/a><br \/>\n<a href=\"https:\/\/www.kyk.com.tr\/?sdm_process_download=1&amp;download_id=9294\" target=\"_blank\" rel=\"noopener\"><img loading=\"lazy\" decoding=\"async\" class=\"alignnone size-full wp-image-8656\" src=\"https:\/\/www.kyk.com.tr\/wp-content\/uploads\/2025\/10\/G-Belgesi.jpg\" alt=\"\" width=\"410\" height=\"41\" \/><\/a><\/p>\n<\/div><\/section><br \/>\n<section  class='av_textblock_section av-mh1zsw68-9112cc2eefeb0b746aca02c63c0e6cc0 '   itemscope=\"itemscope\" itemtype=\"https:\/\/schema.org\/CreativeWork\" ><div class='avia_textblock'  itemprop=\"text\" ><h4>T\u00dcKET\u0130M HESAPLAMA<\/h4>\n<\/div><\/section><br \/>\n<section  class='av_textblock_section av-mh1ztj56-fa8a77a815ef5cafe5e1a6948711d2af '   itemscope=\"itemscope\" itemtype=\"https:\/\/schema.org\/CreativeWork\" ><div class='avia_textblock'  itemprop=\"text\" ><p><button class=\"popmake-8086\" style=\"width: 100%;height: 44px;margin-left: 0px;font-weight: bold;color: #003e73\" type=\"button\">MegaEpoxy D501 T\u00fcketim Hesaplama<\/button><\/p>\n<\/div><\/section><\/p><\/div><\/p>\n\n<style type=\"text\/css\" data-created_by=\"avia_inline_auto\" id=\"style-css-av-mgj13oni-1b709f80adcdafac5d95f063f6e7b9b6\">\n#top .togglecontainer.av-mgj13oni-1b709f80adcdafac5d95f063f6e7b9b6 h6.toggler{\nfont-size:17px;\ncolor:#003e73;\n}\n#top .togglecontainer.av-mgj13oni-1b709f80adcdafac5d95f063f6e7b9b6 h6.toggler .toggle_icon{\ncolor:#003e73;\nborder-color:#003e73;\n}\n#top .togglecontainer.av-mgj13oni-1b709f80adcdafac5d95f063f6e7b9b6 h6.toggler .toggle_icon > span{\ncolor:#003e73;\nborder-color:#003e73;\n}\n#top .togglecontainer.av-mgj13oni-1b709f80adcdafac5d95f063f6e7b9b6 .toggle_wrap .toggle_content{\nfont-size:14px;\ncolor:#003e73;\n}\n<\/style>\n<div  class='togglecontainer av-mgj13oni-1b709f80adcdafac5d95f063f6e7b9b6 av-minimal-toggle  avia-builder-el-13  el_after_av_one_third  avia-builder-el-last  toggle_close_all' >\n<section class='av_toggle_section av-mgj10y2g-eff245c9f5af87d7054d3a093792772d'  itemscope=\"itemscope\" itemtype=\"https:\/\/schema.org\/CreativeWork\" ><div role=\"tablist\" class=\"single_toggle\" data-tags=\"{T\u00fcm\u00fc} \"  ><h6 id='toggle-toggle-id-1' data-fake-id='#toggle-id-1' class='toggler  av-title-above '  itemprop=\"headline\"  role='tab' tabindex='0' aria-controls='toggle-id-1' data-slide-speed=\"200\" data-title=\"KULLANIM ALANLARI\" data-title-open=\"\" data-aria_collapsed=\"Click to expand: KULLANIM ALANLARI\" data-aria_expanded=\"Click to collapse: KULLANIM ALANLARI\">KULLANIM ALANLARI<span class=\"toggle_icon\"><span class=\"vert_icon\"><\/span><span class=\"hor_icon\"><\/span><\/span><\/h6><div id='toggle-id-1' aria-labelledby='toggle-toggle-id-1' role='region' class='toggle_wrap  av-title-above'  ><div class='toggle_content invers-color '  itemprop=\"text\" ><p><strong>MegaEpoxy D501;<\/strong> \u0131s\u0131 de\u011fi\u015fimlerinin \u00e7ok fazla oldu\u011fu yerden \u0131s\u0131tmal\u0131 sistemlerin bulundu\u011fu zeminlerde, kimyasal diren\u00e7, ge\u00e7irimsizlik ve y\u00fcksek mekanik dayan\u0131m gereken yerlerde, antiasit seramik, end\u00fcstriyel seramik, granit, cam mozaik, cam tu\u011fla ve mermerin yatay ve d\u00fc\u015feyde yap\u0131\u015ft\u0131r\u0131lmas\u0131, i\u00e7 ve d\u0131\u015f ortamda 3- 15 mm yatay ve d\u00fc\u015fey derz bo\u015fluklar\u0131n\u0131n doldurulmas\u0131 ama\u00e7lar\u0131 ile kullan\u0131l\u0131r.<\/p>\n<p><strong>MegaEpoxy D501<\/strong>; g\u0131da end\u00fcstrisi, s\u00fct, peynir ve yo\u011furt imalathaneleri, mezbaha, mand\u0131ra, et entegre tesisleri, \u015farap ve bira fabrikalar\u0131, \u015fi\u015feleme ve dolum tesisleri, end\u00fcstriyel mutfaklar, hastane ve laboratuvarlar, ila\u00e7 ve kozmetik end\u00fcstrisi, tuz veya termal su i\u00e7eren y\u00fczme havuzlar\u0131, at\u0131k su ar\u0131tma tesisleri gibi bir\u00e7ok \u0131slak hacim ve hijyenik ortamda kullan\u0131ma uygundur.<\/p>\n<\/div><\/div><\/div><\/section>\n<section class='av_toggle_section av-mgj11htl-429603004ed53f7d8cafbc5466444345'  itemscope=\"itemscope\" itemtype=\"https:\/\/schema.org\/CreativeWork\" ><div role=\"tablist\" class=\"single_toggle\" data-tags=\"{T\u00fcm\u00fc} \"  ><h6 id='toggle-toggle-id-2' data-fake-id='#toggle-id-2' class='toggler  av-title-above '  itemprop=\"headline\"  role='tab' tabindex='0' aria-controls='toggle-id-2' data-slide-speed=\"200\" data-title=\"PERFORMANS B\u0130LG\u0130LER\u0130\" data-title-open=\"\" data-aria_collapsed=\"Click to expand: PERFORMANS B\u0130LG\u0130LER\u0130\" data-aria_expanded=\"Click to collapse: PERFORMANS B\u0130LG\u0130LER\u0130\">PERFORMANS B\u0130LG\u0130LER\u0130<span class=\"toggle_icon\"><span class=\"vert_icon\"><\/span><span class=\"hor_icon\"><\/span><\/span><\/h6><div id='toggle-id-2' aria-labelledby='toggle-toggle-id-2' role='region' class='toggle_wrap  av-title-above'  ><div class='toggle_content invers-color '  itemprop=\"text\" ><table width=\"558\">\n<tbody>\n<tr>\n<td width=\"293\"><strong>TEST<\/strong><\/td>\n<td width=\"132\"><strong>DE\u011eER<\/strong><\/td>\n<td width=\"132\"><strong>STANDART<\/strong><\/td>\n<\/tr>\n<tr>\n<td width=\"293\"><strong>A\u015f\u0131nma Mukavemeti<\/strong><\/td>\n<td width=\"132\"><strong>\u2264 250 mm<sup>3<\/sup><\/strong><\/td>\n<td width=\"132\"><strong>TS EN 12808 &#8211; 2<\/strong><\/td>\n<\/tr>\n<tr>\n<td width=\"293\"><strong>Kuru depolama sonras\u0131 e\u011filme mukavemeti<\/strong><\/td>\n<td width=\"132\"><strong>\u2265 30 N\/mm<sup>2<\/sup><\/strong><\/td>\n<td width=\"132\"><strong>TS EN 12808- 3<\/strong><\/td>\n<\/tr>\n<tr>\n<td width=\"293\"><strong>Kuru depolama sonras\u0131 s\u0131k\u0131\u015ft\u0131rma mukavemeti<\/strong><\/td>\n<td width=\"132\"><strong>\u2265 45 N\/mm<sup>2<\/sup><\/strong><\/td>\n<td width=\"132\"><strong>TS EN 12808- 3<\/strong><\/td>\n<\/tr>\n<tr>\n<td width=\"293\"><strong>B\u00fcz\u00fclme<\/strong><\/td>\n<td width=\"132\"><strong>\u2264 1,5 mm\/m<\/strong><\/td>\n<td width=\"132\"><strong>TS EN 12808- 4<\/strong><\/td>\n<\/tr>\n<tr>\n<td width=\"293\"><strong>240 dk. sonunda su emme<\/strong><\/td>\n<td width=\"132\"><strong>\u2264 0,1 gr<\/strong><\/td>\n<td width=\"132\"><strong>TS EN 12808- 5<\/strong><\/td>\n<\/tr>\n<tr>\n<td width=\"293\"><strong>Kayma<\/strong><\/td>\n<td width=\"132\"><strong>&lt;0,5 mm<\/strong><\/td>\n<td width=\"132\"><strong>TS EN 12004-2. 8.2<\/strong><\/td>\n<\/tr>\n<\/tbody>\n<\/table>\n<p>Bu de\u011ferler laboratuvar \u015fartlar\u0131nda; 23 \u00b1 2\u00b0C ve %50 \u00b1 5 ba\u011f\u0131l nem ortam\u0131nda yap\u0131lan deneyler sonucunda elde edilmi\u015ftir. Tabloda verilen de\u011ferler y\u00fczey ve ortam ko\u015fullar\u0131na g\u00f6re farkl\u0131l\u0131k g\u00f6sterebilir.<\/p>\n<\/div><\/div><\/div><\/section>\n<section class='av_toggle_section av-mgj11nji-9d32d87ec04de55adf79d66264afaffd'  itemscope=\"itemscope\" itemtype=\"https:\/\/schema.org\/CreativeWork\" ><div role=\"tablist\" class=\"single_toggle\" data-tags=\"{T\u00fcm\u00fc} \"  ><h6 id='toggle-toggle-id-3' data-fake-id='#toggle-id-3' class='toggler  av-title-above '  itemprop=\"headline\"  role='tab' tabindex='0' aria-controls='toggle-id-3' data-slide-speed=\"200\" data-title=\"UYGULAMA SINIRLARI\" data-title-open=\"\" data-aria_collapsed=\"Click to expand: UYGULAMA SINIRLARI\" data-aria_expanded=\"Click to collapse: UYGULAMA SINIRLARI\">UYGULAMA SINIRLARI<span class=\"toggle_icon\"><span class=\"vert_icon\"><\/span><span class=\"hor_icon\"><\/span><\/span><\/h6><div id='toggle-id-3' aria-labelledby='toggle-toggle-id-3' role='region' class='toggle_wrap  av-title-above'  ><div class='toggle_content invers-color '  itemprop=\"text\" ><table width=\"558\">\n<tbody>\n<tr>\n<td width=\"406\"><strong>A\u00c7IKLAMA<\/strong><\/td>\n<td width=\"151\"><strong>S\u00dcRE<\/strong><\/td>\n<\/tr>\n<tr>\n<td width=\"406\"><strong>Haz\u0131rlanan kar\u0131\u015f\u0131m\u0131n kullan\u0131labilme s\u00fcresi- Kap \u00f6mr\u00fc\u00a0\u00a0\u00a0\u00a0\u00a0\u00a0\u00a0\u00a0<\/strong><\/td>\n<td width=\"151\"><strong>Maksimum 45 dk.<\/strong><\/td>\n<\/tr>\n<tr>\n<td width=\"406\"><strong>\u00d6n kuruma s\u00fcresi<\/strong><\/td>\n<td width=\"151\"><strong>Minimum 5 saat<\/strong><\/td>\n<\/tr>\n<tr>\n<td width=\"406\"><strong>Trafi\u011fe a\u00e7\u0131lma s\u00fcresi<\/strong><\/td>\n<td width=\"151\"><strong>Minimum 24 saat<\/strong><\/td>\n<\/tr>\n<tr>\n<td width=\"406\"><strong>Tam k\u00fcrlenme<\/strong><\/td>\n<td width=\"151\"><strong>Minimum 7 g\u00fcn<\/strong><\/td>\n<\/tr>\n<\/tbody>\n<\/table>\n<p>Bu de\u011ferler laboratuvar \u015fartlar\u0131nda; 23 \u00b1 2\u00b0C ve %50 \u00b1 5 ba\u011f\u0131l nem ortam\u0131nda yap\u0131lan deneyler sonucunda elde edilmi\u015ftir. Tabloda verilen de\u011ferler y\u00fczey ve ortam ko\u015fullar\u0131na g\u00f6re farkl\u0131l\u0131k g\u00f6sterebilir.<\/p>\n<\/div><\/div><\/div><\/section>\n<section class='av_toggle_section av-mgj12vxz-90f97f652eeb39ea07ce4fd04664ecc3'  itemscope=\"itemscope\" itemtype=\"https:\/\/schema.org\/CreativeWork\" ><div role=\"tablist\" class=\"single_toggle\" data-tags=\"{T\u00fcm\u00fc} \"  ><h6 id='toggle-toggle-id-4' data-fake-id='#toggle-id-4' class='toggler  av-title-above '  itemprop=\"headline\"  role='tab' tabindex='0' aria-controls='toggle-id-4' data-slide-speed=\"200\" data-title=\"REFERANS STANDARTLARI\" data-title-open=\"\" data-aria_collapsed=\"Click to expand: REFERANS STANDARTLARI\" data-aria_expanded=\"Click to collapse: REFERANS STANDARTLARI\">REFERANS STANDARTLARI<span class=\"toggle_icon\"><span class=\"vert_icon\"><\/span><span class=\"hor_icon\"><\/span><\/span><\/h6><div id='toggle-id-4' aria-labelledby='toggle-toggle-id-4' role='region' class='toggle_wrap  av-title-above'  ><div class='toggle_content invers-color '  itemprop=\"text\" ><p><strong>Onaylar\/Standartlar:<\/strong><br \/>\nTS EN 13888- 1<\/p>\n<p><strong>Bay\u0131nd\u0131rl\u0131k Bak. Poz No.:<\/strong><br \/>\nBay\u0131nd\u0131rl\u0131k Bak. Poz No.: 10.300.2233, 10.300.2208<\/p>\n<\/div><\/div><\/div><\/section>\n<\/div>\n","protected":false},"excerpt":{"rendered":"","protected":false},"featured_media":4552,"comment_status":"closed","ping_status":"closed","template":"","meta":{"_acf_changed":false},"product_brand":[],"product_cat":[59],"product_tag":[],"class_list":{"0":"post-4550","1":"product","2":"type-product","3":"status-publish","4":"has-post-thumbnail","6":"product_cat-derz_dolgular","8":"first","9":"instock","10":"shipping-taxable","11":"product-type-simple"},"acf":[],"_links":{"self":[{"href":"https:\/\/www.kyk.com.tr\/index.php?rest_route=\/wp\/v2\/product\/4550","targetHints":{"allow":["GET"]}}],"collection":[{"href":"https:\/\/www.kyk.com.tr\/index.php?rest_route=\/wp\/v2\/product"}],"about":[{"href":"https:\/\/www.kyk.com.tr\/index.php?rest_route=\/wp\/v2\/types\/product"}],"replies":[{"embeddable":true,"href":"https:\/\/www.kyk.com.tr\/index.php?rest_route=%2Fwp%2Fv2%2Fcomments&post=4550"}],"wp:featuredmedia":[{"embeddable":true,"href":"https:\/\/www.kyk.com.tr\/index.php?rest_route=\/wp\/v2\/media\/4552"}],"wp:attachment":[{"href":"https:\/\/www.kyk.com.tr\/index.php?rest_route=%2Fwp%2Fv2%2Fmedia&parent=4550"}],"wp:term":[{"taxonomy":"product_brand","embeddable":true,"href":"https:\/\/www.kyk.com.tr\/index.php?rest_route=%2Fwp%2Fv2%2Fproduct_brand&post=4550"},{"taxonomy":"product_cat","embeddable":true,"href":"https:\/\/www.kyk.com.tr\/index.php?rest_route=%2Fwp%2Fv2%2Fproduct_cat&post=4550"},{"taxonomy":"product_tag","embeddable":true,"href":"https:\/\/www.kyk.com.tr\/index.php?rest_route=%2Fwp%2Fv2%2Fproduct_tag&post=4550"}],"curies":[{"name":"wp","href":"https:\/\/api.w.org\/{rel}","templated":true}]}}