{"id":4558,"date":"2025-05-06T19:47:50","date_gmt":"2025-05-06T19:47:50","guid":{"rendered":"https:\/\/www.kyk.center\/?post_type=product&#038;p=4558"},"modified":"2026-05-05T13:32:15","modified_gmt":"2026-05-05T13:32:15","slug":"megafuga-flex-d201","status":"publish","type":"product","link":"https:\/\/www.kyk.com.tr\/?product=megafuga-flex-d201","title":{"rendered":"MegaFuga Flex D201"},"content":{"rendered":"<div  class='flex_column av-7o5l1a-942ac9c11dfc2d95dafc7321f2b255a0 av_one_third  avia-builder-el-0  el_before_av_one_half  avia-builder-el-first  first flex_column_div  '     ><style type=\"text\/css\" data-created_by=\"avia_inline_auto\" id=\"style-css-av-mgj161px-83230cdd2e8f30911931f8e4bba25f07\">\n.avia-image-container.av-mgj161px-83230cdd2e8f30911931f8e4bba25f07 img.avia_image{\nbox-shadow:none;\n}\n.avia-image-container.av-mgj161px-83230cdd2e8f30911931f8e4bba25f07 .av-image-caption-overlay-center{\ncolor:#ffffff;\n}\n<\/style>\n<div  class='avia-image-container av-mgj161px-83230cdd2e8f30911931f8e4bba25f07 av-styling- avia-align-center  avia-builder-el-1  avia-builder-el-no-sibling '   itemprop=\"image\" itemscope=\"itemscope\" itemtype=\"https:\/\/schema.org\/ImageObject\" ><div class=\"avia-image-container-inner\"><div class=\"avia-image-overlay-wrap\"><img decoding=\"async\" fetchpriority=\"high\" class='wp-image-4559 avia-img-lazy-loading-not-4559 avia_image ' src=\"https:\/\/www.kyk.com.tr\/wp-content\/uploads\/2025\/05\/d201.png\" alt='' title='MegaFuga Flex D201'  height=\"320\" width=\"320\"  itemprop=\"thumbnailUrl\" srcset=\"https:\/\/www.kyk.com.tr\/wp-content\/uploads\/2025\/05\/d201.png 320w, https:\/\/www.kyk.com.tr\/wp-content\/uploads\/2025\/05\/d201-300x300.png 300w, https:\/\/www.kyk.com.tr\/wp-content\/uploads\/2025\/05\/d201-100x100.png 100w, https:\/\/www.kyk.com.tr\/wp-content\/uploads\/2025\/05\/d201-80x80.png 80w, https:\/\/www.kyk.com.tr\/wp-content\/uploads\/2025\/05\/d201-36x36.png 36w, https:\/\/www.kyk.com.tr\/wp-content\/uploads\/2025\/05\/d201-180x180.png 180w, https:\/\/www.kyk.com.tr\/wp-content\/uploads\/2025\/05\/d201-120x120.png 120w, https:\/\/www.kyk.com.tr\/wp-content\/uploads\/2025\/05\/d201-96x96.png 96w\" sizes=\"(max-width: 320px) 100vw, 320px\" \/><\/div><\/div><\/div><\/div>\n<div  class='flex_column av-5717hq-025a8a8e35972b3c94de046823fcb28e av_one_half  avia-builder-el-2  el_after_av_one_third  el_before_av_two_third  flex_column_div  '     ><section  class='av_textblock_section av-mgj16br5-ece45b4b549ff5dcb4c2587314db32a1 '   itemscope=\"itemscope\" itemtype=\"https:\/\/schema.org\/CreativeWork\" ><div class='avia_textblock'  itemprop=\"text\" ><h1>MegaFuga Flex D201<\/h1>\n<\/div><\/section><br \/>\n\n<style type=\"text\/css\" data-created_by=\"avia_inline_auto\" id=\"style-css-av-mgj17hcr-46b9ce3f7922b2ffc9b9b8af3d880804\">\n#top .av_textblock_section.av-mgj17hcr-46b9ce3f7922b2ffc9b9b8af3d880804 .avia_textblock{\nfont-size:14px;\n}\n<\/style>\n<section  class='av_textblock_section av-mgj17hcr-46b9ce3f7922b2ffc9b9b8af3d880804 '   itemscope=\"itemscope\" itemtype=\"https:\/\/schema.org\/CreativeWork\" ><div class='avia_textblock'  itemprop=\"text\" ><p><strong>Polimer em\u00fclsiyon esasl\u0131, su itici, kullan\u0131ma haz\u0131r, asit ve alkaliye kar\u015f\u0131 dayan\u0131kl\u0131 1-6 mm derz aral\u0131\u011f\u0131 i\u00e7in uygun, \u00e7ok esnek derz dolgu malzemesidir.<\/strong><\/p>\n<\/div><\/section><\/p><\/div>\n<div  class='flex_column av-4his7y-11a6d600648d9a60bf6f55f357dbffba av_two_third  avia-builder-el-5  el_after_av_one_half  el_before_av_one_third  first flex_column_div  column-top-margin'     ><section  class='av_textblock_section av-mgj1819b-9e1b819274e3b800cc5b98c8322f719b '   itemscope=\"itemscope\" itemtype=\"https:\/\/schema.org\/CreativeWork\" ><div class='avia_textblock'  itemprop=\"text\" ><h4>\u00a0 \u00a0 \u00dcR\u00dcN AVANTAJLARI<\/h4>\n<\/div><\/section><br \/>\n\n<style type=\"text\/css\" data-created_by=\"avia_inline_auto\" id=\"style-css-av-mgj18da2-b3df2b91a1e1aa4f1345224c6b24e545\">\n#top .av_textblock_section.av-mgj18da2-b3df2b91a1e1aa4f1345224c6b24e545 .avia_textblock{\nfont-size:14px;\n}\n<\/style>\n<section  class='av_textblock_section av-mgj18da2-b3df2b91a1e1aa4f1345224c6b24e545 '   itemscope=\"itemscope\" itemtype=\"https:\/\/schema.org\/CreativeWork\" ><div class='avia_textblock'  itemprop=\"text\" ><ul>\n<li>Y\u00fcksek esnekli\u011fi sayesinde titre\u015fim ve esnemeleri tolere eder; karavan, tekne gibi ta\u015f\u0131nabilir ve hareketli yap\u0131larda g\u00fcvenle kullan\u0131l\u0131r.<\/li>\n<li>Polimer em\u00fclsiyon i\u00e7eri\u011fi, renklerin daha canl\u0131 olmas\u0131n\u0131 sa\u011flar.<\/li>\n<li>Y\u00fcksek UV dayan\u0131m\u0131na sahiptir.<\/li>\n<li>Kir tutmaz, kolay temizlenir.<\/li>\n<li>Antibakteriyel katk\u0131 sayesinde, uygulama sonras\u0131nda, malzeme y\u00fczeyinde bakteri, k\u00fcf, mantar ve yosun olu\u015fumuna kar\u015f\u0131 diren\u00e7 g\u00f6sterir ve uzun \u00f6m\u00fcrl\u00fc koruma sa\u011flar.<\/li>\n<li>Kimyasallara kar\u015f\u0131 y\u00fcksek dayan\u0131ma sahiptir.<\/li>\n<li>Y\u00fcksek performansl\u0131d\u0131r, b\u00fcz\u00fclme ve \u00e7atlama yapmadan k\u00fcrlenir.<\/li>\n<li>\u0130\u00e7erdi\u011fi \u00f6zel katk\u0131lar sayesinde azalt\u0131lm\u0131\u015f su emme ve y\u00fcksek a\u015f\u0131nma dayan\u0131m\u0131 sa\u011flar.<\/li>\n<li>Suya, dona ve y\u00fcksek \u0131s\u0131ya kar\u015f\u0131 dayan\u0131kl\u0131d\u0131r.<\/li>\n<li>Solvent i\u00e7ermez, \u00e7evre dostudur.<\/li>\n<\/ul>\n<\/div><\/section><\/p><\/div>\n<div  class='flex_column av-35n3r2-0b83e22f5939c3d852e96b1b4b19796c av_one_third  avia-builder-el-8  el_after_av_two_third  el_before_av_toggle_container  flex_column_div  column-top-margin'     ><section  class='av_textblock_section av-mgj18lug-2b2a80b4733f4ef63b74ec31c658a49f '   itemscope=\"itemscope\" itemtype=\"https:\/\/schema.org\/CreativeWork\" ><div class='avia_textblock'  itemprop=\"text\" ><h4>TEKN\u0130K BELGELER<\/h4>\n<\/div><\/section><br \/>\n<section  class='av_textblock_section av-mgj18se1-24fa9eff9b682a550b9325746c77baa0 '   itemscope=\"itemscope\" itemtype=\"https:\/\/schema.org\/CreativeWork\" ><div class='avia_textblock'  itemprop=\"text\" ><p><a href=\"https:\/\/www.kyk.com.tr\/wp-content\/uploads\/2026\/04\/d201_tds.pdf\" target=\"_blank\" rel=\"noopener\"><img loading=\"lazy\" decoding=\"async\" class=\"alignnone wp-image-8657 size-full\" src=\"https:\/\/www.kyk.com.tr\/wp-content\/uploads\/2025\/10\/TDS_1.jpg\" alt=\"\" width=\"410\" height=\"41\" srcset=\"https:\/\/www.kyk.com.tr\/wp-content\/uploads\/2025\/10\/TDS_1.jpg 410w, https:\/\/www.kyk.com.tr\/wp-content\/uploads\/2025\/10\/TDS_1-300x30.jpg 300w\" sizes=\"auto, (max-width: 410px) 100vw, 410px\" \/><\/a><br \/>\n<a href=\"https:\/\/www.kyk.com.tr\/wp-content\/uploads\/2025\/03\/d201_msds.pdf\" target=\"_blank\" rel=\"noopener\"><img loading=\"lazy\" decoding=\"async\" class=\"alignnone size-full wp-image-8656\" src=\"https:\/\/www.kyk.com.tr\/wp-content\/uploads\/2025\/10\/MSDS_1.jpg\" alt=\"\" width=\"410\" height=\"41\" srcset=\"https:\/\/www.kyk.com.tr\/wp-content\/uploads\/2025\/10\/MSDS_1.jpg 410w, https:\/\/www.kyk.com.tr\/wp-content\/uploads\/2025\/10\/MSDS_1-300x30.jpg 300w\" sizes=\"auto, (max-width: 410px) 100vw, 410px\" \/><\/a><\/p>\n<\/div><\/section><br \/>\n<section  class='av_textblock_section av-mh1zusld-be7cbd6cd2da2a58a6c3ad68c7916be5 '   itemscope=\"itemscope\" itemtype=\"https:\/\/schema.org\/CreativeWork\" ><div class='avia_textblock'  itemprop=\"text\" ><h4>T\u00dcKET\u0130M HESAPLAMA<\/h4>\n<\/div><\/section><br \/>\n<section  class='av_textblock_section av-mh1zvept-d13d108a839af4c2196ac37cb03e90fa '   itemscope=\"itemscope\" itemtype=\"https:\/\/schema.org\/CreativeWork\" ><div class='avia_textblock'  itemprop=\"text\" ><p><button class=\"popmake-8079\" style=\"width: 100%;height: 44px;margin-left: 0px;font-weight: bold;color: #003e73\" type=\"button\">MegaFuga Flex D201 T\u00fcketim Hesaplama<\/button><\/p>\n<\/div><\/section><\/p><\/div>\n\n<style type=\"text\/css\" data-created_by=\"avia_inline_auto\" id=\"style-css-av-mgj1c902-c0dc4bae87c1388d876836aab67df60c\">\n#top .togglecontainer.av-mgj1c902-c0dc4bae87c1388d876836aab67df60c h6.toggler{\nfont-size:17px;\ncolor:#003e73;\n}\n#top .togglecontainer.av-mgj1c902-c0dc4bae87c1388d876836aab67df60c h6.toggler .toggle_icon{\ncolor:#003e73;\nborder-color:#003e73;\n}\n#top .togglecontainer.av-mgj1c902-c0dc4bae87c1388d876836aab67df60c h6.toggler .toggle_icon > span{\ncolor:#003e73;\nborder-color:#003e73;\n}\n#top .togglecontainer.av-mgj1c902-c0dc4bae87c1388d876836aab67df60c .toggle_wrap .toggle_content{\nfont-size:14px;\ncolor:#003e73;\n}\n<\/style>\n<div  class='togglecontainer av-mgj1c902-c0dc4bae87c1388d876836aab67df60c av-minimal-toggle  avia-builder-el-13  el_after_av_one_third  avia-builder-el-last  toggle_close_all' >\n<section class='av_toggle_section av-mgj1972g-a36198f85dbfcd481998e9bbb65eacf7'  itemscope=\"itemscope\" itemtype=\"https:\/\/schema.org\/CreativeWork\" ><div role=\"tablist\" class=\"single_toggle\" data-tags=\"{T\u00fcm\u00fc} \"  ><h6 id='toggle-toggle-id-1' data-fake-id='#toggle-id-1' class='toggler  av-title-above '  itemprop=\"headline\"  role='tab' tabindex='0' aria-controls='toggle-id-1' data-slide-speed=\"200\" data-title=\"KULLANIM ALANLARI\" data-title-open=\"\" data-aria_collapsed=\"Click to expand: KULLANIM ALANLARI\" data-aria_expanded=\"Click to collapse: KULLANIM ALANLARI\">KULLANIM ALANLARI<span class=\"toggle_icon\"><span class=\"vert_icon\"><\/span><span class=\"hor_icon\"><\/span><\/span><\/h6><div id='toggle-id-1' aria-labelledby='toggle-toggle-id-1' role='region' class='toggle_wrap  av-title-above'  ><div class='toggle_content invers-color '  itemprop=\"text\" ><p><strong>MegaFuga Flex D201<\/strong>; aralar\u0131nda 1-6 mm derz bo\u015flu\u011fu bulunan antiasit seramik, end\u00fcstriyel seramik, granit, cam mozaik, cam tu\u011fla ve mermer gibi kaplama malzemelerinin kullan\u0131ld\u0131\u011f\u0131 y\u00fczeylerde, havuzlarda, kimyasal diren\u00e7, ge\u00e7irimsizlik ve y\u00fcksek esneklik gereken yerlerde, \u0131s\u0131 de\u011fi\u015fimlerinin fazla oldu\u011fu yerden \u0131s\u0131tmal\u0131 sistemlerin bulundu\u011fu zeminlerde, mod\u00fcler-hareketli yap\u0131 elemanlar\u0131nda, \u00f6zellikle, betopan, al\u00e7\u0131pan, fiberpanel gibi kaplama malzemeleri ile olu\u015fturulan alanlarda uygulanan kaplama malzemelerinin ek ve k\u00f6\u015fe birle\u015fimlerinde olu\u015fan deplasmanlar\u0131 s\u00f6n\u00fcmleyecek esnek derz dolgudur. \u0130\u00e7 ve d\u0131\u015f mekanlarda yatay ve d\u00fc\u015fey derz bo\u015fluklar\u0131nda kullan\u0131ma uygundur.<\/p>\n<\/div><\/div><\/div><\/section>\n<section class='av_toggle_section av-mgj1acob-082006888ce3d762c9e6f783b27d6431'  itemscope=\"itemscope\" itemtype=\"https:\/\/schema.org\/CreativeWork\" ><div role=\"tablist\" class=\"single_toggle\" data-tags=\"{T\u00fcm\u00fc} \"  ><h6 id='toggle-toggle-id-2' data-fake-id='#toggle-id-2' class='toggler  av-title-above '  itemprop=\"headline\"  role='tab' tabindex='0' aria-controls='toggle-id-2' data-slide-speed=\"200\" data-title=\"PERFORMANS B\u0130LG\u0130LER\u0130\" data-title-open=\"\" data-aria_collapsed=\"Click to expand: PERFORMANS B\u0130LG\u0130LER\u0130\" data-aria_expanded=\"Click to collapse: PERFORMANS B\u0130LG\u0130LER\u0130\">PERFORMANS B\u0130LG\u0130LER\u0130<span class=\"toggle_icon\"><span class=\"vert_icon\"><\/span><span class=\"hor_icon\"><\/span><\/span><\/h6><div id='toggle-id-2' aria-labelledby='toggle-toggle-id-2' role='region' class='toggle_wrap  av-title-above'  ><div class='toggle_content invers-color '  itemprop=\"text\" ><table width=\"662\">\n<tbody>\n<tr>\n<td width=\"375\"><strong>Y\u00fcksek a\u015f\u0131nma direnci<\/strong><\/td>\n<td width=\"137\"><strong>\u2264 1000 mm<sup>3<\/sup><\/strong><\/td>\n<td width=\"149\"><strong>TS EN 12808 &#8211; 2<\/strong><\/td>\n<\/tr>\n<tr>\n<td width=\"375\"><strong>Esneklik<\/strong><\/td>\n<td width=\"137\"><strong>\u00c7ok Esnek<\/strong><\/td>\n<td width=\"149\"><\/td>\n<\/tr>\n<tr>\n<td width=\"375\"><strong>Sertlik<\/strong><\/td>\n<td width=\"137\"><strong>~ 50<\/strong><\/td>\n<td width=\"149\"><strong>SHORE D<\/strong><\/td>\n<\/tr>\n<tr>\n<td width=\"375\"><strong>Azalt\u0131lm\u0131\u015f su emme, 30 dk. sonunda<\/strong><\/td>\n<td width=\"137\"><strong>\u2264 2 gr<\/strong><\/td>\n<td width=\"149\"><strong>TS EN 12808 &#8211; 5<\/strong><\/td>\n<\/tr>\n<tr>\n<td width=\"375\"><strong>Azalt\u0131lm\u0131\u015f su emme, 240 dk. sonunda<\/strong><\/td>\n<td width=\"137\"><strong>\u2264 5 gr<\/strong><\/td>\n<td width=\"149\"><strong>TS EN 12808 &#8211; 5<\/strong><\/td>\n<\/tr>\n<\/tbody>\n<\/table>\n<p>Bu de\u011ferler laboratuvar \u015fartlar\u0131nda; 23 \u00b1 2\u00b0C ve %50 \u00b1 5 ba\u011f\u0131l nem ortam\u0131nda yap\u0131lan deneyler sonucunda elde edilmi\u015ftir. Tabloda verilen de\u011ferler y\u00fczey ve ortam ko\u015fullar\u0131na g\u00f6re farkl\u0131l\u0131k g\u00f6sterebilir.<\/p>\n<\/div><\/div><\/div><\/section>\n<section class='av_toggle_section av-mgj1aik2-3c32a47e2aa0c63d6cf7e2e96b7a8b7c'  itemscope=\"itemscope\" itemtype=\"https:\/\/schema.org\/CreativeWork\" ><div role=\"tablist\" class=\"single_toggle\" data-tags=\"{T\u00fcm\u00fc} \"  ><h6 id='toggle-toggle-id-3' data-fake-id='#toggle-id-3' class='toggler  av-title-above '  itemprop=\"headline\"  role='tab' tabindex='0' aria-controls='toggle-id-3' data-slide-speed=\"200\" data-title=\"UYGULAMA SINIRLARI\" data-title-open=\"\" data-aria_collapsed=\"Click to expand: UYGULAMA SINIRLARI\" data-aria_expanded=\"Click to collapse: UYGULAMA SINIRLARI\">UYGULAMA SINIRLARI<span class=\"toggle_icon\"><span class=\"vert_icon\"><\/span><span class=\"hor_icon\"><\/span><\/span><\/h6><div id='toggle-id-3' aria-labelledby='toggle-toggle-id-3' role='region' class='toggle_wrap  av-title-above'  ><div class='toggle_content invers-color '  itemprop=\"text\" ><table width=\"510\">\n<tbody>\n<tr>\n<td width=\"350\"><strong>A\u00c7IKLAMA<\/strong><\/td>\n<td width=\"161\"><strong>S\u00dcRE<\/strong><\/td>\n<\/tr>\n<tr>\n<td width=\"350\"><strong>Kuruma s\u00fcresi<\/strong><\/td>\n<td width=\"161\"><strong>Minimum 3 saat<\/strong><\/td>\n<\/tr>\n<tr>\n<td width=\"350\"><strong>Trafi\u011fe a\u00e7\u0131lma s\u00fcresi<\/strong><\/td>\n<td width=\"161\"><strong>24- 48 saat<\/strong><\/td>\n<\/tr>\n<tr>\n<td width=\"350\"><strong>Nihai dayan\u0131m\u00a0<\/strong><\/td>\n<td width=\"161\"><strong>7 g\u00fcn<\/strong><\/td>\n<\/tr>\n<\/tbody>\n<\/table>\n<p>Bu de\u011ferler laboratuvar \u015fartlar\u0131nda; 23 \u00b1 2\u00b0C ve %50 \u00b1 5 ba\u011f\u0131l nem ortam\u0131nda yap\u0131lan deneyler sonucunda elde edilmi\u015ftir. Tabloda verilen de\u011ferler y\u00fczey ve ortam ko\u015fullar\u0131na g\u00f6re farkl\u0131l\u0131k g\u00f6sterebilir.<\/p>\n<\/div><\/div><\/div><\/section>\n<section class='av_toggle_section av-mgj1b8il-d0112bba8ba898a64d962fc4bb21d0c5'  itemscope=\"itemscope\" itemtype=\"https:\/\/schema.org\/CreativeWork\" ><div role=\"tablist\" class=\"single_toggle\" data-tags=\"{T\u00fcm\u00fc} \"  ><h6 id='toggle-toggle-id-4' data-fake-id='#toggle-id-4' class='toggler  av-title-above '  itemprop=\"headline\"  role='tab' tabindex='0' aria-controls='toggle-id-4' data-slide-speed=\"200\" data-title=\"REFERANS STANDARTLARI\" data-title-open=\"\" data-aria_collapsed=\"Click to expand: REFERANS STANDARTLARI\" data-aria_expanded=\"Click to collapse: REFERANS STANDARTLARI\">REFERANS STANDARTLARI<span class=\"toggle_icon\"><span class=\"vert_icon\"><\/span><span class=\"hor_icon\"><\/span><\/span><\/h6><div id='toggle-id-4' aria-labelledby='toggle-toggle-id-4' role='region' class='toggle_wrap  av-title-above'  ><div class='toggle_content invers-color '  itemprop=\"text\" ><p><strong>Bay\u0131nd\u0131rl\u0131k Bak. Poz No.:<\/strong><br \/>\nBay\u0131nd\u0131rl\u0131k Bak. Poz No.: 10.300.2232<\/p>\n<\/div><\/div><\/div><\/section>\n<\/div>\n","protected":false},"excerpt":{"rendered":"","protected":false},"featured_media":4559,"comment_status":"closed","ping_status":"closed","template":"","meta":{"_acf_changed":false},"product_brand":[],"product_cat":[59],"product_tag":[],"class_list":{"0":"post-4558","1":"product","2":"type-product","3":"status-publish","4":"has-post-thumbnail","6":"product_cat-derz_dolgular","8":"first","9":"instock","10":"shipping-taxable","11":"product-type-simple"},"acf":[],"_links":{"self":[{"href":"https:\/\/www.kyk.com.tr\/index.php?rest_route=\/wp\/v2\/product\/4558","targetHints":{"allow":["GET"]}}],"collection":[{"href":"https:\/\/www.kyk.com.tr\/index.php?rest_route=\/wp\/v2\/product"}],"about":[{"href":"https:\/\/www.kyk.com.tr\/index.php?rest_route=\/wp\/v2\/types\/product"}],"replies":[{"embeddable":true,"href":"https:\/\/www.kyk.com.tr\/index.php?rest_route=%2Fwp%2Fv2%2Fcomments&post=4558"}],"wp:featuredmedia":[{"embeddable":true,"href":"https:\/\/www.kyk.com.tr\/index.php?rest_route=\/wp\/v2\/media\/4559"}],"wp:attachment":[{"href":"https:\/\/www.kyk.com.tr\/index.php?rest_route=%2Fwp%2Fv2%2Fmedia&parent=4558"}],"wp:term":[{"taxonomy":"product_brand","embeddable":true,"href":"https:\/\/www.kyk.com.tr\/index.php?rest_route=%2Fwp%2Fv2%2Fproduct_brand&post=4558"},{"taxonomy":"product_cat","embeddable":true,"href":"https:\/\/www.kyk.com.tr\/index.php?rest_route=%2Fwp%2Fv2%2Fproduct_cat&post=4558"},{"taxonomy":"product_tag","embeddable":true,"href":"https:\/\/www.kyk.com.tr\/index.php?rest_route=%2Fwp%2Fv2%2Fproduct_tag&post=4558"}],"curies":[{"name":"wp","href":"https:\/\/api.w.org\/{rel}","templated":true}]}}