{"id":4652,"date":"2025-05-07T17:56:34","date_gmt":"2025-05-07T17:56:34","guid":{"rendered":"https:\/\/www.kyk.center\/?post_type=product&#038;p=4652"},"modified":"2026-04-27T11:42:53","modified_gmt":"2026-04-27T11:42:53","slug":"megaizo-lastik-11-s104","status":"publish","type":"product","link":"https:\/\/www.kyk.com.tr\/?product=megaizo-lastik-11-s104","title":{"rendered":"Mega\u0130zo Lastik 11 S104"},"content":{"rendered":"<div  class='flex_column av-7fhijg-93dbb1eaeccd779117756adf0e55a508 av_one_third  avia-builder-el-0  el_before_av_one_half  avia-builder-el-first  first flex_column_div  '     ><style type=\"text\/css\" data-created_by=\"avia_inline_auto\" id=\"style-css-av-mgj32lwz-fd7b7f9004520671be347e4f9397a5d0\">\n.avia-image-container.av-mgj32lwz-fd7b7f9004520671be347e4f9397a5d0 img.avia_image{\nbox-shadow:none;\n}\n.avia-image-container.av-mgj32lwz-fd7b7f9004520671be347e4f9397a5d0 .av-image-caption-overlay-center{\ncolor:#ffffff;\n}\n<\/style>\n<div  class='avia-image-container av-mgj32lwz-fd7b7f9004520671be347e4f9397a5d0 av-styling- avia-align-center  avia-builder-el-1  avia-builder-el-no-sibling '   itemprop=\"image\" itemscope=\"itemscope\" itemtype=\"https:\/\/schema.org\/ImageObject\" ><div class=\"avia-image-container-inner\"><div class=\"avia-image-overlay-wrap\"><img decoding=\"async\" fetchpriority=\"high\" class='wp-image-4653 avia-img-lazy-loading-not-4653 avia_image ' src=\"https:\/\/www.kyk.com.tr\/wp-content\/uploads\/2025\/05\/s104.png\" alt='' title='Mega\u0130zo Lastik 11 S104'  height=\"320\" width=\"320\"  itemprop=\"thumbnailUrl\" srcset=\"https:\/\/www.kyk.com.tr\/wp-content\/uploads\/2025\/05\/s104.png 320w, https:\/\/www.kyk.com.tr\/wp-content\/uploads\/2025\/05\/s104-300x300.png 300w, https:\/\/www.kyk.com.tr\/wp-content\/uploads\/2025\/05\/s104-100x100.png 100w, https:\/\/www.kyk.com.tr\/wp-content\/uploads\/2025\/05\/s104-80x80.png 80w, https:\/\/www.kyk.com.tr\/wp-content\/uploads\/2025\/05\/s104-36x36.png 36w, https:\/\/www.kyk.com.tr\/wp-content\/uploads\/2025\/05\/s104-180x180.png 180w, https:\/\/www.kyk.com.tr\/wp-content\/uploads\/2025\/05\/s104-120x120.png 120w, https:\/\/www.kyk.com.tr\/wp-content\/uploads\/2025\/05\/s104-96x96.png 96w\" sizes=\"(max-width: 320px) 100vw, 320px\" \/><\/div><\/div><\/div><\/div>\n<div  class='flex_column av-62qr8s-8bc3363ec829ffb3e235ec157653af70 av_one_half  avia-builder-el-2  el_after_av_one_third  el_before_av_two_third  flex_column_div  '     ><section  class='av_textblock_section av-mgj32twd-5f94b9eb2decc0ed04957d396950a773 '   itemscope=\"itemscope\" itemtype=\"https:\/\/schema.org\/CreativeWork\" ><div class='avia_textblock'  itemprop=\"text\" ><h1>Mega\u0130zo Lastik 11 S104<\/h1>\n<\/div><\/section><br \/>\n\n<style type=\"text\/css\" data-created_by=\"avia_inline_auto\" id=\"style-css-av-mgj33735-24fd2ad31a71e60d2b366eaa6d5a95ae\">\n#top .av_textblock_section.av-mgj33735-24fd2ad31a71e60d2b366eaa6d5a95ae .avia_textblock{\nfont-size:14px;\n}\n<\/style>\n<section  class='av_textblock_section av-mgj33735-24fd2ad31a71e60d2b366eaa6d5a95ae '   itemscope=\"itemscope\" itemtype=\"https:\/\/schema.org\/CreativeWork\" ><div class='avia_textblock'  itemprop=\"text\" ><p><strong>\u00c7imento esasl\u0131 toz bile\u015fen ve polimer em\u00fclsiyon esasl\u0131 s\u0131v\u0131 bile\u015fenden olu\u015fan, son kat kaplama malzemesinden \u00f6nce veya son kat olarak uygulanabilen, nemli y\u00fczeylerde kullan\u0131ma uygun, klor, s\u00fclfat, toprak kimyasallar\u0131 ve deniz suyuna kar\u015f\u0131 diren\u00e7li, y\u00fcksek elastik <span style=\"color: #ff9900\">CM O2 P<\/span> s\u0131n\u0131f\u0131 su yal\u0131t\u0131m malzemesidir.<\/strong><\/p>\n<p><img loading=\"lazy\" decoding=\"async\" class=\"alignnone size-thumbnail wp-image-9569\" src=\"https:\/\/www.kyk.com.tr\/wp-content\/uploads\/2025\/11\/CMO2P-80x80.png\" alt=\"\" width=\"80\" height=\"80\" srcset=\"https:\/\/www.kyk.com.tr\/wp-content\/uploads\/2025\/11\/CMO2P-80x80.png 80w, https:\/\/www.kyk.com.tr\/wp-content\/uploads\/2025\/11\/CMO2P-300x300.png 300w, https:\/\/www.kyk.com.tr\/wp-content\/uploads\/2025\/11\/CMO2P-36x36.png 36w, https:\/\/www.kyk.com.tr\/wp-content\/uploads\/2025\/11\/CMO2P-180x180.png 180w, https:\/\/www.kyk.com.tr\/wp-content\/uploads\/2025\/11\/CMO2P-120x120.png 120w, https:\/\/www.kyk.com.tr\/wp-content\/uploads\/2025\/11\/CMO2P-450x450.png 450w, https:\/\/www.kyk.com.tr\/wp-content\/uploads\/2025\/11\/CMO2P-100x100.png 100w, https:\/\/www.kyk.com.tr\/wp-content\/uploads\/2025\/11\/CMO2P-96x96.png 96w, https:\/\/www.kyk.com.tr\/wp-content\/uploads\/2025\/11\/CMO2P.png 500w\" sizes=\"auto, (max-width: 80px) 100vw, 80px\" \/><\/p>\n<\/div><\/section><\/p><\/div>\n<div  class='flex_column av-4x6hi4-c9f2e287e054afbdd7250bc743b5decf av_two_third  avia-builder-el-5  el_after_av_one_half  el_before_av_one_third  first flex_column_div  column-top-margin'     ><section  class='av_textblock_section av-mgj33qsg-83d3b19f360115facb0e952cc480b93e '   itemscope=\"itemscope\" itemtype=\"https:\/\/schema.org\/CreativeWork\" ><div class='avia_textblock'  itemprop=\"text\" ><h4>\u00a0 \u00a0 \u00dcR\u00dcN AVANTAJLARI<\/h4>\n<\/div><\/section><br \/>\n\n<style type=\"text\/css\" data-created_by=\"avia_inline_auto\" id=\"style-css-av-mgj34v94-fff4ebc500d13769dc8787a483415964\">\n#top .av_textblock_section.av-mgj34v94-fff4ebc500d13769dc8787a483415964 .avia_textblock{\nfont-size:14px;\n}\n<\/style>\n<section  class='av_textblock_section av-mgj34v94-fff4ebc500d13769dc8787a483415964 '   itemscope=\"itemscope\" itemtype=\"https:\/\/schema.org\/CreativeWork\" ><div class='avia_textblock'  itemprop=\"text\" ><ul>\n<li>S\u00fcrekli su ile temas\u0131 uygundur.<\/li>\n<li>Nemli beton y\u00fczeylerde kullan\u0131m i\u00e7in uygundur.<\/li>\n<li>Klor, s\u00fclfat, toprak kimyasallar\u0131 ve deniz suyuna kar\u015f\u0131 diren\u00e7lidir.<\/li>\n<li>2 mm kuru film kal\u0131nl\u0131\u011f\u0131nda 3 mm&#8217;ye kadar \u00e7atlak k\u00f6pr\u00fcleme \u00f6zelli\u011fine sahiptir.<\/li>\n<li>Y\u00fcksek elastiktir.<\/li>\n<li>Lokal onar\u0131m\u0131 h\u0131zl\u0131 ve kolayd\u0131r.<\/li>\n<li>Uyguland\u0131\u011f\u0131 y\u00fczeylerde eksiz bir yal\u0131t\u0131m sa\u011flar.<\/li>\n<li>Y\u00fcksek yap\u0131\u015fma g\u00fcc\u00fcne sahiptir.<\/li>\n<li>Kolay haz\u0131rlan\u0131r ve uygulan\u0131r.<\/li>\n<li>Solvent i\u00e7ermez, \u00e7evre dostudur.<\/li>\n<\/ul>\n<\/div><\/section><\/p><\/div>\n<div  class='flex_column av-2n8lik-179f906e6a1cde4802fbe669b6951454 av_one_third  avia-builder-el-8  el_after_av_two_third  el_before_av_toggle_container  flex_column_div  column-top-margin'     ><section  class='av_textblock_section av-mgj354nb-1c9278120ded8bb1a0d4a43c735ce0a5 '   itemscope=\"itemscope\" itemtype=\"https:\/\/schema.org\/CreativeWork\" ><div class='avia_textblock'  itemprop=\"text\" ><h4>TEKN\u0130K BELGELER<\/h4>\n<\/div><\/section><br \/>\n<section  class='av_textblock_section av-mgj35axw-77ae4077e8ef2489c20689616a510fc8 '   itemscope=\"itemscope\" itemtype=\"https:\/\/schema.org\/CreativeWork\" ><div class='avia_textblock'  itemprop=\"text\" ><p><a href=\"https:\/\/www.kyk.com.tr\/wp-content\/uploads\/2026\/04\/s104_tds.pdf\" target=\"_blank\" rel=\"noopener\"><img loading=\"lazy\" decoding=\"async\" class=\"alignnone wp-image-8657 size-full\" src=\"https:\/\/www.kyk.com.tr\/wp-content\/uploads\/2025\/10\/TDS_1.jpg\" alt=\"\" width=\"410\" height=\"41\" srcset=\"https:\/\/www.kyk.com.tr\/wp-content\/uploads\/2025\/10\/TDS_1.jpg 410w, https:\/\/www.kyk.com.tr\/wp-content\/uploads\/2025\/10\/TDS_1-300x30.jpg 300w\" sizes=\"auto, (max-width: 410px) 100vw, 410px\" \/><\/a><br \/>\n<a href=\"https:\/\/www.kyk.com.tr\/wp-content\/uploads\/2025\/10\/s104_msds.pdf\" target=\"_blank\" rel=\"noopener\"><img loading=\"lazy\" decoding=\"async\" class=\"alignnone size-full wp-image-8656\" src=\"https:\/\/www.kyk.com.tr\/wp-content\/uploads\/2025\/10\/MSDS_1.jpg\" alt=\"\" width=\"410\" height=\"41\" srcset=\"https:\/\/www.kyk.com.tr\/wp-content\/uploads\/2025\/10\/MSDS_1.jpg 410w, https:\/\/www.kyk.com.tr\/wp-content\/uploads\/2025\/10\/MSDS_1-300x30.jpg 300w\" sizes=\"auto, (max-width: 410px) 100vw, 410px\" \/><\/a><br \/>\n<a href=\"https:\/\/www.kyk.com.tr\/?sdm_process_download=1&amp;download_id=9304\" target=\"_blank\" rel=\"noopener\"><img loading=\"lazy\" decoding=\"async\" class=\"alignnone wp-image-8657 size-full\" src=\"https:\/\/www.kyk.com.tr\/wp-content\/uploads\/2025\/10\/TSE.jpg\" alt=\"\" width=\"410\" height=\"41\" \/><\/a><br \/>\n<a href=\"https:\/\/www.kyk.com.tr\/?sdm_process_download=1&amp;download_id=9306\" target=\"_blank\" rel=\"noopener\"><img loading=\"lazy\" decoding=\"async\" class=\"alignnone size-full wp-image-8656\" src=\"https:\/\/www.kyk.com.tr\/wp-content\/uploads\/2025\/10\/CE.jpg\" alt=\"\" width=\"410\" height=\"41\" \/><\/a><\/p>\n<\/div><\/section><\/p><\/div>\n<style type=\"text\/css\" data-created_by=\"avia_inline_auto\" id=\"style-css-av-mgj384mo-7b92a98065a66b236b31e1c9108ab28e\">\n#top .togglecontainer.av-mgj384mo-7b92a98065a66b236b31e1c9108ab28e h6.toggler{\nfont-size:17px;\ncolor:#003e73;\n}\n#top .togglecontainer.av-mgj384mo-7b92a98065a66b236b31e1c9108ab28e h6.toggler .toggle_icon{\ncolor:#003e73;\nborder-color:#003e73;\n}\n#top .togglecontainer.av-mgj384mo-7b92a98065a66b236b31e1c9108ab28e h6.toggler .toggle_icon > span{\ncolor:#003e73;\nborder-color:#003e73;\n}\n#top .togglecontainer.av-mgj384mo-7b92a98065a66b236b31e1c9108ab28e .toggle_wrap .toggle_content{\nfont-size:14px;\ncolor:#003e73;\n}\n<\/style>\n<div  class='togglecontainer av-mgj384mo-7b92a98065a66b236b31e1c9108ab28e av-minimal-toggle  avia-builder-el-11  el_after_av_one_third  avia-builder-el-last  toggle_close_all' >\n<section class='av_toggle_section av-mgj35ote-403b5ccc8940b13657121b14e23dae79'  itemscope=\"itemscope\" itemtype=\"https:\/\/schema.org\/CreativeWork\" ><div role=\"tablist\" class=\"single_toggle\" data-tags=\"{T\u00fcm\u00fc} \"  ><h6 id='toggle-toggle-id-1' data-fake-id='#toggle-id-1' class='toggler  av-title-above '  itemprop=\"headline\"  role='tab' tabindex='0' aria-controls='toggle-id-1' data-slide-speed=\"200\" data-title=\"KULLANIM ALANLARI\" data-title-open=\"\" data-aria_collapsed=\"Click to expand: KULLANIM ALANLARI\" data-aria_expanded=\"Click to collapse: KULLANIM ALANLARI\">KULLANIM ALANLARI<span class=\"toggle_icon\"><span class=\"vert_icon\"><\/span><span class=\"hor_icon\"><\/span><\/span><\/h6><div id='toggle-id-1' aria-labelledby='toggle-toggle-id-1' role='region' class='toggle_wrap  av-title-above'  ><div class='toggle_content invers-color '  itemprop=\"text\" ><p><strong>Mega\u0130zo Lastik 11 S104<\/strong>; banyo, mutfak, balkon gibi \u0131slak hacimlerde, teraslarda, havuzlarda, su depolar\u0131nda, at\u0131k su ar\u0131tma tesislerinde, y\u00fczeyin nemli oldu\u011fu durumlarda son kat kaplama malzemelerinden \u00f6nce veya son kat olarak uygulan\u0131r. \u0130\u00e7 mekanlarda son kat ve kaplama alt\u0131 olarak, d\u0131\u015f mekanlarda ise yaln\u0131zca kaplama alt\u0131 olarak, yatay ve d\u00fc\u015fey y\u00fczeylerde kullan\u0131l\u0131r.<\/p>\n<\/div><\/div><\/div><\/section>\n<section class='av_toggle_section av-mgj36b1a-c914602f2c735d7ff303801d66817f96'  itemscope=\"itemscope\" itemtype=\"https:\/\/schema.org\/CreativeWork\" ><div role=\"tablist\" class=\"single_toggle\" data-tags=\"{T\u00fcm\u00fc} \"  ><h6 id='toggle-toggle-id-2' data-fake-id='#toggle-id-2' class='toggler  av-title-above '  itemprop=\"headline\"  role='tab' tabindex='0' aria-controls='toggle-id-2' data-slide-speed=\"200\" data-title=\"PERFORMANS B\u0130LG\u0130LER\u0130\" data-title-open=\"\" data-aria_collapsed=\"Click to expand: PERFORMANS B\u0130LG\u0130LER\u0130\" data-aria_expanded=\"Click to collapse: PERFORMANS B\u0130LG\u0130LER\u0130\">PERFORMANS B\u0130LG\u0130LER\u0130<span class=\"toggle_icon\"><span class=\"vert_icon\"><\/span><span class=\"hor_icon\"><\/span><\/span><\/h6><div id='toggle-id-2' aria-labelledby='toggle-toggle-id-2' role='region' class='toggle_wrap  av-title-above'  ><div class='toggle_content invers-color '  itemprop=\"text\" ><table>\n<tbody>\n<tr>\n<td width=\"284\"><strong>TEST<\/strong><\/td>\n<td width=\"208\"><strong>DE\u011eER<\/strong><\/td>\n<td width=\"151\"><strong>STANDART<\/strong><\/td>\n<\/tr>\n<tr>\n<td width=\"284\"><strong>Ba\u015flang\u0131\u00e7 yap\u0131\u015fma mukavemeti<\/strong><\/td>\n<td width=\"208\"><strong>\u2265 0,5 N\/mm\u00b2<\/strong><\/td>\n<td width=\"151\"><strong>TS EN 14891 : A.6.2<\/strong><\/td>\n<\/tr>\n<tr>\n<td width=\"284\"><strong>Su ile temastan sonra yap\u0131\u015fma mukavemeti<\/strong><\/td>\n<td width=\"208\"><strong>\u2265 0,5 N\/mm\u00b2<\/strong><\/td>\n<td width=\"151\"><strong>TS EN 14891 : A.6.3<\/strong><\/td>\n<\/tr>\n<tr>\n<td width=\"284\"><strong>Is\u0131l ya\u015fland\u0131rma sonras\u0131 yap\u0131\u015fma mukavemeti<\/strong><\/td>\n<td width=\"208\"><strong>\u2265 0,5 N\/mm\u00b2<\/strong><\/td>\n<td width=\"151\"><strong>TS EN 14891 : A.6.5<\/strong><\/td>\n<\/tr>\n<tr>\n<td width=\"284\"><strong>Donma &#8211; \u00c7\u00f6z\u00fcnme \u00e7evriminden sonra yap\u0131\u015fma mukavemeti<\/strong><\/td>\n<td width=\"208\"><strong>\u2265 0,5 N\/mm\u00b2<\/strong><\/td>\n<td width=\"151\"><strong>TS EN 14891 : A.6.6<\/strong><\/td>\n<\/tr>\n<tr>\n<td width=\"284\"><strong>Kire\u00e7li suyla temastan sonra yap\u0131\u015fma mukavemeti<\/strong><\/td>\n<td width=\"208\"><strong>\u2265 0,5 N\/mm\u00b2<\/strong><\/td>\n<td width=\"151\"><strong>TS EN 14891 : A.6.9<\/strong><\/td>\n<\/tr>\n<tr>\n<td width=\"284\"><strong>Su ge\u00e7irimsizlik<\/strong><\/td>\n<td width=\"208\"><strong>Penetrasyon yok, \u2264 20 gr k\u00fctle art\u0131\u015f\u0131<\/strong><\/td>\n<td width=\"151\"><strong>TS EN 14891 : A.7<\/strong><\/td>\n<\/tr>\n<tr>\n<td width=\"284\"><strong>Standart ko\u015fullarda \u00e7atlak<\/strong><\/p>\n<p><strong>k\u00f6pr\u00fcleme \u00f6zelli\u011fi<\/strong><\/td>\n<td width=\"208\"><strong>\u2265 0,75 mm<\/strong><\/td>\n<td width=\"151\"><strong>TS EN 14891 : A.8.2<\/strong><\/td>\n<\/tr>\n<tr>\n<td width=\"284\"><strong>D\u00fc\u015f\u00fck s\u0131cakl\u0131kta (-5\u00b0C) \u00e7atlak k\u00f6pr\u00fcleme \u00f6zelli\u011fi<\/strong><\/td>\n<td width=\"208\"><strong>\u2265 0,75 mm<\/strong><\/td>\n<td width=\"151\"><strong>TS EN 14891 : A.8.3<\/strong><\/td>\n<\/tr>\n<tr>\n<td width=\"284\"><strong>\u00c7ok d\u00fc\u015f\u00fck s\u0131cakl\u0131kta (-20\u00b0C) \u00e7atlak k\u00f6pr\u00fcleme \u00f6zelli\u011fi<\/strong><\/td>\n<td width=\"208\"><strong>\u2265 0,75 mm<\/strong><\/td>\n<td width=\"151\"><strong>TS EN 14891 : A.8.3<\/strong><\/td>\n<\/tr>\n<tr>\n<td width=\"284\"><strong>Kapiler su emme ve su ge\u00e7irgenli\u011fi<\/strong><\/td>\n<td width=\"208\"><strong>w &lt; 0,1 kg\/m<sup>2<\/sup>s<sup>0,5<\/sup><\/strong><\/td>\n<td width=\"151\"><strong>EN 1062 &#8211; 3<\/strong><\/td>\n<\/tr>\n<tr>\n<td width=\"284\"><strong>Su buhar\u0131 ge\u00e7irgenli\u011fi<\/strong><\/td>\n<td width=\"208\"><strong>S\u0131n\u0131f I<\/strong><\/td>\n<td width=\"151\"><strong>EN ISO 7783-2<\/strong><\/td>\n<\/tr>\n<\/tbody>\n<\/table>\n<p>Bu de\u011ferler laboratuvar \u015fartlar\u0131nda; 23 \u00b1 2\u00b0C ve %50 \u00b1 5 ba\u011f\u0131l nem ortam\u0131nda yap\u0131lan deneyler sonucunda elde edilmi\u015ftir. Tabloda verilen de\u011ferler y\u00fczey ve ortam ko\u015fullar\u0131na g\u00f6re farkl\u0131l\u0131k g\u00f6sterebilir.<\/p>\n<\/div><\/div><\/div><\/section>\n<section class='av_toggle_section av-mgj36gel-55fc081831f19aa4fd4d3c26e572ceb9'  itemscope=\"itemscope\" itemtype=\"https:\/\/schema.org\/CreativeWork\" ><div role=\"tablist\" class=\"single_toggle\" data-tags=\"{T\u00fcm\u00fc} \"  ><h6 id='toggle-toggle-id-3' data-fake-id='#toggle-id-3' class='toggler  av-title-above '  itemprop=\"headline\"  role='tab' tabindex='0' aria-controls='toggle-id-3' data-slide-speed=\"200\" data-title=\"UYGULAMA SINIRLARI\" data-title-open=\"\" data-aria_collapsed=\"Click to expand: UYGULAMA SINIRLARI\" data-aria_expanded=\"Click to collapse: UYGULAMA SINIRLARI\">UYGULAMA SINIRLARI<span class=\"toggle_icon\"><span class=\"vert_icon\"><\/span><span class=\"hor_icon\"><\/span><\/span><\/h6><div id='toggle-id-3' aria-labelledby='toggle-toggle-id-3' role='region' class='toggle_wrap  av-title-above'  ><div class='toggle_content invers-color '  itemprop=\"text\" ><table width=\"548\">\n<tbody>\n<tr>\n<td width=\"404\"><strong>A\u00c7IKLAMA<\/strong><\/td>\n<td width=\"144\"><strong>S\u00dcRE<\/strong><\/td>\n<\/tr>\n<tr>\n<td width=\"404\"><strong>Kap \u00f6mr\u00fc<\/strong><\/td>\n<td width=\"144\"><strong>Maksimum 3 saat<\/strong><\/td>\n<\/tr>\n<tr>\n<td width=\"404\"><strong>Katlar aras\u0131 bekleme s\u00fcresi<\/strong><\/td>\n<td width=\"144\"><strong>Minimum 6 saat<\/strong><\/td>\n<\/tr>\n<tr>\n<td width=\"404\"><strong>\u00dczerine uygulama yap\u0131lmas\u0131 i\u00e7in beklenilmesi gereken s\u00fcre<\/strong><\/td>\n<td width=\"144\"><strong>Minimum 3 g\u00fcn<\/strong><\/td>\n<\/tr>\n<tr>\n<td width=\"404\"><strong>Kullan\u0131ma alma s\u00fcresi<\/strong><\/td>\n<td width=\"144\"><strong>Minimum 7 g\u00fcn<\/strong><\/td>\n<\/tr>\n<\/tbody>\n<\/table>\n<p>Bu de\u011ferler laboratuvar \u015fartlar\u0131nda; 23 \u00b1 2\u00b0C ve %50 \u00b1 5 ba\u011f\u0131l nem ortam\u0131nda yap\u0131lan deneyler sonucunda elde edilmi\u015ftir. Tabloda verilen de\u011ferler y\u00fczey ve ortam ko\u015fullar\u0131na g\u00f6re farkl\u0131l\u0131k g\u00f6sterebilir.<\/p>\n<\/div><\/div><\/div><\/section>\n<section class='av_toggle_section av-mgj372qr-b69cb7de0ce33fec106a8380bd5c941b'  itemscope=\"itemscope\" itemtype=\"https:\/\/schema.org\/CreativeWork\" ><div role=\"tablist\" class=\"single_toggle\" data-tags=\"{T\u00fcm\u00fc} \"  ><h6 id='toggle-toggle-id-4' data-fake-id='#toggle-id-4' class='toggler  av-title-above '  itemprop=\"headline\"  role='tab' tabindex='0' aria-controls='toggle-id-4' data-slide-speed=\"200\" data-title=\"REFERANS STANDARTLARI\" data-title-open=\"\" data-aria_collapsed=\"Click to expand: REFERANS STANDARTLARI\" data-aria_expanded=\"Click to collapse: REFERANS STANDARTLARI\">REFERANS STANDARTLARI<span class=\"toggle_icon\"><span class=\"vert_icon\"><\/span><span class=\"hor_icon\"><\/span><\/span><\/h6><div id='toggle-id-4' aria-labelledby='toggle-toggle-id-4' role='region' class='toggle_wrap  av-title-above'  ><div class='toggle_content invers-color '  itemprop=\"text\" ><p><strong>Onaylar\/Standartlar:<\/strong><br \/>\nTS EN 14891<br \/>\nTS EN 1504-2<\/p>\n<p><strong>Bay\u0131nd\u0131rl\u0131k Bak. Poz No.:<\/strong><br \/>\nBay\u0131nd\u0131rl\u0131k Bak. Poz No.: 10.300.2173<\/p>\n<\/div><\/div><\/div><\/section>\n<\/div><\/p>\n","protected":false},"excerpt":{"rendered":"","protected":false},"featured_media":4653,"comment_status":"closed","ping_status":"closed","template":"","meta":{"_acf_changed":false},"product_brand":[],"product_cat":[60],"product_tag":[],"class_list":{"0":"post-4652","1":"product","2":"type-product","3":"status-publish","4":"has-post-thumbnail","6":"product_cat-su_yalitim_malzemeleri","8":"first","9":"instock","10":"shipping-taxable","11":"product-type-simple"},"acf":[],"_links":{"self":[{"href":"https:\/\/www.kyk.com.tr\/index.php?rest_route=\/wp\/v2\/product\/4652","targetHints":{"allow":["GET"]}}],"collection":[{"href":"https:\/\/www.kyk.com.tr\/index.php?rest_route=\/wp\/v2\/product"}],"about":[{"href":"https:\/\/www.kyk.com.tr\/index.php?rest_route=\/wp\/v2\/types\/product"}],"replies":[{"embeddable":true,"href":"https:\/\/www.kyk.com.tr\/index.php?rest_route=%2Fwp%2Fv2%2Fcomments&post=4652"}],"wp:featuredmedia":[{"embeddable":true,"href":"https:\/\/www.kyk.com.tr\/index.php?rest_route=\/wp\/v2\/media\/4653"}],"wp:attachment":[{"href":"https:\/\/www.kyk.com.tr\/index.php?rest_route=%2Fwp%2Fv2%2Fmedia&parent=4652"}],"wp:term":[{"taxonomy":"product_brand","embeddable":true,"href":"https:\/\/www.kyk.com.tr\/index.php?rest_route=%2Fwp%2Fv2%2Fproduct_brand&post=4652"},{"taxonomy":"product_cat","embeddable":true,"href":"https:\/\/www.kyk.com.tr\/index.php?rest_route=%2Fwp%2Fv2%2Fproduct_cat&post=4652"},{"taxonomy":"product_tag","embeddable":true,"href":"https:\/\/www.kyk.com.tr\/index.php?rest_route=%2Fwp%2Fv2%2Fproduct_tag&post=4652"}],"curies":[{"name":"wp","href":"https:\/\/api.w.org\/{rel}","templated":true}]}}