{"id":4671,"date":"2025-05-07T18:26:14","date_gmt":"2025-05-07T18:26:14","guid":{"rendered":"https:\/\/www.kyk.center\/?post_type=product&#038;p=4671"},"modified":"2026-04-27T11:52:40","modified_gmt":"2026-04-27T11:52:40","slug":"megaizo-s201","status":"publish","type":"product","link":"https:\/\/www.kyk.com.tr\/?product=megaizo-s201","title":{"rendered":"Mega\u0130zo S201"},"content":{"rendered":"<div  class='flex_column av-7z88z3-ba3363a194fd0ca33c565f5237a04314 av_one_third  avia-builder-el-0  el_before_av_one_half  avia-builder-el-first  first flex_column_div  '     ><style type=\"text\/css\" data-created_by=\"avia_inline_auto\" id=\"style-css-av-mgj3pl11-c9f076f98568a66c499b9032c648ef6d\">\n.avia-image-container.av-mgj3pl11-c9f076f98568a66c499b9032c648ef6d img.avia_image{\nbox-shadow:none;\n}\n.avia-image-container.av-mgj3pl11-c9f076f98568a66c499b9032c648ef6d .av-image-caption-overlay-center{\ncolor:#ffffff;\n}\n<\/style>\n<div  class='avia-image-container av-mgj3pl11-c9f076f98568a66c499b9032c648ef6d av-styling- avia-align-center  avia-builder-el-1  avia-builder-el-no-sibling '   itemprop=\"image\" itemscope=\"itemscope\" itemtype=\"https:\/\/schema.org\/ImageObject\" ><div class=\"avia-image-container-inner\"><div class=\"avia-image-overlay-wrap\"><img decoding=\"async\" fetchpriority=\"high\" class='wp-image-4672 avia-img-lazy-loading-not-4672 avia_image ' src=\"https:\/\/www.kyk.com.tr\/wp-content\/uploads\/2025\/05\/s201.png\" alt='' title='Mega\u0130zo S201'  height=\"320\" width=\"320\"  itemprop=\"thumbnailUrl\" srcset=\"https:\/\/www.kyk.com.tr\/wp-content\/uploads\/2025\/05\/s201.png 320w, https:\/\/www.kyk.com.tr\/wp-content\/uploads\/2025\/05\/s201-300x300.png 300w, https:\/\/www.kyk.com.tr\/wp-content\/uploads\/2025\/05\/s201-100x100.png 100w, https:\/\/www.kyk.com.tr\/wp-content\/uploads\/2025\/05\/s201-80x80.png 80w, https:\/\/www.kyk.com.tr\/wp-content\/uploads\/2025\/05\/s201-36x36.png 36w, https:\/\/www.kyk.com.tr\/wp-content\/uploads\/2025\/05\/s201-180x180.png 180w, https:\/\/www.kyk.com.tr\/wp-content\/uploads\/2025\/05\/s201-120x120.png 120w, https:\/\/www.kyk.com.tr\/wp-content\/uploads\/2025\/05\/s201-96x96.png 96w\" sizes=\"(max-width: 320px) 100vw, 320px\" \/><\/div><\/div><\/div><\/div>\n<div  class='flex_column av-5om52n-1c7dc9aa0640e4c0f5ac475f12d8d06a av_one_half  avia-builder-el-2  el_after_av_one_third  el_before_av_two_third  flex_column_div  '     ><section  class='av_textblock_section av-mgj3pwey-d9bcad9c49f82e87b998e83447f474c0 '   itemscope=\"itemscope\" itemtype=\"https:\/\/schema.org\/CreativeWork\" ><div class='avia_textblock'  itemprop=\"text\" ><h1>Mega\u0130zo S201<\/h1>\n<\/div><\/section><br \/>\n\n<style type=\"text\/css\" data-created_by=\"avia_inline_auto\" id=\"style-css-av-mgj3qfcc-a4c4d17872de850724e067f8ee6fd824\">\n#top .av_textblock_section.av-mgj3qfcc-a4c4d17872de850724e067f8ee6fd824 .avia_textblock{\nfont-size:14px;\n}\n<\/style>\n<section  class='av_textblock_section av-mgj3qfcc-a4c4d17872de850724e067f8ee6fd824 '   itemscope=\"itemscope\" itemtype=\"https:\/\/schema.org\/CreativeWork\" ><div class='avia_textblock'  itemprop=\"text\" ><p><strong>Elastomerik polimer esasl\u0131 s\u0131v\u0131 bile\u015fen ve mineral dolgu esasl\u0131 toz bile\u015fenden olu\u015fan, son kat kaplama malzemesinden \u00f6nce veya son kat olarak uygulanabilen, UV dayan\u0131ml\u0131, h\u0131zl\u0131 priz alan, y\u00fcksek elastik su yal\u0131t\u0131m malzemesidir.<\/strong><\/p>\n<\/div><\/section><\/p><\/div>\n<div  class='flex_column av-4a75kf-aa20f2ded6b5ab61e5f660c092baacda av_two_third  avia-builder-el-5  el_after_av_one_half  el_before_av_one_third  first flex_column_div  column-top-margin'     ><section  class='av_textblock_section av-mgj3qvoo-2dd31b6334d1e00cf7bc1733bc593c22 '   itemscope=\"itemscope\" itemtype=\"https:\/\/schema.org\/CreativeWork\" ><div class='avia_textblock'  itemprop=\"text\" ><h4>\u00a0 \u00a0 \u00dcR\u00dcN AVANTAJLARI<\/h4>\n<\/div><\/section><br \/>\n\n<style type=\"text\/css\" data-created_by=\"avia_inline_auto\" id=\"style-css-av-mgj3rn5x-4e52b593e2d3cf3bca337796bbe51ffb\">\n#top .av_textblock_section.av-mgj3rn5x-4e52b593e2d3cf3bca337796bbe51ffb .avia_textblock{\nfont-size:14px;\n}\n<\/style>\n<section  class='av_textblock_section av-mgj3rn5x-4e52b593e2d3cf3bca337796bbe51ffb '   itemscope=\"itemscope\" itemtype=\"https:\/\/schema.org\/CreativeWork\" ><div class='avia_textblock'  itemprop=\"text\" ><ul>\n<li>UV dayan\u0131m\u0131na sahiptir.<\/li>\n<li>Hafif yaya trafi\u011fine uygundur.<\/li>\n<li>Uygulamadan minimum 2 saat sonra ya\u011fmurdan etkilenmez, minimum 4 saat sonra yaya trafi\u011fine a\u00e7\u0131labilir.<\/li>\n<li>Su buhar\u0131 ge\u00e7irgenli\u011fi vard\u0131r.<\/li>\n<li>2 mm kuru film kal\u0131nl\u0131\u011f\u0131nda 3 mm\u2019 ye kadar \u00e7atlak k\u00f6pr\u00fcleme \u00f6zelli\u011fine sahiptir.<\/li>\n<li>Y\u00fcksek elastiktir.<\/li>\n<li>Lokal onar\u0131m\u0131 h\u0131zl\u0131 ve kolayd\u0131r.<\/li>\n<li>Uyguland\u0131\u011f\u0131 y\u00fczeylerde eksiz bir yal\u0131t\u0131m sa\u011flar.<\/li>\n<li>Y\u00fcksek yap\u0131\u015fma g\u00fcc\u00fcne sahiptir.<\/li>\n<li>Kolay haz\u0131rlan\u0131r ve uygulan\u0131r.<\/li>\n<li>Solvent i\u00e7ermez, \u00e7evre dostudur.<\/li>\n<\/ul>\n<\/div><\/section><\/p><\/div>\n<div  class='flex_column av-28cbz3-af099121193e3e76310089a84d59fd77 av_one_third  avia-builder-el-8  el_after_av_two_third  el_before_av_toggle_container  flex_column_div  column-top-margin'     ><section  class='av_textblock_section av-mgj3rw3g-d8177cede3bfdb792d056c497c4cead6 '   itemscope=\"itemscope\" itemtype=\"https:\/\/schema.org\/CreativeWork\" ><div class='avia_textblock'  itemprop=\"text\" ><h4>TEKN\u0130K BELGELER<\/h4>\n<\/div><\/section><br \/>\n<section  class='av_textblock_section av-mgj3s34c-ff49675c171fe8cafe025518402e4d4c '   itemscope=\"itemscope\" itemtype=\"https:\/\/schema.org\/CreativeWork\" ><div class='avia_textblock'  itemprop=\"text\" ><p><a href=\"https:\/\/www.kyk.com.tr\/wp-content\/uploads\/2026\/04\/s201_tds.pdf\" target=\"_blank\" rel=\"noopener\"><img loading=\"lazy\" decoding=\"async\" class=\"alignnone wp-image-8657 size-full\" src=\"https:\/\/www.kyk.com.tr\/wp-content\/uploads\/2025\/10\/TDS_1.jpg\" alt=\"\" width=\"410\" height=\"41\" srcset=\"https:\/\/www.kyk.com.tr\/wp-content\/uploads\/2025\/10\/TDS_1.jpg 410w, https:\/\/www.kyk.com.tr\/wp-content\/uploads\/2025\/10\/TDS_1-300x30.jpg 300w\" sizes=\"auto, (max-width: 410px) 100vw, 410px\" \/><\/a><br \/>\n<a href=\"https:\/\/www.kyk.com.tr\/wp-content\/uploads\/2025\/10\/s201_msds.pdf\" target=\"_blank\" rel=\"noopener\"><img loading=\"lazy\" decoding=\"async\" class=\"alignnone size-full wp-image-8656\" src=\"https:\/\/www.kyk.com.tr\/wp-content\/uploads\/2025\/10\/MSDS_1.jpg\" alt=\"\" width=\"410\" height=\"41\" srcset=\"https:\/\/www.kyk.com.tr\/wp-content\/uploads\/2025\/10\/MSDS_1.jpg 410w, https:\/\/www.kyk.com.tr\/wp-content\/uploads\/2025\/10\/MSDS_1-300x30.jpg 300w\" sizes=\"auto, (max-width: 410px) 100vw, 410px\" \/><\/a><br \/>\n<a href=\"https:\/\/www.kyk.com.tr\/?sdm_process_download=1&amp;download_id=9314\" target=\"_blank\" rel=\"noopener\"><img loading=\"lazy\" decoding=\"async\" class=\"alignnone size-full wp-image-8656\" src=\"https:\/\/www.kyk.com.tr\/wp-content\/uploads\/2025\/10\/CE.jpg\" alt=\"\" width=\"410\" height=\"41\" \/><\/a><\/p>\n<\/div><\/section><\/p><\/div>\n<style type=\"text\/css\" data-created_by=\"avia_inline_auto\" id=\"style-css-av-mgj3v4cx-515c66e5ffcfbd995f7d104ecc41f3bd\">\n#top .togglecontainer.av-mgj3v4cx-515c66e5ffcfbd995f7d104ecc41f3bd h6.toggler{\nfont-size:17px;\ncolor:#003e73;\n}\n#top .togglecontainer.av-mgj3v4cx-515c66e5ffcfbd995f7d104ecc41f3bd h6.toggler .toggle_icon{\ncolor:#003e73;\nborder-color:#003e73;\n}\n#top .togglecontainer.av-mgj3v4cx-515c66e5ffcfbd995f7d104ecc41f3bd h6.toggler .toggle_icon > span{\ncolor:#003e73;\nborder-color:#003e73;\n}\n#top .togglecontainer.av-mgj3v4cx-515c66e5ffcfbd995f7d104ecc41f3bd .toggle_wrap .toggle_content{\nfont-size:14px;\ncolor:#003e73;\n}\n<\/style>\n<div  class='togglecontainer av-mgj3v4cx-515c66e5ffcfbd995f7d104ecc41f3bd av-minimal-toggle  avia-builder-el-11  el_after_av_one_third  avia-builder-el-last  toggle_close_all' >\n<section class='av_toggle_section av-mgj3sim7-b93020722808ad2c38bd7aa48f4e7f39'  itemscope=\"itemscope\" itemtype=\"https:\/\/schema.org\/CreativeWork\" ><div role=\"tablist\" class=\"single_toggle\" data-tags=\"{T\u00fcm\u00fc} \"  ><h6 id='toggle-toggle-id-1' data-fake-id='#toggle-id-1' class='toggler  av-title-above '  itemprop=\"headline\"  role='tab' tabindex='0' aria-controls='toggle-id-1' data-slide-speed=\"200\" data-title=\"KULLANIM ALANLARI\" data-title-open=\"\" data-aria_collapsed=\"Click to expand: KULLANIM ALANLARI\" data-aria_expanded=\"Click to collapse: KULLANIM ALANLARI\">KULLANIM ALANLARI<span class=\"toggle_icon\"><span class=\"vert_icon\"><\/span><span class=\"hor_icon\"><\/span><\/span><\/h6><div id='toggle-id-1' aria-labelledby='toggle-toggle-id-1' role='region' class='toggle_wrap  av-title-above'  ><div class='toggle_content invers-color '  itemprop=\"text\" ><p><strong>Mega\u0130zo S201<\/strong>; t\u00fcm yap\u0131larda, \u00f6zellikle \u00fczeri ba\u015fka bir kaplama malzemesi ile kaplanmayarak a\u00e7\u0131k b\u0131rak\u0131lacak teras \u00e7at\u0131larda ve balkonlarda son kat olarak; otopark \u00fcstlerinde, havuzlarda, bina temellerinde ve perde betonlarda, at\u0131k su ar\u0131tma tesislerinde ise son kat kaplama malzemelerinden \u00f6nce uygulan\u0131r. \u0130\u00e7 ve d\u0131\u015f mekanlarda, yatay ve d\u00fc\u015fey y\u00fczeylerde kullan\u0131l\u0131r.<\/p>\n<\/div><\/div><\/div><\/section>\n<section class='av_toggle_section av-mgj3t5lh-380c603628480a6be98ad3fa842526d7'  itemscope=\"itemscope\" itemtype=\"https:\/\/schema.org\/CreativeWork\" ><div role=\"tablist\" class=\"single_toggle\" data-tags=\"{T\u00fcm\u00fc} \"  ><h6 id='toggle-toggle-id-2' data-fake-id='#toggle-id-2' class='toggler  av-title-above '  itemprop=\"headline\"  role='tab' tabindex='0' aria-controls='toggle-id-2' data-slide-speed=\"200\" data-title=\"PERFORMANS B\u0130LG\u0130LER\u0130\" data-title-open=\"\" data-aria_collapsed=\"Click to expand: PERFORMANS B\u0130LG\u0130LER\u0130\" data-aria_expanded=\"Click to collapse: PERFORMANS B\u0130LG\u0130LER\u0130\">PERFORMANS B\u0130LG\u0130LER\u0130<span class=\"toggle_icon\"><span class=\"vert_icon\"><\/span><span class=\"hor_icon\"><\/span><\/span><\/h6><div id='toggle-id-2' aria-labelledby='toggle-toggle-id-2' role='region' class='toggle_wrap  av-title-above'  ><div class='toggle_content invers-color '  itemprop=\"text\" ><table width=\"643\">\n<tbody>\n<tr>\n<td width=\"284\"><strong>TEST<\/strong><\/td>\n<td width=\"208\"><strong>DE\u011eER<\/strong><\/td>\n<td width=\"151\"><strong>STANDART<\/strong><\/td>\n<\/tr>\n<tr>\n<td width=\"284\"><strong>Ba\u015flang\u0131\u00e7 yap\u0131\u015fma mukavemeti<\/strong><\/td>\n<td width=\"208\"><strong>\u2265 0,5 N\/mm\u00b2<\/strong><\/td>\n<td width=\"151\"><strong>TS EN 14891 : A.6.2<\/strong><\/td>\n<\/tr>\n<tr>\n<td width=\"284\"><strong>Su ile temastan sonra yap\u0131\u015fma mukavemeti<\/strong><\/td>\n<td width=\"208\"><strong>\u2265 0,5 N\/mm\u00b2<\/strong><\/td>\n<td width=\"151\"><strong>TS EN 14891 : A.6.3<\/strong><\/td>\n<\/tr>\n<tr>\n<td width=\"284\"><strong>Is\u0131l ya\u015fland\u0131rma sonras\u0131 yap\u0131\u015fma mukavemeti<\/strong><\/td>\n<td width=\"208\"><strong>\u2265 0,5 N\/mm\u00b2<\/strong><\/td>\n<td width=\"151\"><strong>TS EN 14891 : A.6.5<\/strong><\/td>\n<\/tr>\n<tr>\n<td width=\"284\"><strong>Donma &#8211; \u00c7\u00f6z\u00fcnme \u00e7evriminden sonra yap\u0131\u015fma mukavemeti<\/strong><\/td>\n<td width=\"208\"><strong>\u2265 0,5 N\/mm\u00b2<\/strong><\/td>\n<td width=\"151\"><strong>TS EN 14891 : A.6.6<\/strong><\/td>\n<\/tr>\n<tr>\n<td width=\"284\"><strong>Kire\u00e7li suyla temastan sonra yap\u0131\u015fma mukavemeti<\/strong><\/td>\n<td width=\"208\"><strong>\u2265 0,5 N\/mm\u00b2<\/strong><\/td>\n<td width=\"151\"><strong>TS EN 14891 : A.6.9<\/strong><\/td>\n<\/tr>\n<tr>\n<td width=\"284\"><strong>Su ge\u00e7irimsizlik<\/strong><\/td>\n<td width=\"208\"><strong>(1,5 bar, 7 g\u00fcn) \u2264 20 gr<\/strong><\/td>\n<td width=\"151\"><strong>TS EN 14891 : A.7<\/strong><\/td>\n<\/tr>\n<tr>\n<td width=\"284\"><strong>Standart ko\u015fullarda \u00e7atlak<\/strong><\/p>\n<p><strong>k\u00f6pr\u00fcleme \u00f6zelli\u011fi<\/strong><\/td>\n<td width=\"208\"><strong>\u2265 0,75 mm<\/strong><\/td>\n<td width=\"151\"><strong>TS EN 14891 : A.8.2<\/strong><\/td>\n<\/tr>\n<tr>\n<td width=\"284\"><strong>Kapiler su emme ve su ge\u00e7irgenli\u011fi<\/strong><\/td>\n<td width=\"208\"><strong>w &lt; 0,1 kg\/m<sup>2<\/sup>s<sup>0,5<\/sup><\/strong><\/td>\n<td width=\"151\"><strong>EN 1062 &#8211; 3<\/strong><\/td>\n<\/tr>\n<tr>\n<td width=\"284\"><strong>Su buhar\u0131 ge\u00e7irgenli\u011fi<\/strong><\/td>\n<td width=\"208\"><strong>S\u0131n\u0131f I<\/strong><\/td>\n<td width=\"151\"><strong>EN ISO 7783-2<\/strong><\/td>\n<\/tr>\n<tr>\n<td width=\"284\"><strong>Sertlik (Shore A)<\/strong><\/td>\n<td width=\"208\"><strong>80<\/strong><\/td>\n<td width=\"151\"><strong>ASTM D 2240<\/strong><\/td>\n<\/tr>\n<tr>\n<td width=\"284\"><strong>Yang\u0131na tepki<\/strong><\/td>\n<td width=\"208\"><strong>E<\/strong><\/td>\n<td width=\"151\"><strong>EN 13501-1<\/strong><\/td>\n<\/tr>\n<\/tbody>\n<\/table>\n<p>Bu de\u011ferler laboratuvar \u015fartlar\u0131nda; 23 \u00b1 2\u00b0C ve %50 \u00b1 5 ba\u011f\u0131l nem ortam\u0131nda yap\u0131lan deneyler sonucunda elde edilmi\u015ftir. Tabloda verilen de\u011ferler y\u00fczey ve ortam ko\u015fullar\u0131na g\u00f6re farkl\u0131l\u0131k g\u00f6sterebilir.<\/p>\n<\/div><\/div><\/div><\/section>\n<section class='av_toggle_section av-mgj3taun-664db56e2ed030bea31407419e86f851'  itemscope=\"itemscope\" itemtype=\"https:\/\/schema.org\/CreativeWork\" ><div role=\"tablist\" class=\"single_toggle\" data-tags=\"{T\u00fcm\u00fc} \"  ><h6 id='toggle-toggle-id-3' data-fake-id='#toggle-id-3' class='toggler  av-title-above '  itemprop=\"headline\"  role='tab' tabindex='0' aria-controls='toggle-id-3' data-slide-speed=\"200\" data-title=\"UYGULAMA SINIRLARI\" data-title-open=\"\" data-aria_collapsed=\"Click to expand: UYGULAMA SINIRLARI\" data-aria_expanded=\"Click to collapse: UYGULAMA SINIRLARI\">UYGULAMA SINIRLARI<span class=\"toggle_icon\"><span class=\"vert_icon\"><\/span><span class=\"hor_icon\"><\/span><\/span><\/h6><div id='toggle-id-3' aria-labelledby='toggle-toggle-id-3' role='region' class='toggle_wrap  av-title-above'  ><div class='toggle_content invers-color '  itemprop=\"text\" ><table width=\"548\">\n<tbody>\n<tr>\n<td width=\"312\"><strong>A\u00c7IKLAMA<\/strong><\/td>\n<td width=\"236\"><strong>S\u00dcRE<\/strong><\/td>\n<\/tr>\n<tr>\n<td width=\"312\"><strong>Kap \u00f6mr\u00fc<\/strong><\/td>\n<td width=\"236\"><strong>Maksimum 30 dk.<\/strong><\/td>\n<\/tr>\n<tr>\n<td width=\"312\"><strong>Katlar aras\u0131 bekleme s\u00fcresi<\/strong><\/td>\n<td width=\"236\"><strong>Minimum 2 saat<\/strong><\/td>\n<\/tr>\n<tr>\n<td width=\"312\"><strong>Kullan\u0131ma alma s\u00fcresi<\/strong><\/td>\n<td width=\"236\"><strong>Minimum 24 saat<\/strong><\/td>\n<\/tr>\n<\/tbody>\n<\/table>\n<p>Bu de\u011ferler laboratuvar \u015fartlar\u0131nda; 23 \u00b1 2\u00b0C ve %50 \u00b1 5 ba\u011f\u0131l nem ortam\u0131nda yap\u0131lan deneyler sonucunda elde edilmi\u015ftir. Tabloda verilen de\u011ferler y\u00fczey ve ortam ko\u015fullar\u0131na g\u00f6re farkl\u0131l\u0131k g\u00f6sterebilir.<\/p>\n<\/div><\/div><\/div><\/section>\n<section class='av_toggle_section av-mgj3tvi4-f3a394666771f2479b1b1730501d1b0c'  itemscope=\"itemscope\" itemtype=\"https:\/\/schema.org\/CreativeWork\" ><div role=\"tablist\" class=\"single_toggle\" data-tags=\"{T\u00fcm\u00fc} \"  ><h6 id='toggle-toggle-id-4' data-fake-id='#toggle-id-4' class='toggler  av-title-above '  itemprop=\"headline\"  role='tab' tabindex='0' aria-controls='toggle-id-4' data-slide-speed=\"200\" data-title=\"REFERANS STANDARTLARI\" data-title-open=\"\" data-aria_collapsed=\"Click to expand: REFERANS STANDARTLARI\" data-aria_expanded=\"Click to collapse: REFERANS STANDARTLARI\">REFERANS STANDARTLARI<span class=\"toggle_icon\"><span class=\"vert_icon\"><\/span><span class=\"hor_icon\"><\/span><\/span><\/h6><div id='toggle-id-4' aria-labelledby='toggle-toggle-id-4' role='region' class='toggle_wrap  av-title-above'  ><div class='toggle_content invers-color '  itemprop=\"text\" ><p><strong>Onaylar\/Standartlar:<\/strong><br \/>\nTS EN 1504-2<br \/>\nTS EN 14891<\/p>\n<\/div><\/div><\/div><\/section>\n<\/div><\/p>\n","protected":false},"excerpt":{"rendered":"","protected":false},"featured_media":4672,"comment_status":"closed","ping_status":"closed","template":"","meta":{"_acf_changed":false},"product_brand":[],"product_cat":[60],"product_tag":[],"class_list":{"0":"post-4671","1":"product","2":"type-product","3":"status-publish","4":"has-post-thumbnail","6":"product_cat-su_yalitim_malzemeleri","8":"first","9":"instock","10":"shipping-taxable","11":"product-type-simple"},"acf":[],"_links":{"self":[{"href":"https:\/\/www.kyk.com.tr\/index.php?rest_route=\/wp\/v2\/product\/4671","targetHints":{"allow":["GET"]}}],"collection":[{"href":"https:\/\/www.kyk.com.tr\/index.php?rest_route=\/wp\/v2\/product"}],"about":[{"href":"https:\/\/www.kyk.com.tr\/index.php?rest_route=\/wp\/v2\/types\/product"}],"replies":[{"embeddable":true,"href":"https:\/\/www.kyk.com.tr\/index.php?rest_route=%2Fwp%2Fv2%2Fcomments&post=4671"}],"wp:featuredmedia":[{"embeddable":true,"href":"https:\/\/www.kyk.com.tr\/index.php?rest_route=\/wp\/v2\/media\/4672"}],"wp:attachment":[{"href":"https:\/\/www.kyk.com.tr\/index.php?rest_route=%2Fwp%2Fv2%2Fmedia&parent=4671"}],"wp:term":[{"taxonomy":"product_brand","embeddable":true,"href":"https:\/\/www.kyk.com.tr\/index.php?rest_route=%2Fwp%2Fv2%2Fproduct_brand&post=4671"},{"taxonomy":"product_cat","embeddable":true,"href":"https:\/\/www.kyk.com.tr\/index.php?rest_route=%2Fwp%2Fv2%2Fproduct_cat&post=4671"},{"taxonomy":"product_tag","embeddable":true,"href":"https:\/\/www.kyk.com.tr\/index.php?rest_route=%2Fwp%2Fv2%2Fproduct_tag&post=4671"}],"curies":[{"name":"wp","href":"https:\/\/api.w.org\/{rel}","templated":true}]}}