{"id":4677,"date":"2025-05-07T19:12:47","date_gmt":"2025-05-07T19:12:47","guid":{"rendered":"https:\/\/www.kyk.center\/?post_type=product&#038;p=4677"},"modified":"2026-04-27T11:55:27","modified_gmt":"2026-04-27T11:55:27","slug":"megaizo-lastik-5-s202","status":"publish","type":"product","link":"https:\/\/www.kyk.com.tr\/?product=megaizo-lastik-5-s202","title":{"rendered":"Mega\u0130zo Lastik 5 S202"},"content":{"rendered":"<div  class='flex_column av-tkp85-126872df982af4485569a5931592c4ba av_one_third  avia-builder-el-0  el_before_av_one_half  avia-builder-el-first  first flex_column_div  '     ><style type=\"text\/css\" data-created_by=\"avia_inline_auto\" id=\"style-css-av-mh1otp0v-8c53e821c156b2adbd495b7cc8b32edd\">\n.avia-image-container.av-mh1otp0v-8c53e821c156b2adbd495b7cc8b32edd img.avia_image{\nbox-shadow:none;\n}\n.avia-image-container.av-mh1otp0v-8c53e821c156b2adbd495b7cc8b32edd .av-image-caption-overlay-center{\ncolor:#ffffff;\n}\n<\/style>\n<div  class='avia-image-container av-mh1otp0v-8c53e821c156b2adbd495b7cc8b32edd av-styling- avia-align-center  avia-builder-el-1  avia-builder-el-no-sibling '   itemprop=\"image\" itemscope=\"itemscope\" itemtype=\"https:\/\/schema.org\/ImageObject\" ><div class=\"avia-image-container-inner\"><div class=\"avia-image-overlay-wrap\"><img decoding=\"async\" fetchpriority=\"high\" class='wp-image-9136 avia-img-lazy-loading-not-9136 avia_image ' src=\"https:\/\/www.kyk.com.tr\/wp-content\/uploads\/2025\/10\/s202.jpg\" alt='' title='s202'  height=\"320\" width=\"320\"  itemprop=\"thumbnailUrl\" srcset=\"https:\/\/www.kyk.com.tr\/wp-content\/uploads\/2025\/10\/s202.jpg 320w, https:\/\/www.kyk.com.tr\/wp-content\/uploads\/2025\/10\/s202-300x300.jpg 300w, https:\/\/www.kyk.com.tr\/wp-content\/uploads\/2025\/10\/s202-80x80.jpg 80w, https:\/\/www.kyk.com.tr\/wp-content\/uploads\/2025\/10\/s202-36x36.jpg 36w, https:\/\/www.kyk.com.tr\/wp-content\/uploads\/2025\/10\/s202-180x180.jpg 180w, https:\/\/www.kyk.com.tr\/wp-content\/uploads\/2025\/10\/s202-120x120.jpg 120w, https:\/\/www.kyk.com.tr\/wp-content\/uploads\/2025\/10\/s202-100x100.jpg 100w, https:\/\/www.kyk.com.tr\/wp-content\/uploads\/2025\/10\/s202-96x96.jpg 96w\" sizes=\"(max-width: 320px) 100vw, 320px\" \/><\/div><\/div><\/div><\/div>\n<div  class='flex_column av-5xea91-136cc639fcaae6a2fd30a1bbf7c1642e av_one_half  avia-builder-el-2  el_after_av_one_third  el_before_av_two_third  flex_column_div  '     ><section  class='av_textblock_section av-mgj426nf-87020de44d762e64a11d901f49a67589 '   itemscope=\"itemscope\" itemtype=\"https:\/\/schema.org\/CreativeWork\" ><div class='avia_textblock'  itemprop=\"text\" ><h1>Mega\u0130zo Lastik 5 S202<\/h1>\n<\/div><\/section><br \/>\n\n<style type=\"text\/css\" data-created_by=\"avia_inline_auto\" id=\"style-css-av-mgj42kdd-a5effdce7c0d7eff2303ff2c5618dd1c\">\n#top .av_textblock_section.av-mgj42kdd-a5effdce7c0d7eff2303ff2c5618dd1c .avia_textblock{\nfont-size:14px;\n}\n<\/style>\n<section  class='av_textblock_section av-mgj42kdd-a5effdce7c0d7eff2303ff2c5618dd1c '   itemscope=\"itemscope\" itemtype=\"https:\/\/schema.org\/CreativeWork\" ><div class='avia_textblock'  itemprop=\"text\" ><p><strong>Elastomerik polimer esasl\u0131, tek bile\u015fenli, kullan\u0131ma haz\u0131r, son kat kaplama malzemesinden \u00f6nce uygulanabilen, elastik <span style=\"color: #ff9900\">DM<\/span> s\u0131n\u0131f\u0131 su yal\u0131t\u0131m malzemesidir.<\/strong><\/p>\n<p><img loading=\"lazy\" decoding=\"async\" class=\"alignnone size-thumbnail wp-image-9572\" src=\"https:\/\/www.kyk.com.tr\/wp-content\/uploads\/2025\/11\/DM-80x80.png\" alt=\"\" width=\"80\" height=\"80\" srcset=\"https:\/\/www.kyk.com.tr\/wp-content\/uploads\/2025\/11\/DM-80x80.png 80w, https:\/\/www.kyk.com.tr\/wp-content\/uploads\/2025\/11\/DM-300x300.png 300w, https:\/\/www.kyk.com.tr\/wp-content\/uploads\/2025\/11\/DM-36x36.png 36w, https:\/\/www.kyk.com.tr\/wp-content\/uploads\/2025\/11\/DM-180x180.png 180w, https:\/\/www.kyk.com.tr\/wp-content\/uploads\/2025\/11\/DM-120x120.png 120w, https:\/\/www.kyk.com.tr\/wp-content\/uploads\/2025\/11\/DM-450x450.png 450w, https:\/\/www.kyk.com.tr\/wp-content\/uploads\/2025\/11\/DM-100x100.png 100w, https:\/\/www.kyk.com.tr\/wp-content\/uploads\/2025\/11\/DM-96x96.png 96w, https:\/\/www.kyk.com.tr\/wp-content\/uploads\/2025\/11\/DM.png 500w\" sizes=\"auto, (max-width: 80px) 100vw, 80px\" \/><\/p>\n<\/div><\/section><\/p><\/div>\n<div  class='flex_column av-3id51h-1a147764ff7320aaf19c25770d310c0f av_two_third  avia-builder-el-5  el_after_av_one_half  el_before_av_one_third  first flex_column_div  column-top-margin'     ><section  class='av_textblock_section av-mgj43376-7316383deaaf5918c887d987d5c00617 '   itemscope=\"itemscope\" itemtype=\"https:\/\/schema.org\/CreativeWork\" ><div class='avia_textblock'  itemprop=\"text\" ><h4>\u00a0 \u00a0 \u00dcR\u00dcN AVANTAJLARI<\/h4>\n<\/div><\/section><br \/>\n\n<style type=\"text\/css\" data-created_by=\"avia_inline_auto\" id=\"style-css-av-mgj43mog-53413d8168f9ac43751ef349d61e3213\">\n#top .av_textblock_section.av-mgj43mog-53413d8168f9ac43751ef349d61e3213 .avia_textblock{\nfont-size:14px;\n}\n<\/style>\n<section  class='av_textblock_section av-mgj43mog-53413d8168f9ac43751ef349d61e3213 '   itemscope=\"itemscope\" itemtype=\"https:\/\/schema.org\/CreativeWork\" ><div class='avia_textblock'  itemprop=\"text\" ><ul>\n<li>\u00c7atlak k\u00f6pr\u00fcleme \u00f6zelli\u011fi vard\u0131r<\/li>\n<li>Elastiktir.<\/li>\n<li>Lokal onar\u0131m\u0131 h\u0131zl\u0131 ve kolayd\u0131r.<\/li>\n<li>Uyguland\u0131\u011f\u0131 y\u00fczeylerde eksiz bir yal\u0131t\u0131m sa\u011flar.<\/li>\n<li>Y\u00fcksek yap\u0131\u015fma g\u00fcc\u00fcne sahiptir.<\/li>\n<li>Kullan\u0131ma haz\u0131rd\u0131r, h\u0131zl\u0131 ve kolay uygulan\u0131r.<\/li>\n<li>Solvent i\u00e7ermez, \u00e7evre dostudur.<\/li>\n<\/ul>\n<\/div><\/section><\/p><\/div>\n<div  class='flex_column av-23s5hh-8e3552b3299aceaada308fbb37b2cd3f av_one_third  avia-builder-el-8  el_after_av_two_third  el_before_av_toggle_container  flex_column_div  column-top-margin'     ><section  class='av_textblock_section av-mgj43uvi-b4736210cf84f7364a7c3ad35c1fa416 '   itemscope=\"itemscope\" itemtype=\"https:\/\/schema.org\/CreativeWork\" ><div class='avia_textblock'  itemprop=\"text\" ><h4>TEKN\u0130K BELGELER<\/h4>\n<\/div><\/section><br \/>\n<section  class='av_textblock_section av-mgj440lo-f4291b0df88bd93617d0f263670f16ab '   itemscope=\"itemscope\" itemtype=\"https:\/\/schema.org\/CreativeWork\" ><div class='avia_textblock'  itemprop=\"text\" ><p><a href=\"https:\/\/www.kyk.com.tr\/wp-content\/uploads\/2026\/04\/s202_tds.pdf\" target=\"_blank\" rel=\"noopener\"><img loading=\"lazy\" decoding=\"async\" class=\"alignnone wp-image-8657 size-full\" src=\"https:\/\/www.kyk.com.tr\/wp-content\/uploads\/2025\/10\/TDS_1.jpg\" alt=\"\" width=\"410\" height=\"41\" srcset=\"https:\/\/www.kyk.com.tr\/wp-content\/uploads\/2025\/10\/TDS_1.jpg 410w, https:\/\/www.kyk.com.tr\/wp-content\/uploads\/2025\/10\/TDS_1-300x30.jpg 300w\" sizes=\"auto, (max-width: 410px) 100vw, 410px\" \/><\/a><br \/>\n<a href=\"https:\/\/www.kyk.com.tr\/wp-content\/uploads\/2025\/10\/s202_msds.pdf\" target=\"_blank\" rel=\"noopener\"><img loading=\"lazy\" decoding=\"async\" class=\"alignnone size-full wp-image-8656\" src=\"https:\/\/www.kyk.com.tr\/wp-content\/uploads\/2025\/10\/MSDS_1.jpg\" alt=\"\" width=\"410\" height=\"41\" srcset=\"https:\/\/www.kyk.com.tr\/wp-content\/uploads\/2025\/10\/MSDS_1.jpg 410w, https:\/\/www.kyk.com.tr\/wp-content\/uploads\/2025\/10\/MSDS_1-300x30.jpg 300w\" sizes=\"auto, (max-width: 410px) 100vw, 410px\" \/><\/a><br \/>\n<a href=\"https:\/\/www.kyk.com.tr\/?sdm_process_download=1&amp;download_id=9316\" target=\"_blank\" rel=\"noopener\"><img loading=\"lazy\" decoding=\"async\" class=\"alignnone wp-image-8657 size-full\" src=\"https:\/\/www.kyk.com.tr\/wp-content\/uploads\/2025\/10\/TSE.jpg\" alt=\"\" width=\"410\" height=\"41\" \/><\/a><br \/>\n<a href=\"https:\/\/www.kyk.com.tr\/?sdm_process_download=1&amp;download_id=9318\" target=\"_blank\" rel=\"noopener\"><img loading=\"lazy\" decoding=\"async\" class=\"alignnone size-full wp-image-8656\" src=\"https:\/\/www.kyk.com.tr\/wp-content\/uploads\/2025\/10\/CE.jpg\" alt=\"\" width=\"410\" height=\"41\" \/><\/a><\/p>\n<\/div><\/section><\/p><\/div>\n<style type=\"text\/css\" data-created_by=\"avia_inline_auto\" id=\"style-css-av-mgj47u3f-d0644a18ffba6636da712babf1c63d9b\">\n#top .togglecontainer.av-mgj47u3f-d0644a18ffba6636da712babf1c63d9b h6.toggler{\nfont-size:17px;\ncolor:#003e73;\n}\n#top .togglecontainer.av-mgj47u3f-d0644a18ffba6636da712babf1c63d9b h6.toggler .toggle_icon{\ncolor:#003e73;\nborder-color:#003e73;\n}\n#top .togglecontainer.av-mgj47u3f-d0644a18ffba6636da712babf1c63d9b h6.toggler .toggle_icon > span{\ncolor:#003e73;\nborder-color:#003e73;\n}\n#top .togglecontainer.av-mgj47u3f-d0644a18ffba6636da712babf1c63d9b .toggle_wrap .toggle_content{\nfont-size:14px;\ncolor:#003e73;\n}\n<\/style>\n<div  class='togglecontainer av-mgj47u3f-d0644a18ffba6636da712babf1c63d9b av-minimal-toggle  avia-builder-el-11  el_after_av_one_third  avia-builder-el-last  toggle_close_all' >\n<section class='av_toggle_section av-mgj44gvn-11357a94938f9ea9b812af2914825382'  itemscope=\"itemscope\" itemtype=\"https:\/\/schema.org\/CreativeWork\" ><div role=\"tablist\" class=\"single_toggle\" data-tags=\"{T\u00fcm\u00fc} \"  ><h6 id='toggle-toggle-id-1' data-fake-id='#toggle-id-1' class='toggler  av-title-above '  itemprop=\"headline\"  role='tab' tabindex='0' aria-controls='toggle-id-1' data-slide-speed=\"200\" data-title=\"KULLANIM ALANLARI\" data-title-open=\"\" data-aria_collapsed=\"Click to expand: KULLANIM ALANLARI\" data-aria_expanded=\"Click to collapse: KULLANIM ALANLARI\">KULLANIM ALANLARI<span class=\"toggle_icon\"><span class=\"vert_icon\"><\/span><span class=\"hor_icon\"><\/span><\/span><\/h6><div id='toggle-id-1' aria-labelledby='toggle-toggle-id-1' role='region' class='toggle_wrap  av-title-above'  ><div class='toggle_content invers-color '  itemprop=\"text\" ><p><strong>Mega\u0130zo Lastik 5 S202<\/strong>; banyo, mutfak, balkon gibi \u0131slak hacimlerde, teraslarda ve e\u011fimli \u00e7at\u0131larda son kat kaplama malzemelerinden \u00f6nce uygulan\u0131r. \u0130\u00e7 ve d\u0131\u015f mekanlarda, yatay ve d\u00fc\u015fey y\u00fczeylerde kullan\u0131l\u0131r.<\/p>\n<\/div><\/div><\/div><\/section>\n<section class='av_toggle_section av-mgj45bey-197f09165d0a214245bfdb5311f0253a'  itemscope=\"itemscope\" itemtype=\"https:\/\/schema.org\/CreativeWork\" ><div role=\"tablist\" class=\"single_toggle\" data-tags=\"{T\u00fcm\u00fc} \"  ><h6 id='toggle-toggle-id-2' data-fake-id='#toggle-id-2' class='toggler  av-title-above '  itemprop=\"headline\"  role='tab' tabindex='0' aria-controls='toggle-id-2' data-slide-speed=\"200\" data-title=\"PERFORMANS B\u0130LG\u0130LER\u0130\" data-title-open=\"\" data-aria_collapsed=\"Click to expand: PERFORMANS B\u0130LG\u0130LER\u0130\" data-aria_expanded=\"Click to collapse: PERFORMANS B\u0130LG\u0130LER\u0130\">PERFORMANS B\u0130LG\u0130LER\u0130<span class=\"toggle_icon\"><span class=\"vert_icon\"><\/span><span class=\"hor_icon\"><\/span><\/span><\/h6><div id='toggle-id-2' aria-labelledby='toggle-toggle-id-2' role='region' class='toggle_wrap  av-title-above'  ><div class='toggle_content invers-color '  itemprop=\"text\" ><table width=\"586\">\n<tbody>\n<tr>\n<td width=\"208\"><strong>TEST<\/strong><\/td>\n<td width=\"227\"><strong>DE\u011eER<\/strong><\/td>\n<td width=\"151\"><strong>STANDART<\/strong><\/td>\n<\/tr>\n<tr>\n<td width=\"208\"><strong>Kopmada uzama oran\u0131<\/strong><\/td>\n<td width=\"227\"><strong>&gt; %100<\/strong><\/td>\n<td width=\"151\"><strong>ASTM D 412<\/strong><\/td>\n<\/tr>\n<tr>\n<td width=\"208\"><strong>Ba\u015flang\u0131\u00e7 yap\u0131\u015fma mukavemeti<\/strong><\/td>\n<td width=\"227\"><strong>\u2265 0,5 N\/mm<sup>2<\/sup><\/strong><\/td>\n<td width=\"151\"><strong>TS EN 14891 : A.6.2<\/strong><\/td>\n<\/tr>\n<tr>\n<td width=\"208\"><strong>Su ile temastan sonra yap\u0131\u015fma mukavemeti<\/strong><\/td>\n<td width=\"227\"><strong>\u2265 0,5 N\/mm2<\/strong><\/td>\n<td width=\"151\"><strong>TS EN 14891 : A.6.3<\/strong><\/td>\n<\/tr>\n<tr>\n<td width=\"208\"><strong>Is\u0131l ya\u015fland\u0131rma sonras\u0131 yap\u0131\u015fma mukavemeti<\/strong><\/td>\n<td width=\"227\"><strong>\u2265 0,5 N\/mm2<\/strong><\/td>\n<td width=\"151\"><strong>TS EN 14891 : A.6.5<\/strong><\/td>\n<\/tr>\n<tr>\n<td width=\"208\"><strong>Donma &#8211; \u00c7\u00f6z\u00fcnme \u00e7evriminden sonra yap\u0131\u015fma mukavemeti<\/strong><\/td>\n<td width=\"227\"><strong>\u2265 0,5 N\/mm2<\/strong><\/td>\n<td width=\"151\"><strong>TS EN 14891 : A.6.6<\/strong><\/td>\n<\/tr>\n<tr>\n<td width=\"208\"><strong>Kire\u00e7li suyla temastan sonra yap\u0131\u015fma mukavemeti<\/strong><\/td>\n<td width=\"227\"><strong>\u2265 0,5 N\/mm2<\/strong><\/td>\n<td width=\"151\"><strong>TS EN 14891 : A.6.9<\/strong><\/td>\n<\/tr>\n<tr>\n<td width=\"208\"><strong>Su ge\u00e7irimsizlik<\/strong><\/td>\n<td width=\"227\"><strong>Penetrasyon yok, \u2264 20 gr k\u00fctle art\u0131\u015f\u0131<\/strong><\/td>\n<td width=\"151\"><strong>TS EN 14891 : A.7<\/strong><\/td>\n<\/tr>\n<tr>\n<td width=\"208\"><strong>Standart ko\u015fullarda \u00e7atlak<\/strong><\/p>\n<p><strong>k\u00f6pr\u00fcleme \u00f6zelli\u011fi<\/strong><\/td>\n<td width=\"227\"><strong>\u2265 0,75 mm<\/strong><\/td>\n<td width=\"151\"><strong>TS EN 14891 : A.8.2<\/strong><\/td>\n<\/tr>\n<tr>\n<td width=\"208\"><strong>Kapiler su emme ve su ge\u00e7irgenli\u011fi<\/strong><\/td>\n<td width=\"227\"><strong>W &lt; 0,1 kg\/m2s0,5<\/strong><\/td>\n<td width=\"151\"><strong>EN 1062 &#8211; 3<\/strong><\/td>\n<\/tr>\n<tr>\n<td width=\"208\"><strong>Su buhar\u0131 ge\u00e7irgenli\u011fi<\/strong><\/td>\n<td width=\"227\"><strong>S\u0131n\u0131f I<\/strong><\/td>\n<td width=\"151\"><strong>EN ISO 7783-2<\/strong><\/td>\n<\/tr>\n<\/tbody>\n<\/table>\n<p>Bu de\u011ferler laboratuvar \u015fartlar\u0131nda; 23 \u00b1 2\u00b0C ve %50 \u00b1 5 ba\u011f\u0131l nem ortam\u0131nda yap\u0131lan deneyler sonucunda elde edilmi\u015ftir. Tabloda verilen de\u011ferler y\u00fczey ve ortam ko\u015fullar\u0131na g\u00f6re farkl\u0131l\u0131k g\u00f6sterebilir.<\/p>\n<\/div><\/div><\/div><\/section>\n<section class='av_toggle_section av-mgj45gmk-8ce3831b1ee1a40384cb63e77aa06042'  itemscope=\"itemscope\" itemtype=\"https:\/\/schema.org\/CreativeWork\" ><div role=\"tablist\" class=\"single_toggle\" data-tags=\"{T\u00fcm\u00fc} \"  ><h6 id='toggle-toggle-id-3' data-fake-id='#toggle-id-3' class='toggler  av-title-above '  itemprop=\"headline\"  role='tab' tabindex='0' aria-controls='toggle-id-3' data-slide-speed=\"200\" data-title=\"UYGULAMA SINIRLARI\" data-title-open=\"\" data-aria_collapsed=\"Click to expand: UYGULAMA SINIRLARI\" data-aria_expanded=\"Click to collapse: UYGULAMA SINIRLARI\">UYGULAMA SINIRLARI<span class=\"toggle_icon\"><span class=\"vert_icon\"><\/span><span class=\"hor_icon\"><\/span><\/span><\/h6><div id='toggle-id-3' aria-labelledby='toggle-toggle-id-3' role='region' class='toggle_wrap  av-title-above'  ><div class='toggle_content invers-color '  itemprop=\"text\" ><table width=\"510\">\n<tbody>\n<tr>\n<td width=\"331\"><strong>A\u00c7IKLAMA<\/strong><\/td>\n<td width=\"180\"><strong>S\u00dcRE<\/strong><\/td>\n<\/tr>\n<tr>\n<td width=\"331\"><strong>Katlar aras\u0131 bekleme s\u00fcresi<\/strong><\/td>\n<td width=\"180\"><strong>Minimum 6 saat<\/strong><\/td>\n<\/tr>\n<tr>\n<td width=\"331\"><strong>\u00dczerine uygulama yap\u0131lmas\u0131 i\u00e7in gereken s\u00fcre<\/strong><\/td>\n<td width=\"180\"><strong>Minimum 3 g\u00fcn<\/strong><\/td>\n<\/tr>\n<tr>\n<td width=\"331\"><strong>Kullan\u0131ma alma s\u00fcresi<\/strong><\/td>\n<td width=\"180\"><strong>Minimum 7 g\u00fcn<\/strong><\/td>\n<\/tr>\n<\/tbody>\n<\/table>\n<p>Bu de\u011ferler laboratuvar \u015fartlar\u0131nda; 23 \u00b1 2\u00b0C ve %50 \u00b1 5 ba\u011f\u0131l nem ortam\u0131nda yap\u0131lan deneyler sonucunda elde edilmi\u015ftir. Tabloda verilen de\u011ferler y\u00fczey ve ortam ko\u015fullar\u0131na g\u00f6re farkl\u0131l\u0131k g\u00f6sterebilir.<\/p>\n<\/div><\/div><\/div><\/section>\n<section class='av_toggle_section av-mgj462sg-65ec499c774f357258ef43a725e166fd'  itemscope=\"itemscope\" itemtype=\"https:\/\/schema.org\/CreativeWork\" ><div role=\"tablist\" class=\"single_toggle\" data-tags=\"{T\u00fcm\u00fc} \"  ><h6 id='toggle-toggle-id-4' data-fake-id='#toggle-id-4' class='toggler  av-title-above '  itemprop=\"headline\"  role='tab' tabindex='0' aria-controls='toggle-id-4' data-slide-speed=\"200\" data-title=\"REFERANS STANDARTLARI\" data-title-open=\"\" data-aria_collapsed=\"Click to expand: REFERANS STANDARTLARI\" data-aria_expanded=\"Click to collapse: REFERANS STANDARTLARI\">REFERANS STANDARTLARI<span class=\"toggle_icon\"><span class=\"vert_icon\"><\/span><span class=\"hor_icon\"><\/span><\/span><\/h6><div id='toggle-id-4' aria-labelledby='toggle-toggle-id-4' role='region' class='toggle_wrap  av-title-above'  ><div class='toggle_content invers-color '  itemprop=\"text\" ><p><strong>Onaylar\/Standartlar:<\/strong><br \/>\nTS EN 14891<br \/>\nTS EN 1504-2<\/p>\n<p><strong>Bay\u0131nd\u0131rl\u0131k Bak. Poz No.:<\/strong><br \/>\nBay\u0131nd\u0131rl\u0131k Bak. Poz No.: 10.300.2174<\/p>\n<\/div><\/div><\/div><\/section>\n<\/div><\/p>\n","protected":false},"excerpt":{"rendered":"","protected":false},"featured_media":9136,"comment_status":"closed","ping_status":"closed","template":"","meta":{"_acf_changed":false},"product_brand":[],"product_cat":[60],"product_tag":[],"class_list":{"0":"post-4677","1":"product","2":"type-product","3":"status-publish","4":"has-post-thumbnail","6":"product_cat-su_yalitim_malzemeleri","8":"first","9":"instock","10":"shipping-taxable","11":"product-type-simple"},"acf":[],"_links":{"self":[{"href":"https:\/\/www.kyk.com.tr\/index.php?rest_route=\/wp\/v2\/product\/4677","targetHints":{"allow":["GET"]}}],"collection":[{"href":"https:\/\/www.kyk.com.tr\/index.php?rest_route=\/wp\/v2\/product"}],"about":[{"href":"https:\/\/www.kyk.com.tr\/index.php?rest_route=\/wp\/v2\/types\/product"}],"replies":[{"embeddable":true,"href":"https:\/\/www.kyk.com.tr\/index.php?rest_route=%2Fwp%2Fv2%2Fcomments&post=4677"}],"wp:featuredmedia":[{"embeddable":true,"href":"https:\/\/www.kyk.com.tr\/index.php?rest_route=\/wp\/v2\/media\/9136"}],"wp:attachment":[{"href":"https:\/\/www.kyk.com.tr\/index.php?rest_route=%2Fwp%2Fv2%2Fmedia&parent=4677"}],"wp:term":[{"taxonomy":"product_brand","embeddable":true,"href":"https:\/\/www.kyk.com.tr\/index.php?rest_route=%2Fwp%2Fv2%2Fproduct_brand&post=4677"},{"taxonomy":"product_cat","embeddable":true,"href":"https:\/\/www.kyk.com.tr\/index.php?rest_route=%2Fwp%2Fv2%2Fproduct_cat&post=4677"},{"taxonomy":"product_tag","embeddable":true,"href":"https:\/\/www.kyk.com.tr\/index.php?rest_route=%2Fwp%2Fv2%2Fproduct_tag&post=4677"}],"curies":[{"name":"wp","href":"https:\/\/api.w.org\/{rel}","templated":true}]}}