{"id":4689,"date":"2025-05-07T19:31:07","date_gmt":"2025-05-07T19:31:07","guid":{"rendered":"https:\/\/www.kyk.center\/?post_type=product&#038;p=4689"},"modified":"2026-04-27T12:16:49","modified_gmt":"2026-04-27T12:16:49","slug":"megaizo-kristalize-s106","status":"publish","type":"product","link":"https:\/\/www.kyk.com.tr\/?product=megaizo-kristalize-s106","title":{"rendered":"Mega\u0130zo Kristalize S106"},"content":{"rendered":"<div  class='flex_column av-7twuk1-e4bdc107bfbee67a77070d7de3b15347 av_one_third  avia-builder-el-0  el_before_av_one_half  avia-builder-el-first  first flex_column_div  '     ><style type=\"text\/css\" data-created_by=\"avia_inline_auto\" id=\"style-css-av-mgj4h6ox-efcf452bc51a8a39a07301c07f96aebb\">\n.avia-image-container.av-mgj4h6ox-efcf452bc51a8a39a07301c07f96aebb img.avia_image{\nbox-shadow:none;\n}\n.avia-image-container.av-mgj4h6ox-efcf452bc51a8a39a07301c07f96aebb .av-image-caption-overlay-center{\ncolor:#ffffff;\n}\n<\/style>\n<div  class='avia-image-container av-mgj4h6ox-efcf452bc51a8a39a07301c07f96aebb av-styling- avia-align-center  avia-builder-el-1  avia-builder-el-no-sibling '   itemprop=\"image\" itemscope=\"itemscope\" itemtype=\"https:\/\/schema.org\/ImageObject\" ><div class=\"avia-image-container-inner\"><div class=\"avia-image-overlay-wrap\"><img decoding=\"async\" fetchpriority=\"high\" class='wp-image-4690 avia-img-lazy-loading-not-4690 avia_image ' src=\"https:\/\/www.kyk.com.tr\/wp-content\/uploads\/2025\/05\/s106.png\" alt='' title='Mega\u0130zo Kristalize S106'  height=\"320\" width=\"320\"  itemprop=\"thumbnailUrl\" srcset=\"https:\/\/www.kyk.com.tr\/wp-content\/uploads\/2025\/05\/s106.png 320w, https:\/\/www.kyk.com.tr\/wp-content\/uploads\/2025\/05\/s106-300x300.png 300w, https:\/\/www.kyk.com.tr\/wp-content\/uploads\/2025\/05\/s106-100x100.png 100w, https:\/\/www.kyk.com.tr\/wp-content\/uploads\/2025\/05\/s106-80x80.png 80w, https:\/\/www.kyk.com.tr\/wp-content\/uploads\/2025\/05\/s106-36x36.png 36w, https:\/\/www.kyk.com.tr\/wp-content\/uploads\/2025\/05\/s106-180x180.png 180w, https:\/\/www.kyk.com.tr\/wp-content\/uploads\/2025\/05\/s106-120x120.png 120w, https:\/\/www.kyk.com.tr\/wp-content\/uploads\/2025\/05\/s106-96x96.png 96w\" sizes=\"(max-width: 320px) 100vw, 320px\" \/><\/div><\/div><\/div><\/div>\n<div  class='flex_column av-64iext-3da3824005c62dd2f922596312955811 av_one_half  avia-builder-el-2  el_after_av_one_third  el_before_av_two_third  flex_column_div  '     ><section  class='av_textblock_section av-mgj4hfqt-af482790ce205099c33989f9d9d583ac '   itemscope=\"itemscope\" itemtype=\"https:\/\/schema.org\/CreativeWork\" ><div class='avia_textblock'  itemprop=\"text\" ><h1>Mega\u0130zo Kristalize S106<\/h1>\n<\/div><\/section><br \/>\n\n<style type=\"text\/css\" data-created_by=\"avia_inline_auto\" id=\"style-css-av-mgj4hrl4-c52901f000410bf5951f65cc31e5a545\">\n#top .av_textblock_section.av-mgj4hrl4-c52901f000410bf5951f65cc31e5a545 .avia_textblock{\nfont-size:14px;\n}\n<\/style>\n<section  class='av_textblock_section av-mgj4hrl4-c52901f000410bf5951f65cc31e5a545 '   itemscope=\"itemscope\" itemtype=\"https:\/\/schema.org\/CreativeWork\" ><div class='avia_textblock'  itemprop=\"text\" ><p><strong>\u00c7imento esasl\u0131, tek bile\u015fenli, pozitif ve negatif su bas\u0131nc\u0131na dayan\u0131ml\u0131, \u00e7imento esasl\u0131 y\u00fczeylerde kapiler bo\u015fluklara i\u015fleyerek su ge\u00e7irimsizlik sa\u011flayan su yal\u0131t\u0131m harc\u0131d\u0131r.<\/strong><\/p>\n<\/div><\/section><\/p><\/div>\n<div  class='flex_column av-3lydtt-5a840f58c8f308f50aecd6ce1e0400ae av_two_third  avia-builder-el-5  el_after_av_one_half  el_before_av_one_third  first flex_column_div  column-top-margin'     ><section  class='av_textblock_section av-mgj4i8vu-e5b1e97b615c554115a8c00ee3bccb45 '   itemscope=\"itemscope\" itemtype=\"https:\/\/schema.org\/CreativeWork\" ><div class='avia_textblock'  itemprop=\"text\" ><h4>\u00a0 \u00a0 \u00dcR\u00dcN AVANTAJLARI<\/h4>\n<\/div><\/section><br \/>\n\n<style type=\"text\/css\" data-created_by=\"avia_inline_auto\" id=\"style-css-av-mgj4imnp-5b724a7048ff198d75967aa5663038bc\">\n#top .av_textblock_section.av-mgj4imnp-5b724a7048ff198d75967aa5663038bc .avia_textblock{\nfont-size:14px;\n}\n<\/style>\n<section  class='av_textblock_section av-mgj4imnp-5b724a7048ff198d75967aa5663038bc '   itemscope=\"itemscope\" itemtype=\"https:\/\/schema.org\/CreativeWork\" ><div class='avia_textblock'  itemprop=\"text\" ><ul>\n<li>Y\u00fczeyin hem negatif hem de pozitif y\u00f6nden etki eden su bas\u0131nc\u0131na kar\u015f\u0131 diren\u00e7 g\u00f6stermesini sa\u011flar.<\/li>\n<li>K\u0131lcal \u00e7atlaklar\u0131n i\u00e7ine kolayca yerle\u015fir ve kristal bir yap\u0131 olu\u015fturup bu \u00e7atlaklar\u0131 doldurarak su ge\u00e7irimsizli\u011fi sa\u011flar.<\/li>\n<li>\u0130\u00e7me suyu ile temasa uygundur.<\/li>\n<li>Lokal onar\u0131m\u0131 h\u0131zl\u0131 ve kolayd\u0131r.<\/li>\n<li>Kolay haz\u0131rlan\u0131r ve uygulan\u0131r.<\/li>\n<\/ul>\n<\/div><\/section><\/p><\/div>\n<div  class='flex_column av-2uknpt-a7e5b74203fee461b7a42819c5f038d1 av_one_third  avia-builder-el-8  el_after_av_two_third  el_before_av_toggle_container  flex_column_div  column-top-margin'     ><section  class='av_textblock_section av-mgj4iww6-b8b31ec2fdf9f9f05cb58be09210fc44 '   itemscope=\"itemscope\" itemtype=\"https:\/\/schema.org\/CreativeWork\" ><div class='avia_textblock'  itemprop=\"text\" ><h4>TEKN\u0130K BELGELER<\/h4>\n<\/div><\/section><br \/>\n<section  class='av_textblock_section av-mgj4j28k-337ea5d36018c80ae1f2ce4854a127e2 '   itemscope=\"itemscope\" itemtype=\"https:\/\/schema.org\/CreativeWork\" ><div class='avia_textblock'  itemprop=\"text\" ><p><a href=\"https:\/\/www.kyk.com.tr\/wp-content\/uploads\/2026\/04\/s106_tds.pdf\" target=\"_blank\" rel=\"noopener\"><img loading=\"lazy\" decoding=\"async\" class=\"alignnone wp-image-8657 size-full\" src=\"https:\/\/www.kyk.com.tr\/wp-content\/uploads\/2025\/10\/TDS_1.jpg\" alt=\"\" width=\"410\" height=\"41\" srcset=\"https:\/\/www.kyk.com.tr\/wp-content\/uploads\/2025\/10\/TDS_1.jpg 410w, https:\/\/www.kyk.com.tr\/wp-content\/uploads\/2025\/10\/TDS_1-300x30.jpg 300w\" sizes=\"auto, (max-width: 410px) 100vw, 410px\" \/><\/a><br \/>\n<a href=\"https:\/\/www.kyk.com.tr\/wp-content\/uploads\/2025\/10\/s106_msds.pdf\" target=\"_blank\" rel=\"noopener\"><img loading=\"lazy\" decoding=\"async\" class=\"alignnone size-full wp-image-8656\" src=\"https:\/\/www.kyk.com.tr\/wp-content\/uploads\/2025\/10\/MSDS_1.jpg\" alt=\"\" width=\"410\" height=\"41\" srcset=\"https:\/\/www.kyk.com.tr\/wp-content\/uploads\/2025\/10\/MSDS_1.jpg 410w, https:\/\/www.kyk.com.tr\/wp-content\/uploads\/2025\/10\/MSDS_1-300x30.jpg 300w\" sizes=\"auto, (max-width: 410px) 100vw, 410px\" \/><\/a><br \/>\n<a href=\"https:\/\/www.kyk.com.tr\/?sdm_process_download=1&amp;download_id=9325\" target=\"_blank\" rel=\"noopener\"><img loading=\"lazy\" decoding=\"async\" class=\"alignnone wp-image-8657 size-full\" src=\"https:\/\/www.kyk.com.tr\/wp-content\/uploads\/2025\/10\/TSE.jpg\" alt=\"\" width=\"410\" height=\"41\" \/><\/a><br \/>\n<a href=\"https:\/\/www.kyk.com.tr\/?sdm_process_download=1&amp;download_id=9327\" target=\"_blank\" rel=\"noopener\"><img loading=\"lazy\" decoding=\"async\" class=\"alignnone size-full wp-image-8656\" src=\"https:\/\/www.kyk.com.tr\/wp-content\/uploads\/2025\/10\/CE.jpg\" alt=\"\" width=\"410\" height=\"41\" \/><\/a><\/p>\n<\/div><\/section><\/p><\/div>\n<style type=\"text\/css\" data-created_by=\"avia_inline_auto\" id=\"style-css-av-mgj4mbca-e4f3ad73dac08f4964c0b3debe780e87\">\n#top .togglecontainer.av-mgj4mbca-e4f3ad73dac08f4964c0b3debe780e87 h6.toggler{\nfont-size:17px;\ncolor:#003e73;\n}\n#top .togglecontainer.av-mgj4mbca-e4f3ad73dac08f4964c0b3debe780e87 h6.toggler .toggle_icon{\ncolor:#003e73;\nborder-color:#003e73;\n}\n#top .togglecontainer.av-mgj4mbca-e4f3ad73dac08f4964c0b3debe780e87 h6.toggler .toggle_icon > span{\ncolor:#003e73;\nborder-color:#003e73;\n}\n#top .togglecontainer.av-mgj4mbca-e4f3ad73dac08f4964c0b3debe780e87 .toggle_wrap .toggle_content{\nfont-size:14px;\ncolor:#003e73;\n}\n<\/style>\n<div  class='togglecontainer av-mgj4mbca-e4f3ad73dac08f4964c0b3debe780e87 av-minimal-toggle  avia-builder-el-11  el_after_av_one_third  avia-builder-el-last  toggle_close_all' >\n<section class='av_toggle_section av-mgj4jmr9-88dd73d83ee515e9fcae8cebcd378324'  itemscope=\"itemscope\" itemtype=\"https:\/\/schema.org\/CreativeWork\" ><div role=\"tablist\" class=\"single_toggle\" data-tags=\"{T\u00fcm\u00fc} \"  ><h6 id='toggle-toggle-id-1' data-fake-id='#toggle-id-1' class='toggler  av-title-above '  itemprop=\"headline\"  role='tab' tabindex='0' aria-controls='toggle-id-1' data-slide-speed=\"200\" data-title=\"KULLANIM ALANLARI\" data-title-open=\"\" data-aria_collapsed=\"Click to expand: KULLANIM ALANLARI\" data-aria_expanded=\"Click to collapse: KULLANIM ALANLARI\">KULLANIM ALANLARI<span class=\"toggle_icon\"><span class=\"vert_icon\"><\/span><span class=\"hor_icon\"><\/span><\/span><\/h6><div id='toggle-id-1' aria-labelledby='toggle-toggle-id-1' role='region' class='toggle_wrap  av-title-above'  ><div class='toggle_content invers-color '  itemprop=\"text\" ><p><strong>Mega\u0130zo Kristalize S106<\/strong>; y\u00fczme havuzlar\u0131nda, kanalizasyon ve at\u0131k su ar\u0131tma tesislerinde, bodrumlarda, su depolar\u0131nda, asans\u00f6r bo\u015fluklar\u0131nda, depo ve garajlarda, sa\u011flam beton y\u00fczeylerde negatif ve pozitif y\u00f6nden meydana gelebilecek s\u0131zd\u0131rma problemlerinin engellenmesi amac\u0131yla uygulan\u0131r. \u0130\u00e7 ve d\u0131\u015f mekanlarda, yatay ve d\u00fc\u015fey y\u00fczeylerde kullan\u0131l\u0131r.<\/p>\n<\/div><\/div><\/div><\/section>\n<section class='av_toggle_section av-mgj4klnc-514eb7ca11a08f97ff5c3de3350b9516'  itemscope=\"itemscope\" itemtype=\"https:\/\/schema.org\/CreativeWork\" ><div role=\"tablist\" class=\"single_toggle\" data-tags=\"{T\u00fcm\u00fc} \"  ><h6 id='toggle-toggle-id-2' data-fake-id='#toggle-id-2' class='toggler  av-title-above '  itemprop=\"headline\"  role='tab' tabindex='0' aria-controls='toggle-id-2' data-slide-speed=\"200\" data-title=\"PERFORMANS B\u0130LG\u0130LER\u0130\" data-title-open=\"\" data-aria_collapsed=\"Click to expand: PERFORMANS B\u0130LG\u0130LER\u0130\" data-aria_expanded=\"Click to collapse: PERFORMANS B\u0130LG\u0130LER\u0130\">PERFORMANS B\u0130LG\u0130LER\u0130<span class=\"toggle_icon\"><span class=\"vert_icon\"><\/span><span class=\"hor_icon\"><\/span><\/span><\/h6><div id='toggle-id-2' aria-labelledby='toggle-toggle-id-2' role='region' class='toggle_wrap  av-title-above'  ><div class='toggle_content invers-color '  itemprop=\"text\" ><table width=\"690\">\n<tbody>\n<tr>\n<td width=\"274\"><strong>TEST<\/strong><\/td>\n<td width=\"293\"><strong>DE\u011eER<\/strong><\/td>\n<td width=\"123\"><strong>STANDART<\/strong><\/td>\n<\/tr>\n<tr>\n<td width=\"274\"><strong>Su buhar\u0131 ge\u00e7irgenli\u011fi<\/strong><\/td>\n<td width=\"293\"><strong>S\u0131n\u0131f I<\/strong><\/td>\n<td width=\"123\"><strong>EN 7783<\/strong><\/td>\n<\/tr>\n<tr>\n<td width=\"274\"><strong>Kapiler su emme ve su ge\u00e7irgenli\u011fi<\/strong><\/td>\n<td width=\"293\"><strong>w&lt;0,1 kg\/m<sup>2<\/sup>.h<sup>0,5<\/sup><\/strong><\/td>\n<td width=\"123\"><strong>EN 1062 &#8211; 3<\/strong><\/td>\n<\/tr>\n<tr>\n<td width=\"274\"><strong>Yap\u0131\u015fma mukavemeti<\/strong><\/td>\n<td width=\"293\"><strong>\u2265 0,8 N\/mm<sup>2<\/sup>\u00a0\u00a0\u00a0\u00a0\u00a0\u00a0\u00a0\u00a0\u00a0\u00a0\u00a0\u00a0<\/strong><\/td>\n<td width=\"123\"><strong>EN 1542<\/strong><\/td>\n<\/tr>\n<tr>\n<td width=\"274\"><strong>Yang\u0131na tepki<\/strong><\/td>\n<td width=\"293\"><strong>A1<\/strong><\/td>\n<td width=\"123\"><strong>EN 13501 &#8211; 1<\/strong><\/td>\n<\/tr>\n<\/tbody>\n<\/table>\n<p>Bu de\u011ferler laboratuvar \u015fartlar\u0131nda; 23 \u00b1 2\u00b0C ve %50 \u00b1 5 ba\u011f\u0131l nem ortam\u0131nda yap\u0131lan deneyler sonucunda elde edilmi\u015ftir. Tabloda verilen de\u011ferler y\u00fczey ve ortam ko\u015fullar\u0131na g\u00f6re farkl\u0131l\u0131k g\u00f6sterebilir.<\/p>\n<\/div><\/div><\/div><\/section>\n<section class='av_toggle_section av-mgj4kqkj-0ed0ebe993929eab4acdc10b9d709dee'  itemscope=\"itemscope\" itemtype=\"https:\/\/schema.org\/CreativeWork\" ><div role=\"tablist\" class=\"single_toggle\" data-tags=\"{T\u00fcm\u00fc} \"  ><h6 id='toggle-toggle-id-3' data-fake-id='#toggle-id-3' class='toggler  av-title-above '  itemprop=\"headline\"  role='tab' tabindex='0' aria-controls='toggle-id-3' data-slide-speed=\"200\" data-title=\"UYGULAMA SINIRLARI\" data-title-open=\"\" data-aria_collapsed=\"Click to expand: UYGULAMA SINIRLARI\" data-aria_expanded=\"Click to collapse: UYGULAMA SINIRLARI\">UYGULAMA SINIRLARI<span class=\"toggle_icon\"><span class=\"vert_icon\"><\/span><span class=\"hor_icon\"><\/span><\/span><\/h6><div id='toggle-id-3' aria-labelledby='toggle-toggle-id-3' role='region' class='toggle_wrap  av-title-above'  ><div class='toggle_content invers-color '  itemprop=\"text\" ><table width=\"510\">\n<tbody>\n<tr>\n<td width=\"359\"><strong>A\u00c7IKLAMA<\/strong><\/td>\n<td width=\"151\"><strong>S\u00dcRE<\/strong><\/td>\n<\/tr>\n<tr>\n<td width=\"359\"><strong>Kap \u00f6mr\u00fc<\/strong><\/td>\n<td width=\"151\"><strong>Maksimum 30 dk.<\/strong><\/td>\n<\/tr>\n<tr>\n<td width=\"359\"><strong>Katlar aras\u0131 beklenilmesi gereken s\u00fcre<\/strong><\/td>\n<td width=\"151\"><strong>Minimum 6 saat<\/strong><\/td>\n<\/tr>\n<tr>\n<td width=\"359\"><strong>\u00dczerine uygulama yap\u0131lmas\u0131 i\u00e7in beklenmesi gereken s\u00fcre<\/strong><\/td>\n<td width=\"151\"><strong>Minimum 3 g\u00fcn<\/strong><\/td>\n<\/tr>\n<tr>\n<td width=\"359\"><strong>Kullan\u0131ma alma s\u00fcresi<\/strong><\/td>\n<td width=\"151\"><strong>Minimum 7 g\u00fcn<\/strong><\/td>\n<\/tr>\n<\/tbody>\n<\/table>\n<p>Bu de\u011ferler laboratuvar \u015fartlar\u0131nda; 23 \u00b1 2\u00b0C ve %50 \u00b1 5 ba\u011f\u0131l nem ortam\u0131nda yap\u0131lan deneyler sonucunda elde edilmi\u015ftir. Tabloda verilen de\u011ferler y\u00fczey ve ortam ko\u015fullar\u0131na g\u00f6re farkl\u0131l\u0131k g\u00f6sterebilir.<\/p>\n<\/div><\/div><\/div><\/section>\n<section class='av_toggle_section av-mgj4l8jq-2710dd859f8ccd8a408a9183efdd30e0'  itemscope=\"itemscope\" itemtype=\"https:\/\/schema.org\/CreativeWork\" ><div role=\"tablist\" class=\"single_toggle\" data-tags=\"{T\u00fcm\u00fc} \"  ><h6 id='toggle-toggle-id-4' data-fake-id='#toggle-id-4' class='toggler  av-title-above '  itemprop=\"headline\"  role='tab' tabindex='0' aria-controls='toggle-id-4' data-slide-speed=\"200\" data-title=\"REFERANS STANDARTLARI\" data-title-open=\"\" data-aria_collapsed=\"Click to expand: REFERANS STANDARTLARI\" data-aria_expanded=\"Click to collapse: REFERANS STANDARTLARI\">REFERANS STANDARTLARI<span class=\"toggle_icon\"><span class=\"vert_icon\"><\/span><span class=\"hor_icon\"><\/span><\/span><\/h6><div id='toggle-id-4' aria-labelledby='toggle-toggle-id-4' role='region' class='toggle_wrap  av-title-above'  ><div class='toggle_content invers-color '  itemprop=\"text\" ><p><strong>Onaylar\/Standartlar:<\/strong><br \/>\nTS EN 1504-2<\/p>\n<p><strong>Bay\u0131nd\u0131rl\u0131k Bak. Poz No.:<\/strong><br \/>\nBay\u0131nd\u0131rl\u0131k Bak. Poz No.: 10.300.2172<\/p>\n<\/div><\/div><\/div><\/section>\n<\/div><\/p>\n","protected":false},"excerpt":{"rendered":"","protected":false},"featured_media":4690,"comment_status":"closed","ping_status":"closed","template":"","meta":{"_acf_changed":false},"product_brand":[],"product_cat":[60],"product_tag":[],"class_list":{"0":"post-4689","1":"product","2":"type-product","3":"status-publish","4":"has-post-thumbnail","6":"product_cat-su_yalitim_malzemeleri","8":"first","9":"instock","10":"shipping-taxable","11":"product-type-simple"},"acf":[],"_links":{"self":[{"href":"https:\/\/www.kyk.com.tr\/index.php?rest_route=\/wp\/v2\/product\/4689","targetHints":{"allow":["GET"]}}],"collection":[{"href":"https:\/\/www.kyk.com.tr\/index.php?rest_route=\/wp\/v2\/product"}],"about":[{"href":"https:\/\/www.kyk.com.tr\/index.php?rest_route=\/wp\/v2\/types\/product"}],"replies":[{"embeddable":true,"href":"https:\/\/www.kyk.com.tr\/index.php?rest_route=%2Fwp%2Fv2%2Fcomments&post=4689"}],"wp:featuredmedia":[{"embeddable":true,"href":"https:\/\/www.kyk.com.tr\/index.php?rest_route=\/wp\/v2\/media\/4690"}],"wp:attachment":[{"href":"https:\/\/www.kyk.com.tr\/index.php?rest_route=%2Fwp%2Fv2%2Fmedia&parent=4689"}],"wp:term":[{"taxonomy":"product_brand","embeddable":true,"href":"https:\/\/www.kyk.com.tr\/index.php?rest_route=%2Fwp%2Fv2%2Fproduct_brand&post=4689"},{"taxonomy":"product_cat","embeddable":true,"href":"https:\/\/www.kyk.com.tr\/index.php?rest_route=%2Fwp%2Fv2%2Fproduct_cat&post=4689"},{"taxonomy":"product_tag","embeddable":true,"href":"https:\/\/www.kyk.com.tr\/index.php?rest_route=%2Fwp%2Fv2%2Fproduct_tag&post=4689"}],"curies":[{"name":"wp","href":"https:\/\/api.w.org\/{rel}","templated":true}]}}