{"id":4708,"date":"2025-05-07T19:56:57","date_gmt":"2025-05-07T19:56:57","guid":{"rendered":"https:\/\/www.kyk.center\/?post_type=product&#038;p=4708"},"modified":"2026-04-27T12:24:04","modified_gmt":"2026-04-27T12:24:04","slug":"megaizo-2k-s303","status":"publish","type":"product","link":"https:\/\/www.kyk.com.tr\/?product=megaizo-2k-s303","title":{"rendered":"Mega\u0130zo 2K S303"},"content":{"rendered":"<div  class='flex_column av-6v0uis-598e83fa636ab6c2aa28f3c6e9f0c5e6 av_one_third  avia-builder-el-0  el_before_av_one_half  avia-builder-el-first  first flex_column_div  '     ><style type=\"text\/css\" data-created_by=\"avia_inline_auto\" id=\"style-css-av-mgj597gw-6afff714a4bb52ac42288783c470b2f8\">\n.avia-image-container.av-mgj597gw-6afff714a4bb52ac42288783c470b2f8 img.avia_image{\nbox-shadow:none;\n}\n.avia-image-container.av-mgj597gw-6afff714a4bb52ac42288783c470b2f8 .av-image-caption-overlay-center{\ncolor:#ffffff;\n}\n<\/style>\n<div  class='avia-image-container av-mgj597gw-6afff714a4bb52ac42288783c470b2f8 av-styling- avia-align-center  avia-builder-el-1  avia-builder-el-no-sibling '   itemprop=\"image\" itemscope=\"itemscope\" itemtype=\"https:\/\/schema.org\/ImageObject\" ><div class=\"avia-image-container-inner\"><div class=\"avia-image-overlay-wrap\"><img decoding=\"async\" fetchpriority=\"high\" class='wp-image-4709 avia-img-lazy-loading-not-4709 avia_image ' src=\"https:\/\/www.kyk.com.tr\/wp-content\/uploads\/2025\/05\/s303.png\" alt='' title='Mega\u0130zo 2K S303'  height=\"320\" width=\"320\"  itemprop=\"thumbnailUrl\" srcset=\"https:\/\/www.kyk.com.tr\/wp-content\/uploads\/2025\/05\/s303.png 320w, https:\/\/www.kyk.com.tr\/wp-content\/uploads\/2025\/05\/s303-300x300.png 300w, https:\/\/www.kyk.com.tr\/wp-content\/uploads\/2025\/05\/s303-100x100.png 100w, https:\/\/www.kyk.com.tr\/wp-content\/uploads\/2025\/05\/s303-80x80.png 80w, https:\/\/www.kyk.com.tr\/wp-content\/uploads\/2025\/05\/s303-36x36.png 36w, https:\/\/www.kyk.com.tr\/wp-content\/uploads\/2025\/05\/s303-180x180.png 180w, https:\/\/www.kyk.com.tr\/wp-content\/uploads\/2025\/05\/s303-120x120.png 120w, https:\/\/www.kyk.com.tr\/wp-content\/uploads\/2025\/05\/s303-96x96.png 96w\" sizes=\"(max-width: 320px) 100vw, 320px\" \/><\/div><\/div><\/div><\/div>\n<div  class='flex_column av-5tzgz8-4cd8309d688a6bd6c04020c9b0e76fae av_one_half  avia-builder-el-2  el_after_av_one_third  el_before_av_two_third  flex_column_div  '     ><section  class='av_textblock_section av-mgj59eky-ae9f04eeab2154025a54b7ff9626b381 '   itemscope=\"itemscope\" itemtype=\"https:\/\/schema.org\/CreativeWork\" ><div class='avia_textblock'  itemprop=\"text\" ><h1>Mega\u0130zo 2K S303<\/h1>\n<\/div><\/section><br \/>\n\n<style type=\"text\/css\" data-created_by=\"avia_inline_auto\" id=\"style-css-av-mgj59x07-76b22477846cae461206283df824513c\">\n#top .av_textblock_section.av-mgj59x07-76b22477846cae461206283df824513c .avia_textblock{\nfont-size:14px;\n}\n<\/style>\n<section  class='av_textblock_section av-mgj59x07-76b22477846cae461206283df824513c '   itemscope=\"itemscope\" itemtype=\"https:\/\/schema.org\/CreativeWork\" ><div class='avia_textblock'  itemprop=\"text\" ><p><strong>Polimer modifiye edilmi\u015f bit\u00fcm em\u00fclsiyon esasl\u0131 s\u0131v\u0131 bile\u015fen ve mineral dolgu esasl\u0131 toz bile\u015fenden olu\u015fan, kurudu\u011funda eksiz, esnek bir membran olu\u015fturan, solvent i\u00e7ermeyen, elastik su yal\u0131t\u0131m malzemesidir.<\/strong><\/p>\n<\/div><\/section><\/p><\/div>\n<div  class='flex_column av-3zns6s-3715cb83885345f08e24b9203392f4d7 av_two_third  avia-builder-el-5  el_after_av_one_half  el_before_av_one_third  first flex_column_div  column-top-margin'     ><section  class='av_textblock_section av-mgj5aerz-91d49f874f0f2f1af04fa0ddf9615582 '   itemscope=\"itemscope\" itemtype=\"https:\/\/schema.org\/CreativeWork\" ><div class='avia_textblock'  itemprop=\"text\" ><h4>\u00a0 \u00a0 \u00dcR\u00dcN AVANTAJLARI<\/h4>\n<\/div><\/section><br \/>\n\n<style type=\"text\/css\" data-created_by=\"avia_inline_auto\" id=\"style-css-av-mgj5aowy-de14b4d599d70ebc9f1e826b338f8351\">\n#top .av_textblock_section.av-mgj5aowy-de14b4d599d70ebc9f1e826b338f8351 .avia_textblock{\nfont-size:14px;\n}\n<\/style>\n<section  class='av_textblock_section av-mgj5aowy-de14b4d599d70ebc9f1e826b338f8351 '   itemscope=\"itemscope\" itemtype=\"https:\/\/schema.org\/CreativeWork\" ><div class='avia_textblock'  itemprop=\"text\" ><ul>\n<li>Yer alt\u0131 kullan\u0131m\u0131 i\u00e7in uygundur.<\/li>\n<li>D\u00fc\u015fey y\u00fczeylerde akma ve sarkma yapmaz.<\/li>\n<li>\u00c7atlak k\u00f6pr\u00fcleme kapasitesi y\u00fcksektir.<\/li>\n<li>Elastiktir.<\/li>\n<li>Lokal onar\u0131m\u0131 h\u0131zl\u0131 ve kolayd\u0131r.<\/li>\n<li>Uyguland\u0131\u011f\u0131 y\u00fczeylerde eksiz bir yal\u0131t\u0131m sa\u011flar.<\/li>\n<li>Y\u00fcksek yap\u0131\u015fma g\u00fcc\u00fcne sahiptir.<\/li>\n<li>H\u0131zl\u0131 ve kolay uygulan\u0131r.<\/li>\n<li>Solvent i\u00e7ermez, \u00e7evre dostudur.<\/li>\n<\/ul>\n<\/div><\/section><\/p><\/div>\n<div  class='flex_column av-29n9tg-52166eb4850472e12230b5a0d9b25d15 av_one_third  avia-builder-el-8  el_after_av_two_third  el_before_av_toggle_container  flex_column_div  column-top-margin'     ><section  class='av_textblock_section av-mgj5azwm-32a656be38230351ffd968fe6560fb95 '   itemscope=\"itemscope\" itemtype=\"https:\/\/schema.org\/CreativeWork\" ><div class='avia_textblock'  itemprop=\"text\" ><h4>TEKN\u0130K BELGELER<\/h4>\n<\/div><\/section><br \/>\n<section  class='av_textblock_section av-mgj5b53w-417d0aa94a5a2ae6b9895c4a0f122e94 '   itemscope=\"itemscope\" itemtype=\"https:\/\/schema.org\/CreativeWork\" ><div class='avia_textblock'  itemprop=\"text\" ><p><a href=\"https:\/\/www.kyk.com.tr\/wp-content\/uploads\/2026\/04\/S303_tds.pdf\" target=\"_blank\" rel=\"noopener\"><img loading=\"lazy\" decoding=\"async\" class=\"alignnone wp-image-8657 size-full\" src=\"https:\/\/www.kyk.com.tr\/wp-content\/uploads\/2025\/10\/TDS_1.jpg\" alt=\"\" width=\"410\" height=\"41\" srcset=\"https:\/\/www.kyk.com.tr\/wp-content\/uploads\/2025\/10\/TDS_1.jpg 410w, https:\/\/www.kyk.com.tr\/wp-content\/uploads\/2025\/10\/TDS_1-300x30.jpg 300w\" sizes=\"auto, (max-width: 410px) 100vw, 410px\" \/><\/a><br \/>\n<a href=\"https:\/\/www.kyk.com.tr\/wp-content\/uploads\/2025\/10\/s303_msds.pdf\" target=\"_blank\" rel=\"noopener\"><img loading=\"lazy\" decoding=\"async\" class=\"alignnone size-full wp-image-8656\" src=\"https:\/\/www.kyk.com.tr\/wp-content\/uploads\/2025\/10\/MSDS_1.jpg\" alt=\"\" width=\"410\" height=\"41\" srcset=\"https:\/\/www.kyk.com.tr\/wp-content\/uploads\/2025\/10\/MSDS_1.jpg 410w, https:\/\/www.kyk.com.tr\/wp-content\/uploads\/2025\/10\/MSDS_1-300x30.jpg 300w\" sizes=\"auto, (max-width: 410px) 100vw, 410px\" \/><\/a><br \/>\n<a href=\"https:\/\/www.kyk.com.tr\/?sdm_process_download=1&amp;download_id=9337\" target=\"_blank\" rel=\"noopener\"><img loading=\"lazy\" decoding=\"async\" class=\"alignnone wp-image-8657 size-full\" src=\"https:\/\/www.kyk.com.tr\/wp-content\/uploads\/2025\/10\/TSE.jpg\" alt=\"\" width=\"410\" height=\"41\" \/><\/a><br \/>\n<a href=\"https:\/\/www.kyk.com.tr\/?sdm_process_download=1&amp;download_id=9339\" target=\"_blank\" rel=\"noopener\"><img loading=\"lazy\" decoding=\"async\" class=\"alignnone size-full wp-image-8656\" src=\"https:\/\/www.kyk.com.tr\/wp-content\/uploads\/2025\/10\/CE.jpg\" alt=\"\" width=\"410\" height=\"41\" \/><\/a><\/p>\n<\/div><\/section><\/p><\/div>\n<style type=\"text\/css\" data-created_by=\"avia_inline_auto\" id=\"style-css-av-mgj5e2x9-8a391afa4753404ec1be56b2561cc076\">\n#top .togglecontainer.av-mgj5e2x9-8a391afa4753404ec1be56b2561cc076 h6.toggler{\nfont-size:17px;\ncolor:#003e73;\n}\n#top .togglecontainer.av-mgj5e2x9-8a391afa4753404ec1be56b2561cc076 h6.toggler .toggle_icon{\ncolor:#003e73;\nborder-color:#003e73;\n}\n#top .togglecontainer.av-mgj5e2x9-8a391afa4753404ec1be56b2561cc076 h6.toggler .toggle_icon > span{\ncolor:#003e73;\nborder-color:#003e73;\n}\n#top .togglecontainer.av-mgj5e2x9-8a391afa4753404ec1be56b2561cc076 .toggle_wrap .toggle_content{\nfont-size:14px;\ncolor:#003e73;\n}\n<\/style>\n<div  class='togglecontainer av-mgj5e2x9-8a391afa4753404ec1be56b2561cc076 av-minimal-toggle  avia-builder-el-11  el_after_av_one_third  avia-builder-el-last  toggle_close_all' >\n<section class='av_toggle_section av-mgj5bqa8-df13c0bc26f78e9df8759b221039eec3'  itemscope=\"itemscope\" itemtype=\"https:\/\/schema.org\/CreativeWork\" ><div role=\"tablist\" class=\"single_toggle\" data-tags=\"{T\u00fcm\u00fc} \"  ><h6 id='toggle-toggle-id-1' data-fake-id='#toggle-id-1' class='toggler  av-title-above '  itemprop=\"headline\"  role='tab' tabindex='0' aria-controls='toggle-id-1' data-slide-speed=\"200\" data-title=\"KULLANIM ALANLARI\" data-title-open=\"\" data-aria_collapsed=\"Click to expand: KULLANIM ALANLARI\" data-aria_expanded=\"Click to collapse: KULLANIM ALANLARI\">KULLANIM ALANLARI<span class=\"toggle_icon\"><span class=\"vert_icon\"><\/span><span class=\"hor_icon\"><\/span><\/span><\/h6><div id='toggle-id-1' aria-labelledby='toggle-toggle-id-1' role='region' class='toggle_wrap  av-title-above'  ><div class='toggle_content invers-color '  itemprop=\"text\" ><p><strong>Mega\u0130zo 2K S303<\/strong>; t\u00fcm yap\u0131larda, \u00f6zellikle toprak alt\u0131nda kalan temel, temel alt\u0131, perde betonlar\u0131 ve istinat duvarlar\u0131nda s\u0131z\u0131nt\u0131 suyuna ve yeralt\u0131 sular\u0131na kar\u015f\u0131; \u0131slak hacimlerde ise son kat kaplama malzemelerinden \u00f6nce uygulan\u0131r. \u0130\u00e7 ve d\u0131\u015f mek\u00e2n, yatay ve d\u00fc\u015fey y\u00fczeylerde kullan\u0131l\u0131r.<\/p>\n<\/div><\/div><\/div><\/section>\n<section class='av_toggle_section av-mgj5ccm1-a3888c55f3b85bc57ec2ae887ab0f998'  itemscope=\"itemscope\" itemtype=\"https:\/\/schema.org\/CreativeWork\" ><div role=\"tablist\" class=\"single_toggle\" data-tags=\"{T\u00fcm\u00fc} \"  ><h6 id='toggle-toggle-id-2' data-fake-id='#toggle-id-2' class='toggler  av-title-above '  itemprop=\"headline\"  role='tab' tabindex='0' aria-controls='toggle-id-2' data-slide-speed=\"200\" data-title=\"PERFORMANS B\u0130LG\u0130LER\u0130\" data-title-open=\"\" data-aria_collapsed=\"Click to expand: PERFORMANS B\u0130LG\u0130LER\u0130\" data-aria_expanded=\"Click to collapse: PERFORMANS B\u0130LG\u0130LER\u0130\">PERFORMANS B\u0130LG\u0130LER\u0130<span class=\"toggle_icon\"><span class=\"vert_icon\"><\/span><span class=\"hor_icon\"><\/span><\/span><\/h6><div id='toggle-id-2' aria-labelledby='toggle-toggle-id-2' role='region' class='toggle_wrap  av-title-above'  ><div class='toggle_content invers-color '  itemprop=\"text\" ><table>\n<tbody>\n<tr>\n<td width=\"255\"><strong>TEST<\/strong><\/td>\n<td width=\"189\"><strong>DE\u011eER<\/strong><\/td>\n<td width=\"151\"><strong>STANDART<\/strong><\/td>\n<\/tr>\n<tr>\n<td width=\"255\"><strong>\u00c7atlak k\u00f6pr\u00fcleme kabiliyeti<\/strong><\/td>\n<td width=\"189\"><strong>S\u0131n\u0131f CB 1<\/strong><\/td>\n<td width=\"151\"><strong>EN 15812<\/strong><\/td>\n<\/tr>\n<tr>\n<td width=\"255\"><strong>Su s\u0131zd\u0131rmazl\u0131k<\/strong><\/td>\n<td width=\"189\"><strong>S\u0131n\u0131f W1<\/strong><\/td>\n<td width=\"151\"><strong>EN 15820<\/strong><\/td>\n<\/tr>\n<tr>\n<td width=\"255\"><strong>Tam kuruma durumunda tabaka kal\u0131nl\u0131\u011f\u0131ndaki azalma<\/strong><\/td>\n<td width=\"189\"><strong>Uygun<\/strong><\/td>\n<td width=\"151\"><strong>EN 15819<\/strong><\/td>\n<\/tr>\n<tr>\n<td width=\"255\"><strong>Bas\u0131nca diren\u00e7<\/strong><\/td>\n<td width=\"189\"><strong>S\u0131n\u0131f C2A<\/strong><\/td>\n<td width=\"151\"><strong>EN 15815<\/strong><\/td>\n<\/tr>\n<tr>\n<td width=\"255\"><strong>Suya diren\u00e7<\/strong><\/td>\n<td width=\"189\"><strong>Uygun<\/strong><\/td>\n<td width=\"151\"><strong>EN 15817<\/strong><\/td>\n<\/tr>\n<tr>\n<td width=\"255\"><strong>Ya\u011fmura diren\u00e7<\/strong><\/td>\n<td width=\"189\"><strong>S\u0131n\u0131f R2<\/strong><\/td>\n<td width=\"151\"><strong>EN 15816<\/strong><\/td>\n<\/tr>\n<tr>\n<td width=\"255\"><strong>Y\u00fcksek s\u0131cakl\u0131kta boyut kararl\u0131l\u0131\u011f\u0131<\/strong><\/td>\n<td width=\"189\"><strong>Akma ve sarkma yok<\/strong><\/td>\n<td width=\"151\"><strong>EN 15818<\/strong><\/td>\n<\/tr>\n<tr>\n<td width=\"255\"><strong>D\u00fc\u015f\u00fck s\u0131cakl\u0131kta esneklik<\/strong><\/td>\n<td width=\"189\"><strong>\u00c7atlak yok<\/strong><\/td>\n<td width=\"151\"><strong>EN 15813<\/strong><\/td>\n<\/tr>\n<tr>\n<td width=\"255\"><strong>Yang\u0131na tepki<\/strong><\/td>\n<td width=\"189\"><strong>E<\/strong><\/td>\n<td width=\"151\"><strong>EN 13501 \u2013 1<\/strong><\/td>\n<\/tr>\n<\/tbody>\n<\/table>\n<p>Bu de\u011ferler laboratuvar \u015fartlar\u0131nda, 23 \u00b1 2 \u00b0C s\u0131cakl\u0131kta ve % 50 \u00b1 5 ba\u011f\u0131l nemli ortamda, fileli kuru film kal\u0131nl\u0131\u011f\u0131 15814 standard\u0131n\u0131n belirledi\u011fi \u00f6l\u00e7\u00fcde numuneler ile yap\u0131lan deneyler sonucunda elde edilmi\u015ftir.<\/p>\n<\/div><\/div><\/div><\/section>\n<section class='av_toggle_section av-mgj5chr5-62bb03b636ca80119913bc0f76b7fafe'  itemscope=\"itemscope\" itemtype=\"https:\/\/schema.org\/CreativeWork\" ><div role=\"tablist\" class=\"single_toggle\" data-tags=\"{T\u00fcm\u00fc} \"  ><h6 id='toggle-toggle-id-3' data-fake-id='#toggle-id-3' class='toggler  av-title-above '  itemprop=\"headline\"  role='tab' tabindex='0' aria-controls='toggle-id-3' data-slide-speed=\"200\" data-title=\"UYGULAMA SINIRLARI\" data-title-open=\"\" data-aria_collapsed=\"Click to expand: UYGULAMA SINIRLARI\" data-aria_expanded=\"Click to collapse: UYGULAMA SINIRLARI\">UYGULAMA SINIRLARI<span class=\"toggle_icon\"><span class=\"vert_icon\"><\/span><span class=\"hor_icon\"><\/span><\/span><\/h6><div id='toggle-id-3' aria-labelledby='toggle-toggle-id-3' role='region' class='toggle_wrap  av-title-above'  ><div class='toggle_content invers-color '  itemprop=\"text\" ><table width=\"544\">\n<tbody>\n<tr>\n<td width=\"323\"><strong>A\u00c7IKLAMA<\/strong><\/td>\n<td width=\"221\"><strong>S\u00dcRE<\/strong><\/td>\n<\/tr>\n<tr>\n<td width=\"323\"><strong>\u00a0Kap \u00f6mr\u00fc<\/strong><\/td>\n<td width=\"221\"><strong>Maksimum 60 dk.<\/strong><\/td>\n<\/tr>\n<tr>\n<td width=\"323\"><strong>Katlar aras\u0131 bekleme s\u00fcresi<\/strong><\/td>\n<td width=\"221\"><strong>Minimum 12 saat<\/strong><\/td>\n<\/tr>\n<tr>\n<td width=\"323\"><strong>Toprak dolgusu i\u00e7in beklenmesi gereken s\u00fcre<\/strong><\/td>\n<td width=\"221\"><strong>Minimum 3 g\u00fcn<\/strong><\/td>\n<\/tr>\n<tr>\n<td width=\"323\"><strong>Kullan\u0131ma alma s\u00fcresi<\/strong><\/td>\n<td width=\"221\"><strong>Minimum 7 g\u00fcn<\/strong><\/td>\n<\/tr>\n<\/tbody>\n<\/table>\n<p>Bu de\u011ferler laboratuvar \u015fartlar\u0131nda; 23 \u00b1 2\u00b0C ve %50 \u00b1 5 ba\u011f\u0131l nem ortam\u0131nda yap\u0131lan deneyler sonucunda elde edilmi\u015ftir. Tabloda verilen de\u011ferler y\u00fczey ve ortam ko\u015fullar\u0131na g\u00f6re farkl\u0131l\u0131k g\u00f6sterebilir.<\/p>\n<\/div><\/div><\/div><\/section>\n<section class='av_toggle_section av-mgj5d1h7-460171b14483b3bfa82f185231cfc771'  itemscope=\"itemscope\" itemtype=\"https:\/\/schema.org\/CreativeWork\" ><div role=\"tablist\" class=\"single_toggle\" data-tags=\"{T\u00fcm\u00fc} \"  ><h6 id='toggle-toggle-id-4' data-fake-id='#toggle-id-4' class='toggler  av-title-above '  itemprop=\"headline\"  role='tab' tabindex='0' aria-controls='toggle-id-4' data-slide-speed=\"200\" data-title=\"REFERANS STANDARTLARI\" data-title-open=\"\" data-aria_collapsed=\"Click to expand: REFERANS STANDARTLARI\" data-aria_expanded=\"Click to collapse: REFERANS STANDARTLARI\">REFERANS STANDARTLARI<span class=\"toggle_icon\"><span class=\"vert_icon\"><\/span><span class=\"hor_icon\"><\/span><\/span><\/h6><div id='toggle-id-4' aria-labelledby='toggle-toggle-id-4' role='region' class='toggle_wrap  av-title-above'  ><div class='toggle_content invers-color '  itemprop=\"text\" ><p><strong>Onaylar\/Standartlar:<\/strong><br \/>\nTS EN 15814<\/p>\n<p><strong>Bay\u0131nd\u0131rl\u0131k Bak. Poz No.:<\/strong><br \/>\nBay\u0131nd\u0131rl\u0131k Bak. Poz No.: 10.300.2177<\/p>\n<\/div><\/div><\/div><\/section>\n<\/div><\/p>\n","protected":false},"excerpt":{"rendered":"","protected":false},"featured_media":4709,"comment_status":"closed","ping_status":"closed","template":"","meta":{"_acf_changed":false},"product_brand":[],"product_cat":[60],"product_tag":[],"class_list":{"0":"post-4708","1":"product","2":"type-product","3":"status-publish","4":"has-post-thumbnail","6":"product_cat-su_yalitim_malzemeleri","8":"first","9":"instock","10":"shipping-taxable","11":"product-type-simple"},"acf":[],"_links":{"self":[{"href":"https:\/\/www.kyk.com.tr\/index.php?rest_route=\/wp\/v2\/product\/4708","targetHints":{"allow":["GET"]}}],"collection":[{"href":"https:\/\/www.kyk.com.tr\/index.php?rest_route=\/wp\/v2\/product"}],"about":[{"href":"https:\/\/www.kyk.com.tr\/index.php?rest_route=\/wp\/v2\/types\/product"}],"replies":[{"embeddable":true,"href":"https:\/\/www.kyk.com.tr\/index.php?rest_route=%2Fwp%2Fv2%2Fcomments&post=4708"}],"wp:featuredmedia":[{"embeddable":true,"href":"https:\/\/www.kyk.com.tr\/index.php?rest_route=\/wp\/v2\/media\/4709"}],"wp:attachment":[{"href":"https:\/\/www.kyk.com.tr\/index.php?rest_route=%2Fwp%2Fv2%2Fmedia&parent=4708"}],"wp:term":[{"taxonomy":"product_brand","embeddable":true,"href":"https:\/\/www.kyk.com.tr\/index.php?rest_route=%2Fwp%2Fv2%2Fproduct_brand&post=4708"},{"taxonomy":"product_cat","embeddable":true,"href":"https:\/\/www.kyk.com.tr\/index.php?rest_route=%2Fwp%2Fv2%2Fproduct_cat&post=4708"},{"taxonomy":"product_tag","embeddable":true,"href":"https:\/\/www.kyk.com.tr\/index.php?rest_route=%2Fwp%2Fv2%2Fproduct_tag&post=4708"}],"curies":[{"name":"wp","href":"https:\/\/api.w.org\/{rel}","templated":true}]}}