{"id":4714,"date":"2025-05-07T20:04:42","date_gmt":"2025-05-07T20:04:42","guid":{"rendered":"https:\/\/www.kyk.center\/?post_type=product&#038;p=4714"},"modified":"2026-04-27T12:25:38","modified_gmt":"2026-04-27T12:25:38","slug":"megaizo-s801","status":"publish","type":"product","link":"https:\/\/www.kyk.com.tr\/?product=megaizo-s801","title":{"rendered":"Mega\u0130zo S801"},"content":{"rendered":"<div  class='flex_column av-7dr57u-ffb8d5588ab0dfe2c14ec45d269fbd86 av_one_third  avia-builder-el-0  el_before_av_one_half  avia-builder-el-first  first flex_column_div  '     ><style type=\"text\/css\" data-created_by=\"avia_inline_auto\" id=\"style-css-av-mgj5pis3-d1af1fee13f85d56a00791acbe453c0b\">\n.avia-image-container.av-mgj5pis3-d1af1fee13f85d56a00791acbe453c0b img.avia_image{\nbox-shadow:none;\n}\n.avia-image-container.av-mgj5pis3-d1af1fee13f85d56a00791acbe453c0b .av-image-caption-overlay-center{\ncolor:#ffffff;\n}\n<\/style>\n<div  class='avia-image-container av-mgj5pis3-d1af1fee13f85d56a00791acbe453c0b av-styling- avia-align-center  avia-builder-el-1  avia-builder-el-no-sibling '   itemprop=\"image\" itemscope=\"itemscope\" itemtype=\"https:\/\/schema.org\/ImageObject\" ><div class=\"avia-image-container-inner\"><div class=\"avia-image-overlay-wrap\"><img decoding=\"async\" fetchpriority=\"high\" class='wp-image-4715 avia-img-lazy-loading-not-4715 avia_image ' src=\"https:\/\/www.kyk.com.tr\/wp-content\/uploads\/2025\/05\/s801.png\" alt='' title='Mega\u0130zo S801'  height=\"320\" width=\"320\"  itemprop=\"thumbnailUrl\" srcset=\"https:\/\/www.kyk.com.tr\/wp-content\/uploads\/2025\/05\/s801.png 320w, https:\/\/www.kyk.com.tr\/wp-content\/uploads\/2025\/05\/s801-300x300.png 300w, https:\/\/www.kyk.com.tr\/wp-content\/uploads\/2025\/05\/s801-100x100.png 100w, https:\/\/www.kyk.com.tr\/wp-content\/uploads\/2025\/05\/s801-80x80.png 80w, https:\/\/www.kyk.com.tr\/wp-content\/uploads\/2025\/05\/s801-36x36.png 36w, https:\/\/www.kyk.com.tr\/wp-content\/uploads\/2025\/05\/s801-180x180.png 180w, https:\/\/www.kyk.com.tr\/wp-content\/uploads\/2025\/05\/s801-120x120.png 120w, https:\/\/www.kyk.com.tr\/wp-content\/uploads\/2025\/05\/s801-96x96.png 96w\" sizes=\"(max-width: 320px) 100vw, 320px\" \/><\/div><\/div><\/div><\/div>\n<div  class='flex_column av-5xcs9m-eee63447632fe813263fdf52f2310035 av_one_half  avia-builder-el-2  el_after_av_one_third  el_before_av_two_third  flex_column_div  '     ><section  class='av_textblock_section av-mgj5pq1s-579743f416cf92d1b0490f5a188ce080 '   itemscope=\"itemscope\" itemtype=\"https:\/\/schema.org\/CreativeWork\" ><div class='avia_textblock'  itemprop=\"text\" ><h1>Mega\u0130zo S801<\/h1>\n<\/div><\/section><br \/>\n\n<style type=\"text\/css\" data-created_by=\"avia_inline_auto\" id=\"style-css-av-mgj5qb2h-b7788046121bc8d9d3033011f53f9fb0\">\n#top .av_textblock_section.av-mgj5qb2h-b7788046121bc8d9d3033011f53f9fb0 .avia_textblock{\nfont-size:14px;\n}\n<\/style>\n<section  class='av_textblock_section av-mgj5qb2h-b7788046121bc8d9d3033011f53f9fb0 '   itemscope=\"itemscope\" itemtype=\"https:\/\/schema.org\/CreativeWork\" ><div class='avia_textblock'  itemprop=\"text\" ><p><strong>Bit\u00fcm &#8211; poli\u00fcretan esasl\u0131, tek bile\u015fenli, kullan\u0131ma haz\u0131r, kurudu\u011funda eksiz ve esnek bir membran olu\u015fturan, radon gaz\u0131 ge\u00e7irimsiz, solvent i\u00e7ermeyen, ultra elastik, su yal\u0131t\u0131m malzemesidir.<\/strong><\/p>\n<\/div><\/section><\/p><\/div>\n<div  class='flex_column av-4x44oa-59585e15a5c3b1812587a6f42451aacb av_two_third  avia-builder-el-5  el_after_av_one_half  el_before_av_one_third  first flex_column_div  column-top-margin'     ><section  class='av_textblock_section av-mgj5qy04-a3e21b600fa1262fd1c6e2e0cec64564 '   itemscope=\"itemscope\" itemtype=\"https:\/\/schema.org\/CreativeWork\" ><div class='avia_textblock'  itemprop=\"text\" ><h4>\u00a0 \u00a0 \u00dcR\u00dcN AVANTAJLARI<\/h4>\n<\/div><\/section><br \/>\n\n<style type=\"text\/css\" data-created_by=\"avia_inline_auto\" id=\"style-css-av-mgj5rc34-a81abc91bddd7533fe30d21542d2e097\">\n#top .av_textblock_section.av-mgj5rc34-a81abc91bddd7533fe30d21542d2e097 .avia_textblock{\nfont-size:14px;\n}\n<\/style>\n<section  class='av_textblock_section av-mgj5rc34-a81abc91bddd7533fe30d21542d2e097 '   itemscope=\"itemscope\" itemtype=\"https:\/\/schema.org\/CreativeWork\" ><div class='avia_textblock'  itemprop=\"text\" ><ul>\n<li>Radon gaz\u0131 ge\u00e7irimsizdir.<\/li>\n<li>\u0130\u00e7erdi\u011fi \u00f6zel katk\u0131lar sayesinde, uygulama sonras\u0131nda, bitki k\u00f6klerine kar\u015f\u0131 diren\u00e7 g\u00f6sterir ve uzun \u00f6m\u00fcrl\u00fc koruma sa\u011flar.<\/li>\n<li>Yer alt\u0131 kullan\u0131m\u0131 i\u00e7in uygundur.<\/li>\n<li>D\u00fc\u015fey y\u00fczeylerde akma ve sarkma yapmaz.<\/li>\n<li>-30\u00b0C ile +90\u00b0C aras\u0131ndaki s\u0131cakl\u0131klarda mekanik \u00f6zelliklerini korur.<\/li>\n<li>Asitli ve bazik sol\u00fcsyonlara (%10), deterjanlara, deniz suyuna, ya\u011flara ve ya\u011flama maddelerine kar\u015f\u0131 y\u00fcksek dayan\u0131ma sahiptir.<\/li>\n<li>\u00c7atlak k\u00f6pr\u00fcleme kapasitesi y\u00fcksektir.<\/li>\n<li>Ultra elastiktir.<\/li>\n<li>Lokal onar\u0131m\u0131 h\u0131zl\u0131 ve kolayd\u0131r.<\/li>\n<li>Uyguland\u0131\u011f\u0131 y\u00fczeylerde eksiz bir yal\u0131t\u0131m sa\u011flar.<\/li>\n<li>Y\u00fcksek yap\u0131\u015fma g\u00fcc\u00fcne sahiptir.<\/li>\n<li>Kullan\u0131ma haz\u0131rd\u0131r, h\u0131zl\u0131 ve kolay uygulan\u0131r.<\/li>\n<li>Solvent i\u00e7ermez, \u00e7evre dostudur.<\/li>\n<\/ul>\n<\/div><\/section><\/p><\/div>\n<div  class='flex_column av-2ntlqi-17352ac8238061ace2835664b0ba1398 av_one_third  avia-builder-el-8  el_after_av_two_third  el_before_av_toggle_container  flex_column_div  column-top-margin'     ><section  class='av_textblock_section av-mgj5rl4d-c97475c3cae448852ee1cdde0a28568a '   itemscope=\"itemscope\" itemtype=\"https:\/\/schema.org\/CreativeWork\" ><div class='avia_textblock'  itemprop=\"text\" ><h4>TEKN\u0130K BELGELER<\/h4>\n<\/div><\/section><br \/>\n<section  class='av_textblock_section av-mgj5rqs7-177d1485bbd3e0da530420adf3dec8e7 '   itemscope=\"itemscope\" itemtype=\"https:\/\/schema.org\/CreativeWork\" ><div class='avia_textblock'  itemprop=\"text\" ><p><a href=\"https:\/\/www.kyk.com.tr\/wp-content\/uploads\/2026\/04\/s801_tds.pdf\" target=\"_blank\" rel=\"noopener\"><img loading=\"lazy\" decoding=\"async\" class=\"alignnone wp-image-8657 size-full\" src=\"https:\/\/www.kyk.com.tr\/wp-content\/uploads\/2025\/10\/TDS_1.jpg\" alt=\"\" width=\"410\" height=\"41\" srcset=\"https:\/\/www.kyk.com.tr\/wp-content\/uploads\/2025\/10\/TDS_1.jpg 410w, https:\/\/www.kyk.com.tr\/wp-content\/uploads\/2025\/10\/TDS_1-300x30.jpg 300w\" sizes=\"auto, (max-width: 410px) 100vw, 410px\" \/><\/a><br \/>\n<a href=\"https:\/\/www.kyk.com.tr\/wp-content\/uploads\/2025\/10\/s801_msds.pdf\" target=\"_blank\" rel=\"noopener\"><img loading=\"lazy\" decoding=\"async\" class=\"alignnone size-full wp-image-8656\" src=\"https:\/\/www.kyk.com.tr\/wp-content\/uploads\/2025\/10\/MSDS_1.jpg\" alt=\"\" width=\"410\" height=\"41\" srcset=\"https:\/\/www.kyk.com.tr\/wp-content\/uploads\/2025\/10\/MSDS_1.jpg 410w, https:\/\/www.kyk.com.tr\/wp-content\/uploads\/2025\/10\/MSDS_1-300x30.jpg 300w\" sizes=\"auto, (max-width: 410px) 100vw, 410px\" \/><\/a><br \/>\n<a href=\"https:\/\/www.kyk.com.tr\/?sdm_process_download=1&amp;download_id=9341\" target=\"_blank\" rel=\"noopener\"><img loading=\"lazy\" decoding=\"async\" class=\"alignnone wp-image-8657 size-full\" src=\"https:\/\/www.kyk.com.tr\/wp-content\/uploads\/2025\/10\/TSE.jpg\" alt=\"\" width=\"410\" height=\"41\" \/><\/a><br \/>\n<a href=\"https:\/\/www.kyk.com.tr\/?sdm_process_download=1&amp;download_id=9343\" target=\"_blank\" rel=\"noopener\"><img loading=\"lazy\" decoding=\"async\" class=\"alignnone size-full wp-image-8656\" src=\"https:\/\/www.kyk.com.tr\/wp-content\/uploads\/2025\/10\/CE.jpg\" alt=\"\" width=\"410\" height=\"41\" \/><\/a><\/p>\n<\/div><\/section><\/p><\/div>\n<style type=\"text\/css\" data-created_by=\"avia_inline_auto\" id=\"style-css-av-mgj5uvmy-8dca37290db61e27e153e46cbe428655\">\n#top .togglecontainer.av-mgj5uvmy-8dca37290db61e27e153e46cbe428655 h6.toggler{\nfont-size:17px;\ncolor:#003e73;\n}\n#top .togglecontainer.av-mgj5uvmy-8dca37290db61e27e153e46cbe428655 h6.toggler .toggle_icon{\ncolor:#003e73;\nborder-color:#003e73;\n}\n#top .togglecontainer.av-mgj5uvmy-8dca37290db61e27e153e46cbe428655 h6.toggler .toggle_icon > span{\ncolor:#003e73;\nborder-color:#003e73;\n}\n#top .togglecontainer.av-mgj5uvmy-8dca37290db61e27e153e46cbe428655 .toggle_wrap .toggle_content{\nfont-size:14px;\ncolor:#003e73;\n}\n<\/style>\n<div  class='togglecontainer av-mgj5uvmy-8dca37290db61e27e153e46cbe428655 av-minimal-toggle  avia-builder-el-11  el_after_av_one_third  avia-builder-el-last  toggle_close_all' >\n<section class='av_toggle_section av-mgj5s7q2-619ea8db784036011853c78a339eef94'  itemscope=\"itemscope\" itemtype=\"https:\/\/schema.org\/CreativeWork\" ><div role=\"tablist\" class=\"single_toggle\" data-tags=\"{T\u00fcm\u00fc} \"  ><h6 id='toggle-toggle-id-1' data-fake-id='#toggle-id-1' class='toggler  av-title-above '  itemprop=\"headline\"  role='tab' tabindex='0' aria-controls='toggle-id-1' data-slide-speed=\"200\" data-title=\"KULLANIM ALANLARI\" data-title-open=\"\" data-aria_collapsed=\"Click to expand: KULLANIM ALANLARI\" data-aria_expanded=\"Click to collapse: KULLANIM ALANLARI\">KULLANIM ALANLARI<span class=\"toggle_icon\"><span class=\"vert_icon\"><\/span><span class=\"hor_icon\"><\/span><\/span><\/h6><div id='toggle-id-1' aria-labelledby='toggle-toggle-id-1' role='region' class='toggle_wrap  av-title-above'  ><div class='toggle_content invers-color '  itemprop=\"text\" ><p><strong>Mega\u0130zo S801<\/strong>; t\u00fcm yap\u0131larda, \u00f6zellikle toprak alt\u0131nda kalan temel, temel alt\u0131, perde betonlar\u0131 ve istinat duvarlar\u0131nda s\u0131z\u0131nt\u0131 suyuna ve yeralt\u0131 sular\u0131na kar\u015f\u0131; ye\u015fil \u00e7at\u0131larda, \u0131slak hacimlerde ise son kat kaplama malzemelerinden \u00f6nce uygulan\u0131r. \u0130\u00e7 ve d\u0131\u015f mek\u00e2n, yatay ve d\u00fc\u015fey y\u00fczeylerde kullan\u0131l\u0131r.<\/p>\n<\/div><\/div><\/div><\/section>\n<section class='av_toggle_section av-mgj5svcz-82e7a671473fe0723967c5cd47e3a5f8'  itemscope=\"itemscope\" itemtype=\"https:\/\/schema.org\/CreativeWork\" ><div role=\"tablist\" class=\"single_toggle\" data-tags=\"{T\u00fcm\u00fc} \"  ><h6 id='toggle-toggle-id-2' data-fake-id='#toggle-id-2' class='toggler  av-title-above '  itemprop=\"headline\"  role='tab' tabindex='0' aria-controls='toggle-id-2' data-slide-speed=\"200\" data-title=\"PERFORMANS B\u0130LG\u0130LER\u0130\" data-title-open=\"\" data-aria_collapsed=\"Click to expand: PERFORMANS B\u0130LG\u0130LER\u0130\" data-aria_expanded=\"Click to collapse: PERFORMANS B\u0130LG\u0130LER\u0130\">PERFORMANS B\u0130LG\u0130LER\u0130<span class=\"toggle_icon\"><span class=\"vert_icon\"><\/span><span class=\"hor_icon\"><\/span><\/span><\/h6><div id='toggle-id-2' aria-labelledby='toggle-toggle-id-2' role='region' class='toggle_wrap  av-title-above'  ><div class='toggle_content invers-color '  itemprop=\"text\" ><table width=\"628\">\n<tbody>\n<tr>\n<td width=\"345\"><strong>TEST<\/strong><\/td>\n<td width=\"170\"><strong>DE\u011eER<\/strong><\/td>\n<td width=\"113\"><strong>STANDART<\/strong><\/td>\n<\/tr>\n<tr>\n<td width=\"345\"><strong>Kopmada uzama oran\u0131<\/strong><\/td>\n<td width=\"170\"><strong>&gt; %1500<\/strong><\/td>\n<td width=\"113\"><strong>ASTM D 412<\/strong><\/td>\n<\/tr>\n<tr>\n<td width=\"345\"><strong>Kopma gerilmesi<\/strong><\/td>\n<td width=\"170\"><strong>&gt; 1N\/mm\u00b2<\/strong><\/td>\n<td width=\"113\"><strong>ASTM D 412<\/strong><\/td>\n<\/tr>\n<tr>\n<td width=\"345\"><strong>Yap\u0131\u015fma mukavemeti<\/strong><\/td>\n<td width=\"170\"><strong>&gt; 0,8 N\/mm\u00b2<\/strong><\/td>\n<td width=\"113\"><strong>EN 1542<\/strong><\/td>\n<\/tr>\n<tr>\n<td width=\"345\"><strong>\u00c7atlak k\u00f6pr\u00fcleme kabiliyeti<\/strong><\/td>\n<td width=\"170\"><strong>S\u0131n\u0131f CB2<\/strong><\/td>\n<td width=\"113\"><strong>EN 15812<\/strong><\/td>\n<\/tr>\n<tr>\n<td width=\"345\"><strong>Su s\u0131zd\u0131rmazl\u0131k<\/strong><\/td>\n<td width=\"170\"><strong>S\u0131n\u0131f W2A<\/strong><\/td>\n<td width=\"113\"><strong>EN 15820<\/strong><\/td>\n<\/tr>\n<tr>\n<td width=\"345\"><strong>Tam kuruma durumunda tabaka kal\u0131nl\u0131\u011f\u0131ndaki azalma<\/strong><\/td>\n<td width=\"170\"><strong>Uygun<\/strong><\/td>\n<td width=\"113\"><strong>EN 15819<\/strong><\/td>\n<\/tr>\n<tr>\n<td width=\"345\"><strong>Bas\u0131nca diren\u00e7<\/strong><\/td>\n<td width=\"170\"><strong>S\u0131n\u0131f C2A<\/strong><\/td>\n<td width=\"113\"><strong>EN 15815<\/strong><\/td>\n<\/tr>\n<tr>\n<td width=\"345\"><strong>Suya diren\u00e7<\/strong><\/td>\n<td width=\"170\"><strong>Uygun<\/strong><\/td>\n<td width=\"113\"><strong>EN 15817<\/strong><\/td>\n<\/tr>\n<tr>\n<td width=\"345\"><strong>Ya\u011fmura diren\u00e7<\/strong><\/td>\n<td width=\"170\"><strong>S\u0131n\u0131f R2<\/strong><\/td>\n<td width=\"113\"><strong>EN 15816<\/strong><\/td>\n<\/tr>\n<tr>\n<td width=\"345\"><strong>Y\u00fcksek s\u0131cakl\u0131kta boyut kararl\u0131l\u0131\u011f\u0131<\/strong><\/td>\n<td width=\"170\"><strong>Akma ve sarkma yok<\/strong><\/td>\n<td width=\"113\"><strong>EN 15818<\/strong><\/td>\n<\/tr>\n<tr>\n<td width=\"345\"><strong>D\u00fc\u015f\u00fck s\u0131cakl\u0131kta esneklik<\/strong><\/td>\n<td width=\"170\"><strong>\u00c7atlak yok<\/strong><\/td>\n<td width=\"113\"><strong>EN 15813<\/strong><\/td>\n<\/tr>\n<tr>\n<td width=\"345\"><strong>Sertlik<\/strong><\/td>\n<td width=\"170\"><strong>&gt; 40 (Shore A)<\/strong><\/td>\n<td width=\"113\"><strong>ASTM D 2240<\/strong><\/td>\n<\/tr>\n<tr>\n<td width=\"345\"><strong>Yang\u0131na tepki<\/strong><\/td>\n<td width=\"170\"><strong>E<\/strong><\/td>\n<td width=\"113\"><strong>EN 13501 \u2013 1<\/strong><\/td>\n<\/tr>\n<\/tbody>\n<\/table>\n<p>Bu de\u011ferler laboratuvar \u015fartlar\u0131nda; 23 \u00b1 2\u00b0C ve %50 \u00b1 5 ba\u011f\u0131l nem ortam\u0131nda yap\u0131lan deneyler sonucunda elde edilmi\u015ftir. Tabloda verilen de\u011ferler y\u00fczey ve ortam ko\u015fullar\u0131na g\u00f6re farkl\u0131l\u0131k g\u00f6sterebilir.<\/p>\n<\/div><\/div><\/div><\/section>\n<section class='av_toggle_section av-mgj5t159-4462aa9c659c9ae4d91978d316de7aef'  itemscope=\"itemscope\" itemtype=\"https:\/\/schema.org\/CreativeWork\" ><div role=\"tablist\" class=\"single_toggle\" data-tags=\"{T\u00fcm\u00fc} \"  ><h6 id='toggle-toggle-id-3' data-fake-id='#toggle-id-3' class='toggler  av-title-above '  itemprop=\"headline\"  role='tab' tabindex='0' aria-controls='toggle-id-3' data-slide-speed=\"200\" data-title=\"UYGULAMA SINIRLARI\" data-title-open=\"\" data-aria_collapsed=\"Click to expand: UYGULAMA SINIRLARI\" data-aria_expanded=\"Click to collapse: UYGULAMA SINIRLARI\">UYGULAMA SINIRLARI<span class=\"toggle_icon\"><span class=\"vert_icon\"><\/span><span class=\"hor_icon\"><\/span><\/span><\/h6><div id='toggle-id-3' aria-labelledby='toggle-toggle-id-3' role='region' class='toggle_wrap  av-title-above'  ><div class='toggle_content invers-color '  itemprop=\"text\" ><table width=\"520\">\n<tbody>\n<tr>\n<td width=\"321\"><strong>A\u00c7IKLAMA<\/strong><\/td>\n<td width=\"198\"><strong>S\u00dcRE<\/strong><\/td>\n<\/tr>\n<tr>\n<td width=\"321\"><strong>Katlar aras\u0131 bekleme s\u00fcresi<\/strong><\/td>\n<td width=\"198\"><strong>\u00a0Minimum 8 saat<\/strong><\/td>\n<\/tr>\n<tr>\n<td width=\"321\"><strong>Toprak dolgusu i\u00e7in beklenmesi gereken s\u00fcre<\/strong><\/td>\n<td width=\"198\"><strong>Minimum 3 g\u00fcn<\/strong><\/td>\n<\/tr>\n<tr>\n<td width=\"321\"><strong>Kullan\u0131ma alma s\u00fcresi<\/strong><\/td>\n<td width=\"198\"><strong>Minimum 7 g\u00fcn<\/strong><\/td>\n<\/tr>\n<\/tbody>\n<\/table>\n<p>Bu de\u011ferler laboratuvar \u015fartlar\u0131nda; 23 \u00b1 2\u00b0C ve %50 \u00b1 5 ba\u011f\u0131l nem ortam\u0131nda yap\u0131lan deneyler sonucunda elde edilmi\u015ftir. Tabloda verilen de\u011ferler y\u00fczey ve ortam ko\u015fullar\u0131na g\u00f6re farkl\u0131l\u0131k g\u00f6sterebilir.<\/p>\n<\/div><\/div><\/div><\/section>\n<section class='av_toggle_section av-mgj5tisr-e150db00bea5c7635b6d89fdd2b527a2'  itemscope=\"itemscope\" itemtype=\"https:\/\/schema.org\/CreativeWork\" ><div role=\"tablist\" class=\"single_toggle\" data-tags=\"{T\u00fcm\u00fc} \"  ><h6 id='toggle-toggle-id-4' data-fake-id='#toggle-id-4' class='toggler  av-title-above '  itemprop=\"headline\"  role='tab' tabindex='0' aria-controls='toggle-id-4' data-slide-speed=\"200\" data-title=\"REFERANS STANDARTLARI\" data-title-open=\"\" data-aria_collapsed=\"Click to expand: REFERANS STANDARTLARI\" data-aria_expanded=\"Click to collapse: REFERANS STANDARTLARI\">REFERANS STANDARTLARI<span class=\"toggle_icon\"><span class=\"vert_icon\"><\/span><span class=\"hor_icon\"><\/span><\/span><\/h6><div id='toggle-id-4' aria-labelledby='toggle-toggle-id-4' role='region' class='toggle_wrap  av-title-above'  ><div class='toggle_content invers-color '  itemprop=\"text\" ><p><strong>Onaylar\/Standartlar:<\/strong><br \/>\nTS EN 15814<br \/>\nTS EN 1504-2<\/p>\n<\/div><\/div><\/div><\/section>\n<\/div><\/p>\n","protected":false},"excerpt":{"rendered":"","protected":false},"featured_media":4715,"comment_status":"closed","ping_status":"closed","template":"","meta":{"_acf_changed":false},"product_brand":[],"product_cat":[60],"product_tag":[],"class_list":{"0":"post-4714","1":"product","2":"type-product","3":"status-publish","4":"has-post-thumbnail","6":"product_cat-su_yalitim_malzemeleri","8":"first","9":"instock","10":"shipping-taxable","11":"product-type-simple"},"acf":[],"_links":{"self":[{"href":"https:\/\/www.kyk.com.tr\/index.php?rest_route=\/wp\/v2\/product\/4714","targetHints":{"allow":["GET"]}}],"collection":[{"href":"https:\/\/www.kyk.com.tr\/index.php?rest_route=\/wp\/v2\/product"}],"about":[{"href":"https:\/\/www.kyk.com.tr\/index.php?rest_route=\/wp\/v2\/types\/product"}],"replies":[{"embeddable":true,"href":"https:\/\/www.kyk.com.tr\/index.php?rest_route=%2Fwp%2Fv2%2Fcomments&post=4714"}],"wp:featuredmedia":[{"embeddable":true,"href":"https:\/\/www.kyk.com.tr\/index.php?rest_route=\/wp\/v2\/media\/4715"}],"wp:attachment":[{"href":"https:\/\/www.kyk.com.tr\/index.php?rest_route=%2Fwp%2Fv2%2Fmedia&parent=4714"}],"wp:term":[{"taxonomy":"product_brand","embeddable":true,"href":"https:\/\/www.kyk.com.tr\/index.php?rest_route=%2Fwp%2Fv2%2Fproduct_brand&post=4714"},{"taxonomy":"product_cat","embeddable":true,"href":"https:\/\/www.kyk.com.tr\/index.php?rest_route=%2Fwp%2Fv2%2Fproduct_cat&post=4714"},{"taxonomy":"product_tag","embeddable":true,"href":"https:\/\/www.kyk.com.tr\/index.php?rest_route=%2Fwp%2Fv2%2Fproduct_tag&post=4714"}],"curies":[{"name":"wp","href":"https:\/\/api.w.org\/{rel}","templated":true}]}}