{"id":4741,"date":"2025-05-08T14:54:34","date_gmt":"2025-05-08T14:54:34","guid":{"rendered":"https:\/\/www.kyk.center\/?post_type=product&#038;p=4741"},"modified":"2026-04-27T13:27:34","modified_gmt":"2026-04-27T13:27:34","slug":"megaizo-pu-7-s401","status":"publish","type":"product","link":"https:\/\/www.kyk.com.tr\/?product=megaizo-pu-7-s401","title":{"rendered":"Mega\u0130zo PU 7 S401"},"content":{"rendered":"<div  class='flex_column av-73021x-b94167ca3bb2d4d95cf9764626a97fb1 av_one_third  avia-builder-el-0  el_before_av_one_half  avia-builder-el-first  first flex_column_div  '     ><style type=\"text\/css\" data-created_by=\"avia_inline_auto\" id=\"style-css-av-mhswqcbf-1e90a175e7b6b517d83204e444b4f4ed\">\n.avia-image-container.av-mhswqcbf-1e90a175e7b6b517d83204e444b4f4ed img.avia_image{\nbox-shadow:none;\n}\n.avia-image-container.av-mhswqcbf-1e90a175e7b6b517d83204e444b4f4ed .av-image-caption-overlay-center{\ncolor:#ffffff;\n}\n<\/style>\n<div  class='avia-image-container av-mhswqcbf-1e90a175e7b6b517d83204e444b4f4ed av-styling- avia-align-center  avia-builder-el-1  avia-builder-el-no-sibling '   itemprop=\"image\" itemscope=\"itemscope\" itemtype=\"https:\/\/schema.org\/ImageObject\" ><div class=\"avia-image-container-inner\"><div class=\"avia-image-overlay-wrap\"><img decoding=\"async\" fetchpriority=\"high\" class='wp-image-4742 avia-img-lazy-loading-not-4742 avia_image ' src=\"https:\/\/www.kyk.com.tr\/wp-content\/uploads\/2025\/05\/s401.png\" alt='' title='Mega\u0130zo PU 7 S401'  height=\"320\" width=\"320\"  itemprop=\"thumbnailUrl\" srcset=\"https:\/\/www.kyk.com.tr\/wp-content\/uploads\/2025\/05\/s401.png 320w, https:\/\/www.kyk.com.tr\/wp-content\/uploads\/2025\/05\/s401-300x300.png 300w, https:\/\/www.kyk.com.tr\/wp-content\/uploads\/2025\/05\/s401-100x100.png 100w, https:\/\/www.kyk.com.tr\/wp-content\/uploads\/2025\/05\/s401-80x80.png 80w, https:\/\/www.kyk.com.tr\/wp-content\/uploads\/2025\/05\/s401-36x36.png 36w, https:\/\/www.kyk.com.tr\/wp-content\/uploads\/2025\/05\/s401-180x180.png 180w, https:\/\/www.kyk.com.tr\/wp-content\/uploads\/2025\/05\/s401-120x120.png 120w, https:\/\/www.kyk.com.tr\/wp-content\/uploads\/2025\/05\/s401-96x96.png 96w\" sizes=\"(max-width: 320px) 100vw, 320px\" \/><\/div><\/div><\/div><\/div>\n<div  class='flex_column av-6672md-e3fe36f964d75f0bc3dcf35b688764e9 av_one_half  avia-builder-el-2  el_after_av_one_third  el_before_av_two_third  flex_column_div  '     ><section  class='av_textblock_section av-mgj6nim2-1d85407e8610484175b25b29cbef3f53 '   itemscope=\"itemscope\" itemtype=\"https:\/\/schema.org\/CreativeWork\" ><div class='avia_textblock'  itemprop=\"text\" ><h1>Mega\u0130zo PU 7 S401<\/h1>\n<\/div><\/section><br \/>\n\n<style type=\"text\/css\" data-created_by=\"avia_inline_auto\" id=\"style-css-av-mgj6nya7-3fc8900f3b91c496cbf2c902dab3e7e4\">\n#top .av_textblock_section.av-mgj6nya7-3fc8900f3b91c496cbf2c902dab3e7e4 .avia_textblock{\nfont-size:14px;\n}\n<\/style>\n<section  class='av_textblock_section av-mgj6nya7-3fc8900f3b91c496cbf2c902dab3e7e4 '   itemscope=\"itemscope\" itemtype=\"https:\/\/schema.org\/CreativeWork\" ><div class='avia_textblock'  itemprop=\"text\" ><p><strong>Poli\u00fcretan esasl\u0131, tek bile\u015fenli, kullan\u0131ma haz\u0131r, son kat kaplama malzemesinden \u00f6nce uygulanabilen, s\u00fcper elastik su yal\u0131t\u0131m malzemesidir.<\/strong><\/p>\n<\/div><\/section><\/p><\/div>\n<div  class='flex_column av-47tf79-5fc425144251207b57733b29752ad864 av_two_third  avia-builder-el-5  el_after_av_one_half  el_before_av_one_third  first flex_column_div  column-top-margin'     ><section  class='av_textblock_section av-mgj6of3i-c56d3a1904678b4f98744bb92a52bcc3 '   itemscope=\"itemscope\" itemtype=\"https:\/\/schema.org\/CreativeWork\" ><div class='avia_textblock'  itemprop=\"text\" ><h4>\u00a0 \u00a0 \u00dcR\u00dcN AVANTAJLARI<\/h4>\n<\/div><\/section><br \/>\n\n<style type=\"text\/css\" data-created_by=\"avia_inline_auto\" id=\"style-css-av-mgj6osrd-a254041f29524ce6344fe080a979310f\">\n#top .av_textblock_section.av-mgj6osrd-a254041f29524ce6344fe080a979310f .avia_textblock{\nfont-size:14px;\n}\n<\/style>\n<section  class='av_textblock_section av-mgj6osrd-a254041f29524ce6344fe080a979310f '   itemscope=\"itemscope\" itemtype=\"https:\/\/schema.org\/CreativeWork\" ><div class='avia_textblock'  itemprop=\"text\" ><ul>\n<li>Su buhar\u0131 ge\u00e7irgenli\u011fi vard\u0131r.<\/li>\n<li>-30\u00b0C ile +90\u00b0C aras\u0131ndaki s\u0131cakl\u0131klarda mekanik \u00f6zelliklerini korur.<\/li>\n<li>Asitli ve bazik sol\u00fcsyonlara (%10), deterjanlara, deniz suyuna, ya\u011flara ve ya\u011flama maddelerine kar\u015f\u0131 y\u00fcksek dayan\u0131ma sahiptir.<\/li>\n<li>\u00c7atlak k\u00f6pr\u00fcleme kapasitesi y\u00fcksektir.<\/li>\n<li>S\u00fcper elastiktir.<\/li>\n<li>Lokal onar\u0131m\u0131 h\u0131zl\u0131 ve kolayd\u0131r.<\/li>\n<li>Uyguland\u0131\u011f\u0131 y\u00fczeylerde eksiz bir yal\u0131t\u0131m sa\u011flar.<\/li>\n<li>Y\u00fcksek yap\u0131\u015fma g\u00fcc\u00fcne sahiptir.<\/li>\n<li>Kullan\u0131ma haz\u0131rd\u0131r, h\u0131zl\u0131 ve kolay uygulan\u0131r.<\/li>\n<\/ul>\n<\/div><\/section><\/p><\/div>\n<div  class='flex_column av-27z1mt-e2a167be26482f2f27c8dfaf1b9e3fa6 av_one_third  avia-builder-el-8  el_after_av_two_third  el_before_av_toggle_container  flex_column_div  column-top-margin'     ><section  class='av_textblock_section av-mgj6p0x9-31b870b8c76acb7be70d50317152bd2e '   itemscope=\"itemscope\" itemtype=\"https:\/\/schema.org\/CreativeWork\" ><div class='avia_textblock'  itemprop=\"text\" ><h4>TEKN\u0130K BELGELER<\/h4>\n<\/div><\/section><br \/>\n<section  class='av_textblock_section av-mgj6p73k-7d621cc86156b022b75e6bbe98d3feb4 '   itemscope=\"itemscope\" itemtype=\"https:\/\/schema.org\/CreativeWork\" ><div class='avia_textblock'  itemprop=\"text\" ><p><a href=\"https:\/\/www.kyk.com.tr\/wp-content\/uploads\/2026\/04\/s401_tds.pdf\" target=\"_blank\" rel=\"noopener\"><img loading=\"lazy\" decoding=\"async\" class=\"alignnone wp-image-8657 size-full\" src=\"https:\/\/www.kyk.com.tr\/wp-content\/uploads\/2025\/10\/TDS_1.jpg\" alt=\"\" width=\"410\" height=\"41\" srcset=\"https:\/\/www.kyk.com.tr\/wp-content\/uploads\/2025\/10\/TDS_1.jpg 410w, https:\/\/www.kyk.com.tr\/wp-content\/uploads\/2025\/10\/TDS_1-300x30.jpg 300w\" sizes=\"auto, (max-width: 410px) 100vw, 410px\" \/><\/a><br \/>\n<a href=\"https:\/\/www.kyk.com.tr\/wp-content\/uploads\/2025\/05\/s401_msds.pdf\" target=\"_blank\" rel=\"noopener\"><img loading=\"lazy\" decoding=\"async\" class=\"alignnone size-full wp-image-8656\" src=\"https:\/\/www.kyk.com.tr\/wp-content\/uploads\/2025\/10\/MSDS_1.jpg\" alt=\"\" width=\"410\" height=\"41\" srcset=\"https:\/\/www.kyk.com.tr\/wp-content\/uploads\/2025\/10\/MSDS_1.jpg 410w, https:\/\/www.kyk.com.tr\/wp-content\/uploads\/2025\/10\/MSDS_1-300x30.jpg 300w\" sizes=\"auto, (max-width: 410px) 100vw, 410px\" \/><\/a><br \/>\n<a href=\"https:\/\/www.kyk.com.tr\/?sdm_process_download=1&amp;download_id=9353\" target=\"_blank\" rel=\"noopener\"><img loading=\"lazy\" decoding=\"async\" class=\"alignnone size-full wp-image-8656\" src=\"https:\/\/www.kyk.com.tr\/wp-content\/uploads\/2025\/10\/CE.jpg\" alt=\"\" width=\"410\" height=\"41\" \/><\/a><\/p>\n<\/div><\/section><\/p><\/div>\n<style type=\"text\/css\" data-created_by=\"avia_inline_auto\" id=\"style-css-av-mgj6stys-406213f1bf6e3233e7a28a45b7ecd784\">\n#top .togglecontainer.av-mgj6stys-406213f1bf6e3233e7a28a45b7ecd784 h6.toggler{\nfont-size:17px;\ncolor:#003e73;\n}\n#top .togglecontainer.av-mgj6stys-406213f1bf6e3233e7a28a45b7ecd784 h6.toggler .toggle_icon{\ncolor:#003e73;\nborder-color:#003e73;\n}\n#top .togglecontainer.av-mgj6stys-406213f1bf6e3233e7a28a45b7ecd784 h6.toggler .toggle_icon > span{\ncolor:#003e73;\nborder-color:#003e73;\n}\n#top .togglecontainer.av-mgj6stys-406213f1bf6e3233e7a28a45b7ecd784 .toggle_wrap .toggle_content{\nfont-size:14px;\ncolor:#003e73;\n}\n<\/style>\n<div  class='togglecontainer av-mgj6stys-406213f1bf6e3233e7a28a45b7ecd784 av-minimal-toggle  avia-builder-el-11  el_after_av_one_third  avia-builder-el-last  toggle_close_all' >\n<section class='av_toggle_section av-mgj6plz7-849c23a2e69aefcbd77af255b9e0bf83'  itemscope=\"itemscope\" itemtype=\"https:\/\/schema.org\/CreativeWork\" ><div role=\"tablist\" class=\"single_toggle\" data-tags=\"{T\u00fcm\u00fc} \"  ><h6 id='toggle-toggle-id-1' data-fake-id='#toggle-id-1' class='toggler  av-title-above '  itemprop=\"headline\"  role='tab' tabindex='0' aria-controls='toggle-id-1' data-slide-speed=\"200\" data-title=\"KULLANIM ALANLARI\" data-title-open=\"\" data-aria_collapsed=\"Click to expand: KULLANIM ALANLARI\" data-aria_expanded=\"Click to collapse: KULLANIM ALANLARI\">KULLANIM ALANLARI<span class=\"toggle_icon\"><span class=\"vert_icon\"><\/span><span class=\"hor_icon\"><\/span><\/span><\/h6><div id='toggle-id-1' aria-labelledby='toggle-toggle-id-1' role='region' class='toggle_wrap  av-title-above'  ><div class='toggle_content invers-color '  itemprop=\"text\" ><p><strong>Mega\u0130zo PU 7 S401<\/strong>; banyo, mutfak, balkon gibi \u0131slak hacimlerde, teraslarda, havuzlarda, otopark \u00fcstlerinde, e\u011fimli \u00e7at\u0131larda su yal\u0131t\u0131m malzemesi olarak son kat kaplama malzemelerinden \u00f6nce uygulan\u0131r. \u0130\u00e7 ve d\u0131\u015f mekanlarda, yatay ve d\u00fc\u015fey y\u00fczeylerde kullan\u0131l\u0131r.<\/p>\n<\/div><\/div><\/div><\/section>\n<section class='av_toggle_section av-mgj6qqnd-3ec813875c9772243f05cb6449131a29'  itemscope=\"itemscope\" itemtype=\"https:\/\/schema.org\/CreativeWork\" ><div role=\"tablist\" class=\"single_toggle\" data-tags=\"{T\u00fcm\u00fc} \"  ><h6 id='toggle-toggle-id-2' data-fake-id='#toggle-id-2' class='toggler  av-title-above '  itemprop=\"headline\"  role='tab' tabindex='0' aria-controls='toggle-id-2' data-slide-speed=\"200\" data-title=\"PERFORMANS B\u0130LG\u0130LER\u0130\" data-title-open=\"\" data-aria_collapsed=\"Click to expand: PERFORMANS B\u0130LG\u0130LER\u0130\" data-aria_expanded=\"Click to collapse: PERFORMANS B\u0130LG\u0130LER\u0130\">PERFORMANS B\u0130LG\u0130LER\u0130<span class=\"toggle_icon\"><span class=\"vert_icon\"><\/span><span class=\"hor_icon\"><\/span><\/span><\/h6><div id='toggle-id-2' aria-labelledby='toggle-toggle-id-2' role='region' class='toggle_wrap  av-title-above'  ><div class='toggle_content invers-color '  itemprop=\"text\" ><table>\n<tbody>\n<tr>\n<td width=\"255\"><strong>A\u00c7IKLAMA<\/strong><\/td>\n<td width=\"180\"><strong>DE\u011eER<\/strong><\/td>\n<td width=\"161\"><strong>STANDART<\/strong><\/td>\n<\/tr>\n<tr>\n<td width=\"255\"><strong>Ba\u015flang\u0131\u00e7 yap\u0131\u015fma mukavemeti<\/strong><\/td>\n<td width=\"180\"><strong>&gt; 0,2 N\/mm\u00b2<\/strong><\/td>\n<td width=\"161\"><strong>TS EN 14891<\/strong><\/td>\n<\/tr>\n<tr>\n<td width=\"255\"><strong>Kopmada uzama oran\u0131<\/strong><\/td>\n<td width=\"180\"><strong>&gt; %600<\/strong><\/td>\n<td width=\"161\"><strong>ASTM D 412<\/strong><\/td>\n<\/tr>\n<tr>\n<td width=\"255\"><strong>Kopma gerilmesi<\/strong><\/td>\n<td width=\"180\"><strong>&gt; 1,80 N\/mm\u00b2<\/strong><\/td>\n<td width=\"161\"><strong>ASTM D 412<\/strong><\/td>\n<\/tr>\n<tr>\n<td width=\"255\"><strong>Su bas\u0131nc\u0131na kar\u015f\u0131 diren\u00e7<\/strong><\/td>\n<td width=\"180\"><strong>S\u0131z\u0131nt\u0131s\u0131z<\/strong><\/p>\n<p><strong>(1m su s\u00fctunu, 24 saat)<\/strong><\/td>\n<td width=\"161\"><strong>DIN EN 1928<\/strong><\/td>\n<\/tr>\n<tr>\n<td width=\"255\"><strong>Kapiler su emme ve su ge\u00e7irgenli\u011fi<\/strong><\/td>\n<td width=\"180\"><strong>W&lt;0,1 kg\/m2 .h0,5<\/strong><\/td>\n<td width=\"161\"><strong>EN 1062-3<\/strong><\/td>\n<\/tr>\n<tr>\n<td width=\"255\"><strong>Su buhar\u0131 ge\u00e7irgenli\u011fi<\/strong><\/td>\n<td width=\"180\"><strong>S\u0131n\u0131f II<\/strong><\/td>\n<td width=\"161\"><strong>EN ISO 7783-2<\/strong><\/td>\n<\/tr>\n<tr>\n<td width=\"255\"><strong>Sertlik (Shore A)<\/strong><\/td>\n<td width=\"180\"><strong>65 \u00b1 5<\/strong><\/td>\n<td width=\"161\"><strong>ASTM D 2240<\/strong><\/td>\n<\/tr>\n<tr>\n<td width=\"255\"><strong>Yang\u0131na tepki <\/strong><\/td>\n<td width=\"180\"><strong>E<\/strong><\/td>\n<td width=\"161\"><strong>DIN 4102- 1<\/strong><\/td>\n<\/tr>\n<\/tbody>\n<\/table>\n<p>Bu de\u011ferler laboratuvar \u015fartlar\u0131nda; 23 \u00b1 2\u00b0C ve %50 \u00b1 5 ba\u011f\u0131l nem ortam\u0131nda yap\u0131lan deneyler sonucunda elde edilmi\u015ftir. Tabloda verilen de\u011ferler y\u00fczey ve ortam ko\u015fullar\u0131na g\u00f6re farkl\u0131l\u0131k g\u00f6sterebilir.<\/p>\n<\/div><\/div><\/div><\/section>\n<section class='av_toggle_section av-mgj6qw0f-fa40447cc3959e7a1cbc5557ab364bc1'  itemscope=\"itemscope\" itemtype=\"https:\/\/schema.org\/CreativeWork\" ><div role=\"tablist\" class=\"single_toggle\" data-tags=\"{T\u00fcm\u00fc} \"  ><h6 id='toggle-toggle-id-3' data-fake-id='#toggle-id-3' class='toggler  av-title-above '  itemprop=\"headline\"  role='tab' tabindex='0' aria-controls='toggle-id-3' data-slide-speed=\"200\" data-title=\"UYGULAMA SINIRLARI\" data-title-open=\"\" data-aria_collapsed=\"Click to expand: UYGULAMA SINIRLARI\" data-aria_expanded=\"Click to collapse: UYGULAMA SINIRLARI\">UYGULAMA SINIRLARI<span class=\"toggle_icon\"><span class=\"vert_icon\"><\/span><span class=\"hor_icon\"><\/span><\/span><\/h6><div id='toggle-id-3' aria-labelledby='toggle-toggle-id-3' role='region' class='toggle_wrap  av-title-above'  ><div class='toggle_content invers-color '  itemprop=\"text\" ><table width=\"548\">\n<tbody>\n<tr>\n<td width=\"293\"><strong>A\u00c7IKLAMA<\/strong><\/td>\n<td width=\"255\"><strong>S\u00dcRE<\/strong><\/td>\n<\/tr>\n<tr>\n<td width=\"293\"><strong>Kap \u00f6mr\u00fc<\/strong><\/td>\n<td width=\"255\"><strong>6 &#8211; 8 saat<\/strong><\/td>\n<\/tr>\n<tr>\n<td width=\"293\"><strong>Katlar aras\u0131 bekleme s\u00fcresi<\/strong><\/td>\n<td width=\"255\"><strong>Minimum 12 saat<\/strong><\/td>\n<\/tr>\n<tr>\n<td width=\"293\"><strong>\u00dczerine kaplama yap\u0131lmas\u0131 i\u00e7in beklenilmesi gereken s\u00fcre<\/strong><\/td>\n<td width=\"255\"><strong>Minimum 3 g\u00fcn<\/strong><\/td>\n<\/tr>\n<tr>\n<td width=\"293\"><strong>Kullan\u0131ma alma s\u00fcresi<\/strong><\/td>\n<td width=\"255\"><strong>Minimum 7 g\u00fcn<\/strong><\/td>\n<\/tr>\n<\/tbody>\n<\/table>\n<p>Bu de\u011ferler laboratuvar \u015fartlar\u0131nda; 23 \u00b1 2\u00b0C ve %50 \u00b1 5 ba\u011f\u0131l nem ortam\u0131nda yap\u0131lan deneyler sonucunda elde edilmi\u015ftir. Tabloda verilen de\u011ferler y\u00fczey ve ortam ko\u015fullar\u0131na g\u00f6re farkl\u0131l\u0131k g\u00f6sterebilir.<\/p>\n<\/div><\/div><\/div><\/section>\n<section class='av_toggle_section av-mgj6rgd5-13ab30a80a9722a3db36f3cc1edfbca0'  itemscope=\"itemscope\" itemtype=\"https:\/\/schema.org\/CreativeWork\" ><div role=\"tablist\" class=\"single_toggle\" data-tags=\"{T\u00fcm\u00fc} \"  ><h6 id='toggle-toggle-id-4' data-fake-id='#toggle-id-4' class='toggler  av-title-above '  itemprop=\"headline\"  role='tab' tabindex='0' aria-controls='toggle-id-4' data-slide-speed=\"200\" data-title=\"REFERANS STANDARTLARI\" data-title-open=\"\" data-aria_collapsed=\"Click to expand: REFERANS STANDARTLARI\" data-aria_expanded=\"Click to collapse: REFERANS STANDARTLARI\">REFERANS STANDARTLARI<span class=\"toggle_icon\"><span class=\"vert_icon\"><\/span><span class=\"hor_icon\"><\/span><\/span><\/h6><div id='toggle-id-4' aria-labelledby='toggle-toggle-id-4' role='region' class='toggle_wrap  av-title-above'  ><div class='toggle_content invers-color '  itemprop=\"text\" ><p><strong>Onaylar\/Standartlar:<\/strong><br \/>\nTS EN 1504-2<\/p>\n<p><strong>Bay\u0131nd\u0131rl\u0131k Bak. Poz No.:<\/strong><br \/>\nBay\u0131nd\u0131rl\u0131k Bak. Poz No.: 10.300.2173<\/p>\n<\/div><\/div><\/div><\/section>\n<\/div><\/p>\n","protected":false},"excerpt":{"rendered":"","protected":false},"featured_media":4742,"comment_status":"closed","ping_status":"closed","template":"","meta":{"_acf_changed":false},"product_brand":[],"product_cat":[60],"product_tag":[],"class_list":{"0":"post-4741","1":"product","2":"type-product","3":"status-publish","4":"has-post-thumbnail","6":"product_cat-su_yalitim_malzemeleri","8":"first","9":"instock","10":"shipping-taxable","11":"product-type-simple"},"acf":[],"_links":{"self":[{"href":"https:\/\/www.kyk.com.tr\/index.php?rest_route=\/wp\/v2\/product\/4741","targetHints":{"allow":["GET"]}}],"collection":[{"href":"https:\/\/www.kyk.com.tr\/index.php?rest_route=\/wp\/v2\/product"}],"about":[{"href":"https:\/\/www.kyk.com.tr\/index.php?rest_route=\/wp\/v2\/types\/product"}],"replies":[{"embeddable":true,"href":"https:\/\/www.kyk.com.tr\/index.php?rest_route=%2Fwp%2Fv2%2Fcomments&post=4741"}],"wp:featuredmedia":[{"embeddable":true,"href":"https:\/\/www.kyk.com.tr\/index.php?rest_route=\/wp\/v2\/media\/4742"}],"wp:attachment":[{"href":"https:\/\/www.kyk.com.tr\/index.php?rest_route=%2Fwp%2Fv2%2Fmedia&parent=4741"}],"wp:term":[{"taxonomy":"product_brand","embeddable":true,"href":"https:\/\/www.kyk.com.tr\/index.php?rest_route=%2Fwp%2Fv2%2Fproduct_brand&post=4741"},{"taxonomy":"product_cat","embeddable":true,"href":"https:\/\/www.kyk.com.tr\/index.php?rest_route=%2Fwp%2Fv2%2Fproduct_cat&post=4741"},{"taxonomy":"product_tag","embeddable":true,"href":"https:\/\/www.kyk.com.tr\/index.php?rest_route=%2Fwp%2Fv2%2Fproduct_tag&post=4741"}],"curies":[{"name":"wp","href":"https:\/\/api.w.org\/{rel}","templated":true}]}}