{"id":4746,"date":"2025-05-08T15:03:08","date_gmt":"2025-05-08T15:03:08","guid":{"rendered":"https:\/\/www.kyk.center\/?post_type=product&#038;p=4746"},"modified":"2026-04-27T13:29:49","modified_gmt":"2026-04-27T13:29:49","slug":"megaizo-pu-15-s403","status":"publish","type":"product","link":"https:\/\/www.kyk.com.tr\/?product=megaizo-pu-15-s403","title":{"rendered":"Mega\u0130zo PU 15 S403"},"content":{"rendered":"<div  class='flex_column av-6sm99m-cd4836399934bc4046a47a510745b2ab av_one_third  avia-builder-el-0  el_before_av_one_half  avia-builder-el-first  first flex_column_div  '     ><style type=\"text\/css\" data-created_by=\"avia_inline_auto\" id=\"style-css-av-mgj6vc0l-2072507bcddafccac32f3cf0f5a61608\">\n.avia-image-container.av-mgj6vc0l-2072507bcddafccac32f3cf0f5a61608 img.avia_image{\nbox-shadow:none;\n}\n.avia-image-container.av-mgj6vc0l-2072507bcddafccac32f3cf0f5a61608 .av-image-caption-overlay-center{\ncolor:#ffffff;\n}\n<\/style>\n<div  class='avia-image-container av-mgj6vc0l-2072507bcddafccac32f3cf0f5a61608 av-styling- avia-align-center  avia-builder-el-1  avia-builder-el-no-sibling '   itemprop=\"image\" itemscope=\"itemscope\" itemtype=\"https:\/\/schema.org\/ImageObject\" ><div class=\"avia-image-container-inner\"><div class=\"avia-image-overlay-wrap\"><img decoding=\"async\" fetchpriority=\"high\" class='wp-image-4747 avia-img-lazy-loading-not-4747 avia_image ' src=\"https:\/\/www.kyk.com.tr\/wp-content\/uploads\/2025\/05\/s403.png\" alt='' title='Mega\u0130zo PU 15 S403'  height=\"320\" width=\"320\"  itemprop=\"thumbnailUrl\" srcset=\"https:\/\/www.kyk.com.tr\/wp-content\/uploads\/2025\/05\/s403.png 320w, https:\/\/www.kyk.com.tr\/wp-content\/uploads\/2025\/05\/s403-300x300.png 300w, https:\/\/www.kyk.com.tr\/wp-content\/uploads\/2025\/05\/s403-100x100.png 100w, https:\/\/www.kyk.com.tr\/wp-content\/uploads\/2025\/05\/s403-80x80.png 80w, https:\/\/www.kyk.com.tr\/wp-content\/uploads\/2025\/05\/s403-36x36.png 36w, https:\/\/www.kyk.com.tr\/wp-content\/uploads\/2025\/05\/s403-180x180.png 180w, https:\/\/www.kyk.com.tr\/wp-content\/uploads\/2025\/05\/s403-120x120.png 120w, https:\/\/www.kyk.com.tr\/wp-content\/uploads\/2025\/05\/s403-96x96.png 96w\" sizes=\"(max-width: 320px) 100vw, 320px\" \/><\/div><\/div><\/div><\/div>\n<div  class='flex_column av-5cmwfu-98960830a680565bc0bc679a2c1518ca av_one_half  avia-builder-el-2  el_after_av_one_third  el_before_av_two_third  flex_column_div  '     ><section  class='av_textblock_section av-mgj6vihl-883cb0d3dd0f76ef322568f560c09158 '   itemscope=\"itemscope\" itemtype=\"https:\/\/schema.org\/CreativeWork\" ><div class='avia_textblock'  itemprop=\"text\" ><h1>Mega\u0130zo PU 15 S403<\/h1>\n<\/div><\/section><br \/>\n\n<style type=\"text\/css\" data-created_by=\"avia_inline_auto\" id=\"style-css-av-mgj6vx1n-b79a17e1b0b08ec4b8b798b58cc7c2e3\">\n#top .av_textblock_section.av-mgj6vx1n-b79a17e1b0b08ec4b8b798b58cc7c2e3 .avia_textblock{\nfont-size:14px;\n}\n<\/style>\n<section  class='av_textblock_section av-mgj6vx1n-b79a17e1b0b08ec4b8b798b58cc7c2e3 '   itemscope=\"itemscope\" itemtype=\"https:\/\/schema.org\/CreativeWork\" ><div class='avia_textblock'  itemprop=\"text\" ><p><strong>Poli\u00fcretan esasl\u0131,tek bile\u015fenli, kullan\u0131ma haz\u0131r, son kat kaplama malzemesinden \u00f6nce veya son kat olarak uygulanabilen, UV dayan\u0131ml\u0131, ultra elastik su yal\u0131t\u0131m malzemesidir.<\/strong><\/p>\n<\/div><\/section><\/p><\/div>\n<div  class='flex_column av-e304a-3c852b0263c1e11d6fb10e4336bb7f79 av_two_third  avia-builder-el-5  el_after_av_one_half  el_before_av_one_third  first flex_column_div  column-top-margin'     ><section  class='av_textblock_section av-mgj6wez6-a52b7d8dc343ff9738aeff35e8e580d0 '   itemscope=\"itemscope\" itemtype=\"https:\/\/schema.org\/CreativeWork\" ><div class='avia_textblock'  itemprop=\"text\" ><h4>\u00a0 \u00a0 \u00dcR\u00dcN AVANTAJLARI<\/h4>\n<\/div><\/section><br \/>\n\n<style type=\"text\/css\" data-created_by=\"avia_inline_auto\" id=\"style-css-av-mgj6wtlz-0fa6e90d76d993acdab467e62e8294dd\">\n#top .av_textblock_section.av-mgj6wtlz-0fa6e90d76d993acdab467e62e8294dd .avia_textblock{\nfont-size:14px;\n}\n<\/style>\n<section  class='av_textblock_section av-mgj6wtlz-0fa6e90d76d993acdab467e62e8294dd '   itemscope=\"itemscope\" itemtype=\"https:\/\/schema.org\/CreativeWork\" ><div class='avia_textblock'  itemprop=\"text\" ><ul>\n<li>UV dayan\u0131m\u0131na sahiptir.<\/li>\n<li>Hafif yaya trafi\u011fine uygundur.<\/li>\n<li>Su buhar\u0131 ge\u00e7irgenli\u011fi vard\u0131r.<\/li>\n<li>&#8216;-30\u00b0C ile +90\u00b0C aras\u0131ndaki s\u0131cakl\u0131klarda mekanik \u00f6zelliklerini korur.<\/li>\n<li>Asitli ve bazik sol\u00fcsyonlara (%10), deterjanlara, deniz suyuna, ya\u011flara ve ya\u011flama maddelerine kar\u015f\u0131 y\u00fcksek dayan\u0131ma sahiptir.<\/li>\n<li>\u00c7atlak k\u00f6pr\u00fcleme kapasitesi y\u00fcksektir.<\/li>\n<li>Ultra elastiktir.<\/li>\n<li>Lokal onar\u0131m\u0131 h\u0131zl\u0131 ve kolayd\u0131r.<\/li>\n<li>Uyguland\u0131\u011f\u0131 y\u00fczeylerde eksiz bir yal\u0131t\u0131m sa\u011flar.<\/li>\n<li>Y\u00fcksek yap\u0131\u015fma g\u00fcc\u00fcne sahiptir.<\/li>\n<li>Kullan\u0131ma haz\u0131rd\u0131r, h\u0131zl\u0131 ve kolay uygulan\u0131r.<\/li>\n<\/ul>\n<\/div><\/section><\/p><\/div>\n<div  class='flex_column av-2292ii-e9cae5ec0cfb41e34d817c3f80e75ec0 av_one_third  avia-builder-el-8  el_after_av_two_third  el_before_av_toggle_container  flex_column_div  column-top-margin'     ><section  class='av_textblock_section av-mgj6x8tf-c6d2cb1445799967131730c60b70a6ab '   itemscope=\"itemscope\" itemtype=\"https:\/\/schema.org\/CreativeWork\" ><div class='avia_textblock'  itemprop=\"text\" ><h4>TEKN\u0130K BELGELER<\/h4>\n<\/div><\/section><br \/>\n<section  class='av_textblock_section av-mgj6xfhr-f18af5e1fa331711ee9ae1bce352a525 '   itemscope=\"itemscope\" itemtype=\"https:\/\/schema.org\/CreativeWork\" ><div class='avia_textblock'  itemprop=\"text\" ><p><a href=\"https:\/\/www.kyk.com.tr\/wp-content\/uploads\/2026\/04\/s403_tds.pdf\" target=\"_blank\" rel=\"noopener\"><img loading=\"lazy\" decoding=\"async\" class=\"alignnone wp-image-8657 size-full\" src=\"https:\/\/www.kyk.com.tr\/wp-content\/uploads\/2025\/10\/TDS_1.jpg\" alt=\"\" width=\"410\" height=\"41\" srcset=\"https:\/\/www.kyk.com.tr\/wp-content\/uploads\/2025\/10\/TDS_1.jpg 410w, https:\/\/www.kyk.com.tr\/wp-content\/uploads\/2025\/10\/TDS_1-300x30.jpg 300w\" sizes=\"auto, (max-width: 410px) 100vw, 410px\" \/><\/a><br \/>\n<a href=\"https:\/\/www.kyk.com.tr\/wp-content\/uploads\/2025\/05\/s403_msds.pdf\" target=\"_blank\" rel=\"noopener\"><img loading=\"lazy\" decoding=\"async\" class=\"alignnone size-full wp-image-8656\" src=\"https:\/\/www.kyk.com.tr\/wp-content\/uploads\/2025\/10\/MSDS_1.jpg\" alt=\"\" width=\"410\" height=\"41\" srcset=\"https:\/\/www.kyk.com.tr\/wp-content\/uploads\/2025\/10\/MSDS_1.jpg 410w, https:\/\/www.kyk.com.tr\/wp-content\/uploads\/2025\/10\/MSDS_1-300x30.jpg 300w\" sizes=\"auto, (max-width: 410px) 100vw, 410px\" \/><\/a><br \/>\n<a href=\"https:\/\/www.kyk.com.tr\/?sdm_process_download=1&amp;download_id=9355\" target=\"_blank\" rel=\"noopener\"><img loading=\"lazy\" decoding=\"async\" class=\"alignnone size-full wp-image-8656\" src=\"https:\/\/www.kyk.com.tr\/wp-content\/uploads\/2025\/10\/CE.jpg\" alt=\"\" width=\"410\" height=\"41\" \/><\/a><\/p>\n<\/div><\/section><\/p><\/div>\n<style type=\"text\/css\" data-created_by=\"avia_inline_auto\" id=\"style-css-av-mgj70wfu-175eb8ace97dc2bc6057049c9c018b8c\">\n#top .togglecontainer.av-mgj70wfu-175eb8ace97dc2bc6057049c9c018b8c h6.toggler{\nfont-size:17px;\ncolor:#003e73;\n}\n#top .togglecontainer.av-mgj70wfu-175eb8ace97dc2bc6057049c9c018b8c h6.toggler .toggle_icon{\ncolor:#003e73;\nborder-color:#003e73;\n}\n#top .togglecontainer.av-mgj70wfu-175eb8ace97dc2bc6057049c9c018b8c h6.toggler .toggle_icon > span{\ncolor:#003e73;\nborder-color:#003e73;\n}\n#top .togglecontainer.av-mgj70wfu-175eb8ace97dc2bc6057049c9c018b8c .toggle_wrap .toggle_content{\nfont-size:14px;\ncolor:#003e73;\n}\n<\/style>\n<div  class='togglecontainer av-mgj70wfu-175eb8ace97dc2bc6057049c9c018b8c av-minimal-toggle  avia-builder-el-11  el_after_av_one_third  avia-builder-el-last  toggle_close_all' >\n<section class='av_toggle_section av-mgj6xwg9-b3425960ce18a5c27a06fbf82c625b80'  itemscope=\"itemscope\" itemtype=\"https:\/\/schema.org\/CreativeWork\" ><div role=\"tablist\" class=\"single_toggle\" data-tags=\"{T\u00fcm\u00fc} \"  ><h6 id='toggle-toggle-id-1' data-fake-id='#toggle-id-1' class='toggler  av-title-above '  itemprop=\"headline\"  role='tab' tabindex='0' aria-controls='toggle-id-1' data-slide-speed=\"200\" data-title=\"KULLANIM ALANLARI\" data-title-open=\"\" data-aria_collapsed=\"Click to expand: KULLANIM ALANLARI\" data-aria_expanded=\"Click to collapse: KULLANIM ALANLARI\">KULLANIM ALANLARI<span class=\"toggle_icon\"><span class=\"vert_icon\"><\/span><span class=\"hor_icon\"><\/span><\/span><\/h6><div id='toggle-id-1' aria-labelledby='toggle-toggle-id-1' role='region' class='toggle_wrap  av-title-above'  ><div class='toggle_content invers-color '  itemprop=\"text\" ><p><strong>Mega\u0130zo PU 15 S403<\/strong>; t\u00fcm yap\u0131larda, \u00f6zellikle \u00fczeri ba\u015fka bir kaplama malzemesi ile kaplanmayarak a\u00e7\u0131k b\u0131rak\u0131lacak teras \u00e7at\u0131larda ve balkonlarda, binalar\u0131n d\u0131\u015f cephelerinde son kat su yal\u0131t\u0131m malzemesi olarak uygulan\u0131r. \u0130\u00e7 ve d\u0131\u015f mekanlarda, yatay ve d\u00fc\u015fey y\u00fczeylerde kullan\u0131l\u0131r.<\/p>\n<\/div><\/div><\/div><\/section>\n<section class='av_toggle_section av-mgj6yno6-2a36ff285fc98c2c468daa9181681ae6'  itemscope=\"itemscope\" itemtype=\"https:\/\/schema.org\/CreativeWork\" ><div role=\"tablist\" class=\"single_toggle\" data-tags=\"{T\u00fcm\u00fc} \"  ><h6 id='toggle-toggle-id-2' data-fake-id='#toggle-id-2' class='toggler  av-title-above '  itemprop=\"headline\"  role='tab' tabindex='0' aria-controls='toggle-id-2' data-slide-speed=\"200\" data-title=\"PERFORMANS B\u0130LG\u0130LER\u0130\" data-title-open=\"\" data-aria_collapsed=\"Click to expand: PERFORMANS B\u0130LG\u0130LER\u0130\" data-aria_expanded=\"Click to collapse: PERFORMANS B\u0130LG\u0130LER\u0130\">PERFORMANS B\u0130LG\u0130LER\u0130<span class=\"toggle_icon\"><span class=\"vert_icon\"><\/span><span class=\"hor_icon\"><\/span><\/span><\/h6><div id='toggle-id-2' aria-labelledby='toggle-toggle-id-2' role='region' class='toggle_wrap  av-title-above'  ><div class='toggle_content invers-color '  itemprop=\"text\" ><table width=\"595\">\n<tbody>\n<tr>\n<td width=\"255\"><strong>A\u00c7IKLAMA<\/strong><\/td>\n<td width=\"208\"><strong>DE\u011eER<\/strong><\/td>\n<td width=\"132\"><strong>STANDART<\/strong><\/td>\n<\/tr>\n<tr>\n<td width=\"255\"><strong>Ba\u015flang\u0131\u00e7 yap\u0131\u015fma mukavemeti<\/strong><\/td>\n<td width=\"208\"><strong>&gt;2,0 N\/mm<sup>2<\/sup><\/strong><\/td>\n<td width=\"132\"><strong>TS EN 14891<\/strong><\/td>\n<\/tr>\n<tr>\n<td width=\"255\"><strong>Kopmada uzama oran\u0131<\/strong><\/td>\n<td width=\"208\"><strong>&gt;% 1000<\/strong><\/td>\n<td width=\"132\"><strong>ASTM D 412<\/strong><\/td>\n<\/tr>\n<tr>\n<td width=\"255\"><strong>Kopma gerilmesi<\/strong><\/td>\n<td width=\"208\"><strong>&gt; 2,50 N\/mm\u00b2<\/strong><\/td>\n<td width=\"132\"><strong>ASTM D 412<\/strong><\/td>\n<\/tr>\n<tr>\n<td width=\"255\"><strong>Su bas\u0131nc\u0131na kar\u015f\u0131 diren\u00e7<\/strong><\/td>\n<td width=\"208\"><strong>S\u0131z\u0131nt\u0131s\u0131z<\/strong><\/p>\n<p><strong>(1m su s\u00fctunu, 24 saat)<\/strong><\/td>\n<td width=\"132\"><strong>DIN EN 1928<\/strong><\/td>\n<\/tr>\n<tr>\n<td width=\"255\"><strong>Kapiler su emme ve su ge\u00e7irgenli\u011fi<\/strong><\/td>\n<td width=\"208\"><strong>W&lt;0,1 kg\/m2 .h0,5<\/strong><\/td>\n<td width=\"132\"><strong>EN 1062-3<\/strong><\/td>\n<\/tr>\n<tr>\n<td width=\"255\"><strong>Su buhar\u0131 ge\u00e7irgenli\u011fi<\/strong><\/td>\n<td width=\"208\"><strong>S\u0131n\u0131f II<\/strong><\/td>\n<td width=\"132\"><strong>EN ISO 7783-2<\/strong><\/td>\n<\/tr>\n<tr>\n<td width=\"255\"><strong>Sertlik (Shore A)<\/strong><\/td>\n<td width=\"208\"><strong>60 \u00b1 5<\/strong><\/td>\n<td width=\"132\"><strong>ASTM D 2240<\/strong><\/td>\n<\/tr>\n<tr>\n<td width=\"255\"><strong>Yang\u0131na tepki<\/strong><\/td>\n<td width=\"208\"><strong>E<\/strong><\/td>\n<td width=\"132\"><strong>EN 13501 &#8211; 1<\/strong><\/td>\n<\/tr>\n<\/tbody>\n<\/table>\n<p>Bu de\u011ferler laboratuvar \u015fartlar\u0131nda; 23 \u00b1 2\u00b0C ve %50 \u00b1 5 ba\u011f\u0131l nem ortam\u0131nda yap\u0131lan deneyler sonucunda elde edilmi\u015ftir. Tabloda verilen de\u011ferler y\u00fczey ve ortam ko\u015fullar\u0131na g\u00f6re farkl\u0131l\u0131k g\u00f6sterebilir.<\/p>\n<\/div><\/div><\/div><\/section>\n<section class='av_toggle_section av-mgj6yutp-fa3aa2cb0f22f6958a8339bd5c7f7df6'  itemscope=\"itemscope\" itemtype=\"https:\/\/schema.org\/CreativeWork\" ><div role=\"tablist\" class=\"single_toggle\" data-tags=\"{T\u00fcm\u00fc} \"  ><h6 id='toggle-toggle-id-3' data-fake-id='#toggle-id-3' class='toggler  av-title-above '  itemprop=\"headline\"  role='tab' tabindex='0' aria-controls='toggle-id-3' data-slide-speed=\"200\" data-title=\"UYGULAMA SINIRLARI\" data-title-open=\"\" data-aria_collapsed=\"Click to expand: UYGULAMA SINIRLARI\" data-aria_expanded=\"Click to collapse: UYGULAMA SINIRLARI\">UYGULAMA SINIRLARI<span class=\"toggle_icon\"><span class=\"vert_icon\"><\/span><span class=\"hor_icon\"><\/span><\/span><\/h6><div id='toggle-id-3' aria-labelledby='toggle-toggle-id-3' role='region' class='toggle_wrap  av-title-above'  ><div class='toggle_content invers-color '  itemprop=\"text\" ><table width=\"548\">\n<tbody>\n<tr>\n<td width=\"293\"><strong>A\u00e7\u0131klama<\/strong><\/td>\n<td width=\"255\"><strong>S\u00fcre<\/strong><\/td>\n<\/tr>\n<tr>\n<td width=\"293\"><strong>Kap \u00f6mr\u00fc<\/strong><\/td>\n<td width=\"255\"><strong>6 \u2013 8 saat<\/strong><\/td>\n<\/tr>\n<tr>\n<td width=\"293\"><strong>Katlar aras\u0131 bekleme s\u00fcresi<\/strong><\/td>\n<td width=\"255\"><strong>Minimum 12 saat<\/strong><\/td>\n<\/tr>\n<tr>\n<td width=\"293\"><strong>Kullan\u0131ma alma s\u00fcresi<\/strong><\/td>\n<td width=\"255\"><strong>Minimum 7 g\u00fcn<\/strong><\/td>\n<\/tr>\n<\/tbody>\n<\/table>\n<p>Bu de\u011ferler laboratuvar \u015fartlar\u0131nda; 23 \u00b1 2\u00b0C ve %50 \u00b1 5 ba\u011f\u0131l nem ortam\u0131nda yap\u0131lan deneyler sonucunda elde edilmi\u015ftir. Tabloda verilen de\u011ferler y\u00fczey ve ortam ko\u015fullar\u0131na g\u00f6re farkl\u0131l\u0131k g\u00f6sterebilir.<\/p>\n<\/div><\/div><\/div><\/section>\n<section class='av_toggle_section av-mgj6zc5x-0768897d550f95555934392c8c96a166'  itemscope=\"itemscope\" itemtype=\"https:\/\/schema.org\/CreativeWork\" ><div role=\"tablist\" class=\"single_toggle\" data-tags=\"{T\u00fcm\u00fc} \"  ><h6 id='toggle-toggle-id-4' data-fake-id='#toggle-id-4' class='toggler  av-title-above '  itemprop=\"headline\"  role='tab' tabindex='0' aria-controls='toggle-id-4' data-slide-speed=\"200\" data-title=\"REFERANS STANDARTLARI\" data-title-open=\"\" data-aria_collapsed=\"Click to expand: REFERANS STANDARTLARI\" data-aria_expanded=\"Click to collapse: REFERANS STANDARTLARI\">REFERANS STANDARTLARI<span class=\"toggle_icon\"><span class=\"vert_icon\"><\/span><span class=\"hor_icon\"><\/span><\/span><\/h6><div id='toggle-id-4' aria-labelledby='toggle-toggle-id-4' role='region' class='toggle_wrap  av-title-above'  ><div class='toggle_content invers-color '  itemprop=\"text\" ><p><strong>Onaylar\/Standartlar:<\/strong><br \/>\nTS EN 1504-2<\/p>\n<p><strong>Bay\u0131nd\u0131rl\u0131k Bak. Poz No.:<\/strong><br \/>\nBay\u0131nd\u0131rl\u0131k Bak. Poz No.: 10.300.2173<\/p>\n<\/div><\/div><\/div><\/section>\n<\/div><\/p>\n","protected":false},"excerpt":{"rendered":"","protected":false},"featured_media":4747,"comment_status":"closed","ping_status":"closed","template":"","meta":{"_acf_changed":false},"product_brand":[],"product_cat":[60],"product_tag":[],"class_list":{"0":"post-4746","1":"product","2":"type-product","3":"status-publish","4":"has-post-thumbnail","6":"product_cat-su_yalitim_malzemeleri","8":"first","9":"instock","10":"shipping-taxable","11":"product-type-simple"},"acf":[],"_links":{"self":[{"href":"https:\/\/www.kyk.com.tr\/index.php?rest_route=\/wp\/v2\/product\/4746","targetHints":{"allow":["GET"]}}],"collection":[{"href":"https:\/\/www.kyk.com.tr\/index.php?rest_route=\/wp\/v2\/product"}],"about":[{"href":"https:\/\/www.kyk.com.tr\/index.php?rest_route=\/wp\/v2\/types\/product"}],"replies":[{"embeddable":true,"href":"https:\/\/www.kyk.com.tr\/index.php?rest_route=%2Fwp%2Fv2%2Fcomments&post=4746"}],"wp:featuredmedia":[{"embeddable":true,"href":"https:\/\/www.kyk.com.tr\/index.php?rest_route=\/wp\/v2\/media\/4747"}],"wp:attachment":[{"href":"https:\/\/www.kyk.com.tr\/index.php?rest_route=%2Fwp%2Fv2%2Fmedia&parent=4746"}],"wp:term":[{"taxonomy":"product_brand","embeddable":true,"href":"https:\/\/www.kyk.com.tr\/index.php?rest_route=%2Fwp%2Fv2%2Fproduct_brand&post=4746"},{"taxonomy":"product_cat","embeddable":true,"href":"https:\/\/www.kyk.com.tr\/index.php?rest_route=%2Fwp%2Fv2%2Fproduct_cat&post=4746"},{"taxonomy":"product_tag","embeddable":true,"href":"https:\/\/www.kyk.com.tr\/index.php?rest_route=%2Fwp%2Fv2%2Fproduct_tag&post=4746"}],"curies":[{"name":"wp","href":"https:\/\/api.w.org\/{rel}","templated":true}]}}