{"id":4766,"date":"2025-05-08T15:51:24","date_gmt":"2025-05-08T15:51:24","guid":{"rendered":"https:\/\/www.kyk.center\/?post_type=product&#038;p=4766"},"modified":"2026-04-27T13:56:49","modified_gmt":"2026-04-27T13:56:49","slug":"megaizo-stoper-s107","status":"publish","type":"product","link":"https:\/\/www.kyk.com.tr\/?product=megaizo-stoper-s107","title":{"rendered":"Mega\u0130zo Stoper S107"},"content":{"rendered":"<div  class='flex_column av-71yc1q-d580f30f1484318d1f17aed6d93ea41e av_one_third  avia-builder-el-0  el_before_av_one_half  avia-builder-el-first  first flex_column_div  '     ><style type=\"text\/css\" data-created_by=\"avia_inline_auto\" id=\"style-css-av-mgj7pjvw-120c071be1f56562f2bc90ffda542e5e\">\n.avia-image-container.av-mgj7pjvw-120c071be1f56562f2bc90ffda542e5e img.avia_image{\nbox-shadow:none;\n}\n.avia-image-container.av-mgj7pjvw-120c071be1f56562f2bc90ffda542e5e .av-image-caption-overlay-center{\ncolor:#ffffff;\n}\n<\/style>\n<div  class='avia-image-container av-mgj7pjvw-120c071be1f56562f2bc90ffda542e5e av-styling- avia-align-center  avia-builder-el-1  avia-builder-el-no-sibling '   itemprop=\"image\" itemscope=\"itemscope\" itemtype=\"https:\/\/schema.org\/ImageObject\" ><div class=\"avia-image-container-inner\"><div class=\"avia-image-overlay-wrap\"><img decoding=\"async\" fetchpriority=\"high\" class='wp-image-4767 avia-img-lazy-loading-not-4767 avia_image ' src=\"https:\/\/www.kyk.com.tr\/wp-content\/uploads\/2025\/05\/s107.png\" alt='' title='Mega\u0130zo Stoper S107'  height=\"320\" width=\"320\"  itemprop=\"thumbnailUrl\" srcset=\"https:\/\/www.kyk.com.tr\/wp-content\/uploads\/2025\/05\/s107.png 320w, https:\/\/www.kyk.com.tr\/wp-content\/uploads\/2025\/05\/s107-300x300.png 300w, https:\/\/www.kyk.com.tr\/wp-content\/uploads\/2025\/05\/s107-100x100.png 100w, https:\/\/www.kyk.com.tr\/wp-content\/uploads\/2025\/05\/s107-80x80.png 80w, https:\/\/www.kyk.com.tr\/wp-content\/uploads\/2025\/05\/s107-36x36.png 36w, https:\/\/www.kyk.com.tr\/wp-content\/uploads\/2025\/05\/s107-180x180.png 180w, https:\/\/www.kyk.com.tr\/wp-content\/uploads\/2025\/05\/s107-120x120.png 120w, https:\/\/www.kyk.com.tr\/wp-content\/uploads\/2025\/05\/s107-96x96.png 96w\" sizes=\"(max-width: 320px) 100vw, 320px\" \/><\/div><\/div><\/div><\/div>\n<div  class='flex_column av-667pse-931891f88056ca79433543aba57d0ef4 av_one_half  avia-builder-el-2  el_after_av_one_third  el_before_av_two_third  flex_column_div  '     ><section  class='av_textblock_section av-mgj7pqn9-087646aa4608fde56b17b2324483c4a3 '   itemscope=\"itemscope\" itemtype=\"https:\/\/schema.org\/CreativeWork\" ><div class='avia_textblock'  itemprop=\"text\" ><h1>Mega\u0130zo Stoper S107<\/h1>\n<\/div><\/section><br \/>\n\n<style type=\"text\/css\" data-created_by=\"avia_inline_auto\" id=\"style-css-av-mgj7q5ds-f226f5e219bdfe95b57c8d8095564209\">\n#top .av_textblock_section.av-mgj7q5ds-f226f5e219bdfe95b57c8d8095564209 .avia_textblock{\nfont-size:14px;\n}\n<\/style>\n<section  class='av_textblock_section av-mgj7q5ds-f226f5e219bdfe95b57c8d8095564209 '   itemscope=\"itemscope\" itemtype=\"https:\/\/schema.org\/CreativeWork\" ><div class='avia_textblock'  itemprop=\"text\" ><p><strong>\u00c7imento esasl\u0131, tek bile\u015fenli, ani priz alma \u00f6zelli\u011fine sahip, su s\u0131z\u0131nt\u0131lar\u0131n\u0131 t\u0131kamak i\u00e7in kullan\u0131lan su t\u0131kama harc\u0131d\u0131r.<\/strong><\/p>\n<\/div><\/section><\/p><\/div>\n<div  class='flex_column av-3jw0f2-7a931665fd7b730ea9f33bc8586e57df av_two_third  avia-builder-el-5  el_after_av_one_half  el_before_av_one_third  first flex_column_div  column-top-margin'     ><section  class='av_textblock_section av-mgj7qlc6-4864e614ed6286a5dbf55d9e4de4ad1b '   itemscope=\"itemscope\" itemtype=\"https:\/\/schema.org\/CreativeWork\" ><div class='avia_textblock'  itemprop=\"text\" ><h4>\u00a0 \u00a0 \u00dcR\u00dcN AVANTAJLARI<\/h4>\n<\/div><\/section><br \/>\n\n<style type=\"text\/css\" data-created_by=\"avia_inline_auto\" id=\"style-css-av-mgj7qwjn-ae2fc140e27f26cc03789105d8f548cf\">\n#top .av_textblock_section.av-mgj7qwjn-ae2fc140e27f26cc03789105d8f548cf .avia_textblock{\nfont-size:14px;\n}\n<\/style>\n<section  class='av_textblock_section av-mgj7qwjn-ae2fc140e27f26cc03789105d8f548cf '   itemscope=\"itemscope\" itemtype=\"https:\/\/schema.org\/CreativeWork\" ><div class='avia_textblock'  itemprop=\"text\" ><ul>\n<li>Suyun \u00e7ok h\u0131zl\u0131 akt\u0131\u011f\u0131 noktalarda dahi etkilidir.<\/li>\n<li>Tuzlu suya kar\u015f\u0131 dayan\u0131kl\u0131d\u0131r<\/li>\n<li>Y\u00fcksek yap\u0131\u015fma g\u00fcc\u00fcne sahiptir.<\/li>\n<li>Kolay haz\u0131rlan\u0131r ve uygulan\u0131r.<\/li>\n<\/ul>\n<\/div><\/section><\/p><\/div>\n<div  class='flex_column av-2www6m-2effef67bf8e3ef5eef9d011cf12f81e av_one_third  avia-builder-el-8  el_after_av_two_third  el_before_av_toggle_container  flex_column_div  column-top-margin'     ><section  class='av_textblock_section av-mgj7r5b4-9c23fd00dc5efc65ac75880af87550b7 '   itemscope=\"itemscope\" itemtype=\"https:\/\/schema.org\/CreativeWork\" ><div class='avia_textblock'  itemprop=\"text\" ><h4>TEKN\u0130K BELGELER<\/h4>\n<\/div><\/section><br \/>\n<section  class='av_textblock_section av-mgj7rchq-74ca88d05e9ccc0d40b45c69846c2fa5 '   itemscope=\"itemscope\" itemtype=\"https:\/\/schema.org\/CreativeWork\" ><div class='avia_textblock'  itemprop=\"text\" ><p><a href=\"https:\/\/www.kyk.com.tr\/wp-content\/uploads\/2026\/04\/s107_tds.pdf\" target=\"_blank\" rel=\"noopener\"><img loading=\"lazy\" decoding=\"async\" class=\"alignnone wp-image-8657 size-full\" src=\"https:\/\/www.kyk.com.tr\/wp-content\/uploads\/2025\/10\/TDS_1.jpg\" alt=\"\" width=\"410\" height=\"41\" srcset=\"https:\/\/www.kyk.com.tr\/wp-content\/uploads\/2025\/10\/TDS_1.jpg 410w, https:\/\/www.kyk.com.tr\/wp-content\/uploads\/2025\/10\/TDS_1-300x30.jpg 300w\" sizes=\"auto, (max-width: 410px) 100vw, 410px\" \/><\/a><br \/>\n<a href=\"https:\/\/www.kyk.com.tr\/wp-content\/uploads\/2025\/05\/s107_msds.pdf\" target=\"_blank\" rel=\"noopener\"><img loading=\"lazy\" decoding=\"async\" class=\"alignnone size-full wp-image-8656\" src=\"https:\/\/www.kyk.com.tr\/wp-content\/uploads\/2025\/10\/MSDS_1.jpg\" alt=\"\" width=\"410\" height=\"41\" srcset=\"https:\/\/www.kyk.com.tr\/wp-content\/uploads\/2025\/10\/MSDS_1.jpg 410w, https:\/\/www.kyk.com.tr\/wp-content\/uploads\/2025\/10\/MSDS_1-300x30.jpg 300w\" sizes=\"auto, (max-width: 410px) 100vw, 410px\" \/><\/a><br \/>\n<a href=\"https:\/\/www.kyk.com.tr\/?sdm_process_download=1&amp;download_id=9364\" target=\"_blank\" rel=\"noopener\"><img loading=\"lazy\" decoding=\"async\" class=\"alignnone size-full wp-image-8656\" src=\"https:\/\/www.kyk.com.tr\/wp-content\/uploads\/2025\/10\/CE.jpg\" alt=\"\" width=\"410\" height=\"41\" \/><\/a><\/p>\n<\/div><\/section><\/p><\/div>\n<style type=\"text\/css\" data-created_by=\"avia_inline_auto\" id=\"style-css-av-mgj7u6zg-1136fccbbda561e0f3efd1d0b8ab2cc1\">\n#top .togglecontainer.av-mgj7u6zg-1136fccbbda561e0f3efd1d0b8ab2cc1 h6.toggler{\nfont-size:17px;\ncolor:#003e73;\n}\n#top .togglecontainer.av-mgj7u6zg-1136fccbbda561e0f3efd1d0b8ab2cc1 h6.toggler .toggle_icon{\ncolor:#003e73;\nborder-color:#003e73;\n}\n#top .togglecontainer.av-mgj7u6zg-1136fccbbda561e0f3efd1d0b8ab2cc1 h6.toggler .toggle_icon > span{\ncolor:#003e73;\nborder-color:#003e73;\n}\n#top .togglecontainer.av-mgj7u6zg-1136fccbbda561e0f3efd1d0b8ab2cc1 .toggle_wrap .toggle_content{\nfont-size:14px;\ncolor:#003e73;\n}\n<\/style>\n<div  class='togglecontainer av-mgj7u6zg-1136fccbbda561e0f3efd1d0b8ab2cc1 av-minimal-toggle  avia-builder-el-11  el_after_av_one_third  avia-builder-el-last  toggle_close_all' >\n<section class='av_toggle_section av-mgj7ryf6-6de2e918e3c1096baa19e09b6f2e0819'  itemscope=\"itemscope\" itemtype=\"https:\/\/schema.org\/CreativeWork\" ><div role=\"tablist\" class=\"single_toggle\" data-tags=\"{T\u00fcm\u00fc} \"  ><h6 id='toggle-toggle-id-1' data-fake-id='#toggle-id-1' class='toggler  av-title-above '  itemprop=\"headline\"  role='tab' tabindex='0' aria-controls='toggle-id-1' data-slide-speed=\"200\" data-title=\"KULLANIM ALANLARI\" data-title-open=\"\" data-aria_collapsed=\"Click to expand: KULLANIM ALANLARI\" data-aria_expanded=\"Click to collapse: KULLANIM ALANLARI\">KULLANIM ALANLARI<span class=\"toggle_icon\"><span class=\"vert_icon\"><\/span><span class=\"hor_icon\"><\/span><\/span><\/h6><div id='toggle-id-1' aria-labelledby='toggle-toggle-id-1' role='region' class='toggle_wrap  av-title-above'  ><div class='toggle_content invers-color '  itemprop=\"text\" ><p><strong>Mega\u0130zo Stoper<\/strong>; temellerdeki perde betonlarda, istinat duvarlar\u0131nda, asans\u00f6r bo\u015fluklar\u0131nda, havuzlarda, betonarme su depolar\u0131nda ve beton borulardaki delik veya derin \u00e7atlaklardan bas\u0131n\u00e7l\u0131 veya s\u0131z\u0131nt\u0131 halinde gelen suyun \u00e7ok k\u0131sa bir zamanda engellenmesi amac\u0131yla uygulan\u0131r. \u0130\u00e7 ve d\u0131\u015f mekanlarda, yatay ve d\u00fc\u015fey y\u00fczeylerde kullan\u0131l\u0131r.<\/p>\n<\/div><\/div><\/div><\/section>\n<section class='av_toggle_section av-mgj7shvb-c59cf48f28f22ceee806bc873c035765'  itemscope=\"itemscope\" itemtype=\"https:\/\/schema.org\/CreativeWork\" ><div role=\"tablist\" class=\"single_toggle\" data-tags=\"{T\u00fcm\u00fc} \"  ><h6 id='toggle-toggle-id-2' data-fake-id='#toggle-id-2' class='toggler  av-title-above '  itemprop=\"headline\"  role='tab' tabindex='0' aria-controls='toggle-id-2' data-slide-speed=\"200\" data-title=\"UYGULAMA SINIRLARI\" data-title-open=\"\" data-aria_collapsed=\"Click to expand: UYGULAMA SINIRLARI\" data-aria_expanded=\"Click to collapse: UYGULAMA SINIRLARI\">UYGULAMA SINIRLARI<span class=\"toggle_icon\"><span class=\"vert_icon\"><\/span><span class=\"hor_icon\"><\/span><\/span><\/h6><div id='toggle-id-2' aria-labelledby='toggle-toggle-id-2' role='region' class='toggle_wrap  av-title-above'  ><div class='toggle_content invers-color '  itemprop=\"text\" ><table width=\"558\">\n<tbody>\n<tr>\n<td width=\"359\"><strong>A\u00c7IKLAMA<\/strong><\/td>\n<td width=\"198\"><strong>S\u00dcRE<\/strong><\/td>\n<\/tr>\n<tr>\n<td width=\"359\"><strong>Kap \u00d6mr\u00fc<\/strong><\/td>\n<td width=\"198\"><strong>Maksimum 40 sn.<\/strong><\/td>\n<\/tr>\n<\/tbody>\n<\/table>\n<p>Bu de\u011ferler laboratuvar \u015fartlar\u0131nda; 23 \u00b1 2\u00b0C ve %50 \u00b1 5 ba\u011f\u0131l nem ortam\u0131nda yap\u0131lan deneyler sonucunda elde edilmi\u015ftir. Tabloda verilen de\u011ferler y\u00fczey ve ortam ko\u015fullar\u0131na g\u00f6re farkl\u0131l\u0131k g\u00f6sterebilir.<\/p>\n<\/div><\/div><\/div><\/section>\n<section class='av_toggle_section av-mgj7szrh-953c63d23259567ca4db1c3ca1e24881'  itemscope=\"itemscope\" itemtype=\"https:\/\/schema.org\/CreativeWork\" ><div role=\"tablist\" class=\"single_toggle\" data-tags=\"{T\u00fcm\u00fc} \"  ><h6 id='toggle-toggle-id-3' data-fake-id='#toggle-id-3' class='toggler  av-title-above '  itemprop=\"headline\"  role='tab' tabindex='0' aria-controls='toggle-id-3' data-slide-speed=\"200\" data-title=\"REFERANS STANDARTLARI\" data-title-open=\"\" data-aria_collapsed=\"Click to expand: REFERANS STANDARTLARI\" data-aria_expanded=\"Click to collapse: REFERANS STANDARTLARI\">REFERANS STANDARTLARI<span class=\"toggle_icon\"><span class=\"vert_icon\"><\/span><span class=\"hor_icon\"><\/span><\/span><\/h6><div id='toggle-id-3' aria-labelledby='toggle-toggle-id-3' role='region' class='toggle_wrap  av-title-above'  ><div class='toggle_content invers-color '  itemprop=\"text\" ><p><strong>Onaylar\/Standartlar:<\/strong><br \/>\nTS EN 1504-3<\/p>\n<p><strong>Bay\u0131nd\u0131rl\u0131k Bak. Poz No.:<\/strong><br \/>\nBay\u0131nd\u0131rl\u0131k Bak. Poz No.: 10.300.2171<\/p>\n<\/div><\/div><\/div><\/section>\n<\/div><\/p>\n","protected":false},"excerpt":{"rendered":"","protected":false},"featured_media":4767,"comment_status":"closed","ping_status":"closed","template":"","meta":{"_acf_changed":false},"product_brand":[],"product_cat":[60],"product_tag":[],"class_list":{"0":"post-4766","1":"product","2":"type-product","3":"status-publish","4":"has-post-thumbnail","6":"product_cat-su_yalitim_malzemeleri","8":"first","9":"instock","10":"shipping-taxable","11":"product-type-simple"},"acf":[],"_links":{"self":[{"href":"https:\/\/www.kyk.com.tr\/index.php?rest_route=\/wp\/v2\/product\/4766","targetHints":{"allow":["GET"]}}],"collection":[{"href":"https:\/\/www.kyk.com.tr\/index.php?rest_route=\/wp\/v2\/product"}],"about":[{"href":"https:\/\/www.kyk.com.tr\/index.php?rest_route=\/wp\/v2\/types\/product"}],"replies":[{"embeddable":true,"href":"https:\/\/www.kyk.com.tr\/index.php?rest_route=%2Fwp%2Fv2%2Fcomments&post=4766"}],"wp:featuredmedia":[{"embeddable":true,"href":"https:\/\/www.kyk.com.tr\/index.php?rest_route=\/wp\/v2\/media\/4767"}],"wp:attachment":[{"href":"https:\/\/www.kyk.com.tr\/index.php?rest_route=%2Fwp%2Fv2%2Fmedia&parent=4766"}],"wp:term":[{"taxonomy":"product_brand","embeddable":true,"href":"https:\/\/www.kyk.com.tr\/index.php?rest_route=%2Fwp%2Fv2%2Fproduct_brand&post=4766"},{"taxonomy":"product_cat","embeddable":true,"href":"https:\/\/www.kyk.com.tr\/index.php?rest_route=%2Fwp%2Fv2%2Fproduct_cat&post=4766"},{"taxonomy":"product_tag","embeddable":true,"href":"https:\/\/www.kyk.com.tr\/index.php?rest_route=%2Fwp%2Fv2%2Fproduct_tag&post=4766"}],"curies":[{"name":"wp","href":"https:\/\/api.w.org\/{rel}","templated":true}]}}