{"id":4776,"date":"2025-05-08T16:02:13","date_gmt":"2025-05-08T16:02:13","guid":{"rendered":"https:\/\/www.kyk.center\/?post_type=product&#038;p=4776"},"modified":"2026-04-27T14:09:16","modified_gmt":"2026-04-27T14:09:16","slug":"megaizo-file-s902","status":"publish","type":"product","link":"https:\/\/www.kyk.com.tr\/?product=megaizo-file-s902","title":{"rendered":"Mega\u0130zo File S902"},"content":{"rendered":"<div  class='flex_column av-7apenc-72faed332c7e80744a2a98e05891e542 av_one_third  avia-builder-el-0  el_before_av_one_half  avia-builder-el-first  first flex_column_div  '     ><style type=\"text\/css\" data-created_by=\"avia_inline_auto\" id=\"style-css-av-mgjc20fv-7012f14b19331b22e537f9375f48c606\">\n.avia-image-container.av-mgjc20fv-7012f14b19331b22e537f9375f48c606 img.avia_image{\nbox-shadow:none;\n}\n.avia-image-container.av-mgjc20fv-7012f14b19331b22e537f9375f48c606 .av-image-caption-overlay-center{\ncolor:#ffffff;\n}\n<\/style>\n<div  class='avia-image-container av-mgjc20fv-7012f14b19331b22e537f9375f48c606 av-styling- avia-align-center  avia-builder-el-1  avia-builder-el-no-sibling '   itemprop=\"image\" itemscope=\"itemscope\" itemtype=\"https:\/\/schema.org\/ImageObject\" ><div class=\"avia-image-container-inner\"><div class=\"avia-image-overlay-wrap\"><img decoding=\"async\" fetchpriority=\"high\" class='wp-image-4777 avia-img-lazy-loading-not-4777 avia_image ' src=\"https:\/\/www.kyk.com.tr\/wp-content\/uploads\/2025\/05\/s902.png\" alt='' title='Mega\u0130zo File S902'  height=\"320\" width=\"320\"  itemprop=\"thumbnailUrl\" srcset=\"https:\/\/www.kyk.com.tr\/wp-content\/uploads\/2025\/05\/s902.png 320w, https:\/\/www.kyk.com.tr\/wp-content\/uploads\/2025\/05\/s902-300x300.png 300w, https:\/\/www.kyk.com.tr\/wp-content\/uploads\/2025\/05\/s902-100x100.png 100w, https:\/\/www.kyk.com.tr\/wp-content\/uploads\/2025\/05\/s902-80x80.png 80w, https:\/\/www.kyk.com.tr\/wp-content\/uploads\/2025\/05\/s902-36x36.png 36w, https:\/\/www.kyk.com.tr\/wp-content\/uploads\/2025\/05\/s902-180x180.png 180w, https:\/\/www.kyk.com.tr\/wp-content\/uploads\/2025\/05\/s902-120x120.png 120w, https:\/\/www.kyk.com.tr\/wp-content\/uploads\/2025\/05\/s902-96x96.png 96w\" sizes=\"(max-width: 320px) 100vw, 320px\" \/><\/div><\/div><\/div><\/div>\n<div  class='flex_column av-ihm0o-d0612b32a5411b40d897b3db6b78cddf av_one_half  avia-builder-el-2  el_after_av_one_third  el_before_av_two_third  flex_column_div  '     ><section  class='av_textblock_section av-mgjc2a10-5850c30a7ce68a6884169569f28d141b '   itemscope=\"itemscope\" itemtype=\"https:\/\/schema.org\/CreativeWork\" ><div class='avia_textblock'  itemprop=\"text\" ><h1>Mega\u0130zo File S902<\/h1>\n<\/div><\/section><br \/>\n\n<style type=\"text\/css\" data-created_by=\"avia_inline_auto\" id=\"style-css-av-mgjc2p9q-3393f207ceb24fcf20ceb14564072d6c\">\n#top .av_textblock_section.av-mgjc2p9q-3393f207ceb24fcf20ceb14564072d6c .avia_textblock{\nfont-size:14px;\n}\n<\/style>\n<section  class='av_textblock_section av-mgjc2p9q-3393f207ceb24fcf20ceb14564072d6c '   itemscope=\"itemscope\" itemtype=\"https:\/\/schema.org\/CreativeWork\" ><div class='avia_textblock'  itemprop=\"text\" ><p><strong>Su yal\u0131t\u0131m \u00fcr\u00fcnleri ile, \u00e7ekme gerilmeleri dolay\u0131s\u0131yla olu\u015fabilecek \u00e7atlamalar\u0131 minimize etmek amac\u0131yla kullan\u0131lan 75 \u00b1 5 gr\/m<sup>2<\/sup> a\u011f\u0131rl\u0131kta tekstil donat\u0131 filesidir.<\/strong><\/p>\n<\/div><\/section><\/p><\/div>\n<div  class='flex_column av-3s9kwo-aa9a864ac2d6b69a2957ac8aeccab5cd av_two_third  avia-builder-el-5  el_after_av_one_half  el_before_av_one_third  first flex_column_div  column-top-margin'     ><section  class='av_textblock_section av-mgjc40uk-c478077b1a09e38b60e0c435333a4647 '   itemscope=\"itemscope\" itemtype=\"https:\/\/schema.org\/CreativeWork\" ><div class='avia_textblock'  itemprop=\"text\" ><h4>\u00a0 \u00a0 \u00dcR\u00dcN AVANTAJLARI<\/h4>\n<\/div><\/section><\/div>\n<div  class='flex_column av-33avig-d6fa2ba4c63596db11bca7f5a3f82096 av_one_third  avia-builder-el-7  el_after_av_two_third  el_before_av_toggle_container  flex_column_div  column-top-margin'     ><section  class='av_textblock_section av-mgjc55rs-3effd2515d01dd576c7009cb8956cb72 '   itemscope=\"itemscope\" itemtype=\"https:\/\/schema.org\/CreativeWork\" ><div class='avia_textblock'  itemprop=\"text\" ><h4>TEKN\u0130K BELGELER<\/h4>\n<\/div><\/section><br \/>\n<section  class='av_textblock_section av-mgjc5g6t-c09408b0dcd2f10651a8ba3aab52d46c '   itemscope=\"itemscope\" itemtype=\"https:\/\/schema.org\/CreativeWork\" ><div class='avia_textblock'  itemprop=\"text\" ><p><a href=\"https:\/\/www.kyk.com.tr\/wp-content\/uploads\/2026\/04\/s902_tds.pdf\" target=\"_blank\" rel=\"noopener\"><img loading=\"lazy\" decoding=\"async\" class=\"alignnone wp-image-8657 size-full\" src=\"https:\/\/www.kyk.com.tr\/wp-content\/uploads\/2025\/10\/TDS_1.jpg\" alt=\"\" width=\"410\" height=\"41\" srcset=\"https:\/\/www.kyk.com.tr\/wp-content\/uploads\/2025\/10\/TDS_1.jpg 410w, https:\/\/www.kyk.com.tr\/wp-content\/uploads\/2025\/10\/TDS_1-300x30.jpg 300w\" sizes=\"auto, (max-width: 410px) 100vw, 410px\" \/><\/a><br \/>\n<a href=\"https:\/\/www.kyk.com.tr\/wp-content\/uploads\/2025\/10\/s902_msds.pdf\" target=\"_blank\" rel=\"noopener\"><img loading=\"lazy\" decoding=\"async\" class=\"alignnone size-full wp-image-8656\" src=\"https:\/\/www.kyk.com.tr\/wp-content\/uploads\/2025\/10\/MSDS_1.jpg\" alt=\"\" width=\"410\" height=\"41\" srcset=\"https:\/\/www.kyk.com.tr\/wp-content\/uploads\/2025\/10\/MSDS_1.jpg 410w, https:\/\/www.kyk.com.tr\/wp-content\/uploads\/2025\/10\/MSDS_1-300x30.jpg 300w\" sizes=\"auto, (max-width: 410px) 100vw, 410px\" \/><\/a><\/p>\n<\/div><\/section><\/p><\/div>\n<style type=\"text\/css\" data-created_by=\"avia_inline_auto\" id=\"style-css-av-mgjc7s4l-f1c84eadb15a416d1d4c297c348305cb\">\n#top .togglecontainer.av-mgjc7s4l-f1c84eadb15a416d1d4c297c348305cb h6.toggler{\nfont-size:17px;\ncolor:#003e73;\n}\n#top .togglecontainer.av-mgjc7s4l-f1c84eadb15a416d1d4c297c348305cb h6.toggler .toggle_icon{\ncolor:#003e73;\nborder-color:#003e73;\n}\n#top .togglecontainer.av-mgjc7s4l-f1c84eadb15a416d1d4c297c348305cb h6.toggler .toggle_icon > span{\ncolor:#003e73;\nborder-color:#003e73;\n}\n#top .togglecontainer.av-mgjc7s4l-f1c84eadb15a416d1d4c297c348305cb .toggle_wrap .toggle_content{\nfont-size:14px;\ncolor:#003e73;\n}\n<\/style>\n<div  class='togglecontainer av-mgjc7s4l-f1c84eadb15a416d1d4c297c348305cb av-minimal-toggle  avia-builder-el-10  el_after_av_one_third  avia-builder-el-last  toggle_close_all' >\n<section class='av_toggle_section av-mgjc5zee-8c31f5664d97632dce58c26643af3a64'  itemscope=\"itemscope\" itemtype=\"https:\/\/schema.org\/CreativeWork\" ><div role=\"tablist\" class=\"single_toggle\" data-tags=\"{T\u00fcm\u00fc} \"  ><h6 id='toggle-toggle-id-1' data-fake-id='#toggle-id-1' class='toggler  av-title-above '  itemprop=\"headline\"  role='tab' tabindex='0' aria-controls='toggle-id-1' data-slide-speed=\"200\" data-title=\"KULLANIM ALANLARI\" data-title-open=\"\" data-aria_collapsed=\"Click to expand: KULLANIM ALANLARI\" data-aria_expanded=\"Click to collapse: KULLANIM ALANLARI\">KULLANIM ALANLARI<span class=\"toggle_icon\"><span class=\"vert_icon\"><\/span><span class=\"hor_icon\"><\/span><\/span><\/h6><div id='toggle-id-1' aria-labelledby='toggle-toggle-id-1' role='region' class='toggle_wrap  av-title-above'  ><div class='toggle_content invers-color '  itemprop=\"text\" ><p><strong>Mega\u0130zo File S902;\u00a0<\/strong>\u00e7imento, akrilik ve bit\u00fcm esasl\u0131 su yal\u0131t\u0131m malzemelerinin uygulamas\u0131nda, katlar aras\u0131nda kullan\u0131l\u0131r.<\/p>\n<\/div><\/div><\/div><\/section>\n<section class='av_toggle_section av-mgjc7492-d8ed2c30a62295aea84f4b695a34807f'  itemscope=\"itemscope\" itemtype=\"https:\/\/schema.org\/CreativeWork\" ><div role=\"tablist\" class=\"single_toggle\" data-tags=\"{T\u00fcm\u00fc} \"  ><h6 id='toggle-toggle-id-2' data-fake-id='#toggle-id-2' class='toggler  av-title-above '  itemprop=\"headline\"  role='tab' tabindex='0' aria-controls='toggle-id-2' data-slide-speed=\"200\" data-title=\"PERFORMANS B\u0130LG\u0130LER\u0130\" data-title-open=\"\" data-aria_collapsed=\"Click to expand: PERFORMANS B\u0130LG\u0130LER\u0130\" data-aria_expanded=\"Click to collapse: PERFORMANS B\u0130LG\u0130LER\u0130\">PERFORMANS B\u0130LG\u0130LER\u0130<span class=\"toggle_icon\"><span class=\"vert_icon\"><\/span><span class=\"hor_icon\"><\/span><\/span><\/h6><div id='toggle-id-2' aria-labelledby='toggle-toggle-id-2' role='region' class='toggle_wrap  av-title-above'  ><div class='toggle_content invers-color '  itemprop=\"text\" ><table width=\"683\">\n<tbody>\n<tr>\n<td width=\"171\"><strong>\u00d6ZELL\u0130KLER<\/strong><\/td>\n<td width=\"151\"><strong>B\u0130R\u0130M TANIMLARI<\/strong><\/td>\n<td width=\"132\"><strong>\u00c7\u00d6ZG\u00dc<\/strong><\/td>\n<td width=\"114\"><strong>\u00a0<\/strong><\/td>\n<td width=\"114\"><strong>ATKI<\/strong><\/td>\n<\/tr>\n<tr>\n<td width=\"171\"><strong>Tipi<\/strong><\/td>\n<td width=\"151\"><\/td>\n<td width=\"132\"><\/td>\n<td width=\"114\"><strong>Leno<\/strong><\/td>\n<td width=\"114\"><\/td>\n<\/tr>\n<tr>\n<td width=\"171\"><strong>Dokuma<\/strong><\/td>\n<td width=\"151\"><\/td>\n<td width=\"132\"><strong>33&#215;2<\/strong><\/td>\n<td width=\"114\"><\/td>\n<td width=\"114\"><strong>132<\/strong><\/td>\n<\/tr>\n<tr>\n<td width=\"171\"><strong>Birim a\u011f\u0131rl\u0131k (apreli)<\/strong><\/td>\n<td width=\"151\"><strong>g\/m2<\/strong><\/td>\n<td width=\"132\"><\/td>\n<td width=\"114\"><strong>75\u00a0 \u00b1 5<\/strong><\/td>\n<td width=\"114\"><\/td>\n<\/tr>\n<tr>\n<td width=\"171\"><strong>Yo\u011funluk<\/strong><\/td>\n<td width=\"151\"><strong>U\u00e7 say\u0131s\u0131 \/ 2,54 cm<\/strong><\/td>\n<td width=\"132\"><strong>8,60 \u00b1 0,8\u00a0\u00a0\u00a0\u00a0\u00a0\u00a0\u00a0\u00a0\u00a0\u00a0\u00a0\u00a0\u00a0\u00a0\u00a0\u00a0\u00a0\u00a0\u00a0\u00a0\u00a0\u00a0\u00a0\u00a0\u00a0<\/strong><\/td>\n<td width=\"114\"><\/td>\n<td width=\"114\"><strong>7,0 \u00b1 0,8<\/strong><\/td>\n<\/tr>\n<tr>\n<td width=\"171\"><strong>G\u00f6z aral\u0131\u011f\u0131<\/strong><\/td>\n<td width=\"151\"><strong>mm<\/strong><\/td>\n<td width=\"132\"><strong>4<\/strong><\/td>\n<td width=\"114\"><\/td>\n<td width=\"114\"><strong>\u00a0\u00a0\u00a0\u00a0\u00a0\u00a0\u00a0\u00a0\u00a0\u00a0\u00a0\u00a0\u00a0\u00a0\u00a0\u00a0\u00a0\u00a0\u00a0\u00a0\u00a0\u00a0\u00a0\u00a0\u00a0\u00a0\u00a0\u00a0\u00a0\u00a0\u00a0\u00a0\u00a0\u00a0\u00a0\u00a0\u00a0\u00a0\u00a0\u00a0\u00a0\u00a0\u00a0\u00a0\u00a0\u00a0\u00a0 4<\/strong><\/td>\n<\/tr>\n<tr>\n<td width=\"171\"><strong>Re\u00e7ine i\u00e7eri\u011fi<\/strong><\/td>\n<td width=\"151\"><strong>%<\/strong><\/td>\n<td width=\"132\"><\/td>\n<td width=\"114\"><strong>16,20%<\/strong><\/td>\n<td width=\"114\"><\/td>\n<\/tr>\n<tr>\n<td width=\"171\"><strong>Su i\u00e7eri\u011fi<\/strong><\/td>\n<td width=\"151\"><strong>%<\/strong><\/td>\n<td width=\"132\"><\/td>\n<td width=\"114\"><strong>&lt; % 1<\/strong><\/td>\n<td width=\"114\"><\/td>\n<\/tr>\n<tr>\n<td width=\"171\"><strong>\u00c7ekme mukavemeti<\/strong><\/td>\n<td width=\"151\"><strong>N \/ 50 m<\/strong><\/td>\n<td width=\"132\"><strong>\u2265 600\u00a0\u00a0\u00a0\u00a0\u00a0\u00a0\u00a0\u00a0\u00a0\u00a0\u00a0\u00a0\u00a0\u00a0\u00a0\u00a0\u00a0\u00a0\u00a0\u00a0\u00a0\u00a0\u00a0\u00a0\u00a0\u00a0\u00a0\u00a0\u00a0\u00a0\u00a0\u00a0\u00a0\u00a0\u00a0\u00a0\u00a0\u00a0\u00a0\u00a0<\/strong><\/td>\n<td width=\"114\"><\/td>\n<td width=\"114\"><strong>\u2265 800<\/strong><\/td>\n<\/tr>\n<\/tbody>\n<\/table>\n<\/div><\/div><\/div><\/section>\n<\/div><\/p>\n","protected":false},"excerpt":{"rendered":"","protected":false},"featured_media":4777,"comment_status":"closed","ping_status":"closed","template":"","meta":{"_acf_changed":false},"product_brand":[],"product_cat":[60],"product_tag":[],"class_list":{"0":"post-4776","1":"product","2":"type-product","3":"status-publish","4":"has-post-thumbnail","6":"product_cat-su_yalitim_malzemeleri","8":"first","9":"instock","10":"shipping-taxable","11":"product-type-simple"},"acf":[],"_links":{"self":[{"href":"https:\/\/www.kyk.com.tr\/index.php?rest_route=\/wp\/v2\/product\/4776","targetHints":{"allow":["GET"]}}],"collection":[{"href":"https:\/\/www.kyk.com.tr\/index.php?rest_route=\/wp\/v2\/product"}],"about":[{"href":"https:\/\/www.kyk.com.tr\/index.php?rest_route=\/wp\/v2\/types\/product"}],"replies":[{"embeddable":true,"href":"https:\/\/www.kyk.com.tr\/index.php?rest_route=%2Fwp%2Fv2%2Fcomments&post=4776"}],"wp:featuredmedia":[{"embeddable":true,"href":"https:\/\/www.kyk.com.tr\/index.php?rest_route=\/wp\/v2\/media\/4777"}],"wp:attachment":[{"href":"https:\/\/www.kyk.com.tr\/index.php?rest_route=%2Fwp%2Fv2%2Fmedia&parent=4776"}],"wp:term":[{"taxonomy":"product_brand","embeddable":true,"href":"https:\/\/www.kyk.com.tr\/index.php?rest_route=%2Fwp%2Fv2%2Fproduct_brand&post=4776"},{"taxonomy":"product_cat","embeddable":true,"href":"https:\/\/www.kyk.com.tr\/index.php?rest_route=%2Fwp%2Fv2%2Fproduct_cat&post=4776"},{"taxonomy":"product_tag","embeddable":true,"href":"https:\/\/www.kyk.com.tr\/index.php?rest_route=%2Fwp%2Fv2%2Fproduct_tag&post=4776"}],"curies":[{"name":"wp","href":"https:\/\/api.w.org\/{rel}","templated":true}]}}