{"id":4780,"date":"2025-05-08T17:47:44","date_gmt":"2025-05-08T17:47:44","guid":{"rendered":"https:\/\/www.kyk.center\/?post_type=product&#038;p=4780"},"modified":"2026-04-27T14:29:39","modified_gmt":"2026-04-27T14:29:39","slug":"megaizo-bant-dl-s908","status":"publish","type":"product","link":"https:\/\/www.kyk.com.tr\/?product=megaizo-bant-dl-s908","title":{"rendered":"Mega\u0130zo Bant DL S908"},"content":{"rendered":"<div  class='flex_column av-7olnws-3f9e4247d06e122da57eee67f652b9ae av_one_third  avia-builder-el-0  el_before_av_one_half  avia-builder-el-first  first flex_column_div  '     ><style type=\"text\/css\" data-created_by=\"avia_inline_auto\" id=\"style-css-av-mgjde1nu-78f1bf5993bc6490451ea36569958e74\">\n.avia-image-container.av-mgjde1nu-78f1bf5993bc6490451ea36569958e74 img.avia_image{\nbox-shadow:none;\n}\n.avia-image-container.av-mgjde1nu-78f1bf5993bc6490451ea36569958e74 .av-image-caption-overlay-center{\ncolor:#ffffff;\n}\n<\/style>\n<div  class='avia-image-container av-mgjde1nu-78f1bf5993bc6490451ea36569958e74 av-styling- avia-align-center  avia-builder-el-1  avia-builder-el-no-sibling '   itemprop=\"image\" itemscope=\"itemscope\" itemtype=\"https:\/\/schema.org\/ImageObject\" ><div class=\"avia-image-container-inner\"><div class=\"avia-image-overlay-wrap\"><img decoding=\"async\" fetchpriority=\"high\" class='wp-image-4781 avia-img-lazy-loading-not-4781 avia_image ' src=\"https:\/\/www.kyk.com.tr\/wp-content\/uploads\/2025\/05\/s908.png\" alt='' title='Mega\u0130zo Bant DL S908'  height=\"320\" width=\"320\"  itemprop=\"thumbnailUrl\" srcset=\"https:\/\/www.kyk.com.tr\/wp-content\/uploads\/2025\/05\/s908.png 320w, https:\/\/www.kyk.com.tr\/wp-content\/uploads\/2025\/05\/s908-300x300.png 300w, https:\/\/www.kyk.com.tr\/wp-content\/uploads\/2025\/05\/s908-100x100.png 100w, https:\/\/www.kyk.com.tr\/wp-content\/uploads\/2025\/05\/s908-80x80.png 80w, https:\/\/www.kyk.com.tr\/wp-content\/uploads\/2025\/05\/s908-36x36.png 36w, https:\/\/www.kyk.com.tr\/wp-content\/uploads\/2025\/05\/s908-180x180.png 180w, https:\/\/www.kyk.com.tr\/wp-content\/uploads\/2025\/05\/s908-120x120.png 120w, https:\/\/www.kyk.com.tr\/wp-content\/uploads\/2025\/05\/s908-96x96.png 96w\" sizes=\"(max-width: 320px) 100vw, 320px\" \/><\/div><\/div><\/div><\/div>\n<div  class='flex_column av-5du73w-a67fcd9233afa7aeece9f98e84297a79 av_one_half  avia-builder-el-2  el_after_av_one_third  el_before_av_two_third  flex_column_div  '     ><section  class='av_textblock_section av-mgjdepgd-e9230c6a921fbea5d2dbcbc46900bde0 '   itemscope=\"itemscope\" itemtype=\"https:\/\/schema.org\/CreativeWork\" ><div class='avia_textblock'  itemprop=\"text\" ><h1>Mega\u0130zo Bant DL S908<\/h1>\n<\/div><\/section><br \/>\n\n<style type=\"text\/css\" data-created_by=\"avia_inline_auto\" id=\"style-css-av-mgjdf5ez-d35942264f47e5d562e2978534e1b200\">\n#top .av_textblock_section.av-mgjdf5ez-d35942264f47e5d562e2978534e1b200 .avia_textblock{\nfont-size:14px;\n}\n<\/style>\n<section  class='av_textblock_section av-mgjdf5ez-d35942264f47e5d562e2978534e1b200 '   itemscope=\"itemscope\" itemtype=\"https:\/\/schema.org\/CreativeWork\" ><div class='avia_textblock'  itemprop=\"text\" ><p><strong>Termoplastik elastomer esasl\u0131, yap\u0131lar\u0131n genle\u015fme derzleri ve birle\u015fim yerlerinin su yal\u0131t\u0131m\u0131 i\u00e7in kullan\u0131lan, y\u00fcksek elastikiyete sahip dilatasyon band\u0131d\u0131r.<\/strong><\/p>\n<\/div><\/section><\/p><\/div>\n<div  class='flex_column av-47325o-4492bdc60616c999c3c78255707273bb av_two_third  avia-builder-el-5  el_after_av_one_half  el_before_av_one_third  first flex_column_div  column-top-margin'     ><section  class='av_textblock_section av-mgjdfz1h-ad5f36feec56f6175db7d6656f3ad439 '   itemscope=\"itemscope\" itemtype=\"https:\/\/schema.org\/CreativeWork\" ><div class='avia_textblock'  itemprop=\"text\" ><h4>\u00a0 \u00a0 \u00dcR\u00dcN AVANTAJLARI<\/h4>\n<\/div><\/section><br \/>\n\n<style type=\"text\/css\" data-created_by=\"avia_inline_auto\" id=\"style-css-av-mgjdkmma-3481f1816fa69fdc7bda1c682219c382\">\n#top .av_textblock_section.av-mgjdkmma-3481f1816fa69fdc7bda1c682219c382 .avia_textblock{\nfont-size:14px;\n}\n<\/style>\n<section  class='av_textblock_section av-mgjdkmma-3481f1816fa69fdc7bda1c682219c382 '   itemscope=\"itemscope\" itemtype=\"https:\/\/schema.org\/CreativeWork\" ><div class='avia_textblock'  itemprop=\"text\" ><ul>\n<li>UV dayan\u0131ml\u0131d\u0131r.<\/li>\n<li>Bakteri ataklar\u0131na ve kimyasal olarak par\u00e7alanmaya dayan\u0131kl\u0131d\u0131r.<\/li>\n<li>\u00c7evresel etkiler ve agresif ortamlara kar\u015f\u0131 dayan\u0131kl\u0131d\u0131r.<\/li>\n<li>Kolay i\u015flenebilir.<\/li>\n<li>Bitki k\u00f6k\u00fcne dayan\u0131kl\u0131d\u0131r.<\/li>\n<li>Y\u00fcksek elastikiyete sahiptir.<\/li>\n<\/ul>\n<\/div><\/section><\/p><\/div>\n<div  class='flex_column av-2ftbp8-3573e3e0c88637fc38960e18d34765d7 av_one_third  avia-builder-el-8  el_after_av_two_third  el_before_av_toggle_container  flex_column_div  column-top-margin'     ><section  class='av_textblock_section av-mgjdl0w1-570830e730bf550c4627ce7f5a160133 '   itemscope=\"itemscope\" itemtype=\"https:\/\/schema.org\/CreativeWork\" ><div class='avia_textblock'  itemprop=\"text\" ><h4>TEKN\u0130K BELGELER<\/h4>\n<\/div><\/section><br \/>\n<section  class='av_textblock_section av-mgjdlc75-863f3252ab7fc26fa44475015448c3e9 '   itemscope=\"itemscope\" itemtype=\"https:\/\/schema.org\/CreativeWork\" ><div class='avia_textblock'  itemprop=\"text\" ><p><a href=\"https:\/\/www.kyk.com.tr\/wp-content\/uploads\/2026\/04\/s908_tds.pdf\" target=\"_blank\" rel=\"noopener\"><img loading=\"lazy\" decoding=\"async\" class=\"alignnone wp-image-8657 size-full\" src=\"https:\/\/www.kyk.com.tr\/wp-content\/uploads\/2025\/10\/TDS_1.jpg\" alt=\"\" width=\"410\" height=\"41\" srcset=\"https:\/\/www.kyk.com.tr\/wp-content\/uploads\/2025\/10\/TDS_1.jpg 410w, https:\/\/www.kyk.com.tr\/wp-content\/uploads\/2025\/10\/TDS_1-300x30.jpg 300w\" sizes=\"auto, (max-width: 410px) 100vw, 410px\" \/><\/a><br \/>\n<a href=\"https:\/\/www.kyk.com.tr\/wp-content\/uploads\/2025\/10\/s908_msds.pdf\" target=\"_blank\" rel=\"noopener\"><img loading=\"lazy\" decoding=\"async\" class=\"alignnone size-full wp-image-8656\" src=\"https:\/\/www.kyk.com.tr\/wp-content\/uploads\/2025\/10\/MSDS_1.jpg\" alt=\"\" width=\"410\" height=\"41\" srcset=\"https:\/\/www.kyk.com.tr\/wp-content\/uploads\/2025\/10\/MSDS_1.jpg 410w, https:\/\/www.kyk.com.tr\/wp-content\/uploads\/2025\/10\/MSDS_1-300x30.jpg 300w\" sizes=\"auto, (max-width: 410px) 100vw, 410px\" \/><\/a><\/p>\n<\/div><\/section><\/p><\/div>\n<style type=\"text\/css\" data-created_by=\"avia_inline_auto\" id=\"style-css-av-mgjdo1tf-bc3f2252fe02a981493e353fdd0de904\">\n#top .togglecontainer.av-mgjdo1tf-bc3f2252fe02a981493e353fdd0de904 h6.toggler{\nfont-size:17px;\ncolor:#003e73;\n}\n#top .togglecontainer.av-mgjdo1tf-bc3f2252fe02a981493e353fdd0de904 h6.toggler .toggle_icon{\ncolor:#003e73;\nborder-color:#003e73;\n}\n#top .togglecontainer.av-mgjdo1tf-bc3f2252fe02a981493e353fdd0de904 h6.toggler .toggle_icon > span{\ncolor:#003e73;\nborder-color:#003e73;\n}\n#top .togglecontainer.av-mgjdo1tf-bc3f2252fe02a981493e353fdd0de904 .toggle_wrap .toggle_content{\nfont-size:14px;\ncolor:#003e73;\n}\n<\/style>\n<div  class='togglecontainer av-mgjdo1tf-bc3f2252fe02a981493e353fdd0de904 av-minimal-toggle  avia-builder-el-11  el_after_av_one_third  avia-builder-el-last  toggle_close_all' >\n<section class='av_toggle_section av-mgjdlxdw-c117d2d805af6bea39c258a31d54ef66'  itemscope=\"itemscope\" itemtype=\"https:\/\/schema.org\/CreativeWork\" ><div role=\"tablist\" class=\"single_toggle\" data-tags=\"{T\u00fcm\u00fc} \"  ><h6 id='toggle-toggle-id-1' data-fake-id='#toggle-id-1' class='toggler  av-title-above '  itemprop=\"headline\"  role='tab' tabindex='0' aria-controls='toggle-id-1' data-slide-speed=\"200\" data-title=\"KULLANIM ALANLARI\" data-title-open=\"\" data-aria_collapsed=\"Click to expand: KULLANIM ALANLARI\" data-aria_expanded=\"Click to collapse: KULLANIM ALANLARI\">KULLANIM ALANLARI<span class=\"toggle_icon\"><span class=\"vert_icon\"><\/span><span class=\"hor_icon\"><\/span><\/span><\/h6><div id='toggle-id-1' aria-labelledby='toggle-toggle-id-1' role='region' class='toggle_wrap  av-title-above'  ><div class='toggle_content invers-color '  itemprop=\"text\" ><p><strong>Mega\u0130zo Bant DL S908; <\/strong>yatay ve dikey dilatasyonlar\u0131n su yal\u0131t\u0131m\u0131nda, geni\u015f ve d\u00fczensiz \u00e7atlaklar\u0131n yal\u0131t\u0131m\u0131nda, d\u00f6\u015feme ve parapet ba\u011flant\u0131lar\u0131n\u0131n elastik su yal\u0131t\u0131m\u0131nda, \u00e7elik ve betonarme birle\u015fimlerinde, y\u00fczme havuzu ve at\u0131k su \u00fcnitelerinde, t\u00fcnel ve benzeri yeralt\u0131 yap\u0131lar\u0131nda kullan\u0131l\u0131r.<\/p>\n<\/div><\/div><\/div><\/section>\n<section class='av_toggle_section av-mgjdms9i-c7737c10f174be76d729b57c38073daa'  itemscope=\"itemscope\" itemtype=\"https:\/\/schema.org\/CreativeWork\" ><div role=\"tablist\" class=\"single_toggle\" data-tags=\"{T\u00fcm\u00fc} \"  ><h6 id='toggle-toggle-id-2' data-fake-id='#toggle-id-2' class='toggler  av-title-above '  itemprop=\"headline\"  role='tab' tabindex='0' aria-controls='toggle-id-2' data-slide-speed=\"200\" data-title=\"PERFORMANS B\u0130LG\u0130LER\u0130\" data-title-open=\"\" data-aria_collapsed=\"Click to expand: PERFORMANS B\u0130LG\u0130LER\u0130\" data-aria_expanded=\"Click to collapse: PERFORMANS B\u0130LG\u0130LER\u0130\">PERFORMANS B\u0130LG\u0130LER\u0130<span class=\"toggle_icon\"><span class=\"vert_icon\"><\/span><span class=\"hor_icon\"><\/span><\/span><\/h6><div id='toggle-id-2' aria-labelledby='toggle-toggle-id-2' role='region' class='toggle_wrap  av-title-above'  ><div class='toggle_content invers-color '  itemprop=\"text\" ><table width=\"614\">\n<tbody>\n<tr>\n<td width=\"255\"><strong>A\u00c7IKLAMA<\/strong><\/td>\n<td width=\"161\"><strong>DE\u011eER<\/strong><\/td>\n<td width=\"198\"><strong>STANDART<\/strong><\/td>\n<\/tr>\n<tr>\n<td width=\"255\"><strong>Sertlik (shore A sertlik)<\/strong><\/td>\n<td width=\"161\"><strong>70<\/strong><\/td>\n<td width=\"198\"><strong>ISO 868<\/strong><\/td>\n<\/tr>\n<tr>\n<td width=\"255\"><strong>Su bas\u0131nc\u0131na kar\u015f\u0131 dayan\u0131m\u0131<\/strong><\/td>\n<td width=\"161\"><strong>&gt;5 bar<\/strong><\/td>\n<td width=\"198\"><strong>EN 1928<\/strong><\/td>\n<\/tr>\n<tr>\n<td width=\"255\"><strong>Kopmada enine uzama de\u011feri<\/strong><\/td>\n<td width=\"161\"><strong>%580<\/strong><\/td>\n<td width=\"198\"><strong>EN-ISO 527-3<\/strong><\/td>\n<\/tr>\n<tr>\n<td width=\"255\"><strong>Kopmada boyuna uzama de\u011feri<\/strong><\/td>\n<td width=\"161\"><strong>%532<\/strong><\/td>\n<td width=\"198\"><strong>EN-ISO 527-3<\/strong><\/td>\n<\/tr>\n<tr>\n<td width=\"255\"><strong>Enine y\u0131rt\u0131lma dayan\u0131m\u0131<\/strong><\/td>\n<td width=\"161\"><strong>48 MPa<\/strong><\/td>\n<td width=\"198\"><strong>EN-ISO 12310-2<\/strong><\/td>\n<\/tr>\n<tr>\n<td width=\"255\"><strong>Boyuna y\u0131rt\u0131lma dayan\u0131m\u0131<\/strong><\/td>\n<td width=\"161\"><strong>42 Mpa<\/strong><\/td>\n<td width=\"198\"><strong>EN-ISO 12310-2<\/strong><\/td>\n<\/tr>\n<tr>\n<td width=\"255\"><strong>Enine \u00c7ekme Dayan\u0131m\u0131<\/strong><\/td>\n<td width=\"161\"><strong>4,7 MPa<\/strong><\/td>\n<td width=\"198\"><strong>EN-ISO 527-3<\/strong><\/td>\n<\/tr>\n<tr>\n<td width=\"255\"><strong>Boyuna \u00c7ekme Dayan\u0131m\u0131<\/strong><\/td>\n<td width=\"161\"><strong>4,8 MPa<\/strong><\/td>\n<td width=\"198\"><strong>EN-ISO 527-3<\/strong><\/td>\n<\/tr>\n<\/tbody>\n<\/table>\n<p>Bu de\u011ferler laboratuvar \u015fartlar\u0131nda; 23 \u00b1 2\u00b0C ve %50 \u00b1 5 ba\u011f\u0131l nem ortam\u0131nda yap\u0131lan deneyler sonucunda elde edilmi\u015ftir. Tabloda verilen de\u011ferler y\u00fczey ve ortam ko\u015fullar\u0131na g\u00f6re farkl\u0131l\u0131k g\u00f6sterebilir.<\/p>\n<\/div><\/div><\/div><\/section>\n<\/div><\/p>\n","protected":false},"excerpt":{"rendered":"","protected":false},"featured_media":4781,"comment_status":"closed","ping_status":"closed","template":"","meta":{"_acf_changed":false},"product_brand":[],"product_cat":[60],"product_tag":[],"class_list":{"0":"post-4780","1":"product","2":"type-product","3":"status-publish","4":"has-post-thumbnail","6":"product_cat-su_yalitim_malzemeleri","8":"first","9":"instock","10":"shipping-taxable","11":"product-type-simple"},"acf":[],"_links":{"self":[{"href":"https:\/\/www.kyk.com.tr\/index.php?rest_route=\/wp\/v2\/product\/4780","targetHints":{"allow":["GET"]}}],"collection":[{"href":"https:\/\/www.kyk.com.tr\/index.php?rest_route=\/wp\/v2\/product"}],"about":[{"href":"https:\/\/www.kyk.com.tr\/index.php?rest_route=\/wp\/v2\/types\/product"}],"replies":[{"embeddable":true,"href":"https:\/\/www.kyk.com.tr\/index.php?rest_route=%2Fwp%2Fv2%2Fcomments&post=4780"}],"wp:featuredmedia":[{"embeddable":true,"href":"https:\/\/www.kyk.com.tr\/index.php?rest_route=\/wp\/v2\/media\/4781"}],"wp:attachment":[{"href":"https:\/\/www.kyk.com.tr\/index.php?rest_route=%2Fwp%2Fv2%2Fmedia&parent=4780"}],"wp:term":[{"taxonomy":"product_brand","embeddable":true,"href":"https:\/\/www.kyk.com.tr\/index.php?rest_route=%2Fwp%2Fv2%2Fproduct_brand&post=4780"},{"taxonomy":"product_cat","embeddable":true,"href":"https:\/\/www.kyk.com.tr\/index.php?rest_route=%2Fwp%2Fv2%2Fproduct_cat&post=4780"},{"taxonomy":"product_tag","embeddable":true,"href":"https:\/\/www.kyk.com.tr\/index.php?rest_route=%2Fwp%2Fv2%2Fproduct_tag&post=4780"}],"curies":[{"name":"wp","href":"https:\/\/api.w.org\/{rel}","templated":true}]}}