{"id":4786,"date":"2025-05-08T17:52:39","date_gmt":"2025-05-08T17:52:39","guid":{"rendered":"https:\/\/www.kyk.center\/?post_type=product&#038;p=4786"},"modified":"2026-04-27T14:32:51","modified_gmt":"2026-04-27T14:32:51","slug":"megaizo-bant-sb-s909","status":"publish","type":"product","link":"https:\/\/www.kyk.com.tr\/?product=megaizo-bant-sb-s909","title":{"rendered":"Mega\u0130zo Bant SB S909"},"content":{"rendered":"<div  class='flex_column av-7yww42-f30fe11195fe8aaf2bb009785753b67a av_one_third  avia-builder-el-0  el_before_av_one_half  avia-builder-el-first  first flex_column_div  '     ><style type=\"text\/css\" data-created_by=\"avia_inline_auto\" id=\"style-css-av-mgjdq9v2-d7e0702f5543368693882eb6169214b2\">\n.avia-image-container.av-mgjdq9v2-d7e0702f5543368693882eb6169214b2 img.avia_image{\nbox-shadow:none;\n}\n.avia-image-container.av-mgjdq9v2-d7e0702f5543368693882eb6169214b2 .av-image-caption-overlay-center{\ncolor:#ffffff;\n}\n<\/style>\n<div  class='avia-image-container av-mgjdq9v2-d7e0702f5543368693882eb6169214b2 av-styling- avia-align-center  avia-builder-el-1  avia-builder-el-no-sibling '   itemprop=\"image\" itemscope=\"itemscope\" itemtype=\"https:\/\/schema.org\/ImageObject\" ><div class=\"avia-image-container-inner\"><div class=\"avia-image-overlay-wrap\"><img decoding=\"async\" fetchpriority=\"high\" class='wp-image-4787 avia-img-lazy-loading-not-4787 avia_image ' src=\"https:\/\/www.kyk.com.tr\/wp-content\/uploads\/2025\/05\/s909.png\" alt='' title='Mega\u0130zo Bant SB S909'  height=\"320\" width=\"320\"  itemprop=\"thumbnailUrl\" srcset=\"https:\/\/www.kyk.com.tr\/wp-content\/uploads\/2025\/05\/s909.png 320w, https:\/\/www.kyk.com.tr\/wp-content\/uploads\/2025\/05\/s909-300x300.png 300w, https:\/\/www.kyk.com.tr\/wp-content\/uploads\/2025\/05\/s909-100x100.png 100w, https:\/\/www.kyk.com.tr\/wp-content\/uploads\/2025\/05\/s909-80x80.png 80w, https:\/\/www.kyk.com.tr\/wp-content\/uploads\/2025\/05\/s909-36x36.png 36w, https:\/\/www.kyk.com.tr\/wp-content\/uploads\/2025\/05\/s909-180x180.png 180w, https:\/\/www.kyk.com.tr\/wp-content\/uploads\/2025\/05\/s909-120x120.png 120w, https:\/\/www.kyk.com.tr\/wp-content\/uploads\/2025\/05\/s909-96x96.png 96w\" sizes=\"(max-width: 320px) 100vw, 320px\" \/><\/div><\/div><\/div><\/div>\n<div  class='flex_column av-5uv70i-471ba3418115dd67ddbf2fd2913c6e02 av_one_half  avia-builder-el-2  el_after_av_one_third  el_before_av_two_third  flex_column_div  '     ><section  class='av_textblock_section av-mgjdqkzo-28ef4c5b2c1472812ee78b878986b438 '   itemscope=\"itemscope\" itemtype=\"https:\/\/schema.org\/CreativeWork\" ><div class='avia_textblock'  itemprop=\"text\" ><h1>Mega\u0130zo Bant SB S909<\/h1>\n<\/div><\/section><br \/>\n\n<style type=\"text\/css\" data-created_by=\"avia_inline_auto\" id=\"style-css-av-mgjdr07q-61564110d1d18ecfdd8927dabbd765a6\">\n#top .av_textblock_section.av-mgjdr07q-61564110d1d18ecfdd8927dabbd765a6 .avia_textblock{\nfont-size:14px;\n}\n<\/style>\n<section  class='av_textblock_section av-mgjdr07q-61564110d1d18ecfdd8927dabbd765a6 '   itemscope=\"itemscope\" itemtype=\"https:\/\/schema.org\/CreativeWork\" ><div class='avia_textblock'  itemprop=\"text\" ><p><strong>Bentonit, polimer esasl\u0131 su ile temas\u0131nda y\u00fcksek hacim genle\u015fmesi \u00f6zelli\u011fi sayesinde beton yap\u0131lar\u0131n derzlerinde k\u0131lcal ve daha b\u00fcy\u00fck bo\u015fluklar\u0131 doldurarak su ge\u00e7i\u015fini engelleyen su tutucu bantt\u0131r.<\/strong><\/p>\n<\/div><\/section><\/p><\/div>\n<div  class='flex_column av-40qski-e40fe209d917f9c44153aad867b83fac av_two_third  avia-builder-el-5  el_after_av_one_half  el_before_av_one_third  first flex_column_div  column-top-margin'     ><section  class='av_textblock_section av-mgjdrnry-f2f2bf88756c7bf22fdbc2784a6c6926 '   itemscope=\"itemscope\" itemtype=\"https:\/\/schema.org\/CreativeWork\" ><div class='avia_textblock'  itemprop=\"text\" ><h4>\u00a0 \u00a0 \u00dcR\u00dcN AVANTAJLARI<\/h4>\n<\/div><\/section><br \/>\n\n<style type=\"text\/css\" data-created_by=\"avia_inline_auto\" id=\"style-css-av-mgjdsw67-d0fb8232222d9c08535d86d1cda0bbd4\">\n#top .av_textblock_section.av-mgjdsw67-d0fb8232222d9c08535d86d1cda0bbd4 .avia_textblock{\nfont-size:14px;\n}\n<\/style>\n<section  class='av_textblock_section av-mgjdsw67-d0fb8232222d9c08535d86d1cda0bbd4 '   itemscope=\"itemscope\" itemtype=\"https:\/\/schema.org\/CreativeWork\" ><div class='avia_textblock'  itemprop=\"text\" ><ul>\n<li>Beton yap\u0131s\u0131ndaki kapiler ve makro bo\u015fluk, \u00e7atlaklar\u0131 kapatarak su yal\u0131t\u0131m\u0131 sa\u011flar.<\/li>\n<li>Hidrostatik bas\u0131nc\u0131 dengelemeye yard\u0131mc\u0131 olur.<\/li>\n<li>D\u00f6ng\u00fcsel hacim de\u011fi\u015fiklikliklerine dayan\u0131m\u0131 sayesinde uzun s\u00fcreli yal\u0131t\u0131m sa\u011flar.<\/li>\n<li>Bozuk y\u00fczeylere uyum sa\u011flama kabiliyeti y\u00fcksetir.<\/li>\n<li>Yeralt\u0131 sular\u0131, \u00e7e\u015fme suyu, tuzlu su, saf su ve alkali su ile temasa uygundur.<\/li>\n<\/ul>\n<\/div><\/section><\/p><\/div>\n<div  class='flex_column av-2z0c8y-be40e3630ad1560e8737ebd9ed3cb493 av_one_third  avia-builder-el-8  el_after_av_two_third  el_before_av_toggle_container  flex_column_div  column-top-margin'     ><section  class='av_textblock_section av-mgjdt7lu-f9bac11f637d276b8253db798b965fcb '   itemscope=\"itemscope\" itemtype=\"https:\/\/schema.org\/CreativeWork\" ><div class='avia_textblock'  itemprop=\"text\" ><h4>TEKN\u0130K BELGELER<\/h4>\n<\/div><\/section><br \/>\n<section  class='av_textblock_section av-mgjdtghj-3a130101463070b5ec73f1e4fda24672 '   itemscope=\"itemscope\" itemtype=\"https:\/\/schema.org\/CreativeWork\" ><div class='avia_textblock'  itemprop=\"text\" ><p><a href=\"https:\/\/www.kyk.com.tr\/wp-content\/uploads\/2026\/04\/s909_tds.pdf\" target=\"_blank\" rel=\"noopener\"><img loading=\"lazy\" decoding=\"async\" class=\"alignnone wp-image-8657 size-full\" src=\"https:\/\/www.kyk.com.tr\/wp-content\/uploads\/2025\/10\/TDS_1.jpg\" alt=\"\" width=\"410\" height=\"41\" srcset=\"https:\/\/www.kyk.com.tr\/wp-content\/uploads\/2025\/10\/TDS_1.jpg 410w, https:\/\/www.kyk.com.tr\/wp-content\/uploads\/2025\/10\/TDS_1-300x30.jpg 300w\" sizes=\"auto, (max-width: 410px) 100vw, 410px\" \/><\/a><br \/>\n<a href=\"https:\/\/www.kyk.com.tr\/wp-content\/uploads\/2025\/10\/s909_msds.pdf\" target=\"_blank\" rel=\"noopener\"><img loading=\"lazy\" decoding=\"async\" class=\"alignnone size-full wp-image-8656\" src=\"https:\/\/www.kyk.com.tr\/wp-content\/uploads\/2025\/10\/MSDS_1.jpg\" alt=\"\" width=\"410\" height=\"41\" srcset=\"https:\/\/www.kyk.com.tr\/wp-content\/uploads\/2025\/10\/MSDS_1.jpg 410w, https:\/\/www.kyk.com.tr\/wp-content\/uploads\/2025\/10\/MSDS_1-300x30.jpg 300w\" sizes=\"auto, (max-width: 410px) 100vw, 410px\" \/><\/a><\/p>\n<\/div><\/section><\/p><\/div>\n<style type=\"text\/css\" data-created_by=\"avia_inline_auto\" id=\"style-css-av-mgjdvulz-3afa0972862c0f1d1ffca4361fec5f33\">\n#top .togglecontainer.av-mgjdvulz-3afa0972862c0f1d1ffca4361fec5f33 h6.toggler{\nfont-size:17px;\ncolor:#003e73;\n}\n#top .togglecontainer.av-mgjdvulz-3afa0972862c0f1d1ffca4361fec5f33 h6.toggler .toggle_icon{\ncolor:#003e73;\nborder-color:#003e73;\n}\n#top .togglecontainer.av-mgjdvulz-3afa0972862c0f1d1ffca4361fec5f33 h6.toggler .toggle_icon > span{\ncolor:#003e73;\nborder-color:#003e73;\n}\n#top .togglecontainer.av-mgjdvulz-3afa0972862c0f1d1ffca4361fec5f33 .toggle_wrap .toggle_content{\nfont-size:14px;\ncolor:#003e73;\n}\n<\/style>\n<div  class='togglecontainer av-mgjdvulz-3afa0972862c0f1d1ffca4361fec5f33 av-minimal-toggle  avia-builder-el-11  el_after_av_one_third  avia-builder-el-last  toggle_close_all' >\n<section class='av_toggle_section av-mgjdu0n3-eb304e7ef054fdd7b8285de0a7d9cab8'  itemscope=\"itemscope\" itemtype=\"https:\/\/schema.org\/CreativeWork\" ><div role=\"tablist\" class=\"single_toggle\" data-tags=\"{T\u00fcm\u00fc} \"  ><h6 id='toggle-toggle-id-1' data-fake-id='#toggle-id-1' class='toggler  av-title-above '  itemprop=\"headline\"  role='tab' tabindex='0' aria-controls='toggle-id-1' data-slide-speed=\"200\" data-title=\"KULLANIM ALANLARI\" data-title-open=\"\" data-aria_collapsed=\"Click to expand: KULLANIM ALANLARI\" data-aria_expanded=\"Click to collapse: KULLANIM ALANLARI\">KULLANIM ALANLARI<span class=\"toggle_icon\"><span class=\"vert_icon\"><\/span><span class=\"hor_icon\"><\/span><\/span><\/h6><div id='toggle-id-1' aria-labelledby='toggle-toggle-id-1' role='region' class='toggle_wrap  av-title-above'  ><div class='toggle_content invers-color '  itemprop=\"text\" ><p><strong>Mega\u0130zo Bant SB<\/strong><strong> S909<\/strong><strong>; <\/strong>temel, perde betonlar\u0131nda, havuz, su depolar\u0131, kanalizasyon, t\u00fcneller, prekast birle\u015fim yerleri, eski &#8211; yeni beton birle\u015fim yerleri, muayene bacalar\u0131nda (menhol) kullan\u0131m\u0131 uygundur.<\/p>\n<\/div><\/div><\/div><\/section>\n<section class='av_toggle_section av-mgjdv575-713807ba8d5cfd8d7604494771c423fd'  itemscope=\"itemscope\" itemtype=\"https:\/\/schema.org\/CreativeWork\" ><div role=\"tablist\" class=\"single_toggle\" data-tags=\"{T\u00fcm\u00fc} \"  ><h6 id='toggle-toggle-id-2' data-fake-id='#toggle-id-2' class='toggler  av-title-above '  itemprop=\"headline\"  role='tab' tabindex='0' aria-controls='toggle-id-2' data-slide-speed=\"200\" data-title=\"PERFORMANS B\u0130LG\u0130LER\u0130\" data-title-open=\"\" data-aria_collapsed=\"Click to expand: PERFORMANS B\u0130LG\u0130LER\u0130\" data-aria_expanded=\"Click to collapse: PERFORMANS B\u0130LG\u0130LER\u0130\">PERFORMANS B\u0130LG\u0130LER\u0130<span class=\"toggle_icon\"><span class=\"vert_icon\"><\/span><span class=\"hor_icon\"><\/span><\/span><\/h6><div id='toggle-id-2' aria-labelledby='toggle-toggle-id-2' role='region' class='toggle_wrap  av-title-above'  ><div class='toggle_content invers-color '  itemprop=\"text\" ><table width=\"84%\">\n<tbody>\n<tr>\n<td width=\"47%\"><strong>A\u00c7IKLAMA<\/strong><\/td>\n<td width=\"21%\"><strong>DE\u011eER<\/strong><\/td>\n<td width=\"31%\"><strong>STANDART<\/strong><\/td>\n<\/tr>\n<tr>\n<td width=\"47%\"><strong>Sertlik (Shore A)<\/strong><\/td>\n<td width=\"21%\"><strong>50<\/strong><\/td>\n<td width=\"31%\"><strong>DIN 53505<\/strong><\/td>\n<\/tr>\n<tr>\n<td width=\"47%\"><strong>Yo\u011funluk (g \/cm<sup>3<\/sup>)<\/strong><\/td>\n<td width=\"21%\"><strong>1,4<\/strong><\/td>\n<td width=\"31%\"><strong>TS ISO 2781<\/strong><\/td>\n<\/tr>\n<tr>\n<td colspan=\"3\" width=\"100%\"><strong>HAC\u0130MSEL DE\u011e\u0130\u015e\u0130M<\/strong><\/td>\n<\/tr>\n<tr>\n<td width=\"47%\"><strong>\u00a0 7 g\u00fcn sonunda (%)<\/strong><\/td>\n<td width=\"21%\"><strong>\u2265 %200<\/strong><\/td>\n<td width=\"31%\"><strong>DIN 73521<\/strong><\/td>\n<\/tr>\n<tr>\n<td width=\"47%\"><strong>\u00a0 14 g\u00fcn sonunda (%)<\/strong><\/td>\n<td width=\"21%\"><strong>\u2265 %300<\/strong><\/td>\n<td width=\"31%\"><strong>DIN 73521<\/strong><\/td>\n<\/tr>\n<\/tbody>\n<\/table>\n<p>Bu de\u011ferler laboratuvar \u015fartlar\u0131nda; 23 \u00b1 2\u00b0C ve %50 \u00b1 5 ba\u011f\u0131l nem ortam\u0131nda yap\u0131lan deneyler sonucunda elde edilmi\u015ftir. Tabloda verilen de\u011ferler y\u00fczey ve ortam ko\u015fullar\u0131na g\u00f6re farkl\u0131l\u0131k g\u00f6sterebilir.<\/p>\n<\/div><\/div><\/div><\/section>\n<\/div><\/p>\n","protected":false},"excerpt":{"rendered":"","protected":false},"featured_media":4787,"comment_status":"closed","ping_status":"closed","template":"","meta":{"_acf_changed":false},"product_brand":[],"product_cat":[60],"product_tag":[],"class_list":{"0":"post-4786","1":"product","2":"type-product","3":"status-publish","4":"has-post-thumbnail","6":"product_cat-su_yalitim_malzemeleri","8":"first","9":"instock","10":"shipping-taxable","11":"product-type-simple"},"acf":[],"_links":{"self":[{"href":"https:\/\/www.kyk.com.tr\/index.php?rest_route=\/wp\/v2\/product\/4786","targetHints":{"allow":["GET"]}}],"collection":[{"href":"https:\/\/www.kyk.com.tr\/index.php?rest_route=\/wp\/v2\/product"}],"about":[{"href":"https:\/\/www.kyk.com.tr\/index.php?rest_route=\/wp\/v2\/types\/product"}],"replies":[{"embeddable":true,"href":"https:\/\/www.kyk.com.tr\/index.php?rest_route=%2Fwp%2Fv2%2Fcomments&post=4786"}],"wp:featuredmedia":[{"embeddable":true,"href":"https:\/\/www.kyk.com.tr\/index.php?rest_route=\/wp\/v2\/media\/4787"}],"wp:attachment":[{"href":"https:\/\/www.kyk.com.tr\/index.php?rest_route=%2Fwp%2Fv2%2Fmedia&parent=4786"}],"wp:term":[{"taxonomy":"product_brand","embeddable":true,"href":"https:\/\/www.kyk.com.tr\/index.php?rest_route=%2Fwp%2Fv2%2Fproduct_brand&post=4786"},{"taxonomy":"product_cat","embeddable":true,"href":"https:\/\/www.kyk.com.tr\/index.php?rest_route=%2Fwp%2Fv2%2Fproduct_cat&post=4786"},{"taxonomy":"product_tag","embeddable":true,"href":"https:\/\/www.kyk.com.tr\/index.php?rest_route=%2Fwp%2Fv2%2Fproduct_tag&post=4786"}],"curies":[{"name":"wp","href":"https:\/\/api.w.org\/{rel}","templated":true}]}}