{"id":4795,"date":"2025-05-08T18:05:34","date_gmt":"2025-05-08T18:05:34","guid":{"rendered":"https:\/\/www.kyk.center\/?post_type=product&#038;p=4795"},"modified":"2026-04-27T14:36:05","modified_gmt":"2026-04-27T14:36:05","slug":"megaizo-lastik-6-eco-s204","status":"publish","type":"product","link":"https:\/\/www.kyk.com.tr\/?product=megaizo-lastik-6-eco-s204","title":{"rendered":"Mega\u0130zo Lastik 6 Eco S204"},"content":{"rendered":"<div  class='flex_column av-7iltuz-52307e61f272ab321654c789884707e7 av_one_third  avia-builder-el-0  el_before_av_one_half  avia-builder-el-first  first flex_column_div  '     ><style type=\"text\/css\" data-created_by=\"avia_inline_auto\" id=\"style-css-av-mgjea714-f9017a2d982a45f29aa1a39ef51d06c6\">\n.avia-image-container.av-mgjea714-f9017a2d982a45f29aa1a39ef51d06c6 img.avia_image{\nbox-shadow:none;\n}\n.avia-image-container.av-mgjea714-f9017a2d982a45f29aa1a39ef51d06c6 .av-image-caption-overlay-center{\ncolor:#ffffff;\n}\n<\/style>\n<div  class='avia-image-container av-mgjea714-f9017a2d982a45f29aa1a39ef51d06c6 av-styling- avia-align-center  avia-builder-el-1  avia-builder-el-no-sibling '   itemprop=\"image\" itemscope=\"itemscope\" itemtype=\"https:\/\/schema.org\/ImageObject\" ><div class=\"avia-image-container-inner\"><div class=\"avia-image-overlay-wrap\"><img decoding=\"async\" fetchpriority=\"high\" class='wp-image-4796 avia-img-lazy-loading-not-4796 avia_image ' src=\"https:\/\/www.kyk.com.tr\/wp-content\/uploads\/2025\/05\/s204.png\" alt='' title='Mega\u0130zo Lastik 6 Eco S204'  height=\"320\" width=\"320\"  itemprop=\"thumbnailUrl\" srcset=\"https:\/\/www.kyk.com.tr\/wp-content\/uploads\/2025\/05\/s204.png 320w, https:\/\/www.kyk.com.tr\/wp-content\/uploads\/2025\/05\/s204-300x300.png 300w, https:\/\/www.kyk.com.tr\/wp-content\/uploads\/2025\/05\/s204-100x100.png 100w, https:\/\/www.kyk.com.tr\/wp-content\/uploads\/2025\/05\/s204-80x80.png 80w, https:\/\/www.kyk.com.tr\/wp-content\/uploads\/2025\/05\/s204-36x36.png 36w, https:\/\/www.kyk.com.tr\/wp-content\/uploads\/2025\/05\/s204-180x180.png 180w, https:\/\/www.kyk.com.tr\/wp-content\/uploads\/2025\/05\/s204-120x120.png 120w, https:\/\/www.kyk.com.tr\/wp-content\/uploads\/2025\/05\/s204-96x96.png 96w\" sizes=\"(max-width: 320px) 100vw, 320px\" \/><\/div><\/div><\/div><\/div>\n<div  class='flex_column av-68yycb-894365c44e19a4bc3414ed480e6e8863 av_one_half  avia-builder-el-2  el_after_av_one_third  el_before_av_two_third  flex_column_div  '     ><section  class='av_textblock_section av-mgjeaipl-3ac9faa0388fcc4a99215e6c477e5122 '   itemscope=\"itemscope\" itemtype=\"https:\/\/schema.org\/CreativeWork\" ><div class='avia_textblock'  itemprop=\"text\" ><h1>Mega\u0130zo Lastik 6 Eco S204<\/h1>\n<\/div><\/section><br \/>\n\n<style type=\"text\/css\" data-created_by=\"avia_inline_auto\" id=\"style-css-av-mgjeawp4-2e7194a2cc1269d3e7186d54f7c3b7da\">\n#top .av_textblock_section.av-mgjeawp4-2e7194a2cc1269d3e7186d54f7c3b7da .avia_textblock{\nfont-size:14px;\n}\n<\/style>\n<section  class='av_textblock_section av-mgjeawp4-2e7194a2cc1269d3e7186d54f7c3b7da '   itemscope=\"itemscope\" itemtype=\"https:\/\/schema.org\/CreativeWork\" ><div class='avia_textblock'  itemprop=\"text\" ><p><strong>Elastomerik polimer esasl\u0131, tek bile\u015fenli, kullan\u0131ma haz\u0131r, son kat kaplama malzemesinden \u00f6nce veya son kat olarak uygulanabilen, UV dayan\u0131ml\u0131, y\u00fcksek elastik <span style=\"color: #ff9900\">DM O1 P<\/span> s\u0131n\u0131f\u0131 su yal\u0131t\u0131m malzemesidir.<\/strong><\/p>\n<p><img loading=\"lazy\" decoding=\"async\" class=\"alignnone size-thumbnail wp-image-9573\" src=\"https:\/\/www.kyk.com.tr\/wp-content\/uploads\/2025\/11\/DMO1P-80x80.png\" alt=\"\" width=\"80\" height=\"80\" srcset=\"https:\/\/www.kyk.com.tr\/wp-content\/uploads\/2025\/11\/DMO1P-80x80.png 80w, https:\/\/www.kyk.com.tr\/wp-content\/uploads\/2025\/11\/DMO1P-300x300.png 300w, https:\/\/www.kyk.com.tr\/wp-content\/uploads\/2025\/11\/DMO1P-36x36.png 36w, https:\/\/www.kyk.com.tr\/wp-content\/uploads\/2025\/11\/DMO1P-180x180.png 180w, https:\/\/www.kyk.com.tr\/wp-content\/uploads\/2025\/11\/DMO1P-120x120.png 120w, https:\/\/www.kyk.com.tr\/wp-content\/uploads\/2025\/11\/DMO1P-450x450.png 450w, https:\/\/www.kyk.com.tr\/wp-content\/uploads\/2025\/11\/DMO1P-100x100.png 100w, https:\/\/www.kyk.com.tr\/wp-content\/uploads\/2025\/11\/DMO1P-96x96.png 96w, https:\/\/www.kyk.com.tr\/wp-content\/uploads\/2025\/11\/DMO1P.png 500w\" sizes=\"auto, (max-width: 80px) 100vw, 80px\" \/><\/p>\n<\/div><\/section><\/p><\/div>\n<div  class='flex_column av-d37kr-761f10d1d64a349a88a2beb5d0544fb5 av_two_third  avia-builder-el-5  el_after_av_one_half  el_before_av_one_third  first flex_column_div  column-top-margin'     ><section  class='av_textblock_section av-mgjeboqi-1dfe86b5996251a132308412bf30d09b '   itemscope=\"itemscope\" itemtype=\"https:\/\/schema.org\/CreativeWork\" ><div class='avia_textblock'  itemprop=\"text\" ><h4>\u00a0 \u00a0 \u00dcR\u00dcN AVANTAJLARI<\/h4>\n<\/div><\/section><br \/>\n\n<style type=\"text\/css\" data-created_by=\"avia_inline_auto\" id=\"style-css-av-mgjecngb-5a6533caa055304379f85d34bed10f10\">\n#top .av_textblock_section.av-mgjecngb-5a6533caa055304379f85d34bed10f10 .avia_textblock{\nfont-size:14px;\n}\n<\/style>\n<section  class='av_textblock_section av-mgjecngb-5a6533caa055304379f85d34bed10f10 '   itemscope=\"itemscope\" itemtype=\"https:\/\/schema.org\/CreativeWork\" ><div class='avia_textblock'  itemprop=\"text\" ><ul>\n<li>UV dayan\u0131m\u0131na sahiptir.<\/li>\n<li>Hafif yaya trafi\u011fine uygundur.<\/li>\n<li>Su buhar\u0131 ge\u00e7irgenli\u011fi vard\u0131r.<\/li>\n<li>D\u00fc\u015f\u00fck s\u0131cakl\u0131kta (-5\u02da C) \u00e7atlak k\u00f6pr\u00fcleme \u00f6zelli\u011fine sahiptir.<\/li>\n<li>Y\u00fcksek elastiktir.<\/li>\n<li>Lokal onar\u0131m\u0131 h\u0131zl\u0131 ve kolayd\u0131r.<\/li>\n<li>Uyguland\u0131\u011f\u0131 y\u00fczeylerde eksiz bir yal\u0131t\u0131m sa\u011flar.<\/li>\n<li>Y\u00fcksek yap\u0131\u015fma g\u00fcc\u00fcne sahiptir.<\/li>\n<li>Kullan\u0131ma haz\u0131rd\u0131r, h\u0131zl\u0131 ve kolay uygulan\u0131r.<\/li>\n<li>Solvent i\u00e7ermez, \u00e7evre dostudur.<\/li>\n<\/ul>\n<\/div><\/section><\/p><\/div>\n<div  class='flex_column av-32bq3f-88943f7325853899754eeec0652f958b av_one_third  avia-builder-el-8  el_after_av_two_third  el_before_av_toggle_container  flex_column_div  column-top-margin'     ><section  class='av_textblock_section av-mgjecz5q-d910346e202d08efedd6f2c191cc478e '   itemscope=\"itemscope\" itemtype=\"https:\/\/schema.org\/CreativeWork\" ><div class='avia_textblock'  itemprop=\"text\" ><h4>TEKN\u0130K BELGELER<\/h4>\n<\/div><\/section><br \/>\n<section  class='av_textblock_section av-mgjedc5c-a6bfd9256cd88acd0d61bbdb16506fff '   itemscope=\"itemscope\" itemtype=\"https:\/\/schema.org\/CreativeWork\" ><div class='avia_textblock'  itemprop=\"text\" ><p><a href=\"https:\/\/www.kyk.com.tr\/wp-content\/uploads\/2026\/04\/s204_tds.pdf\" target=\"_blank\" rel=\"noopener\"><img loading=\"lazy\" decoding=\"async\" class=\"alignnone wp-image-8657 size-full\" src=\"https:\/\/www.kyk.com.tr\/wp-content\/uploads\/2025\/10\/TDS_1.jpg\" alt=\"\" width=\"410\" height=\"41\" srcset=\"https:\/\/www.kyk.com.tr\/wp-content\/uploads\/2025\/10\/TDS_1.jpg 410w, https:\/\/www.kyk.com.tr\/wp-content\/uploads\/2025\/10\/TDS_1-300x30.jpg 300w\" sizes=\"auto, (max-width: 410px) 100vw, 410px\" \/><\/a><br \/>\n<a href=\"https:\/\/www.kyk.com.tr\/wp-content\/uploads\/2025\/10\/s204_msds.pdf\" target=\"_blank\" rel=\"noopener\"><img loading=\"lazy\" decoding=\"async\" class=\"alignnone size-full wp-image-8656\" src=\"https:\/\/www.kyk.com.tr\/wp-content\/uploads\/2025\/10\/MSDS_1.jpg\" alt=\"\" width=\"410\" height=\"41\" srcset=\"https:\/\/www.kyk.com.tr\/wp-content\/uploads\/2025\/10\/MSDS_1.jpg 410w, https:\/\/www.kyk.com.tr\/wp-content\/uploads\/2025\/10\/MSDS_1-300x30.jpg 300w\" sizes=\"auto, (max-width: 410px) 100vw, 410px\" \/><\/a><br \/>\n<a href=\"https:\/\/www.kyk.com.tr\/?sdm_process_download=1&amp;download_id=9366\" target=\"_blank\" rel=\"noopener\"><img loading=\"lazy\" decoding=\"async\" class=\"alignnone size-full wp-image-8656\" src=\"https:\/\/www.kyk.com.tr\/wp-content\/uploads\/2025\/10\/CE.jpg\" alt=\"\" width=\"410\" height=\"41\" \/><\/a><\/p>\n<\/div><\/section><\/p><\/div>\n<style type=\"text\/css\" data-created_by=\"avia_inline_auto\" id=\"style-css-av-mgjehmet-e98c2d8251206c05e599162d961c5493\">\n#top .togglecontainer.av-mgjehmet-e98c2d8251206c05e599162d961c5493 h6.toggler{\nfont-size:17px;\ncolor:#003e73;\n}\n#top .togglecontainer.av-mgjehmet-e98c2d8251206c05e599162d961c5493 h6.toggler .toggle_icon{\ncolor:#003e73;\nborder-color:#003e73;\n}\n#top .togglecontainer.av-mgjehmet-e98c2d8251206c05e599162d961c5493 h6.toggler .toggle_icon > span{\ncolor:#003e73;\nborder-color:#003e73;\n}\n#top .togglecontainer.av-mgjehmet-e98c2d8251206c05e599162d961c5493 .toggle_wrap .toggle_content{\nfont-size:14px;\ncolor:#003e73;\n}\n<\/style>\n<div  class='togglecontainer av-mgjehmet-e98c2d8251206c05e599162d961c5493 av-minimal-toggle  avia-builder-el-11  el_after_av_one_third  avia-builder-el-last  toggle_close_all' >\n<section class='av_toggle_section av-mgjeduk3-ff08c2b6097b95cdcd42f44fef63feda'  itemscope=\"itemscope\" itemtype=\"https:\/\/schema.org\/CreativeWork\" ><div role=\"tablist\" class=\"single_toggle\" data-tags=\"{T\u00fcm\u00fc} \"  ><h6 id='toggle-toggle-id-1' data-fake-id='#toggle-id-1' class='toggler  av-title-above '  itemprop=\"headline\"  role='tab' tabindex='0' aria-controls='toggle-id-1' data-slide-speed=\"200\" data-title=\"KULLANIM ALANLARI\" data-title-open=\"\" data-aria_collapsed=\"Click to expand: KULLANIM ALANLARI\" data-aria_expanded=\"Click to collapse: KULLANIM ALANLARI\">KULLANIM ALANLARI<span class=\"toggle_icon\"><span class=\"vert_icon\"><\/span><span class=\"hor_icon\"><\/span><\/span><\/h6><div id='toggle-id-1' aria-labelledby='toggle-toggle-id-1' role='region' class='toggle_wrap  av-title-above'  ><div class='toggle_content invers-color '  itemprop=\"text\" ><p><strong>Mega\u0130zo Lastik 6 Eco S204<\/strong>; t\u00fcm yap\u0131larda, \u00f6zellikle \u00fczeri ba\u015fka bir kaplama malzemesi ile kaplanmayarak a\u00e7\u0131k b\u0131rak\u0131lacak teras \u00e7at\u0131larda ve balkonlarda, binalar\u0131n d\u0131\u015f cephelerinde son kat olarak uygulan\u0131r. \u0130\u00e7 ve d\u0131\u015f mekanlarda, yatay ve d\u00fc\u015fey y\u00fczeylerde kullan\u0131l\u0131r.<\/p>\n<\/div><\/div><\/div><\/section>\n<section class='av_toggle_section av-mgjeet50-a90070608e0865ec22754cec1f7f7ce7'  itemscope=\"itemscope\" itemtype=\"https:\/\/schema.org\/CreativeWork\" ><div role=\"tablist\" class=\"single_toggle\" data-tags=\"{T\u00fcm\u00fc} \"  ><h6 id='toggle-toggle-id-2' data-fake-id='#toggle-id-2' class='toggler  av-title-above '  itemprop=\"headline\"  role='tab' tabindex='0' aria-controls='toggle-id-2' data-slide-speed=\"200\" data-title=\"PERFORMANS B\u0130LG\u0130LER\u0130\" data-title-open=\"\" data-aria_collapsed=\"Click to expand: PERFORMANS B\u0130LG\u0130LER\u0130\" data-aria_expanded=\"Click to collapse: PERFORMANS B\u0130LG\u0130LER\u0130\">PERFORMANS B\u0130LG\u0130LER\u0130<span class=\"toggle_icon\"><span class=\"vert_icon\"><\/span><span class=\"hor_icon\"><\/span><\/span><\/h6><div id='toggle-id-2' aria-labelledby='toggle-toggle-id-2' role='region' class='toggle_wrap  av-title-above'  ><div class='toggle_content invers-color '  itemprop=\"text\" ><table width=\"605\">\n<tbody>\n<tr>\n<td width=\"255\"><strong>TEST<\/strong><\/td>\n<td width=\"180\"><strong>DE\u011eER<\/strong><\/td>\n<td width=\"170\"><strong>STANDART<\/strong><\/td>\n<\/tr>\n<tr>\n<td width=\"255\"><strong>Kopmada uzama oran\u0131<\/strong><\/td>\n<td width=\"180\"><strong>&gt; %300<\/strong><\/td>\n<td width=\"170\"><strong>ASTM D 412<\/strong><\/td>\n<\/tr>\n<tr>\n<td width=\"255\"><strong>Ba\u015flang\u0131\u00e7 yap\u0131\u015fma mukavemeti<\/strong><\/td>\n<td width=\"180\"><strong>\u2265 0,5 N\/mm2<\/strong><\/td>\n<td width=\"170\"><strong>TS EN 14891 : A.6.2<\/strong><\/td>\n<\/tr>\n<tr>\n<td width=\"255\"><strong>Su ile temastan sonra yap\u0131\u015fma mukavemeti<\/strong><\/td>\n<td width=\"180\"><strong>\u2265 0,5 N\/mm2<\/strong><\/td>\n<td width=\"170\"><strong>TS EN 14891 : A.6.3<\/strong><\/td>\n<\/tr>\n<tr>\n<td width=\"255\"><strong>Is\u0131l ya\u015fland\u0131rma sonras\u0131 yap\u0131\u015fma mukavemeti<\/strong><\/td>\n<td width=\"180\"><strong>\u2265 0,5 N\/mm2<\/strong><\/td>\n<td width=\"170\"><strong>TS EN 14891 : A.6.5<\/strong><\/td>\n<\/tr>\n<tr>\n<td width=\"255\"><strong>Donma &#8211; \u00c7\u00f6z\u00fcnme \u00e7evriminden sonra yap\u0131\u015fma mukavemeti<\/strong><\/td>\n<td width=\"180\"><strong>\u2265 0,5 N\/mm2<\/strong><\/td>\n<td width=\"170\"><strong>TS EN 14891 : A.6.6<\/strong><\/td>\n<\/tr>\n<tr>\n<td width=\"255\"><strong>Kire\u00e7li suyla temastan sonra yap\u0131\u015fma mukavemeti<\/strong><\/td>\n<td width=\"180\"><strong>\u2265 0,5 N\/mm2<\/strong><\/td>\n<td width=\"170\"><strong>TS EN 14891 : A.6.9<\/strong><\/td>\n<\/tr>\n<tr>\n<td width=\"255\"><strong>Su ge\u00e7irimsizlik<\/strong><\/td>\n<td width=\"180\"><strong>Penetrasyon yok, \u2264 20 gr k\u00fctle art\u0131\u015f\u0131<\/strong><\/td>\n<td width=\"170\"><strong>TS EN 14891 : A.7<\/strong><\/td>\n<\/tr>\n<tr>\n<td width=\"255\"><strong>Standart ko\u015fullarda \u00e7atlak k\u00f6pr\u00fcleme \u00f6zelli\u011fi<\/strong><\/td>\n<td width=\"180\"><strong>&gt; 0,75 mm<\/strong><\/td>\n<td width=\"170\"><strong>TS EN 14891 : A.8.2<\/strong><\/td>\n<\/tr>\n<tr>\n<td width=\"255\"><strong>D\u00fc\u015f\u00fck s\u0131cakl\u0131kta (-5) \u00e7atlak k\u00f6pr\u00fcleme \u00f6zelli\u011fi<\/strong><\/td>\n<td width=\"180\"><strong>&gt; 0,75 mm<\/strong><\/td>\n<td width=\"170\"><strong>TS EN 14891 : A.8.3<\/strong><\/td>\n<\/tr>\n<tr>\n<td width=\"255\"><strong>Kapiler su emme ve su ge\u00e7irgenli\u011fi<\/strong><\/td>\n<td width=\"180\"><strong>w &lt; 0,1 kg\/m2s0,5<\/strong><\/td>\n<td width=\"170\"><strong>EN 1062 &#8211; 3<\/strong><\/td>\n<\/tr>\n<tr>\n<td width=\"255\"><strong>Su buhar\u0131 ge\u00e7irgenli\u011fi<\/strong><\/td>\n<td width=\"180\"><strong>S\u0131n\u0131f I<\/strong><\/td>\n<td width=\"170\"><strong>EN ISO 7783-2<\/strong><\/td>\n<\/tr>\n<\/tbody>\n<\/table>\n<p>Bu de\u011ferler laboratuvar \u015fartlar\u0131nda; 23 \u00b1 2\u00b0C ve %50 \u00b1 5 ba\u011f\u0131l nem ortam\u0131nda yap\u0131lan deneyler sonucunda elde edilmi\u015ftir. Tabloda verilen de\u011ferler y\u00fczey ve ortam ko\u015fullar\u0131na g\u00f6re farkl\u0131l\u0131k g\u00f6sterebilir.<\/p>\n<\/div><\/div><\/div><\/section>\n<section class='av_toggle_section av-mgjef1kn-432f96561cdae2656dffab7173350da7'  itemscope=\"itemscope\" itemtype=\"https:\/\/schema.org\/CreativeWork\" ><div role=\"tablist\" class=\"single_toggle\" data-tags=\"{T\u00fcm\u00fc} \"  ><h6 id='toggle-toggle-id-3' data-fake-id='#toggle-id-3' class='toggler  av-title-above '  itemprop=\"headline\"  role='tab' tabindex='0' aria-controls='toggle-id-3' data-slide-speed=\"200\" data-title=\"UYGULAMA SINIRLARI\" data-title-open=\"\" data-aria_collapsed=\"Click to expand: UYGULAMA SINIRLARI\" data-aria_expanded=\"Click to collapse: UYGULAMA SINIRLARI\">UYGULAMA SINIRLARI<span class=\"toggle_icon\"><span class=\"vert_icon\"><\/span><span class=\"hor_icon\"><\/span><\/span><\/h6><div id='toggle-id-3' aria-labelledby='toggle-toggle-id-3' role='region' class='toggle_wrap  av-title-above'  ><div class='toggle_content invers-color '  itemprop=\"text\" ><table width=\"501\">\n<tbody>\n<tr>\n<td width=\"321\"><strong>A\u00c7IKLAMA<\/strong><\/td>\n<td width=\"180\"><strong>S\u00dcRE<\/strong><\/td>\n<\/tr>\n<tr>\n<td width=\"321\"><strong>Katlar aras\u0131 bekleme s\u00fcresi<\/strong><\/td>\n<td width=\"180\"><strong>\u00a0Minimum 6 saat<\/strong><\/td>\n<\/tr>\n<tr>\n<td width=\"321\"><strong>Kullan\u0131ma alma s\u00fcresi<\/strong><\/td>\n<td width=\"180\"><strong>Minimum 7 g\u00fcn<\/strong><\/td>\n<\/tr>\n<\/tbody>\n<\/table>\n<p>Bu de\u011ferler laboratuvar \u015fartlar\u0131nda; 23 \u00b1 2\u00b0C ve %50 \u00b1 5 ba\u011f\u0131l nem ortam\u0131nda yap\u0131lan deneyler sonucunda elde edilmi\u015ftir. Tabloda verilen de\u011ferler y\u00fczey ve ortam ko\u015fullar\u0131na g\u00f6re farkl\u0131l\u0131k g\u00f6sterebilir.<\/p>\n<\/div><\/div><\/div><\/section>\n<section class='av_toggle_section av-mgjefxuv-487b275af170badbe242f2e6b96d14cd'  itemscope=\"itemscope\" itemtype=\"https:\/\/schema.org\/CreativeWork\" ><div role=\"tablist\" class=\"single_toggle\" data-tags=\"{T\u00fcm\u00fc} \"  ><h6 id='toggle-toggle-id-4' data-fake-id='#toggle-id-4' class='toggler  av-title-above '  itemprop=\"headline\"  role='tab' tabindex='0' aria-controls='toggle-id-4' data-slide-speed=\"200\" data-title=\"REFERANS STANDARTLARI\" data-title-open=\"\" data-aria_collapsed=\"Click to expand: REFERANS STANDARTLARI\" data-aria_expanded=\"Click to collapse: REFERANS STANDARTLARI\">REFERANS STANDARTLARI<span class=\"toggle_icon\"><span class=\"vert_icon\"><\/span><span class=\"hor_icon\"><\/span><\/span><\/h6><div id='toggle-id-4' aria-labelledby='toggle-toggle-id-4' role='region' class='toggle_wrap  av-title-above'  ><div class='toggle_content invers-color '  itemprop=\"text\" ><p><strong>Onaylar\/Standartlar:<\/strong><br \/>\nTS EN 14891<br \/>\nTS EN 1504-2<\/p>\n<p><strong>Bay\u0131nd\u0131rl\u0131k Bak. Poz No.:<\/strong><br \/>\nBay\u0131nd\u0131rl\u0131k Bak. Poz No.: 10.300.2174<\/p>\n<\/div><\/div><\/div><\/section>\n<\/div><\/p>\n","protected":false},"excerpt":{"rendered":"","protected":false},"featured_media":4796,"comment_status":"closed","ping_status":"closed","template":"","meta":{"_acf_changed":false},"product_brand":[],"product_cat":[60],"product_tag":[],"class_list":{"0":"post-4795","1":"product","2":"type-product","3":"status-publish","4":"has-post-thumbnail","6":"product_cat-su_yalitim_malzemeleri","8":"first","9":"instock","10":"shipping-taxable","11":"product-type-simple"},"acf":[],"_links":{"self":[{"href":"https:\/\/www.kyk.com.tr\/index.php?rest_route=\/wp\/v2\/product\/4795","targetHints":{"allow":["GET"]}}],"collection":[{"href":"https:\/\/www.kyk.com.tr\/index.php?rest_route=\/wp\/v2\/product"}],"about":[{"href":"https:\/\/www.kyk.com.tr\/index.php?rest_route=\/wp\/v2\/types\/product"}],"replies":[{"embeddable":true,"href":"https:\/\/www.kyk.com.tr\/index.php?rest_route=%2Fwp%2Fv2%2Fcomments&post=4795"}],"wp:featuredmedia":[{"embeddable":true,"href":"https:\/\/www.kyk.com.tr\/index.php?rest_route=\/wp\/v2\/media\/4796"}],"wp:attachment":[{"href":"https:\/\/www.kyk.com.tr\/index.php?rest_route=%2Fwp%2Fv2%2Fmedia&parent=4795"}],"wp:term":[{"taxonomy":"product_brand","embeddable":true,"href":"https:\/\/www.kyk.com.tr\/index.php?rest_route=%2Fwp%2Fv2%2Fproduct_brand&post=4795"},{"taxonomy":"product_cat","embeddable":true,"href":"https:\/\/www.kyk.com.tr\/index.php?rest_route=%2Fwp%2Fv2%2Fproduct_cat&post=4795"},{"taxonomy":"product_tag","embeddable":true,"href":"https:\/\/www.kyk.com.tr\/index.php?rest_route=%2Fwp%2Fv2%2Fproduct_tag&post=4795"}],"curies":[{"name":"wp","href":"https:\/\/api.w.org\/{rel}","templated":true}]}}