{"id":4818,"date":"2025-05-10T18:32:47","date_gmt":"2025-05-10T18:32:47","guid":{"rendered":"https:\/\/www.kyk.center\/?post_type=product&#038;p=4818"},"modified":"2026-04-28T06:44:13","modified_gmt":"2026-04-28T06:44:13","slug":"megatamir-i-yapisal-t103","status":"publish","type":"product","link":"https:\/\/www.kyk.com.tr\/?product=megatamir-i-yapisal-t103","title":{"rendered":"MegaTamir \u0130 Yap\u0131sal T103"},"content":{"rendered":"<div  class='flex_column av-re1jm-b748fee34938ecc68552ac9af8c99ec7 av_one_third  avia-builder-el-0  el_before_av_one_half  avia-builder-el-first  first flex_column_div  '     ><style type=\"text\/css\" data-created_by=\"avia_inline_auto\" id=\"style-css-av-mgjqc9xf-abf81334f29823deb719cd4d3a577401\">\n.avia-image-container.av-mgjqc9xf-abf81334f29823deb719cd4d3a577401 img.avia_image{\nbox-shadow:none;\n}\n.avia-image-container.av-mgjqc9xf-abf81334f29823deb719cd4d3a577401 .av-image-caption-overlay-center{\ncolor:#ffffff;\n}\n<\/style>\n<div  class='avia-image-container av-mgjqc9xf-abf81334f29823deb719cd4d3a577401 av-styling- avia-align-center  avia-builder-el-1  avia-builder-el-no-sibling '   itemprop=\"image\" itemscope=\"itemscope\" itemtype=\"https:\/\/schema.org\/ImageObject\" ><div class=\"avia-image-container-inner\"><div class=\"avia-image-overlay-wrap\"><img decoding=\"async\" fetchpriority=\"high\" class='wp-image-4819 avia-img-lazy-loading-not-4819 avia_image ' src=\"https:\/\/www.kyk.com.tr\/wp-content\/uploads\/2025\/05\/t103.png\" alt='' title='MegaTamir \u0130 Yap\u0131sal T103'  height=\"320\" width=\"320\"  itemprop=\"thumbnailUrl\" srcset=\"https:\/\/www.kyk.com.tr\/wp-content\/uploads\/2025\/05\/t103.png 320w, https:\/\/www.kyk.com.tr\/wp-content\/uploads\/2025\/05\/t103-300x300.png 300w, https:\/\/www.kyk.com.tr\/wp-content\/uploads\/2025\/05\/t103-100x100.png 100w, https:\/\/www.kyk.com.tr\/wp-content\/uploads\/2025\/05\/t103-80x80.png 80w, https:\/\/www.kyk.com.tr\/wp-content\/uploads\/2025\/05\/t103-36x36.png 36w, https:\/\/www.kyk.com.tr\/wp-content\/uploads\/2025\/05\/t103-180x180.png 180w, https:\/\/www.kyk.com.tr\/wp-content\/uploads\/2025\/05\/t103-120x120.png 120w, https:\/\/www.kyk.com.tr\/wp-content\/uploads\/2025\/05\/t103-96x96.png 96w\" sizes=\"(max-width: 320px) 100vw, 320px\" \/><\/div><\/div><\/div><\/div>\n<div  class='flex_column av-61olwy-d56f8087c83f01d19d1d027d0fccfb9d av_one_half  avia-builder-el-2  el_after_av_one_third  el_before_av_two_third  flex_column_div  '     ><section  class='av_textblock_section av-mgjqchi1-fb6a5dcd214f245da5282faa53a67046 '   itemscope=\"itemscope\" itemtype=\"https:\/\/schema.org\/CreativeWork\" ><div class='avia_textblock'  itemprop=\"text\" ><h1>MegaTamir \u0130 Yap\u0131sal T103<\/h1>\n<\/div><\/section><br \/>\n\n<style type=\"text\/css\" data-created_by=\"avia_inline_auto\" id=\"style-css-av-mgjqctp9-e59b18e0df640da3e4e61f768afdbf4a\">\n#top .av_textblock_section.av-mgjqctp9-e59b18e0df640da3e4e61f768afdbf4a .avia_textblock{\nfont-size:14px;\n}\n<\/style>\n<section  class='av_textblock_section av-mgjqctp9-e59b18e0df640da3e4e61f768afdbf4a '   itemscope=\"itemscope\" itemtype=\"https:\/\/schema.org\/CreativeWork\" ><div class='avia_textblock'  itemprop=\"text\" ><p><strong>\u00c7imento esasl\u0131, tek bile\u015fenli, polimer ve elyaf katk\u0131l\u0131, ince agregal\u0131, \u0131s\u0131 de\u011fi\u015fikliklerine dayan\u0131kl\u0131, <span style=\"color: #ff9900\">R3<\/span> s\u0131n\u0131f\u0131 yap\u0131sal tamir harc\u0131d\u0131r.<\/strong><\/p>\n<p><img loading=\"lazy\" decoding=\"async\" class=\"alignnone size-thumbnail wp-image-9577\" src=\"https:\/\/www.kyk.com.tr\/wp-content\/uploads\/2025\/11\/R3-80x80.png\" alt=\"\" width=\"80\" height=\"80\" srcset=\"https:\/\/www.kyk.com.tr\/wp-content\/uploads\/2025\/11\/R3-80x80.png 80w, https:\/\/www.kyk.com.tr\/wp-content\/uploads\/2025\/11\/R3-300x300.png 300w, https:\/\/www.kyk.com.tr\/wp-content\/uploads\/2025\/11\/R3-36x36.png 36w, https:\/\/www.kyk.com.tr\/wp-content\/uploads\/2025\/11\/R3-180x180.png 180w, https:\/\/www.kyk.com.tr\/wp-content\/uploads\/2025\/11\/R3-120x120.png 120w, https:\/\/www.kyk.com.tr\/wp-content\/uploads\/2025\/11\/R3-450x450.png 450w, https:\/\/www.kyk.com.tr\/wp-content\/uploads\/2025\/11\/R3-100x100.png 100w, https:\/\/www.kyk.com.tr\/wp-content\/uploads\/2025\/11\/R3-96x96.png 96w, https:\/\/www.kyk.com.tr\/wp-content\/uploads\/2025\/11\/R3.png 500w\" sizes=\"auto, (max-width: 80px) 100vw, 80px\" \/><\/p>\n<\/div><\/section><\/p><\/div>\n<div  class='flex_column av-4ob4pu-68dc6c065686ac2732f77b0807bd34ea av_two_third  avia-builder-el-5  el_after_av_one_half  el_before_av_one_third  first flex_column_div  column-top-margin'     ><section  class='av_textblock_section av-mgjqddiz-3acffa6a9f1ecbd32587906089809057 '   itemscope=\"itemscope\" itemtype=\"https:\/\/schema.org\/CreativeWork\" ><div class='avia_textblock'  itemprop=\"text\" ><h4>\u00a0 \u00a0 \u00dcR\u00dcN AVANTAJLARI<\/h4>\n<\/div><\/section><br \/>\n\n<style type=\"text\/css\" data-created_by=\"avia_inline_auto\" id=\"style-css-av-mgjqdvvi-b593abca50fbc43f8c7c67a8d10b0a1e\">\n#top .av_textblock_section.av-mgjqdvvi-b593abca50fbc43f8c7c67a8d10b0a1e .avia_textblock{\nfont-size:14px;\n}\n<\/style>\n<section  class='av_textblock_section av-mgjqdvvi-b593abca50fbc43f8c7c67a8d10b0a1e '   itemscope=\"itemscope\" itemtype=\"https:\/\/schema.org\/CreativeWork\" ><div class='avia_textblock'  itemprop=\"text\" ><ul>\n<li>Y\u00fcksek bas\u0131n\u00e7 dayan\u0131m\u0131na sahip olmas\u0131ndan dolay\u0131, yap\u0131sal onar\u0131mlarda etkili sonu\u00e7 verir.<\/li>\n<li>\u00a0Her t\u00fcrl\u00fc betonarme yap\u0131 eleman\u0131n\u0131n yap\u0131sal onar\u0131m\u0131nda kullan\u0131l\u0131r.<\/li>\n<li>\u00c7ok y\u00fcksek yap\u0131\u015fma g\u00fcc\u00fcne sahiptir.<\/li>\n<li>Uygulama sonras\u0131 dayan\u0131kl\u0131 ve p\u00fcr\u00fczs\u00fcz bir y\u00fczey olu\u015fturur.<\/li>\n<li>Suya ve dona kar\u015f\u0131 dayan\u0131kl\u0131d\u0131r.<\/li>\n<li>Kolay haz\u0131rlan\u0131r ve uygulan\u0131r.<\/li>\n<\/ul>\n<\/div><\/section><\/p><\/div>\n<div  class='flex_column av-2qlhhu-088b1c8e129441e82830b3f1c28e3d70 av_one_third  avia-builder-el-8  el_after_av_two_third  el_before_av_toggle_container  flex_column_div  column-top-margin'     ><section  class='av_textblock_section av-mgjqe7ix-233cee49a95ed6b1e4833eafd09968ba '   itemscope=\"itemscope\" itemtype=\"https:\/\/schema.org\/CreativeWork\" ><div class='avia_textblock'  itemprop=\"text\" ><h4>TEKN\u0130K BELGELER<\/h4>\n<\/div><\/section><br \/>\n<section  class='av_textblock_section av-mgjqee5q-0f757245c4120fae84980d12fcae8a88 '   itemscope=\"itemscope\" itemtype=\"https:\/\/schema.org\/CreativeWork\" ><div class='avia_textblock'  itemprop=\"text\" ><p><a href=\"https:\/\/www.kyk.com.tr\/wp-content\/uploads\/2026\/04\/t103_tds.pdf\" target=\"_blank\" rel=\"noopener\"><img loading=\"lazy\" decoding=\"async\" class=\"alignnone wp-image-8657 size-full\" src=\"https:\/\/www.kyk.com.tr\/wp-content\/uploads\/2025\/10\/TDS_1.jpg\" alt=\"\" width=\"410\" height=\"41\" srcset=\"https:\/\/www.kyk.com.tr\/wp-content\/uploads\/2025\/10\/TDS_1.jpg 410w, https:\/\/www.kyk.com.tr\/wp-content\/uploads\/2025\/10\/TDS_1-300x30.jpg 300w\" sizes=\"auto, (max-width: 410px) 100vw, 410px\" \/><\/a><br \/>\n<a href=\"https:\/\/www.kyk.com.tr\/wp-content\/uploads\/2025\/10\/t103_msds.pdf\" target=\"_blank\" rel=\"noopener\"><img loading=\"lazy\" decoding=\"async\" class=\"alignnone size-full wp-image-8656\" src=\"https:\/\/www.kyk.com.tr\/wp-content\/uploads\/2025\/10\/MSDS_1.jpg\" alt=\"\" width=\"410\" height=\"41\" srcset=\"https:\/\/www.kyk.com.tr\/wp-content\/uploads\/2025\/10\/MSDS_1.jpg 410w, https:\/\/www.kyk.com.tr\/wp-content\/uploads\/2025\/10\/MSDS_1-300x30.jpg 300w\" sizes=\"auto, (max-width: 410px) 100vw, 410px\" \/><\/a><br \/>\n<a href=\"https:\/\/www.kyk.com.tr\/?sdm_process_download=1&amp;download_id=9376\" target=\"_blank\" rel=\"noopener\"><img loading=\"lazy\" decoding=\"async\" class=\"alignnone wp-image-8657 size-full\" src=\"https:\/\/www.kyk.com.tr\/wp-content\/uploads\/2025\/10\/TSE.jpg\" alt=\"\" width=\"410\" height=\"41\" \/><\/a><br \/>\n<a href=\"https:\/\/www.kyk.com.tr\/?sdm_process_download=1&amp;download_id=9378\" target=\"_blank\" rel=\"noopener\"><img loading=\"lazy\" decoding=\"async\" class=\"alignnone size-full wp-image-8656\" src=\"https:\/\/www.kyk.com.tr\/wp-content\/uploads\/2025\/10\/CE.jpg\" alt=\"\" width=\"410\" height=\"41\" \/><\/a><\/p>\n<\/div><\/section><\/p><\/div>\n<style type=\"text\/css\" data-created_by=\"avia_inline_auto\" id=\"style-css-av-mgjqi0o6-07734360248c3491175cd61d9538fcfe\">\n#top .togglecontainer.av-mgjqi0o6-07734360248c3491175cd61d9538fcfe h6.toggler{\nfont-size:17px;\ncolor:#003e73;\n}\n#top .togglecontainer.av-mgjqi0o6-07734360248c3491175cd61d9538fcfe h6.toggler .toggle_icon{\ncolor:#003e73;\nborder-color:#003e73;\n}\n#top .togglecontainer.av-mgjqi0o6-07734360248c3491175cd61d9538fcfe h6.toggler .toggle_icon > span{\ncolor:#003e73;\nborder-color:#003e73;\n}\n#top .togglecontainer.av-mgjqi0o6-07734360248c3491175cd61d9538fcfe .toggle_wrap .toggle_content{\nfont-size:14px;\ncolor:#003e73;\n}\n<\/style>\n<div  class='togglecontainer av-mgjqi0o6-07734360248c3491175cd61d9538fcfe av-minimal-toggle  avia-builder-el-11  el_after_av_one_third  avia-builder-el-last  toggle_close_all' >\n<section class='av_toggle_section av-mgjqessg-12fed6b4a008486f8e53659b4ff44cb1'  itemscope=\"itemscope\" itemtype=\"https:\/\/schema.org\/CreativeWork\" ><div role=\"tablist\" class=\"single_toggle\" data-tags=\"{T\u00fcm\u00fc} \"  ><h6 id='toggle-toggle-id-1' data-fake-id='#toggle-id-1' class='toggler  av-title-above '  itemprop=\"headline\"  role='tab' tabindex='0' aria-controls='toggle-id-1' data-slide-speed=\"200\" data-title=\"KULLANIM ALANLARI\" data-title-open=\"\" data-aria_collapsed=\"Click to expand: KULLANIM ALANLARI\" data-aria_expanded=\"Click to collapse: KULLANIM ALANLARI\">KULLANIM ALANLARI<span class=\"toggle_icon\"><span class=\"vert_icon\"><\/span><span class=\"hor_icon\"><\/span><\/span><\/h6><div id='toggle-id-1' aria-labelledby='toggle-toggle-id-1' role='region' class='toggle_wrap  av-title-above'  ><div class='toggle_content invers-color '  itemprop=\"text\" ><p><strong>MegaTamir \u0130 Yap\u0131sal T103; <\/strong>i\u00e7 ve d\u0131\u015f mekanlarda su yal\u0131t\u0131m\u0131 veya son kaplama \u00f6ncesi pah uygulanmas\u0131, tamiri, y\u00fczey d\u00fczeltmesinde, donat\u0131 demirlerinin a\u015f\u0131nd\u0131rmas\u0131 sonucu zarar g\u00f6rm\u00fc\u015f betonlar\u0131n onar\u0131m\u0131nda<strong> MegaTamir T106 <\/strong>ile birlikte kullan\u0131l\u0131r. \u00d6zellikle pah yap\u0131m\u0131nda, tij delikleri ve karot bo\u015fluklar\u0131n\u0131n doldurulmas\u0131nda m\u00fckemmel sonu\u00e7 verir.<\/p>\n<\/div><\/div><\/div><\/section>\n<section class='av_toggle_section av-mgjqflcd-c93d1a8cca3c4b041e5a5d9c53a46480'  itemscope=\"itemscope\" itemtype=\"https:\/\/schema.org\/CreativeWork\" ><div role=\"tablist\" class=\"single_toggle\" data-tags=\"{T\u00fcm\u00fc} \"  ><h6 id='toggle-toggle-id-2' data-fake-id='#toggle-id-2' class='toggler  av-title-above '  itemprop=\"headline\"  role='tab' tabindex='0' aria-controls='toggle-id-2' data-slide-speed=\"200\" data-title=\"PERFORMANS B\u0130LG\u0130LER\u0130\" data-title-open=\"\" data-aria_collapsed=\"Click to expand: PERFORMANS B\u0130LG\u0130LER\u0130\" data-aria_expanded=\"Click to collapse: PERFORMANS B\u0130LG\u0130LER\u0130\">PERFORMANS B\u0130LG\u0130LER\u0130<span class=\"toggle_icon\"><span class=\"vert_icon\"><\/span><span class=\"hor_icon\"><\/span><\/span><\/h6><div id='toggle-id-2' aria-labelledby='toggle-toggle-id-2' role='region' class='toggle_wrap  av-title-above'  ><div class='toggle_content invers-color '  itemprop=\"text\" ><table width=\"491\">\n<tbody>\n<tr>\n<td width=\"236\"><strong>TEST<\/strong><\/td>\n<td width=\"132\"><strong>DE\u011eER<\/strong><\/td>\n<td width=\"123\"><strong>STANDART<\/strong><\/td>\n<\/tr>\n<tr>\n<td width=\"236\"><strong>Bas\u0131n\u00e7 dayan\u0131m\u0131<\/strong><\/td>\n<td width=\"132\"><strong>\u2265 25 MPa (R3)<\/strong><\/td>\n<td width=\"123\"><strong>TS EN 12190<\/strong><\/td>\n<\/tr>\n<tr>\n<td width=\"236\"><strong>Yap\u0131\u015ft\u0131rma suretiyle olu\u015fturulmu\u015f ba\u011f dayan\u0131m\u0131<\/strong><\/td>\n<td width=\"132\"><strong>\u2265 1,5 MPa<\/strong><\/td>\n<td width=\"123\"><strong>TS EN 1542<\/strong><\/td>\n<\/tr>\n<tr>\n<td width=\"236\"><strong>Klor\u00fcr iyonu i\u00e7eri\u011fi<\/strong><\/td>\n<td width=\"132\"><strong>\u2264\u00a0 %0,05<\/strong><\/td>\n<td width=\"123\"><strong>TS EN 1015- 17<\/strong><\/td>\n<\/tr>\n<\/tbody>\n<\/table>\n<p>Bu de\u011ferler laboratuvar \u015fartlar\u0131nda; 23 \u00b1 2\u00b0C ve %50 \u00b1 5 ba\u011f\u0131l nem ortam\u0131nda yap\u0131lan deneyler sonucunda elde edilmi\u015ftir. Tabloda verilen de\u011ferler y\u00fczey ve ortam ko\u015fullar\u0131na g\u00f6re farkl\u0131l\u0131k g\u00f6sterebilir.<\/p>\n<\/div><\/div><\/div><\/section>\n<section class='av_toggle_section av-mgjqfs0f-5d4da28a6df97a9555157e76f23910c4'  itemscope=\"itemscope\" itemtype=\"https:\/\/schema.org\/CreativeWork\" ><div role=\"tablist\" class=\"single_toggle\" data-tags=\"{T\u00fcm\u00fc} \"  ><h6 id='toggle-toggle-id-3' data-fake-id='#toggle-id-3' class='toggler  av-title-above '  itemprop=\"headline\"  role='tab' tabindex='0' aria-controls='toggle-id-3' data-slide-speed=\"200\" data-title=\"UYGULAMA SINIRLARI\" data-title-open=\"\" data-aria_collapsed=\"Click to expand: UYGULAMA SINIRLARI\" data-aria_expanded=\"Click to collapse: UYGULAMA SINIRLARI\">UYGULAMA SINIRLARI<span class=\"toggle_icon\"><span class=\"vert_icon\"><\/span><span class=\"hor_icon\"><\/span><\/span><\/h6><div id='toggle-id-3' aria-labelledby='toggle-toggle-id-3' role='region' class='toggle_wrap  av-title-above'  ><div class='toggle_content invers-color '  itemprop=\"text\" ><table>\n<tbody>\n<tr>\n<td width=\"312\"><strong>A\u00c7IKLAMA<\/strong><\/td>\n<td width=\"284\"><strong>S\u00dcRE<\/strong><\/td>\n<\/tr>\n<tr>\n<td width=\"312\"><strong>Haz\u0131rlanan harc\u0131n kullan\u0131labilme s\u00fcresi- Kap \u00d6mr\u00fc<\/strong><\/td>\n<td width=\"284\"><strong>Maksimum 30 dk<\/strong><\/td>\n<\/tr>\n<tr>\n<td width=\"312\"><strong>Uygulama kal\u0131nl\u0131\u011f\u0131<\/strong><\/td>\n<td width=\"284\"><strong>\u00a0Minimum 2 mm- Maksimum 30 mm (tek katta)<\/strong><\/td>\n<\/tr>\n<tr>\n<td width=\"312\"><strong>\u0130kinci kat uygulanmas\u0131 i\u00e7in beklenilmesi gereken s\u00fcre<\/strong><\/td>\n<td width=\"284\"><strong>2-3 saat<\/strong><\/td>\n<\/tr>\n<tr>\n<td width=\"312\"><strong>Trafi\u011fe a\u00e7\u0131lmas\u0131 i\u00e7in gerekli s\u00fcre<\/strong><\/td>\n<td width=\"284\"><strong>Minimum 24 saat<\/strong><\/td>\n<\/tr>\n<\/tbody>\n<\/table>\n<p>Bu de\u011ferler laboratuvar \u015fartlar\u0131nda; 23 \u00b1 2\u00b0C ve %50 \u00b1 5 ba\u011f\u0131l nem ortam\u0131nda yap\u0131lan deneyler sonucunda elde edilmi\u015ftir. Tabloda verilen de\u011ferler y\u00fczey ve ortam ko\u015fullar\u0131na g\u00f6re farkl\u0131l\u0131k g\u00f6sterebilir.<\/p>\n<\/div><\/div><\/div><\/section>\n<section class='av_toggle_section av-mgjqghs6-8954baceff2dc49f2f41c7a112542a48'  itemscope=\"itemscope\" itemtype=\"https:\/\/schema.org\/CreativeWork\" ><div role=\"tablist\" class=\"single_toggle\" data-tags=\"{T\u00fcm\u00fc} \"  ><h6 id='toggle-toggle-id-4' data-fake-id='#toggle-id-4' class='toggler  av-title-above '  itemprop=\"headline\"  role='tab' tabindex='0' aria-controls='toggle-id-4' data-slide-speed=\"200\" data-title=\"REFERANS STANDARTLARI\" data-title-open=\"\" data-aria_collapsed=\"Click to expand: REFERANS STANDARTLARI\" data-aria_expanded=\"Click to collapse: REFERANS STANDARTLARI\">REFERANS STANDARTLARI<span class=\"toggle_icon\"><span class=\"vert_icon\"><\/span><span class=\"hor_icon\"><\/span><\/span><\/h6><div id='toggle-id-4' aria-labelledby='toggle-toggle-id-4' role='region' class='toggle_wrap  av-title-above'  ><div class='toggle_content invers-color '  itemprop=\"text\" ><p><strong>Onaylar\/Standartlar:<\/strong><br \/>\nTS EN 1504-3<\/p>\n<p><strong>Bay\u0131nd\u0131rl\u0131k Bak. Poz No.:<\/strong><br \/>\nBay\u0131nd\u0131rl\u0131k Bak. Poz No.: 10.300.2071<\/p>\n<\/div><\/div><\/div><\/section>\n<\/div><\/p>\n","protected":false},"excerpt":{"rendered":"","protected":false},"featured_media":4819,"comment_status":"closed","ping_status":"closed","template":"","meta":{"_acf_changed":false},"product_brand":[],"product_cat":[61],"product_tag":[],"class_list":{"0":"post-4818","1":"product","2":"type-product","3":"status-publish","4":"has-post-thumbnail","6":"product_cat-tamir_harclari","8":"first","9":"instock","10":"shipping-taxable","11":"product-type-simple"},"acf":[],"_links":{"self":[{"href":"https:\/\/www.kyk.com.tr\/index.php?rest_route=\/wp\/v2\/product\/4818","targetHints":{"allow":["GET"]}}],"collection":[{"href":"https:\/\/www.kyk.com.tr\/index.php?rest_route=\/wp\/v2\/product"}],"about":[{"href":"https:\/\/www.kyk.com.tr\/index.php?rest_route=\/wp\/v2\/types\/product"}],"replies":[{"embeddable":true,"href":"https:\/\/www.kyk.com.tr\/index.php?rest_route=%2Fwp%2Fv2%2Fcomments&post=4818"}],"wp:featuredmedia":[{"embeddable":true,"href":"https:\/\/www.kyk.com.tr\/index.php?rest_route=\/wp\/v2\/media\/4819"}],"wp:attachment":[{"href":"https:\/\/www.kyk.com.tr\/index.php?rest_route=%2Fwp%2Fv2%2Fmedia&parent=4818"}],"wp:term":[{"taxonomy":"product_brand","embeddable":true,"href":"https:\/\/www.kyk.com.tr\/index.php?rest_route=%2Fwp%2Fv2%2Fproduct_brand&post=4818"},{"taxonomy":"product_cat","embeddable":true,"href":"https:\/\/www.kyk.com.tr\/index.php?rest_route=%2Fwp%2Fv2%2Fproduct_cat&post=4818"},{"taxonomy":"product_tag","embeddable":true,"href":"https:\/\/www.kyk.com.tr\/index.php?rest_route=%2Fwp%2Fv2%2Fproduct_tag&post=4818"}],"curies":[{"name":"wp","href":"https:\/\/api.w.org\/{rel}","templated":true}]}}