{"id":4837,"date":"2025-05-10T18:58:40","date_gmt":"2025-05-10T18:58:40","guid":{"rendered":"https:\/\/www.kyk.center\/?post_type=product&#038;p=4837"},"modified":"2026-04-28T08:51:49","modified_gmt":"2026-04-28T08:51:49","slug":"megatamir-grout-t105","status":"publish","type":"product","link":"https:\/\/www.kyk.com.tr\/?product=megatamir-grout-t105","title":{"rendered":"MegaTamir Grout T105"},"content":{"rendered":"<div  class='flex_column av-75cpyt-a981f2f23fcc736418695e57bc153ada av_one_third  avia-builder-el-0  el_before_av_one_half  avia-builder-el-first  first flex_column_div  '     ><style type=\"text\/css\" data-created_by=\"avia_inline_auto\" id=\"style-css-av-mgjr0u67-42f4384051037d53fc904bdcf0176c36\">\n.avia-image-container.av-mgjr0u67-42f4384051037d53fc904bdcf0176c36 img.avia_image{\nbox-shadow:none;\n}\n.avia-image-container.av-mgjr0u67-42f4384051037d53fc904bdcf0176c36 .av-image-caption-overlay-center{\ncolor:#ffffff;\n}\n<\/style>\n<div  class='avia-image-container av-mgjr0u67-42f4384051037d53fc904bdcf0176c36 av-styling- avia-align-center  avia-builder-el-1  avia-builder-el-no-sibling '   itemprop=\"image\" itemscope=\"itemscope\" itemtype=\"https:\/\/schema.org\/ImageObject\" ><div class=\"avia-image-container-inner\"><div class=\"avia-image-overlay-wrap\"><img decoding=\"async\" fetchpriority=\"high\" class='wp-image-4838 avia-img-lazy-loading-not-4838 avia_image ' src=\"https:\/\/www.kyk.com.tr\/wp-content\/uploads\/2025\/05\/t105.png\" alt='' title='MegaTamir Grout T105'  height=\"320\" width=\"320\"  itemprop=\"thumbnailUrl\" srcset=\"https:\/\/www.kyk.com.tr\/wp-content\/uploads\/2025\/05\/t105.png 320w, https:\/\/www.kyk.com.tr\/wp-content\/uploads\/2025\/05\/t105-300x300.png 300w, https:\/\/www.kyk.com.tr\/wp-content\/uploads\/2025\/05\/t105-100x100.png 100w, https:\/\/www.kyk.com.tr\/wp-content\/uploads\/2025\/05\/t105-80x80.png 80w, https:\/\/www.kyk.com.tr\/wp-content\/uploads\/2025\/05\/t105-36x36.png 36w, https:\/\/www.kyk.com.tr\/wp-content\/uploads\/2025\/05\/t105-180x180.png 180w, https:\/\/www.kyk.com.tr\/wp-content\/uploads\/2025\/05\/t105-120x120.png 120w, https:\/\/www.kyk.com.tr\/wp-content\/uploads\/2025\/05\/t105-96x96.png 96w\" sizes=\"(max-width: 320px) 100vw, 320px\" \/><\/div><\/div><\/div><\/div>\n<div  class='flex_column av-6dm4w5-1f2632c33d5dbe53eafc368407eec351 av_one_half  avia-builder-el-2  el_after_av_one_third  el_before_av_two_third  flex_column_div  '     ><section  class='av_textblock_section av-mgjr12e9-9f3ac96bffff0509dd3ca7425edf39e7 '   itemscope=\"itemscope\" itemtype=\"https:\/\/schema.org\/CreativeWork\" ><div class='avia_textblock'  itemprop=\"text\" ><h1>MegaTamir Grout T105<\/h1>\n<\/div><\/section><br \/>\n\n<style type=\"text\/css\" data-created_by=\"avia_inline_auto\" id=\"style-css-av-mgjr1edn-dd1ada8d00f870c138952ca4e046d059\">\n#top .av_textblock_section.av-mgjr1edn-dd1ada8d00f870c138952ca4e046d059 .avia_textblock{\nfont-size:14px;\n}\n<\/style>\n<section  class='av_textblock_section av-mgjr1edn-dd1ada8d00f870c138952ca4e046d059 '   itemscope=\"itemscope\" itemtype=\"https:\/\/schema.org\/CreativeWork\" ><div class='avia_textblock'  itemprop=\"text\" ><p><strong>\u00c7imento esasl\u0131, tek bile\u015fenli, y\u00fcksek dayan\u0131ml\u0131, ak\u0131\u015fkan, r\u00f6tre yapmayan, <span style=\"color: #ff9900\">R4<\/span> s\u0131n\u0131f\u0131 yap\u0131sal grout harc\u0131d\u0131r.<\/strong><\/p>\n<p><img loading=\"lazy\" decoding=\"async\" class=\"alignnone size-thumbnail wp-image-9578\" src=\"https:\/\/www.kyk.com.tr\/wp-content\/uploads\/2025\/11\/R4-80x80.png\" alt=\"\" width=\"80\" height=\"80\" srcset=\"https:\/\/www.kyk.com.tr\/wp-content\/uploads\/2025\/11\/R4-80x80.png 80w, https:\/\/www.kyk.com.tr\/wp-content\/uploads\/2025\/11\/R4-300x300.png 300w, https:\/\/www.kyk.com.tr\/wp-content\/uploads\/2025\/11\/R4-36x36.png 36w, https:\/\/www.kyk.com.tr\/wp-content\/uploads\/2025\/11\/R4-180x180.png 180w, https:\/\/www.kyk.com.tr\/wp-content\/uploads\/2025\/11\/R4-120x120.png 120w, https:\/\/www.kyk.com.tr\/wp-content\/uploads\/2025\/11\/R4-450x450.png 450w, https:\/\/www.kyk.com.tr\/wp-content\/uploads\/2025\/11\/R4-100x100.png 100w, https:\/\/www.kyk.com.tr\/wp-content\/uploads\/2025\/11\/R4-96x96.png 96w, https:\/\/www.kyk.com.tr\/wp-content\/uploads\/2025\/11\/R4.png 500w\" sizes=\"auto, (max-width: 80px) 100vw, 80px\" \/><\/p>\n<\/div><\/section><\/p><\/div>\n<div  class='flex_column av-3uftb9-6273678f18bae5290f41cf9d45339613 av_two_third  avia-builder-el-5  el_after_av_one_half  el_before_av_one_third  first flex_column_div  column-top-margin'     ><section  class='av_textblock_section av-mgjr20el-5c90ce6fb90d66c53abceae03cec05b6 '   itemscope=\"itemscope\" itemtype=\"https:\/\/schema.org\/CreativeWork\" ><div class='avia_textblock'  itemprop=\"text\" ><h4>\u00a0 \u00a0 \u00dcR\u00dcN AVANTAJLARI<\/h4>\n<\/div><\/section><br \/>\n\n<style type=\"text\/css\" data-created_by=\"avia_inline_auto\" id=\"style-css-av-mgjr2bf5-077f913b010084a83d97195d93c2874e\">\n#top .av_textblock_section.av-mgjr2bf5-077f913b010084a83d97195d93c2874e .avia_textblock{\nfont-size:14px;\n}\n<\/style>\n<section  class='av_textblock_section av-mgjr2bf5-077f913b010084a83d97195d93c2874e '   itemscope=\"itemscope\" itemtype=\"https:\/\/schema.org\/CreativeWork\" ><div class='avia_textblock'  itemprop=\"text\" ><ul>\n<li>Ak\u0131\u015fkan \u00f6zelli\u011finden dolay\u0131 kendili\u011finden yerle\u015fir.<\/li>\n<li>Y\u00fcksek a\u015f\u0131nma direncine ve mekanik mukavemete sahiptir.<\/li>\n<li>R\u00f6tre yapmaz.<\/li>\n<li>S\u00fclfat ve klor\u00fcr iyonlar\u0131 i\u00e7ermez.<\/li>\n<li>\u00c7arpma ve titre\u015fime dayan\u0131kl\u0131d\u0131r.<\/li>\n<li>Kolay haz\u0131rlan\u0131r ve uygulan\u0131r.<\/li>\n<\/ul>\n<\/div><\/section><\/p><\/div>\n<div  class='flex_column av-21nf9h-15ad6b2df35447484f4224dccdf13d47 av_one_third  avia-builder-el-8  el_after_av_two_third  el_before_av_toggle_container  flex_column_div  column-top-margin'     ><section  class='av_textblock_section av-mgjr2j19-77f036219b95b53630598e3493ed41bc '   itemscope=\"itemscope\" itemtype=\"https:\/\/schema.org\/CreativeWork\" ><div class='avia_textblock'  itemprop=\"text\" ><h4>\u00a0TEKN\u0130K BELGELER<\/h4>\n<\/div><\/section><br \/>\n<section  class='av_textblock_section av-mgjr2q8n-ad98ad17b6de0b8cb21bbbd96bc959cc '   itemscope=\"itemscope\" itemtype=\"https:\/\/schema.org\/CreativeWork\" ><div class='avia_textblock'  itemprop=\"text\" ><p><a href=\"https:\/\/www.kyk.com.tr\/wp-content\/uploads\/2026\/04\/t105_tds.pdf\" target=\"_blank\" rel=\"noopener\"><img loading=\"lazy\" decoding=\"async\" class=\"alignnone wp-image-8657 size-full\" src=\"https:\/\/www.kyk.com.tr\/wp-content\/uploads\/2025\/10\/TDS_1.jpg\" alt=\"\" width=\"410\" height=\"41\" srcset=\"https:\/\/www.kyk.com.tr\/wp-content\/uploads\/2025\/10\/TDS_1.jpg 410w, https:\/\/www.kyk.com.tr\/wp-content\/uploads\/2025\/10\/TDS_1-300x30.jpg 300w\" sizes=\"auto, (max-width: 410px) 100vw, 410px\" \/><\/a><br \/>\n<a href=\"https:\/\/www.kyk.com.tr\/wp-content\/uploads\/2025\/10\/t105_msds.pdf\" target=\"_blank\" rel=\"noopener\"><img loading=\"lazy\" decoding=\"async\" class=\"alignnone size-full wp-image-8656\" src=\"https:\/\/www.kyk.com.tr\/wp-content\/uploads\/2025\/10\/MSDS_1.jpg\" alt=\"\" width=\"410\" height=\"41\" srcset=\"https:\/\/www.kyk.com.tr\/wp-content\/uploads\/2025\/10\/MSDS_1.jpg 410w, https:\/\/www.kyk.com.tr\/wp-content\/uploads\/2025\/10\/MSDS_1-300x30.jpg 300w\" sizes=\"auto, (max-width: 410px) 100vw, 410px\" \/><\/a><br \/>\n<a href=\"https:\/\/www.kyk.com.tr\/?sdm_process_download=1&amp;download_id=9388\" target=\"_blank\" rel=\"noopener\"><img loading=\"lazy\" decoding=\"async\" class=\"alignnone wp-image-8657 size-full\" src=\"https:\/\/www.kyk.com.tr\/wp-content\/uploads\/2025\/10\/TSE.jpg\" alt=\"\" width=\"410\" height=\"41\" \/><\/a><br \/>\n<a href=\"https:\/\/www.kyk.com.tr\/?sdm_process_download=1&amp;download_id=9390\" target=\"_blank\" rel=\"noopener\"><img loading=\"lazy\" decoding=\"async\" class=\"alignnone size-full wp-image-8656\" src=\"https:\/\/www.kyk.com.tr\/wp-content\/uploads\/2025\/10\/CE.jpg\" alt=\"\" width=\"410\" height=\"41\" \/><\/a><\/p>\n<\/div><\/section><\/p><\/div>\n<style type=\"text\/css\" data-created_by=\"avia_inline_auto\" id=\"style-css-av-mgjr616s-1402437dd116f207ef2ee9f42883529f\">\n#top .togglecontainer.av-mgjr616s-1402437dd116f207ef2ee9f42883529f h6.toggler{\nfont-size:17px;\ncolor:#003e73;\n}\n#top .togglecontainer.av-mgjr616s-1402437dd116f207ef2ee9f42883529f h6.toggler .toggle_icon{\ncolor:#003e73;\nborder-color:#003e73;\n}\n#top .togglecontainer.av-mgjr616s-1402437dd116f207ef2ee9f42883529f h6.toggler .toggle_icon > span{\ncolor:#003e73;\nborder-color:#003e73;\n}\n#top .togglecontainer.av-mgjr616s-1402437dd116f207ef2ee9f42883529f .toggle_wrap .toggle_content{\nfont-size:14px;\ncolor:#003e73;\n}\n<\/style>\n<div  class='togglecontainer av-mgjr616s-1402437dd116f207ef2ee9f42883529f av-minimal-toggle  avia-builder-el-11  el_after_av_one_third  avia-builder-el-last  toggle_close_all' >\n<section class='av_toggle_section av-mgjr39k1-f3b210be931ea33ddac842444fde4445'  itemscope=\"itemscope\" itemtype=\"https:\/\/schema.org\/CreativeWork\" ><div role=\"tablist\" class=\"single_toggle\" data-tags=\"{T\u00fcm\u00fc} \"  ><h6 id='toggle-toggle-id-1' data-fake-id='#toggle-id-1' class='toggler  av-title-above '  itemprop=\"headline\"  role='tab' tabindex='0' aria-controls='toggle-id-1' data-slide-speed=\"200\" data-title=\"KULLANIM ALANLARI\" data-title-open=\"\" data-aria_collapsed=\"Click to expand: KULLANIM ALANLARI\" data-aria_expanded=\"Click to collapse: KULLANIM ALANLARI\">KULLANIM ALANLARI<span class=\"toggle_icon\"><span class=\"vert_icon\"><\/span><span class=\"hor_icon\"><\/span><\/span><\/h6><div id='toggle-id-1' aria-labelledby='toggle-toggle-id-1' role='region' class='toggle_wrap  av-title-above'  ><div class='toggle_content invers-color '  itemprop=\"text\" ><p><strong>MegaTamir Grout T105<\/strong>; i\u00e7 ve d\u0131\u015f mekanlarda, yatay y\u00fczeylerde, \u00e7elik ve prefabrik yap\u0131larda, makine ve vin\u00e7 temellerinde, temel soketlerinde, perde duvarlarda, kolon ba\u015fl\u0131klar\u0131nda, \u00e7elik kolonlar\u0131n temele montaj\u0131nda kullan\u0131labilir. Demiryolu yataklar\u0131, prekast yap\u0131 kolonlar\u0131, beton ankrajlar\u0131, mesnet plakalar\u0131, gaz ve buhar t\u00fcrbinleri, jenerat\u00f6rler, kompres\u00f6rler, pres ve torna tezg\u00e2hlar\u0131, sondaj makineleri montaj\u0131nda, her t\u00fcrl\u00fc bo\u015fluk, delik ve a\u00e7\u0131kl\u0131\u011f\u0131n doldurulmas\u0131nda kullan\u0131l\u0131r.<\/p>\n<\/div><\/div><\/div><\/section>\n<section class='av_toggle_section av-mgjr3u4l-d51c6caa3d23e084896c9d16a85fe183'  itemscope=\"itemscope\" itemtype=\"https:\/\/schema.org\/CreativeWork\" ><div role=\"tablist\" class=\"single_toggle\" data-tags=\"{T\u00fcm\u00fc} \"  ><h6 id='toggle-toggle-id-2' data-fake-id='#toggle-id-2' class='toggler  av-title-above '  itemprop=\"headline\"  role='tab' tabindex='0' aria-controls='toggle-id-2' data-slide-speed=\"200\" data-title=\"PERFORMANS B\u0130LG\u0130LER\u0130\" data-title-open=\"\" data-aria_collapsed=\"Click to expand: PERFORMANS B\u0130LG\u0130LER\u0130\" data-aria_expanded=\"Click to collapse: PERFORMANS B\u0130LG\u0130LER\u0130\">PERFORMANS B\u0130LG\u0130LER\u0130<span class=\"toggle_icon\"><span class=\"vert_icon\"><\/span><span class=\"hor_icon\"><\/span><\/span><\/h6><div id='toggle-id-2' aria-labelledby='toggle-toggle-id-2' role='region' class='toggle_wrap  av-title-above'  ><div class='toggle_content invers-color '  itemprop=\"text\" ><table>\n<tbody>\n<tr>\n<td width=\"233\"><strong>TEST<\/strong><\/td>\n<td width=\"180\"><strong>DE\u011eER<\/strong><\/td>\n<td width=\"189\"><strong>STANDART<\/strong><\/td>\n<\/tr>\n<tr>\n<td width=\"233\"><strong>E\u011filme mukavemeti<\/strong><\/td>\n<td width=\"180\"><strong>\u2265 6,5 N\/mm<sup>2<\/sup><\/strong><\/td>\n<td width=\"189\"><strong>TS EN 12190<\/strong><\/td>\n<\/tr>\n<tr>\n<td width=\"233\"><strong>3.G\u00fcn Basma mukavemeti<\/strong><\/td>\n<td width=\"180\"><strong>\u2265 40 N\/mm<sup>2<\/sup><\/strong><\/td>\n<td width=\"189\"><strong>TS EN 12190<\/strong><\/td>\n<\/tr>\n<tr>\n<td width=\"233\"><strong>7.G\u00fcn Basma mukavemeti<\/strong><\/td>\n<td width=\"180\"><strong>\u2265 50 N\/mm<sup>2<\/sup><\/strong><\/td>\n<td width=\"189\"><strong>TS EN 12190<\/strong><\/td>\n<\/tr>\n<tr>\n<td width=\"233\"><strong>28.G\u00fcn Basma mukavemeti<\/strong><\/td>\n<td width=\"180\"><strong>\u2265 60 N\/mm<sup>2<\/sup><\/strong><\/td>\n<td width=\"189\"><strong>TS EN 12190<\/strong><\/td>\n<\/tr>\n<\/tbody>\n<\/table>\n<p>Bu de\u011ferler laboratuvar \u015fartlar\u0131nda; 23 \u00b1 2\u00b0C ve %50 \u00b1 5 ba\u011f\u0131l nem ortam\u0131nda yap\u0131lan deneyler sonucunda elde edilmi\u015ftir. Tabloda verilen de\u011ferler y\u00fczey ve ortam ko\u015fullar\u0131na g\u00f6re farkl\u0131l\u0131k g\u00f6sterebilir.<\/p>\n<\/div><\/div><\/div><\/section>\n<section class='av_toggle_section av-mgjr40j4-fc1ec1cab367dd36d10a4dc2f29a67b5'  itemscope=\"itemscope\" itemtype=\"https:\/\/schema.org\/CreativeWork\" ><div role=\"tablist\" class=\"single_toggle\" data-tags=\"{T\u00fcm\u00fc} \"  ><h6 id='toggle-toggle-id-3' data-fake-id='#toggle-id-3' class='toggler  av-title-above '  itemprop=\"headline\"  role='tab' tabindex='0' aria-controls='toggle-id-3' data-slide-speed=\"200\" data-title=\"UYGULAMA SINIRLARI\" data-title-open=\"\" data-aria_collapsed=\"Click to expand: UYGULAMA SINIRLARI\" data-aria_expanded=\"Click to collapse: UYGULAMA SINIRLARI\">UYGULAMA SINIRLARI<span class=\"toggle_icon\"><span class=\"vert_icon\"><\/span><span class=\"hor_icon\"><\/span><\/span><\/h6><div id='toggle-id-3' aria-labelledby='toggle-toggle-id-3' role='region' class='toggle_wrap  av-title-above'  ><div class='toggle_content invers-color '  itemprop=\"text\" ><table>\n<tbody>\n<tr>\n<td width=\"340\"><strong>A\u00c7IKLAMA<\/strong><\/td>\n<td width=\"208\"><strong>S\u00dcRE<\/strong><\/td>\n<\/tr>\n<tr>\n<td width=\"340\"><strong>Haz\u0131rlanan harc\u0131n kullan\u0131labilme s\u00fcresi- Kap \u00d6mr\u00fc<\/strong><\/td>\n<td width=\"208\"><strong>Maksimum 45 dk<\/strong><\/td>\n<\/tr>\n<tr>\n<td width=\"340\"><strong>Uygulama kal\u0131nl\u0131\u011f\u0131<\/strong><\/td>\n<td width=\"208\"><strong>\u00a010-80 mm<\/strong><\/td>\n<\/tr>\n<tr>\n<td width=\"340\"><strong>Tam K\u00fcrlenme<\/strong><\/td>\n<td width=\"208\"><strong>24 saat<\/strong><\/td>\n<\/tr>\n<\/tbody>\n<\/table>\n<p>Bu de\u011ferler laboratuvar \u015fartlar\u0131nda; 23 \u00b1 2\u00b0C ve %50 \u00b1 5 ba\u011f\u0131l nem ortam\u0131nda yap\u0131lan deneyler sonucunda elde edilmi\u015ftir. Tabloda verilen de\u011ferler y\u00fczey ve ortam ko\u015fullar\u0131na g\u00f6re farkl\u0131l\u0131k g\u00f6sterebilir.<\/p>\n<\/div><\/div><\/div><\/section>\n<section class='av_toggle_section av-mgjr4nzc-b6549515cc6e4f0641d0f72ee1311b7e'  itemscope=\"itemscope\" itemtype=\"https:\/\/schema.org\/CreativeWork\" ><div role=\"tablist\" class=\"single_toggle\" data-tags=\"{T\u00fcm\u00fc} \"  ><h6 id='toggle-toggle-id-4' data-fake-id='#toggle-id-4' class='toggler  av-title-above '  itemprop=\"headline\"  role='tab' tabindex='0' aria-controls='toggle-id-4' data-slide-speed=\"200\" data-title=\"REFERANS STANDARTLARI\" data-title-open=\"\" data-aria_collapsed=\"Click to expand: REFERANS STANDARTLARI\" data-aria_expanded=\"Click to collapse: REFERANS STANDARTLARI\">REFERANS STANDARTLARI<span class=\"toggle_icon\"><span class=\"vert_icon\"><\/span><span class=\"hor_icon\"><\/span><\/span><\/h6><div id='toggle-id-4' aria-labelledby='toggle-toggle-id-4' role='region' class='toggle_wrap  av-title-above'  ><div class='toggle_content invers-color '  itemprop=\"text\" ><p><strong>Onaylar\/Standartlar:<\/strong><br \/>\nTS EN 1504-3<\/p>\n<p><strong>Bay\u0131nd\u0131rl\u0131k Bak. Poz No.:<\/strong><br \/>\nBay\u0131nd\u0131rl\u0131k Bak. Poz No.: 10.300.2073<\/p>\n<\/div><\/div><\/div><\/section>\n<\/div><\/p>\n","protected":false},"excerpt":{"rendered":"","protected":false},"featured_media":4838,"comment_status":"closed","ping_status":"closed","template":"","meta":{"_acf_changed":false},"product_brand":[],"product_cat":[61],"product_tag":[],"class_list":{"0":"post-4837","1":"product","2":"type-product","3":"status-publish","4":"has-post-thumbnail","6":"product_cat-tamir_harclari","8":"first","9":"instock","10":"shipping-taxable","11":"product-type-simple"},"acf":[],"_links":{"self":[{"href":"https:\/\/www.kyk.com.tr\/index.php?rest_route=\/wp\/v2\/product\/4837","targetHints":{"allow":["GET"]}}],"collection":[{"href":"https:\/\/www.kyk.com.tr\/index.php?rest_route=\/wp\/v2\/product"}],"about":[{"href":"https:\/\/www.kyk.com.tr\/index.php?rest_route=\/wp\/v2\/types\/product"}],"replies":[{"embeddable":true,"href":"https:\/\/www.kyk.com.tr\/index.php?rest_route=%2Fwp%2Fv2%2Fcomments&post=4837"}],"wp:featuredmedia":[{"embeddable":true,"href":"https:\/\/www.kyk.com.tr\/index.php?rest_route=\/wp\/v2\/media\/4838"}],"wp:attachment":[{"href":"https:\/\/www.kyk.com.tr\/index.php?rest_route=%2Fwp%2Fv2%2Fmedia&parent=4837"}],"wp:term":[{"taxonomy":"product_brand","embeddable":true,"href":"https:\/\/www.kyk.com.tr\/index.php?rest_route=%2Fwp%2Fv2%2Fproduct_brand&post=4837"},{"taxonomy":"product_cat","embeddable":true,"href":"https:\/\/www.kyk.com.tr\/index.php?rest_route=%2Fwp%2Fv2%2Fproduct_cat&post=4837"},{"taxonomy":"product_tag","embeddable":true,"href":"https:\/\/www.kyk.com.tr\/index.php?rest_route=%2Fwp%2Fv2%2Fproduct_tag&post=4837"}],"curies":[{"name":"wp","href":"https:\/\/api.w.org\/{rel}","templated":true}]}}