{"id":4843,"date":"2025-05-10T19:05:50","date_gmt":"2025-05-10T19:05:50","guid":{"rendered":"https:\/\/www.kyk.center\/?post_type=product&#038;p=4843"},"modified":"2026-04-28T08:54:35","modified_gmt":"2026-04-28T08:54:35","slug":"megatamir-t107","status":"publish","type":"product","link":"https:\/\/www.kyk.com.tr\/?product=megatamir-t107","title":{"rendered":"MegaTamir T107"},"content":{"rendered":"<div  class='flex_column av-6yyyd7-b4285f18d2237f46b05915e08405eaa2 av_one_third  avia-builder-el-0  el_before_av_one_half  avia-builder-el-first  first flex_column_div  '     ><style type=\"text\/css\" data-created_by=\"avia_inline_auto\" id=\"style-css-av-mgjr7vwv-2cd3e8923cf5c46abc1abc402038cb11\">\n.avia-image-container.av-mgjr7vwv-2cd3e8923cf5c46abc1abc402038cb11 img.avia_image{\nbox-shadow:none;\n}\n.avia-image-container.av-mgjr7vwv-2cd3e8923cf5c46abc1abc402038cb11 .av-image-caption-overlay-center{\ncolor:#ffffff;\n}\n<\/style>\n<div  class='avia-image-container av-mgjr7vwv-2cd3e8923cf5c46abc1abc402038cb11 av-styling- avia-align-center  avia-builder-el-1  avia-builder-el-no-sibling '   itemprop=\"image\" itemscope=\"itemscope\" itemtype=\"https:\/\/schema.org\/ImageObject\" ><div class=\"avia-image-container-inner\"><div class=\"avia-image-overlay-wrap\"><img decoding=\"async\" fetchpriority=\"high\" class='wp-image-4844 avia-img-lazy-loading-not-4844 avia_image ' src=\"https:\/\/www.kyk.com.tr\/wp-content\/uploads\/2025\/05\/t107.png\" alt='' title='MegaTamir T107'  height=\"320\" width=\"320\"  itemprop=\"thumbnailUrl\" srcset=\"https:\/\/www.kyk.com.tr\/wp-content\/uploads\/2025\/05\/t107.png 320w, https:\/\/www.kyk.com.tr\/wp-content\/uploads\/2025\/05\/t107-300x300.png 300w, https:\/\/www.kyk.com.tr\/wp-content\/uploads\/2025\/05\/t107-100x100.png 100w, https:\/\/www.kyk.com.tr\/wp-content\/uploads\/2025\/05\/t107-80x80.png 80w, https:\/\/www.kyk.com.tr\/wp-content\/uploads\/2025\/05\/t107-36x36.png 36w, https:\/\/www.kyk.com.tr\/wp-content\/uploads\/2025\/05\/t107-180x180.png 180w, https:\/\/www.kyk.com.tr\/wp-content\/uploads\/2025\/05\/t107-120x120.png 120w, https:\/\/www.kyk.com.tr\/wp-content\/uploads\/2025\/05\/t107-96x96.png 96w\" sizes=\"(max-width: 320px) 100vw, 320px\" \/><\/div><\/div><\/div><\/div>\n<div  class='flex_column av-618bij-485cac87c3ab2ff0fc8a7a4ac8a87ff2 av_one_half  avia-builder-el-2  el_after_av_one_third  el_before_av_two_third  flex_column_div  '     ><section  class='av_textblock_section av-mgjr832m-2f872f508834febcc4312adbb8103129 '   itemscope=\"itemscope\" itemtype=\"https:\/\/schema.org\/CreativeWork\" ><div class='avia_textblock'  itemprop=\"text\" ><h1>MegaTamir T107<\/h1>\n<\/div><\/section><br \/>\n\n<style type=\"text\/css\" data-created_by=\"avia_inline_auto\" id=\"style-css-av-mgjr8fz6-7e82c199f231b11271278c185a505257\">\n#top .av_textblock_section.av-mgjr8fz6-7e82c199f231b11271278c185a505257 .avia_textblock{\nfont-size:14px;\n}\n<\/style>\n<section  class='av_textblock_section av-mgjr8fz6-7e82c199f231b11271278c185a505257 '   itemscope=\"itemscope\" itemtype=\"https:\/\/schema.org\/CreativeWork\" ><div class='avia_textblock'  itemprop=\"text\" ><p><strong>\u00c7imento esasl\u0131, tek bile\u015fenli, y\u00fcksek dayan\u0131ml\u0131, ak\u0131\u015fkan, r\u00f6tre yapmayan, \u00e7ok h\u0131zl\u0131 dayan\u0131m kazanan, kendili\u011finden yay\u0131lan <span style=\"color: #ff9900\">R4<\/span> s\u0131n\u0131f\u0131 grout harc\u0131d\u0131r.<\/strong><\/p>\n<p><img loading=\"lazy\" decoding=\"async\" class=\"alignnone size-thumbnail wp-image-9578\" src=\"https:\/\/www.kyk.com.tr\/wp-content\/uploads\/2025\/11\/R4-80x80.png\" alt=\"\" width=\"80\" height=\"80\" srcset=\"https:\/\/www.kyk.com.tr\/wp-content\/uploads\/2025\/11\/R4-80x80.png 80w, https:\/\/www.kyk.com.tr\/wp-content\/uploads\/2025\/11\/R4-300x300.png 300w, https:\/\/www.kyk.com.tr\/wp-content\/uploads\/2025\/11\/R4-36x36.png 36w, https:\/\/www.kyk.com.tr\/wp-content\/uploads\/2025\/11\/R4-180x180.png 180w, https:\/\/www.kyk.com.tr\/wp-content\/uploads\/2025\/11\/R4-120x120.png 120w, https:\/\/www.kyk.com.tr\/wp-content\/uploads\/2025\/11\/R4-450x450.png 450w, https:\/\/www.kyk.com.tr\/wp-content\/uploads\/2025\/11\/R4-100x100.png 100w, https:\/\/www.kyk.com.tr\/wp-content\/uploads\/2025\/11\/R4-96x96.png 96w, https:\/\/www.kyk.com.tr\/wp-content\/uploads\/2025\/11\/R4.png 500w\" sizes=\"auto, (max-width: 80px) 100vw, 80px\" \/><\/p>\n<\/div><\/section><\/p><\/div>\n<div  class='flex_column av-4wq78b-0f6350718216e3baffeb5aa680e82d65 av_two_third  avia-builder-el-5  el_after_av_one_half  el_before_av_one_third  first flex_column_div  column-top-margin'     ><section  class='av_textblock_section av-mgjr94j5-4c09110c2954a8b9b29f8a726fc9eff8 '   itemscope=\"itemscope\" itemtype=\"https:\/\/schema.org\/CreativeWork\" ><div class='avia_textblock'  itemprop=\"text\" ><h4>\u00a0 \u00a0 \u00dcR\u00dcN AVANTAJLARI<\/h4>\n<\/div><\/section><br \/>\n\n<style type=\"text\/css\" data-created_by=\"avia_inline_auto\" id=\"style-css-av-mgjr9hn0-c440d8752efb999c5aba4933e161795d\">\n#top .av_textblock_section.av-mgjr9hn0-c440d8752efb999c5aba4933e161795d .avia_textblock{\nfont-size:14px;\n}\n<\/style>\n<section  class='av_textblock_section av-mgjr9hn0-c440d8752efb999c5aba4933e161795d '   itemscope=\"itemscope\" itemtype=\"https:\/\/schema.org\/CreativeWork\" ><div class='avia_textblock'  itemprop=\"text\" ><ul>\n<li>\u00c7ok h\u0131zl\u0131 dayan\u0131m sa\u011flar, 2 saat sonra y\u00fckleme yap\u0131labilir.<\/li>\n<li>\u00a0Ak\u0131\u015fkan \u00f6zelli\u011finden dolay\u0131 kendili\u011finden yerle\u015fir.<\/li>\n<li>Y\u00fcksek a\u015f\u0131nma direncine ve mekanik mukavemete sahiptir.<\/li>\n<li>R\u00f6tre yapmaz.<\/li>\n<li>S\u00fclfat ve klor\u00fcr iyonlar\u0131 i\u00e7ermez.<\/li>\n<li>\u00c7arpma ve titre\u015fime dayan\u0131kl\u0131d\u0131r.<\/li>\n<li>Suya ve dona kar\u015f\u0131 dayan\u0131kl\u0131d\u0131r.<\/li>\n<li>Kolay haz\u0131rlan\u0131r ve uygulan\u0131r.<\/li>\n<\/ul>\n<\/div><\/section><\/p><\/div>\n<div  class='flex_column av-2mvizf-f0bf2a350db05a3087f3c952029025ad av_one_third  avia-builder-el-8  el_after_av_two_third  el_before_av_toggle_container  flex_column_div  column-top-margin'     ><section  class='av_textblock_section av-mgjr9rxw-bceac89a71626ec62ed1a9d257b3dc01 '   itemscope=\"itemscope\" itemtype=\"https:\/\/schema.org\/CreativeWork\" ><div class='avia_textblock'  itemprop=\"text\" ><h4>TEKN\u0130K BELGELER<\/h4>\n<\/div><\/section><br \/>\n<section  class='av_textblock_section av-mgjr9xoj-193fa454569f68a0c3421e54aa418ba0 '   itemscope=\"itemscope\" itemtype=\"https:\/\/schema.org\/CreativeWork\" ><div class='avia_textblock'  itemprop=\"text\" ><p><a href=\"https:\/\/www.kyk.com.tr\/wp-content\/uploads\/2026\/04\/t107_tds.pdf\" target=\"_blank\" rel=\"noopener\"><img loading=\"lazy\" decoding=\"async\" class=\"alignnone wp-image-8657 size-full\" src=\"https:\/\/www.kyk.com.tr\/wp-content\/uploads\/2025\/10\/TDS_1.jpg\" alt=\"\" width=\"410\" height=\"41\" srcset=\"https:\/\/www.kyk.com.tr\/wp-content\/uploads\/2025\/10\/TDS_1.jpg 410w, https:\/\/www.kyk.com.tr\/wp-content\/uploads\/2025\/10\/TDS_1-300x30.jpg 300w\" sizes=\"auto, (max-width: 410px) 100vw, 410px\" \/><\/a><br \/>\n<a href=\"https:\/\/www.kyk.com.tr\/wp-content\/uploads\/2025\/05\/t107_msds.pdf\" target=\"_blank\" rel=\"noopener\"><img loading=\"lazy\" decoding=\"async\" class=\"alignnone size-full wp-image-8656\" src=\"https:\/\/www.kyk.com.tr\/wp-content\/uploads\/2025\/10\/MSDS_1.jpg\" alt=\"\" width=\"410\" height=\"41\" srcset=\"https:\/\/www.kyk.com.tr\/wp-content\/uploads\/2025\/10\/MSDS_1.jpg 410w, https:\/\/www.kyk.com.tr\/wp-content\/uploads\/2025\/10\/MSDS_1-300x30.jpg 300w\" sizes=\"auto, (max-width: 410px) 100vw, 410px\" \/><\/a><br \/>\n<a href=\"https:\/\/www.kyk.com.tr\/?sdm_process_download=1&amp;download_id=9392\" target=\"_blank\" rel=\"noopener\"><img loading=\"lazy\" decoding=\"async\" class=\"alignnone size-full wp-image-8656\" src=\"https:\/\/www.kyk.com.tr\/wp-content\/uploads\/2025\/10\/CE.jpg\" alt=\"\" width=\"410\" height=\"41\" \/><\/a><\/p>\n<\/div><\/section><\/p><\/div>\n<style type=\"text\/css\" data-created_by=\"avia_inline_auto\" id=\"style-css-av-mgjrctb4-455c07a6f95baba39b6f1a092b900a7a\">\n#top .togglecontainer.av-mgjrctb4-455c07a6f95baba39b6f1a092b900a7a h6.toggler{\nfont-size:17px;\ncolor:#003e73;\n}\n#top .togglecontainer.av-mgjrctb4-455c07a6f95baba39b6f1a092b900a7a h6.toggler .toggle_icon{\ncolor:#003e73;\nborder-color:#003e73;\n}\n#top .togglecontainer.av-mgjrctb4-455c07a6f95baba39b6f1a092b900a7a h6.toggler .toggle_icon > span{\ncolor:#003e73;\nborder-color:#003e73;\n}\n#top .togglecontainer.av-mgjrctb4-455c07a6f95baba39b6f1a092b900a7a .toggle_wrap .toggle_content{\nfont-size:14px;\ncolor:#003e73;\n}\n<\/style>\n<div  class='togglecontainer av-mgjrctb4-455c07a6f95baba39b6f1a092b900a7a av-minimal-toggle  avia-builder-el-11  el_after_av_one_third  avia-builder-el-last  toggle_close_all' >\n<section class='av_toggle_section av-mgjraea6-ee51740369623cee1c9a86cdbcc20001'  itemscope=\"itemscope\" itemtype=\"https:\/\/schema.org\/CreativeWork\" ><div role=\"tablist\" class=\"single_toggle\" data-tags=\"{T\u00fcm\u00fc} \"  ><h6 id='toggle-toggle-id-1' data-fake-id='#toggle-id-1' class='toggler  av-title-above '  itemprop=\"headline\"  role='tab' tabindex='0' aria-controls='toggle-id-1' data-slide-speed=\"200\" data-title=\"KULLANIM ALANLARI\" data-title-open=\"\" data-aria_collapsed=\"Click to expand: KULLANIM ALANLARI\" data-aria_expanded=\"Click to collapse: KULLANIM ALANLARI\">KULLANIM ALANLARI<span class=\"toggle_icon\"><span class=\"vert_icon\"><\/span><span class=\"hor_icon\"><\/span><\/span><\/h6><div id='toggle-id-1' aria-labelledby='toggle-toggle-id-1' role='region' class='toggle_wrap  av-title-above'  ><div class='toggle_content invers-color '  itemprop=\"text\" ><p><strong>MegaTamir T107<\/strong>; \u0130\u00e7 ve d\u0131\u015f mekanlarda, yatay y\u00fczeylerde, saha betonlar\u0131, tren yollar\u0131 in\u015fas\u0131, r\u00f6gar kapaklar\u0131n\u0131n y\u00fckseltilmesinde, metro, baraj, otoyol yap\u0131lar\u0131nda, prefabrik yap\u0131larda, u\u00e7ak ve helikopter pistlerinin tamirinde, end\u00fcstriyel makine yataklar\u0131 alt\u0131nda, prefabrike elemanlar\u0131n\u0131n birle\u015fimlerinde, makine, vin\u00e7 montaj kaidelerinde, \u00e7elik kolonlar\u0131n temele sabitlenmesinde kullan\u0131l\u0131r.<\/p>\n<\/div><\/div><\/div><\/section>\n<section class='av_toggle_section av-mgjrb4qf-ce789042389bb4e9db425f72c8e280d9'  itemscope=\"itemscope\" itemtype=\"https:\/\/schema.org\/CreativeWork\" ><div role=\"tablist\" class=\"single_toggle\" data-tags=\"{T\u00fcm\u00fc} \"  ><h6 id='toggle-toggle-id-2' data-fake-id='#toggle-id-2' class='toggler  av-title-above '  itemprop=\"headline\"  role='tab' tabindex='0' aria-controls='toggle-id-2' data-slide-speed=\"200\" data-title=\"PERFORMANS B\u0130LG\u0130LER\u0130\" data-title-open=\"\" data-aria_collapsed=\"Click to expand: PERFORMANS B\u0130LG\u0130LER\u0130\" data-aria_expanded=\"Click to collapse: PERFORMANS B\u0130LG\u0130LER\u0130\">PERFORMANS B\u0130LG\u0130LER\u0130<span class=\"toggle_icon\"><span class=\"vert_icon\"><\/span><span class=\"hor_icon\"><\/span><\/span><\/h6><div id='toggle-id-2' aria-labelledby='toggle-toggle-id-2' role='region' class='toggle_wrap  av-title-above'  ><div class='toggle_content invers-color '  itemprop=\"text\" ><table>\n<tbody>\n<tr>\n<td width=\"274\"><strong>TEST<\/strong><\/td>\n<td width=\"170\"><strong>DE\u011eER<\/strong><\/td>\n<td width=\"161\"><strong>STANDART<\/strong><\/td>\n<\/tr>\n<tr>\n<td width=\"274\"><strong>Bas\u0131n\u00e7 dayan\u0131m\u0131 2. saat<\/strong><\/td>\n<td width=\"170\"><strong>\u2265 3 N\/mm2 Mpa<\/strong><\/td>\n<td width=\"161\"><strong>TS EN 12190<\/strong><\/td>\n<\/tr>\n<tr>\n<td width=\"274\"><strong>Bas\u0131n\u00e7 dayan\u0131m\u0131 28. G\u00fcn<\/strong><\/td>\n<td width=\"170\"><strong>\u2265 45 N\/mm2 Mpa<\/strong><\/td>\n<td width=\"161\"><strong>TS EN 12190<\/strong><\/td>\n<\/tr>\n<tr>\n<td width=\"274\"><strong>E\u011filme mukavemeti 28. G\u00fcn<\/strong><\/td>\n<td width=\"170\"><strong>\u2265 9 N\/mm2 Mpa<\/strong><\/td>\n<td width=\"161\"><strong>TS EN 12190<\/strong><\/td>\n<\/tr>\n<tr>\n<td width=\"274\"><strong>Yap\u0131\u015ft\u0131rma suretiyle olu\u015fmu\u015f ba\u011fDayan\u0131m\u0131 28. G\u00fcn<\/strong><\/td>\n<td width=\"170\"><strong>\u2265 2 Mpa<\/strong><\/td>\n<td width=\"161\"><strong>TS EN 1542<\/strong><\/td>\n<\/tr>\n<tr>\n<td width=\"274\"><strong>S\u0131n\u0131rland\u0131r\u0131lm\u0131\u015f b\u00fcz\u00fclme\/genle\u015fme<\/strong><\/td>\n<td width=\"170\"><strong>\u2265 2 Mpa<\/strong><\/td>\n<td width=\"161\"><strong>TS EN 12617-4<\/strong><\/td>\n<\/tr>\n<tr>\n<td width=\"274\"><strong>Karbonatla\u015fmaya diren\u00e7<\/strong><\/td>\n<td width=\"170\"><strong>dk \u2264 kontrol betonu<\/strong><\/td>\n<td width=\"161\"><strong>TS EN 13295<\/strong><\/td>\n<\/tr>\n<tr>\n<td width=\"274\"><strong>Klor\u00fcr iyonu i\u00e7eri\u011fi<\/strong><\/td>\n<td width=\"170\"><strong>\u2264 % 0,05<\/strong><\/td>\n<td width=\"161\"><strong>TS EN 1015-17<\/strong><\/td>\n<\/tr>\n<\/tbody>\n<\/table>\n<p>Bu de\u011ferler laboratuvar \u015fartlar\u0131nda; 23 \u00b1 2\u00b0C ve %50 \u00b1 5 ba\u011f\u0131l nem ortam\u0131nda yap\u0131lan deneyler sonucunda elde edilmi\u015ftir. Tabloda verilen de\u011ferler y\u00fczey ve ortam ko\u015fullar\u0131na g\u00f6re farkl\u0131l\u0131k g\u00f6sterebilir.<\/p>\n<\/div><\/div><\/div><\/section>\n<section class='av_toggle_section av-mgjrbaep-43b58f35cb1d50bb808443e8b5aba302'  itemscope=\"itemscope\" itemtype=\"https:\/\/schema.org\/CreativeWork\" ><div role=\"tablist\" class=\"single_toggle\" data-tags=\"{T\u00fcm\u00fc} \"  ><h6 id='toggle-toggle-id-3' data-fake-id='#toggle-id-3' class='toggler  av-title-above '  itemprop=\"headline\"  role='tab' tabindex='0' aria-controls='toggle-id-3' data-slide-speed=\"200\" data-title=\"UYGULAMA SINIRLARI\" data-title-open=\"\" data-aria_collapsed=\"Click to expand: UYGULAMA SINIRLARI\" data-aria_expanded=\"Click to collapse: UYGULAMA SINIRLARI\">UYGULAMA SINIRLARI<span class=\"toggle_icon\"><span class=\"vert_icon\"><\/span><span class=\"hor_icon\"><\/span><\/span><\/h6><div id='toggle-id-3' aria-labelledby='toggle-toggle-id-3' role='region' class='toggle_wrap  av-title-above'  ><div class='toggle_content invers-color '  itemprop=\"text\" ><table>\n<tbody>\n<tr>\n<td width=\"274\"><strong>A\u00c7IKLAMA<\/strong><\/td>\n<td width=\"321\"><strong>S\u00dcRE<\/strong><\/td>\n<\/tr>\n<tr>\n<td width=\"274\"><strong>Haz\u0131rlanan harc\u0131n kullan\u0131labilme s\u00fcresi- Kap \u00f6mr\u00fc<\/strong><\/td>\n<td width=\"321\"><strong>Maksimum 30 dk.<\/strong><\/td>\n<\/tr>\n<tr>\n<td width=\"274\"><strong>Uygulama kal\u0131nl\u0131\u011f\u0131<\/strong><\/td>\n<td width=\"321\"><strong>Minimum 10 mm- Maksimum 70 mm (tek katta)<\/strong><\/td>\n<\/tr>\n<tr>\n<td width=\"274\"><strong>Katlar aras\u0131 bekleme s\u00fcresi<\/strong><\/td>\n<td width=\"321\"><strong>1 saat<\/strong><\/td>\n<\/tr>\n<tr>\n<td width=\"274\"><strong>Servise a\u00e7\u0131lma s\u00fcresi<\/strong><\/td>\n<td width=\"321\"><strong>2 saat<\/strong><\/td>\n<\/tr>\n<tr>\n<td width=\"274\"><strong>Tam k\u00fcrlenme s\u00fcresi<\/strong><\/td>\n<td width=\"321\"><strong>28 g\u00fcn<\/strong><\/td>\n<\/tr>\n<\/tbody>\n<\/table>\n<p>Bu de\u011ferler laboratuvar \u015fartlar\u0131nda; 23 \u00b1 2\u00b0C ve %50 \u00b1 5 ba\u011f\u0131l nem ortam\u0131nda yap\u0131lan deneyler sonucunda elde edilmi\u015ftir. Tabloda verilen de\u011ferler y\u00fczey ve ortam ko\u015fullar\u0131na g\u00f6re farkl\u0131l\u0131k g\u00f6sterebilir.<\/p>\n<\/div><\/div><\/div><\/section>\n<section class='av_toggle_section av-mgjrbv0a-a95ca7769b687c629a260d26531c6d53'  itemscope=\"itemscope\" itemtype=\"https:\/\/schema.org\/CreativeWork\" ><div role=\"tablist\" class=\"single_toggle\" data-tags=\"{T\u00fcm\u00fc} \"  ><h6 id='toggle-toggle-id-4' data-fake-id='#toggle-id-4' class='toggler  av-title-above '  itemprop=\"headline\"  role='tab' tabindex='0' aria-controls='toggle-id-4' data-slide-speed=\"200\" data-title=\"REFERANS STANDARTLARI\" data-title-open=\"\" data-aria_collapsed=\"Click to expand: REFERANS STANDARTLARI\" data-aria_expanded=\"Click to collapse: REFERANS STANDARTLARI\">REFERANS STANDARTLARI<span class=\"toggle_icon\"><span class=\"vert_icon\"><\/span><span class=\"hor_icon\"><\/span><\/span><\/h6><div id='toggle-id-4' aria-labelledby='toggle-toggle-id-4' role='region' class='toggle_wrap  av-title-above'  ><div class='toggle_content invers-color '  itemprop=\"text\" ><p><strong>Onaylar\/Standartlar:<\/strong><br \/>\nTS EN 1504-3<\/p>\n<p><strong>Bay\u0131nd\u0131rl\u0131k Bak. Poz No.:<\/strong><br \/>\nBay\u0131nd\u0131rl\u0131k Bak. Poz No.: 10.300.2073<\/p>\n<\/div><\/div><\/div><\/section>\n<\/div><\/p>\n","protected":false},"excerpt":{"rendered":"","protected":false},"featured_media":4844,"comment_status":"closed","ping_status":"closed","template":"","meta":{"_acf_changed":false},"product_brand":[],"product_cat":[61],"product_tag":[],"class_list":{"0":"post-4843","1":"product","2":"type-product","3":"status-publish","4":"has-post-thumbnail","6":"product_cat-tamir_harclari","8":"first","9":"instock","10":"shipping-taxable","11":"product-type-simple"},"acf":[],"_links":{"self":[{"href":"https:\/\/www.kyk.com.tr\/index.php?rest_route=\/wp\/v2\/product\/4843","targetHints":{"allow":["GET"]}}],"collection":[{"href":"https:\/\/www.kyk.com.tr\/index.php?rest_route=\/wp\/v2\/product"}],"about":[{"href":"https:\/\/www.kyk.com.tr\/index.php?rest_route=\/wp\/v2\/types\/product"}],"replies":[{"embeddable":true,"href":"https:\/\/www.kyk.com.tr\/index.php?rest_route=%2Fwp%2Fv2%2Fcomments&post=4843"}],"wp:featuredmedia":[{"embeddable":true,"href":"https:\/\/www.kyk.com.tr\/index.php?rest_route=\/wp\/v2\/media\/4844"}],"wp:attachment":[{"href":"https:\/\/www.kyk.com.tr\/index.php?rest_route=%2Fwp%2Fv2%2Fmedia&parent=4843"}],"wp:term":[{"taxonomy":"product_brand","embeddable":true,"href":"https:\/\/www.kyk.com.tr\/index.php?rest_route=%2Fwp%2Fv2%2Fproduct_brand&post=4843"},{"taxonomy":"product_cat","embeddable":true,"href":"https:\/\/www.kyk.com.tr\/index.php?rest_route=%2Fwp%2Fv2%2Fproduct_cat&post=4843"},{"taxonomy":"product_tag","embeddable":true,"href":"https:\/\/www.kyk.com.tr\/index.php?rest_route=%2Fwp%2Fv2%2Fproduct_tag&post=4843"}],"curies":[{"name":"wp","href":"https:\/\/api.w.org\/{rel}","templated":true}]}}