{"id":4873,"date":"2025-05-10T19:50:38","date_gmt":"2025-05-10T19:50:38","guid":{"rendered":"https:\/\/www.kyk.center\/?post_type=product&#038;p=4873"},"modified":"2026-04-28T09:31:18","modified_gmt":"2026-04-28T09:31:18","slug":"megatamir-t902","status":"publish","type":"product","link":"https:\/\/www.kyk.com.tr\/?product=megatamir-t902","title":{"rendered":"MegaTamir T902"},"content":{"rendered":"<div  class='flex_column av-8121yh-88bd14fb138cf68152f5d01652ac9a62 av_one_third  avia-builder-el-0  el_before_av_one_half  avia-builder-el-first  first flex_column_div  '     ><style type=\"text\/css\" data-created_by=\"avia_inline_auto\" id=\"style-css-av-mgjspmiw-a5d199e1ec3c6a242386adad4439b041\">\n.avia-image-container.av-mgjspmiw-a5d199e1ec3c6a242386adad4439b041 img.avia_image{\nbox-shadow:none;\n}\n.avia-image-container.av-mgjspmiw-a5d199e1ec3c6a242386adad4439b041 .av-image-caption-overlay-center{\ncolor:#ffffff;\n}\n<\/style>\n<div  class='avia-image-container av-mgjspmiw-a5d199e1ec3c6a242386adad4439b041 av-styling- avia-align-center  avia-builder-el-1  avia-builder-el-no-sibling '   itemprop=\"image\" itemscope=\"itemscope\" itemtype=\"https:\/\/schema.org\/ImageObject\" ><div class=\"avia-image-container-inner\"><div class=\"avia-image-overlay-wrap\"><img decoding=\"async\" fetchpriority=\"high\" class='wp-image-4874 avia-img-lazy-loading-not-4874 avia_image ' src=\"https:\/\/www.kyk.com.tr\/wp-content\/uploads\/2025\/05\/t902.png\" alt='' title='MegaTamir T902'  height=\"320\" width=\"320\"  itemprop=\"thumbnailUrl\" srcset=\"https:\/\/www.kyk.com.tr\/wp-content\/uploads\/2025\/05\/t902.png 320w, https:\/\/www.kyk.com.tr\/wp-content\/uploads\/2025\/05\/t902-300x300.png 300w, https:\/\/www.kyk.com.tr\/wp-content\/uploads\/2025\/05\/t902-100x100.png 100w, https:\/\/www.kyk.com.tr\/wp-content\/uploads\/2025\/05\/t902-80x80.png 80w, https:\/\/www.kyk.com.tr\/wp-content\/uploads\/2025\/05\/t902-36x36.png 36w, https:\/\/www.kyk.com.tr\/wp-content\/uploads\/2025\/05\/t902-180x180.png 180w, https:\/\/www.kyk.com.tr\/wp-content\/uploads\/2025\/05\/t902-120x120.png 120w, https:\/\/www.kyk.com.tr\/wp-content\/uploads\/2025\/05\/t902-96x96.png 96w\" sizes=\"(max-width: 320px) 100vw, 320px\" \/><\/div><\/div><\/div><\/div>\n<div  class='flex_column av-iuort-2cbc211dd30795c7d355e7a1c7eb6b30 av_one_half  avia-builder-el-2  el_after_av_one_third  el_before_av_two_third  flex_column_div  '     ><section  class='av_textblock_section av-mgjspuzv-4ea319d73f3c6f71769d9d3ec0d33810 '   itemscope=\"itemscope\" itemtype=\"https:\/\/schema.org\/CreativeWork\" ><div class='avia_textblock'  itemprop=\"text\" ><h1>MegaTamir T902<\/h1>\n<\/div><\/section><br \/>\n\n<style type=\"text\/css\" data-created_by=\"avia_inline_auto\" id=\"style-css-av-mgjsq5ef-719bdf8095149dcc0f2a3cf990c3f716\">\n#top .av_textblock_section.av-mgjsq5ef-719bdf8095149dcc0f2a3cf990c3f716 .avia_textblock{\nfont-size:14px;\n}\n<\/style>\n<section  class='av_textblock_section av-mgjsq5ef-719bdf8095149dcc0f2a3cf990c3f716 '   itemscope=\"itemscope\" itemtype=\"https:\/\/schema.org\/CreativeWork\" ><div class='avia_textblock'  itemprop=\"text\" ><p><strong>Epoksi akrilat esasl\u0131, \u00e7ift bile\u015fenli, h\u0131zl\u0131 priz alan, y\u00fcksek performansl\u0131, stiren i\u00e7ermeyen, kimyasal dayan\u0131m\u0131 y\u00fcksek ankraj ve montaj malzemesidir.<\/strong><\/p>\n<\/div><\/section><\/p><\/div>\n<div  class='flex_column av-4hid15-591ca4376bb3aa504a9960f7a63ceca0 av_two_third  avia-builder-el-5  el_after_av_one_half  el_before_av_one_third  first flex_column_div  column-top-margin'     ><section  class='av_textblock_section av-mgjsqm4b-85298defb09fc75dcd07e89ee153b84e '   itemscope=\"itemscope\" itemtype=\"https:\/\/schema.org\/CreativeWork\" ><div class='avia_textblock'  itemprop=\"text\" ><h4>\u00a0 \u00a0 \u00dcR\u00dcN AVANTAJLARI<\/h4>\n<\/div><\/section><br \/>\n\n<style type=\"text\/css\" data-created_by=\"avia_inline_auto\" id=\"style-css-av-mgjss630-f638fa39086703e212a410eea92cf285\">\n#top .av_textblock_section.av-mgjss630-f638fa39086703e212a410eea92cf285 .avia_textblock{\nfont-size:14px;\n}\n<\/style>\n<section  class='av_textblock_section av-mgjss630-f638fa39086703e212a410eea92cf285 '   itemscope=\"itemscope\" itemtype=\"https:\/\/schema.org\/CreativeWork\" ><div class='avia_textblock'  itemprop=\"text\" ><ul>\n<li>H\u0131zl\u0131 k\u00fcrlenir.<\/li>\n<li>Kimyasallara kar\u015f\u0131 dayan\u0131m\u0131 y\u00fcksektir.<\/li>\n<li>D\u00fcz ve bo\u015fluklu yap\u0131lardaki \u00e7ubuklar ve takviye \u00e7ubuklar\u0131 i\u00e7in uygundur.<\/li>\n<li>Rengini korur.<\/li>\n<li>Tiksotropiktir.<\/li>\n<li>Standart silikon tabancas\u0131 ile kullan\u0131labilir.<\/li>\n<li>Stiren i\u00e7ermez ve \u00e7ok d\u00fc\u015f\u00fck kokuludur.<\/li>\n<li>Ekstr\u00fczyonu ve enjekte edilmesi kolayd\u0131r.<\/li>\n<\/ul>\n<\/div><\/section><\/p><\/div>\n<div  class='flex_column av-a5rc9-0c754384232aa44e409e9611c1d29abf av_one_third  avia-builder-el-8  el_after_av_two_third  el_before_av_toggle_container  flex_column_div  column-top-margin'     ><section  class='av_textblock_section av-mgjssgf9-253446076e6b73ac704bc6d707d470a2 '   itemscope=\"itemscope\" itemtype=\"https:\/\/schema.org\/CreativeWork\" ><div class='avia_textblock'  itemprop=\"text\" ><h4>TEKN\u0130K BELGELER<\/h4>\n<\/div><\/section><br \/>\n<section  class='av_textblock_section av-mgjssnmx-a994ed8b6f28a76aaa1dc6d7695246fb '   itemscope=\"itemscope\" itemtype=\"https:\/\/schema.org\/CreativeWork\" ><div class='avia_textblock'  itemprop=\"text\" ><p><a href=\"https:\/\/www.kyk.com.tr\/wp-content\/uploads\/2026\/04\/t902_tds.pdf\" target=\"_blank\" rel=\"noopener\"><img loading=\"lazy\" decoding=\"async\" class=\"alignnone wp-image-8657 size-full\" src=\"https:\/\/www.kyk.com.tr\/wp-content\/uploads\/2025\/10\/TDS_1.jpg\" alt=\"\" width=\"410\" height=\"41\" srcset=\"https:\/\/www.kyk.com.tr\/wp-content\/uploads\/2025\/10\/TDS_1.jpg 410w, https:\/\/www.kyk.com.tr\/wp-content\/uploads\/2025\/10\/TDS_1-300x30.jpg 300w\" sizes=\"auto, (max-width: 410px) 100vw, 410px\" \/><\/a><br \/>\n<a href=\"https:\/\/www.kyk.com.tr\/wp-content\/uploads\/2025\/10\/t902_msds.pdf\" target=\"_blank\" rel=\"noopener\"><img loading=\"lazy\" decoding=\"async\" class=\"alignnone size-full wp-image-8656\" src=\"https:\/\/www.kyk.com.tr\/wp-content\/uploads\/2025\/10\/MSDS_1.jpg\" alt=\"\" width=\"410\" height=\"41\" srcset=\"https:\/\/www.kyk.com.tr\/wp-content\/uploads\/2025\/10\/MSDS_1.jpg 410w, https:\/\/www.kyk.com.tr\/wp-content\/uploads\/2025\/10\/MSDS_1-300x30.jpg 300w\" sizes=\"auto, (max-width: 410px) 100vw, 410px\" \/><\/a><br \/>\n<a href=\"https:\/\/www.kyk.com.tr\/?sdm_process_download=1&amp;download_id=9404\" target=\"_blank\" rel=\"noopener\"><img loading=\"lazy\" decoding=\"async\" class=\"alignnone size-full wp-image-8656\" src=\"https:\/\/www.kyk.com.tr\/wp-content\/uploads\/2025\/10\/CE.jpg\" alt=\"\" width=\"410\" height=\"41\" \/><\/a><\/p>\n<\/div><\/section><\/p><\/div>\n<style type=\"text\/css\" data-created_by=\"avia_inline_auto\" id=\"style-css-av-mgjsw45k-def7bab7232f95131f066287d639cf0a\">\n#top .togglecontainer.av-mgjsw45k-def7bab7232f95131f066287d639cf0a h6.toggler{\nfont-size:17px;\ncolor:#003e73;\n}\n#top .togglecontainer.av-mgjsw45k-def7bab7232f95131f066287d639cf0a h6.toggler .toggle_icon{\ncolor:#003e73;\nborder-color:#003e73;\n}\n#top .togglecontainer.av-mgjsw45k-def7bab7232f95131f066287d639cf0a h6.toggler .toggle_icon > span{\ncolor:#003e73;\nborder-color:#003e73;\n}\n#top .togglecontainer.av-mgjsw45k-def7bab7232f95131f066287d639cf0a .toggle_wrap .toggle_content{\nfont-size:14px;\ncolor:#003e73;\n}\n<\/style>\n<div  class='togglecontainer av-mgjsw45k-def7bab7232f95131f066287d639cf0a av-minimal-toggle  avia-builder-el-11  el_after_av_one_third  avia-builder-el-last  toggle_close_all' >\n<section class='av_toggle_section av-mgjst4yq-7baefc4fb4e8881a6a748b5f32cdef63'  itemscope=\"itemscope\" itemtype=\"https:\/\/schema.org\/CreativeWork\" ><div role=\"tablist\" class=\"single_toggle\" data-tags=\"{T\u00fcm\u00fc} \"  ><h6 id='toggle-toggle-id-1' data-fake-id='#toggle-id-1' class='toggler  av-title-above '  itemprop=\"headline\"  role='tab' tabindex='0' aria-controls='toggle-id-1' data-slide-speed=\"200\" data-title=\"KULLANIM ALANLARI\" data-title-open=\"\" data-aria_collapsed=\"Click to expand: KULLANIM ALANLARI\" data-aria_expanded=\"Click to collapse: KULLANIM ALANLARI\">KULLANIM ALANLARI<span class=\"toggle_icon\"><span class=\"vert_icon\"><\/span><span class=\"hor_icon\"><\/span><\/span><\/h6><div id='toggle-id-1' aria-labelledby='toggle-toggle-id-1' role='region' class='toggle_wrap  av-title-above'  ><div class='toggle_content invers-color '  itemprop=\"text\" ><p><strong>MegaTamir T902<\/strong>; \u0130\u00e7 ve d\u0131\u015f mek\u00e2nlarda, yatay ve d\u00fc\u015fey y\u00fczeylerde,<\/p>\n<p>Masif ta\u015f ve betonda a\u011f\u0131r y\u00fck ta\u015f\u0131ma ata\u015fmanlar\u0131nda, beton \u00fczerine demir donat\u0131 ekiminde, c\u0131vata, d\u00fcbel ve metrik rotlar\u0131n ankrajlanmas\u0131nda, di\u015fil bilezikler, takviye \u00e7ubuklar\u0131, profillerin ankrajlanmas\u0131nda, a\u011f\u0131r ve orta y\u00fcke maruz kalan ankraj ve montaj uygulamalar\u0131nda kullan\u0131l\u0131r. \u0130\u00e7 ve d\u0131\u015f mek\u00e2nlarda, yatay ve d\u00fc\u015fey y\u00fczeylerde kullan\u0131ma uygundur.<\/p>\n<\/div><\/div><\/div><\/section>\n<section class='av_toggle_section av-mgjsu6k2-a7fc743d322626952e91aaf5f9389723'  itemscope=\"itemscope\" itemtype=\"https:\/\/schema.org\/CreativeWork\" ><div role=\"tablist\" class=\"single_toggle\" data-tags=\"{T\u00fcm\u00fc} \"  ><h6 id='toggle-toggle-id-2' data-fake-id='#toggle-id-2' class='toggler  av-title-above '  itemprop=\"headline\"  role='tab' tabindex='0' aria-controls='toggle-id-2' data-slide-speed=\"200\" data-title=\"PERFORMANS B\u0130LG\u0130LER\u0130\" data-title-open=\"\" data-aria_collapsed=\"Click to expand: PERFORMANS B\u0130LG\u0130LER\u0130\" data-aria_expanded=\"Click to collapse: PERFORMANS B\u0130LG\u0130LER\u0130\">PERFORMANS B\u0130LG\u0130LER\u0130<span class=\"toggle_icon\"><span class=\"vert_icon\"><\/span><span class=\"hor_icon\"><\/span><\/span><\/h6><div id='toggle-id-2' aria-labelledby='toggle-toggle-id-2' role='region' class='toggle_wrap  av-title-above'  ><div class='toggle_content invers-color '  itemprop=\"text\" ><table width=\"435\">\n<tbody>\n<tr>\n<td width=\"123\"><strong>F\u0130L\u0130Z \u00c7API (mm)<\/strong><\/td>\n<td width=\"170\"><strong>M\u0130N\u0130MUM DEL\u0130K \u00c7API (mm)<\/strong><\/td>\n<td width=\"142\"><strong>DEL\u0130K DER\u0130NL\u0130\u011e\u0130 (mm)<\/strong><\/td>\n<\/tr>\n<tr>\n<td width=\"123\"><strong>8<\/strong><\/td>\n<td width=\"170\"><strong>10<\/strong><\/td>\n<td width=\"142\"><strong>80<\/strong><\/td>\n<\/tr>\n<tr>\n<td width=\"123\"><strong>10<\/strong><\/td>\n<td width=\"170\"><strong>12<\/strong><\/td>\n<td width=\"142\"><strong>90<\/strong><\/td>\n<\/tr>\n<tr>\n<td width=\"123\"><strong>12<\/strong><\/td>\n<td width=\"170\"><strong>14<\/strong><\/td>\n<td width=\"142\"><strong>110<\/strong><\/td>\n<\/tr>\n<tr>\n<td width=\"123\"><strong>16<\/strong><\/td>\n<td width=\"170\"><strong>18<\/strong><\/td>\n<td width=\"142\"><strong>125<\/strong><\/td>\n<\/tr>\n<tr>\n<td width=\"123\"><strong>20<\/strong><\/td>\n<td width=\"170\"><strong>24<\/strong><\/td>\n<td width=\"142\"><strong>170<\/strong><\/td>\n<\/tr>\n<tr>\n<td width=\"123\"><strong>24<\/strong><\/td>\n<td width=\"170\"><strong>28<\/strong><\/td>\n<td width=\"142\"><strong>210<\/strong><\/td>\n<\/tr>\n<\/tbody>\n<\/table>\n<\/div><\/div><\/div><\/section>\n<section class='av_toggle_section av-mgjsur4x-16fac643e6f0976082a403de08b44d55'  itemscope=\"itemscope\" itemtype=\"https:\/\/schema.org\/CreativeWork\" ><div role=\"tablist\" class=\"single_toggle\" data-tags=\"{T\u00fcm\u00fc} \"  ><h6 id='toggle-toggle-id-3' data-fake-id='#toggle-id-3' class='toggler  av-title-above '  itemprop=\"headline\"  role='tab' tabindex='0' aria-controls='toggle-id-3' data-slide-speed=\"200\" data-title=\"UYGULAMA SINIRLARI\" data-title-open=\"\" data-aria_collapsed=\"Click to expand: UYGULAMA SINIRLARI\" data-aria_expanded=\"Click to collapse: UYGULAMA SINIRLARI\">UYGULAMA SINIRLARI<span class=\"toggle_icon\"><span class=\"vert_icon\"><\/span><span class=\"hor_icon\"><\/span><\/span><\/h6><div id='toggle-id-3' aria-labelledby='toggle-toggle-id-3' role='region' class='toggle_wrap  av-title-above'  ><div class='toggle_content invers-color '  itemprop=\"text\" ><p><strong>Tam k\u00fcrlenme s\u00fcresi: 20 \u00b0C\u2019de 7 g\u00fcn<\/strong><\/p>\n<table width=\"346\">\n<tbody>\n<tr>\n<td width=\"101\"><strong>SICAKLIK (\u02daC)<\/strong><\/td>\n<td width=\"125\"><strong>KULLANMA ZAMANI (dk.)<\/strong><\/td>\n<td width=\"120\"><strong>K\u00dcRLENME ZAMANI (dk.)<\/strong><\/td>\n<\/tr>\n<tr>\n<td width=\"101\"><strong>5<\/strong><\/td>\n<td width=\"125\"><strong>25<\/strong><\/td>\n<td width=\"120\"><strong>120<\/strong><\/td>\n<\/tr>\n<tr>\n<td width=\"101\"><strong>10<\/strong><\/td>\n<td width=\"125\"><strong>15<\/strong><\/td>\n<td width=\"120\"><strong>80<\/strong><\/td>\n<\/tr>\n<tr>\n<td width=\"101\"><strong>20<\/strong><\/td>\n<td width=\"125\"><strong>6<\/strong><\/td>\n<td width=\"120\"><strong>45<\/strong><\/td>\n<\/tr>\n<tr>\n<td width=\"101\"><strong>30<\/strong><\/td>\n<td width=\"125\"><strong>4<\/strong><\/td>\n<td width=\"120\"><strong>25<\/strong><\/td>\n<\/tr>\n<tr>\n<td width=\"101\"><strong>35<\/strong><\/td>\n<td width=\"125\"><strong>2<\/strong><\/td>\n<td width=\"120\"><strong>15<\/strong><\/td>\n<\/tr>\n<\/tbody>\n<\/table>\n<\/div><\/div><\/div><\/section>\n<section class='av_toggle_section av-mgjsvbbs-e39911bb81425d4950b2cf94d3a87182'  itemscope=\"itemscope\" itemtype=\"https:\/\/schema.org\/CreativeWork\" ><div role=\"tablist\" class=\"single_toggle\" data-tags=\"{T\u00fcm\u00fc} \"  ><h6 id='toggle-toggle-id-4' data-fake-id='#toggle-id-4' class='toggler  av-title-above '  itemprop=\"headline\"  role='tab' tabindex='0' aria-controls='toggle-id-4' data-slide-speed=\"200\" data-title=\"REFERANS STANDARTLARI\" data-title-open=\"\" data-aria_collapsed=\"Click to expand: REFERANS STANDARTLARI\" data-aria_expanded=\"Click to collapse: REFERANS STANDARTLARI\">REFERANS STANDARTLARI<span class=\"toggle_icon\"><span class=\"vert_icon\"><\/span><span class=\"hor_icon\"><\/span><\/span><\/h6><div id='toggle-id-4' aria-labelledby='toggle-toggle-id-4' role='region' class='toggle_wrap  av-title-above'  ><div class='toggle_content invers-color '  itemprop=\"text\" ><p><strong>Onaylar\/Standartlar:<\/strong><br \/>\nTS EN 1504-3<\/p>\n<\/div><\/div><\/div><\/section>\n<\/div><\/p>\n","protected":false},"excerpt":{"rendered":"","protected":false},"featured_media":4874,"comment_status":"closed","ping_status":"closed","template":"","meta":{"_acf_changed":false},"product_brand":[],"product_cat":[61],"product_tag":[],"class_list":{"0":"post-4873","1":"product","2":"type-product","3":"status-publish","4":"has-post-thumbnail","6":"product_cat-tamir_harclari","8":"first","9":"instock","10":"shipping-taxable","11":"product-type-simple"},"acf":[],"_links":{"self":[{"href":"https:\/\/www.kyk.com.tr\/index.php?rest_route=\/wp\/v2\/product\/4873","targetHints":{"allow":["GET"]}}],"collection":[{"href":"https:\/\/www.kyk.com.tr\/index.php?rest_route=\/wp\/v2\/product"}],"about":[{"href":"https:\/\/www.kyk.com.tr\/index.php?rest_route=\/wp\/v2\/types\/product"}],"replies":[{"embeddable":true,"href":"https:\/\/www.kyk.com.tr\/index.php?rest_route=%2Fwp%2Fv2%2Fcomments&post=4873"}],"wp:featuredmedia":[{"embeddable":true,"href":"https:\/\/www.kyk.com.tr\/index.php?rest_route=\/wp\/v2\/media\/4874"}],"wp:attachment":[{"href":"https:\/\/www.kyk.com.tr\/index.php?rest_route=%2Fwp%2Fv2%2Fmedia&parent=4873"}],"wp:term":[{"taxonomy":"product_brand","embeddable":true,"href":"https:\/\/www.kyk.com.tr\/index.php?rest_route=%2Fwp%2Fv2%2Fproduct_brand&post=4873"},{"taxonomy":"product_cat","embeddable":true,"href":"https:\/\/www.kyk.com.tr\/index.php?rest_route=%2Fwp%2Fv2%2Fproduct_cat&post=4873"},{"taxonomy":"product_tag","embeddable":true,"href":"https:\/\/www.kyk.com.tr\/index.php?rest_route=%2Fwp%2Fv2%2Fproduct_tag&post=4873"}],"curies":[{"name":"wp","href":"https:\/\/api.w.org\/{rel}","templated":true}]}}