{"id":4885,"date":"2025-05-10T20:02:44","date_gmt":"2025-05-10T20:02:44","guid":{"rendered":"https:\/\/www.kyk.center\/?post_type=product&#038;p=4885"},"modified":"2026-04-27T08:57:12","modified_gmt":"2026-04-27T08:57:12","slug":"megazemin-z101","status":"publish","type":"product","link":"https:\/\/www.kyk.com.tr\/?product=megazemin-z101","title":{"rendered":"MegaZemin Z101"},"content":{"rendered":"<div  class='flex_column av-76kg2t-deb22467c7eb3a65b9d4b9deafe8b3b9 av_one_third  avia-builder-el-0  el_before_av_one_half  avia-builder-el-first  first flex_column_div  '     ><style type=\"text\/css\" data-created_by=\"avia_inline_auto\" id=\"style-css-av-mgkldahf-e86b15d21ee67ab1aac57f1f5365d8ce\">\n.avia-image-container.av-mgkldahf-e86b15d21ee67ab1aac57f1f5365d8ce img.avia_image{\nbox-shadow:none;\n}\n.avia-image-container.av-mgkldahf-e86b15d21ee67ab1aac57f1f5365d8ce .av-image-caption-overlay-center{\ncolor:#ffffff;\n}\n<\/style>\n<div  class='avia-image-container av-mgkldahf-e86b15d21ee67ab1aac57f1f5365d8ce av-styling- avia-align-center  avia-builder-el-1  avia-builder-el-no-sibling '   itemprop=\"image\" itemscope=\"itemscope\" itemtype=\"https:\/\/schema.org\/ImageObject\" ><div class=\"avia-image-container-inner\"><div class=\"avia-image-overlay-wrap\"><img decoding=\"async\" fetchpriority=\"high\" class='wp-image-4886 avia-img-lazy-loading-not-4886 avia_image ' src=\"https:\/\/www.kyk.com.tr\/wp-content\/uploads\/2025\/05\/z101.png\" alt='' title='MegaZemin Z101'  height=\"320\" width=\"320\"  itemprop=\"thumbnailUrl\" srcset=\"https:\/\/www.kyk.com.tr\/wp-content\/uploads\/2025\/05\/z101.png 320w, https:\/\/www.kyk.com.tr\/wp-content\/uploads\/2025\/05\/z101-300x300.png 300w, https:\/\/www.kyk.com.tr\/wp-content\/uploads\/2025\/05\/z101-100x100.png 100w, https:\/\/www.kyk.com.tr\/wp-content\/uploads\/2025\/05\/z101-80x80.png 80w, https:\/\/www.kyk.com.tr\/wp-content\/uploads\/2025\/05\/z101-36x36.png 36w, https:\/\/www.kyk.com.tr\/wp-content\/uploads\/2025\/05\/z101-180x180.png 180w, https:\/\/www.kyk.com.tr\/wp-content\/uploads\/2025\/05\/z101-120x120.png 120w, https:\/\/www.kyk.com.tr\/wp-content\/uploads\/2025\/05\/z101-96x96.png 96w\" sizes=\"(max-width: 320px) 100vw, 320px\" \/><\/div><\/div><\/div><\/div>\n<div  class='flex_column av-5zl5x1-7813748c0d6c84c832396e6ff648fa77 av_one_half  avia-builder-el-2  el_after_av_one_third  el_before_av_two_third  flex_column_div  '     ><section  class='av_textblock_section av-mgkldjo9-a6dd4ba433e990c642eea55e29458382 '   itemscope=\"itemscope\" itemtype=\"https:\/\/schema.org\/CreativeWork\" ><div class='avia_textblock'  itemprop=\"text\" ><h1>MegaZemin Z101<\/h1>\n<\/div><\/section><br \/>\n\n<style type=\"text\/css\" data-created_by=\"avia_inline_auto\" id=\"style-css-av-mgkldvmi-fdd81b10493cc7ffe812b12cd8d28501\">\n#top .av_textblock_section.av-mgkldvmi-fdd81b10493cc7ffe812b12cd8d28501 .avia_textblock{\nfont-size:14px;\n}\n<\/style>\n<section  class='av_textblock_section av-mgkldvmi-fdd81b10493cc7ffe812b12cd8d28501 '   itemscope=\"itemscope\" itemtype=\"https:\/\/schema.org\/CreativeWork\" ><div class='avia_textblock'  itemprop=\"text\" ><p><strong>\u00c7imento esasl\u0131, kolay yay\u0131lan, zemin mukavemetini artt\u0131ran ve \u00f6zel katk\u0131 maddeleri i\u00e7eren y\u00fczey d\u00fczeltme \u015fap\u0131d\u0131r.<\/strong><\/p>\n<\/div><\/section><\/p><\/div>\n<div  class='flex_column av-3vkbol-96b422bbd20c633566ec7b3834dd4f5c av_two_third  avia-builder-el-5  el_after_av_one_half  el_before_av_one_third  first flex_column_div  column-top-margin'     ><section  class='av_textblock_section av-mgklem9n-1de6f6fbc9c985cd8e66347f0e8cc28b '   itemscope=\"itemscope\" itemtype=\"https:\/\/schema.org\/CreativeWork\" ><div class='avia_textblock'  itemprop=\"text\" ><h4>\u00a0 \u00a0 \u00dcR\u00dcN AVANTAJLARI<\/h4>\n<\/div><\/section><br \/>\n\n<style type=\"text\/css\" data-created_by=\"avia_inline_auto\" id=\"style-css-av-mgklfft5-a0ecccb2f72a858ae9029b3e0d59a05c\">\n#top .av_textblock_section.av-mgklfft5-a0ecccb2f72a858ae9029b3e0d59a05c .avia_textblock{\nfont-size:14px;\n}\n<\/style>\n<section  class='av_textblock_section av-mgklfft5-a0ecccb2f72a858ae9029b3e0d59a05c '   itemscope=\"itemscope\" itemtype=\"https:\/\/schema.org\/CreativeWork\" ><div class='avia_textblock'  itemprop=\"text\" ><ul>\n<li>Kuru agrega ilavesi ile 30 mm\u2019ye kadar y\u00fczey bozukluklar\u0131n\u0131n tesviyesinde kullan\u0131l\u0131r.<\/li>\n<li>Yerden \u0131s\u0131tmal\u0131 sistemlerde kullan\u0131ma uygundur.<\/li>\n<li>Y\u00fcksek yap\u0131\u015fma ve y\u00fczey direncine sahiptir.<\/li>\n<li>\u00c7atlama ve ayr\u0131\u015fma yapmaz.<\/li>\n<li>E\u011filme ve bas\u0131n\u00e7 dayan\u0131m\u0131 y\u00fcksektir.<\/li>\n<li>Kendili\u011finden tesviyelenerek d\u00fczg\u00fcn ve p\u00fcr\u00fczs\u00fcz bir y\u00fczey olu\u015fturur.<\/li>\n<li>Kolay haz\u0131rlan\u0131r ve uygulan\u0131r.<\/li>\n<\/ul>\n<\/div><\/section><\/p><\/div>\n<div  class='flex_column av-1tvi51-d74ac75d19fba70858f9dce12f3209c1 av_one_third  avia-builder-el-8  el_after_av_two_third  el_before_av_toggle_container  flex_column_div  column-top-margin'     ><section  class='av_textblock_section av-mgklfq01-e96a76d97d490ff411931d63462e32d4 '   itemscope=\"itemscope\" itemtype=\"https:\/\/schema.org\/CreativeWork\" ><div class='avia_textblock'  itemprop=\"text\" ><h4>TEKN\u0130K BELGELER<\/h4>\n<\/div><\/section><br \/>\n<section  class='av_textblock_section av-mgklg064-50eac9e23288b8cfd9a5f18b6b061eb3 '   itemscope=\"itemscope\" itemtype=\"https:\/\/schema.org\/CreativeWork\" ><div class='avia_textblock'  itemprop=\"text\" ><p><a href=\"https:\/\/www.kyk.com.tr\/wp-content\/uploads\/2026\/04\/z101_tds.pdf\" target=\"_blank\" rel=\"noopener\"><img loading=\"lazy\" decoding=\"async\" class=\"alignnone wp-image-8657 size-full\" src=\"https:\/\/www.kyk.com.tr\/wp-content\/uploads\/2025\/10\/TDS_1.jpg\" alt=\"\" width=\"410\" height=\"41\" srcset=\"https:\/\/www.kyk.com.tr\/wp-content\/uploads\/2025\/10\/TDS_1.jpg 410w, https:\/\/www.kyk.com.tr\/wp-content\/uploads\/2025\/10\/TDS_1-300x30.jpg 300w\" sizes=\"auto, (max-width: 410px) 100vw, 410px\" \/><\/a><br \/>\n<a href=\"https:\/\/www.kyk.com.tr\/wp-content\/uploads\/2025\/05\/z101_msds.pdf\" target=\"_blank\" rel=\"noopener\"><img loading=\"lazy\" decoding=\"async\" class=\"alignnone size-full wp-image-8656\" src=\"https:\/\/www.kyk.com.tr\/wp-content\/uploads\/2025\/10\/MSDS_1.jpg\" alt=\"\" width=\"410\" height=\"41\" srcset=\"https:\/\/www.kyk.com.tr\/wp-content\/uploads\/2025\/10\/MSDS_1.jpg 410w, https:\/\/www.kyk.com.tr\/wp-content\/uploads\/2025\/10\/MSDS_1-300x30.jpg 300w\" sizes=\"auto, (max-width: 410px) 100vw, 410px\" \/><\/a><br \/>\n<a href=\"https:\/\/www.kyk.com.tr\/?sdm_process_download=1&amp;download_id=9406\" target=\"_blank\" rel=\"noopener\"><img loading=\"lazy\" decoding=\"async\" class=\"alignnone wp-image-8657 size-full\" src=\"https:\/\/www.kyk.com.tr\/wp-content\/uploads\/2025\/10\/TSE.jpg\" alt=\"\" width=\"410\" height=\"41\" \/><\/a><br \/>\n<a href=\"https:\/\/www.kyk.com.tr\/?sdm_process_download=1&amp;download_id=9408\" target=\"_blank\" rel=\"noopener\"><img loading=\"lazy\" decoding=\"async\" class=\"alignnone size-full wp-image-8656\" src=\"https:\/\/www.kyk.com.tr\/wp-content\/uploads\/2025\/10\/CE.jpg\" alt=\"\" width=\"410\" height=\"41\" \/><\/a><\/p>\n<\/div><\/section><\/p><\/div>\n<style type=\"text\/css\" data-created_by=\"avia_inline_auto\" id=\"style-css-av-mgklklle-13a094aa8a1d2cd768451394ced3599b\">\n#top .togglecontainer.av-mgklklle-13a094aa8a1d2cd768451394ced3599b h6.toggler{\nfont-size:17px;\ncolor:#003e73;\n}\n#top .togglecontainer.av-mgklklle-13a094aa8a1d2cd768451394ced3599b h6.toggler .toggle_icon{\ncolor:#003e73;\nborder-color:#003e73;\n}\n#top .togglecontainer.av-mgklklle-13a094aa8a1d2cd768451394ced3599b h6.toggler .toggle_icon > span{\ncolor:#003e73;\nborder-color:#003e73;\n}\n#top .togglecontainer.av-mgklklle-13a094aa8a1d2cd768451394ced3599b .toggle_wrap .toggle_content{\nfont-size:14px;\ncolor:#003e73;\n}\n<\/style>\n<div  class='togglecontainer av-mgklklle-13a094aa8a1d2cd768451394ced3599b av-minimal-toggle  avia-builder-el-11  el_after_av_one_third  avia-builder-el-last  toggle_close_all' >\n<section class='av_toggle_section av-mgklgyf9-1308f0ccfa35e9c495a20198e83eff4d'  itemscope=\"itemscope\" itemtype=\"https:\/\/schema.org\/CreativeWork\" ><div role=\"tablist\" class=\"single_toggle\" data-tags=\"{T\u00fcm\u00fc} \"  ><h6 id='toggle-toggle-id-1' data-fake-id='#toggle-id-1' class='toggler  av-title-above '  itemprop=\"headline\"  role='tab' tabindex='0' aria-controls='toggle-id-1' data-slide-speed=\"200\" data-title=\"KULLANIM ALANLARI\" data-title-open=\"\" data-aria_collapsed=\"Click to expand: KULLANIM ALANLARI\" data-aria_expanded=\"Click to collapse: KULLANIM ALANLARI\">KULLANIM ALANLARI<span class=\"toggle_icon\"><span class=\"vert_icon\"><\/span><span class=\"hor_icon\"><\/span><\/span><\/h6><div id='toggle-id-1' aria-labelledby='toggle-toggle-id-1' role='region' class='toggle_wrap  av-title-above'  ><div class='toggle_content invers-color '  itemprop=\"text\" ><p><strong>MegaZemin Z101<\/strong>; yaya trafi\u011fine maruz kalan alanlarda, \u00e7imento esasl\u0131 y\u00fczeyler ve beton y\u00fczeyler \u00fczerine, yerden \u0131s\u0131tmal\u0131 sistemlerde, zemin kaplama malzemelerinin d\u00f6\u015fenmesinden \u00f6nce (seramik, pvc, hal\u0131, parke gibi) d\u00fczg\u00fcn ve homojen, y\u00fczey kalitesi y\u00fcksek bir zemin olu\u015fturulmas\u0131nda kullan\u0131l\u0131r. \u0130\u00e7 mekanlarda, yatay y\u00fczeylerde 3 &#8211; 10 mm aras\u0131ndaki bozukluklar\u0131n tesviyesinde kullan\u0131ma uygundur. Kuru agrega ilavesi ile 10 &#8211; 30 mm aras\u0131 y\u00fczey bozukluklar\u0131nda da kullan\u0131labilir.<\/p>\n<\/div><\/div><\/div><\/section>\n<section class='av_toggle_section av-mgklhqly-ed6829029c9eb904688efd2f9b656a57'  itemscope=\"itemscope\" itemtype=\"https:\/\/schema.org\/CreativeWork\" ><div role=\"tablist\" class=\"single_toggle\" data-tags=\"{T\u00fcm\u00fc} \"  ><h6 id='toggle-toggle-id-2' data-fake-id='#toggle-id-2' class='toggler  av-title-above '  itemprop=\"headline\"  role='tab' tabindex='0' aria-controls='toggle-id-2' data-slide-speed=\"200\" data-title=\"PERFORMANS B\u0130LG\u0130LER\u0130\" data-title-open=\"\" data-aria_collapsed=\"Click to expand: PERFORMANS B\u0130LG\u0130LER\u0130\" data-aria_expanded=\"Click to collapse: PERFORMANS B\u0130LG\u0130LER\u0130\">PERFORMANS B\u0130LG\u0130LER\u0130<span class=\"toggle_icon\"><span class=\"vert_icon\"><\/span><span class=\"hor_icon\"><\/span><\/span><\/h6><div id='toggle-id-2' aria-labelledby='toggle-toggle-id-2' role='region' class='toggle_wrap  av-title-above'  ><div class='toggle_content invers-color '  itemprop=\"text\" ><table width=\"595\">\n<tbody>\n<tr>\n<td width=\"208\"><strong>A\u00c7IKLAMA<\/strong><\/td>\n<td width=\"189\"><strong>DE\u011eER<\/strong><\/td>\n<td width=\"198\"><strong>STANDART<\/strong><\/td>\n<\/tr>\n<tr>\n<td width=\"208\"><strong>Bas\u0131n\u00e7 dayan\u0131m\u0131<\/strong><\/td>\n<td width=\"189\"><strong>\u2265 25 N\/mm<sup>2<\/sup><\/strong><\/td>\n<td width=\"198\"><strong>TS EN 13892 &#8211; 2<\/strong><\/td>\n<\/tr>\n<tr>\n<td width=\"208\"><strong>E\u011filme dayan\u0131m\u0131<\/strong><\/td>\n<td width=\"189\"><strong>\u2265 6 N\/mm<sup>2<\/sup><\/strong><\/td>\n<td width=\"198\"><strong>TS EN 13892 &#8211; 2<\/strong><\/td>\n<\/tr>\n<tr>\n<td width=\"208\"><strong>B\u00f6hme a\u015f\u0131nma direnci<\/strong><\/td>\n<td width=\"189\"><strong>22cm<sup>3<\/sup>\/50 cm<sup>2<\/sup><\/strong><\/td>\n<td width=\"198\"><strong>TS EN 13892-3<\/strong><\/td>\n<\/tr>\n<\/tbody>\n<\/table>\n<p>Bu de\u011ferler laboratuvar \u015fartlar\u0131nda; 23 \u00b1 2\u00b0C ve %50 \u00b1 5 ba\u011f\u0131l nem ortam\u0131nda yap\u0131lan deneyler sonucunda elde edilmi\u015ftir. Tabloda verilen de\u011ferler y\u00fczey ve ortam ko\u015fullar\u0131na g\u00f6re farkl\u0131l\u0131k g\u00f6sterebilir.<\/p>\n<\/div><\/div><\/div><\/section>\n<section class='av_toggle_section av-mgkli255-29cc42da0db8b85873de319b87403de4'  itemscope=\"itemscope\" itemtype=\"https:\/\/schema.org\/CreativeWork\" ><div role=\"tablist\" class=\"single_toggle\" data-tags=\"{T\u00fcm\u00fc} \"  ><h6 id='toggle-toggle-id-3' data-fake-id='#toggle-id-3' class='toggler  av-title-above '  itemprop=\"headline\"  role='tab' tabindex='0' aria-controls='toggle-id-3' data-slide-speed=\"200\" data-title=\"UYGULAMA SINIRLARI\" data-title-open=\"\" data-aria_collapsed=\"Click to expand: UYGULAMA SINIRLARI\" data-aria_expanded=\"Click to collapse: UYGULAMA SINIRLARI\">UYGULAMA SINIRLARI<span class=\"toggle_icon\"><span class=\"vert_icon\"><\/span><span class=\"hor_icon\"><\/span><\/span><\/h6><div id='toggle-id-3' aria-labelledby='toggle-toggle-id-3' role='region' class='toggle_wrap  av-title-above'  ><div class='toggle_content invers-color '  itemprop=\"text\" ><table width=\"543\">\n<tbody>\n<tr>\n<td width=\"373\"><strong>A\u00c7IKLAMA<\/strong><\/td>\n<td width=\"170\"><strong>S\u00dcRE<\/strong><\/td>\n<\/tr>\n<tr>\n<td width=\"373\"><strong>Haz\u0131rlanan kar\u0131\u015f\u0131m\u0131n kullan\u0131labilme s\u00fcresi \u2013 Kap \u00f6mr\u00fc<\/strong><\/td>\n<td width=\"170\"><strong>15 dk.<\/strong><\/td>\n<\/tr>\n<tr>\n<td width=\"373\"><strong>Trafi\u011fe a\u00e7\u0131lmas\u0131 i\u00e7in gerekli s\u00fcre (1 cm kal\u0131nl\u0131k i\u00e7in)<\/strong><\/td>\n<td width=\"170\"><strong>Minimum 24 saat<\/strong><\/td>\n<\/tr>\n<tr>\n<td width=\"373\"><strong>Parke, PVC kaplamas\u0131 i\u00e7in gerekli s\u00fcre (1 cm kal\u0131nl\u0131k i\u00e7in)<\/strong><\/td>\n<td width=\"170\"><strong>Minimum 24 saat<\/strong><\/td>\n<\/tr>\n<tr>\n<td width=\"373\"><strong>Yerden \u0131s\u0131tmal\u0131 sistemlerin \u00e7al\u0131\u015ft\u0131r\u0131lmas\u0131 i\u00e7in gerekli s\u00fcre<\/strong><\/td>\n<td width=\"170\"><strong>Minimum 7 g\u00fcn<\/strong><\/td>\n<\/tr>\n<\/tbody>\n<\/table>\n<p>Bu de\u011ferler laboratuvar \u015fartlar\u0131nda; 23 \u00b1 2\u00b0C ve %50 \u00b1 5 ba\u011f\u0131l nem ortam\u0131nda yap\u0131lan deneyler sonucunda elde edilmi\u015ftir. Tabloda verilen de\u011ferler y\u00fczey ve ortam ko\u015fullar\u0131na g\u00f6re farkl\u0131l\u0131k g\u00f6sterebilir.<\/p>\n<\/div><\/div><\/div><\/section>\n<section class='av_toggle_section av-mgklj5n3-3e922c1d561f6de4dca78c1a3796af85'  itemscope=\"itemscope\" itemtype=\"https:\/\/schema.org\/CreativeWork\" ><div role=\"tablist\" class=\"single_toggle\" data-tags=\"{T\u00fcm\u00fc} \"  ><h6 id='toggle-toggle-id-4' data-fake-id='#toggle-id-4' class='toggler  av-title-above '  itemprop=\"headline\"  role='tab' tabindex='0' aria-controls='toggle-id-4' data-slide-speed=\"200\" data-title=\"REFERANS STANDARTLARI\" data-title-open=\"\" data-aria_collapsed=\"Click to expand: REFERANS STANDARTLARI\" data-aria_expanded=\"Click to collapse: REFERANS STANDARTLARI\">REFERANS STANDARTLARI<span class=\"toggle_icon\"><span class=\"vert_icon\"><\/span><span class=\"hor_icon\"><\/span><\/span><\/h6><div id='toggle-id-4' aria-labelledby='toggle-toggle-id-4' role='region' class='toggle_wrap  av-title-above'  ><div class='toggle_content invers-color '  itemprop=\"text\" ><p><strong>Onaylar\/Standartlar:<\/strong><br \/>\nTS EN 13813<\/p>\n<p><strong>Bay\u0131nd\u0131rl\u0131k Bak. Poz No.:<\/strong><br \/>\nBay\u0131nd\u0131rl\u0131k Bak. Poz No.: 10.300.2074<\/p>\n<\/div><\/div><\/div><\/section>\n<\/div><\/p>\n","protected":false},"excerpt":{"rendered":"","protected":false},"featured_media":4886,"comment_status":"closed","ping_status":"closed","template":"","meta":{"_acf_changed":false},"product_brand":[],"product_cat":[62],"product_tag":[],"class_list":{"0":"post-4885","1":"product","2":"type-product","3":"status-publish","4":"has-post-thumbnail","6":"product_cat-zemin_malzemeleri","8":"first","9":"instock","10":"shipping-taxable","11":"product-type-simple"},"acf":[],"_links":{"self":[{"href":"https:\/\/www.kyk.com.tr\/index.php?rest_route=\/wp\/v2\/product\/4885","targetHints":{"allow":["GET"]}}],"collection":[{"href":"https:\/\/www.kyk.com.tr\/index.php?rest_route=\/wp\/v2\/product"}],"about":[{"href":"https:\/\/www.kyk.com.tr\/index.php?rest_route=\/wp\/v2\/types\/product"}],"replies":[{"embeddable":true,"href":"https:\/\/www.kyk.com.tr\/index.php?rest_route=%2Fwp%2Fv2%2Fcomments&post=4885"}],"wp:featuredmedia":[{"embeddable":true,"href":"https:\/\/www.kyk.com.tr\/index.php?rest_route=\/wp\/v2\/media\/4886"}],"wp:attachment":[{"href":"https:\/\/www.kyk.com.tr\/index.php?rest_route=%2Fwp%2Fv2%2Fmedia&parent=4885"}],"wp:term":[{"taxonomy":"product_brand","embeddable":true,"href":"https:\/\/www.kyk.com.tr\/index.php?rest_route=%2Fwp%2Fv2%2Fproduct_brand&post=4885"},{"taxonomy":"product_cat","embeddable":true,"href":"https:\/\/www.kyk.com.tr\/index.php?rest_route=%2Fwp%2Fv2%2Fproduct_cat&post=4885"},{"taxonomy":"product_tag","embeddable":true,"href":"https:\/\/www.kyk.com.tr\/index.php?rest_route=%2Fwp%2Fv2%2Fproduct_tag&post=4885"}],"curies":[{"name":"wp","href":"https:\/\/api.w.org\/{rel}","templated":true}]}}