{"id":4903,"date":"2025-05-11T05:00:26","date_gmt":"2025-05-11T05:00:26","guid":{"rendered":"https:\/\/www.kyk.center\/?post_type=product&#038;p=4903"},"modified":"2026-04-27T09:08:11","modified_gmt":"2026-04-27T09:08:11","slug":"megazemin-kur-z201","status":"publish","type":"product","link":"https:\/\/www.kyk.com.tr\/?product=megazemin-kur-z201","title":{"rendered":"MegaZemin K\u00fcr Z201"},"content":{"rendered":"<div  class='flex_column av-6uf7cn-08c5c6688948c6937407e54c1d81d5c8 av_one_third  avia-builder-el-0  el_before_av_one_half  avia-builder-el-first  first flex_column_div  '     ><style type=\"text\/css\" data-created_by=\"avia_inline_auto\" id=\"style-css-av-mgkm6jdb-580bcf62b38cb85b6b051a40e1482859\">\n.avia-image-container.av-mgkm6jdb-580bcf62b38cb85b6b051a40e1482859 img.avia_image{\nbox-shadow:none;\n}\n.avia-image-container.av-mgkm6jdb-580bcf62b38cb85b6b051a40e1482859 .av-image-caption-overlay-center{\ncolor:#ffffff;\n}\n<\/style>\n<div  class='avia-image-container av-mgkm6jdb-580bcf62b38cb85b6b051a40e1482859 av-styling- avia-align-center  avia-builder-el-1  avia-builder-el-no-sibling '   itemprop=\"image\" itemscope=\"itemscope\" itemtype=\"https:\/\/schema.org\/ImageObject\" ><div class=\"avia-image-container-inner\"><div class=\"avia-image-overlay-wrap\"><img decoding=\"async\" fetchpriority=\"high\" class='wp-image-4904 avia-img-lazy-loading-not-4904 avia_image ' src=\"https:\/\/www.kyk.com.tr\/wp-content\/uploads\/2025\/05\/z201.png\" alt='' title='MegaZemin K\u00fcr Z201'  height=\"320\" width=\"320\"  itemprop=\"thumbnailUrl\" srcset=\"https:\/\/www.kyk.com.tr\/wp-content\/uploads\/2025\/05\/z201.png 320w, https:\/\/www.kyk.com.tr\/wp-content\/uploads\/2025\/05\/z201-300x300.png 300w, https:\/\/www.kyk.com.tr\/wp-content\/uploads\/2025\/05\/z201-100x100.png 100w, https:\/\/www.kyk.com.tr\/wp-content\/uploads\/2025\/05\/z201-80x80.png 80w, https:\/\/www.kyk.com.tr\/wp-content\/uploads\/2025\/05\/z201-36x36.png 36w, https:\/\/www.kyk.com.tr\/wp-content\/uploads\/2025\/05\/z201-180x180.png 180w, https:\/\/www.kyk.com.tr\/wp-content\/uploads\/2025\/05\/z201-120x120.png 120w, https:\/\/www.kyk.com.tr\/wp-content\/uploads\/2025\/05\/z201-96x96.png 96w\" sizes=\"(max-width: 320px) 100vw, 320px\" \/><\/div><\/div><\/div><\/div>\n<div  class='flex_column av-5pk0dz-6b9ba7324f1ae183f5492af0709bd4b8 av_one_half  avia-builder-el-2  el_after_av_one_third  el_before_av_two_third  flex_column_div  '     ><section  class='av_textblock_section av-mgkm6rp0-139ce2799194f70e29c7eefb26a333f6 '   itemscope=\"itemscope\" itemtype=\"https:\/\/schema.org\/CreativeWork\" ><div class='avia_textblock'  itemprop=\"text\" ><h1>MegaZemin K\u00fcr Z201<\/h1>\n<\/div><\/section><br \/>\n\n<style type=\"text\/css\" data-created_by=\"avia_inline_auto\" id=\"style-css-av-mgkm71vo-f621cfd343694e41ffc4cdf439eaf14e\">\n#top .av_textblock_section.av-mgkm71vo-f621cfd343694e41ffc4cdf439eaf14e .avia_textblock{\nfont-size:14px;\n}\n<\/style>\n<section  class='av_textblock_section av-mgkm71vo-f621cfd343694e41ffc4cdf439eaf14e '   itemscope=\"itemscope\" itemtype=\"https:\/\/schema.org\/CreativeWork\" ><div class='avia_textblock'  itemprop=\"text\" ><p><strong>Akrilik polimer em\u00fclsiyon esasl\u0131, taze beton \u00fczerine uygulanan, olu\u015fturdu\u011fu film tabakas\u0131 sayesinde suyu betonun b\u00fcnyesinde tutarak, dayan\u0131m\u0131n sa\u011fl\u0131kl\u0131 bir \u015fekilde geli\u015fmesini sa\u011flayan, h\u0131zl\u0131 kurumay\u0131 \u00f6nleyerek r\u00f6tre \u00e7atlaklar\u0131n\u0131 engelleyen tek bile\u015fenli k\u00fcr malzemesidir.<\/strong><\/p>\n<\/div><\/section><\/p><\/div>\n<div  class='flex_column av-4nhc93-2d53bafbbbe33059c473ea9464ec7645 av_two_third  avia-builder-el-5  el_after_av_one_half  el_before_av_one_third  first flex_column_div  column-top-margin'     ><section  class='av_textblock_section av-mgkm7ig0-8fda2e3518f2f6fba303dd3e482c504f '   itemscope=\"itemscope\" itemtype=\"https:\/\/schema.org\/CreativeWork\" ><div class='avia_textblock'  itemprop=\"text\" ><h4>\u00a0 \u00a0 \u00dcR\u00dcN AVANTAJLARI<\/h4>\n<\/div><\/section><br \/>\n\n<style type=\"text\/css\" data-created_by=\"avia_inline_auto\" id=\"style-css-av-mgkm85vb-4f203c98ab6da8d486a29a8be129c6c6\">\n#top .av_textblock_section.av-mgkm85vb-4f203c98ab6da8d486a29a8be129c6c6 .avia_textblock{\nfont-size:14px;\n}\n<\/style>\n<section  class='av_textblock_section av-mgkm85vb-4f203c98ab6da8d486a29a8be129c6c6 '   itemscope=\"itemscope\" itemtype=\"https:\/\/schema.org\/CreativeWork\" ><div class='avia_textblock'  itemprop=\"text\" ><ul>\n<li>Solvent esasl\u0131 k\u00fcr malzemelerinin kullan\u0131lamad\u0131\u011f\u0131 i\u00e7 mekanlarda kullan\u0131ma elveri\u015flidir.<\/li>\n<li>Betonun hedef mukavemetine ula\u015fmas\u0131na yard\u0131mc\u0131 olur.<\/li>\n<li>Suyu betonun b\u00fcnyesinde tutarak r\u00f6treyi engeller.<\/li>\n<li>Y\u00fczeyin a\u015f\u0131nma direncini art\u0131rd\u0131\u011f\u0131 i\u00e7in tozumay\u0131 engeller.<\/li>\n<li>Kullan\u0131ma haz\u0131rd\u0131r, h\u0131zl\u0131 ve kolay uygulan\u0131r.<\/li>\n<\/ul>\n<\/div><\/section><\/p><\/div>\n<div  class='flex_column av-2rcx7r-a26681376accc4c8827f5c155b4b3770 av_one_third  avia-builder-el-8  el_after_av_two_third  el_before_av_toggle_container  flex_column_div  column-top-margin'     ><section  class='av_textblock_section av-mgkm8gtp-382900359dfa9a80e25a55a373a9eb86 '   itemscope=\"itemscope\" itemtype=\"https:\/\/schema.org\/CreativeWork\" ><div class='avia_textblock'  itemprop=\"text\" ><h4>TEKN\u0130K BELGELER<\/h4>\n<\/div><\/section><br \/>\n<section  class='av_textblock_section av-mgkm8mog-c74cc2202d63eab46bd46c8614a7c2a1 '   itemscope=\"itemscope\" itemtype=\"https:\/\/schema.org\/CreativeWork\" ><div class='avia_textblock'  itemprop=\"text\" ><p><a href=\"https:\/\/www.kyk.com.tr\/wp-content\/uploads\/2026\/04\/z201_tds.pdf\" target=\"_blank\" rel=\"noopener\"><img loading=\"lazy\" decoding=\"async\" class=\"alignnone wp-image-8657 size-full\" src=\"https:\/\/www.kyk.com.tr\/wp-content\/uploads\/2025\/10\/TDS_1.jpg\" alt=\"\" width=\"410\" height=\"41\" srcset=\"https:\/\/www.kyk.com.tr\/wp-content\/uploads\/2025\/10\/TDS_1.jpg 410w, https:\/\/www.kyk.com.tr\/wp-content\/uploads\/2025\/10\/TDS_1-300x30.jpg 300w\" sizes=\"auto, (max-width: 410px) 100vw, 410px\" \/><\/a><br \/>\n<a href=\"https:\/\/www.kyk.com.tr\/wp-content\/uploads\/2025\/05\/z201_msds.pdf\" target=\"_blank\" rel=\"noopener\"><img loading=\"lazy\" decoding=\"async\" class=\"alignnone size-full wp-image-8656\" src=\"https:\/\/www.kyk.com.tr\/wp-content\/uploads\/2025\/10\/MSDS_1.jpg\" alt=\"\" width=\"410\" height=\"41\" srcset=\"https:\/\/www.kyk.com.tr\/wp-content\/uploads\/2025\/10\/MSDS_1.jpg 410w, https:\/\/www.kyk.com.tr\/wp-content\/uploads\/2025\/10\/MSDS_1-300x30.jpg 300w\" sizes=\"auto, (max-width: 410px) 100vw, 410px\" \/><\/a><br \/>\n<a href=\"https:\/\/www.kyk.com.tr\/?sdm_process_download=1&amp;download_id=9416\" target=\"_blank\" rel=\"noopener\"><img loading=\"lazy\" decoding=\"async\" class=\"alignnone size-full wp-image-8656\" src=\"https:\/\/www.kyk.com.tr\/wp-content\/uploads\/2025\/10\/CE.jpg\" alt=\"\" width=\"410\" height=\"41\" \/><\/a><\/p>\n<\/div><\/section><\/p><\/div>\n<style type=\"text\/css\" data-created_by=\"avia_inline_auto\" id=\"style-css-av-mgkmcl6e-994ce23273de8a57ce2be00b01478808\">\n#top .togglecontainer.av-mgkmcl6e-994ce23273de8a57ce2be00b01478808 h6.toggler{\nfont-size:17px;\ncolor:#003e73;\n}\n#top .togglecontainer.av-mgkmcl6e-994ce23273de8a57ce2be00b01478808 h6.toggler .toggle_icon{\ncolor:#003e73;\nborder-color:#003e73;\n}\n#top .togglecontainer.av-mgkmcl6e-994ce23273de8a57ce2be00b01478808 h6.toggler .toggle_icon > span{\ncolor:#003e73;\nborder-color:#003e73;\n}\n#top .togglecontainer.av-mgkmcl6e-994ce23273de8a57ce2be00b01478808 .toggle_wrap .toggle_content{\nfont-size:14px;\ncolor:#003e73;\n}\n<\/style>\n<div  class='togglecontainer av-mgkmcl6e-994ce23273de8a57ce2be00b01478808 av-minimal-toggle  avia-builder-el-11  el_after_av_one_third  avia-builder-el-last  toggle_close_all' >\n<section class='av_toggle_section av-mgkm96fj-bd7544844c7169acabbd492bc96442de'  itemscope=\"itemscope\" itemtype=\"https:\/\/schema.org\/CreativeWork\" ><div role=\"tablist\" class=\"single_toggle\" data-tags=\"{T\u00fcm\u00fc} \"  ><h6 id='toggle-toggle-id-1' data-fake-id='#toggle-id-1' class='toggler  av-title-above '  itemprop=\"headline\"  role='tab' tabindex='0' aria-controls='toggle-id-1' data-slide-speed=\"200\" data-title=\"KULLANIM ALANLARI\" data-title-open=\"\" data-aria_collapsed=\"Click to expand: KULLANIM ALANLARI\" data-aria_expanded=\"Click to collapse: KULLANIM ALANLARI\">KULLANIM ALANLARI<span class=\"toggle_icon\"><span class=\"vert_icon\"><\/span><span class=\"hor_icon\"><\/span><\/span><\/h6><div id='toggle-id-1' aria-labelledby='toggle-toggle-id-1' role='region' class='toggle_wrap  av-title-above'  ><div class='toggle_content invers-color '  itemprop=\"text\" ><p><strong>MegaZemin K\u00fcr Z201<\/strong>; taze beton, \u015fap ve y\u00fczey sertle\u015ftiricilerin en ideal \u015fekilde k\u00fcrlenmesini sa\u011flamak i\u00e7in kullan\u0131l\u0131r. Kar\u0131\u015f\u0131m suyunun h\u0131zla buharla\u015fmas\u0131n\u0131, y\u00fczeydeki \u00e7atlak olu\u015fumunu engeller. A\u015f\u0131nma direncini art\u0131rarak tozumay\u0131 engellemek i\u00e7in i\u00e7 ve d\u0131\u015f mekanlarda uygulan\u0131r. D\u00fc\u015fey ve yatay yap\u0131 elemanlar\u0131n\u0131n k\u00fcrlenmesinde, su ile k\u00fcrlenmenin zor oldu\u011fu y\u00fcksek katl\u0131 binalarda, hava alan\u0131 ve saha betonlar\u0131nda, kanal ve kanalet betonlar\u0131nda, nemin d\u00fc\u015f\u00fck ve hava ak\u0131mlar\u0131n\u0131n fazla oldu\u011fu yerlerdeki beton d\u00f6k\u00fcmlerinde kullan\u0131ma uygundur.<\/p>\n<\/div><\/div><\/div><\/section>\n<section class='av_toggle_section av-mgkmahk4-15bde433f0407fccda9c9346ca7e7dcd'  itemscope=\"itemscope\" itemtype=\"https:\/\/schema.org\/CreativeWork\" ><div role=\"tablist\" class=\"single_toggle\" data-tags=\"{T\u00fcm\u00fc} \"  ><h6 id='toggle-toggle-id-2' data-fake-id='#toggle-id-2' class='toggler  av-title-above '  itemprop=\"headline\"  role='tab' tabindex='0' aria-controls='toggle-id-2' data-slide-speed=\"200\" data-title=\"PERFORMANS B\u0130LG\u0130LER\u0130\" data-title-open=\"\" data-aria_collapsed=\"Click to expand: PERFORMANS B\u0130LG\u0130LER\u0130\" data-aria_expanded=\"Click to collapse: PERFORMANS B\u0130LG\u0130LER\u0130\">PERFORMANS B\u0130LG\u0130LER\u0130<span class=\"toggle_icon\"><span class=\"vert_icon\"><\/span><span class=\"hor_icon\"><\/span><\/span><\/h6><div id='toggle-id-2' aria-labelledby='toggle-toggle-id-2' role='region' class='toggle_wrap  av-title-above'  ><div class='toggle_content invers-color '  itemprop=\"text\" ><table>\n<tbody>\n<tr>\n<td width=\"208\"><strong>Y\u00dcZEY SICAKLI\u011eI<\/strong><\/td>\n<td width=\"198\"><strong>YAYA TRAF\u0130\u011e\u0130NE A\u00c7MA<\/strong><\/td>\n<td width=\"189\"><strong>TAM K\u00dcR\u00dcN\u00dc ALMA<\/strong><\/td>\n<\/tr>\n<tr>\n<td width=\"208\"><strong>+10\u00b0C<\/strong><\/td>\n<td width=\"198\"><strong>~16 saat<\/strong><\/td>\n<td width=\"189\"><strong>~24 saat<\/strong><\/td>\n<\/tr>\n<tr>\n<td width=\"208\"><strong>+20\u00b0C<\/strong><\/td>\n<td width=\"198\"><strong>~8 saat<\/strong><\/td>\n<td width=\"189\"><strong>~20 saat<\/strong><\/td>\n<\/tr>\n<tr>\n<td width=\"208\"><strong>+30\u00b0C<\/strong><\/td>\n<td width=\"198\"><strong>~6 saat<\/strong><\/td>\n<td width=\"189\"><strong>~16 saat<\/strong><\/td>\n<\/tr>\n<\/tbody>\n<\/table>\n<p>Bu de\u011ferler laboratuvar \u015fartlar\u0131nda; 23 \u00b1 2\u00b0C ve %50 \u00b1 5 ba\u011f\u0131l nem ortam\u0131nda yap\u0131lan deneyler sonucunda elde edilmi\u015ftir. Tabloda verilen de\u011ferler y\u00fczey ve ortam ko\u015fullar\u0131na g\u00f6re farkl\u0131l\u0131k g\u00f6sterebilir.<\/p>\n<\/div><\/div><\/div><\/section>\n<section class='av_toggle_section av-mgkmbeay-f26999839f4426621b4e328293f8b6f9'  itemscope=\"itemscope\" itemtype=\"https:\/\/schema.org\/CreativeWork\" ><div role=\"tablist\" class=\"single_toggle\" data-tags=\"{T\u00fcm\u00fc} \"  ><h6 id='toggle-toggle-id-3' data-fake-id='#toggle-id-3' class='toggler  av-title-above '  itemprop=\"headline\"  role='tab' tabindex='0' aria-controls='toggle-id-3' data-slide-speed=\"200\" data-title=\"REFERANS STANDARTLARI\" data-title-open=\"\" data-aria_collapsed=\"Click to expand: REFERANS STANDARTLARI\" data-aria_expanded=\"Click to collapse: REFERANS STANDARTLARI\">REFERANS STANDARTLARI<span class=\"toggle_icon\"><span class=\"vert_icon\"><\/span><span class=\"hor_icon\"><\/span><\/span><\/h6><div id='toggle-id-3' aria-labelledby='toggle-toggle-id-3' role='region' class='toggle_wrap  av-title-above'  ><div class='toggle_content invers-color '  itemprop=\"text\" ><p><strong>Onaylar\/Standartlar:<\/strong><br \/>\nCE<br \/>\nASTM C 156<\/p>\n<p><strong>Bay\u0131nd\u0131rl\u0131k Bak. Poz No.:<\/strong><br \/>\nBay\u0131nd\u0131rl\u0131k Bak. Poz No.: 10.300. 2121<\/p>\n<\/div><\/div><\/div><\/section>\n<\/div><\/p>\n","protected":false},"excerpt":{"rendered":"","protected":false},"featured_media":4904,"comment_status":"closed","ping_status":"closed","template":"","meta":{"_acf_changed":false},"product_brand":[],"product_cat":[62],"product_tag":[],"class_list":{"0":"post-4903","1":"product","2":"type-product","3":"status-publish","4":"has-post-thumbnail","6":"product_cat-zemin_malzemeleri","8":"first","9":"instock","10":"shipping-taxable","11":"product-type-simple"},"acf":[],"_links":{"self":[{"href":"https:\/\/www.kyk.com.tr\/index.php?rest_route=\/wp\/v2\/product\/4903","targetHints":{"allow":["GET"]}}],"collection":[{"href":"https:\/\/www.kyk.com.tr\/index.php?rest_route=\/wp\/v2\/product"}],"about":[{"href":"https:\/\/www.kyk.com.tr\/index.php?rest_route=\/wp\/v2\/types\/product"}],"replies":[{"embeddable":true,"href":"https:\/\/www.kyk.com.tr\/index.php?rest_route=%2Fwp%2Fv2%2Fcomments&post=4903"}],"wp:featuredmedia":[{"embeddable":true,"href":"https:\/\/www.kyk.com.tr\/index.php?rest_route=\/wp\/v2\/media\/4904"}],"wp:attachment":[{"href":"https:\/\/www.kyk.com.tr\/index.php?rest_route=%2Fwp%2Fv2%2Fmedia&parent=4903"}],"wp:term":[{"taxonomy":"product_brand","embeddable":true,"href":"https:\/\/www.kyk.com.tr\/index.php?rest_route=%2Fwp%2Fv2%2Fproduct_brand&post=4903"},{"taxonomy":"product_cat","embeddable":true,"href":"https:\/\/www.kyk.com.tr\/index.php?rest_route=%2Fwp%2Fv2%2Fproduct_cat&post=4903"},{"taxonomy":"product_tag","embeddable":true,"href":"https:\/\/www.kyk.com.tr\/index.php?rest_route=%2Fwp%2Fv2%2Fproduct_tag&post=4903"}],"curies":[{"name":"wp","href":"https:\/\/api.w.org\/{rel}","templated":true}]}}