{"id":4918,"date":"2025-05-11T05:30:21","date_gmt":"2025-05-11T05:30:21","guid":{"rendered":"https:\/\/www.kyk.center\/?post_type=product&#038;p=4918"},"modified":"2026-04-27T09:24:22","modified_gmt":"2026-04-27T09:24:22","slug":"megazemin-z902","status":"publish","type":"product","link":"https:\/\/www.kyk.com.tr\/?product=megazemin-z902","title":{"rendered":"MegaZemin Z902"},"content":{"rendered":"<div  class='flex_column av-9cqg46-3563aebf7d9440c98451205bfcd43f9f av_one_third  avia-builder-el-0  el_before_av_one_half  avia-builder-el-first  first flex_column_div  '     ><style type=\"text\/css\" data-created_by=\"avia_inline_auto\" id=\"style-css-av-mgkmm4yo-3ffd5e480f224f4e0b8da65f8c82d0ee\">\n.avia-image-container.av-mgkmm4yo-3ffd5e480f224f4e0b8da65f8c82d0ee img.avia_image{\nbox-shadow:none;\n}\n.avia-image-container.av-mgkmm4yo-3ffd5e480f224f4e0b8da65f8c82d0ee .av-image-caption-overlay-center{\ncolor:#ffffff;\n}\n<\/style>\n<div  class='avia-image-container av-mgkmm4yo-3ffd5e480f224f4e0b8da65f8c82d0ee av-styling- avia-align-center  avia-builder-el-1  avia-builder-el-no-sibling '   itemprop=\"image\" itemscope=\"itemscope\" itemtype=\"https:\/\/schema.org\/ImageObject\" ><div class=\"avia-image-container-inner\"><div class=\"avia-image-overlay-wrap\"><img decoding=\"async\" fetchpriority=\"high\" class='wp-image-4919 avia-img-lazy-loading-not-4919 avia_image ' src=\"https:\/\/www.kyk.com.tr\/wp-content\/uploads\/2025\/05\/z902.png\" alt='' title='MegaZemin Z902'  height=\"320\" width=\"320\"  itemprop=\"thumbnailUrl\" srcset=\"https:\/\/www.kyk.com.tr\/wp-content\/uploads\/2025\/05\/z902.png 320w, https:\/\/www.kyk.com.tr\/wp-content\/uploads\/2025\/05\/z902-300x300.png 300w, https:\/\/www.kyk.com.tr\/wp-content\/uploads\/2025\/05\/z902-100x100.png 100w, https:\/\/www.kyk.com.tr\/wp-content\/uploads\/2025\/05\/z902-80x80.png 80w, https:\/\/www.kyk.com.tr\/wp-content\/uploads\/2025\/05\/z902-36x36.png 36w, https:\/\/www.kyk.com.tr\/wp-content\/uploads\/2025\/05\/z902-180x180.png 180w, https:\/\/www.kyk.com.tr\/wp-content\/uploads\/2025\/05\/z902-120x120.png 120w, https:\/\/www.kyk.com.tr\/wp-content\/uploads\/2025\/05\/z902-96x96.png 96w\" sizes=\"(max-width: 320px) 100vw, 320px\" \/><\/div><\/div><\/div><\/div>\n<div  class='flex_column av-7btpdi-e0ed4396c44c02f53cb55f3f5f6773b6 av_one_half  avia-builder-el-2  el_after_av_one_third  el_before_av_two_third  flex_column_div  '     ><p><section  class='av_textblock_section av-55vukm-39eaae020a86e76633b059bc32e20771 '   itemscope=\"itemscope\" itemtype=\"https:\/\/schema.org\/CreativeWork\" ><div class='avia_textblock'  itemprop=\"text\" ><\/div><\/section><br \/>\n\n<style type=\"text\/css\" data-created_by=\"avia_inline_auto\" id=\"style-css-av-mgkmmt1u-7fc82cc95765dd1a916ea08756eba412\">\n#top .av_textblock_section.av-mgkmmt1u-7fc82cc95765dd1a916ea08756eba412 .avia_textblock{\nfont-size:14px;\n}\n<\/style>\n<section  class='av_textblock_section av-mgkmmt1u-7fc82cc95765dd1a916ea08756eba412 '   itemscope=\"itemscope\" itemtype=\"https:\/\/schema.org\/CreativeWork\" ><div class='avia_textblock'  itemprop=\"text\" ><p><strong>Lityum silikat esasl\u0131, k\u00fcr\u00fcn\u00fc tamamlam\u0131\u015f betona, \u00e7imento esasl\u0131 zeminlere penetre olan, g\u00fc\u00e7lendiren, \u015feffaf, d\u00fc\u015f\u00fck viskoziteli, solventsiz, yo\u011funla\u015ft\u0131r\u0131c\u0131 ve y\u00fczey sertle\u015ftirici malzemedir.<\/strong><\/p>\n<\/div><\/section><\/p><\/div>\n<div  class='flex_column av-46wf2e-9d4bbf57cbcd628cd6c22ab21b69ace0 av_two_third  avia-builder-el-5  el_after_av_one_half  el_before_av_one_third  first flex_column_div  column-top-margin'     ><section  class='av_textblock_section av-mgkmni5k-afa7bad69d7d790a3ea4f0d4566df154 '   itemscope=\"itemscope\" itemtype=\"https:\/\/schema.org\/CreativeWork\" ><div class='avia_textblock'  itemprop=\"text\" ><h4>\u00a0 \u00a0 \u00dcR\u00dcN AVANTAJLARI<\/h4>\n<\/div><\/section><br \/>\n\n<style type=\"text\/css\" data-created_by=\"avia_inline_auto\" id=\"style-css-av-mgkmo8rc-68b828fad0fcf211002ff6574d9797b3\">\n#top .av_textblock_section.av-mgkmo8rc-68b828fad0fcf211002ff6574d9797b3 .avia_textblock{\nfont-size:14px;\n}\n<\/style>\n<section  class='av_textblock_section av-mgkmo8rc-68b828fad0fcf211002ff6574d9797b3 '   itemscope=\"itemscope\" itemtype=\"https:\/\/schema.org\/CreativeWork\" ><div class='avia_textblock'  itemprop=\"text\" ><ul>\n<li>Betondaki en k\u0131lcal noktalara kadar n\u00fcfuz ederek, eskimi\u015f betonlarda bile daha sert ve mukavim bir y\u00fczey olu\u015fmas\u0131n\u0131 sa\u011flar.<\/li>\n<li>Uygulama yap\u0131lan beton y\u00fczeyin kimyasal dayan\u0131m\u0131n\u0131 ve a\u015f\u0131nma dayan\u0131m\u0131n\u0131 artt\u0131r\u0131r.<\/li>\n<li>Uygulama yap\u0131lan beton y\u00fczeyin tozumas\u0131n\u0131 azalt\u0131r.<\/li>\n<li>Y\u00fczeydeki kirlerin betona s\u0131zmas\u0131n\u0131 engeller, temizli\u011fi kolayla\u015ft\u0131r\u0131r.<\/li>\n<li>UV dayan\u0131m\u0131na sahiptir.<\/li>\n<li>Kokusuzdur, havaland\u0131rmas\u0131 yeterli olmayan ortamlarda kullan\u0131ma uygundur.<\/li>\n<li>Renksizdir, uygulama y\u00fczeyi beton g\u00f6r\u00fcn\u00fcm\u00fcn\u00fc kaybetmez.<\/li>\n<li>Kullan\u0131ma haz\u0131rd\u0131r, h\u0131zl\u0131 ve kolay uygulan\u0131r.<\/li>\n<li>Solvent i\u00e7ermez, \u00e7evre dostudur.<\/li>\n<\/ul>\n<\/div><\/section><\/p><\/div>\n<div  class='flex_column av-7t3ja-59e0776fac421d5216ec9ae3757e5771 av_one_third  avia-builder-el-8  el_after_av_two_third  el_before_av_toggle_container  flex_column_div  column-top-margin'     ><section  class='av_textblock_section av-mgkmoimx-9858bb1b2685c6a381c817a8fbc18c24 '   itemscope=\"itemscope\" itemtype=\"https:\/\/schema.org\/CreativeWork\" ><div class='avia_textblock'  itemprop=\"text\" ><h4>TEKN\u0130K BELGELER<\/h4>\n<\/div><\/section><br \/>\n<section  class='av_textblock_section av-mgkmoqqu-9be7cf384df501f09632311a1e449138 '   itemscope=\"itemscope\" itemtype=\"https:\/\/schema.org\/CreativeWork\" ><div class='avia_textblock'  itemprop=\"text\" ><p><a href=\"https:\/\/www.kyk.com.tr\/wp-content\/uploads\/2026\/04\/z902_tds.pdf\" target=\"_blank\" rel=\"noopener\"><img loading=\"lazy\" decoding=\"async\" class=\"alignnone wp-image-8657 size-full\" src=\"https:\/\/www.kyk.com.tr\/wp-content\/uploads\/2025\/10\/TDS_1.jpg\" alt=\"\" width=\"410\" height=\"41\" srcset=\"https:\/\/www.kyk.com.tr\/wp-content\/uploads\/2025\/10\/TDS_1.jpg 410w, https:\/\/www.kyk.com.tr\/wp-content\/uploads\/2025\/10\/TDS_1-300x30.jpg 300w\" sizes=\"auto, (max-width: 410px) 100vw, 410px\" \/><\/a><br \/>\n<a href=\"https:\/\/www.kyk.com.tr\/wp-content\/uploads\/2025\/05\/z902_msds.pdf\" target=\"_blank\" rel=\"noopener\"><img loading=\"lazy\" decoding=\"async\" class=\"alignnone size-full wp-image-8656\" src=\"https:\/\/www.kyk.com.tr\/wp-content\/uploads\/2025\/10\/MSDS_1.jpg\" alt=\"\" width=\"410\" height=\"41\" srcset=\"https:\/\/www.kyk.com.tr\/wp-content\/uploads\/2025\/10\/MSDS_1.jpg 410w, https:\/\/www.kyk.com.tr\/wp-content\/uploads\/2025\/10\/MSDS_1-300x30.jpg 300w\" sizes=\"auto, (max-width: 410px) 100vw, 410px\" \/><\/a><br \/>\n<a href=\"https:\/\/www.kyk.com.tr\/?sdm_process_download=1&amp;download_id=9420\" target=\"_blank\" rel=\"noopener\"><img loading=\"lazy\" decoding=\"async\" class=\"alignnone size-full wp-image-8656\" src=\"https:\/\/www.kyk.com.tr\/wp-content\/uploads\/2025\/10\/CE.jpg\" alt=\"\" width=\"410\" height=\"41\" \/><\/a><\/p>\n<\/div><\/section><\/p><\/div>\n<style type=\"text\/css\" data-created_by=\"avia_inline_auto\" id=\"style-css-av-mgkmrgoh-fe7d21deb22054be617fe6eb17a3dcc8\">\n#top .togglecontainer.av-mgkmrgoh-fe7d21deb22054be617fe6eb17a3dcc8 h6.toggler{\nfont-size:17px;\ncolor:#003e73;\n}\n#top .togglecontainer.av-mgkmrgoh-fe7d21deb22054be617fe6eb17a3dcc8 h6.toggler .toggle_icon{\ncolor:#003e73;\nborder-color:#003e73;\n}\n#top .togglecontainer.av-mgkmrgoh-fe7d21deb22054be617fe6eb17a3dcc8 h6.toggler .toggle_icon > span{\ncolor:#003e73;\nborder-color:#003e73;\n}\n#top .togglecontainer.av-mgkmrgoh-fe7d21deb22054be617fe6eb17a3dcc8 .toggle_wrap .toggle_content{\nfont-size:14px;\ncolor:#003e73;\n}\n<\/style>\n<div  class='togglecontainer av-mgkmrgoh-fe7d21deb22054be617fe6eb17a3dcc8 av-minimal-toggle  avia-builder-el-11  el_after_av_one_third  avia-builder-el-last  toggle_close_all' >\n<section class='av_toggle_section av-mgkmp59b-4dff5132ed9522bfab8e8dcd97c4bfd2'  itemscope=\"itemscope\" itemtype=\"https:\/\/schema.org\/CreativeWork\" ><div role=\"tablist\" class=\"single_toggle\" data-tags=\"{T\u00fcm\u00fc} \"  ><h6 id='toggle-toggle-id-1' data-fake-id='#toggle-id-1' class='toggler  av-title-above '  itemprop=\"headline\"  role='tab' tabindex='0' aria-controls='toggle-id-1' data-slide-speed=\"200\" data-title=\"KULLANIM ALANLARI\" data-title-open=\"\" data-aria_collapsed=\"Click to expand: KULLANIM ALANLARI\" data-aria_expanded=\"Click to collapse: KULLANIM ALANLARI\">KULLANIM ALANLARI<span class=\"toggle_icon\"><span class=\"vert_icon\"><\/span><span class=\"hor_icon\"><\/span><\/span><\/h6><div id='toggle-id-1' aria-labelledby='toggle-toggle-id-1' role='region' class='toggle_wrap  av-title-above'  ><div class='toggle_content invers-color '  itemprop=\"text\" ><p><strong>MegaZemin Z902<\/strong>; a\u015f\u0131nma direnci gerektiren ve tozuma yapmamas\u0131 gereken depolama alanlar\u0131, \u00fcretim tesisleri, so\u011fuk hava depolar\u0131, u\u00e7ak hangarlar\u0131, a\u00e7\u0131k- kapal\u0131 otopark, end\u00fcstriyel zeminler, r\u0131ht\u0131mlar ve ma\u011fazalar gibi t\u00fcm mek\u00e2nlarda kullan\u0131l\u0131r. \u0130\u00e7 ve d\u0131\u015f mek\u00e2nlarda, yatay y\u00fczeylerde kullan\u0131ma uygundur.<\/p>\n<\/div><\/div><\/div><\/section>\n<section class='av_toggle_section av-mgkmpm94-c71d1de262a20a0e71e4abe0b46d9623'  itemscope=\"itemscope\" itemtype=\"https:\/\/schema.org\/CreativeWork\" ><div role=\"tablist\" class=\"single_toggle\" data-tags=\"{T\u00fcm\u00fc} \"  ><h6 id='toggle-toggle-id-2' data-fake-id='#toggle-id-2' class='toggler  av-title-above '  itemprop=\"headline\"  role='tab' tabindex='0' aria-controls='toggle-id-2' data-slide-speed=\"200\" data-title=\"PERFORMANS B\u0130LG\u0130LER\u0130\" data-title-open=\"\" data-aria_collapsed=\"Click to expand: PERFORMANS B\u0130LG\u0130LER\u0130\" data-aria_expanded=\"Click to collapse: PERFORMANS B\u0130LG\u0130LER\u0130\">PERFORMANS B\u0130LG\u0130LER\u0130<span class=\"toggle_icon\"><span class=\"vert_icon\"><\/span><span class=\"hor_icon\"><\/span><\/span><\/h6><div id='toggle-id-2' aria-labelledby='toggle-toggle-id-2' role='region' class='toggle_wrap  av-title-above'  ><div class='toggle_content invers-color '  itemprop=\"text\" ><table width=\"560\">\n<tbody>\n<tr>\n<td width=\"196\"><strong>A\u00c7IKLAMA<\/strong><\/td>\n<td width=\"364\"><strong>DE\u011eER<\/strong><\/td>\n<\/tr>\n<tr>\n<td width=\"196\"><strong>A\u015f\u0131nma Direnci Taber A\u015f\u0131nma Cihaz\u0131, H-22 Wheel, 1000 g \/ 1000 \u00e7evrim<\/strong><\/td>\n<td width=\"364\"><strong>A\u015f\u0131nma direncinde C25 beton ile kar\u015f\u0131la\u015ft\u0131r\u0131ld\u0131\u011f\u0131nda a\u015f\u0131nma dayan\u0131m\u0131 %35 artm\u0131\u015ft\u0131r. A\u015f\u0131nma direncinde C35 beton ile kar\u015f\u0131la\u015ft\u0131r\u0131ld\u0131\u011f\u0131nda a\u015f\u0131nma dayan\u0131m\u0131 % 9 artm\u0131\u015ft\u0131r.<\/strong><\/td>\n<\/tr>\n<\/tbody>\n<\/table>\n<p>Bu de\u011ferler laboratuvar \u015fartlar\u0131nda; 23 \u00b1 2\u00b0C ve %50 \u00b1 5 ba\u011f\u0131l nem ortam\u0131nda yap\u0131lan deneyler sonucunda elde edilmi\u015ftir. Tabloda verilen de\u011ferler y\u00fczey ve ortam ko\u015fullar\u0131na g\u00f6re farkl\u0131l\u0131k g\u00f6sterebilir.<\/p>\n<\/div><\/div><\/div><\/section>\n<section class='av_toggle_section av-mgkmpsc2-fe123c1340d1641a6a5da50483b3bd72'  itemscope=\"itemscope\" itemtype=\"https:\/\/schema.org\/CreativeWork\" ><div role=\"tablist\" class=\"single_toggle\" data-tags=\"{T\u00fcm\u00fc} \"  ><h6 id='toggle-toggle-id-3' data-fake-id='#toggle-id-3' class='toggler  av-title-above '  itemprop=\"headline\"  role='tab' tabindex='0' aria-controls='toggle-id-3' data-slide-speed=\"200\" data-title=\"UYGULAMA SINIRLARI\" data-title-open=\"\" data-aria_collapsed=\"Click to expand: UYGULAMA SINIRLARI\" data-aria_expanded=\"Click to collapse: UYGULAMA SINIRLARI\">UYGULAMA SINIRLARI<span class=\"toggle_icon\"><span class=\"vert_icon\"><\/span><span class=\"hor_icon\"><\/span><\/span><\/h6><div id='toggle-id-3' aria-labelledby='toggle-toggle-id-3' role='region' class='toggle_wrap  av-title-above'  ><div class='toggle_content invers-color '  itemprop=\"text\" ><table width=\"378\">\n<tbody>\n<tr>\n<td width=\"264\"><strong>A\u00c7IKLAMA<\/strong><\/td>\n<td width=\"114\"><strong>S\u00dcRE<\/strong><\/td>\n<\/tr>\n<tr>\n<td width=\"264\"><strong>Yaya trafi\u011fine a\u00e7ma s\u00fcresi<\/strong><\/td>\n<td width=\"114\"><strong>2-4 saat<\/strong><\/td>\n<\/tr>\n<tr>\n<td width=\"264\"><strong>Ara\u00e7 trafi\u011fine a\u00e7ma s\u00fcresi<\/strong><\/td>\n<td width=\"114\"><strong>24 saat<\/strong><\/td>\n<\/tr>\n<tr>\n<td width=\"264\"><strong>Tam k\u00fcrlenme s\u00fcresi<\/strong><\/td>\n<td width=\"114\"><strong>7 g\u00fcn<\/strong><\/td>\n<\/tr>\n<\/tbody>\n<\/table>\n<p>Bu de\u011ferler laboratuvar \u015fartlar\u0131nda; 23 \u00b1 2\u00b0C ve %50 \u00b1 5 ba\u011f\u0131l nem ortam\u0131nda yap\u0131lan deneyler sonucunda elde edilmi\u015ftir. Tabloda verilen de\u011ferler y\u00fczey ve ortam ko\u015fullar\u0131na g\u00f6re farkl\u0131l\u0131k g\u00f6sterebilir.<\/p>\n<\/div><\/div><\/div><\/section>\n<section class='av_toggle_section av-mgkmqgzz-f03c19da9ebdf5bd1770b142094fac99'  itemscope=\"itemscope\" itemtype=\"https:\/\/schema.org\/CreativeWork\" ><div role=\"tablist\" class=\"single_toggle\" data-tags=\"{T\u00fcm\u00fc} \"  ><h6 id='toggle-toggle-id-4' data-fake-id='#toggle-id-4' class='toggler  av-title-above '  itemprop=\"headline\"  role='tab' tabindex='0' aria-controls='toggle-id-4' data-slide-speed=\"200\" data-title=\"REFERANS STANDARTLARI\" data-title-open=\"\" data-aria_collapsed=\"Click to expand: REFERANS STANDARTLARI\" data-aria_expanded=\"Click to collapse: REFERANS STANDARTLARI\">REFERANS STANDARTLARI<span class=\"toggle_icon\"><span class=\"vert_icon\"><\/span><span class=\"hor_icon\"><\/span><\/span><\/h6><div id='toggle-id-4' aria-labelledby='toggle-toggle-id-4' role='region' class='toggle_wrap  av-title-above'  ><div class='toggle_content invers-color '  itemprop=\"text\" ><p><strong>Onaylar\/Standartlar:<\/strong><br \/>\nTS EN 1504 \u2013 2 (5. 2. I)<\/p>\n<p><strong>Bay\u0131nd\u0131rl\u0131k Bak. Poz No.:<\/strong><br \/>\nBay\u0131nd\u0131rl\u0131k Bak. Poz No.: 10.300. 2074<\/p>\n<\/div><\/div><\/div><\/section>\n<\/div><\/p>\n","protected":false},"excerpt":{"rendered":"","protected":false},"featured_media":4919,"comment_status":"closed","ping_status":"closed","template":"","meta":{"_acf_changed":false},"product_brand":[],"product_cat":[62],"product_tag":[],"class_list":{"0":"post-4918","1":"product","2":"type-product","3":"status-publish","4":"has-post-thumbnail","6":"product_cat-zemin_malzemeleri","8":"first","9":"instock","10":"shipping-taxable","11":"product-type-simple"},"acf":[],"_links":{"self":[{"href":"https:\/\/www.kyk.com.tr\/index.php?rest_route=\/wp\/v2\/product\/4918","targetHints":{"allow":["GET"]}}],"collection":[{"href":"https:\/\/www.kyk.com.tr\/index.php?rest_route=\/wp\/v2\/product"}],"about":[{"href":"https:\/\/www.kyk.com.tr\/index.php?rest_route=\/wp\/v2\/types\/product"}],"replies":[{"embeddable":true,"href":"https:\/\/www.kyk.com.tr\/index.php?rest_route=%2Fwp%2Fv2%2Fcomments&post=4918"}],"wp:featuredmedia":[{"embeddable":true,"href":"https:\/\/www.kyk.com.tr\/index.php?rest_route=\/wp\/v2\/media\/4919"}],"wp:attachment":[{"href":"https:\/\/www.kyk.com.tr\/index.php?rest_route=%2Fwp%2Fv2%2Fmedia&parent=4918"}],"wp:term":[{"taxonomy":"product_brand","embeddable":true,"href":"https:\/\/www.kyk.com.tr\/index.php?rest_route=%2Fwp%2Fv2%2Fproduct_brand&post=4918"},{"taxonomy":"product_cat","embeddable":true,"href":"https:\/\/www.kyk.com.tr\/index.php?rest_route=%2Fwp%2Fv2%2Fproduct_cat&post=4918"},{"taxonomy":"product_tag","embeddable":true,"href":"https:\/\/www.kyk.com.tr\/index.php?rest_route=%2Fwp%2Fv2%2Fproduct_tag&post=4918"}],"curies":[{"name":"wp","href":"https:\/\/api.w.org\/{rel}","templated":true}]}}