{"id":4952,"date":"2025-05-11T06:06:22","date_gmt":"2025-05-11T06:06:22","guid":{"rendered":"https:\/\/www.kyk.center\/?post_type=product&#038;p=4952"},"modified":"2026-04-28T11:55:05","modified_gmt":"2026-04-28T11:55:05","slug":"megasiva-perlitli-h104","status":"publish","type":"product","link":"https:\/\/www.kyk.com.tr\/?product=megasiva-perlitli-h104","title":{"rendered":"MegaS\u0131va Perlitli H104"},"content":{"rendered":"<div  class='flex_column av-7lghyw-481ba17e8926b85d6c097c65029f3a9c av_one_third  avia-builder-el-0  el_before_av_one_half  avia-builder-el-first  first flex_column_div  '     ><style type=\"text\/css\" data-created_by=\"avia_inline_auto\" id=\"style-css-av-mgkplfrj-a32ef6caf311d38c0fd0e8d52df82a7d\">\n.avia-image-container.av-mgkplfrj-a32ef6caf311d38c0fd0e8d52df82a7d img.avia_image{\nbox-shadow:none;\n}\n.avia-image-container.av-mgkplfrj-a32ef6caf311d38c0fd0e8d52df82a7d .av-image-caption-overlay-center{\ncolor:#ffffff;\n}\n<\/style>\n<div  class='avia-image-container av-mgkplfrj-a32ef6caf311d38c0fd0e8d52df82a7d av-styling- avia-align-center  avia-builder-el-1  avia-builder-el-no-sibling '   itemprop=\"image\" itemscope=\"itemscope\" itemtype=\"https:\/\/schema.org\/ImageObject\" ><div class=\"avia-image-container-inner\"><div class=\"avia-image-overlay-wrap\"><img decoding=\"async\" fetchpriority=\"high\" class='wp-image-4953 avia-img-lazy-loading-not-4953 avia_image ' src=\"https:\/\/www.kyk.com.tr\/wp-content\/uploads\/2025\/05\/h104.png\" alt='' title='MegaS\u0131va Perlitli H104'  height=\"320\" width=\"320\"  itemprop=\"thumbnailUrl\" srcset=\"https:\/\/www.kyk.com.tr\/wp-content\/uploads\/2025\/05\/h104.png 320w, https:\/\/www.kyk.com.tr\/wp-content\/uploads\/2025\/05\/h104-300x300.png 300w, https:\/\/www.kyk.com.tr\/wp-content\/uploads\/2025\/05\/h104-100x100.png 100w, https:\/\/www.kyk.com.tr\/wp-content\/uploads\/2025\/05\/h104-80x80.png 80w, https:\/\/www.kyk.com.tr\/wp-content\/uploads\/2025\/05\/h104-36x36.png 36w, https:\/\/www.kyk.com.tr\/wp-content\/uploads\/2025\/05\/h104-180x180.png 180w, https:\/\/www.kyk.com.tr\/wp-content\/uploads\/2025\/05\/h104-120x120.png 120w, https:\/\/www.kyk.com.tr\/wp-content\/uploads\/2025\/05\/h104-96x96.png 96w\" sizes=\"(max-width: 320px) 100vw, 320px\" \/><\/div><\/div><\/div><\/div>\n<div  class='flex_column av-66005k-e23e27569401ea87b14ab107784bb0b7 av_one_half  avia-builder-el-2  el_after_av_one_third  el_before_av_two_third  flex_column_div  '     ><section  class='av_textblock_section av-mgkplp2i-910e816fb9d3fad6cd2a88cb45dc037e '   itemscope=\"itemscope\" itemtype=\"https:\/\/schema.org\/CreativeWork\" ><div class='avia_textblock'  itemprop=\"text\" ><h1>MegaS\u0131va Perlitli H104<\/h1>\n<\/div><\/section><br \/>\n\n<style type=\"text\/css\" data-created_by=\"avia_inline_auto\" id=\"style-css-av-mgkplzkg-405bd5d9a8148285041782a25be51ee1\">\n#top .av_textblock_section.av-mgkplzkg-405bd5d9a8148285041782a25be51ee1 .avia_textblock{\nfont-size:14px;\n}\n<\/style>\n<section  class='av_textblock_section av-mgkplzkg-405bd5d9a8148285041782a25be51ee1 '   itemscope=\"itemscope\" itemtype=\"https:\/\/schema.org\/CreativeWork\" ><div class='avia_textblock'  itemprop=\"text\" ><p><strong>Beyaz \u00e7imento esasl\u0131, tek bile\u015fenli, \u00e7e\u015fitli kimyasal katk\u0131larla yap\u0131s\u0131 g\u00fc\u00e7lendirilmi\u015f, aderans\u0131 art\u0131r\u0131lm\u0131\u015f, el ile uygulanan, son kat uygulama \u00f6ncesi y\u00fczey haz\u0131rlay\u0131c\u0131 s\u0131vad\u0131r.<\/strong><\/p>\n<\/div><\/section><\/p><\/div>\n<div  class='flex_column av-3s95m0-18126d37395c74ace28c23051ee4bf87 av_two_third  avia-builder-el-5  el_after_av_one_half  el_before_av_one_third  first flex_column_div  column-top-margin'     ><section  class='av_textblock_section av-mgkpmhip-4d1be1b1e45f148f55e11eac116e2cd9 '   itemscope=\"itemscope\" itemtype=\"https:\/\/schema.org\/CreativeWork\" ><div class='avia_textblock'  itemprop=\"text\" ><h4>\u00a0 \u00a0 \u00dcR\u00dcN AVANTAJLARI<\/h4>\n<\/div><\/section><br \/>\n\n<style type=\"text\/css\" data-created_by=\"avia_inline_auto\" id=\"style-css-av-mgkpms2e-5a12e9df0bb58ee4a5e0faff843a31c1\">\n#top .av_textblock_section.av-mgkpms2e-5a12e9df0bb58ee4a5e0faff843a31c1 .avia_textblock{\nfont-size:14px;\n}\n<\/style>\n<section  class='av_textblock_section av-mgkpms2e-5a12e9df0bb58ee4a5e0faff843a31c1 '   itemscope=\"itemscope\" itemtype=\"https:\/\/schema.org\/CreativeWork\" ><div class='avia_textblock'  itemprop=\"text\" ><ul>\n<li>Y\u00fczey ile y\u00fcksek aderans sa\u011flad\u0131\u011f\u0131ndan d\u00f6k\u00fclme yapmaz, ba\u011f dayan\u0131m\u0131 y\u00fcksektir.<\/li>\n<li>Y\u00fcksek performansl\u0131d\u0131r, \u00e7atlama yapmaz.<\/li>\n<li>Kolay haz\u0131rlan\u0131r ve uygulan\u0131r.<\/li>\n<\/ul>\n<\/div><\/section><\/p><\/div>\n<div  class='flex_column av-92yso-1456b6483c50c62c75f850b102f9bd50 av_one_third  avia-builder-el-8  el_after_av_two_third  el_before_av_toggle_container  flex_column_div  column-top-margin'     ><section  class='av_textblock_section av-mgkpmzwc-a2e5f4667d99f144c5bbf5f811dd7bee '   itemscope=\"itemscope\" itemtype=\"https:\/\/schema.org\/CreativeWork\" ><div class='avia_textblock'  itemprop=\"text\" ><h4>TEKN\u0130K BELGELER<\/h4>\n<\/div><\/section><br \/>\n<section  class='av_textblock_section av-mgkpn5vn-fffc2f65f1bfa96564cac8426d0c1575 '   itemscope=\"itemscope\" itemtype=\"https:\/\/schema.org\/CreativeWork\" ><div class='avia_textblock'  itemprop=\"text\" ><p><a href=\"https:\/\/www.kyk.com.tr\/wp-content\/uploads\/2026\/04\/h104_tds.pdf\" target=\"_blank\" rel=\"noopener\"><img loading=\"lazy\" decoding=\"async\" class=\"alignnone wp-image-8657 size-full\" src=\"https:\/\/www.kyk.com.tr\/wp-content\/uploads\/2025\/10\/TDS_1.jpg\" alt=\"\" width=\"410\" height=\"41\" srcset=\"https:\/\/www.kyk.com.tr\/wp-content\/uploads\/2025\/10\/TDS_1.jpg 410w, https:\/\/www.kyk.com.tr\/wp-content\/uploads\/2025\/10\/TDS_1-300x30.jpg 300w\" sizes=\"auto, (max-width: 410px) 100vw, 410px\" \/><\/a><br \/>\n<a href=\"https:\/\/www.kyk.com.tr\/wp-content\/uploads\/2025\/05\/h104_msds.pdf\" target=\"_blank\" rel=\"noopener\"><img loading=\"lazy\" decoding=\"async\" class=\"alignnone size-full wp-image-8656\" src=\"https:\/\/www.kyk.com.tr\/wp-content\/uploads\/2025\/10\/MSDS_1.jpg\" alt=\"\" width=\"410\" height=\"41\" srcset=\"https:\/\/www.kyk.com.tr\/wp-content\/uploads\/2025\/10\/MSDS_1.jpg 410w, https:\/\/www.kyk.com.tr\/wp-content\/uploads\/2025\/10\/MSDS_1-300x30.jpg 300w\" sizes=\"auto, (max-width: 410px) 100vw, 410px\" \/><\/a><br \/>\n<a href=\"https:\/\/www.kyk.com.tr\/?sdm_process_download=1&amp;download_id=9428\" target=\"_blank\" rel=\"noopener\"><img loading=\"lazy\" decoding=\"async\" class=\"alignnone size-full wp-image-8656\" src=\"https:\/\/www.kyk.com.tr\/wp-content\/uploads\/2025\/10\/CE.jpg\" alt=\"\" width=\"410\" height=\"41\" \/><\/a><\/p>\n<\/div><\/section><\/p><\/div>\n<style type=\"text\/css\" data-created_by=\"avia_inline_auto\" id=\"style-css-av-mgkpqay4-160b07447580439857759da9d60c87c3\">\n#top .togglecontainer.av-mgkpqay4-160b07447580439857759da9d60c87c3 h6.toggler{\nfont-size:17px;\ncolor:#003e73;\n}\n#top .togglecontainer.av-mgkpqay4-160b07447580439857759da9d60c87c3 h6.toggler .toggle_icon{\ncolor:#003e73;\nborder-color:#003e73;\n}\n#top .togglecontainer.av-mgkpqay4-160b07447580439857759da9d60c87c3 h6.toggler .toggle_icon > span{\ncolor:#003e73;\nborder-color:#003e73;\n}\n#top .togglecontainer.av-mgkpqay4-160b07447580439857759da9d60c87c3 .toggle_wrap .toggle_content{\nfont-size:14px;\ncolor:#003e73;\n}\n<\/style>\n<div  class='togglecontainer av-mgkpqay4-160b07447580439857759da9d60c87c3 av-minimal-toggle  avia-builder-el-11  el_after_av_one_third  avia-builder-el-last  toggle_close_all' >\n<section class='av_toggle_section av-mgkpnot0-3b7374269601de4f647cdc5dd7647594'  itemscope=\"itemscope\" itemtype=\"https:\/\/schema.org\/CreativeWork\" ><div role=\"tablist\" class=\"single_toggle\" data-tags=\"{T\u00fcm\u00fc} \"  ><h6 id='toggle-toggle-id-1' data-fake-id='#toggle-id-1' class='toggler  av-title-above '  itemprop=\"headline\"  role='tab' tabindex='0' aria-controls='toggle-id-1' data-slide-speed=\"200\" data-title=\"KULLANIM ALANLARI\" data-title-open=\"\" data-aria_collapsed=\"Click to expand: KULLANIM ALANLARI\" data-aria_expanded=\"Click to collapse: KULLANIM ALANLARI\">KULLANIM ALANLARI<span class=\"toggle_icon\"><span class=\"vert_icon\"><\/span><span class=\"hor_icon\"><\/span><\/span><\/h6><div id='toggle-id-1' aria-labelledby='toggle-toggle-id-1' role='region' class='toggle_wrap  av-title-above'  ><div class='toggle_content invers-color '  itemprop=\"text\" ><p><strong>MegaS\u0131va Perlitli H104<\/strong>; i\u00e7 ve d\u0131\u015f mekanlarda astarl\u0131 beton y\u00fczeyler ve\u00a0 astarl\u0131 gazbeton, her t\u00fcrl\u00fc kaba s\u0131va (MegaS\u0131va K H102, MegaS\u0131va Makine \u0130\u00e7 H107, MegaS\u0131va Makine D\u0131\u015f H108, MegaS\u0131va Elyafl\u0131 K H106) uygulanm\u0131\u015f duvar ve tavanlarda kullan\u0131l\u0131r.<\/p>\n<\/div><\/div><\/div><\/section>\n<section class='av_toggle_section av-mgkpofmy-6dc574acaaf2e355da49afab1bdf1f5c'  itemscope=\"itemscope\" itemtype=\"https:\/\/schema.org\/CreativeWork\" ><div role=\"tablist\" class=\"single_toggle\" data-tags=\"{T\u00fcm\u00fc} \"  ><h6 id='toggle-toggle-id-2' data-fake-id='#toggle-id-2' class='toggler  av-title-above '  itemprop=\"headline\"  role='tab' tabindex='0' aria-controls='toggle-id-2' data-slide-speed=\"200\" data-title=\"PERFORMANS B\u0130LG\u0130LER\u0130\" data-title-open=\"\" data-aria_collapsed=\"Click to expand: PERFORMANS B\u0130LG\u0130LER\u0130\" data-aria_expanded=\"Click to collapse: PERFORMANS B\u0130LG\u0130LER\u0130\">PERFORMANS B\u0130LG\u0130LER\u0130<span class=\"toggle_icon\"><span class=\"vert_icon\"><\/span><span class=\"hor_icon\"><\/span><\/span><\/h6><div id='toggle-id-2' aria-labelledby='toggle-toggle-id-2' role='region' class='toggle_wrap  av-title-above'  ><div class='toggle_content invers-color '  itemprop=\"text\" ><table width=\"577\">\n<tbody>\n<tr>\n<td width=\"227\"><strong>A\u00c7IKLAMA<\/strong><\/td>\n<td width=\"208\"><strong>DE\u011eER<\/strong><\/td>\n<td width=\"142\"><strong>STANDART<\/strong><\/td>\n<\/tr>\n<tr>\n<td width=\"227\"><strong>Kuru y\u0131\u011f\u0131n yo\u011funluk<\/strong><\/td>\n<td width=\"208\"><strong>1,40 \u00b1 0,1 gr\/cm<sup>3<\/sup><\/strong><\/td>\n<td width=\"142\"><strong>TS EN 1015 &#8211; 10<\/strong><\/td>\n<\/tr>\n<tr>\n<td width=\"227\"><strong>Bas\u0131n\u00e7 dayan\u0131m\u0131<\/strong><\/td>\n<td width=\"208\"><strong>CS III<\/strong><\/td>\n<td width=\"142\"><strong>TS EN 1015 &#8211; 11<\/strong><\/td>\n<\/tr>\n<tr>\n<td width=\"227\"><strong>Ba\u011f dayan\u0131m\u0131<\/strong><\/td>\n<td width=\"208\"><strong>&gt; 0,5 N\/mm<sup>2<\/sup><\/strong><\/td>\n<td width=\"142\"><strong>TS EN 1015 &#8211; 12<\/strong><\/td>\n<\/tr>\n<tr>\n<td width=\"227\"><strong>K\u0131lcal kapiler su emme katsay\u0131s\u0131<\/strong><\/td>\n<td width=\"208\"><strong>W 1<\/strong><\/td>\n<td width=\"142\"><strong>TS EN 1015 &#8211; 18<\/strong><\/td>\n<\/tr>\n<tr>\n<td width=\"227\"><strong>Su buhar\u0131 ge\u00e7irgenli\u011fi katsay\u0131s\u0131<\/strong><\/td>\n<td width=\"208\"><strong>\u00b5 &lt; 11<\/strong><\/td>\n<td width=\"142\"><strong>TS EN 1015 &#8211; 19<\/strong><\/td>\n<\/tr>\n<tr>\n<td width=\"227\"><strong>Hava i\u00e7eri\u011fi<\/strong><\/td>\n<td width=\"208\"><strong>% 8,5 \u00b1 0,5<\/strong><\/td>\n<td width=\"142\"><strong>TS EN 1015 &#8211; 7<\/strong><\/td>\n<\/tr>\n<tr>\n<td width=\"227\"><strong>\u0130\u015flenebilme s\u00fcresi<\/strong><\/td>\n<td width=\"208\"><strong>&gt; 5 saat (bu deney 20 \u00b1 5\u00baC s\u0131cakl\u0131kta ve minimum% 95 ba\u011f\u0131l nemli ortamda yap\u0131lm\u0131\u015ft\u0131r)<\/strong><\/td>\n<td width=\"142\"><strong>TS EN 1015 &#8211; 9<\/strong><\/td>\n<\/tr>\n<tr>\n<td width=\"227\"><strong>Yang\u0131na tepki<\/strong><\/td>\n<td width=\"208\"><strong>A1<\/strong><\/td>\n<td width=\"142\"><strong>TS EN 13501 &#8211; 1<\/strong><\/td>\n<\/tr>\n<\/tbody>\n<\/table>\n<p>Bu de\u011ferler laboratuvar \u015fartlar\u0131nda; 23 \u00b1 2\u00b0C ve %50 \u00b1 5 ba\u011f\u0131l nem ortam\u0131nda yap\u0131lan deneyler sonucunda elde edilmi\u015ftir. Tabloda verilen de\u011ferler y\u00fczey ve ortam ko\u015fullar\u0131na g\u00f6re farkl\u0131l\u0131k g\u00f6sterebilir.<\/p>\n<\/div><\/div><\/div><\/section>\n<section class='av_toggle_section av-mgkpompa-34db70cbafa9f83890b2fd64f436b54f'  itemscope=\"itemscope\" itemtype=\"https:\/\/schema.org\/CreativeWork\" ><div role=\"tablist\" class=\"single_toggle\" data-tags=\"{T\u00fcm\u00fc} \"  ><h6 id='toggle-toggle-id-3' data-fake-id='#toggle-id-3' class='toggler  av-title-above '  itemprop=\"headline\"  role='tab' tabindex='0' aria-controls='toggle-id-3' data-slide-speed=\"200\" data-title=\"UYGULAMA SINIRLARI\" data-title-open=\"\" data-aria_collapsed=\"Click to expand: UYGULAMA SINIRLARI\" data-aria_expanded=\"Click to collapse: UYGULAMA SINIRLARI\">UYGULAMA SINIRLARI<span class=\"toggle_icon\"><span class=\"vert_icon\"><\/span><span class=\"hor_icon\"><\/span><\/span><\/h6><div id='toggle-id-3' aria-labelledby='toggle-toggle-id-3' role='region' class='toggle_wrap  av-title-above'  ><div class='toggle_content invers-color '  itemprop=\"text\" ><table width=\"510\">\n<tbody>\n<tr>\n<td width=\"378\"><strong>A\u00c7IKLAMA<\/strong><\/td>\n<td width=\"132\"><strong>S\u00dcRE<\/strong><\/td>\n<\/tr>\n<tr>\n<td width=\"378\"><strong>Haz\u0131rlanan harc\u0131n kullan\u0131labilme s\u00fcresi &#8211; Kap \u00f6mr\u00fc<\/strong><\/td>\n<td width=\"132\"><strong>Maksimum 1 saat<\/strong><\/td>\n<\/tr>\n<tr>\n<td width=\"378\"><strong>S\u0131va y\u00fczeyinin d\u00fczeltilebilme s\u00fcresi<\/strong><\/td>\n<td width=\"132\"><strong>Maksimum 30 dk.<\/strong><\/td>\n<\/tr>\n<tr>\n<td width=\"378\"><strong>Tam kuruma s\u00fcresi<\/strong><\/td>\n<td width=\"132\"><strong>Minimum 2 g\u00fcn<\/strong><\/td>\n<\/tr>\n<\/tbody>\n<\/table>\n<p>Bu de\u011ferler laboratuvar \u015fartlar\u0131nda; 23 \u00b1 2\u00b0C ve %50 \u00b1 5 ba\u011f\u0131l nem ortam\u0131nda yap\u0131lan deneyler sonucunda elde edilmi\u015ftir. Tabloda verilen de\u011ferler y\u00fczey ve ortam ko\u015fullar\u0131na g\u00f6re farkl\u0131l\u0131k g\u00f6sterebilir.<\/p>\n<\/div><\/div><\/div><\/section>\n<section class='av_toggle_section av-mgkppbue-61a2674709ebcf69e9acaf8888b756eb'  itemscope=\"itemscope\" itemtype=\"https:\/\/schema.org\/CreativeWork\" ><div role=\"tablist\" class=\"single_toggle\" data-tags=\"{T\u00fcm\u00fc} \"  ><h6 id='toggle-toggle-id-4' data-fake-id='#toggle-id-4' class='toggler  av-title-above '  itemprop=\"headline\"  role='tab' tabindex='0' aria-controls='toggle-id-4' data-slide-speed=\"200\" data-title=\"REFERANS STANDARTLARI\" data-title-open=\"\" data-aria_collapsed=\"Click to expand: REFERANS STANDARTLARI\" data-aria_expanded=\"Click to collapse: REFERANS STANDARTLARI\">REFERANS STANDARTLARI<span class=\"toggle_icon\"><span class=\"vert_icon\"><\/span><span class=\"hor_icon\"><\/span><\/span><\/h6><div id='toggle-id-4' aria-labelledby='toggle-toggle-id-4' role='region' class='toggle_wrap  av-title-above'  ><div class='toggle_content invers-color '  itemprop=\"text\" ><p><strong>Onaylar\/Standartlar:<\/strong><br \/>\nTS EN 998- 1 (GP)<\/p>\n<p><strong>Bay\u0131nd\u0131rl\u0131k Bak. Poz No.:<\/strong><br \/>\nBay\u0131nd\u0131rl\u0131k Bak. Poz No.: 10.300. 1353<\/p>\n<\/div><\/div><\/div><\/section>\n<\/div><\/p>\n","protected":false},"excerpt":{"rendered":"","protected":false},"featured_media":4953,"comment_status":"closed","ping_status":"closed","template":"","meta":{"_acf_changed":false},"product_brand":[],"product_cat":[63],"product_tag":[],"class_list":{"0":"post-4952","1":"product","2":"type-product","3":"status-publish","4":"has-post-thumbnail","6":"product_cat-sivalar","8":"first","9":"instock","10":"shipping-taxable","11":"product-type-simple"},"acf":[],"_links":{"self":[{"href":"https:\/\/www.kyk.com.tr\/index.php?rest_route=\/wp\/v2\/product\/4952","targetHints":{"allow":["GET"]}}],"collection":[{"href":"https:\/\/www.kyk.com.tr\/index.php?rest_route=\/wp\/v2\/product"}],"about":[{"href":"https:\/\/www.kyk.com.tr\/index.php?rest_route=\/wp\/v2\/types\/product"}],"replies":[{"embeddable":true,"href":"https:\/\/www.kyk.com.tr\/index.php?rest_route=%2Fwp%2Fv2%2Fcomments&post=4952"}],"wp:featuredmedia":[{"embeddable":true,"href":"https:\/\/www.kyk.com.tr\/index.php?rest_route=\/wp\/v2\/media\/4953"}],"wp:attachment":[{"href":"https:\/\/www.kyk.com.tr\/index.php?rest_route=%2Fwp%2Fv2%2Fmedia&parent=4952"}],"wp:term":[{"taxonomy":"product_brand","embeddable":true,"href":"https:\/\/www.kyk.com.tr\/index.php?rest_route=%2Fwp%2Fv2%2Fproduct_brand&post=4952"},{"taxonomy":"product_cat","embeddable":true,"href":"https:\/\/www.kyk.com.tr\/index.php?rest_route=%2Fwp%2Fv2%2Fproduct_cat&post=4952"},{"taxonomy":"product_tag","embeddable":true,"href":"https:\/\/www.kyk.com.tr\/index.php?rest_route=%2Fwp%2Fv2%2Fproduct_tag&post=4952"}],"curies":[{"name":"wp","href":"https:\/\/api.w.org\/{rel}","templated":true}]}}