{"id":4972,"date":"2025-05-11T06:37:50","date_gmt":"2025-05-11T06:37:50","guid":{"rendered":"https:\/\/www.kyk.center\/?post_type=product&#038;p=4972"},"modified":"2026-04-28T12:25:45","modified_gmt":"2026-04-28T12:25:45","slug":"megasiva-makine-dis-h108","status":"publish","type":"product","link":"https:\/\/www.kyk.com.tr\/?product=megasiva-makine-dis-h108","title":{"rendered":"MegaS\u0131va Makine D\u0131\u015f H108"},"content":{"rendered":"<div  class='flex_column av-7v1sjg-a357aa8138ed6ac297785082a93c09f4 av_one_third  avia-builder-el-0  el_before_av_one_half  avia-builder-el-first  first flex_column_div  '     ><style type=\"text\/css\" data-created_by=\"avia_inline_auto\" id=\"style-css-av-mglrz6p5-76c877e437789a92a7a8fcde2bb7da9c\">\n.avia-image-container.av-mglrz6p5-76c877e437789a92a7a8fcde2bb7da9c img.avia_image{\nbox-shadow:none;\n}\n.avia-image-container.av-mglrz6p5-76c877e437789a92a7a8fcde2bb7da9c .av-image-caption-overlay-center{\ncolor:#ffffff;\n}\n<\/style>\n<div  class='avia-image-container av-mglrz6p5-76c877e437789a92a7a8fcde2bb7da9c av-styling- avia-align-center  avia-builder-el-1  avia-builder-el-no-sibling '   itemprop=\"image\" itemscope=\"itemscope\" itemtype=\"https:\/\/schema.org\/ImageObject\" ><div class=\"avia-image-container-inner\"><div class=\"avia-image-overlay-wrap\"><img decoding=\"async\" fetchpriority=\"high\" class='wp-image-4973 avia-img-lazy-loading-not-4973 avia_image ' src=\"https:\/\/www.kyk.com.tr\/wp-content\/uploads\/2025\/05\/h108.png\" alt='' title='MegaS\u0131va Makine D\u0131\u015f H108'  height=\"320\" width=\"320\"  itemprop=\"thumbnailUrl\" srcset=\"https:\/\/www.kyk.com.tr\/wp-content\/uploads\/2025\/05\/h108.png 320w, https:\/\/www.kyk.com.tr\/wp-content\/uploads\/2025\/05\/h108-300x300.png 300w, https:\/\/www.kyk.com.tr\/wp-content\/uploads\/2025\/05\/h108-100x100.png 100w, https:\/\/www.kyk.com.tr\/wp-content\/uploads\/2025\/05\/h108-80x80.png 80w, https:\/\/www.kyk.com.tr\/wp-content\/uploads\/2025\/05\/h108-36x36.png 36w, https:\/\/www.kyk.com.tr\/wp-content\/uploads\/2025\/05\/h108-180x180.png 180w, https:\/\/www.kyk.com.tr\/wp-content\/uploads\/2025\/05\/h108-120x120.png 120w, https:\/\/www.kyk.com.tr\/wp-content\/uploads\/2025\/05\/h108-96x96.png 96w\" sizes=\"(max-width: 320px) 100vw, 320px\" \/><\/div><\/div><\/div><\/div>\n<div  class='flex_column av-2bhdo-88186f1228cecf7189bb58999440ee1e av_one_half  avia-builder-el-2  el_after_av_one_third  el_before_av_two_third  flex_column_div  '     ><section  class='av_textblock_section av-mglrzg1i-4e1ef580139d51c59ea9945abd6acc62 '   itemscope=\"itemscope\" itemtype=\"https:\/\/schema.org\/CreativeWork\" ><div class='avia_textblock'  itemprop=\"text\" ><h1>MegaS\u0131va Makine D\u0131\u015f H108<\/h1>\n<\/div><\/section><br \/>\n\n<style type=\"text\/css\" data-created_by=\"avia_inline_auto\" id=\"style-css-av-mgls09av-febbc6f85d58602b7d58f17c4e3d6595\">\n#top .av_textblock_section.av-mgls09av-febbc6f85d58602b7d58f17c4e3d6595 .avia_textblock{\nfont-size:14px;\n}\n<\/style>\n<section  class='av_textblock_section av-mgls09av-febbc6f85d58602b7d58f17c4e3d6595 '   itemscope=\"itemscope\" itemtype=\"https:\/\/schema.org\/CreativeWork\" ><div class='avia_textblock'  itemprop=\"text\" ><p><strong>\u00c7imento esasl\u0131, tek bile\u015fenli, uygun gran\u00fclometride dolgu malzemesi i\u00e7eren, i\u015flenebilirli\u011fini ve mukavemetini art\u0131ran \u00f6zel kimyasallarla zenginle\u015ftirilmi\u015f, makine ile uygulamaya y\u00f6nelik d\u0131\u015f mek\u00e2n s\u0131vas\u0131d\u0131r.<\/strong><\/p>\n<\/div><\/section><\/p><\/div>\n<div  class='flex_column av-47ihv0-ebc05e7ccd6f0a2673cc2824369bc3a9 av_two_third  avia-builder-el-5  el_after_av_one_half  el_before_av_one_third  first flex_column_div  column-top-margin'     ><section  class='av_textblock_section av-mgls10q0-5be28c205fcf7f68fda7f6a48e70893b '   itemscope=\"itemscope\" itemtype=\"https:\/\/schema.org\/CreativeWork\" ><div class='avia_textblock'  itemprop=\"text\" ><h4>\u00a0 \u00a0 \u00dcR\u00dcN AVANTAJLARI<\/h4>\n<\/div><\/section><br \/>\n\n<style type=\"text\/css\" data-created_by=\"avia_inline_auto\" id=\"style-css-av-mgls1fs6-3cc32d08ee6fd42caf97d70cbf400488\">\n#top .av_textblock_section.av-mgls1fs6-3cc32d08ee6fd42caf97d70cbf400488 .avia_textblock{\nfont-size:14px;\n}\n<\/style>\n<section  class='av_textblock_section av-mgls1fs6-3cc32d08ee6fd42caf97d70cbf400488 '   itemscope=\"itemscope\" itemtype=\"https:\/\/schema.org\/CreativeWork\" ><div class='avia_textblock'  itemprop=\"text\" ><ul>\n<li>Y\u00fczey ile y\u00fcksek aderans sa\u011flad\u0131\u011f\u0131ndan d\u00f6k\u00fclme yapmaz, ba\u011f dayan\u0131m\u0131 y\u00fcksektir.<\/li>\n<li>Tek kat uygulama ile hem kaba hem de ince s\u0131va i\u015flemi g\u00f6r\u00fcr.<\/li>\n<li>Makine ile kolay ve h\u0131zl\u0131 uygulama olana\u011f\u0131 sa\u011flar.<\/li>\n<\/ul>\n<\/div><\/section><\/p><\/div>\n<div  class='flex_column av-aawlo-34a0c4fadffa3c65cd900ca22315deed av_one_third  avia-builder-el-8  el_after_av_two_third  el_before_av_toggle_container  flex_column_div  column-top-margin'     ><section  class='av_textblock_section av-mgls1pof-f678f16deffea78a8612e15ee0975270 '   itemscope=\"itemscope\" itemtype=\"https:\/\/schema.org\/CreativeWork\" ><div class='avia_textblock'  itemprop=\"text\" ><h4>TEKN\u0130K BELGELER<\/h4>\n<\/div><\/section><br \/>\n<section  class='av_textblock_section av-mgls1xkz-9af6dac8a6712578b0456ce2081906ff '   itemscope=\"itemscope\" itemtype=\"https:\/\/schema.org\/CreativeWork\" ><div class='avia_textblock'  itemprop=\"text\" ><p><a href=\"https:\/\/www.kyk.com.tr\/wp-content\/uploads\/2026\/04\/h108_tds.pdf\" target=\"_blank\" rel=\"noopener\"><img loading=\"lazy\" decoding=\"async\" class=\"alignnone wp-image-8657 size-full\" src=\"https:\/\/www.kyk.com.tr\/wp-content\/uploads\/2025\/10\/TDS_1.jpg\" alt=\"\" width=\"410\" height=\"41\" srcset=\"https:\/\/www.kyk.com.tr\/wp-content\/uploads\/2025\/10\/TDS_1.jpg 410w, https:\/\/www.kyk.com.tr\/wp-content\/uploads\/2025\/10\/TDS_1-300x30.jpg 300w\" sizes=\"auto, (max-width: 410px) 100vw, 410px\" \/><\/a><br \/>\n<a href=\"https:\/\/www.kyk.com.tr\/wp-content\/uploads\/2025\/10\/h108_msds.pdf\" target=\"_blank\" rel=\"noopener\"><img loading=\"lazy\" decoding=\"async\" class=\"alignnone size-full wp-image-8656\" src=\"https:\/\/www.kyk.com.tr\/wp-content\/uploads\/2025\/10\/MSDS_1.jpg\" alt=\"\" width=\"410\" height=\"41\" srcset=\"https:\/\/www.kyk.com.tr\/wp-content\/uploads\/2025\/10\/MSDS_1.jpg 410w, https:\/\/www.kyk.com.tr\/wp-content\/uploads\/2025\/10\/MSDS_1-300x30.jpg 300w\" sizes=\"auto, (max-width: 410px) 100vw, 410px\" \/><\/a><br \/>\n<a href=\"https:\/\/www.kyk.com.tr\/?sdm_process_download=1&amp;download_id=9436\" target=\"_blank\" rel=\"noopener\"><img loading=\"lazy\" decoding=\"async\" class=\"alignnone size-full wp-image-8656\" src=\"https:\/\/www.kyk.com.tr\/wp-content\/uploads\/2025\/10\/CE.jpg\" alt=\"\" width=\"410\" height=\"41\" \/><\/a><\/p>\n<\/div><\/section><\/p><\/div>\n<style type=\"text\/css\" data-created_by=\"avia_inline_auto\" id=\"style-css-av-mgls5lbo-d43a977258d4a8ad1950b392d9b86e31\">\n#top .togglecontainer.av-mgls5lbo-d43a977258d4a8ad1950b392d9b86e31 h6.toggler{\nfont-size:17px;\ncolor:#003e73;\n}\n#top .togglecontainer.av-mgls5lbo-d43a977258d4a8ad1950b392d9b86e31 h6.toggler .toggle_icon{\ncolor:#003e73;\nborder-color:#003e73;\n}\n#top .togglecontainer.av-mgls5lbo-d43a977258d4a8ad1950b392d9b86e31 h6.toggler .toggle_icon > span{\ncolor:#003e73;\nborder-color:#003e73;\n}\n#top .togglecontainer.av-mgls5lbo-d43a977258d4a8ad1950b392d9b86e31 .toggle_wrap .toggle_content{\nfont-size:14px;\ncolor:#003e73;\n}\n<\/style>\n<div  class='togglecontainer av-mgls5lbo-d43a977258d4a8ad1950b392d9b86e31 av-minimal-toggle  avia-builder-el-11  el_after_av_one_third  avia-builder-el-last  toggle_close_all' >\n<section class='av_toggle_section av-mgls2kbo-a78a8f0b525dbdfbd01ed681e0297836'  itemscope=\"itemscope\" itemtype=\"https:\/\/schema.org\/CreativeWork\" ><div role=\"tablist\" class=\"single_toggle\" data-tags=\"{T\u00fcm\u00fc} \"  ><h6 id='toggle-toggle-id-1' data-fake-id='#toggle-id-1' class='toggler  av-title-above '  itemprop=\"headline\"  role='tab' tabindex='0' aria-controls='toggle-id-1' data-slide-speed=\"200\" data-title=\"KULLANIM ALANLARI\" data-title-open=\"\" data-aria_collapsed=\"Click to expand: KULLANIM ALANLARI\" data-aria_expanded=\"Click to collapse: KULLANIM ALANLARI\">KULLANIM ALANLARI<span class=\"toggle_icon\"><span class=\"vert_icon\"><\/span><span class=\"hor_icon\"><\/span><\/span><\/h6><div id='toggle-id-1' aria-labelledby='toggle-toggle-id-1' role='region' class='toggle_wrap  av-title-above'  ><div class='toggle_content invers-color '  itemprop=\"text\" ><p><strong>MegaS\u0131va Makine D\u0131\u015f H108<\/strong>; d\u0131\u015f mekanlarda astarl\u0131 beton y\u00fczeylerde, astarl\u0131 gazbeton, briket, tu\u011fla, do\u011fal ta\u015f duvar ve tavanlarda kullan\u0131l\u0131r.<\/p>\n<\/div><\/div><\/div><\/section>\n<section class='av_toggle_section av-mgls3i3s-16b7ea4f8ecb8c35b8e212e978b3cfe2'  itemscope=\"itemscope\" itemtype=\"https:\/\/schema.org\/CreativeWork\" ><div role=\"tablist\" class=\"single_toggle\" data-tags=\"{T\u00fcm\u00fc} \"  ><h6 id='toggle-toggle-id-2' data-fake-id='#toggle-id-2' class='toggler  av-title-above '  itemprop=\"headline\"  role='tab' tabindex='0' aria-controls='toggle-id-2' data-slide-speed=\"200\" data-title=\"PERFORMANS B\u0130LG\u0130LER\u0130\" data-title-open=\"\" data-aria_collapsed=\"Click to expand: PERFORMANS B\u0130LG\u0130LER\u0130\" data-aria_expanded=\"Click to collapse: PERFORMANS B\u0130LG\u0130LER\u0130\">PERFORMANS B\u0130LG\u0130LER\u0130<span class=\"toggle_icon\"><span class=\"vert_icon\"><\/span><span class=\"hor_icon\"><\/span><\/span><\/h6><div id='toggle-id-2' aria-labelledby='toggle-toggle-id-2' role='region' class='toggle_wrap  av-title-above'  ><div class='toggle_content invers-color '  itemprop=\"text\" ><table width=\"577\">\n<tbody>\n<tr>\n<td width=\"227\"><strong>A\u00c7IKLAMA<\/strong><\/td>\n<td width=\"208\"><strong>DE\u011eER<\/strong><\/td>\n<td width=\"142\"><strong>STANDART<\/strong><\/td>\n<\/tr>\n<tr>\n<td width=\"227\"><strong>Kuru y\u0131\u011f\u0131n yo\u011funluk<\/strong><\/td>\n<td width=\"208\"><strong>1,65 \u00b1 0,1 gr\/cm<sup>3<\/sup><\/strong><\/td>\n<td width=\"142\"><strong>TS EN 1015 &#8211; 10<\/strong><\/td>\n<\/tr>\n<tr>\n<td width=\"227\"><strong>Bas\u0131n\u00e7 dayan\u0131m\u0131<\/strong><\/td>\n<td width=\"208\"><strong>CS IV<\/strong><\/td>\n<td width=\"142\"><strong>TS EN 1015 &#8211; 11<\/strong><\/td>\n<\/tr>\n<tr>\n<td width=\"227\"><strong>Ba\u011f dayan\u0131m\u0131<\/strong><\/td>\n<td width=\"208\"><strong>&gt; 0,2 N\/mm<sup>2<\/sup><\/strong><\/td>\n<td width=\"142\"><strong>TS EN 1015 &#8211; 12<\/strong><\/td>\n<\/tr>\n<tr>\n<td width=\"227\"><strong>K\u0131lcal kapiler su emme katsay\u0131s\u0131<\/strong><\/td>\n<td width=\"208\"><strong>W 0<\/strong><\/td>\n<td width=\"142\"><strong>TS EN 1015 &#8211; 18<\/strong><\/td>\n<\/tr>\n<tr>\n<td width=\"227\"><strong>Su buhar\u0131 ge\u00e7irgenli\u011fi katsay\u0131s\u0131<\/strong><\/td>\n<td width=\"208\"><strong>\u00b5 &lt;10<\/strong><\/td>\n<td width=\"142\"><strong>TS EN 1015 &#8211; 19<\/strong><\/td>\n<\/tr>\n<tr>\n<td width=\"227\"><strong>Hava i\u00e7eri\u011fi<\/strong><\/td>\n<td width=\"208\"><strong>%7 \u00b1 0,5<\/strong><\/td>\n<td width=\"142\"><strong>TS EN 1015 &#8211; 7<\/strong><\/td>\n<\/tr>\n<tr>\n<td width=\"227\"><strong>\u0130\u015flenebilme s\u00fcresi<\/strong><\/td>\n<td width=\"208\"><strong>&gt; 3 saat (bu deney 20 \u00b1 5\u00baC s\u0131cakl\u0131kta ve minimum%95 ba\u011f\u0131l nemli ortamda yap\u0131lm\u0131\u015ft\u0131r)<\/strong><\/td>\n<td width=\"142\"><strong>TS EN 1015 &#8211; 9<\/strong><\/td>\n<\/tr>\n<tr>\n<td width=\"227\"><strong>Yang\u0131na tepki<\/strong><\/td>\n<td width=\"208\"><strong>A1<\/strong><\/td>\n<td width=\"142\"><strong>TS EN 13501 &#8211; 1<\/strong><\/td>\n<\/tr>\n<\/tbody>\n<\/table>\n<p>Bu de\u011ferler laboratuvar \u015fartlar\u0131nda; 23 \u00b1 2\u00b0C ve %50 \u00b1 5 ba\u011f\u0131l nem ortam\u0131nda yap\u0131lan deneyler sonucunda elde edilmi\u015ftir. Tabloda verilen de\u011ferler y\u00fczey ve ortam ko\u015fullar\u0131na g\u00f6re farkl\u0131l\u0131k g\u00f6sterebilir.<\/p>\n<\/div><\/div><\/div><\/section>\n<section class='av_toggle_section av-mgls3nmc-b7f44bcee93c1bc97841bc05420b9eb9'  itemscope=\"itemscope\" itemtype=\"https:\/\/schema.org\/CreativeWork\" ><div role=\"tablist\" class=\"single_toggle\" data-tags=\"{T\u00fcm\u00fc} \"  ><h6 id='toggle-toggle-id-3' data-fake-id='#toggle-id-3' class='toggler  av-title-above '  itemprop=\"headline\"  role='tab' tabindex='0' aria-controls='toggle-id-3' data-slide-speed=\"200\" data-title=\"UYGULAMA SINIRLARI\" data-title-open=\"\" data-aria_collapsed=\"Click to expand: UYGULAMA SINIRLARI\" data-aria_expanded=\"Click to collapse: UYGULAMA SINIRLARI\">UYGULAMA SINIRLARI<span class=\"toggle_icon\"><span class=\"vert_icon\"><\/span><span class=\"hor_icon\"><\/span><\/span><\/h6><div id='toggle-id-3' aria-labelledby='toggle-toggle-id-3' role='region' class='toggle_wrap  av-title-above'  ><div class='toggle_content invers-color '  itemprop=\"text\" ><table width=\"510\">\n<tbody>\n<tr>\n<td width=\"378\"><strong>A\u00c7IKLAMA<\/strong><\/td>\n<td width=\"132\"><strong>S\u00dcRE<\/strong><\/td>\n<\/tr>\n<tr>\n<td width=\"378\">Haz\u0131rlanan harc\u0131n kullan\u0131labilme s\u00fcresi- Kap \u00f6mr\u00fc<\/td>\n<td width=\"132\">Maksimum 30 dk.<\/td>\n<\/tr>\n<tr>\n<td width=\"378\">S\u0131va y\u00fczeyinin d\u00fczeltilebilme s\u00fcresi<\/td>\n<td width=\"132\">Maksimum 30 dk.<\/td>\n<\/tr>\n<tr>\n<td width=\"378\">Tam kuruma s\u00fcresi<\/td>\n<td width=\"132\">Minimum 2 g\u00fcn<\/td>\n<\/tr>\n<\/tbody>\n<\/table>\n<p>Bu de\u011ferler laboratuvar \u015fartlar\u0131nda; 23 \u00b1 2\u00b0C ve %50 \u00b1 5 ba\u011f\u0131l nem ortam\u0131nda yap\u0131lan deneyler sonucunda elde edilmi\u015ftir. Tabloda verilen de\u011ferler y\u00fczey ve ortam ko\u015fullar\u0131na g\u00f6re farkl\u0131l\u0131k g\u00f6sterebilir.<\/p>\n<\/div><\/div><\/div><\/section>\n<section class='av_toggle_section av-mgls4e7l-58e81b2c6a3b57469e59ac904ac825a6'  itemscope=\"itemscope\" itemtype=\"https:\/\/schema.org\/CreativeWork\" ><div role=\"tablist\" class=\"single_toggle\" data-tags=\"{T\u00fcm\u00fc} \"  ><h6 id='toggle-toggle-id-4' data-fake-id='#toggle-id-4' class='toggler  av-title-above '  itemprop=\"headline\"  role='tab' tabindex='0' aria-controls='toggle-id-4' data-slide-speed=\"200\" data-title=\"REFERANS STANDARTLARI\" data-title-open=\"\" data-aria_collapsed=\"Click to expand: REFERANS STANDARTLARI\" data-aria_expanded=\"Click to collapse: REFERANS STANDARTLARI\">REFERANS STANDARTLARI<span class=\"toggle_icon\"><span class=\"vert_icon\"><\/span><span class=\"hor_icon\"><\/span><\/span><\/h6><div id='toggle-id-4' aria-labelledby='toggle-toggle-id-4' role='region' class='toggle_wrap  av-title-above'  ><div class='toggle_content invers-color '  itemprop=\"text\" ><p><strong>Onaylar\/Standartlar:<\/strong><br \/>\nTS EN 998- 1 (GP)<\/p>\n<p><strong>Bay\u0131nd\u0131rl\u0131k Bak. Poz No.:<\/strong><br \/>\nBay\u0131nd\u0131rl\u0131k Bak. Poz No.: 10.300.1353<\/p>\n<\/div><\/div><\/div><\/section>\n<\/div><\/p>\n","protected":false},"excerpt":{"rendered":"","protected":false},"featured_media":4973,"comment_status":"closed","ping_status":"closed","template":"","meta":{"_acf_changed":false},"product_brand":[],"product_cat":[63],"product_tag":[],"class_list":{"0":"post-4972","1":"product","2":"type-product","3":"status-publish","4":"has-post-thumbnail","6":"product_cat-sivalar","8":"first","9":"instock","10":"shipping-taxable","11":"product-type-simple"},"acf":[],"_links":{"self":[{"href":"https:\/\/www.kyk.com.tr\/index.php?rest_route=\/wp\/v2\/product\/4972","targetHints":{"allow":["GET"]}}],"collection":[{"href":"https:\/\/www.kyk.com.tr\/index.php?rest_route=\/wp\/v2\/product"}],"about":[{"href":"https:\/\/www.kyk.com.tr\/index.php?rest_route=\/wp\/v2\/types\/product"}],"replies":[{"embeddable":true,"href":"https:\/\/www.kyk.com.tr\/index.php?rest_route=%2Fwp%2Fv2%2Fcomments&post=4972"}],"wp:featuredmedia":[{"embeddable":true,"href":"https:\/\/www.kyk.com.tr\/index.php?rest_route=\/wp\/v2\/media\/4973"}],"wp:attachment":[{"href":"https:\/\/www.kyk.com.tr\/index.php?rest_route=%2Fwp%2Fv2%2Fmedia&parent=4972"}],"wp:term":[{"taxonomy":"product_brand","embeddable":true,"href":"https:\/\/www.kyk.com.tr\/index.php?rest_route=%2Fwp%2Fv2%2Fproduct_brand&post=4972"},{"taxonomy":"product_cat","embeddable":true,"href":"https:\/\/www.kyk.com.tr\/index.php?rest_route=%2Fwp%2Fv2%2Fproduct_cat&post=4972"},{"taxonomy":"product_tag","embeddable":true,"href":"https:\/\/www.kyk.com.tr\/index.php?rest_route=%2Fwp%2Fv2%2Fproduct_tag&post=4972"}],"curies":[{"name":"wp","href":"https:\/\/api.w.org\/{rel}","templated":true}]}}