{"id":4977,"date":"2025-05-11T06:44:14","date_gmt":"2025-05-11T06:44:14","guid":{"rendered":"https:\/\/www.kyk.center\/?post_type=product&#038;p=4977"},"modified":"2026-04-28T12:27:41","modified_gmt":"2026-04-28T12:27:41","slug":"megasiva-h201","status":"publish","type":"product","link":"https:\/\/www.kyk.com.tr\/?product=megasiva-h201","title":{"rendered":"MegaS\u0131va H201"},"content":{"rendered":"<div  class='flex_column av-7ld2j5-eedd13c26485bbcde7c1bca8f5a7ba79 av_one_third  avia-builder-el-0  el_before_av_one_half  avia-builder-el-first  first flex_column_div  '     ><style type=\"text\/css\" data-created_by=\"avia_inline_auto\" id=\"style-css-av-mh1oxcnk-2883b12faaab9247a7c9c1165c1f7a83\">\n.avia-image-container.av-mh1oxcnk-2883b12faaab9247a7c9c1165c1f7a83 img.avia_image{\nbox-shadow:none;\n}\n.avia-image-container.av-mh1oxcnk-2883b12faaab9247a7c9c1165c1f7a83 .av-image-caption-overlay-center{\ncolor:#ffffff;\n}\n<\/style>\n<div  class='avia-image-container av-mh1oxcnk-2883b12faaab9247a7c9c1165c1f7a83 av-styling- avia-align-center  avia-builder-el-1  avia-builder-el-no-sibling '   itemprop=\"image\" itemscope=\"itemscope\" itemtype=\"https:\/\/schema.org\/ImageObject\" ><div class=\"avia-image-container-inner\"><div class=\"avia-image-overlay-wrap\"><img decoding=\"async\" fetchpriority=\"high\" class='wp-image-9138 avia-img-lazy-loading-not-9138 avia_image ' src=\"https:\/\/www.kyk.com.tr\/wp-content\/uploads\/2025\/10\/h201.jpg\" alt='' title='h201'  height=\"320\" width=\"320\"  itemprop=\"thumbnailUrl\" srcset=\"https:\/\/www.kyk.com.tr\/wp-content\/uploads\/2025\/10\/h201.jpg 320w, https:\/\/www.kyk.com.tr\/wp-content\/uploads\/2025\/10\/h201-300x300.jpg 300w, https:\/\/www.kyk.com.tr\/wp-content\/uploads\/2025\/10\/h201-80x80.jpg 80w, https:\/\/www.kyk.com.tr\/wp-content\/uploads\/2025\/10\/h201-36x36.jpg 36w, https:\/\/www.kyk.com.tr\/wp-content\/uploads\/2025\/10\/h201-180x180.jpg 180w, https:\/\/www.kyk.com.tr\/wp-content\/uploads\/2025\/10\/h201-120x120.jpg 120w, https:\/\/www.kyk.com.tr\/wp-content\/uploads\/2025\/10\/h201-100x100.jpg 100w, https:\/\/www.kyk.com.tr\/wp-content\/uploads\/2025\/10\/h201-96x96.jpg 96w\" sizes=\"(max-width: 320px) 100vw, 320px\" \/><\/div><\/div><\/div><\/div>\n<div  class='flex_column av-6gwvox-6b56d15c7fb5cb5134b6bb9f9a1b6601 av_one_half  avia-builder-el-2  el_after_av_one_third  el_before_av_two_third  flex_column_div  '     ><section  class='av_textblock_section av-mgls9kq1-5a7d19ba26183b9c2b077c1dd62977b1 '   itemscope=\"itemscope\" itemtype=\"https:\/\/schema.org\/CreativeWork\" ><div class='avia_textblock'  itemprop=\"text\" ><h1>MegaS\u0131va H201<\/h1>\n<\/div><\/section><br \/>\n\n<style type=\"text\/css\" data-created_by=\"avia_inline_auto\" id=\"style-css-av-mglsa235-49a69dd9065eb38fc462cefae5dcbce3\">\n#top .av_textblock_section.av-mglsa235-49a69dd9065eb38fc462cefae5dcbce3 .avia_textblock{\nfont-size:14px;\n}\n<\/style>\n<section  class='av_textblock_section av-mglsa235-49a69dd9065eb38fc462cefae5dcbce3 '   itemscope=\"itemscope\" itemtype=\"https:\/\/schema.org\/CreativeWork\" ><div class='avia_textblock'  itemprop=\"text\" ><p><strong>Polimer em\u00fclsiyon esasl\u0131, tek bile\u015fenli, i\u00e7 ve d\u0131\u015f alanda kullan\u0131lan, mala ile uygulanan, mala ve \u00f6zel ekipmanlar ile farkl\u0131 desenler verilen br\u00fct beton g\u00f6r\u00fcn\u00fcm\u00fcne sahip, kullan\u0131ma haz\u0131r son kat dekoratif s\u0131vad\u0131r.<\/strong><\/p>\n<\/div><\/section><\/p><\/div>\n<div  class='flex_column av-4xuhy9-b9ff4da4d1a3b6869dc0009f536272cc av_two_third  avia-builder-el-5  el_after_av_one_half  el_before_av_one_third  first flex_column_div  column-top-margin'     ><section  class='av_textblock_section av-mglsanko-457a030536b79f77f7f28e80179b03a9 '   itemscope=\"itemscope\" itemtype=\"https:\/\/schema.org\/CreativeWork\" ><div class='avia_textblock'  itemprop=\"text\" ><h4>\u00a0 \u00a0 \u00dcR\u00dcN AVANTAJLARI<\/h4>\n<\/div><\/section><br \/>\n\n<style type=\"text\/css\" data-created_by=\"avia_inline_auto\" id=\"style-css-av-mglsb535-89ae523bf14de1cfbd9baa67e30d33b6\">\n#top .av_textblock_section.av-mglsb535-89ae523bf14de1cfbd9baa67e30d33b6 .avia_textblock{\nfont-size:14px;\n}\n<\/style>\n<section  class='av_textblock_section av-mglsb535-89ae523bf14de1cfbd9baa67e30d33b6 '   itemscope=\"itemscope\" itemtype=\"https:\/\/schema.org\/CreativeWork\" ><div class='avia_textblock'  itemprop=\"text\" ><ul>\n<li>\u00d6zel dokusu ve rengi sayesinde br\u00fct beton g\u00f6r\u00fcn\u00fcm\u00fcne sahiptir.<\/li>\n<li>D\u0131\u015f hava ko\u015fullar\u0131nda, ya\u011fmur, kar, a\u015f\u0131r\u0131 s\u0131cak veya a\u015f\u0131r\u0131 so\u011fuk gibi hava \u015fartlar\u0131ndan etkilenmez.<\/li>\n<li>Y\u00fcksek su buhar\u0131 ge\u00e7irgenli\u011fi vard\u0131r.<\/li>\n<li>Alkaliye dayan\u0131kl\u0131d\u0131r.<\/li>\n<li>Su bazl\u0131 oldu\u011fu i\u00e7in kokmaz, insan sa\u011fl\u0131\u011f\u0131na ve \u00e7evreye zarar vermez.<\/li>\n<\/ul>\n<\/div><\/section><\/p><\/div>\n<div  class='flex_column av-2h24i9-b57757eb3af80e7c5ccafc1cac44046a av_one_third  avia-builder-el-8  el_after_av_two_third  el_before_av_toggle_container  flex_column_div  column-top-margin'     ><section  class='av_textblock_section av-mglsbe2a-37cc40bc3a55f80867619ee88d51b962 '   itemscope=\"itemscope\" itemtype=\"https:\/\/schema.org\/CreativeWork\" ><div class='avia_textblock'  itemprop=\"text\" ><h4>TEKN\u0130K BELGELER<\/h4>\n<\/div><\/section><br \/>\n<section  class='av_textblock_section av-mglsbmec-901da94ab3738bd8cc678d837bb34013 '   itemscope=\"itemscope\" itemtype=\"https:\/\/schema.org\/CreativeWork\" ><div class='avia_textblock'  itemprop=\"text\" ><p><a href=\"https:\/\/www.kyk.com.tr\/wp-content\/uploads\/2026\/04\/h201_tds.pdf\" target=\"_blank\" rel=\"noopener\"><img loading=\"lazy\" decoding=\"async\" class=\"alignnone wp-image-8657 size-full\" src=\"https:\/\/www.kyk.com.tr\/wp-content\/uploads\/2025\/10\/TDS_1.jpg\" alt=\"\" width=\"410\" height=\"41\" srcset=\"https:\/\/www.kyk.com.tr\/wp-content\/uploads\/2025\/10\/TDS_1.jpg 410w, https:\/\/www.kyk.com.tr\/wp-content\/uploads\/2025\/10\/TDS_1-300x30.jpg 300w\" sizes=\"auto, (max-width: 410px) 100vw, 410px\" \/><\/a><br \/>\n<a href=\"https:\/\/www.kyk.com.tr\/wp-content\/uploads\/2025\/05\/h201_msds.pdf\" target=\"_blank\" rel=\"noopener\"><img loading=\"lazy\" decoding=\"async\" class=\"alignnone size-full wp-image-8656\" src=\"https:\/\/www.kyk.com.tr\/wp-content\/uploads\/2025\/10\/MSDS_1.jpg\" alt=\"\" width=\"410\" height=\"41\" srcset=\"https:\/\/www.kyk.com.tr\/wp-content\/uploads\/2025\/10\/MSDS_1.jpg 410w, https:\/\/www.kyk.com.tr\/wp-content\/uploads\/2025\/10\/MSDS_1-300x30.jpg 300w\" sizes=\"auto, (max-width: 410px) 100vw, 410px\" \/><\/a><br \/>\n<a href=\"https:\/\/www.kyk.com.tr\/?sdm_process_download=1&amp;download_id=9438\" target=\"_blank\" rel=\"noopener\"><img loading=\"lazy\" decoding=\"async\" class=\"alignnone size-full wp-image-8656\" src=\"https:\/\/www.kyk.com.tr\/wp-content\/uploads\/2025\/10\/CE.jpg\" alt=\"\" width=\"410\" height=\"41\" \/><\/a><\/p>\n<\/div><\/section><\/p><\/div>\n<style type=\"text\/css\" data-created_by=\"avia_inline_auto\" id=\"style-css-av-mglsey0g-4aec94ceac953552b18824dd52783165\">\n#top .togglecontainer.av-mglsey0g-4aec94ceac953552b18824dd52783165 h6.toggler{\nfont-size:17px;\ncolor:#003e73;\n}\n#top .togglecontainer.av-mglsey0g-4aec94ceac953552b18824dd52783165 h6.toggler .toggle_icon{\ncolor:#003e73;\nborder-color:#003e73;\n}\n#top .togglecontainer.av-mglsey0g-4aec94ceac953552b18824dd52783165 h6.toggler .toggle_icon > span{\ncolor:#003e73;\nborder-color:#003e73;\n}\n#top .togglecontainer.av-mglsey0g-4aec94ceac953552b18824dd52783165 .toggle_wrap .toggle_content{\nfont-size:14px;\ncolor:#003e73;\n}\n<\/style>\n<div  class='togglecontainer av-mglsey0g-4aec94ceac953552b18824dd52783165 av-minimal-toggle  avia-builder-el-11  el_after_av_one_third  avia-builder-el-last  toggle_close_all' >\n<section class='av_toggle_section av-mglsc7u2-be7059c0303e80427bc71eabe56b2073'  itemscope=\"itemscope\" itemtype=\"https:\/\/schema.org\/CreativeWork\" ><div role=\"tablist\" class=\"single_toggle\" data-tags=\"{T\u00fcm\u00fc} \"  ><h6 id='toggle-toggle-id-1' data-fake-id='#toggle-id-1' class='toggler  av-title-above '  itemprop=\"headline\"  role='tab' tabindex='0' aria-controls='toggle-id-1' data-slide-speed=\"200\" data-title=\"KULLANIM ALANLARI\" data-title-open=\"\" data-aria_collapsed=\"Click to expand: KULLANIM ALANLARI\" data-aria_expanded=\"Click to collapse: KULLANIM ALANLARI\">KULLANIM ALANLARI<span class=\"toggle_icon\"><span class=\"vert_icon\"><\/span><span class=\"hor_icon\"><\/span><\/span><\/h6><div id='toggle-id-1' aria-labelledby='toggle-toggle-id-1' role='region' class='toggle_wrap  av-title-above'  ><div class='toggle_content invers-color '  itemprop=\"text\" ><p><strong>MegaS\u0131va H201<\/strong>; kaba s\u0131va, beton, \u00e7imento esasl\u0131 levha gibi mineral y\u00fczeylere, al\u00e7\u0131 s\u0131va, al\u00e7\u0131pan, sabitlenmi\u015f kontrplak ve eski boyal\u0131 y\u00fczeylere, \u0131s\u0131 yal\u0131t\u0131m levhas\u0131 s\u0131va harc\u0131 \u00fczerine son kat dekoratif s\u0131va olarak kullan\u0131l\u0131r.<\/p>\n<\/div><\/div><\/div><\/section>\n<section class='av_toggle_section av-mglscxlj-6eb817744bc5087cb0e56806635c2dfa'  itemscope=\"itemscope\" itemtype=\"https:\/\/schema.org\/CreativeWork\" ><div role=\"tablist\" class=\"single_toggle\" data-tags=\"{T\u00fcm\u00fc} \"  ><h6 id='toggle-toggle-id-2' data-fake-id='#toggle-id-2' class='toggler  av-title-above '  itemprop=\"headline\"  role='tab' tabindex='0' aria-controls='toggle-id-2' data-slide-speed=\"200\" data-title=\"PERFORMANS B\u0130LG\u0130LER\u0130\" data-title-open=\"\" data-aria_collapsed=\"Click to expand: PERFORMANS B\u0130LG\u0130LER\u0130\" data-aria_expanded=\"Click to collapse: PERFORMANS B\u0130LG\u0130LER\u0130\">PERFORMANS B\u0130LG\u0130LER\u0130<span class=\"toggle_icon\"><span class=\"vert_icon\"><\/span><span class=\"hor_icon\"><\/span><\/span><\/h6><div id='toggle-id-2' aria-labelledby='toggle-toggle-id-2' role='region' class='toggle_wrap  av-title-above'  ><div class='toggle_content invers-color '  itemprop=\"text\" ><table width=\"577\">\n<tbody>\n<tr>\n<td width=\"227\"><strong>A\u00c7IKLAMA<\/strong><\/td>\n<td width=\"208\"><strong>DE\u011eER<\/strong><\/td>\n<td width=\"142\"><strong>STANDART<\/strong><\/td>\n<\/tr>\n<tr>\n<td width=\"227\"><strong>Parlakl\u0131k<\/strong><\/td>\n<td width=\"208\"><strong>S\u0131n\u0131f G3<\/strong><\/td>\n<td width=\"142\"><strong>TS 4318 EN ISO 2813<\/strong><\/td>\n<\/tr>\n<tr>\n<td width=\"227\"><strong>Kuru film kal\u0131nl\u0131\u011f\u0131<\/strong><\/td>\n<td width=\"208\"><strong>S\u0131n\u0131f E5<\/strong><\/td>\n<td width=\"142\"><strong>TS EN 1062 &#8211; 1<\/strong><\/td>\n<\/tr>\n<tr>\n<td width=\"227\"><strong>Tane b\u00fcy\u00fckl\u00fc\u011f\u00fc<\/strong><\/td>\n<td width=\"208\"><strong>S\u0131n\u0131f S3<\/strong><\/td>\n<td width=\"142\"><strong>TS 2585<\/strong><\/td>\n<\/tr>\n<tr>\n<td width=\"227\"><strong>Su buhar\u0131 aktar\u0131m h\u0131z\u0131<\/strong><\/td>\n<td width=\"208\"><strong>S\u0131n\u0131f V2<\/strong><\/td>\n<td width=\"142\"><strong>TS EN ISO 7783 &#8211; 2<\/strong><\/td>\n<\/tr>\n<tr>\n<td width=\"227\"><strong>Su aktar\u0131m h\u0131z\u0131<\/strong><\/td>\n<td width=\"208\"><strong>S\u0131n\u0131f W2<\/strong><\/td>\n<td width=\"142\"><strong>TS EN 1062 &#8211; 3<\/strong><\/td>\n<\/tr>\n<\/tbody>\n<\/table>\n<p>Bu de\u011ferler laboratuvar \u015fartlar\u0131nda; 23 \u00b1 2\u00b0C ve %50 \u00b1 5 ba\u011f\u0131l nem ortam\u0131nda yap\u0131lan deneyler sonucunda elde edilmi\u015ftir. Tabloda verilen de\u011ferler y\u00fczey ve ortam ko\u015fullar\u0131na g\u00f6re farkl\u0131l\u0131k g\u00f6sterebilir.<\/p>\n<\/div><\/div><\/div><\/section>\n<section class='av_toggle_section av-mglsd35f-adaf3d3894fefade2bda4b7f3b406023'  itemscope=\"itemscope\" itemtype=\"https:\/\/schema.org\/CreativeWork\" ><div role=\"tablist\" class=\"single_toggle\" data-tags=\"{T\u00fcm\u00fc} \"  ><h6 id='toggle-toggle-id-3' data-fake-id='#toggle-id-3' class='toggler  av-title-above '  itemprop=\"headline\"  role='tab' tabindex='0' aria-controls='toggle-id-3' data-slide-speed=\"200\" data-title=\"UYGULAMA SINIRLARI\" data-title-open=\"\" data-aria_collapsed=\"Click to expand: UYGULAMA SINIRLARI\" data-aria_expanded=\"Click to collapse: UYGULAMA SINIRLARI\">UYGULAMA SINIRLARI<span class=\"toggle_icon\"><span class=\"vert_icon\"><\/span><span class=\"hor_icon\"><\/span><\/span><\/h6><div id='toggle-id-3' aria-labelledby='toggle-toggle-id-3' role='region' class='toggle_wrap  av-title-above'  ><div class='toggle_content invers-color '  itemprop=\"text\" ><table width=\"567\">\n<tbody>\n<tr>\n<td width=\"378\"><strong>A\u00c7IKLAMA<\/strong><\/td>\n<td width=\"189\"><strong>S\u00dcRE<\/strong><\/td>\n<\/tr>\n<tr>\n<td width=\"378\"><strong>Kuruma S\u00fcresi\u00a0\u00a0\u00a0\u00a0\u00a0\u00a0\u00a0\u00a0\u00a0\u00a0<\/strong><\/td>\n<td width=\"189\"><strong>Minimum 24 saat<\/strong><\/td>\n<\/tr>\n<tr>\n<td width=\"378\"><strong>Tam kuruma s\u00fcresi<\/strong><\/td>\n<td width=\"189\"><strong>7 g\u00fcn<\/strong><\/td>\n<\/tr>\n<tr>\n<td width=\"378\"><strong>Astar uygulamas\u0131ndan sonra beklenilmesi gereken s\u00fcre<\/strong><\/td>\n<td width=\"189\"><strong>Minimum 4 saat<\/strong><\/td>\n<\/tr>\n<tr>\n<td width=\"378\"><strong>Desen verilmesi i\u00e7in beklenilmesi gereken s\u00fcre<\/strong><\/td>\n<td width=\"189\"><strong>Minimum 15 dakika<\/strong><\/td>\n<\/tr>\n<\/tbody>\n<\/table>\n<p>Bu de\u011ferler laboratuvar \u015fartlar\u0131nda; 23 \u00b1 2\u00b0C ve %50 \u00b1 5 ba\u011f\u0131l nem ortam\u0131nda yap\u0131lan deneyler sonucunda elde edilmi\u015ftir. Tabloda verilen de\u011ferler y\u00fczey ve ortam ko\u015fullar\u0131na g\u00f6re farkl\u0131l\u0131k g\u00f6sterebilir.<\/p>\n<\/div><\/div><\/div><\/section>\n<section class='av_toggle_section av-mglsds17-083e6ddbe3d6baa4bf6602ebf0e025f0'  itemscope=\"itemscope\" itemtype=\"https:\/\/schema.org\/CreativeWork\" ><div role=\"tablist\" class=\"single_toggle\" data-tags=\"{T\u00fcm\u00fc} \"  ><h6 id='toggle-toggle-id-4' data-fake-id='#toggle-id-4' class='toggler  av-title-above '  itemprop=\"headline\"  role='tab' tabindex='0' aria-controls='toggle-id-4' data-slide-speed=\"200\" data-title=\"REFERANS STANDARTLARI\" data-title-open=\"\" data-aria_collapsed=\"Click to expand: REFERANS STANDARTLARI\" data-aria_expanded=\"Click to collapse: REFERANS STANDARTLARI\">REFERANS STANDARTLARI<span class=\"toggle_icon\"><span class=\"vert_icon\"><\/span><span class=\"hor_icon\"><\/span><\/span><\/h6><div id='toggle-id-4' aria-labelledby='toggle-toggle-id-4' role='region' class='toggle_wrap  av-title-above'  ><div class='toggle_content invers-color '  itemprop=\"text\" ><p><strong>Onaylar\/Standartlar:<\/strong><br \/>\nTS 7847<\/p>\n<p><strong>Bay\u0131nd\u0131rl\u0131k Bak. Poz No.:<\/strong><br \/>\nBay\u0131nd\u0131rl\u0131k Bak. Poz No.: 04.470<\/p>\n<\/div><\/div><\/div><\/section>\n<\/div><\/p>\n","protected":false},"excerpt":{"rendered":"","protected":false},"featured_media":9138,"comment_status":"closed","ping_status":"closed","template":"","meta":{"_acf_changed":false},"product_brand":[],"product_cat":[63],"product_tag":[],"class_list":{"0":"post-4977","1":"product","2":"type-product","3":"status-publish","4":"has-post-thumbnail","6":"product_cat-sivalar","8":"first","9":"instock","10":"shipping-taxable","11":"product-type-simple"},"acf":[],"_links":{"self":[{"href":"https:\/\/www.kyk.com.tr\/index.php?rest_route=\/wp\/v2\/product\/4977","targetHints":{"allow":["GET"]}}],"collection":[{"href":"https:\/\/www.kyk.com.tr\/index.php?rest_route=\/wp\/v2\/product"}],"about":[{"href":"https:\/\/www.kyk.com.tr\/index.php?rest_route=\/wp\/v2\/types\/product"}],"replies":[{"embeddable":true,"href":"https:\/\/www.kyk.com.tr\/index.php?rest_route=%2Fwp%2Fv2%2Fcomments&post=4977"}],"wp:featuredmedia":[{"embeddable":true,"href":"https:\/\/www.kyk.com.tr\/index.php?rest_route=\/wp\/v2\/media\/9138"}],"wp:attachment":[{"href":"https:\/\/www.kyk.com.tr\/index.php?rest_route=%2Fwp%2Fv2%2Fmedia&parent=4977"}],"wp:term":[{"taxonomy":"product_brand","embeddable":true,"href":"https:\/\/www.kyk.com.tr\/index.php?rest_route=%2Fwp%2Fv2%2Fproduct_brand&post=4977"},{"taxonomy":"product_cat","embeddable":true,"href":"https:\/\/www.kyk.com.tr\/index.php?rest_route=%2Fwp%2Fv2%2Fproduct_cat&post=4977"},{"taxonomy":"product_tag","embeddable":true,"href":"https:\/\/www.kyk.com.tr\/index.php?rest_route=%2Fwp%2Fv2%2Fproduct_tag&post=4977"}],"curies":[{"name":"wp","href":"https:\/\/api.w.org\/{rel}","templated":true}]}}