{"id":5032,"date":"2025-05-11T11:56:55","date_gmt":"2025-05-11T11:56:55","guid":{"rendered":"https:\/\/www.kyk.center\/?post_type=product&#038;p=5032"},"modified":"2026-04-28T13:19:41","modified_gmt":"2026-04-28T13:19:41","slug":"megafilm-izo-a301","status":"publish","type":"product","link":"https:\/\/www.kyk.com.tr\/?product=megafilm-izo-a301","title":{"rendered":"MegaFilm \u0130zo A301"},"content":{"rendered":"<div  class='flex_column av-7gjw08-aba1c8aa4ea3ec583645908ada2184a1 av_one_third  avia-builder-el-0  el_before_av_one_half  avia-builder-el-first  first flex_column_div  '     ><style type=\"text\/css\" data-created_by=\"avia_inline_auto\" id=\"style-css-av-mgmepa9b-3fd9275356d92f0e02a50a4cace8a270\">\n.avia-image-container.av-mgmepa9b-3fd9275356d92f0e02a50a4cace8a270 img.avia_image{\nbox-shadow:none;\n}\n.avia-image-container.av-mgmepa9b-3fd9275356d92f0e02a50a4cace8a270 .av-image-caption-overlay-center{\ncolor:#ffffff;\n}\n<\/style>\n<div  class='avia-image-container av-mgmepa9b-3fd9275356d92f0e02a50a4cace8a270 av-styling- avia-align-center  avia-builder-el-1  avia-builder-el-no-sibling '   itemprop=\"image\" itemscope=\"itemscope\" itemtype=\"https:\/\/schema.org\/ImageObject\" ><div class=\"avia-image-container-inner\"><div class=\"avia-image-overlay-wrap\"><img decoding=\"async\" fetchpriority=\"high\" class='wp-image-5033 avia-img-lazy-loading-not-5033 avia_image ' src=\"https:\/\/www.kyk.com.tr\/wp-content\/uploads\/2025\/05\/a301.png\" alt='' title='MegaFilm \u0130zo A301'  height=\"320\" width=\"320\"  itemprop=\"thumbnailUrl\" srcset=\"https:\/\/www.kyk.com.tr\/wp-content\/uploads\/2025\/05\/a301.png 320w, https:\/\/www.kyk.com.tr\/wp-content\/uploads\/2025\/05\/a301-300x300.png 300w, https:\/\/www.kyk.com.tr\/wp-content\/uploads\/2025\/05\/a301-100x100.png 100w, https:\/\/www.kyk.com.tr\/wp-content\/uploads\/2025\/05\/a301-80x80.png 80w, https:\/\/www.kyk.com.tr\/wp-content\/uploads\/2025\/05\/a301-36x36.png 36w, https:\/\/www.kyk.com.tr\/wp-content\/uploads\/2025\/05\/a301-180x180.png 180w, https:\/\/www.kyk.com.tr\/wp-content\/uploads\/2025\/05\/a301-120x120.png 120w, https:\/\/www.kyk.com.tr\/wp-content\/uploads\/2025\/05\/a301-96x96.png 96w\" sizes=\"(max-width: 320px) 100vw, 320px\" \/><\/div><\/div><\/div><\/div>\n<div  class='flex_column av-6iz1hk-001fc1623d26c4b3da0cffe473474434 av_one_half  avia-builder-el-2  el_after_av_one_third  el_before_av_two_third  flex_column_div  '     ><section  class='av_textblock_section av-mgmepjx7-15dac38d0ab5754618b8288484694203 '   itemscope=\"itemscope\" itemtype=\"https:\/\/schema.org\/CreativeWork\" ><div class='avia_textblock'  itemprop=\"text\" ><h1>MegaFilm \u0130zo A301<\/h1>\n<\/div><\/section><br \/>\n\n<style type=\"text\/css\" data-created_by=\"avia_inline_auto\" id=\"style-css-av-mgmepu3l-bf5ed9c569909a82751e64c0cc59ff83\">\n#top .av_textblock_section.av-mgmepu3l-bf5ed9c569909a82751e64c0cc59ff83 .avia_textblock{\nfont-size:14px;\n}\n<\/style>\n<section  class='av_textblock_section av-mgmepu3l-bf5ed9c569909a82751e64c0cc59ff83 '   itemscope=\"itemscope\" itemtype=\"https:\/\/schema.org\/CreativeWork\" ><div class='avia_textblock'  itemprop=\"text\" ><p><strong>Bit\u00fcm em\u00fclsiyon esasl\u0131, tek bile\u015fenli, solvent i\u00e7ermeyen, y\u00fczey haz\u0131rlay\u0131c\u0131 astard\u0131r.<\/strong><\/p>\n<\/div><\/section><\/p><\/div>\n<div  class='flex_column av-45ohd4-f770e5e78d63b424d2173548423094cf av_two_third  avia-builder-el-5  el_after_av_one_half  el_before_av_one_third  first flex_column_div  column-top-margin'     ><section  class='av_textblock_section av-mgmeqeyb-e7bb9ae066fcaea4ac4d2c0568dafbf6 '   itemscope=\"itemscope\" itemtype=\"https:\/\/schema.org\/CreativeWork\" ><div class='avia_textblock'  itemprop=\"text\" ><h4>\u00a0 \u00a0 \u00dcR\u00dcN AVANTAJLARI<\/h4>\n<\/div><\/section><br \/>\n\n<style type=\"text\/css\" data-created_by=\"avia_inline_auto\" id=\"style-css-av-mgmeqp7l-71a4fe38779c8f607d4be5fc720aeeea\">\n#top .av_textblock_section.av-mgmeqp7l-71a4fe38779c8f607d4be5fc720aeeea .avia_textblock{\nfont-size:14px;\n}\n<\/style>\n<section  class='av_textblock_section av-mgmeqp7l-71a4fe38779c8f607d4be5fc720aeeea '   itemscope=\"itemscope\" itemtype=\"https:\/\/schema.org\/CreativeWork\" ><div class='avia_textblock'  itemprop=\"text\" ><ul>\n<li>Bit\u00fcm esasl\u0131 su yal\u0131t\u0131m malzemelerinin y\u00fczeye daha sa\u011flam ve bo\u015fluksuz yap\u0131\u015fmas\u0131n\u0131 sa\u011flar.<\/li>\n<li>Kuru ya da hafif nemli ancak \u0131slak olmayan y\u00fczeylerde uygulanabilir.<\/li>\n<li>Kullan\u0131ma haz\u0131rd\u0131r, h\u0131zl\u0131 ve kolay uygulan\u0131r.<\/li>\n<li>Solvent i\u00e7ermez, \u00e7evre dostudur.<\/li>\n<\/ul>\n<\/div><\/section><\/p><\/div>\n<div  class='flex_column av-2ssd60-9788bf592a5d92277db06b91a702b829 av_one_third  avia-builder-el-8  el_after_av_two_third  el_before_av_toggle_container  flex_column_div  column-top-margin'     ><section  class='av_textblock_section av-mgmeqz8m-a8461f2102c83eae08cfdc64e5fa9bbb '   itemscope=\"itemscope\" itemtype=\"https:\/\/schema.org\/CreativeWork\" ><div class='avia_textblock'  itemprop=\"text\" ><h4>TEKN\u0130K BELGELER<\/h4>\n<\/div><\/section><br \/>\n<section  class='av_textblock_section av-mgmer59p-ace1fa5cb752cf52690636d419b3b719 '   itemscope=\"itemscope\" itemtype=\"https:\/\/schema.org\/CreativeWork\" ><div class='avia_textblock'  itemprop=\"text\" ><p><a href=\"https:\/\/www.kyk.com.tr\/wp-content\/uploads\/2026\/04\/a301_tds.pdf\" target=\"_blank\" rel=\"noopener\"><img loading=\"lazy\" decoding=\"async\" class=\"alignnone wp-image-8657 size-full\" src=\"https:\/\/www.kyk.com.tr\/wp-content\/uploads\/2025\/10\/TDS_1.jpg\" alt=\"\" width=\"410\" height=\"41\" srcset=\"https:\/\/www.kyk.com.tr\/wp-content\/uploads\/2025\/10\/TDS_1.jpg 410w, https:\/\/www.kyk.com.tr\/wp-content\/uploads\/2025\/10\/TDS_1-300x30.jpg 300w\" sizes=\"auto, (max-width: 410px) 100vw, 410px\" \/><\/a><br \/>\n<a href=\"https:\/\/www.kyk.com.tr\/wp-content\/uploads\/2025\/05\/a301_msds.pdf\" target=\"_blank\" rel=\"noopener\"><img loading=\"lazy\" decoding=\"async\" class=\"alignnone size-full wp-image-8656\" src=\"https:\/\/www.kyk.com.tr\/wp-content\/uploads\/2025\/10\/MSDS_1.jpg\" alt=\"\" width=\"410\" height=\"41\" srcset=\"https:\/\/www.kyk.com.tr\/wp-content\/uploads\/2025\/10\/MSDS_1.jpg 410w, https:\/\/www.kyk.com.tr\/wp-content\/uploads\/2025\/10\/MSDS_1-300x30.jpg 300w\" sizes=\"auto, (max-width: 410px) 100vw, 410px\" \/><\/a><br \/>\n<a href=\"https:\/\/www.kyk.com.tr\/?sdm_process_download=1&amp;download_id=9466\" target=\"_blank\" rel=\"noopener\"><img loading=\"lazy\" decoding=\"async\" class=\"alignnone size-full wp-image-8656\" src=\"https:\/\/www.kyk.com.tr\/wp-content\/uploads\/2025\/10\/CE.jpg\" alt=\"\" width=\"410\" height=\"41\" \/><\/a><\/p>\n<\/div><\/section><\/p><\/div>\n<style type=\"text\/css\" data-created_by=\"avia_inline_auto\" id=\"style-css-av-mgmetshm-12a05435f64e06d8420e58e3c82e94a1\">\n#top .togglecontainer.av-mgmetshm-12a05435f64e06d8420e58e3c82e94a1 h6.toggler{\nfont-size:17px;\ncolor:#003e73;\n}\n#top .togglecontainer.av-mgmetshm-12a05435f64e06d8420e58e3c82e94a1 h6.toggler .toggle_icon{\ncolor:#003e73;\nborder-color:#003e73;\n}\n#top .togglecontainer.av-mgmetshm-12a05435f64e06d8420e58e3c82e94a1 h6.toggler .toggle_icon > span{\ncolor:#003e73;\nborder-color:#003e73;\n}\n#top .togglecontainer.av-mgmetshm-12a05435f64e06d8420e58e3c82e94a1 .toggle_wrap .toggle_content{\nfont-size:14px;\ncolor:#003e73;\n}\n<\/style>\n<div  class='togglecontainer av-mgmetshm-12a05435f64e06d8420e58e3c82e94a1 av-minimal-toggle  avia-builder-el-11  el_after_av_one_third  avia-builder-el-last  toggle_close_all' >\n<section class='av_toggle_section av-mgmerni6-cf8f2012a8414ac76c15d5baec6ac4fc'  itemscope=\"itemscope\" itemtype=\"https:\/\/schema.org\/CreativeWork\" ><div role=\"tablist\" class=\"single_toggle\" data-tags=\"{T\u00fcm\u00fc} \"  ><h6 id='toggle-toggle-id-1' data-fake-id='#toggle-id-1' class='toggler  av-title-above '  itemprop=\"headline\"  role='tab' tabindex='0' aria-controls='toggle-id-1' data-slide-speed=\"200\" data-title=\"KULLANIM ALANLARI\" data-title-open=\"\" data-aria_collapsed=\"Click to expand: KULLANIM ALANLARI\" data-aria_expanded=\"Click to collapse: KULLANIM ALANLARI\">KULLANIM ALANLARI<span class=\"toggle_icon\"><span class=\"vert_icon\"><\/span><span class=\"hor_icon\"><\/span><\/span><\/h6><div id='toggle-id-1' aria-labelledby='toggle-toggle-id-1' role='region' class='toggle_wrap  av-title-above'  ><div class='toggle_content invers-color '  itemprop=\"text\" ><p><strong>MegaFilm \u0130zo A301<\/strong>; t\u00fcm yap\u0131larda, \u00f6zellikle toprak alt\u0131nda kalan temel, temel alt\u0131, perde betonlar\u0131 ve istinat duvarlar\u0131nda bit\u00fcm esasl\u0131 su yal\u0131t\u0131m malzemelerinden \u00f6nce y\u00fczey haz\u0131rl\u0131\u011f\u0131 sa\u011flamak i\u00e7in kullan\u0131l\u0131r. \u0130\u00e7 ve d\u0131\u015f mekan, yatay ve d\u00fc\u015fey y\u00fczeylerde kullan\u0131ma uygundur.<\/p>\n<\/div><\/div><\/div><\/section>\n<section class='av_toggle_section av-mgmes3hg-f0afbaefc806afc176136c21e0674be4'  itemscope=\"itemscope\" itemtype=\"https:\/\/schema.org\/CreativeWork\" ><div role=\"tablist\" class=\"single_toggle\" data-tags=\"{T\u00fcm\u00fc} \"  ><h6 id='toggle-toggle-id-2' data-fake-id='#toggle-id-2' class='toggler  av-title-above '  itemprop=\"headline\"  role='tab' tabindex='0' aria-controls='toggle-id-2' data-slide-speed=\"200\" data-title=\"UYGULAMA SINIRLARI\" data-title-open=\"\" data-aria_collapsed=\"Click to expand: UYGULAMA SINIRLARI\" data-aria_expanded=\"Click to collapse: UYGULAMA SINIRLARI\">UYGULAMA SINIRLARI<span class=\"toggle_icon\"><span class=\"vert_icon\"><\/span><span class=\"hor_icon\"><\/span><\/span><\/h6><div id='toggle-id-2' aria-labelledby='toggle-toggle-id-2' role='region' class='toggle_wrap  av-title-above'  ><div class='toggle_content invers-color '  itemprop=\"text\" ><table width=\"567\">\n<tbody>\n<tr>\n<td width=\"378\"><strong>A\u00c7IKLAMA<\/strong><\/td>\n<td width=\"189\"><strong>S\u00dcRE<\/strong><\/td>\n<\/tr>\n<tr>\n<td width=\"378\"><strong>Kap \u00f6mr\u00fc<\/strong><\/td>\n<td width=\"189\"><strong>Maksimum 1 saat<\/strong><\/td>\n<\/tr>\n<tr>\n<td width=\"378\"><strong>Katlar aras\u0131 bekleme s\u00fcresi\u00a0\u00a0\u00a0\u00a0\u00a0\u00a0\u00a0\u00a0\u00a0\u00a0<\/strong><\/td>\n<td width=\"189\"><strong>Minimum 2 saat<\/strong><\/td>\n<\/tr>\n<tr>\n<td width=\"378\"><strong>\u00dczerine son kat uygulamas\u0131 i\u00e7in beklenilmesi gereken s\u00fcre\u00a0<\/strong><\/td>\n<td width=\"189\"><strong>Minimum 5 saat<\/strong><\/td>\n<\/tr>\n<\/tbody>\n<\/table>\n<p>Bu de\u011ferler laboratuvar \u015fartlar\u0131nda; 23 \u00b1 2\u00b0C ve %50 \u00b1 5 ba\u011f\u0131l nem ortam\u0131nda yap\u0131lan deneyler sonucunda elde edilmi\u015ftir. Tabloda verilen de\u011ferler y\u00fczey ve ortam ko\u015fullar\u0131na g\u00f6re farkl\u0131l\u0131k g\u00f6sterebilir.<\/p>\n<\/div><\/div><\/div><\/section>\n<section class='av_toggle_section av-mgmeske4-920990caf6f82eca6b295b0d10121057'  itemscope=\"itemscope\" itemtype=\"https:\/\/schema.org\/CreativeWork\" ><div role=\"tablist\" class=\"single_toggle\" data-tags=\"{T\u00fcm\u00fc} \"  ><h6 id='toggle-toggle-id-3' data-fake-id='#toggle-id-3' class='toggler  av-title-above '  itemprop=\"headline\"  role='tab' tabindex='0' aria-controls='toggle-id-3' data-slide-speed=\"200\" data-title=\"REFERANS STANDARTLARI\" data-title-open=\"\" data-aria_collapsed=\"Click to expand: REFERANS STANDARTLARI\" data-aria_expanded=\"Click to collapse: REFERANS STANDARTLARI\">REFERANS STANDARTLARI<span class=\"toggle_icon\"><span class=\"vert_icon\"><\/span><span class=\"hor_icon\"><\/span><\/span><\/h6><div id='toggle-id-3' aria-labelledby='toggle-toggle-id-3' role='region' class='toggle_wrap  av-title-above'  ><div class='toggle_content invers-color '  itemprop=\"text\" ><p><strong>Bay\u0131nd\u0131rl\u0131k Bak. Poz No.:<\/strong><br \/>\nBay\u0131nd\u0131rl\u0131k Bak. Poz No.: 10.330.5291<\/p>\n<\/div><\/div><\/div><\/section>\n<\/div><\/p>\n","protected":false},"excerpt":{"rendered":"","protected":false},"featured_media":5033,"comment_status":"closed","ping_status":"closed","template":"","meta":{"_acf_changed":false},"product_brand":[],"product_cat":[64],"product_tag":[],"class_list":{"0":"post-5032","1":"product","2":"type-product","3":"status-publish","4":"has-post-thumbnail","6":"product_cat-astarlar","8":"first","9":"instock","10":"shipping-taxable","11":"product-type-simple"},"acf":[],"_links":{"self":[{"href":"https:\/\/www.kyk.com.tr\/index.php?rest_route=\/wp\/v2\/product\/5032","targetHints":{"allow":["GET"]}}],"collection":[{"href":"https:\/\/www.kyk.com.tr\/index.php?rest_route=\/wp\/v2\/product"}],"about":[{"href":"https:\/\/www.kyk.com.tr\/index.php?rest_route=\/wp\/v2\/types\/product"}],"replies":[{"embeddable":true,"href":"https:\/\/www.kyk.com.tr\/index.php?rest_route=%2Fwp%2Fv2%2Fcomments&post=5032"}],"wp:featuredmedia":[{"embeddable":true,"href":"https:\/\/www.kyk.com.tr\/index.php?rest_route=\/wp\/v2\/media\/5033"}],"wp:attachment":[{"href":"https:\/\/www.kyk.com.tr\/index.php?rest_route=%2Fwp%2Fv2%2Fmedia&parent=5032"}],"wp:term":[{"taxonomy":"product_brand","embeddable":true,"href":"https:\/\/www.kyk.com.tr\/index.php?rest_route=%2Fwp%2Fv2%2Fproduct_brand&post=5032"},{"taxonomy":"product_cat","embeddable":true,"href":"https:\/\/www.kyk.com.tr\/index.php?rest_route=%2Fwp%2Fv2%2Fproduct_cat&post=5032"},{"taxonomy":"product_tag","embeddable":true,"href":"https:\/\/www.kyk.com.tr\/index.php?rest_route=%2Fwp%2Fv2%2Fproduct_tag&post=5032"}],"curies":[{"name":"wp","href":"https:\/\/api.w.org\/{rel}","templated":true}]}}