{"id":5042,"date":"2025-05-11T12:14:09","date_gmt":"2025-05-11T12:14:09","guid":{"rendered":"https:\/\/www.kyk.center\/?post_type=product&#038;p=5042"},"modified":"2026-04-28T13:22:14","modified_gmt":"2026-04-28T13:22:14","slug":"megafilm-izo-pu-a401","status":"publish","type":"product","link":"https:\/\/www.kyk.com.tr\/?product=megafilm-izo-pu-a401","title":{"rendered":"MegaFilm \u0130zo PU A401"},"content":{"rendered":"<div  class='flex_column av-852azm-00864a1c9e4951e4b2f708faa8110ee0 av_one_third  avia-builder-el-0  el_before_av_one_half  avia-builder-el-first  first flex_column_div  '     ><style type=\"text\/css\" data-created_by=\"avia_inline_auto\" id=\"style-css-av-mgmf29kt-b6cde26f0d9b2755ed8cec6ecf2dd700\">\n.avia-image-container.av-mgmf29kt-b6cde26f0d9b2755ed8cec6ecf2dd700 img.avia_image{\nbox-shadow:none;\n}\n.avia-image-container.av-mgmf29kt-b6cde26f0d9b2755ed8cec6ecf2dd700 .av-image-caption-overlay-center{\ncolor:#ffffff;\n}\n<\/style>\n<div  class='avia-image-container av-mgmf29kt-b6cde26f0d9b2755ed8cec6ecf2dd700 av-styling- avia-align-center  avia-builder-el-1  avia-builder-el-no-sibling '   itemprop=\"image\" itemscope=\"itemscope\" itemtype=\"https:\/\/schema.org\/ImageObject\" ><div class=\"avia-image-container-inner\"><div class=\"avia-image-overlay-wrap\"><img decoding=\"async\" fetchpriority=\"high\" class='wp-image-5043 avia-img-lazy-loading-not-5043 avia_image ' src=\"https:\/\/www.kyk.com.tr\/wp-content\/uploads\/2025\/05\/a401.png\" alt='' title='MegaFilm \u0130zo PU A401'  height=\"320\" width=\"320\"  itemprop=\"thumbnailUrl\" srcset=\"https:\/\/www.kyk.com.tr\/wp-content\/uploads\/2025\/05\/a401.png 320w, https:\/\/www.kyk.com.tr\/wp-content\/uploads\/2025\/05\/a401-300x300.png 300w, https:\/\/www.kyk.com.tr\/wp-content\/uploads\/2025\/05\/a401-100x100.png 100w, https:\/\/www.kyk.com.tr\/wp-content\/uploads\/2025\/05\/a401-80x80.png 80w, https:\/\/www.kyk.com.tr\/wp-content\/uploads\/2025\/05\/a401-36x36.png 36w, https:\/\/www.kyk.com.tr\/wp-content\/uploads\/2025\/05\/a401-180x180.png 180w, https:\/\/www.kyk.com.tr\/wp-content\/uploads\/2025\/05\/a401-120x120.png 120w, https:\/\/www.kyk.com.tr\/wp-content\/uploads\/2025\/05\/a401-96x96.png 96w\" sizes=\"(max-width: 320px) 100vw, 320px\" \/><\/div><\/div><\/div><\/div>\n<div  class='flex_column av-6hoj42-abe2e87d1c62f462f796f8297fe13d1f av_one_half  avia-builder-el-2  el_after_av_one_third  el_before_av_two_third  flex_column_div  '     ><section  class='av_textblock_section av-mgmf2hqo-a3485c4924287d1073abcb31df036ad9 '   itemscope=\"itemscope\" itemtype=\"https:\/\/schema.org\/CreativeWork\" ><div class='avia_textblock'  itemprop=\"text\" ><h1>MegaFilm \u0130zo PU A401<\/h1>\n<\/div><\/section><br \/>\n\n<style type=\"text\/css\" data-created_by=\"avia_inline_auto\" id=\"style-css-av-mgmf2s29-22ac4a4a0741652582c32ec3b2a69923\">\n#top .av_textblock_section.av-mgmf2s29-22ac4a4a0741652582c32ec3b2a69923 .avia_textblock{\nfont-size:14px;\n}\n<\/style>\n<section  class='av_textblock_section av-mgmf2s29-22ac4a4a0741652582c32ec3b2a69923 '   itemscope=\"itemscope\" itemtype=\"https:\/\/schema.org\/CreativeWork\" ><div class='avia_textblock'  itemprop=\"text\" ><p><strong>Poli\u00fcretan esasl\u0131, tek bile\u015fenli, \u015feffaf, penetrasyon kabiliyeti y\u00fcksek, solventli y\u00fczey haz\u0131rlay\u0131c\u0131 astard\u0131r.\u00a0<\/strong><\/p>\n<\/div><\/section><\/p><\/div>\n<div  class='flex_column av-4yhv1u-d992502d850c6e1c4b2357b4563dd28c av_two_third  avia-builder-el-5  el_after_av_one_half  el_before_av_one_third  first flex_column_div  column-top-margin'     ><section  class='av_textblock_section av-mgmf3m94-0ef08b67eb01c50572f4d5ee0d71b226 '   itemscope=\"itemscope\" itemtype=\"https:\/\/schema.org\/CreativeWork\" ><div class='avia_textblock'  itemprop=\"text\" ><h4>\u00a0 \u00a0 \u00dcR\u00dcN AVANTAJLARI<\/h4>\n<\/div><\/section><br \/>\n\n<style type=\"text\/css\" data-created_by=\"avia_inline_auto\" id=\"style-css-av-mgmf3u5p-d9ba4cf7cc22ba1da59f9f4d6269153b\">\n#top .av_textblock_section.av-mgmf3u5p-d9ba4cf7cc22ba1da59f9f4d6269153b .avia_textblock{\nfont-size:14px;\n}\n<\/style>\n<section  class='av_textblock_section av-mgmf3u5p-d9ba4cf7cc22ba1da59f9f4d6269153b '   itemscope=\"itemscope\" itemtype=\"https:\/\/schema.org\/CreativeWork\" ><div class='avia_textblock'  itemprop=\"text\" ><ul>\n<li>Uyguland\u0131\u011f\u0131 y\u00fczeylere m\u00fckemmel yap\u0131\u015f\u0131r.<\/li>\n<li>Elastik \u00f6zelli\u011fi sayesinde y\u00fczey hareketlerinden etkilenmez.<\/li>\n<li>Ya\u011f, gres, nem, kimyasal ve di\u011fer s\u0131v\u0131 kir ve lekelere kar\u015f\u0131 kimyasal diren\u00e7 sa\u011flar.<\/li>\n<li>Kullan\u0131ma haz\u0131rd\u0131r, h\u0131zl\u0131 ve kolay uygulan\u0131r.<\/li>\n<\/ul>\n<\/div><\/section><\/p><\/div>\n<div  class='flex_column av-2wn96a-8fb1b6e3e28d465e80f5176b699aabd0 av_one_third  avia-builder-el-8  el_after_av_two_third  el_before_av_toggle_container  flex_column_div  column-top-margin'     ><section  class='av_textblock_section av-mgmf4aqi-0e41660ce35f9d0d5409ebedf765e216 '   itemscope=\"itemscope\" itemtype=\"https:\/\/schema.org\/CreativeWork\" ><div class='avia_textblock'  itemprop=\"text\" ><h4>TEKN\u0130K BELGELER<\/h4>\n<\/div><\/section><br \/>\n<section  class='av_textblock_section av-mgmf4h2b-8c26bea81c4d6a67200d4646ee42fdd1 '   itemscope=\"itemscope\" itemtype=\"https:\/\/schema.org\/CreativeWork\" ><div class='avia_textblock'  itemprop=\"text\" ><p><a href=\"https:\/\/www.kyk.com.tr\/wp-content\/uploads\/2026\/04\/a401_tds.pdf\" target=\"_blank\" rel=\"noopener\"><img loading=\"lazy\" decoding=\"async\" class=\"alignnone wp-image-8657 size-full\" src=\"https:\/\/www.kyk.com.tr\/wp-content\/uploads\/2025\/10\/TDS_1.jpg\" alt=\"\" width=\"410\" height=\"41\" srcset=\"https:\/\/www.kyk.com.tr\/wp-content\/uploads\/2025\/10\/TDS_1.jpg 410w, https:\/\/www.kyk.com.tr\/wp-content\/uploads\/2025\/10\/TDS_1-300x30.jpg 300w\" sizes=\"auto, (max-width: 410px) 100vw, 410px\" \/><\/a><br \/>\n<a href=\"https:\/\/www.kyk.com.tr\/wp-content\/uploads\/2025\/10\/a401_msds.pdf\" target=\"_blank\" rel=\"noopener\"><img loading=\"lazy\" decoding=\"async\" class=\"alignnone size-full wp-image-8656\" src=\"https:\/\/www.kyk.com.tr\/wp-content\/uploads\/2025\/10\/MSDS_1.jpg\" alt=\"\" width=\"410\" height=\"41\" srcset=\"https:\/\/www.kyk.com.tr\/wp-content\/uploads\/2025\/10\/MSDS_1.jpg 410w, https:\/\/www.kyk.com.tr\/wp-content\/uploads\/2025\/10\/MSDS_1-300x30.jpg 300w\" sizes=\"auto, (max-width: 410px) 100vw, 410px\" \/><\/a><br \/>\n<a href=\"https:\/\/www.kyk.com.tr\/?sdm_process_download=1&amp;download_id=9470\" target=\"_blank\" rel=\"noopener\"><img loading=\"lazy\" decoding=\"async\" class=\"alignnone size-full wp-image-8656\" src=\"https:\/\/www.kyk.com.tr\/wp-content\/uploads\/2025\/10\/CE.jpg\" alt=\"\" width=\"410\" height=\"41\" \/><\/a><\/p>\n<\/div><\/section><\/p><\/div>\n<style type=\"text\/css\" data-created_by=\"avia_inline_auto\" id=\"style-css-av-mgmf7p6f-be4c3ea3ddf24358dd05d542923f1b1c\">\n#top .togglecontainer.av-mgmf7p6f-be4c3ea3ddf24358dd05d542923f1b1c h6.toggler{\nfont-size:17px;\ncolor:#003e73;\n}\n#top .togglecontainer.av-mgmf7p6f-be4c3ea3ddf24358dd05d542923f1b1c h6.toggler .toggle_icon{\ncolor:#003e73;\nborder-color:#003e73;\n}\n#top .togglecontainer.av-mgmf7p6f-be4c3ea3ddf24358dd05d542923f1b1c h6.toggler .toggle_icon > span{\ncolor:#003e73;\nborder-color:#003e73;\n}\n#top .togglecontainer.av-mgmf7p6f-be4c3ea3ddf24358dd05d542923f1b1c .toggle_wrap .toggle_content{\nfont-size:14px;\ncolor:#003e73;\n}\n<\/style>\n<div  class='togglecontainer av-mgmf7p6f-be4c3ea3ddf24358dd05d542923f1b1c av-minimal-toggle  avia-builder-el-11  el_after_av_one_third  avia-builder-el-last  toggle_close_all' >\n<section class='av_toggle_section av-mgmf56fz-e501a511cff46d71d82360ca6a1caa22'  itemscope=\"itemscope\" itemtype=\"https:\/\/schema.org\/CreativeWork\" ><div role=\"tablist\" class=\"single_toggle\" data-tags=\"{T\u00fcm\u00fc} \"  ><h6 id='toggle-toggle-id-1' data-fake-id='#toggle-id-1' class='toggler  av-title-above '  itemprop=\"headline\"  role='tab' tabindex='0' aria-controls='toggle-id-1' data-slide-speed=\"200\" data-title=\"KULLANIM ALANLARI\" data-title-open=\"\" data-aria_collapsed=\"Click to expand: KULLANIM ALANLARI\" data-aria_expanded=\"Click to collapse: KULLANIM ALANLARI\">KULLANIM ALANLARI<span class=\"toggle_icon\"><span class=\"vert_icon\"><\/span><span class=\"hor_icon\"><\/span><\/span><\/h6><div id='toggle-id-1' aria-labelledby='toggle-toggle-id-1' role='region' class='toggle_wrap  av-title-above'  ><div class='toggle_content invers-color '  itemprop=\"text\" ><p><strong>MegaFilm \u0130zo PU A401<\/strong>; beton, \u00e7imento esasl\u0131 s\u0131va ve ah\u015fap gibi emici y\u00fczeylerde, temel olarak poli\u00fcretan esasl\u0131 su yal\u0131t\u0131m malzemelerinden ve poli\u00fcretan derz dolgular\u0131ndan \u00f6nce y\u00fczey haz\u0131rlamak i\u00e7in kullan\u0131l\u0131r. \u0130\u00e7 ve d\u0131\u015f mekan, yatay ve d\u00fc\u015fey y\u00fczeylerde kullan\u0131ma uygundur.<\/p>\n<\/div><\/div><\/div><\/section>\n<section class='av_toggle_section av-mgmf5tur-e6094aaf637e73de80bd6b452cdee1e2'  itemscope=\"itemscope\" itemtype=\"https:\/\/schema.org\/CreativeWork\" ><div role=\"tablist\" class=\"single_toggle\" data-tags=\"{T\u00fcm\u00fc} \"  ><h6 id='toggle-toggle-id-2' data-fake-id='#toggle-id-2' class='toggler  av-title-above '  itemprop=\"headline\"  role='tab' tabindex='0' aria-controls='toggle-id-2' data-slide-speed=\"200\" data-title=\"PERFORMANS B\u0130LG\u0130LER\u0130\" data-title-open=\"\" data-aria_collapsed=\"Click to expand: PERFORMANS B\u0130LG\u0130LER\u0130\" data-aria_expanded=\"Click to collapse: PERFORMANS B\u0130LG\u0130LER\u0130\">PERFORMANS B\u0130LG\u0130LER\u0130<span class=\"toggle_icon\"><span class=\"vert_icon\"><\/span><span class=\"hor_icon\"><\/span><\/span><\/h6><div id='toggle-id-2' aria-labelledby='toggle-toggle-id-2' role='region' class='toggle_wrap  av-title-above'  ><div class='toggle_content invers-color '  itemprop=\"text\" ><table width=\"577\">\n<tbody>\n<tr>\n<td width=\"227\"><strong>A\u00c7IKLAMA<\/strong><\/td>\n<td width=\"208\"><strong>DE\u011eER<\/strong><\/td>\n<td width=\"142\"><strong>STANDART<\/strong><\/td>\n<\/tr>\n<tr>\n<td width=\"227\"><strong>Su bas\u0131nc\u0131na kar\u015f\u0131 diren\u00e7<\/strong><\/td>\n<td width=\"208\"><strong>S\u0131z\u0131nt\u0131s\u0131z (1m su s\u00fctunu, 24 saat)<\/strong><\/td>\n<td width=\"142\"><strong>DIN EN 1928<\/strong><\/p>\n<p><strong>(Test A)<\/strong><\/td>\n<\/tr>\n<tr>\n<td width=\"227\"><strong>Beton y\u00fczeye yap\u0131\u015fma<\/strong><\/td>\n<td width=\"208\"><strong>2,2 \u00b1 0,2 N\/mm\u00b2 (beton hatas\u0131)<\/strong><\/td>\n<td width=\"142\"><strong>ASTM D 903<\/strong><\/td>\n<\/tr>\n<tr>\n<td width=\"227\"><strong>Sertlik (shore A sertlik)<\/strong><\/td>\n<td width=\"208\"><strong>&gt;95<\/strong><\/td>\n<td width=\"142\"><strong>ASTM D 2240<\/strong><\/td>\n<\/tr>\n<\/tbody>\n<\/table>\n<p>Bu de\u011ferler laboratuvar \u015fartlar\u0131nda; 23 \u00b1 2\u00b0C ve %50 \u00b1 5 ba\u011f\u0131l nem ortam\u0131nda yap\u0131lan deneyler sonucunda elde edilmi\u015ftir. Tabloda verilen de\u011ferler y\u00fczey ve ortam ko\u015fullar\u0131na g\u00f6re farkl\u0131l\u0131k g\u00f6sterebilir.<\/p>\n<\/div><\/div><\/div><\/section>\n<section class='av_toggle_section av-mgmf656z-bbda05f7f7fd1f71b10428d0b3fdfb86'  itemscope=\"itemscope\" itemtype=\"https:\/\/schema.org\/CreativeWork\" ><div role=\"tablist\" class=\"single_toggle\" data-tags=\"{T\u00fcm\u00fc} \"  ><h6 id='toggle-toggle-id-3' data-fake-id='#toggle-id-3' class='toggler  av-title-above '  itemprop=\"headline\"  role='tab' tabindex='0' aria-controls='toggle-id-3' data-slide-speed=\"200\" data-title=\"UYGULAMA SINIRLARI\" data-title-open=\"\" data-aria_collapsed=\"Click to expand: UYGULAMA SINIRLARI\" data-aria_expanded=\"Click to collapse: UYGULAMA SINIRLARI\">UYGULAMA SINIRLARI<span class=\"toggle_icon\"><span class=\"vert_icon\"><\/span><span class=\"hor_icon\"><\/span><\/span><\/h6><div id='toggle-id-3' aria-labelledby='toggle-toggle-id-3' role='region' class='toggle_wrap  av-title-above'  ><div class='toggle_content invers-color '  itemprop=\"text\" ><table width=\"567\">\n<tbody>\n<tr>\n<td width=\"378\"><strong>A\u00c7IKLAMA<\/strong><\/td>\n<td width=\"189\"><strong>S\u00dcRE<\/strong><\/td>\n<\/tr>\n<tr>\n<td width=\"378\"><strong>Katlar aras\u0131 bekleme s\u00fcresi\u00a0\u00a0\u00a0\u00a0\u00a0\u00a0\u00a0\u00a0\u00a0\u00a0<\/strong><\/td>\n<td width=\"189\"><strong>Minimum 6 saat<\/strong><\/td>\n<\/tr>\n<tr>\n<td width=\"378\"><strong>\u00dczerine son kat uygulamas\u0131 i\u00e7in beklenilmesi gereken s\u00fcre\u00a0<\/strong><\/td>\n<td width=\"189\"><strong>Minimum 3 g\u00fcn<\/strong><\/td>\n<\/tr>\n<\/tbody>\n<\/table>\n<p>Bu de\u011ferler laboratuvar \u015fartlar\u0131nda; 23 \u00b1 2\u00b0C ve %50 \u00b1 5 ba\u011f\u0131l nem ortam\u0131nda yap\u0131lan deneyler sonucunda elde edilmi\u015ftir. Tabloda verilen de\u011ferler y\u00fczey ve ortam ko\u015fullar\u0131na g\u00f6re farkl\u0131l\u0131k g\u00f6sterebilir.<\/p>\n<\/div><\/div><\/div><\/section>\n<section class='av_toggle_section av-mgmf6o5z-293e8cf53bc9faf6ab93d0cc5a243e95'  itemscope=\"itemscope\" itemtype=\"https:\/\/schema.org\/CreativeWork\" ><div role=\"tablist\" class=\"single_toggle\" data-tags=\"{T\u00fcm\u00fc} \"  ><h6 id='toggle-toggle-id-4' data-fake-id='#toggle-id-4' class='toggler  av-title-above '  itemprop=\"headline\"  role='tab' tabindex='0' aria-controls='toggle-id-4' data-slide-speed=\"200\" data-title=\"REFERANS STANDARTLARI\" data-title-open=\"\" data-aria_collapsed=\"Click to expand: REFERANS STANDARTLARI\" data-aria_expanded=\"Click to collapse: REFERANS STANDARTLARI\">REFERANS STANDARTLARI<span class=\"toggle_icon\"><span class=\"vert_icon\"><\/span><span class=\"hor_icon\"><\/span><\/span><\/h6><div id='toggle-id-4' aria-labelledby='toggle-toggle-id-4' role='region' class='toggle_wrap  av-title-above'  ><div class='toggle_content invers-color '  itemprop=\"text\" ><p><strong>Onaylar\/Standartlar:<\/strong><br \/>\nTS EN 1504-2<\/p>\n<\/div><\/div><\/div><\/section>\n<\/div><\/p>\n","protected":false},"excerpt":{"rendered":"","protected":false},"featured_media":5043,"comment_status":"closed","ping_status":"closed","template":"","meta":{"_acf_changed":false},"product_brand":[],"product_cat":[64],"product_tag":[],"class_list":{"0":"post-5042","1":"product","2":"type-product","3":"status-publish","4":"has-post-thumbnail","6":"product_cat-astarlar","8":"first","9":"instock","10":"shipping-taxable","11":"product-type-simple"},"acf":[],"_links":{"self":[{"href":"https:\/\/www.kyk.com.tr\/index.php?rest_route=\/wp\/v2\/product\/5042","targetHints":{"allow":["GET"]}}],"collection":[{"href":"https:\/\/www.kyk.com.tr\/index.php?rest_route=\/wp\/v2\/product"}],"about":[{"href":"https:\/\/www.kyk.com.tr\/index.php?rest_route=\/wp\/v2\/types\/product"}],"replies":[{"embeddable":true,"href":"https:\/\/www.kyk.com.tr\/index.php?rest_route=%2Fwp%2Fv2%2Fcomments&post=5042"}],"wp:featuredmedia":[{"embeddable":true,"href":"https:\/\/www.kyk.com.tr\/index.php?rest_route=\/wp\/v2\/media\/5043"}],"wp:attachment":[{"href":"https:\/\/www.kyk.com.tr\/index.php?rest_route=%2Fwp%2Fv2%2Fmedia&parent=5042"}],"wp:term":[{"taxonomy":"product_brand","embeddable":true,"href":"https:\/\/www.kyk.com.tr\/index.php?rest_route=%2Fwp%2Fv2%2Fproduct_brand&post=5042"},{"taxonomy":"product_cat","embeddable":true,"href":"https:\/\/www.kyk.com.tr\/index.php?rest_route=%2Fwp%2Fv2%2Fproduct_cat&post=5042"},{"taxonomy":"product_tag","embeddable":true,"href":"https:\/\/www.kyk.com.tr\/index.php?rest_route=%2Fwp%2Fv2%2Fproduct_tag&post=5042"}],"curies":[{"name":"wp","href":"https:\/\/api.w.org\/{rel}","templated":true}]}}