{"id":5052,"date":"2025-05-11T12:27:53","date_gmt":"2025-05-11T12:27:53","guid":{"rendered":"https:\/\/www.kyk.center\/?post_type=product&#038;p=5052"},"modified":"2026-04-28T13:26:59","modified_gmt":"2026-04-28T13:26:59","slug":"megafilm-a502","status":"publish","type":"product","link":"https:\/\/www.kyk.com.tr\/?product=megafilm-a502","title":{"rendered":"MegaFilm A502"},"content":{"rendered":"<div  class='flex_column av-897p30-0594b263816b2d0238ec6294ab05d197 av_one_third  avia-builder-el-0  el_before_av_one_half  avia-builder-el-first  first flex_column_div  '     ><style type=\"text\/css\" data-created_by=\"avia_inline_auto\" id=\"style-css-av-mgmfhj8q-6845156ee782874472b606a2c30a2633\">\n.avia-image-container.av-mgmfhj8q-6845156ee782874472b606a2c30a2633 img.avia_image{\nbox-shadow:none;\n}\n.avia-image-container.av-mgmfhj8q-6845156ee782874472b606a2c30a2633 .av-image-caption-overlay-center{\ncolor:#ffffff;\n}\n<\/style>\n<div  class='avia-image-container av-mgmfhj8q-6845156ee782874472b606a2c30a2633 av-styling- avia-align-center  avia-builder-el-1  avia-builder-el-no-sibling '   itemprop=\"image\" itemscope=\"itemscope\" itemtype=\"https:\/\/schema.org\/ImageObject\" ><div class=\"avia-image-container-inner\"><div class=\"avia-image-overlay-wrap\"><img decoding=\"async\" fetchpriority=\"high\" class='wp-image-5053 avia-img-lazy-loading-not-5053 avia_image ' src=\"https:\/\/www.kyk.com.tr\/wp-content\/uploads\/2025\/05\/a502.png\" alt='' title='MegaFilm A502'  height=\"320\" width=\"320\"  itemprop=\"thumbnailUrl\" srcset=\"https:\/\/www.kyk.com.tr\/wp-content\/uploads\/2025\/05\/a502.png 320w, https:\/\/www.kyk.com.tr\/wp-content\/uploads\/2025\/05\/a502-300x300.png 300w, https:\/\/www.kyk.com.tr\/wp-content\/uploads\/2025\/05\/a502-100x100.png 100w, https:\/\/www.kyk.com.tr\/wp-content\/uploads\/2025\/05\/a502-80x80.png 80w, https:\/\/www.kyk.com.tr\/wp-content\/uploads\/2025\/05\/a502-36x36.png 36w, https:\/\/www.kyk.com.tr\/wp-content\/uploads\/2025\/05\/a502-180x180.png 180w, https:\/\/www.kyk.com.tr\/wp-content\/uploads\/2025\/05\/a502-120x120.png 120w, https:\/\/www.kyk.com.tr\/wp-content\/uploads\/2025\/05\/a502-96x96.png 96w\" sizes=\"(max-width: 320px) 100vw, 320px\" \/><\/div><\/div><\/div><\/div>\n<div  class='flex_column av-5lo1x8-9b1ce04438920c2ee675b6b295ac74ca av_one_half  avia-builder-el-2  el_after_av_one_third  el_before_av_two_third  flex_column_div  '     ><section  class='av_textblock_section av-mgmfhrue-c89112e1faf5964b99b1078d1437c708 '   itemscope=\"itemscope\" itemtype=\"https:\/\/schema.org\/CreativeWork\" ><div class='avia_textblock'  itemprop=\"text\" ><h1>MegaFilm A502<\/h1>\n<\/div><\/section><br \/>\n\n<style type=\"text\/css\" data-created_by=\"avia_inline_auto\" id=\"style-css-av-mgmfi0vw-0e3aa197004aa387d7438d4b0c505237\">\n#top .av_textblock_section.av-mgmfi0vw-0e3aa197004aa387d7438d4b0c505237 .avia_textblock{\nfont-size:14px;\n}\n<\/style>\n<section  class='av_textblock_section av-mgmfi0vw-0e3aa197004aa387d7438d4b0c505237 '   itemscope=\"itemscope\" itemtype=\"https:\/\/schema.org\/CreativeWork\" ><div class='avia_textblock'  itemprop=\"text\" ><p><strong>Epoksi esasl\u0131, \u00e7ift bile\u015fenli, penetrasyon kabiliyeti y\u00fcksek, mekanik ve kimyasal dayan\u0131m\u0131 y\u00fcksek, emici ve emici olmayan y\u00fczeylerde uygulanabilen, dolgusuz, solvent i\u00e7ermeyen, y\u00fczey haz\u0131rlay\u0131c\u0131 astard\u0131r.\u00a0\u00a0<\/strong><\/p>\n<\/div><\/section><\/p><\/div>\n<div  class='flex_column av-4rlnvg-89955f7aeae032bdce42176918e7dc7f av_two_third  avia-builder-el-5  el_after_av_one_half  el_before_av_one_third  first flex_column_div  column-top-margin'     ><section  class='av_textblock_section av-mgmfijpc-a75a3aa9dc459b338f1102a6cd7fea62 '   itemscope=\"itemscope\" itemtype=\"https:\/\/schema.org\/CreativeWork\" ><div class='avia_textblock'  itemprop=\"text\" ><h4>\u00a0 \u00a0 \u00a0\u00dcR\u00dcN AVANTAJLARI<\/h4>\n<\/div><\/section><br \/>\n\n<style type=\"text\/css\" data-created_by=\"avia_inline_auto\" id=\"style-css-av-mgmfiuuv-8fde0a3725cb4211cdb9cd2806733af6\">\n#top .av_textblock_section.av-mgmfiuuv-8fde0a3725cb4211cdb9cd2806733af6 .avia_textblock{\nfont-size:14px;\n}\n<\/style>\n<section  class='av_textblock_section av-mgmfiuuv-8fde0a3725cb4211cdb9cd2806733af6 '   itemscope=\"itemscope\" itemtype=\"https:\/\/schema.org\/CreativeWork\" ><div class='avia_textblock'  itemprop=\"text\" ><ul>\n<li>1:1 oran\u0131na kadar dolgu kar\u0131\u015ft\u0131r\u0131labilir.<\/li>\n<li>Epoksi zemin kaplamalar\u0131n\u0131n y\u00fczeye daha sa\u011flam ve bo\u015fluksuz yap\u0131\u015fmas\u0131n\u0131 sa\u011flar.<\/li>\n<li>Penetrasyon kabiliyeti y\u00fcksektir.<\/li>\n<li>Y\u00fcksek yap\u0131\u015fma kuvvetine sahiptir.<\/li>\n<li>Mekanik etkilere dayan\u0131m\u0131 y\u00fcksektir.<\/li>\n<li>Kimyasal dayan\u0131ma sahiptir.<\/li>\n<li>Kolay haz\u0131rlan\u0131r ve uygulan\u0131r.<\/li>\n<li>Solvent i\u00e7ermez, \u00e7evre dostudur.<\/li>\n<\/ul>\n<\/div><\/section><\/p><\/div>\n<div  class='flex_column av-21kfek-02278b0a0233a3de7ab0aa7410674f8a av_one_third  avia-builder-el-8  el_after_av_two_third  el_before_av_toggle_container  flex_column_div  column-top-margin'     ><section  class='av_textblock_section av-mgmfj77h-a070c2fb9676b624aa317770c4348fd6 '   itemscope=\"itemscope\" itemtype=\"https:\/\/schema.org\/CreativeWork\" ><div class='avia_textblock'  itemprop=\"text\" ><h4>TEKN\u0130K BELGELER<\/h4>\n<\/div><\/section><br \/>\n<section  class='av_textblock_section av-mgmfjd3u-659c323f70b039a003f1435bbd4e9727 '   itemscope=\"itemscope\" itemtype=\"https:\/\/schema.org\/CreativeWork\" ><div class='avia_textblock'  itemprop=\"text\" ><p><a href=\"https:\/\/www.kyk.com.tr\/wp-content\/uploads\/2026\/04\/a502_tds.pdf\" target=\"_blank\" rel=\"noopener\"><img loading=\"lazy\" decoding=\"async\" class=\"alignnone wp-image-8657 size-full\" src=\"https:\/\/www.kyk.com.tr\/wp-content\/uploads\/2025\/10\/TDS_1.jpg\" alt=\"\" width=\"410\" height=\"41\" srcset=\"https:\/\/www.kyk.com.tr\/wp-content\/uploads\/2025\/10\/TDS_1.jpg 410w, https:\/\/www.kyk.com.tr\/wp-content\/uploads\/2025\/10\/TDS_1-300x30.jpg 300w\" sizes=\"auto, (max-width: 410px) 100vw, 410px\" \/><\/a><br \/>\n<a href=\"https:\/\/www.kyk.com.tr\/wp-content\/uploads\/2025\/10\/a502_msds.pdf\" target=\"_blank\" rel=\"noopener\"><img loading=\"lazy\" decoding=\"async\" class=\"alignnone size-full wp-image-8656\" src=\"https:\/\/www.kyk.com.tr\/wp-content\/uploads\/2025\/10\/MSDS_1.jpg\" alt=\"\" width=\"410\" height=\"41\" srcset=\"https:\/\/www.kyk.com.tr\/wp-content\/uploads\/2025\/10\/MSDS_1.jpg 410w, https:\/\/www.kyk.com.tr\/wp-content\/uploads\/2025\/10\/MSDS_1-300x30.jpg 300w\" sizes=\"auto, (max-width: 410px) 100vw, 410px\" \/><\/a><br \/>\n<a href=\"https:\/\/www.kyk.com.tr\/?sdm_process_download=1&amp;download_id=9474\" target=\"_blank\" rel=\"noopener\"><img loading=\"lazy\" decoding=\"async\" class=\"alignnone size-full wp-image-8656\" src=\"https:\/\/www.kyk.com.tr\/wp-content\/uploads\/2025\/10\/CE.jpg\" alt=\"\" width=\"410\" height=\"41\" \/><\/a><\/p>\n<\/div><\/section><\/p><\/div>\n<style type=\"text\/css\" data-created_by=\"avia_inline_auto\" id=\"style-css-av-mgmfmwwq-288bc50cd05d3dd58b906c77ab170a17\">\n#top .togglecontainer.av-mgmfmwwq-288bc50cd05d3dd58b906c77ab170a17 h6.toggler{\nfont-size:17px;\ncolor:#003e73;\n}\n#top .togglecontainer.av-mgmfmwwq-288bc50cd05d3dd58b906c77ab170a17 h6.toggler .toggle_icon{\ncolor:#003e73;\nborder-color:#003e73;\n}\n#top .togglecontainer.av-mgmfmwwq-288bc50cd05d3dd58b906c77ab170a17 h6.toggler .toggle_icon > span{\ncolor:#003e73;\nborder-color:#003e73;\n}\n#top .togglecontainer.av-mgmfmwwq-288bc50cd05d3dd58b906c77ab170a17 .toggle_wrap .toggle_content{\nfont-size:14px;\ncolor:#003e73;\n}\n<\/style>\n<div  class='togglecontainer av-mgmfmwwq-288bc50cd05d3dd58b906c77ab170a17 av-minimal-toggle  avia-builder-el-11  el_after_av_one_third  avia-builder-el-last  toggle_close_all' >\n<section class='av_toggle_section av-mgmfjv1m-6d088f45f61445efd83883bd35236fe9'  itemscope=\"itemscope\" itemtype=\"https:\/\/schema.org\/CreativeWork\" ><div role=\"tablist\" class=\"single_toggle\" data-tags=\"{T\u00fcm\u00fc} \"  ><h6 id='toggle-toggle-id-1' data-fake-id='#toggle-id-1' class='toggler  av-title-above '  itemprop=\"headline\"  role='tab' tabindex='0' aria-controls='toggle-id-1' data-slide-speed=\"200\" data-title=\"KULLANIM ALANLARI\" data-title-open=\"\" data-aria_collapsed=\"Click to expand: KULLANIM ALANLARI\" data-aria_expanded=\"Click to collapse: KULLANIM ALANLARI\">KULLANIM ALANLARI<span class=\"toggle_icon\"><span class=\"vert_icon\"><\/span><span class=\"hor_icon\"><\/span><\/span><\/h6><div id='toggle-id-1' aria-labelledby='toggle-toggle-id-1' role='region' class='toggle_wrap  av-title-above'  ><div class='toggle_content invers-color '  itemprop=\"text\" ><p><strong>MegaFilm A502<\/strong>; beton, \u00e7imento esasl\u0131 s\u0131va ve ah\u015fap gibi emici y\u00fczeylerde ve metal, cam, seramik gibi emici olmayan y\u00fczeylerde, su yal\u0131t\u0131m malzemelerinden \u00f6nce y\u00fczey haz\u0131rlamak i\u00e7in kullan\u0131l\u0131r. \u0130\u00e7 ve d\u0131\u015f mekan, yatay ve d\u00fc\u015fey y\u00fczeylerde kullan\u0131ma uygundur.<\/p>\n<\/div><\/div><\/div><\/section>\n<section class='av_toggle_section av-mgmfkn8n-35b013b2b82c0b2b5ef994ac8eab2bc8'  itemscope=\"itemscope\" itemtype=\"https:\/\/schema.org\/CreativeWork\" ><div role=\"tablist\" class=\"single_toggle\" data-tags=\"{T\u00fcm\u00fc} \"  ><h6 id='toggle-toggle-id-2' data-fake-id='#toggle-id-2' class='toggler  av-title-above '  itemprop=\"headline\"  role='tab' tabindex='0' aria-controls='toggle-id-2' data-slide-speed=\"200\" data-title=\"PERFORMANS B\u0130LG\u0130LER\u0130\" data-title-open=\"\" data-aria_collapsed=\"Click to expand: PERFORMANS B\u0130LG\u0130LER\u0130\" data-aria_expanded=\"Click to collapse: PERFORMANS B\u0130LG\u0130LER\u0130\">PERFORMANS B\u0130LG\u0130LER\u0130<span class=\"toggle_icon\"><span class=\"vert_icon\"><\/span><span class=\"hor_icon\"><\/span><\/span><\/h6><div id='toggle-id-2' aria-labelledby='toggle-toggle-id-2' role='region' class='toggle_wrap  av-title-above'  ><div class='toggle_content invers-color '  itemprop=\"text\" ><table width=\"577\">\n<tbody>\n<tr>\n<td width=\"227\"><strong>A\u00c7IKLAMA<\/strong><\/td>\n<td width=\"118\"><strong>DE\u011eER<\/strong><\/td>\n<td width=\"232\"><strong>STANDART<\/strong><\/td>\n<\/tr>\n<tr>\n<td width=\"227\"><strong>Yap\u0131\u015fma Kuvveti<\/strong><\/td>\n<td width=\"118\"><strong>\u2265 2,0 N\/mm<sup>2<\/sup><\/strong><\/td>\n<td width=\"232\"><strong>EN 1504 &#8211; 2 \/\u00a0 EN 1542<\/strong><\/td>\n<\/tr>\n<tr>\n<td width=\"227\"><strong>A\u015f\u0131nma Direnci<\/strong><\/td>\n<td width=\"118\"><strong>&lt; 3000 mg<\/strong><\/td>\n<td width=\"232\"><strong>EN 1504 \u2013 2 \/ EN ISO 5470-1<\/strong><\/td>\n<\/tr>\n<tr>\n<td width=\"227\"><strong>Karbondioksit Ge\u00e7irgenli\u011fi<\/strong><\/td>\n<td width=\"118\"><strong>s<sub>d <\/sub>\u2265 50 m<\/strong><\/td>\n<td width=\"232\"><strong>EN 1504 \u2013 2 \/ EN 1062 &#8211; 6<\/strong><\/td>\n<\/tr>\n<tr>\n<td width=\"227\"><strong>Su Buhar Ge\u00e7irgenli\u011fi<\/strong><\/td>\n<td width=\"118\"><strong>S\u0131n\u0131f III<\/strong><\/td>\n<td width=\"232\"><strong>EN 1504 \u2013 2 \/ EN ISO 7783 &#8211; 1<\/strong><\/td>\n<\/tr>\n<tr>\n<td width=\"227\"><strong>Kapiler Su emme ve Su Ge\u00e7irgenli\u011fi<\/strong><\/td>\n<td width=\"118\"><strong>w &lt; 0,1 kg\/m<sup>2<\/sup>.h<sup>0,5<\/sup><\/strong><\/td>\n<td width=\"232\"><strong>EN 1504 \u2013 2 \/ EN 1062 &#8211; 3<\/strong><\/td>\n<\/tr>\n<tr>\n<td width=\"227\"><strong>Kimyasal Dayan\u0131m<\/strong><\/td>\n<td width=\"118\"><strong>S\u0131n\u0131f II<\/strong><\/td>\n<td width=\"232\"><strong>EN 1504 \u2013 2 \/ EN 13529<\/strong><\/td>\n<\/tr>\n<\/tbody>\n<\/table>\n<p>Bu de\u011ferler laboratuvar \u015fartlar\u0131nda; 23 \u00b1 2\u00b0C ve %50 \u00b1 5 ba\u011f\u0131l nem ortam\u0131nda yap\u0131lan deneyler sonucunda elde edilmi\u015ftir. Tabloda verilen de\u011ferler y\u00fczey ve ortam ko\u015fullar\u0131na g\u00f6re farkl\u0131l\u0131k g\u00f6sterebilir.<\/p>\n<\/div><\/div><\/div><\/section>\n<section class='av_toggle_section av-mgmfkxd8-37706456be40b33dfcdf6987e74eb3c1'  itemscope=\"itemscope\" itemtype=\"https:\/\/schema.org\/CreativeWork\" ><div role=\"tablist\" class=\"single_toggle\" data-tags=\"{T\u00fcm\u00fc} \"  ><h6 id='toggle-toggle-id-3' data-fake-id='#toggle-id-3' class='toggler  av-title-above '  itemprop=\"headline\"  role='tab' tabindex='0' aria-controls='toggle-id-3' data-slide-speed=\"200\" data-title=\"UYGULAMA SINIRLARI\" data-title-open=\"\" data-aria_collapsed=\"Click to expand: UYGULAMA SINIRLARI\" data-aria_expanded=\"Click to collapse: UYGULAMA SINIRLARI\">UYGULAMA SINIRLARI<span class=\"toggle_icon\"><span class=\"vert_icon\"><\/span><span class=\"hor_icon\"><\/span><\/span><\/h6><div id='toggle-id-3' aria-labelledby='toggle-toggle-id-3' role='region' class='toggle_wrap  av-title-above'  ><div class='toggle_content invers-color '  itemprop=\"text\" ><table width=\"567\">\n<tbody>\n<tr>\n<td width=\"378\"><strong>A\u00c7IKLAMA<\/strong><\/td>\n<td width=\"189\"><strong>S\u00dcRE<\/strong><\/td>\n<\/tr>\n<tr>\n<td width=\"378\"><strong>Haz\u0131rlanan kar\u0131\u015f\u0131m\u0131n kullan\u0131labilme s\u00fcresi &#8211; Kap \u00f6mr\u00fc\u00a0\u00a0\u00a0\u00a0\u00a0\u00a0\u00a0\u00a0\u00a0\u00a0\u00a0<\/strong><\/td>\n<td width=\"189\"><strong>50 dakika<\/strong><\/td>\n<\/tr>\n<tr>\n<td width=\"378\"><strong>\u0130kinci kat MegaFilm A502 uygulamas\u0131na ge\u00e7i\u015f s\u00fcresi<\/strong><\/td>\n<td width=\"189\"><strong>Minimum 12 saat<\/strong><\/td>\n<\/tr>\n<tr>\n<td width=\"378\"><strong>Yaya trafi\u011fine a\u00e7\u0131lma s\u00fcresi<\/strong><\/td>\n<td width=\"189\"><strong>24 saat<\/strong><\/td>\n<\/tr>\n<tr>\n<td width=\"378\"><strong>Hafif trafik y\u00fck\u00fc i\u00e7in beklenmesi gereken s\u00fcre<\/strong><\/td>\n<td width=\"189\"><strong>4 g\u00fcn<\/strong><\/td>\n<\/tr>\n<tr>\n<td width=\"378\"><strong>Tam k\u00fcrlenme s\u00fcresi<\/strong><\/td>\n<td width=\"189\"><strong>7 g\u00fcn<\/strong><\/td>\n<\/tr>\n<\/tbody>\n<\/table>\n<p>Bu de\u011ferler laboratuvar \u015fartlar\u0131nda; 23 \u00b1 2\u00b0C ve %50 \u00b1 5 ba\u011f\u0131l nem ortam\u0131nda yap\u0131lan deneyler sonucunda elde edilmi\u015ftir. Tabloda verilen de\u011ferler y\u00fczey ve ortam ko\u015fullar\u0131na g\u00f6re farkl\u0131l\u0131k g\u00f6sterebilir.<\/p>\n<\/div><\/div><\/div><\/section>\n<section class='av_toggle_section av-mgmflntw-b5182d96d4f50b37171d9a94db8225a0'  itemscope=\"itemscope\" itemtype=\"https:\/\/schema.org\/CreativeWork\" ><div role=\"tablist\" class=\"single_toggle\" data-tags=\"{T\u00fcm\u00fc} \"  ><h6 id='toggle-toggle-id-4' data-fake-id='#toggle-id-4' class='toggler  av-title-above '  itemprop=\"headline\"  role='tab' tabindex='0' aria-controls='toggle-id-4' data-slide-speed=\"200\" data-title=\"REFERANS STANDARTLARI\" data-title-open=\"\" data-aria_collapsed=\"Click to expand: REFERANS STANDARTLARI\" data-aria_expanded=\"Click to collapse: REFERANS STANDARTLARI\">REFERANS STANDARTLARI<span class=\"toggle_icon\"><span class=\"vert_icon\"><\/span><span class=\"hor_icon\"><\/span><\/span><\/h6><div id='toggle-id-4' aria-labelledby='toggle-toggle-id-4' role='region' class='toggle_wrap  av-title-above'  ><div class='toggle_content invers-color '  itemprop=\"text\" ><p><strong>Onaylar\/Standartlar:<\/strong><br \/>\nTS EN 1504 \u2013 2<\/p>\n<p><strong>Bay\u0131nd\u0131rl\u0131k Bak. Poz No.:<\/strong><br \/>\nBay\u0131nd\u0131rl\u0131k Bak. Poz. No.: 10.300.2152<\/p>\n<\/div><\/div><\/div><\/section>\n<\/div><\/p>\n","protected":false},"excerpt":{"rendered":"","protected":false},"featured_media":5053,"comment_status":"closed","ping_status":"closed","template":"","meta":{"_acf_changed":false},"product_brand":[],"product_cat":[64],"product_tag":[],"class_list":{"0":"post-5052","1":"product","2":"type-product","3":"status-publish","4":"has-post-thumbnail","6":"product_cat-astarlar","8":"first","9":"instock","10":"shipping-taxable","11":"product-type-simple"},"acf":[],"_links":{"self":[{"href":"https:\/\/www.kyk.com.tr\/index.php?rest_route=\/wp\/v2\/product\/5052","targetHints":{"allow":["GET"]}}],"collection":[{"href":"https:\/\/www.kyk.com.tr\/index.php?rest_route=\/wp\/v2\/product"}],"about":[{"href":"https:\/\/www.kyk.com.tr\/index.php?rest_route=\/wp\/v2\/types\/product"}],"replies":[{"embeddable":true,"href":"https:\/\/www.kyk.com.tr\/index.php?rest_route=%2Fwp%2Fv2%2Fcomments&post=5052"}],"wp:featuredmedia":[{"embeddable":true,"href":"https:\/\/www.kyk.com.tr\/index.php?rest_route=\/wp\/v2\/media\/5053"}],"wp:attachment":[{"href":"https:\/\/www.kyk.com.tr\/index.php?rest_route=%2Fwp%2Fv2%2Fmedia&parent=5052"}],"wp:term":[{"taxonomy":"product_brand","embeddable":true,"href":"https:\/\/www.kyk.com.tr\/index.php?rest_route=%2Fwp%2Fv2%2Fproduct_brand&post=5052"},{"taxonomy":"product_cat","embeddable":true,"href":"https:\/\/www.kyk.com.tr\/index.php?rest_route=%2Fwp%2Fv2%2Fproduct_cat&post=5052"},{"taxonomy":"product_tag","embeddable":true,"href":"https:\/\/www.kyk.com.tr\/index.php?rest_route=%2Fwp%2Fv2%2Fproduct_tag&post=5052"}],"curies":[{"name":"wp","href":"https:\/\/api.w.org\/{rel}","templated":true}]}}