{"id":5071,"date":"2025-05-11T12:55:03","date_gmt":"2025-05-11T12:55:03","guid":{"rendered":"https:\/\/www.kyk.center\/?post_type=product&#038;p=5071"},"modified":"2026-04-28T14:08:29","modified_gmt":"2026-04-28T14:08:29","slug":"megalatex-k201","status":"publish","type":"product","link":"https:\/\/www.kyk.com.tr\/?product=megalatex-k201","title":{"rendered":"MegaLatex K201"},"content":{"rendered":"<div  class='flex_column av-70pz27-77697d94ac4cc3dca81bc766da1d7d36 av_one_third  avia-builder-el-0  el_before_av_one_half  avia-builder-el-first  first flex_column_div  '     ><style type=\"text\/css\" data-created_by=\"avia_inline_auto\" id=\"style-css-av-mgmgky8g-0c92bcffdfefb34c7169a963771de41d\">\n.avia-image-container.av-mgmgky8g-0c92bcffdfefb34c7169a963771de41d img.avia_image{\nbox-shadow:none;\n}\n.avia-image-container.av-mgmgky8g-0c92bcffdfefb34c7169a963771de41d .av-image-caption-overlay-center{\ncolor:#ffffff;\n}\n<\/style>\n<div  class='avia-image-container av-mgmgky8g-0c92bcffdfefb34c7169a963771de41d av-styling- avia-align-center  avia-builder-el-1  avia-builder-el-no-sibling '   itemprop=\"image\" itemscope=\"itemscope\" itemtype=\"https:\/\/schema.org\/ImageObject\" ><div class=\"avia-image-container-inner\"><div class=\"avia-image-overlay-wrap\"><img decoding=\"async\" fetchpriority=\"high\" class='wp-image-5072 avia-img-lazy-loading-not-5072 avia_image ' src=\"https:\/\/www.kyk.com.tr\/wp-content\/uploads\/2025\/05\/k201.png\" alt='' title='MegaLatex K201'  height=\"320\" width=\"320\"  itemprop=\"thumbnailUrl\" srcset=\"https:\/\/www.kyk.com.tr\/wp-content\/uploads\/2025\/05\/k201.png 320w, https:\/\/www.kyk.com.tr\/wp-content\/uploads\/2025\/05\/k201-300x300.png 300w, https:\/\/www.kyk.com.tr\/wp-content\/uploads\/2025\/05\/k201-100x100.png 100w, https:\/\/www.kyk.com.tr\/wp-content\/uploads\/2025\/05\/k201-80x80.png 80w, https:\/\/www.kyk.com.tr\/wp-content\/uploads\/2025\/05\/k201-36x36.png 36w, https:\/\/www.kyk.com.tr\/wp-content\/uploads\/2025\/05\/k201-180x180.png 180w, https:\/\/www.kyk.com.tr\/wp-content\/uploads\/2025\/05\/k201-120x120.png 120w, https:\/\/www.kyk.com.tr\/wp-content\/uploads\/2025\/05\/k201-96x96.png 96w\" sizes=\"(max-width: 320px) 100vw, 320px\" \/><\/div><\/div><\/div><\/div>\n<div  class='flex_column av-6fefvz-a620744a6a5d6e7824e9868d86d78679 av_one_half  avia-builder-el-2  el_after_av_one_third  el_before_av_two_third  flex_column_div  '     ><section  class='av_textblock_section av-mgmgl8rn-fdcf42365ba10316e7408aee71b7e49a '   itemscope=\"itemscope\" itemtype=\"https:\/\/schema.org\/CreativeWork\" ><div class='avia_textblock'  itemprop=\"text\" ><h1>MegaLatex K201<\/h1>\n<\/div><\/section><br \/>\n\n<style type=\"text\/css\" data-created_by=\"avia_inline_auto\" id=\"style-css-av-mgmglh1b-0dfd1714364b4592983ca3b805a60662\">\n#top .av_textblock_section.av-mgmglh1b-0dfd1714364b4592983ca3b805a60662 .avia_textblock{\nfont-size:14px;\n}\n<\/style>\n<section  class='av_textblock_section av-mgmglh1b-0dfd1714364b4592983ca3b805a60662 '   itemscope=\"itemscope\" itemtype=\"https:\/\/schema.org\/CreativeWork\" ><div class='avia_textblock'  itemprop=\"text\" ><p><strong>Seramik yap\u0131\u015ft\u0131r\u0131c\u0131lar\u0131, s\u0131valar, \u015fap, tamir har\u00e7lar\u0131 gibi \u00e7imento esasl\u0131 har\u00e7lar i\u00e7in aderans art\u0131r\u0131c\u0131, ba\u011flay\u0131c\u0131, su ge\u00e7irimsizlik sa\u011flayan yard\u0131mc\u0131 katk\u0131 malzemesidir.<\/strong><\/p>\n<\/div><\/section><\/p><\/div>\n<div  class='flex_column av-412svz-ed14a5a66077a7e9e81a90006438087b av_two_third  avia-builder-el-5  el_after_av_one_half  el_before_av_one_third  first flex_column_div  column-top-margin'     ><section  class='av_textblock_section av-mgmglyhv-78b1b6d197093e7cb69c00fa51302ade '   itemscope=\"itemscope\" itemtype=\"https:\/\/schema.org\/CreativeWork\" ><div class='avia_textblock'  itemprop=\"text\" ><h4>\u00a0 \u00a0 \u00dcR\u00dcN AVANTAJLARI<\/h4>\n<\/div><\/section><br \/>\n\n<style type=\"text\/css\" data-created_by=\"avia_inline_auto\" id=\"style-css-av-mgmgm73q-c9565e552eedd1a2d26c4e86cebd69a3\">\n#top .av_textblock_section.av-mgmgm73q-c9565e552eedd1a2d26c4e86cebd69a3 .avia_textblock{\nfont-size:14px;\n}\n<\/style>\n<section  class='av_textblock_section av-mgmgm73q-c9565e552eedd1a2d26c4e86cebd69a3 '   itemscope=\"itemscope\" itemtype=\"https:\/\/schema.org\/CreativeWork\" ><div class='avia_textblock'  itemprop=\"text\" ><ul>\n<li>Har\u00e7lara elastikiyet \u00f6zelli\u011fi kazand\u0131r\u0131r.<\/li>\n<li>\u00c7imento esasl\u0131 har\u00e7lar\u0131n yap\u0131\u015fma g\u00fcc\u00fcn\u00fc art\u0131r\u0131r.<\/li>\n<li>Harc\u0131n, suya, rutubete, ani \u0131s\u0131 de\u011fi\u015fimlerine kar\u015f\u0131 direncini art\u0131r\u0131r.<\/li>\n<li>Don ve \u00e7\u00f6z\u00fclme durumlar\u0131nda harc\u0131n deformasyonunu azalt\u0131r.<\/li>\n<li>\u00c7imento esasl\u0131 s\u0131va, \u015fap ve yap\u0131\u015ft\u0131r\u0131c\u0131lar\u0131n yap\u0131\u015fma g\u00fcc\u00fcn\u00fc, mekanik mukavemetini ve su ge\u00e7irimsizlik \u00f6zelli\u011fini art\u0131r\u0131r.<\/li>\n<\/ul>\n<\/div><\/section><\/p><\/div>\n<div  class='flex_column av-1tu7zj-a37f9cb3c18767966e56a3188e78bcfd av_one_third  avia-builder-el-8  el_after_av_two_third  el_before_av_toggle_container  flex_column_div  column-top-margin'     ><section  class='av_textblock_section av-mgmgmfep-a3f49a813a9f2263c3edf5b80517dad0 '   itemscope=\"itemscope\" itemtype=\"https:\/\/schema.org\/CreativeWork\" ><div class='avia_textblock'  itemprop=\"text\" ><h4>TEKN\u0130K BELGELER<\/h4>\n<\/div><\/section><br \/>\n<section  class='av_textblock_section av-mgmgmlc1-b651c0e7d2edf25bccbb41114cf61363 '   itemscope=\"itemscope\" itemtype=\"https:\/\/schema.org\/CreativeWork\" ><div class='avia_textblock'  itemprop=\"text\" ><p><a href=\"https:\/\/www.kyk.com.tr\/wp-content\/uploads\/2026\/04\/k201_tds.pdf\" target=\"_blank\" rel=\"noopener\"><img loading=\"lazy\" decoding=\"async\" class=\"alignnone wp-image-8657 size-full\" src=\"https:\/\/www.kyk.com.tr\/wp-content\/uploads\/2025\/10\/TDS_1.jpg\" alt=\"\" width=\"410\" height=\"41\" srcset=\"https:\/\/www.kyk.com.tr\/wp-content\/uploads\/2025\/10\/TDS_1.jpg 410w, https:\/\/www.kyk.com.tr\/wp-content\/uploads\/2025\/10\/TDS_1-300x30.jpg 300w\" sizes=\"auto, (max-width: 410px) 100vw, 410px\" \/><\/a><br \/>\n<a href=\"https:\/\/www.kyk.com.tr\/wp-content\/uploads\/2025\/10\/k201_msds.pdf\" target=\"_blank\" rel=\"noopener\"><img loading=\"lazy\" decoding=\"async\" class=\"alignnone size-full wp-image-8656\" src=\"https:\/\/www.kyk.com.tr\/wp-content\/uploads\/2025\/10\/MSDS_1.jpg\" alt=\"\" width=\"410\" height=\"41\" srcset=\"https:\/\/www.kyk.com.tr\/wp-content\/uploads\/2025\/10\/MSDS_1.jpg 410w, https:\/\/www.kyk.com.tr\/wp-content\/uploads\/2025\/10\/MSDS_1-300x30.jpg 300w\" sizes=\"auto, (max-width: 410px) 100vw, 410px\" \/><\/a><br \/>\n<a href=\"https:\/\/www.kyk.com.tr\/?sdm_process_download=1&amp;download_id=9481\" target=\"_blank\" rel=\"noopener\"><img loading=\"lazy\" decoding=\"async\" class=\"alignnone size-full wp-image-8656\" src=\"https:\/\/www.kyk.com.tr\/wp-content\/uploads\/2025\/10\/CE.jpg\" alt=\"\" width=\"410\" height=\"41\" \/><\/a><\/p>\n<\/div><\/section><\/p><\/div>\n<style type=\"text\/css\" data-created_by=\"avia_inline_auto\" id=\"style-css-av-mgmgoj13-63e789f08375e9c0275b46145a157b62\">\n#top .togglecontainer.av-mgmgoj13-63e789f08375e9c0275b46145a157b62 h6.toggler{\nfont-size:17px;\ncolor:#003e73;\n}\n#top .togglecontainer.av-mgmgoj13-63e789f08375e9c0275b46145a157b62 h6.toggler .toggle_icon{\ncolor:#003e73;\nborder-color:#003e73;\n}\n#top .togglecontainer.av-mgmgoj13-63e789f08375e9c0275b46145a157b62 h6.toggler .toggle_icon > span{\ncolor:#003e73;\nborder-color:#003e73;\n}\n#top .togglecontainer.av-mgmgoj13-63e789f08375e9c0275b46145a157b62 .toggle_wrap .toggle_content{\nfont-size:14px;\ncolor:#003e73;\n}\n<\/style>\n<div  class='togglecontainer av-mgmgoj13-63e789f08375e9c0275b46145a157b62 av-minimal-toggle  avia-builder-el-11  el_after_av_one_third  avia-builder-el-last  toggle_close_all' >\n<section class='av_toggle_section av-mgmgn5un-6d1cc18c995b9bde7a08ba0385434cf5'  itemscope=\"itemscope\" itemtype=\"https:\/\/schema.org\/CreativeWork\" ><div role=\"tablist\" class=\"single_toggle\" data-tags=\"{T\u00fcm\u00fc} \"  ><h6 id='toggle-toggle-id-1' data-fake-id='#toggle-id-1' class='toggler  av-title-above '  itemprop=\"headline\"  role='tab' tabindex='0' aria-controls='toggle-id-1' data-slide-speed=\"200\" data-title=\"KULLANIM ALANLARI\" data-title-open=\"\" data-aria_collapsed=\"Click to expand: KULLANIM ALANLARI\" data-aria_expanded=\"Click to collapse: KULLANIM ALANLARI\">KULLANIM ALANLARI<span class=\"toggle_icon\"><span class=\"vert_icon\"><\/span><span class=\"hor_icon\"><\/span><\/span><\/h6><div id='toggle-id-1' aria-labelledby='toggle-toggle-id-1' role='region' class='toggle_wrap  av-title-above'  ><div class='toggle_content invers-color '  itemprop=\"text\" ><p><strong>MegaLatex K201<\/strong>; \u015fantiye ko\u015fullar\u0131nda, \u00e7imento esasl\u0131 har\u00e7larla yap\u0131lacak b\u00fct\u00fcn \u00e7al\u0131\u015fmalarda, renovasyon ama\u00e7l\u0131 onar\u0131m veya tamirlerde tamir har\u00e7lar\u0131yla birlikte, end\u00fcstriyel ve trafi\u011fin a\u011f\u0131r ve yo\u011fun oldu\u011fu b\u00fcy\u00fck alanlar\u0131n zeminlerinde \u015faplarla birlikte, havuz uygulamalar\u0131nda yap\u0131lacak s\u0131va ile birlikte, pah i\u015flemlerinde tamir har\u00e7lar\u0131yla birlikte kullan\u0131l\u0131r.<\/p>\n<\/div><\/div><\/div><\/section>\n<section class='av_toggle_section av-mgmgo1ay-ffe5f4f70db1c2fe834ed28f34d7dbf7'  itemscope=\"itemscope\" itemtype=\"https:\/\/schema.org\/CreativeWork\" ><div role=\"tablist\" class=\"single_toggle\" data-tags=\"{T\u00fcm\u00fc} \"  ><h6 id='toggle-toggle-id-2' data-fake-id='#toggle-id-2' class='toggler  av-title-above '  itemprop=\"headline\"  role='tab' tabindex='0' aria-controls='toggle-id-2' data-slide-speed=\"200\" data-title=\"REFERANS STANDARTLARI\" data-title-open=\"\" data-aria_collapsed=\"Click to expand: REFERANS STANDARTLARI\" data-aria_expanded=\"Click to collapse: REFERANS STANDARTLARI\">REFERANS STANDARTLARI<span class=\"toggle_icon\"><span class=\"vert_icon\"><\/span><span class=\"hor_icon\"><\/span><\/span><\/h6><div id='toggle-id-2' aria-labelledby='toggle-toggle-id-2' role='region' class='toggle_wrap  av-title-above'  ><div class='toggle_content invers-color '  itemprop=\"text\" ><p><strong>Bay\u0131nd\u0131rl\u0131k Bak. Poz No.:<\/strong><br \/>\nBay\u0131nd\u0131rl\u0131k Bak. Poz No.: 10.300.2001<\/p>\n<\/div><\/div><\/div><\/section>\n<\/div><\/p>\n","protected":false},"excerpt":{"rendered":"","protected":false},"featured_media":5072,"comment_status":"closed","ping_status":"closed","template":"","meta":{"_acf_changed":false},"product_brand":[],"product_cat":[65],"product_tag":[],"class_list":{"0":"post-5071","1":"product","2":"type-product","3":"status-publish","4":"has-post-thumbnail","6":"product_cat-katkilar_ve_yardimci_malzemeler","8":"first","9":"instock","10":"shipping-taxable","11":"product-type-simple"},"acf":[],"_links":{"self":[{"href":"https:\/\/www.kyk.com.tr\/index.php?rest_route=\/wp\/v2\/product\/5071","targetHints":{"allow":["GET"]}}],"collection":[{"href":"https:\/\/www.kyk.com.tr\/index.php?rest_route=\/wp\/v2\/product"}],"about":[{"href":"https:\/\/www.kyk.com.tr\/index.php?rest_route=\/wp\/v2\/types\/product"}],"replies":[{"embeddable":true,"href":"https:\/\/www.kyk.com.tr\/index.php?rest_route=%2Fwp%2Fv2%2Fcomments&post=5071"}],"wp:featuredmedia":[{"embeddable":true,"href":"https:\/\/www.kyk.com.tr\/index.php?rest_route=\/wp\/v2\/media\/5072"}],"wp:attachment":[{"href":"https:\/\/www.kyk.com.tr\/index.php?rest_route=%2Fwp%2Fv2%2Fmedia&parent=5071"}],"wp:term":[{"taxonomy":"product_brand","embeddable":true,"href":"https:\/\/www.kyk.com.tr\/index.php?rest_route=%2Fwp%2Fv2%2Fproduct_brand&post=5071"},{"taxonomy":"product_cat","embeddable":true,"href":"https:\/\/www.kyk.com.tr\/index.php?rest_route=%2Fwp%2Fv2%2Fproduct_cat&post=5071"},{"taxonomy":"product_tag","embeddable":true,"href":"https:\/\/www.kyk.com.tr\/index.php?rest_route=%2Fwp%2Fv2%2Fproduct_tag&post=5071"}],"curies":[{"name":"wp","href":"https:\/\/api.w.org\/{rel}","templated":true}]}}