{"id":5081,"date":"2025-05-11T13:07:52","date_gmt":"2025-05-11T13:07:52","guid":{"rendered":"https:\/\/www.kyk.center\/?post_type=product&#038;p=5081"},"modified":"2026-04-28T14:10:19","modified_gmt":"2026-04-28T14:10:19","slug":"megaclean-k902","status":"publish","type":"product","link":"https:\/\/www.kyk.com.tr\/?product=megaclean-k902","title":{"rendered":"MegaClean K902"},"content":{"rendered":"<div  class='flex_column av-tephl-d6c85c5e2fa707c3aea0860a4910393b av_one_third  avia-builder-el-0  el_before_av_one_half  avia-builder-el-first  first flex_column_div  '     ><style type=\"text\/css\" data-created_by=\"avia_inline_auto\" id=\"style-css-av-mgmhrdi7-b258bc8e1ce953cae479d9c2dd00414d\">\n.avia-image-container.av-mgmhrdi7-b258bc8e1ce953cae479d9c2dd00414d img.avia_image{\nbox-shadow:none;\n}\n.avia-image-container.av-mgmhrdi7-b258bc8e1ce953cae479d9c2dd00414d .av-image-caption-overlay-center{\ncolor:#ffffff;\n}\n<\/style>\n<div  class='avia-image-container av-mgmhrdi7-b258bc8e1ce953cae479d9c2dd00414d av-styling- avia-align-center  avia-builder-el-1  avia-builder-el-no-sibling '   itemprop=\"image\" itemscope=\"itemscope\" itemtype=\"https:\/\/schema.org\/ImageObject\" ><div class=\"avia-image-container-inner\"><div class=\"avia-image-overlay-wrap\"><img decoding=\"async\" fetchpriority=\"high\" class='wp-image-6813 avia-img-lazy-loading-not-6813 avia_image ' src=\"https:\/\/www.kyk.com.tr\/wp-content\/uploads\/2025\/09\/k902_9.png\" alt='' title='k902_9'  height=\"320\" width=\"320\"  itemprop=\"thumbnailUrl\" srcset=\"https:\/\/www.kyk.com.tr\/wp-content\/uploads\/2025\/09\/k902_9.png 320w, https:\/\/www.kyk.com.tr\/wp-content\/uploads\/2025\/09\/k902_9-300x300.png 300w, https:\/\/www.kyk.com.tr\/wp-content\/uploads\/2025\/09\/k902_9-80x80.png 80w, https:\/\/www.kyk.com.tr\/wp-content\/uploads\/2025\/09\/k902_9-36x36.png 36w, https:\/\/www.kyk.com.tr\/wp-content\/uploads\/2025\/09\/k902_9-180x180.png 180w, https:\/\/www.kyk.com.tr\/wp-content\/uploads\/2025\/09\/k902_9-120x120.png 120w, https:\/\/www.kyk.com.tr\/wp-content\/uploads\/2025\/09\/k902_9-100x100.png 100w, https:\/\/www.kyk.com.tr\/wp-content\/uploads\/2025\/09\/k902_9-96x96.png 96w\" sizes=\"(max-width: 320px) 100vw, 320px\" \/><\/div><\/div><\/div><\/div>\n<div  class='flex_column av-6kxrtl-63ee100ea1e75496bdc4837dc65eaef1 av_one_half  avia-builder-el-2  el_after_av_one_third  el_before_av_two_third  flex_column_div  '     ><section  class='av_textblock_section av-mgmhrl0d-92e08c217d1fdffc71498145582698e2 '   itemscope=\"itemscope\" itemtype=\"https:\/\/schema.org\/CreativeWork\" ><div class='avia_textblock'  itemprop=\"text\" ><h1>MegaClean K902<\/h1>\n<\/div><\/section><br \/>\n\n<style type=\"text\/css\" data-created_by=\"avia_inline_auto\" id=\"style-css-av-mgmhrwh3-7013c2e6aac9b6fce9062f319b78b748\">\n#top .av_textblock_section.av-mgmhrwh3-7013c2e6aac9b6fce9062f319b78b748 .avia_textblock{\nfont-size:14px;\n}\n<\/style>\n<section  class='av_textblock_section av-mgmhrwh3-7013c2e6aac9b6fce9062f319b78b748 '   itemscope=\"itemscope\" itemtype=\"https:\/\/schema.org\/CreativeWork\" ><div class='avia_textblock'  itemprop=\"text\" ><p><strong>Seramik, granit, porselen seramik gibi kaplama malzemeleri ve derz dolgular\u0131n \u00fczerindeki kir, kire\u00e7, deterjan ve in\u015faat kal\u0131nt\u0131lar\u0131n\u0131 h\u0131zla temizleme etkisine sahip, kullan\u0131ma haz\u0131r temizlik malzemesidir.<\/strong><\/p>\n<\/div><\/section><\/p><\/div>\n<div  class='flex_column av-41i0qh-d1a84abffd5c729f95baea9fa71b1ad4 av_two_third  avia-builder-el-5  el_after_av_one_half  el_before_av_one_third  first flex_column_div  column-top-margin'     ><section  class='av_textblock_section av-mgmhsmtg-ec4c1718d05bdcbae13ba4786d0afc11 '   itemscope=\"itemscope\" itemtype=\"https:\/\/schema.org\/CreativeWork\" ><div class='avia_textblock'  itemprop=\"text\" ><h4>\u00a0 \u00a0 \u00dcR\u00dcN AVANTAJLARI<\/h4>\n<\/div><\/section><br \/>\n\n<style type=\"text\/css\" data-created_by=\"avia_inline_auto\" id=\"style-css-av-mgmhsv7y-8b34d1d1a70c05c1c9b64bb0fd569313\">\n#top .av_textblock_section.av-mgmhsv7y-8b34d1d1a70c05c1c9b64bb0fd569313 .avia_textblock{\nfont-size:14px;\n}\n<\/style>\n<section  class='av_textblock_section av-mgmhsv7y-8b34d1d1a70c05c1c9b64bb0fd569313 '   itemscope=\"itemscope\" itemtype=\"https:\/\/schema.org\/CreativeWork\" ><div class='avia_textblock'  itemprop=\"text\" ><ul>\n<li>Kirlenmi\u015f derzleri ve ge\u00e7irgen olmayan y\u00fczeyleri k\u00f6p\u00fcrerek an\u0131nda temizler.<\/li>\n<li>\u00c7am kokuludur.<\/li>\n<li>Derz dolgu y\u00fczeyini a\u015f\u0131nd\u0131rmaz<\/li>\n<li>Kolay ve h\u0131zl\u0131 uygulan\u0131r.<\/li>\n<\/ul>\n<\/div><\/section><\/p><\/div>\n<div  class='flex_column av-2mzthl-7127851866f07e184fa7fa90d97364b3 av_one_third  avia-builder-el-8  el_after_av_two_third  el_before_av_toggle_container  flex_column_div  column-top-margin'     ><section  class='av_textblock_section av-mgmht3le-df2dbbb04cdb536a013493add79c2eaa '   itemscope=\"itemscope\" itemtype=\"https:\/\/schema.org\/CreativeWork\" ><div class='avia_textblock'  itemprop=\"text\" ><h4>TEKN\u0130K BELGELER<\/h4>\n<\/div><\/section><br \/>\n<section  class='av_textblock_section av-mgmhtayv-8cc2bf6a84c9c2ff39019b67f34af484 '   itemscope=\"itemscope\" itemtype=\"https:\/\/schema.org\/CreativeWork\" ><div class='avia_textblock'  itemprop=\"text\" ><p><a href=\"https:\/\/www.kyk.com.tr\/wp-content\/uploads\/2026\/04\/k902_tds.pdf\" target=\"_blank\" rel=\"noopener\"><img loading=\"lazy\" decoding=\"async\" class=\"alignnone wp-image-8657 size-full\" src=\"https:\/\/www.kyk.com.tr\/wp-content\/uploads\/2025\/10\/TDS_1.jpg\" alt=\"\" width=\"410\" height=\"41\" srcset=\"https:\/\/www.kyk.com.tr\/wp-content\/uploads\/2025\/10\/TDS_1.jpg 410w, https:\/\/www.kyk.com.tr\/wp-content\/uploads\/2025\/10\/TDS_1-300x30.jpg 300w\" sizes=\"auto, (max-width: 410px) 100vw, 410px\" \/><\/a><br \/>\n<a href=\"https:\/\/www.kyk.com.tr\/wp-content\/uploads\/2025\/10\/k902_msds.pdf\" target=\"_blank\" rel=\"noopener\"><img loading=\"lazy\" decoding=\"async\" class=\"alignnone size-full wp-image-8656\" src=\"https:\/\/www.kyk.com.tr\/wp-content\/uploads\/2025\/10\/MSDS_1.jpg\" alt=\"\" width=\"410\" height=\"41\" srcset=\"https:\/\/www.kyk.com.tr\/wp-content\/uploads\/2025\/10\/MSDS_1.jpg 410w, https:\/\/www.kyk.com.tr\/wp-content\/uploads\/2025\/10\/MSDS_1-300x30.jpg 300w\" sizes=\"auto, (max-width: 410px) 100vw, 410px\" \/><\/a><\/p>\n<\/div><\/section><\/p><\/div>\n<style type=\"text\/css\" data-created_by=\"avia_inline_auto\" id=\"style-css-av-mgmhvhpi-019db8688a089a3de7dc511e6e77bf2e\">\n#top .togglecontainer.av-mgmhvhpi-019db8688a089a3de7dc511e6e77bf2e h6.toggler{\nfont-size:17px;\ncolor:#003e73;\n}\n#top .togglecontainer.av-mgmhvhpi-019db8688a089a3de7dc511e6e77bf2e h6.toggler .toggle_icon{\ncolor:#003e73;\nborder-color:#003e73;\n}\n#top .togglecontainer.av-mgmhvhpi-019db8688a089a3de7dc511e6e77bf2e h6.toggler .toggle_icon > span{\ncolor:#003e73;\nborder-color:#003e73;\n}\n#top .togglecontainer.av-mgmhvhpi-019db8688a089a3de7dc511e6e77bf2e .toggle_wrap .toggle_content{\nfont-size:14px;\ncolor:#003e73;\n}\n<\/style>\n<div  class='togglecontainer av-mgmhvhpi-019db8688a089a3de7dc511e6e77bf2e av-minimal-toggle  avia-builder-el-11  el_after_av_one_third  avia-builder-el-last  toggle_close_all' >\n<section class='av_toggle_section av-mgmhturg-e590c905c66c97dd74a6e775bf8d929e'  itemscope=\"itemscope\" itemtype=\"https:\/\/schema.org\/CreativeWork\" ><div role=\"tablist\" class=\"single_toggle\" data-tags=\"{T\u00fcm\u00fc} \"  ><h6 id='toggle-toggle-id-1' data-fake-id='#toggle-id-1' class='toggler  av-title-above '  itemprop=\"headline\"  role='tab' tabindex='0' aria-controls='toggle-id-1' data-slide-speed=\"200\" data-title=\"KULLANIM ALANLARI\" data-title-open=\"\" data-aria_collapsed=\"Click to expand: KULLANIM ALANLARI\" data-aria_expanded=\"Click to collapse: KULLANIM ALANLARI\">KULLANIM ALANLARI<span class=\"toggle_icon\"><span class=\"vert_icon\"><\/span><span class=\"hor_icon\"><\/span><\/span><\/h6><div id='toggle-id-1' aria-labelledby='toggle-toggle-id-1' role='region' class='toggle_wrap  av-title-above'  ><div class='toggle_content invers-color '  itemprop=\"text\" ><p><strong>MegaClean K902<\/strong>; \u00fczeri har\u00e7, derz dolgusu, \u00e7imento kal\u0131nt\u0131lar\u0131yla kirlenmi\u015f olan seramik, granit, porselen seramik gibi kaplama malzemelerinin; banyo, mutfak gibi \u0131slak hacimlerde kir, kire\u00e7, pas, ya\u011f, deterjan kal\u0131nt\u0131lar\u0131 gibi malzemelerle kirlenmi\u015f olan kaplama malzemeleri ve derz dolgular\u0131n temizlenmesinde kullan\u0131l\u0131r.<\/p>\n<\/div><\/div><\/div><\/section>\n<\/div><\/p>\n","protected":false},"excerpt":{"rendered":"","protected":false},"featured_media":6813,"comment_status":"closed","ping_status":"closed","template":"","meta":{"_acf_changed":false},"product_brand":[],"product_cat":[65],"product_tag":[],"class_list":{"0":"post-5081","1":"product","2":"type-product","3":"status-publish","4":"has-post-thumbnail","6":"product_cat-katkilar_ve_yardimci_malzemeler","8":"first","9":"instock","10":"shipping-taxable","11":"product-type-simple"},"acf":[],"_links":{"self":[{"href":"https:\/\/www.kyk.com.tr\/index.php?rest_route=\/wp\/v2\/product\/5081","targetHints":{"allow":["GET"]}}],"collection":[{"href":"https:\/\/www.kyk.com.tr\/index.php?rest_route=\/wp\/v2\/product"}],"about":[{"href":"https:\/\/www.kyk.com.tr\/index.php?rest_route=\/wp\/v2\/types\/product"}],"replies":[{"embeddable":true,"href":"https:\/\/www.kyk.com.tr\/index.php?rest_route=%2Fwp%2Fv2%2Fcomments&post=5081"}],"wp:featuredmedia":[{"embeddable":true,"href":"https:\/\/www.kyk.com.tr\/index.php?rest_route=\/wp\/v2\/media\/6813"}],"wp:attachment":[{"href":"https:\/\/www.kyk.com.tr\/index.php?rest_route=%2Fwp%2Fv2%2Fmedia&parent=5081"}],"wp:term":[{"taxonomy":"product_brand","embeddable":true,"href":"https:\/\/www.kyk.com.tr\/index.php?rest_route=%2Fwp%2Fv2%2Fproduct_brand&post=5081"},{"taxonomy":"product_cat","embeddable":true,"href":"https:\/\/www.kyk.com.tr\/index.php?rest_route=%2Fwp%2Fv2%2Fproduct_cat&post=5081"},{"taxonomy":"product_tag","embeddable":true,"href":"https:\/\/www.kyk.com.tr\/index.php?rest_route=%2Fwp%2Fv2%2Fproduct_tag&post=5081"}],"curies":[{"name":"wp","href":"https:\/\/api.w.org\/{rel}","templated":true}]}}