{"id":5086,"date":"2025-05-11T13:13:30","date_gmt":"2025-05-11T13:13:30","guid":{"rendered":"https:\/\/www.kyk.center\/?post_type=product&#038;p=5086"},"modified":"2026-04-28T14:11:35","modified_gmt":"2026-04-28T14:11:35","slug":"seramik-tesviye-sistemi","status":"publish","type":"product","link":"https:\/\/www.kyk.com.tr\/?product=seramik-tesviye-sistemi","title":{"rendered":"Seramik Tesviye Sistemi"},"content":{"rendered":"<div  class='flex_column av-7p73r2-15fde9e843bd8cf3e592d16c72a2e96d av_one_third  avia-builder-el-0  el_before_av_one_half  avia-builder-el-first  first flex_column_div  '     ><style type=\"text\/css\" data-created_by=\"avia_inline_auto\" id=\"style-css-av-mgmhxwn7-738ebcfdd23781657db381c6fb665bc6\">\n.avia-image-container.av-mgmhxwn7-738ebcfdd23781657db381c6fb665bc6 img.avia_image{\nbox-shadow:none;\n}\n.avia-image-container.av-mgmhxwn7-738ebcfdd23781657db381c6fb665bc6 .av-image-caption-overlay-center{\ncolor:#ffffff;\n}\n<\/style>\n<div  class='avia-image-container av-mgmhxwn7-738ebcfdd23781657db381c6fb665bc6 av-styling- avia-align-center  avia-builder-el-1  avia-builder-el-no-sibling '   itemprop=\"image\" itemscope=\"itemscope\" itemtype=\"https:\/\/schema.org\/ImageObject\" ><div class=\"avia-image-container-inner\"><div class=\"avia-image-overlay-wrap\"><img decoding=\"async\" fetchpriority=\"high\" class='wp-image-5087 avia-img-lazy-loading-not-5087 avia_image ' src=\"https:\/\/www.kyk.com.tr\/wp-content\/uploads\/2025\/05\/SeramikTesviyeSistemi.png\" alt='' title='Seramik Tesviye Sistemi'  height=\"320\" width=\"320\"  itemprop=\"thumbnailUrl\" srcset=\"https:\/\/www.kyk.com.tr\/wp-content\/uploads\/2025\/05\/SeramikTesviyeSistemi.png 320w, https:\/\/www.kyk.com.tr\/wp-content\/uploads\/2025\/05\/SeramikTesviyeSistemi-300x300.png 300w, https:\/\/www.kyk.com.tr\/wp-content\/uploads\/2025\/05\/SeramikTesviyeSistemi-100x100.png 100w, https:\/\/www.kyk.com.tr\/wp-content\/uploads\/2025\/05\/SeramikTesviyeSistemi-80x80.png 80w, https:\/\/www.kyk.com.tr\/wp-content\/uploads\/2025\/05\/SeramikTesviyeSistemi-36x36.png 36w, https:\/\/www.kyk.com.tr\/wp-content\/uploads\/2025\/05\/SeramikTesviyeSistemi-180x180.png 180w, https:\/\/www.kyk.com.tr\/wp-content\/uploads\/2025\/05\/SeramikTesviyeSistemi-120x120.png 120w, https:\/\/www.kyk.com.tr\/wp-content\/uploads\/2025\/05\/SeramikTesviyeSistemi-96x96.png 96w\" sizes=\"(max-width: 320px) 100vw, 320px\" \/><\/div><\/div><\/div><\/div>\n<div  class='flex_column av-6k2wpq-738f909d65f3374c0479246c308fbf15 av_one_half  avia-builder-el-2  el_after_av_one_third  el_before_av_two_third  flex_column_div  '     ><section  class='av_textblock_section av-mgmhy53m-f68664ecc34b9effb859de7c2ea14ede '   itemscope=\"itemscope\" itemtype=\"https:\/\/schema.org\/CreativeWork\" ><div class='avia_textblock'  itemprop=\"text\" ><h1>Seramik Tesviye Sistemi<\/h1>\n<\/div><\/section><br \/>\n\n<style type=\"text\/css\" data-created_by=\"avia_inline_auto\" id=\"style-css-av-mgmhytu5-cfa5de856d6605fb12c45ccc13b53ba8\">\n#top .av_textblock_section.av-mgmhytu5-cfa5de856d6605fb12c45ccc13b53ba8 .avia_textblock{\nfont-size:14px;\n}\n<\/style>\n<section  class='av_textblock_section av-mgmhytu5-cfa5de856d6605fb12c45ccc13b53ba8 '   itemscope=\"itemscope\" itemtype=\"https:\/\/schema.org\/CreativeWork\" ><div class='avia_textblock'  itemprop=\"text\" ><p><strong>Tutucu, takoz ve penseden olu\u015fan, zemin ve duvar kaplama malzemelerinin belirli aral\u0131klarla ve belirli bir seviyede yerle\u015ftirilmesine yard\u0131mc\u0131 olan bir sistemdir.<\/strong><\/p>\n<\/div><\/section><\/p><\/div>\n<div  class='flex_column av-3rhxry-bd464b803de5b57efbd471bd665d2f24 av_two_third  avia-builder-el-5  el_after_av_one_half  el_before_av_one_third  first flex_column_div  column-top-margin'     ><style type=\"text\/css\" data-created_by=\"avia_inline_auto\" id=\"style-css-av-mgmi2drz-b45fdceb300fbaca9f62fd3c60c909c4\">\n#top .togglecontainer.av-mgmi2drz-b45fdceb300fbaca9f62fd3c60c909c4 h6.toggler{\nfont-size:17px;\ncolor:#003e73;\n}\n#top .togglecontainer.av-mgmi2drz-b45fdceb300fbaca9f62fd3c60c909c4 h6.toggler .toggle_icon{\ncolor:#003e73;\nborder-color:#003e73;\n}\n#top .togglecontainer.av-mgmi2drz-b45fdceb300fbaca9f62fd3c60c909c4 h6.toggler .toggle_icon > span{\ncolor:#003e73;\nborder-color:#003e73;\n}\n#top .togglecontainer.av-mgmi2drz-b45fdceb300fbaca9f62fd3c60c909c4 .toggle_wrap .toggle_content{\nfont-size:14px;\ncolor:#003e73;\n}\n<\/style>\n<div  class='togglecontainer av-mgmi2drz-b45fdceb300fbaca9f62fd3c60c909c4 av-minimal-toggle  avia-builder-el-6  avia-builder-el-no-sibling  toggle_close_all' >\n<section class='av_toggle_section av-mgmi1q51-7671e7057117e8730da7fd834eb3b03c'  itemscope=\"itemscope\" itemtype=\"https:\/\/schema.org\/CreativeWork\" ><div role=\"tablist\" class=\"single_toggle\" data-tags=\"{T\u00fcm\u00fc} \"  ><h6 id='toggle-toggle-id-1' data-fake-id='#toggle-id-1' class='toggler  av-title-above '  itemprop=\"headline\"  role='tab' tabindex='0' aria-controls='toggle-id-1' data-slide-speed=\"200\" data-title=\"KULLANIM ALANLARI\" data-title-open=\"\" data-aria_collapsed=\"Click to expand: KULLANIM ALANLARI\" data-aria_expanded=\"Click to collapse: KULLANIM ALANLARI\">KULLANIM ALANLARI<span class=\"toggle_icon\"><span class=\"vert_icon\"><\/span><span class=\"hor_icon\"><\/span><\/span><\/h6><div id='toggle-id-1' aria-labelledby='toggle-toggle-id-1' role='region' class='toggle_wrap  av-title-above'  ><div class='toggle_content invers-color '  itemprop=\"text\" ><p><strong>Standart Tutucu K904:<\/strong> 1 mm, 2 mm ve 3 mm derz aral\u0131klar\u0131nda kullan\u0131labilecek \u00e7e\u015fitlili\u011fe sahip ve 5 &#8211; 13 mm kal\u0131nl\u0131\u011f\u0131nda kaplama malzemeleri i\u00e7in kullan\u0131ma uygun tutucudur .<\/p>\n<p><strong>Uzun Tutucu K911:<\/strong> 1 mm, 2 mm ve 3 mm derz aral\u0131klar\u0131nda kullan\u0131labilecek \u00e7e\u015fitlili\u011fe sahip ve 13 &#8211; 22 mm kal\u0131nl\u0131\u011f\u0131nda kaplama malzemeleri i\u00e7in kullan\u0131ma uygun tutucudur.<\/p>\n<p><strong>Takoz K905:<\/strong> Tutucular\u0131n bo\u015fta kalan yuvalar\u0131na yerle\u015ftirilerek, kaplama malzemelerinin tesviye i\u015fleminde kullan\u0131lan takozlard\u0131r.<\/p>\n<p><strong>Pense K906:<\/strong> Tutucu ve kaplama malzemesinin takoz ile birlikte sabitle\u015ftirilmesinde kullan\u0131lan pensedir.<\/p>\n<\/div><\/div><\/div><\/section>\n<\/div><\/div>\n<div  class='flex_column av-aretq-8cbfc22cef10e31cddbec4fc5ad3f36f av_one_third  avia-builder-el-7  el_after_av_two_third  avia-builder-el-last  flex_column_div  column-top-margin'     ><section  class='av_textblock_section av-mgmi0oiv-977196b1f52b591f7efe032d1f29b89e '   itemscope=\"itemscope\" itemtype=\"https:\/\/schema.org\/CreativeWork\" ><div class='avia_textblock'  itemprop=\"text\" ><h4>TEKN\u0130K BELGELER<\/h4>\n<\/div><\/section><br \/>\n<section  class='av_textblock_section av-mgmi0vjk-895fd3fc35dc8b3bdbbe34b49ea738fc '   itemscope=\"itemscope\" itemtype=\"https:\/\/schema.org\/CreativeWork\" ><div class='avia_textblock'  itemprop=\"text\" ><p><a href=\"https:\/\/www.kyk.com.tr\/wp-content\/uploads\/2026\/04\/ser_tes_sis_tds.pdf\" target=\"_blank\" rel=\"noopener\"><img loading=\"lazy\" decoding=\"async\" class=\"alignnone wp-image-8657 size-full\" src=\"https:\/\/www.kyk.com.tr\/wp-content\/uploads\/2025\/10\/TDS_1.jpg\" alt=\"\" width=\"410\" height=\"41\" srcset=\"https:\/\/www.kyk.com.tr\/wp-content\/uploads\/2025\/10\/TDS_1.jpg 410w, https:\/\/www.kyk.com.tr\/wp-content\/uploads\/2025\/10\/TDS_1-300x30.jpg 300w\" sizes=\"auto, (max-width: 410px) 100vw, 410px\" \/><\/a><\/p>\n<\/div><\/section><\/p><\/div>\n","protected":false},"excerpt":{"rendered":"","protected":false},"featured_media":5087,"comment_status":"closed","ping_status":"closed","template":"","meta":{"_acf_changed":false},"product_brand":[],"product_cat":[65],"product_tag":[],"class_list":{"0":"post-5086","1":"product","2":"type-product","3":"status-publish","4":"has-post-thumbnail","6":"product_cat-katkilar_ve_yardimci_malzemeler","8":"first","9":"instock","10":"shipping-taxable","11":"product-type-simple"},"acf":[],"_links":{"self":[{"href":"https:\/\/www.kyk.com.tr\/index.php?rest_route=\/wp\/v2\/product\/5086","targetHints":{"allow":["GET"]}}],"collection":[{"href":"https:\/\/www.kyk.com.tr\/index.php?rest_route=\/wp\/v2\/product"}],"about":[{"href":"https:\/\/www.kyk.com.tr\/index.php?rest_route=\/wp\/v2\/types\/product"}],"replies":[{"embeddable":true,"href":"https:\/\/www.kyk.com.tr\/index.php?rest_route=%2Fwp%2Fv2%2Fcomments&post=5086"}],"wp:featuredmedia":[{"embeddable":true,"href":"https:\/\/www.kyk.com.tr\/index.php?rest_route=\/wp\/v2\/media\/5087"}],"wp:attachment":[{"href":"https:\/\/www.kyk.com.tr\/index.php?rest_route=%2Fwp%2Fv2%2Fmedia&parent=5086"}],"wp:term":[{"taxonomy":"product_brand","embeddable":true,"href":"https:\/\/www.kyk.com.tr\/index.php?rest_route=%2Fwp%2Fv2%2Fproduct_brand&post=5086"},{"taxonomy":"product_cat","embeddable":true,"href":"https:\/\/www.kyk.com.tr\/index.php?rest_route=%2Fwp%2Fv2%2Fproduct_cat&post=5086"},{"taxonomy":"product_tag","embeddable":true,"href":"https:\/\/www.kyk.com.tr\/index.php?rest_route=%2Fwp%2Fv2%2Fproduct_tag&post=5086"}],"curies":[{"name":"wp","href":"https:\/\/api.w.org\/{rel}","templated":true}]}}