{"id":5094,"date":"2025-05-11T13:23:45","date_gmt":"2025-05-11T13:23:45","guid":{"rendered":"https:\/\/www.kyk.center\/?post_type=product&#038;p=5094"},"modified":"2026-04-28T14:15:28","modified_gmt":"2026-04-28T14:15:28","slug":"mantotherm-donati-filesi-k914","status":"publish","type":"product","link":"https:\/\/www.kyk.com.tr\/?product=mantotherm-donati-filesi-k914","title":{"rendered":"Mantotherm Donat\u0131 Filesi K914"},"content":{"rendered":"<div  class='flex_column av-72g4qe-58cd76a5e4a5a26790f6f3679a96c23a av_one_third  avia-builder-el-0  el_before_av_one_half  avia-builder-el-first  first flex_column_div  '     ><style type=\"text\/css\" data-created_by=\"avia_inline_auto\" id=\"style-css-av-mgmi8z7y-b246725d99b3a5dc3d2d4143d6abfd2a\">\n.avia-image-container.av-mgmi8z7y-b246725d99b3a5dc3d2d4143d6abfd2a img.avia_image{\nbox-shadow:none;\n}\n.avia-image-container.av-mgmi8z7y-b246725d99b3a5dc3d2d4143d6abfd2a .av-image-caption-overlay-center{\ncolor:#ffffff;\n}\n<\/style>\n<div  class='avia-image-container av-mgmi8z7y-b246725d99b3a5dc3d2d4143d6abfd2a av-styling- avia-align-center  avia-builder-el-1  avia-builder-el-no-sibling '   itemprop=\"image\" itemscope=\"itemscope\" itemtype=\"https:\/\/schema.org\/ImageObject\" ><div class=\"avia-image-container-inner\"><div class=\"avia-image-overlay-wrap\"><img decoding=\"async\" fetchpriority=\"high\" class='wp-image-5095 avia-img-lazy-loading-not-5095 avia_image ' src=\"https:\/\/www.kyk.com.tr\/wp-content\/uploads\/2025\/05\/k914.png\" alt='' title='Mantotherm Donat\u0131 Filesi K914'  height=\"320\" width=\"320\"  itemprop=\"thumbnailUrl\" srcset=\"https:\/\/www.kyk.com.tr\/wp-content\/uploads\/2025\/05\/k914.png 320w, https:\/\/www.kyk.com.tr\/wp-content\/uploads\/2025\/05\/k914-300x300.png 300w, https:\/\/www.kyk.com.tr\/wp-content\/uploads\/2025\/05\/k914-100x100.png 100w, https:\/\/www.kyk.com.tr\/wp-content\/uploads\/2025\/05\/k914-80x80.png 80w, https:\/\/www.kyk.com.tr\/wp-content\/uploads\/2025\/05\/k914-36x36.png 36w, https:\/\/www.kyk.com.tr\/wp-content\/uploads\/2025\/05\/k914-180x180.png 180w, https:\/\/www.kyk.com.tr\/wp-content\/uploads\/2025\/05\/k914-120x120.png 120w, https:\/\/www.kyk.com.tr\/wp-content\/uploads\/2025\/05\/k914-96x96.png 96w\" sizes=\"(max-width: 320px) 100vw, 320px\" \/><\/div><\/div><\/div><\/div>\n<div  class='flex_column av-69jbli-25f66a65687b832fafcc34fa251e0fcc av_one_half  avia-builder-el-2  el_after_av_one_third  el_before_av_two_third  flex_column_div  '     ><section  class='av_textblock_section av-mgmi99bb-7a02359b34f78d6659f2844f34c7fcdc '   itemscope=\"itemscope\" itemtype=\"https:\/\/schema.org\/CreativeWork\" ><div class='avia_textblock'  itemprop=\"text\" ><h1>Mantotherm Donat\u0131 Filesi K914<\/h1>\n<\/div><\/section><br \/>\n\n<style type=\"text\/css\" data-created_by=\"avia_inline_auto\" id=\"style-css-av-mgmi9kjo-64f3a133b8f431cf06d7d5f0725335dd\">\n#top .av_textblock_section.av-mgmi9kjo-64f3a133b8f431cf06d7d5f0725335dd .avia_textblock{\nfont-size:14px;\n}\n<\/style>\n<section  class='av_textblock_section av-mgmi9kjo-64f3a133b8f431cf06d7d5f0725335dd '   itemscope=\"itemscope\" itemtype=\"https:\/\/schema.org\/CreativeWork\" ><div class='avia_textblock'  itemprop=\"text\" ><p><strong>Mantolama s\u0131vas\u0131n\u0131n y\u00fczey hareketlerine ve gerilmelere kar\u015f\u0131 dayan\u0131m\u0131n\u0131 sa\u011flamak amac\u0131yla kullan\u0131lan y\u00fcksek alkali dayan\u0131ml\u0131, cam elyaf esasl\u0131, minimum 160 g\/m2 a\u011f\u0131rl\u0131\u011f\u0131nda donat\u0131 filesidir.<\/strong><\/p>\n<\/div><\/section><\/p><\/div>\n<div  class='flex_column av-4lhjiu-8c579736bca488e17a76f6d2a42d1865 av_two_third  avia-builder-el-5  el_after_av_one_half  el_before_av_one_third  first flex_column_div  column-top-margin'     ><section  class='av_textblock_section av-mgmia3qc-efbb857036a4da64126314002f1da012 '   itemscope=\"itemscope\" itemtype=\"https:\/\/schema.org\/CreativeWork\" ><div class='avia_textblock'  itemprop=\"text\" ><h4>\u00a0 \u00a0 \u00dcR\u00dcN AVANTAJLARI<\/h4>\n<\/div><\/section><br \/>\n\n<style type=\"text\/css\" data-created_by=\"avia_inline_auto\" id=\"style-css-av-mgmiafgm-9f85eb73a990e8a11789796ab335e1a6\">\n#top .av_textblock_section.av-mgmiafgm-9f85eb73a990e8a11789796ab335e1a6 .avia_textblock{\nfont-size:14px;\n}\n<\/style>\n<section  class='av_textblock_section av-mgmiafgm-9f85eb73a990e8a11789796ab335e1a6 '   itemscope=\"itemscope\" itemtype=\"https:\/\/schema.org\/CreativeWork\" ><div class='avia_textblock'  itemprop=\"text\" ><ul>\n<li>Mantolama s\u0131vas\u0131n\u0131n y\u00fczey hareketlerine ve gerilmelere kar\u015f\u0131 dayan\u0131m\u0131n\u0131 sa\u011flar.<\/li>\n<li>Y\u00fcksek alkali dayan\u0131ml\u0131d\u0131r.<\/li>\n<li>Yumu\u015fat\u0131c\u0131 i\u00e7ermez.<\/li>\n<li>\u0130plik kaymas\u0131n\u0131 engeller.<\/li>\n<li>Sa\u011fl\u0131\u011fa zararl\u0131 at\u0131k ve katk\u0131 i\u00e7ermez.<\/li>\n<\/ul>\n<\/div><\/section><\/p><\/div>\n<div  class='flex_column av-25tw4m-114c31c89351877a3a0d5a31e849ebf2 av_one_third  avia-builder-el-8  el_after_av_two_third  el_before_av_toggle_container  flex_column_div  column-top-margin'     ><section  class='av_textblock_section av-mgmianx7-d363720ec3588eb130dd0b38cc1e8eea '   itemscope=\"itemscope\" itemtype=\"https:\/\/schema.org\/CreativeWork\" ><div class='avia_textblock'  itemprop=\"text\" ><h4>TEKN\u0130K BELGELER<\/h4>\n<\/div><\/section><br \/>\n<section  class='av_textblock_section av-mgmiatyq-01fd8b7db8827abc40200c183d1ba6bf '   itemscope=\"itemscope\" itemtype=\"https:\/\/schema.org\/CreativeWork\" ><div class='avia_textblock'  itemprop=\"text\" ><p><a href=\"https:\/\/www.kyk.com.tr\/wp-content\/uploads\/2026\/04\/k914_tds.pdf\" target=\"_blank\" rel=\"noopener\"><img loading=\"lazy\" decoding=\"async\" class=\"alignnone wp-image-8657 size-full\" src=\"https:\/\/www.kyk.com.tr\/wp-content\/uploads\/2025\/10\/TDS_1.jpg\" alt=\"\" width=\"410\" height=\"41\" srcset=\"https:\/\/www.kyk.com.tr\/wp-content\/uploads\/2025\/10\/TDS_1.jpg 410w, https:\/\/www.kyk.com.tr\/wp-content\/uploads\/2025\/10\/TDS_1-300x30.jpg 300w\" sizes=\"auto, (max-width: 410px) 100vw, 410px\" \/><\/a><\/p>\n<\/div><\/section><\/p><\/div>\n<style type=\"text\/css\" data-created_by=\"avia_inline_auto\" id=\"style-css-av-mgmienhp-bcafd25befb245e061894ad3d093db93\">\n#top .togglecontainer.av-mgmienhp-bcafd25befb245e061894ad3d093db93 h6.toggler{\nfont-size:17px;\ncolor:#003e73;\n}\n#top .togglecontainer.av-mgmienhp-bcafd25befb245e061894ad3d093db93 h6.toggler .toggle_icon{\ncolor:#003e73;\nborder-color:#003e73;\n}\n#top .togglecontainer.av-mgmienhp-bcafd25befb245e061894ad3d093db93 h6.toggler .toggle_icon > span{\ncolor:#003e73;\nborder-color:#003e73;\n}\n#top .togglecontainer.av-mgmienhp-bcafd25befb245e061894ad3d093db93 .toggle_wrap .toggle_content{\nfont-size:14px;\ncolor:#003e73;\n}\n<\/style>\n<div  class='togglecontainer av-mgmienhp-bcafd25befb245e061894ad3d093db93 av-minimal-toggle  avia-builder-el-11  el_after_av_one_third  avia-builder-el-last  toggle_close_all' >\n<section class='av_toggle_section av-mgmibi7j-b69072d33d24554f86a78f91012fb84a'  itemscope=\"itemscope\" itemtype=\"https:\/\/schema.org\/CreativeWork\" ><div role=\"tablist\" class=\"single_toggle\" data-tags=\"{T\u00fcm\u00fc} \"  ><h6 id='toggle-toggle-id-1' data-fake-id='#toggle-id-1' class='toggler  av-title-above '  itemprop=\"headline\"  role='tab' tabindex='0' aria-controls='toggle-id-1' data-slide-speed=\"200\" data-title=\"KULLANIM ALANLARI\" data-title-open=\"\" data-aria_collapsed=\"Click to expand: KULLANIM ALANLARI\" data-aria_expanded=\"Click to collapse: KULLANIM ALANLARI\">KULLANIM ALANLARI<span class=\"toggle_icon\"><span class=\"vert_icon\"><\/span><span class=\"hor_icon\"><\/span><\/span><\/h6><div id='toggle-id-1' aria-labelledby='toggle-toggle-id-1' role='region' class='toggle_wrap  av-title-above'  ><div class='toggle_content invers-color '  itemprop=\"text\" ><p><strong>Mantotherm Donat\u0131 Filesi K914<\/strong>; mantolama s\u0131va uygulamas\u0131nda kullan\u0131l\u0131r.<\/p>\n<\/div><\/div><\/div><\/section>\n<section class='av_toggle_section av-mgmicjsw-046ddd0023300f024f878de96f60b861'  itemscope=\"itemscope\" itemtype=\"https:\/\/schema.org\/CreativeWork\" ><div role=\"tablist\" class=\"single_toggle\" data-tags=\"{T\u00fcm\u00fc} \"  ><h6 id='toggle-toggle-id-2' data-fake-id='#toggle-id-2' class='toggler  av-title-above '  itemprop=\"headline\"  role='tab' tabindex='0' aria-controls='toggle-id-2' data-slide-speed=\"200\" data-title=\"PERFORMANS B\u0130LG\u0130LER\u0130\" data-title-open=\"\" data-aria_collapsed=\"Click to expand: PERFORMANS B\u0130LG\u0130LER\u0130\" data-aria_expanded=\"Click to collapse: PERFORMANS B\u0130LG\u0130LER\u0130\">PERFORMANS B\u0130LG\u0130LER\u0130<span class=\"toggle_icon\"><span class=\"vert_icon\"><\/span><span class=\"hor_icon\"><\/span><\/span><\/h6><div id='toggle-id-2' aria-labelledby='toggle-toggle-id-2' role='region' class='toggle_wrap  av-title-above'  ><div class='toggle_content invers-color '  itemprop=\"text\" ><table width=\"556\">\n<tbody>\n<tr>\n<td width=\"166\"><strong>\u00d6ZELL\u0130KLER<\/strong><\/td>\n<td width=\"205\"><strong>B\u0130R\u0130M TANIMLARI<\/strong><\/td>\n<td width=\"184\"><strong>\u00c7\u00d6ZG\u00dc\u00a0 \u00a0 \u00a0 \u00a0 \u00a0 \u00a0 \u00a0 \u00a0 \u00a0ATKI<\/strong><\/td>\n<\/tr>\n<tr>\n<td width=\"166\"><strong>Dizilim<\/strong><\/td>\n<td width=\"205\"><strong>Her 100 mm&#8217;de<\/strong><\/td>\n<td width=\"184\"><strong>21\u00a0\u00a0\u00a0\u00a0\u00a0\u00a0\u00a0\u00a0\u00a0\u00a0\u00a0\u00a0\u00a0\u00a0\u00a0\u00a0\u00a0\u00a0\u00a0\u00a0\u00a0\u00a0\u00a0\u00a0\u00a0\u00a0\u00a0\u00a0\u00a0 20<\/strong><\/td>\n<\/tr>\n<tr>\n<td width=\"166\"><strong>Dokuma<\/strong><\/td>\n<td width=\"205\"><\/td>\n<td width=\"184\"><strong>Leno<\/strong><\/td>\n<\/tr>\n<tr>\n<td width=\"166\"><strong>Standart geni\u015flik<\/strong><\/td>\n<td width=\"205\"><strong>Bireysel de\u011fer (cm)<\/strong><\/td>\n<td width=\"184\"><strong>100<\/strong><\/td>\n<\/tr>\n<tr>\n<td width=\"166\"><strong>Top uzunlu\u011fu<\/strong><\/td>\n<td width=\"205\"><strong>Bireysel de\u011fer (m)<\/strong><\/td>\n<td width=\"184\"><strong>50<\/strong><\/td>\n<\/tr>\n<tr>\n<td width=\"166\"><strong>\u0130\u015flenmi\u015f \u00f6rg\u00fc kal\u0131nl\u0131\u011f\u0131<\/strong><\/td>\n<td width=\"205\"><strong>Bilgi de\u011feri (mm)<\/strong><\/td>\n<td width=\"184\"><strong>0,96-1,08\u00a0\u00a0\u00a0\u00a0\u00a0\u00a0\u00a0\u00a0\u00a0\u00a0\u00a0 0,44-0,49<\/strong><\/td>\n<\/tr>\n<tr>\n<td width=\"166\"><strong>Tamamlanm\u0131\u015f \u00f6rg\u00fc a\u011f\u0131rl\u0131\u011f\u0131<\/strong><\/td>\n<td width=\"205\"><strong>Bilgi de\u011feri (g\/m<sup>2<\/sup> )<\/strong><\/td>\n<td width=\"184\"><strong>132-135<\/strong><\/td>\n<\/tr>\n<tr>\n<td width=\"166\"><strong>\u0130\u015flenmi\u015f \u00f6rg\u00fc a\u011f\u0131rl\u0131\u011f\u0131<\/strong><\/td>\n<td width=\"205\"><strong>Bireysel de\u011fer, minimum (g\/m<sup>2<\/sup> )<\/strong><\/td>\n<td width=\"184\"><strong>160<\/strong><\/td>\n<\/tr>\n<tr>\n<td width=\"166\"><strong>Yan\u0131c\u0131 madde i\u00e7eri\u011fi (LOI)<\/strong><\/td>\n<td width=\"205\"><strong>K\u00fctleye y\u00fczde oranl\u0131 (%)<\/strong><\/td>\n<td width=\"184\"><strong>17-18<\/strong><\/td>\n<\/tr>\n<tr>\n<td width=\"166\"><strong>\u00dcr\u00fcn davran\u0131\u015f\u0131<\/strong><\/td>\n<td width=\"205\"><\/td>\n<td width=\"184\"><strong>Alkali diren\u00e7li, yumu\u015fat\u0131c\u0131 i\u00e7ermeyen, iplik kaymas\u0131n\u0131 engelleyen<\/strong><\/td>\n<\/tr>\n<tr>\n<td width=\"166\"><strong>Kare boyutlar\u0131<\/strong><\/td>\n<td width=\"205\"><strong>Bilgi de\u011feri (mm)<\/strong><\/td>\n<td width=\"184\"><strong>4&#215;4<\/strong><\/td>\n<\/tr>\n<\/tbody>\n<\/table>\n<\/div><\/div><\/div><\/section>\n<section class='av_toggle_section av-mgmie2zp-c116522a60c571815f32c2864c1d680c'  itemscope=\"itemscope\" itemtype=\"https:\/\/schema.org\/CreativeWork\" ><div role=\"tablist\" class=\"single_toggle\" data-tags=\"{T\u00fcm\u00fc} \"  ><h6 id='toggle-toggle-id-3' data-fake-id='#toggle-id-3' class='toggler  av-title-above '  itemprop=\"headline\"  role='tab' tabindex='0' aria-controls='toggle-id-3' data-slide-speed=\"200\" data-title=\"REFERANS STANDARTLARI\" data-title-open=\"\" data-aria_collapsed=\"Click to expand: REFERANS STANDARTLARI\" data-aria_expanded=\"Click to collapse: REFERANS STANDARTLARI\">REFERANS STANDARTLARI<span class=\"toggle_icon\"><span class=\"vert_icon\"><\/span><span class=\"hor_icon\"><\/span><\/span><\/h6><div id='toggle-id-3' aria-labelledby='toggle-toggle-id-3' role='region' class='toggle_wrap  av-title-above'  ><div class='toggle_content invers-color '  itemprop=\"text\" ><p><strong>Bay\u0131nd\u0131rl\u0131k Bak. Poz No.:<\/strong><br \/>\nBay\u0131nd\u0131rl\u0131k Bakanl\u0131\u011f\u0131 Poz No.: 10.330.2501<\/p>\n<\/div><\/div><\/div><\/section>\n<\/div><\/p>\n","protected":false},"excerpt":{"rendered":"","protected":false},"featured_media":5095,"comment_status":"closed","ping_status":"closed","template":"","meta":{"_acf_changed":false},"product_brand":[],"product_cat":[65],"product_tag":[],"class_list":{"0":"post-5094","1":"product","2":"type-product","3":"status-publish","4":"has-post-thumbnail","6":"product_cat-katkilar_ve_yardimci_malzemeler","8":"first","9":"instock","10":"shipping-taxable","11":"product-type-simple"},"acf":[],"_links":{"self":[{"href":"https:\/\/www.kyk.com.tr\/index.php?rest_route=\/wp\/v2\/product\/5094","targetHints":{"allow":["GET"]}}],"collection":[{"href":"https:\/\/www.kyk.com.tr\/index.php?rest_route=\/wp\/v2\/product"}],"about":[{"href":"https:\/\/www.kyk.com.tr\/index.php?rest_route=\/wp\/v2\/types\/product"}],"replies":[{"embeddable":true,"href":"https:\/\/www.kyk.com.tr\/index.php?rest_route=%2Fwp%2Fv2%2Fcomments&post=5094"}],"wp:featuredmedia":[{"embeddable":true,"href":"https:\/\/www.kyk.com.tr\/index.php?rest_route=\/wp\/v2\/media\/5095"}],"wp:attachment":[{"href":"https:\/\/www.kyk.com.tr\/index.php?rest_route=%2Fwp%2Fv2%2Fmedia&parent=5094"}],"wp:term":[{"taxonomy":"product_brand","embeddable":true,"href":"https:\/\/www.kyk.com.tr\/index.php?rest_route=%2Fwp%2Fv2%2Fproduct_brand&post=5094"},{"taxonomy":"product_cat","embeddable":true,"href":"https:\/\/www.kyk.com.tr\/index.php?rest_route=%2Fwp%2Fv2%2Fproduct_cat&post=5094"},{"taxonomy":"product_tag","embeddable":true,"href":"https:\/\/www.kyk.com.tr\/index.php?rest_route=%2Fwp%2Fv2%2Fproduct_tag&post=5094"}],"curies":[{"name":"wp","href":"https:\/\/api.w.org\/{rel}","templated":true}]}}