{"id":5098,"date":"2025-05-11T13:26:37","date_gmt":"2025-05-11T13:26:37","guid":{"rendered":"https:\/\/www.kyk.center\/?post_type=product&#038;p=5098"},"modified":"2026-04-28T14:17:28","modified_gmt":"2026-04-28T14:17:28","slug":"mantotherm-kose-profili-k915","status":"publish","type":"product","link":"https:\/\/www.kyk.com.tr\/?product=mantotherm-kose-profili-k915","title":{"rendered":"Mantotherm K\u00f6\u015fe Profili K915"},"content":{"rendered":"<div  class='flex_column av-r1m8a-e53618bd8d6b9221c088dbceb74ec1f1 av_one_third  avia-builder-el-0  el_before_av_one_half  avia-builder-el-first  first flex_column_div  '     ><style type=\"text\/css\" data-created_by=\"avia_inline_auto\" id=\"style-css-av-mgmijwp0-cbc8d323e564315148d8aa10a0f38c3a\">\n.avia-image-container.av-mgmijwp0-cbc8d323e564315148d8aa10a0f38c3a img.avia_image{\nbox-shadow:none;\n}\n.avia-image-container.av-mgmijwp0-cbc8d323e564315148d8aa10a0f38c3a .av-image-caption-overlay-center{\ncolor:#ffffff;\n}\n<\/style>\n<div  class='avia-image-container av-mgmijwp0-cbc8d323e564315148d8aa10a0f38c3a av-styling- avia-align-center  avia-builder-el-1  avia-builder-el-no-sibling '   itemprop=\"image\" itemscope=\"itemscope\" itemtype=\"https:\/\/schema.org\/ImageObject\" ><div class=\"avia-image-container-inner\"><div class=\"avia-image-overlay-wrap\"><img decoding=\"async\" fetchpriority=\"high\" class='wp-image-5099 avia-img-lazy-loading-not-5099 avia_image ' src=\"https:\/\/www.kyk.com.tr\/wp-content\/uploads\/2025\/05\/k915.png\" alt='' title='Mantotherm K\u00f6\u015fe Profili K915'  height=\"320\" width=\"320\"  itemprop=\"thumbnailUrl\" srcset=\"https:\/\/www.kyk.com.tr\/wp-content\/uploads\/2025\/05\/k915.png 320w, https:\/\/www.kyk.com.tr\/wp-content\/uploads\/2025\/05\/k915-300x300.png 300w, https:\/\/www.kyk.com.tr\/wp-content\/uploads\/2025\/05\/k915-100x100.png 100w, https:\/\/www.kyk.com.tr\/wp-content\/uploads\/2025\/05\/k915-80x80.png 80w, https:\/\/www.kyk.com.tr\/wp-content\/uploads\/2025\/05\/k915-36x36.png 36w, https:\/\/www.kyk.com.tr\/wp-content\/uploads\/2025\/05\/k915-180x180.png 180w, https:\/\/www.kyk.com.tr\/wp-content\/uploads\/2025\/05\/k915-120x120.png 120w, https:\/\/www.kyk.com.tr\/wp-content\/uploads\/2025\/05\/k915-96x96.png 96w\" sizes=\"(max-width: 320px) 100vw, 320px\" \/><\/div><\/div><\/div><\/div>\n<div  class='flex_column av-6ds556-3d2d5d9a0caf93a21b46fd6ade4cc547 av_one_half  avia-builder-el-2  el_after_av_one_third  el_before_av_two_third  flex_column_div  '     ><section  class='av_textblock_section av-mgmik5co-378453e93fefad9ff147b9ce03de7b0f '   itemscope=\"itemscope\" itemtype=\"https:\/\/schema.org\/CreativeWork\" ><div class='avia_textblock'  itemprop=\"text\" ><h1>Mantotherm K\u00f6\u015fe Profili K915<\/h1>\n<\/div><\/section><br \/>\n\n<style type=\"text\/css\" data-created_by=\"avia_inline_auto\" id=\"style-css-av-mgmikfjc-53092c8ab973d63481ee469f6b3b1da4\">\n#top .av_textblock_section.av-mgmikfjc-53092c8ab973d63481ee469f6b3b1da4 .avia_textblock{\nfont-size:14px;\n}\n<\/style>\n<section  class='av_textblock_section av-mgmikfjc-53092c8ab973d63481ee469f6b3b1da4 '   itemscope=\"itemscope\" itemtype=\"https:\/\/schema.org\/CreativeWork\" ><div class='avia_textblock'  itemprop=\"text\" ><p><strong>Bina k\u00f6\u015feleri, pencere, kap\u0131 kenarlar\u0131 gibi mekanik zorlanmalara maruz kalan ve \u00e7atlama riski olan b\u00f6lgeleri koruma amac\u0131yla kullan\u0131lan, d\u00fczg\u00fcn kenar ve k\u00f6\u015feler elde etmeyi sa\u011flayan fileli PVC k\u00f6\u015fe profilidir. Fileli olarak \u00fcretilmesi sayesinde, ilk ve ikinci kat s\u0131valar aras\u0131nda g\u00fc\u00e7l\u00fc bir aderans olu\u015fturup s\u0131vada b\u00fct\u00fcnl\u00fck sa\u011flar.<\/strong><\/p>\n<\/div><\/section><\/p><\/div>\n<div  class='flex_column av-3rtaqi-341eb9a79273222d2fa1dda6018741af av_two_third  avia-builder-el-5  el_after_av_one_half  el_before_av_one_third  first flex_column_div  column-top-margin'     ><section  class='av_textblock_section av-mgmikzfc-c71a1472900f9fae335426b9cc9937b6 '   itemscope=\"itemscope\" itemtype=\"https:\/\/schema.org\/CreativeWork\" ><div class='avia_textblock'  itemprop=\"text\" ><h4>\u00a0 \u00a0 \u00dcR\u00dcN AVANTAJLARI<\/h4>\n<\/div><\/section><br \/>\n\n<style type=\"text\/css\" data-created_by=\"avia_inline_auto\" id=\"style-css-av-mgmil8nm-54410faa884dbbaff8ad877025c6d16c\">\n#top .av_textblock_section.av-mgmil8nm-54410faa884dbbaff8ad877025c6d16c .avia_textblock{\nfont-size:14px;\n}\n<\/style>\n<section  class='av_textblock_section av-mgmil8nm-54410faa884dbbaff8ad877025c6d16c '   itemscope=\"itemscope\" itemtype=\"https:\/\/schema.org\/CreativeWork\" ><div class='avia_textblock'  itemprop=\"text\" ><ul>\n<li>D\u00fczg\u00fcn kenar ve k\u00f6\u015feler elde etmeyi sa\u011flar.<\/li>\n<li>S\u0131vada b\u00fct\u00fcnl\u00fck sa\u011flar<\/li>\n<\/ul>\n<\/div><\/section><\/p><\/div>\n<div  class='flex_column av-2ygubu-7506a7053f04d87f96f80aa730f4d212 av_one_third  avia-builder-el-8  el_after_av_two_third  el_before_av_toggle_container  flex_column_div  column-top-margin'     ><section  class='av_textblock_section av-mgmili44-c9b36e05d4c43e54df075e8cdb60bb22 '   itemscope=\"itemscope\" itemtype=\"https:\/\/schema.org\/CreativeWork\" ><div class='avia_textblock'  itemprop=\"text\" ><h4>TEKN\u0130K BELGELER<\/h4>\n<\/div><\/section><br \/>\n<section  class='av_textblock_section av-mgmilq80-1e4373815e190e87574d0027a2d83739 '   itemscope=\"itemscope\" itemtype=\"https:\/\/schema.org\/CreativeWork\" ><div class='avia_textblock'  itemprop=\"text\" ><p><a href=\"https:\/\/www.kyk.com.tr\/wp-content\/uploads\/2026\/04\/k915_tds.pdf\" target=\"_blank\" rel=\"noopener\"><img loading=\"lazy\" decoding=\"async\" class=\"alignnone wp-image-8657 size-full\" src=\"https:\/\/www.kyk.com.tr\/wp-content\/uploads\/2025\/10\/TDS_1.jpg\" alt=\"\" width=\"410\" height=\"41\" srcset=\"https:\/\/www.kyk.com.tr\/wp-content\/uploads\/2025\/10\/TDS_1.jpg 410w, https:\/\/www.kyk.com.tr\/wp-content\/uploads\/2025\/10\/TDS_1-300x30.jpg 300w\" sizes=\"auto, (max-width: 410px) 100vw, 410px\" \/><\/a><\/p>\n<\/div><\/section><\/p><\/div>\n<style type=\"text\/css\" data-created_by=\"avia_inline_auto\" id=\"style-css-av-mgminr9v-05cc2f0b9e56d8e2cfb5b3026bec957b\">\n#top .togglecontainer.av-mgminr9v-05cc2f0b9e56d8e2cfb5b3026bec957b h6.toggler{\nfont-size:17px;\ncolor:#003e73;\n}\n#top .togglecontainer.av-mgminr9v-05cc2f0b9e56d8e2cfb5b3026bec957b h6.toggler .toggle_icon{\ncolor:#003e73;\nborder-color:#003e73;\n}\n#top .togglecontainer.av-mgminr9v-05cc2f0b9e56d8e2cfb5b3026bec957b h6.toggler .toggle_icon > span{\ncolor:#003e73;\nborder-color:#003e73;\n}\n#top .togglecontainer.av-mgminr9v-05cc2f0b9e56d8e2cfb5b3026bec957b .toggle_wrap .toggle_content{\nfont-size:14px;\ncolor:#003e73;\n}\n<\/style>\n<div  class='togglecontainer av-mgminr9v-05cc2f0b9e56d8e2cfb5b3026bec957b av-minimal-toggle  avia-builder-el-11  el_after_av_one_third  avia-builder-el-last  toggle_close_all' >\n<section class='av_toggle_section av-mgmimfge-82828cd2ac7ca0e402f92f835ea71acd'  itemscope=\"itemscope\" itemtype=\"https:\/\/schema.org\/CreativeWork\" ><div role=\"tablist\" class=\"single_toggle\" data-tags=\"{T\u00fcm\u00fc} \"  ><h6 id='toggle-toggle-id-1' data-fake-id='#toggle-id-1' class='toggler  av-title-above '  itemprop=\"headline\"  role='tab' tabindex='0' aria-controls='toggle-id-1' data-slide-speed=\"200\" data-title=\"KULLANIM ALANLARI\" data-title-open=\"\" data-aria_collapsed=\"Click to expand: KULLANIM ALANLARI\" data-aria_expanded=\"Click to collapse: KULLANIM ALANLARI\">KULLANIM ALANLARI<span class=\"toggle_icon\"><span class=\"vert_icon\"><\/span><span class=\"hor_icon\"><\/span><\/span><\/h6><div id='toggle-id-1' aria-labelledby='toggle-toggle-id-1' role='region' class='toggle_wrap  av-title-above'  ><div class='toggle_content invers-color '  itemprop=\"text\" ><p><strong>Mantotherm Fileli PVC K\u00f6\u015fe Profili K915<\/strong>; mantolama s\u0131va uygulamas\u0131nda kullan\u0131l\u0131r.<\/p>\n<\/div><\/div><\/div><\/section>\n<section class='av_toggle_section av-mgmin35p-c023ae3eb9c7bc9344c26b3f4522b6b2'  itemscope=\"itemscope\" itemtype=\"https:\/\/schema.org\/CreativeWork\" ><div role=\"tablist\" class=\"single_toggle\" data-tags=\"{T\u00fcm\u00fc} \"  ><h6 id='toggle-toggle-id-2' data-fake-id='#toggle-id-2' class='toggler  av-title-above '  itemprop=\"headline\"  role='tab' tabindex='0' aria-controls='toggle-id-2' data-slide-speed=\"200\" data-title=\"PERFORMANS B\u0130LG\u0130LER\u0130\" data-title-open=\"\" data-aria_collapsed=\"Click to expand: PERFORMANS B\u0130LG\u0130LER\u0130\" data-aria_expanded=\"Click to collapse: PERFORMANS B\u0130LG\u0130LER\u0130\">PERFORMANS B\u0130LG\u0130LER\u0130<span class=\"toggle_icon\"><span class=\"vert_icon\"><\/span><span class=\"hor_icon\"><\/span><\/span><\/h6><div id='toggle-id-2' aria-labelledby='toggle-toggle-id-2' role='region' class='toggle_wrap  av-title-above'  ><div class='toggle_content invers-color '  itemprop=\"text\" ><table width=\"372\">\n<tbody>\n<tr>\n<td width=\"166\"><strong>TANIM<\/strong><\/td>\n<td width=\"205\"><strong>M\u0130KTAR<\/strong><\/td>\n<\/tr>\n<tr>\n<td width=\"166\"><strong>PVC profil kal\u0131nl\u0131\u011f\u0131<\/strong><\/td>\n<td width=\"205\"><strong>1,1 mm<\/strong><\/td>\n<\/tr>\n<tr>\n<td width=\"166\"><strong>PVC profil geni\u015fli\u011fi<\/strong><\/td>\n<td width=\"205\"><strong>19&#215;19 mm<\/strong><\/td>\n<\/tr>\n<tr>\n<td width=\"166\"><strong>PVC profil uzunlu\u011fu<\/strong><\/td>\n<td width=\"205\"><strong>250 cm<\/strong><\/td>\n<\/tr>\n<tr>\n<td width=\"166\"><strong>Cam elyaf file geni\u015fli\u011fi<\/strong><\/td>\n<td width=\"205\"><strong>8+8 cm<\/strong><\/td>\n<\/tr>\n<tr>\n<td width=\"166\"><strong>Cam elyaf file uzunlu\u011fu<\/strong><\/td>\n<td width=\"205\"><strong>250 cm<\/strong><\/td>\n<\/tr>\n<tr>\n<td width=\"166\"><strong>Cam elyaf file a\u011f\u0131rl\u0131\u011f\u0131<\/strong><\/td>\n<td width=\"205\"><strong>110g\/m<sup>2<\/sup> -145g\/m<sup>2<\/sup><\/strong><\/td>\n<\/tr>\n<tr>\n<td width=\"166\"><strong>Cam elyaf file yap\u0131\u015fma mukavemeti<\/strong><\/td>\n<td width=\"205\"><strong>30- 50N<\/strong><\/td>\n<\/tr>\n<\/tbody>\n<\/table>\n<\/div><\/div><\/div><\/section>\n<\/div><\/p>\n","protected":false},"excerpt":{"rendered":"","protected":false},"featured_media":5099,"comment_status":"closed","ping_status":"closed","template":"","meta":{"_acf_changed":false},"product_brand":[],"product_cat":[65],"product_tag":[],"class_list":{"0":"post-5098","1":"product","2":"type-product","3":"status-publish","4":"has-post-thumbnail","6":"product_cat-katkilar_ve_yardimci_malzemeler","8":"first","9":"instock","10":"shipping-taxable","11":"product-type-simple"},"acf":[],"_links":{"self":[{"href":"https:\/\/www.kyk.com.tr\/index.php?rest_route=\/wp\/v2\/product\/5098","targetHints":{"allow":["GET"]}}],"collection":[{"href":"https:\/\/www.kyk.com.tr\/index.php?rest_route=\/wp\/v2\/product"}],"about":[{"href":"https:\/\/www.kyk.com.tr\/index.php?rest_route=\/wp\/v2\/types\/product"}],"replies":[{"embeddable":true,"href":"https:\/\/www.kyk.com.tr\/index.php?rest_route=%2Fwp%2Fv2%2Fcomments&post=5098"}],"wp:featuredmedia":[{"embeddable":true,"href":"https:\/\/www.kyk.com.tr\/index.php?rest_route=\/wp\/v2\/media\/5099"}],"wp:attachment":[{"href":"https:\/\/www.kyk.com.tr\/index.php?rest_route=%2Fwp%2Fv2%2Fmedia&parent=5098"}],"wp:term":[{"taxonomy":"product_brand","embeddable":true,"href":"https:\/\/www.kyk.com.tr\/index.php?rest_route=%2Fwp%2Fv2%2Fproduct_brand&post=5098"},{"taxonomy":"product_cat","embeddable":true,"href":"https:\/\/www.kyk.com.tr\/index.php?rest_route=%2Fwp%2Fv2%2Fproduct_cat&post=5098"},{"taxonomy":"product_tag","embeddable":true,"href":"https:\/\/www.kyk.com.tr\/index.php?rest_route=%2Fwp%2Fv2%2Fproduct_tag&post=5098"}],"curies":[{"name":"wp","href":"https:\/\/api.w.org\/{rel}","templated":true}]}}