{"id":5111,"date":"2025-05-11T13:42:55","date_gmt":"2025-05-11T13:42:55","guid":{"rendered":"https:\/\/www.kyk.center\/?post_type=product&#038;p=5111"},"modified":"2026-04-28T14:27:41","modified_gmt":"2026-04-28T14:27:41","slug":"megakarbon-wrap-k918","status":"publish","type":"product","link":"https:\/\/www.kyk.com.tr\/?product=megakarbon-wrap-k918","title":{"rendered":"MegaKarbon Wrap K918"},"content":{"rendered":"<div  class='flex_column av-86d8uv-519144c14db206aa3c0a3bb111927b33 av_one_third  avia-builder-el-0  el_before_av_one_half  avia-builder-el-first  first flex_column_div  '     ><style type=\"text\/css\" data-created_by=\"avia_inline_auto\" id=\"style-css-av-mgmj14cw-d26600a1ae60431bdf89f5a7534850b8\">\n.avia-image-container.av-mgmj14cw-d26600a1ae60431bdf89f5a7534850b8 img.avia_image{\nbox-shadow:none;\n}\n.avia-image-container.av-mgmj14cw-d26600a1ae60431bdf89f5a7534850b8 .av-image-caption-overlay-center{\ncolor:#ffffff;\n}\n<\/style>\n<div  class='avia-image-container av-mgmj14cw-d26600a1ae60431bdf89f5a7534850b8 av-styling- avia-align-center  avia-builder-el-1  avia-builder-el-no-sibling '   itemprop=\"image\" itemscope=\"itemscope\" itemtype=\"https:\/\/schema.org\/ImageObject\" ><div class=\"avia-image-container-inner\"><div class=\"avia-image-overlay-wrap\"><img decoding=\"async\" fetchpriority=\"high\" class='wp-image-5112 avia-img-lazy-loading-not-5112 avia_image ' src=\"https:\/\/www.kyk.com.tr\/wp-content\/uploads\/2025\/05\/k918.png\" alt='' title='MegaKarbon Wrap K918'  height=\"320\" width=\"320\"  itemprop=\"thumbnailUrl\" srcset=\"https:\/\/www.kyk.com.tr\/wp-content\/uploads\/2025\/05\/k918.png 320w, https:\/\/www.kyk.com.tr\/wp-content\/uploads\/2025\/05\/k918-300x300.png 300w, https:\/\/www.kyk.com.tr\/wp-content\/uploads\/2025\/05\/k918-100x100.png 100w, https:\/\/www.kyk.com.tr\/wp-content\/uploads\/2025\/05\/k918-80x80.png 80w, https:\/\/www.kyk.com.tr\/wp-content\/uploads\/2025\/05\/k918-36x36.png 36w, https:\/\/www.kyk.com.tr\/wp-content\/uploads\/2025\/05\/k918-180x180.png 180w, https:\/\/www.kyk.com.tr\/wp-content\/uploads\/2025\/05\/k918-120x120.png 120w, https:\/\/www.kyk.com.tr\/wp-content\/uploads\/2025\/05\/k918-96x96.png 96w\" sizes=\"(max-width: 320px) 100vw, 320px\" \/><\/div><\/div><\/div><\/div>\n<div  class='flex_column av-6et0bb-20a2820530ffc268555f25687b39816d av_one_half  avia-builder-el-2  el_after_av_one_third  el_before_av_two_third  flex_column_div  '     ><section  class='av_textblock_section av-mgmj1b54-e5bc5ff9f395f352e2a3812e523a524f '   itemscope=\"itemscope\" itemtype=\"https:\/\/schema.org\/CreativeWork\" ><div class='avia_textblock'  itemprop=\"text\" ><h1>MegaKarbon Wrap K918<\/h1>\n<\/div><\/section><br \/>\n\n<style type=\"text\/css\" data-created_by=\"avia_inline_auto\" id=\"style-css-av-mgmj1k9f-839d87675319e51a9d7217f465cc3744\">\n#top .av_textblock_section.av-mgmj1k9f-839d87675319e51a9d7217f465cc3744 .avia_textblock{\nfont-size:14px;\n}\n<\/style>\n<section  class='av_textblock_section av-mgmj1k9f-839d87675319e51a9d7217f465cc3744 '   itemscope=\"itemscope\" itemtype=\"https:\/\/schema.org\/CreativeWork\" ><div class='avia_textblock'  itemprop=\"text\" ><p><strong>MegaKarbon Wrap 300 K918, y\u00fcksek \u00e7ekme dayan\u0131m\u0131na sahip tek do\u011frultulu karbon takviyeli lifli polimerdir. \u0130plik \u015feklindeki karbon lifler ile dokunan kuma\u015f, kolayl\u0131kla \u015fekil almakta ve \u00f6zel epoksi re\u00e7inesi MegaPro Epo Y501 ile birlikte uyguland\u0131\u011f\u0131nda rijit hale gelmektedir.<\/strong><\/p>\n<\/div><\/section><\/p><\/div>\n<div  class='flex_column av-3hjkk7-e89b4507fa3387eb51f818cb48b3717f av_two_third  avia-builder-el-5  el_after_av_one_half  el_before_av_one_third  first flex_column_div  column-top-margin'     ><section  class='av_textblock_section av-mgmj24nd-1689b09b0e32343e5b069b0595648949 '   itemscope=\"itemscope\" itemtype=\"https:\/\/schema.org\/CreativeWork\" ><div class='avia_textblock'  itemprop=\"text\" ><h4>\u00a0 \u00a0 \u00dcR\u00dcN AVANTAJLARI<\/h4>\n<\/div><\/section><br \/>\n\n<style type=\"text\/css\" data-created_by=\"avia_inline_auto\" id=\"style-css-av-mgmj2cj7-d7c7e3b4fe6cc449c34d37ca7bd30910\">\n#top .av_textblock_section.av-mgmj2cj7-d7c7e3b4fe6cc449c34d37ca7bd30910 .avia_textblock{\nfont-size:14px;\n}\n<\/style>\n<section  class='av_textblock_section av-mgmj2cj7-d7c7e3b4fe6cc449c34d37ca7bd30910 '   itemscope=\"itemscope\" itemtype=\"https:\/\/schema.org\/CreativeWork\" ><div class='avia_textblock'  itemprop=\"text\" ><ul>\n<li>T\u00fcm g\u00fc\u00e7lendirme \u00e7al\u0131\u015fmalar\u0131nda kullan\u0131labilir.<\/li>\n<li>Y\u00fcksek yorulma dayan\u0131m\u0131na sahiptir.<\/li>\n<li>S\u00fcnme de\u011feri d\u00fc\u015f\u00fckt\u00fcr.<\/li>\n<li>D\u00fc\u015f\u00fck yo\u011funlu\u011fu sayesinde uygulanan y\u00fczeye getirdi\u011fi ilave y\u00fck de\u011feri azd\u0131r.<\/li>\n<li>Hafiftir.<\/li>\n<li>Kolay \u015fekil al\u0131r ve uygulan\u0131r.<\/li>\n<\/ul>\n<\/div><\/section><\/p><\/div>\n<div  class='flex_column av-1xdjcn-4b73f142be61aeb95d75eb933fed1404 av_one_third  avia-builder-el-8  el_after_av_two_third  el_before_av_toggle_container  flex_column_div  column-top-margin'     ><section  class='av_textblock_section av-mgmj2jxe-36a569d0ab07979128eb4c971e08eda7 '   itemscope=\"itemscope\" itemtype=\"https:\/\/schema.org\/CreativeWork\" ><div class='avia_textblock'  itemprop=\"text\" ><h4>TEKN\u0130K BELGELER<\/h4>\n<\/div><\/section><br \/>\n<section  class='av_textblock_section av-mgmj2qee-7adf24f7985642000b53e2aa81902767 '   itemscope=\"itemscope\" itemtype=\"https:\/\/schema.org\/CreativeWork\" ><div class='avia_textblock'  itemprop=\"text\" ><p><a href=\"https:\/\/www.kyk.com.tr\/wp-content\/uploads\/2026\/04\/k918_tds.pdf\" target=\"_blank\" rel=\"noopener\"><img loading=\"lazy\" decoding=\"async\" class=\"alignnone wp-image-8657 size-full\" src=\"https:\/\/www.kyk.com.tr\/wp-content\/uploads\/2025\/10\/TDS_1.jpg\" alt=\"\" width=\"410\" height=\"41\" srcset=\"https:\/\/www.kyk.com.tr\/wp-content\/uploads\/2025\/10\/TDS_1.jpg 410w, https:\/\/www.kyk.com.tr\/wp-content\/uploads\/2025\/10\/TDS_1-300x30.jpg 300w\" sizes=\"auto, (max-width: 410px) 100vw, 410px\" \/><\/a><\/p>\n<\/div><\/section><\/p><\/div>\n<style type=\"text\/css\" data-created_by=\"avia_inline_auto\" id=\"style-css-av-mgmj5ssg-a69ddfff5415e5c084acc57a3a44428d\">\n#top .togglecontainer.av-mgmj5ssg-a69ddfff5415e5c084acc57a3a44428d h6.toggler{\nfont-size:17px;\ncolor:#003e73;\n}\n#top .togglecontainer.av-mgmj5ssg-a69ddfff5415e5c084acc57a3a44428d h6.toggler .toggle_icon{\ncolor:#003e73;\nborder-color:#003e73;\n}\n#top .togglecontainer.av-mgmj5ssg-a69ddfff5415e5c084acc57a3a44428d h6.toggler .toggle_icon > span{\ncolor:#003e73;\nborder-color:#003e73;\n}\n#top .togglecontainer.av-mgmj5ssg-a69ddfff5415e5c084acc57a3a44428d .toggle_wrap .toggle_content{\nfont-size:14px;\ncolor:#003e73;\n}\n<\/style>\n<div  class='togglecontainer av-mgmj5ssg-a69ddfff5415e5c084acc57a3a44428d av-minimal-toggle  avia-builder-el-11  el_after_av_one_third  avia-builder-el-last  toggle_close_all' >\n<section class='av_toggle_section av-mgmj3arr-2b74d7b6ec8440da9dc8a9e77ff2544e'  itemscope=\"itemscope\" itemtype=\"https:\/\/schema.org\/CreativeWork\" ><div role=\"tablist\" class=\"single_toggle\" data-tags=\"{T\u00fcm\u00fc} \"  ><h6 id='toggle-toggle-id-1' data-fake-id='#toggle-id-1' class='toggler  av-title-above '  itemprop=\"headline\"  role='tab' tabindex='0' aria-controls='toggle-id-1' data-slide-speed=\"200\" data-title=\"KULLANIM ALANLARI\" data-title-open=\"\" data-aria_collapsed=\"Click to expand: KULLANIM ALANLARI\" data-aria_expanded=\"Click to collapse: KULLANIM ALANLARI\">KULLANIM ALANLARI<span class=\"toggle_icon\"><span class=\"vert_icon\"><\/span><span class=\"hor_icon\"><\/span><\/span><\/h6><div id='toggle-id-1' aria-labelledby='toggle-toggle-id-1' role='region' class='toggle_wrap  av-title-above'  ><div class='toggle_content invers-color '  itemprop=\"text\" ><p><strong>MegaKarbon Wrap 300 K918<\/strong>, betonarme kiri\u015flerin e\u011filme ve kesmeye, betonarme d\u00f6\u015femelerin ise e\u011filmeye kar\u015f\u0131 g\u00fc\u00e7lendirilerek y\u00fck ta\u015f\u0131ma kapasitelerinin art\u0131r\u0131lmas\u0131nda, betonarme kolonlar\u0131n sar\u0131larak kesme ve bas\u0131n\u00e7 dayan\u0131mlar\u0131 ile s\u00fcnekliklerinin art\u0131r\u0131lmas\u0131nda, ah\u015fap kiri\u015flerin e\u011filmeye kar\u015f\u0131 g\u00fc\u00e7lendirilmesinde, kargir (y\u0131\u011fma) yap\u0131lar\u0131n g\u00fc\u00e7lendirilmesinde, yerinde d\u00f6k\u00fcm ve prekast betonarme ve \u00f6ngerilmeli beton elemanlar\u0131n g\u00fc\u00e7lendirilerek y\u00fck ta\u015f\u0131ma kapasitelerinin art\u0131r\u0131lmas\u0131nda kullan\u0131l\u0131r. Yap\u0131n\u0131n \u00e7e\u015fitli d\u0131\u015f etkenler (deprem, ara\u00e7 \u00e7arpmas\u0131 vs.) nedeniyle yap\u0131sal olarak zarar g\u00f6rmesi sonucunda, servis \u00f6mr\u00fcn\u00fc art\u0131rmak amac\u0131yla kullan\u0131l\u0131r.<\/p>\n<\/div><\/div><\/div><\/section>\n<section class='av_toggle_section av-mgmj4c8y-9c2ef04a3994d5810e60d7552457b869'  itemscope=\"itemscope\" itemtype=\"https:\/\/schema.org\/CreativeWork\" ><div role=\"tablist\" class=\"single_toggle\" data-tags=\"{T\u00fcm\u00fc} \"  ><h6 id='toggle-toggle-id-2' data-fake-id='#toggle-id-2' class='toggler  av-title-above '  itemprop=\"headline\"  role='tab' tabindex='0' aria-controls='toggle-id-2' data-slide-speed=\"200\" data-title=\"PERFORMANS B\u0130LG\u0130LER\u0130\" data-title-open=\"\" data-aria_collapsed=\"Click to expand: PERFORMANS B\u0130LG\u0130LER\u0130\" data-aria_expanded=\"Click to collapse: PERFORMANS B\u0130LG\u0130LER\u0130\">PERFORMANS B\u0130LG\u0130LER\u0130<span class=\"toggle_icon\"><span class=\"vert_icon\"><\/span><span class=\"hor_icon\"><\/span><\/span><\/h6><div id='toggle-id-2' aria-labelledby='toggle-toggle-id-2' role='region' class='toggle_wrap  av-title-above'  ><div class='toggle_content invers-color '  itemprop=\"text\" ><table width=\"497\">\n<tbody>\n<tr>\n<td width=\"242\"><strong>T\u0130P<\/strong><\/td>\n<td width=\"255\"><strong>MegaKarbon Wrap 300 K918<\/strong><\/td>\n<\/tr>\n<tr>\n<td width=\"242\"><strong>Geni\u015flik (mm)<\/strong><\/td>\n<td width=\"255\"><strong>500<\/strong><\/td>\n<\/tr>\n<tr>\n<td width=\"242\"><strong>\u00c7ekme Dayan\u0131m\u0131 (Mpa)<\/strong><\/td>\n<td width=\"255\"><strong>4000-5000**<\/strong><\/td>\n<\/tr>\n<tr>\n<td width=\"242\"><strong>Elastisite Mod\u00fcl\u00fc (Mpa)<\/strong><\/td>\n<td width=\"255\"><strong>&gt;235**<\/strong><\/td>\n<\/tr>\n<tr>\n<td width=\"242\"><strong>Kopma Uzama (%)<\/strong><\/td>\n<td width=\"255\"><strong>~2**<\/strong><\/td>\n<\/tr>\n<tr>\n<td width=\"242\"><strong>Alansal A\u011f\u0131rl\u0131k (g\/m<sup>2<\/sup>)<\/strong><\/td>\n<td width=\"255\"><strong>300<\/strong><\/td>\n<\/tr>\n<tr>\n<td width=\"242\"><strong>Birim Geni\u015flikteki Rijitlik* (kN\/mm)<\/strong><\/td>\n<td width=\"255\"><strong>40<\/strong><\/td>\n<\/tr>\n<tr>\n<td width=\"242\"><strong>Kuma\u015f Nominal Kal\u0131nl\u0131k (mm<sup>2<\/sup>\/mm)<\/strong><\/td>\n<td width=\"255\"><strong>0.168<\/strong><\/td>\n<\/tr>\n<\/tbody>\n<\/table>\n<table width=\"497\">\n<tbody>\n<tr>\n<td width=\"497\">* Karbon kompozit sistem i\u00e7in katman ba\u015f\u0131na d\u00fc\u015fen de\u011fer.<\/td>\n<\/tr>\n<tr>\n<td width=\"497\">** \u00dcr\u00fcn performans\u0131 hammaddeye g\u00f6re de\u011fi\u015fkenlik g\u00f6stermektedir.<\/td>\n<\/tr>\n<\/tbody>\n<\/table>\n<p>Bu de\u011ferler laboratuvar \u015fartlar\u0131nda; 23 \u00b1 2\u00b0C ve %50 \u00b1 5 ba\u011f\u0131l nem ortam\u0131nda yap\u0131lan deneyler sonucunda elde edilmi\u015ftir. Tabloda verilen de\u011ferler y\u00fczey ve ortam ko\u015fullar\u0131na g\u00f6re farkl\u0131l\u0131k g\u00f6sterebilir.<\/p>\n<\/div><\/div><\/div><\/section>\n<\/div><\/p>\n","protected":false},"excerpt":{"rendered":"","protected":false},"featured_media":5112,"comment_status":"closed","ping_status":"closed","template":"","meta":{"_acf_changed":false},"product_brand":[],"product_cat":[65],"product_tag":[],"class_list":{"0":"post-5111","1":"product","2":"type-product","3":"status-publish","4":"has-post-thumbnail","6":"product_cat-katkilar_ve_yardimci_malzemeler","8":"first","9":"instock","10":"shipping-taxable","11":"product-type-simple"},"acf":[],"_links":{"self":[{"href":"https:\/\/www.kyk.com.tr\/index.php?rest_route=\/wp\/v2\/product\/5111","targetHints":{"allow":["GET"]}}],"collection":[{"href":"https:\/\/www.kyk.com.tr\/index.php?rest_route=\/wp\/v2\/product"}],"about":[{"href":"https:\/\/www.kyk.com.tr\/index.php?rest_route=\/wp\/v2\/types\/product"}],"replies":[{"embeddable":true,"href":"https:\/\/www.kyk.com.tr\/index.php?rest_route=%2Fwp%2Fv2%2Fcomments&post=5111"}],"wp:featuredmedia":[{"embeddable":true,"href":"https:\/\/www.kyk.com.tr\/index.php?rest_route=\/wp\/v2\/media\/5112"}],"wp:attachment":[{"href":"https:\/\/www.kyk.com.tr\/index.php?rest_route=%2Fwp%2Fv2%2Fmedia&parent=5111"}],"wp:term":[{"taxonomy":"product_brand","embeddable":true,"href":"https:\/\/www.kyk.com.tr\/index.php?rest_route=%2Fwp%2Fv2%2Fproduct_brand&post=5111"},{"taxonomy":"product_cat","embeddable":true,"href":"https:\/\/www.kyk.com.tr\/index.php?rest_route=%2Fwp%2Fv2%2Fproduct_cat&post=5111"},{"taxonomy":"product_tag","embeddable":true,"href":"https:\/\/www.kyk.com.tr\/index.php?rest_route=%2Fwp%2Fv2%2Fproduct_tag&post=5111"}],"curies":[{"name":"wp","href":"https:\/\/api.w.org\/{rel}","templated":true}]}}