{"id":5116,"date":"2025-05-11T13:48:59","date_gmt":"2025-05-11T13:48:59","guid":{"rendered":"https:\/\/www.kyk.center\/?post_type=product&#038;p=5116"},"modified":"2026-04-28T14:30:08","modified_gmt":"2026-04-28T14:30:08","slug":"megakarbon-plate-k919","status":"publish","type":"product","link":"https:\/\/www.kyk.com.tr\/?product=megakarbon-plate-k919","title":{"rendered":"MegaKarbon Plate K919"},"content":{"rendered":"<div  class='flex_column av-78z1jg-8f11a5275bc48f3be40c2c823b89c88f av_one_third  avia-builder-el-0  el_before_av_one_half  avia-builder-el-first  first flex_column_div  '     ><style type=\"text\/css\" data-created_by=\"avia_inline_auto\" id=\"style-css-av-mgmj7rrr-8cf720ae7080ae0fb72f3f3bdabe087d\">\n.avia-image-container.av-mgmj7rrr-8cf720ae7080ae0fb72f3f3bdabe087d img.avia_image{\nbox-shadow:none;\n}\n.avia-image-container.av-mgmj7rrr-8cf720ae7080ae0fb72f3f3bdabe087d .av-image-caption-overlay-center{\ncolor:#ffffff;\n}\n<\/style>\n<div  class='avia-image-container av-mgmj7rrr-8cf720ae7080ae0fb72f3f3bdabe087d av-styling- avia-align-center  avia-builder-el-1  avia-builder-el-no-sibling '   itemprop=\"image\" itemscope=\"itemscope\" itemtype=\"https:\/\/schema.org\/ImageObject\" ><div class=\"avia-image-container-inner\"><div class=\"avia-image-overlay-wrap\"><img decoding=\"async\" fetchpriority=\"high\" class='wp-image-5117 avia-img-lazy-loading-not-5117 avia_image ' src=\"https:\/\/www.kyk.com.tr\/wp-content\/uploads\/2025\/05\/k919.png\" alt='' title='MegaKarbon Plate K919'  height=\"320\" width=\"320\"  itemprop=\"thumbnailUrl\" srcset=\"https:\/\/www.kyk.com.tr\/wp-content\/uploads\/2025\/05\/k919.png 320w, https:\/\/www.kyk.com.tr\/wp-content\/uploads\/2025\/05\/k919-300x300.png 300w, https:\/\/www.kyk.com.tr\/wp-content\/uploads\/2025\/05\/k919-100x100.png 100w, https:\/\/www.kyk.com.tr\/wp-content\/uploads\/2025\/05\/k919-80x80.png 80w, https:\/\/www.kyk.com.tr\/wp-content\/uploads\/2025\/05\/k919-36x36.png 36w, https:\/\/www.kyk.com.tr\/wp-content\/uploads\/2025\/05\/k919-180x180.png 180w, https:\/\/www.kyk.com.tr\/wp-content\/uploads\/2025\/05\/k919-120x120.png 120w, https:\/\/www.kyk.com.tr\/wp-content\/uploads\/2025\/05\/k919-96x96.png 96w\" sizes=\"(max-width: 320px) 100vw, 320px\" \/><\/div><\/div><\/div><\/div>\n<div  class='flex_column av-5o32os-ed4f5178c37f62a9b7d469f592d59872 av_one_half  avia-builder-el-2  el_after_av_one_third  el_before_av_two_third  flex_column_div  '     ><section  class='av_textblock_section av-mgmj7zdj-fff4aa33c881a1d47863d426e6653724 '   itemscope=\"itemscope\" itemtype=\"https:\/\/schema.org\/CreativeWork\" ><div class='avia_textblock'  itemprop=\"text\" ><h1>MegaKarbon Plate K919<\/h1>\n<\/div><\/section><br \/>\n\n<style type=\"text\/css\" data-created_by=\"avia_inline_auto\" id=\"style-css-av-mgmj8al9-4fae9bb4db72d0f60e634dad29894e10\">\n#top .av_textblock_section.av-mgmj8al9-4fae9bb4db72d0f60e634dad29894e10 .avia_textblock{\nfont-size:14px;\n}\n<\/style>\n<section  class='av_textblock_section av-mgmj8al9-4fae9bb4db72d0f60e634dad29894e10 '   itemscope=\"itemscope\" itemtype=\"https:\/\/schema.org\/CreativeWork\" ><div class='avia_textblock'  itemprop=\"text\" ><p><strong>Karbon liflerin polimer esasl\u0131 epoksi re\u00e7ine ile lamine edilmesiyle elde edilen ve y\u00fcksek elastisite mod\u00fcl\u00fcne sahip, tek do\u011frultulu plakad\u0131r.\u00a0<\/strong><\/p>\n<\/div><\/section><\/p><\/div>\n<div  class='flex_column av-3rtq6k-d25041a9c6a5de2f158af5429a9fc135 av_two_third  avia-builder-el-5  el_after_av_one_half  el_before_av_one_third  first flex_column_div  column-top-margin'     ><section  class='av_textblock_section av-mgmj8y5l-2ed3955b4c46600c83f1df30abc2a661 '   itemscope=\"itemscope\" itemtype=\"https:\/\/schema.org\/CreativeWork\" ><div class='avia_textblock'  itemprop=\"text\" ><h4>\u00a0 \u00a0 \u00dcR\u00dcN AVANTAJLARI<\/h4>\n<\/div><\/section><br \/>\n\n<style type=\"text\/css\" data-created_by=\"avia_inline_auto\" id=\"style-css-av-mgmj95nb-940047f04eadd1f36406e19784d62cf4\">\n#top .av_textblock_section.av-mgmj95nb-940047f04eadd1f36406e19784d62cf4 .avia_textblock{\nfont-size:14px;\n}\n<\/style>\n<section  class='av_textblock_section av-mgmj95nb-940047f04eadd1f36406e19784d62cf4 '   itemscope=\"itemscope\" itemtype=\"https:\/\/schema.org\/CreativeWork\" ><div class='avia_textblock'  itemprop=\"text\" ><ul>\n<li>T\u00fcm g\u00fc\u00e7lendirme \u00e7al\u0131\u015fmalar\u0131nda kullan\u0131labilir.<\/li>\n<li>Y\u00fcksek yorulma dayan\u0131m\u0131na sahiptir.<\/li>\n<li>S\u00fcnme de\u011feri d\u00fc\u015f\u00fckt\u00fcr.<\/li>\n<li>D\u00fc\u015f\u00fck yo\u011funlu\u011fu sayesinde uygulanan y\u00fczeye getirdi\u011fi ilave y\u00fck de\u011feri azd\u0131r.<\/li>\n<li>Hafiftir.<\/li>\n<li>Kolay ta\u015f\u0131n\u0131r ve uygulan\u0131r.<\/li>\n<\/ul>\n<\/div><\/section><\/p><\/div>\n<div  class='flex_column av-24ciuk-0d9eb2047b0d4b9f89152f69f6337991 av_one_third  avia-builder-el-8  el_after_av_two_third  el_before_av_toggle_container  flex_column_div  column-top-margin'     ><section  class='av_textblock_section av-mgmj9hqa-63a864dce00e0261e233d434cc3aa9fc '   itemscope=\"itemscope\" itemtype=\"https:\/\/schema.org\/CreativeWork\" ><div class='avia_textblock'  itemprop=\"text\" ><h4>TEKN\u0130K BELGELER<\/h4>\n<\/div><\/section><br \/>\n<section  class='av_textblock_section av-mgmj9nca-b8c3aadb85871f1eb71fee6ae3c58230 '   itemscope=\"itemscope\" itemtype=\"https:\/\/schema.org\/CreativeWork\" ><div class='avia_textblock'  itemprop=\"text\" ><p><a href=\"https:\/\/www.kyk.com.tr\/wp-content\/uploads\/2026\/04\/k919_tds.pdf\" target=\"_blank\" rel=\"noopener\"><img loading=\"lazy\" decoding=\"async\" class=\"alignnone wp-image-8657 size-full\" src=\"https:\/\/www.kyk.com.tr\/wp-content\/uploads\/2025\/10\/TDS_1.jpg\" alt=\"\" width=\"410\" height=\"41\" srcset=\"https:\/\/www.kyk.com.tr\/wp-content\/uploads\/2025\/10\/TDS_1.jpg 410w, https:\/\/www.kyk.com.tr\/wp-content\/uploads\/2025\/10\/TDS_1-300x30.jpg 300w\" sizes=\"auto, (max-width: 410px) 100vw, 410px\" \/><\/a><\/p>\n<\/div><\/section><\/p><\/div>\n<style type=\"text\/css\" data-created_by=\"avia_inline_auto\" id=\"style-css-av-mgmjb9ut-a562ac8b542e9a06fd5d978d22e4bd44\">\n#top .togglecontainer.av-mgmjb9ut-a562ac8b542e9a06fd5d978d22e4bd44 h6.toggler{\ncolor:#003e73;\n}\n#top .togglecontainer.av-mgmjb9ut-a562ac8b542e9a06fd5d978d22e4bd44 h6.toggler .toggle_icon{\ncolor:#003e73;\nborder-color:#003e73;\n}\n#top .togglecontainer.av-mgmjb9ut-a562ac8b542e9a06fd5d978d22e4bd44 h6.toggler .toggle_icon > span{\ncolor:#003e73;\nborder-color:#003e73;\n}\n#top .togglecontainer.av-mgmjb9ut-a562ac8b542e9a06fd5d978d22e4bd44 .toggle_wrap .toggle_content{\nfont-size:14px;\ncolor:#003e73;\n}\n<\/style>\n<div  class='togglecontainer av-mgmjb9ut-a562ac8b542e9a06fd5d978d22e4bd44 av-minimal-toggle  avia-builder-el-11  el_after_av_one_third  avia-builder-el-last  toggle_close_all' >\n<section class='av_toggle_section av-mgmja7v5-d786cd1929b9f54fea966d0955a826a8'  itemscope=\"itemscope\" itemtype=\"https:\/\/schema.org\/CreativeWork\" ><div role=\"tablist\" class=\"single_toggle\" data-tags=\"{T\u00fcm\u00fc} \"  ><h6 id='toggle-toggle-id-1' data-fake-id='#toggle-id-1' class='toggler  av-title-above '  itemprop=\"headline\"  role='tab' tabindex='0' aria-controls='toggle-id-1' data-slide-speed=\"200\" data-title=\"KULLANIM ALANLARI\" data-title-open=\"\" data-aria_collapsed=\"Click to expand: KULLANIM ALANLARI\" data-aria_expanded=\"Click to collapse: KULLANIM ALANLARI\">KULLANIM ALANLARI<span class=\"toggle_icon\"><span class=\"vert_icon\"><\/span><span class=\"hor_icon\"><\/span><\/span><\/h6><div id='toggle-id-1' aria-labelledby='toggle-toggle-id-1' role='region' class='toggle_wrap  av-title-above'  ><div class='toggle_content invers-color '  itemprop=\"text\" ><p><strong>MegaKarbon Plate K919<\/strong>; betonarme kiri\u015f ve d\u00f6\u015femelerin e\u011filmeye kar\u015f\u0131 g\u00fc\u00e7lendirilerek y\u00fck ta\u015f\u0131ma kapasitelerinin artt\u0131r\u0131lmas\u0131nda ve g\u00fc\u00e7lendirilmesinde kullan\u0131l\u0131r. Yap\u0131n\u0131n \u00e7e\u015fitli d\u0131\u015f etkenler (deprem, ara\u00e7 \u00e7arpmas\u0131 vs.) nedeniyle yap\u0131sal olarak zarar g\u00f6rmesi sonucunda g\u00fc\u00e7lendirilerek, servis \u00f6mr\u00fcn\u00fc art\u0131rmak amac\u0131yla kullan\u0131l\u0131r. MegaKarbon Plate K919 \u00fcr\u00fcn\u00fcn\u00fcn, uygulanacak y\u00fczeylere yap\u0131\u015ft\u0131r\u0131lmas\u0131 i\u00e7in \u00f6zel olarak geli\u015ftirilen MegaPro Epo Y502 \u00fcr\u00fcn\u00fc ile kullan\u0131lmas\u0131 gerekmektedir.<\/p>\n<\/div><\/div><\/div><\/section>\n<section class='av_toggle_section av-mgmjaohu-daf23c21324c84783999cb735485078a'  itemscope=\"itemscope\" itemtype=\"https:\/\/schema.org\/CreativeWork\" ><div role=\"tablist\" class=\"single_toggle\" data-tags=\"{T\u00fcm\u00fc} \"  ><h6 id='toggle-toggle-id-2' data-fake-id='#toggle-id-2' class='toggler  av-title-above '  itemprop=\"headline\"  role='tab' tabindex='0' aria-controls='toggle-id-2' data-slide-speed=\"200\" data-title=\"PERFORMANS B\u0130LG\u0130LER\u0130\" data-title-open=\"\" data-aria_collapsed=\"Click to expand: PERFORMANS B\u0130LG\u0130LER\u0130\" data-aria_expanded=\"Click to collapse: PERFORMANS B\u0130LG\u0130LER\u0130\">PERFORMANS B\u0130LG\u0130LER\u0130<span class=\"toggle_icon\"><span class=\"vert_icon\"><\/span><span class=\"hor_icon\"><\/span><\/span><\/h6><div id='toggle-id-2' aria-labelledby='toggle-toggle-id-2' role='region' class='toggle_wrap  av-title-above'  ><div class='toggle_content invers-color '  itemprop=\"text\" ><table width=\"497\">\n<tbody>\n<tr>\n<td width=\"242\"><strong>T\u0130P<\/strong><\/td>\n<td width=\"255\"><strong>MegaKarbon Plate K919<\/strong><\/td>\n<\/tr>\n<tr>\n<td width=\"242\"><strong>Geni\u015flik (mm)<\/strong><\/td>\n<td width=\"255\"><strong>100<\/strong><\/td>\n<\/tr>\n<tr>\n<td width=\"242\"><strong>Kesit Kal\u0131nl\u0131\u011f\u0131 (mm)<\/strong><\/td>\n<td width=\"255\"><strong>1,2<\/strong><\/td>\n<\/tr>\n<tr>\n<td width=\"242\"><strong>\u00c7ekme Dayan\u0131m\u0131 (Mpa)<\/strong><\/td>\n<td width=\"255\"><strong>&gt;2800<\/strong><\/td>\n<\/tr>\n<tr>\n<td width=\"242\"><strong>Elastisite Mod\u00fcl\u00fc (GPa)<\/strong><\/td>\n<td width=\"255\"><strong>\u2265175<\/strong><\/td>\n<\/tr>\n<tr>\n<td width=\"242\"><strong>Kopma Uzama (%)<\/strong><\/td>\n<td width=\"255\"><strong>&gt;2,5<\/strong><\/td>\n<\/tr>\n<\/tbody>\n<\/table>\n<p>Bu de\u011ferler laboratuvar \u015fartlar\u0131nda; 23 \u00b1 2\u00b0C ve %50 \u00b1 5 ba\u011f\u0131l nem ortam\u0131nda yap\u0131lan deneyler sonucunda elde edilmi\u015ftir. Tabloda verilen de\u011ferler y\u00fczey ve ortam ko\u015fullar\u0131na g\u00f6re farkl\u0131l\u0131k g\u00f6sterebilir.<\/p>\n<\/div><\/div><\/div><\/section>\n<\/div><\/p>\n","protected":false},"excerpt":{"rendered":"","protected":false},"featured_media":5117,"comment_status":"closed","ping_status":"closed","template":"","meta":{"_acf_changed":false},"product_brand":[],"product_cat":[65],"product_tag":[],"class_list":{"0":"post-5116","1":"product","2":"type-product","3":"status-publish","4":"has-post-thumbnail","6":"product_cat-katkilar_ve_yardimci_malzemeler","8":"first","9":"instock","10":"shipping-taxable","11":"product-type-simple"},"acf":[],"_links":{"self":[{"href":"https:\/\/www.kyk.com.tr\/index.php?rest_route=\/wp\/v2\/product\/5116","targetHints":{"allow":["GET"]}}],"collection":[{"href":"https:\/\/www.kyk.com.tr\/index.php?rest_route=\/wp\/v2\/product"}],"about":[{"href":"https:\/\/www.kyk.com.tr\/index.php?rest_route=\/wp\/v2\/types\/product"}],"replies":[{"embeddable":true,"href":"https:\/\/www.kyk.com.tr\/index.php?rest_route=%2Fwp%2Fv2%2Fcomments&post=5116"}],"wp:featuredmedia":[{"embeddable":true,"href":"https:\/\/www.kyk.com.tr\/index.php?rest_route=\/wp\/v2\/media\/5117"}],"wp:attachment":[{"href":"https:\/\/www.kyk.com.tr\/index.php?rest_route=%2Fwp%2Fv2%2Fmedia&parent=5116"}],"wp:term":[{"taxonomy":"product_brand","embeddable":true,"href":"https:\/\/www.kyk.com.tr\/index.php?rest_route=%2Fwp%2Fv2%2Fproduct_brand&post=5116"},{"taxonomy":"product_cat","embeddable":true,"href":"https:\/\/www.kyk.com.tr\/index.php?rest_route=%2Fwp%2Fv2%2Fproduct_cat&post=5116"},{"taxonomy":"product_tag","embeddable":true,"href":"https:\/\/www.kyk.com.tr\/index.php?rest_route=%2Fwp%2Fv2%2Fproduct_tag&post=5116"}],"curies":[{"name":"wp","href":"https:\/\/api.w.org\/{rel}","templated":true}]}}