{"id":7058,"date":"2025-09-09T11:11:24","date_gmt":"2025-09-09T11:11:24","guid":{"rendered":"https:\/\/www.kyk.center\/?post_type=product&#038;p=7058"},"modified":"2026-04-28T14:23:08","modified_gmt":"2026-04-28T14:23:08","slug":"silis-kumu-k907","status":"publish","type":"product","link":"https:\/\/www.kyk.com.tr\/?product=silis-kumu-k907","title":{"rendered":"Silis Kumu K907"},"content":{"rendered":"<div  class='flex_column av-7gypz6-07268666a27fce65a7df1792a27e5e3b av_one_third  avia-builder-el-0  el_before_av_one_half  avia-builder-el-first  first flex_column_div  '     ><style type=\"text\/css\" data-created_by=\"avia_inline_auto\" id=\"style-css-av-mgmjd863-6982b46ae126683615edc646d08b97a9\">\n.avia-image-container.av-mgmjd863-6982b46ae126683615edc646d08b97a9 img.avia_image{\nbox-shadow:none;\n}\n.avia-image-container.av-mgmjd863-6982b46ae126683615edc646d08b97a9 .av-image-caption-overlay-center{\ncolor:#ffffff;\n}\n<\/style>\n<div  class='avia-image-container av-mgmjd863-6982b46ae126683615edc646d08b97a9 av-styling- avia-align-center  avia-builder-el-1  avia-builder-el-no-sibling '   itemprop=\"image\" itemscope=\"itemscope\" itemtype=\"https:\/\/schema.org\/ImageObject\" ><div class=\"avia-image-container-inner\"><div class=\"avia-image-overlay-wrap\"><img decoding=\"async\" fetchpriority=\"high\" class='wp-image-7059 avia-img-lazy-loading-not-7059 avia_image ' src=\"https:\/\/www.kyk.com.tr\/wp-content\/uploads\/2025\/09\/k907.png\" alt='' title='k907'  height=\"320\" width=\"320\"  itemprop=\"thumbnailUrl\" srcset=\"https:\/\/www.kyk.com.tr\/wp-content\/uploads\/2025\/09\/k907.png 320w, https:\/\/www.kyk.com.tr\/wp-content\/uploads\/2025\/09\/k907-300x300.png 300w, https:\/\/www.kyk.com.tr\/wp-content\/uploads\/2025\/09\/k907-80x80.png 80w, https:\/\/www.kyk.com.tr\/wp-content\/uploads\/2025\/09\/k907-36x36.png 36w, https:\/\/www.kyk.com.tr\/wp-content\/uploads\/2025\/09\/k907-180x180.png 180w, https:\/\/www.kyk.com.tr\/wp-content\/uploads\/2025\/09\/k907-120x120.png 120w, https:\/\/www.kyk.com.tr\/wp-content\/uploads\/2025\/09\/k907-100x100.png 100w, https:\/\/www.kyk.com.tr\/wp-content\/uploads\/2025\/09\/k907-96x96.png 96w\" sizes=\"(max-width: 320px) 100vw, 320px\" \/><\/div><\/div><\/div><\/div>\n<div  class='flex_column av-5wr6r6-189c74625d07cc014f5a441ceaf257f4 av_one_half  avia-builder-el-2  el_after_av_one_third  el_before_av_two_third  flex_column_div  '     ><section  class='av_textblock_section av-mgmjdg3d-525ebd9888ed214809528c8f4396d55a '   itemscope=\"itemscope\" itemtype=\"https:\/\/schema.org\/CreativeWork\" ><div class='avia_textblock'  itemprop=\"text\" ><h1>Silis Kumu K907<\/h1>\n<\/div><\/section><br \/>\n\n<style type=\"text\/css\" data-created_by=\"avia_inline_auto\" id=\"style-css-av-mgmjdth2-0a1368f0d8c7bab2640050df94a2f1d2\">\n#top .av_textblock_section.av-mgmjdth2-0a1368f0d8c7bab2640050df94a2f1d2 .avia_textblock{\nfont-size:14px;\n}\n<\/style>\n<section  class='av_textblock_section av-mgmjdth2-0a1368f0d8c7bab2640050df94a2f1d2 '   itemscope=\"itemscope\" itemtype=\"https:\/\/schema.org\/CreativeWork\" ><div class='avia_textblock'  itemprop=\"text\" ><p><strong>Y\u00fczey p\u00fcr\u00fcz\u00fcn\u00fc art\u0131r\u0131c\u0131 mineral dolgu malzemesi<\/strong><\/p>\n<\/div><\/section><\/p><\/div>\n<div  class='flex_column av-4impc2-84af5390d2e5969eef674325bbe540c1 av_two_third  avia-builder-el-5  el_after_av_one_half  el_before_av_one_third  first flex_column_div  column-top-margin'     ><style type=\"text\/css\" data-created_by=\"avia_inline_auto\" id=\"style-css-av-mgmjhfzu-8c6384bb6a255d1f7e861672559da6f6\">\n#top .togglecontainer.av-mgmjhfzu-8c6384bb6a255d1f7e861672559da6f6 h6.toggler{\nfont-size:17px;\ncolor:#003e73;\n}\n#top .togglecontainer.av-mgmjhfzu-8c6384bb6a255d1f7e861672559da6f6 h6.toggler .toggle_icon{\ncolor:#003e73;\nborder-color:#003e73;\n}\n#top .togglecontainer.av-mgmjhfzu-8c6384bb6a255d1f7e861672559da6f6 h6.toggler .toggle_icon > span{\ncolor:#003e73;\nborder-color:#003e73;\n}\n#top .togglecontainer.av-mgmjhfzu-8c6384bb6a255d1f7e861672559da6f6 .toggle_wrap .toggle_content{\nfont-size:14px;\ncolor:#003e73;\n}\n<\/style>\n<div  class='togglecontainer av-mgmjhfzu-8c6384bb6a255d1f7e861672559da6f6 av-minimal-toggle  avia-builder-el-6  avia-builder-el-no-sibling  toggle_close_all' >\n<section class='av_toggle_section av-mgmjgfv5-84ee425f3b0a0ac1045829dcc23dfc6d'  itemscope=\"itemscope\" itemtype=\"https:\/\/schema.org\/CreativeWork\" ><div role=\"tablist\" class=\"single_toggle\" data-tags=\"{T\u00fcm\u00fc} \"  ><h6 id='toggle-toggle-id-1' data-fake-id='#toggle-id-1' class='toggler  av-title-above '  itemprop=\"headline\"  role='tab' tabindex='0' aria-controls='toggle-id-1' data-slide-speed=\"200\" data-title=\"KULLANIM ALANLARI\" data-title-open=\"\" data-aria_collapsed=\"Click to expand: KULLANIM ALANLARI\" data-aria_expanded=\"Click to collapse: KULLANIM ALANLARI\">KULLANIM ALANLARI<span class=\"toggle_icon\"><span class=\"vert_icon\"><\/span><span class=\"hor_icon\"><\/span><\/span><\/h6><div id='toggle-id-1' aria-labelledby='toggle-toggle-id-1' role='region' class='toggle_wrap  av-title-above'  ><div class='toggle_content invers-color '  itemprop=\"text\" ><p><strong>Silis Kumu K907<\/strong> y\u00fczey p\u00fcr\u00fcz\u00fcn\u00fc ve aderans\u0131 art\u0131rmak amac\u0131yla kullan\u0131l\u0131r.<\/p>\n<\/div><\/div><\/div><\/section>\n<\/div><\/div>\n<div  class='flex_column av-356842-4a150032bd7e93e38d2753d53b188360 av_one_third  avia-builder-el-7  el_after_av_two_third  avia-builder-el-last  flex_column_div  column-top-margin'     ><section  class='av_textblock_section av-mgmjfjs1-cb079c1c6d3e176bbc7de4969da45b7e '   itemscope=\"itemscope\" itemtype=\"https:\/\/schema.org\/CreativeWork\" ><div class='avia_textblock'  itemprop=\"text\" ><h4>TEKN\u0130K BELGELER<\/h4>\n<\/div><\/section><br \/>\n<section  class='av_textblock_section av-mgmjfq35-64c749db997a70090d6efdf74efb34ee '   itemscope=\"itemscope\" itemtype=\"https:\/\/schema.org\/CreativeWork\" ><div class='avia_textblock'  itemprop=\"text\" ><p><a href=\"https:\/\/www.kyk.com.tr\/wp-content\/uploads\/2026\/04\/k907_tds.pdf\" target=\"_blank\" rel=\"noopener\"><img loading=\"lazy\" decoding=\"async\" class=\"alignnone wp-image-8657 size-full\" src=\"https:\/\/www.kyk.com.tr\/wp-content\/uploads\/2025\/10\/TDS_1.jpg\" alt=\"\" width=\"410\" height=\"41\" srcset=\"https:\/\/www.kyk.com.tr\/wp-content\/uploads\/2025\/10\/TDS_1.jpg 410w, https:\/\/www.kyk.com.tr\/wp-content\/uploads\/2025\/10\/TDS_1-300x30.jpg 300w\" sizes=\"auto, (max-width: 410px) 100vw, 410px\" \/><\/a><\/p>\n<\/div><\/section><\/p><\/div>\n","protected":false},"excerpt":{"rendered":"","protected":false},"featured_media":7059,"comment_status":"closed","ping_status":"closed","template":"","meta":{"_acf_changed":false},"product_brand":[],"product_cat":[65],"product_tag":[],"class_list":{"0":"post-7058","1":"product","2":"type-product","3":"status-publish","4":"has-post-thumbnail","6":"product_cat-katkilar_ve_yardimci_malzemeler","8":"first","9":"instock","10":"shipping-taxable","11":"product-type-simple"},"acf":[],"_links":{"self":[{"href":"https:\/\/www.kyk.com.tr\/index.php?rest_route=\/wp\/v2\/product\/7058","targetHints":{"allow":["GET"]}}],"collection":[{"href":"https:\/\/www.kyk.com.tr\/index.php?rest_route=\/wp\/v2\/product"}],"about":[{"href":"https:\/\/www.kyk.com.tr\/index.php?rest_route=\/wp\/v2\/types\/product"}],"replies":[{"embeddable":true,"href":"https:\/\/www.kyk.com.tr\/index.php?rest_route=%2Fwp%2Fv2%2Fcomments&post=7058"}],"wp:featuredmedia":[{"embeddable":true,"href":"https:\/\/www.kyk.com.tr\/index.php?rest_route=\/wp\/v2\/media\/7059"}],"wp:attachment":[{"href":"https:\/\/www.kyk.com.tr\/index.php?rest_route=%2Fwp%2Fv2%2Fmedia&parent=7058"}],"wp:term":[{"taxonomy":"product_brand","embeddable":true,"href":"https:\/\/www.kyk.com.tr\/index.php?rest_route=%2Fwp%2Fv2%2Fproduct_brand&post=7058"},{"taxonomy":"product_cat","embeddable":true,"href":"https:\/\/www.kyk.com.tr\/index.php?rest_route=%2Fwp%2Fv2%2Fproduct_cat&post=7058"},{"taxonomy":"product_tag","embeddable":true,"href":"https:\/\/www.kyk.com.tr\/index.php?rest_route=%2Fwp%2Fv2%2Fproduct_tag&post=7058"}],"curies":[{"name":"wp","href":"https:\/\/api.w.org\/{rel}","templated":true}]}}